{"id":23286,"date":"2026-03-02T11:53:51","date_gmt":"2026-03-02T09:53:51","guid":{"rendered":"https:\/\/skaitytaknyga.lt\/?post_type=product&#038;p=23286"},"modified":"2026-03-18T14:45:12","modified_gmt":"2026-03-18T12:45:12","slug":"visa-tiesa-apie-joga","status":"publish","type":"product","link":"https:\/\/skaitytaknyga.lt\/en\/produktas\/visa-tiesa-apie-joga\/","title":{"rendered":"Visa tiesa apie jog\u0105"},"content":{"rendered":"<p>K\u0105 suteikia joga? Kai kuri\u0173 manymu, visk\u0105, ko gali nor\u0117ti \u0161i\u0173 laik\u0173 \u017emogus: sveikat\u0105, patraukli\u0105 i\u0161vaizd\u0105, ger\u0105 fizin\u0119 form\u0105, ram\u0173 mieg\u0105, ilgaam\u017ei\u0161kum\u0105, j\u0117g\u0105, geid\u017eiam\u0105 k\u016bno svor\u012f, laim\u0119, meil\u0119, \u017einias, seksualin\u012f pasitenkinim\u0105, asmenin\u012f tobul\u0117jim\u0105 ir ai\u0161kesn\u012f suvokim\u0105, k\u0105 rei\u0161kia b\u016bti \u017emogumi (jau nekalbant apie nu\u0161vitim\u0105!). Kadaise buvusi ezoterinis ma\u017eumos u\u017esi\u0117mimas, dabar joga visame pasaulyje tapo visuotine manija, ramyb\u0117s simboliu &#8211; ypa\u010d \u012fsitempusiems miestie\u010diams. Joga yra viena spar\u010diausiai augan\u010di\u0173 sveikatingumo bei k\u016bno mank\u0161tos form\u0173.<\/p>\n<p>Jogos sveikatos organizacijos duomenimis, visame pasaulyje \u0161iuo metu yra daugiau nei du \u0161imtai penkiasde\u0161imt milijon\u0173 jog\u0105 praktikuojan\u010di\u0173 asmen\u0173. Vakar\u0173 kult\u016broje joga, kaip ir daugelis dalyk\u0173, at\u0117jusi\u0173 i\u0161 Ryt\u0173, arba sta\u010diai garbinama, arba kategori\u0161kai atmetama neatsi\u017evelgiant \u012f jokius argumentus. Kur slypi tiesa?<\/p>\n","protected":false},"excerpt":{"rendered":"<p>K\u0105 suteikia joga? Kai kuri\u0173 manymu, visk\u0105, ko gali nor\u0117ti \u0161i\u0173 laik\u0173 \u017emogus: sveikat\u0105, patraukli\u0105 i\u0161vaizd\u0105, ger\u0105 fizin\u0119 form\u0105, ram\u0173 mieg\u0105, ilgaam\u017ei\u0161kum\u0105, j\u0117g\u0105, geid\u017eiam\u0105 k\u016bno svor\u012f, laim\u0119, meil\u0119, \u017einias, seksualin\u012f pasitenkinim\u0105, asmenin\u012f tobul\u0117jim\u0105 ir ai\u0161kesn\u012f suvokim\u0105, k\u0105 rei\u0161kia b\u016bti \u017emogumi (jau nekalbant apie nu\u0161vitim\u0105!). Kadaise buvusi ezoterinis ma\u017eumos u\u017esi\u0117mimas, dabar joga visame pasaulyje tapo visuotine manija, ramyb\u0117s simboliu &#8211; ypa\u010d \u012fsitempusiems miestie\u010diams. Joga yra viena spar\u010diausiai augan\u010di\u0173 sveikatingumo bei k\u016bno mank\u0161tos form\u0173. Jogos sveikatos organizacijos duomenimis, visame pasaulyje \u0161iuo metu yra daugiau nei du \u0161imtai penkiasde\u0161imt milijon\u0173 jog\u0105 praktikuojan\u010di\u0173 asmen\u0173. Vakar\u0173 kult\u016broje joga, kaip ir daugelis dalyk\u0173, at\u0117jusi\u0173 i\u0161 Ryt\u0173, arba sta\u010diai garbinama, arba kategori\u0161kai atmetama neatsi\u017evelgiant \u012f jokius argumentus. Kur slypi tiesa?<\/p>\n","protected":false},"featured_media":23291,"comment_status":"open","ping_status":"closed","template":"","meta":{"_acf_changed":false,"site-sidebar-layout":"default","site-content-layout":"","ast-site-content-layout":"default","site-content-style":"default","site-sidebar-style":"default","ast-global-header-display":"","ast-banner-title-visibility":"","ast-main-header-display":"","ast-hfb-above-header-display":"","ast-hfb-below-header-display":"","ast-hfb-mobile-header-display":"","site-post-title":"","ast-breadcrumbs-content":"","ast-featured-img":"","footer-sml-layout":"","ast-disable-related-posts":"","theme-transparent-header-meta":"","adv-header-id-meta":"","stick-header-meta":"","header-above-stick-meta":"","header-main-stick-meta":"","header-below-stick-meta":"","astra-migrate-meta-layouts":"default","ast-page-background-enabled":"default","ast-page-background-meta":{"desktop":{"background-color":"","background-image":"","background-repeat":"repeat","background-position":"center center","background-size":"auto","background-attachment":"scroll","background-type":"","background-media":"","overlay-type":"","overlay-color":"","overlay-opacity":"","overlay-gradient":""},"tablet":{"background-color":"","background-image":"","background-repeat":"repeat","background-position":"center center","background-size":"auto","background-attachment":"scroll","background-type":"","background-media":"","overlay-type":"","overlay-color":"","overlay-opacity":"","overlay-gradient":""},"mobile":{"background-color":"","background-image":"","background-repeat":"repeat","background-position":"center center","background-size":"auto","background-attachment":"scroll","background-type":"","background-media":"","overlay-type":"","overlay-color":"","overlay-opacity":"","overlay-gradient":""}},"ast-content-background-meta":{"desktop":{"background-color":"var(--ast-global-color-4)","background-image":"","background-repeat":"repeat","background-position":"center center","background-size":"auto","background-attachment":"scroll","background-type":"","background-media":"","overlay-type":"","overlay-color":"","overlay-opacity":"","overlay-gradient":""},"tablet":{"background-color":"var(--ast-global-color-4)","background-image":"","background-repeat":"repeat","background-position":"center center","background-size":"auto","background-attachment":"scroll","background-type":"","background-media":"","overlay-type":"","overlay-color":"","overlay-opacity":"","overlay-gradient":""},"mobile":{"background-color":"var(--ast-global-color-4)","background-image":"","background-repeat":"repeat","background-position":"center center","background-size":"auto","background-attachment":"scroll","background-type":"","background-media":"","overlay-type":"","overlay-color":"","overlay-opacity":"","overlay-gradient":""}}},"product_brand":[],"product_cat":[9856],"product_tag":[9571],"class_list":{"0":"post-23286","1":"product","2":"type-product","3":"status-publish","4":"has-post-thumbnail","6":"product_cat-fizine-sveikata-sportas","7":"product_tag-william-j-broad","8":"desktop-align-left","9":"tablet-align-left","10":"mobile-align-left","12":"first","13":"instock","14":"shipping-taxable","15":"purchasable","16":"product-type-simple"},"acf":[],"yoast_head":"<!-- This site is optimized with the Yoast SEO plugin v27.0 - https:\/\/yoast.com\/product\/yoast-seo-wordpress\/ -->\n<title>Visa tiesa apie jog\u0105<\/title>\n<meta name=\"description\" content=\"K\u0105 suteikia joga? Kai kuri\u0173 manymu, visk\u0105, ko gali nor\u0117ti \u0161i\u0173 laik\u0173 \u017emogus: sveikat\u0105, patraukli\u0105 i\u0161vaizd\u0105, ger\u0105 fizin\u0119 form\u0105, ram\u0173 mieg\u0105, ilgaam\u017ei\u0161kum\u0105,\" \/>\n<meta name=\"robots\" content=\"index, follow, max-snippet:-1, max-image-preview:large, max-video-preview:-1\" \/>\n<link rel=\"canonical\" href=\"https:\/\/skaitytaknyga.lt\/en\/produktas\/visa-tiesa-apie-joga\/\" \/>\n<meta property=\"og:locale\" content=\"en_GB\" \/>\n<meta property=\"og:locale:alternate\" content=\"lt_LT\" \/>\n<meta property=\"og:type\" content=\"article\" \/>\n<meta property=\"og:title\" content=\"Visa tiesa apie jog\u0105\" \/>\n<meta property=\"og:description\" content=\"K\u0105 suteikia joga? Kai kuri\u0173 manymu, visk\u0105, ko gali nor\u0117ti \u0161i\u0173 laik\u0173 \u017emogus: sveikat\u0105, patraukli\u0105 i\u0161vaizd\u0105, ger\u0105 fizin\u0119 form\u0105, ram\u0173 mieg\u0105, ilgaam\u017ei\u0161kum\u0105,\" \/>\n<meta property=\"og:url\" content=\"https:\/\/skaitytaknyga.lt\/en\/produktas\/visa-tiesa-apie-joga\/\" \/>\n<meta property=\"og:site_name\" content=\"Skaitytaknyga\" \/>\n<meta property=\"article:publisher\" content=\"https:\/\/www.facebook.com\/skaitytaknyga\/\" \/>\n<meta property=\"article:modified_time\" content=\"2026-03-18T12:45:12+00:00\" \/>\n<meta property=\"og:image\" content=\"https:\/\/skaitytaknyga.lt\/wp-content\/uploads\/2026\/03\/Visa-tiesa-apie-joga.jpg\" \/>\n\t<meta property=\"og:image:width\" content=\"309\" \/>\n\t<meta property=\"og:image:height\" content=\"450\" \/>\n\t<meta property=\"og:image:type\" content=\"image\/jpeg\" \/>\n<meta name=\"twitter:card\" content=\"summary_large_image\" \/>\n<meta name=\"twitter:label1\" content=\"Estimated reading time\" \/>\n\t<meta name=\"twitter:data1\" content=\"1 minute\" \/>\n<script type=\"application\/ld+json\" class=\"yoast-schema-graph\">{\"@context\":\"https:\/\/schema.org\",\"@graph\":[{\"@type\":\"WebPage\",\"@id\":\"https:\/\/skaitytaknyga.lt\/produktas\/visa-tiesa-apie-joga\/\",\"url\":\"https:\/\/skaitytaknyga.lt\/produktas\/visa-tiesa-apie-joga\/\",\"name\":\"Visa tiesa apie jog\u0105\",\"isPartOf\":{\"@id\":\"https:\/\/skaitytaknyga.lt\/#website\"},\"primaryImageOfPage\":{\"@id\":\"https:\/\/skaitytaknyga.lt\/produktas\/visa-tiesa-apie-joga\/#primaryimage\"},\"image\":{\"@id\":\"https:\/\/skaitytaknyga.lt\/produktas\/visa-tiesa-apie-joga\/#primaryimage\"},\"thumbnailUrl\":\"https:\/\/skaitytaknyga.lt\/wp-content\/uploads\/2026\/03\/Visa-tiesa-apie-joga.jpg\",\"datePublished\":\"2026-03-02T09:53:51+00:00\",\"dateModified\":\"2026-03-18T12:45:12+00:00\",\"description\":\"K\u0105 suteikia joga? Kai kuri\u0173 manymu, visk\u0105, ko gali nor\u0117ti \u0161i\u0173 laik\u0173 \u017emogus: sveikat\u0105, patraukli\u0105 i\u0161vaizd\u0105, ger\u0105 fizin\u0119 form\u0105, ram\u0173 mieg\u0105, ilgaam\u017ei\u0161kum\u0105,\",\"breadcrumb\":{\"@id\":\"https:\/\/skaitytaknyga.lt\/produktas\/visa-tiesa-apie-joga\/#breadcrumb\"},\"inLanguage\":\"en-GB\",\"potentialAction\":[{\"@type\":\"ReadAction\",\"target\":[\"https:\/\/skaitytaknyga.lt\/produktas\/visa-tiesa-apie-joga\/\"]}]},{\"@type\":\"ImageObject\",\"inLanguage\":\"en-GB\",\"@id\":\"https:\/\/skaitytaknyga.lt\/produktas\/visa-tiesa-apie-joga\/#primaryimage\",\"url\":\"https:\/\/skaitytaknyga.lt\/wp-content\/uploads\/2026\/03\/Visa-tiesa-apie-joga.jpg\",\"contentUrl\":\"https:\/\/skaitytaknyga.lt\/wp-content\/uploads\/2026\/03\/Visa-tiesa-apie-joga.jpg\",\"width\":309,\"height\":450,\"caption\":\"Visa tiesa apie jog\u0105\"},{\"@type\":\"BreadcrumbList\",\"@id\":\"https:\/\/skaitytaknyga.lt\/produktas\/visa-tiesa-apie-joga\/#breadcrumb\",\"itemListElement\":[{\"@type\":\"ListItem\",\"position\":1,\"name\":\"Home\",\"item\":\"https:\/\/skaitytaknyga.lt\/\"},{\"@type\":\"ListItem\",\"position\":2,\"name\":\"Parduotuv\u0117\",\"item\":\"https:\/\/skaitytaknyga.lt\/knygu-parduotuve\/\"},{\"@type\":\"ListItem\",\"position\":3,\"name\":\"Visa tiesa apie jog\u0105\"}]},{\"@type\":\"WebSite\",\"@id\":\"https:\/\/skaitytaknyga.lt\/#website\",\"url\":\"https:\/\/skaitytaknyga.lt\/\",\"name\":\"skaitytaknyga.lt\",\"description\":\"Skaitytaknyga.lt \u2013 tai ma\u017eas \u0161eimos verslas, kuris prasid\u0117jo nuo meil\u0117s knygoms ir siekio i\u0161gelb\u0117ti knygas nuo likimo prie konteinerio. Kas vienam nereikalingas daiktas \u2013 kitam lobis, o mes esame tarpininkai, kurie padeda abiems tapti laimingesniems ???? \u017dinome kaip nelengva i\u0161gyventi ma\u017eiems verslams, tad nuo \u0161iol, \u010dia rasite ir kit\u0173, ma\u017e\u0173 \u0161eim\u0173 versl\u0173, rank\u0173 darbo, dovan\u0173 sau ir artimiesiems.\",\"publisher\":{\"@id\":\"https:\/\/skaitytaknyga.lt\/#organization\"},\"potentialAction\":[{\"@type\":\"SearchAction\",\"target\":{\"@type\":\"EntryPoint\",\"urlTemplate\":\"https:\/\/skaitytaknyga.lt\/?s={search_term_string}\"},\"query-input\":{\"@type\":\"PropertyValueSpecification\",\"valueRequired\":true,\"valueName\":\"search_term_string\"}}],\"inLanguage\":\"en-GB\"},{\"@type\":\"Organization\",\"@id\":\"https:\/\/skaitytaknyga.lt\/#organization\",\"name\":\"skaitytaknyga.lt\",\"url\":\"https:\/\/skaitytaknyga.lt\/\",\"logo\":{\"@type\":\"ImageObject\",\"inLanguage\":\"en-GB\",\"@id\":\"https:\/\/skaitytaknyga.lt\/#\/schema\/logo\/image\/\",\"url\":\"https:\/\/skaitytaknyga.lt\/wp-content\/uploads\/2024\/05\/cropped-cropped-cropped-02_00843_jt3bggkj1j3HLc7SyY6rEUpg.jpeg\",\"contentUrl\":\"https:\/\/skaitytaknyga.lt\/wp-content\/uploads\/2024\/05\/cropped-cropped-cropped-02_00843_jt3bggkj1j3HLc7SyY6rEUpg.jpeg\",\"width\":1600,\"height\":1600,\"caption\":\"skaitytaknyga.lt\"},\"image\":{\"@id\":\"https:\/\/skaitytaknyga.lt\/#\/schema\/logo\/image\/\"},\"sameAs\":[\"https:\/\/www.facebook.com\/skaitytaknyga\/\"]}]}<\/script>\n<!-- \/ Yoast SEO plugin. -->","yoast_head_json":{"title":"Visa tiesa apie jog\u0105","description":"K\u0105 suteikia joga? Kai kuri\u0173 manymu, visk\u0105, ko gali nor\u0117ti \u0161i\u0173 laik\u0173 \u017emogus: sveikat\u0105, patraukli\u0105 i\u0161vaizd\u0105, ger\u0105 fizin\u0119 form\u0105, ram\u0173 mieg\u0105, ilgaam\u017ei\u0161kum\u0105,","robots":{"index":"index","follow":"follow","max-snippet":"max-snippet:-1","max-image-preview":"max-image-preview:large","max-video-preview":"max-video-preview:-1"},"canonical":"https:\/\/skaitytaknyga.lt\/en\/produktas\/visa-tiesa-apie-joga\/","og_locale":"en_GB","og_type":"article","og_title":"[:lt]Visa tiesa apie jog\u0105[:] - Skaitytaknyga","og_description":"K\u0105 suteikia joga? Kai kuri\u0173 manymu, visk\u0105, ko gali nor\u0117ti \u0161i\u0173 laik\u0173 \u017emogus: sveikat\u0105, patraukli\u0105 i\u0161vaizd\u0105, ger\u0105 fizin\u0119 form\u0105, ram\u0173 mieg\u0105, ilgaam\u017ei\u0161kum\u0105,","og_url":"https:\/\/skaitytaknyga.lt\/en\/produktas\/visa-tiesa-apie-joga\/","og_site_name":"Skaitytaknyga","article_publisher":"https:\/\/www.facebook.com\/skaitytaknyga\/","article_modified_time":"2026-03-18T12:45:12+00:00","og_image":[{"width":309,"height":450,"url":"https:\/\/skaitytaknyga.lt\/wp-content\/uploads\/2026\/03\/Visa-tiesa-apie-joga.jpg","type":"image\/jpeg"}],"twitter_card":"summary_large_image","twitter_misc":{"Estimated reading time":"1 minute"},"schema":{"@context":"https:\/\/schema.org","@graph":[{"@type":"WebPage","@id":"https:\/\/skaitytaknyga.lt\/produktas\/visa-tiesa-apie-joga\/","url":"https:\/\/skaitytaknyga.lt\/produktas\/visa-tiesa-apie-joga\/","name":"Visa tiesa apie jog\u0105","isPartOf":{"@id":"https:\/\/skaitytaknyga.lt\/#website"},"primaryImageOfPage":{"@id":"https:\/\/skaitytaknyga.lt\/produktas\/visa-tiesa-apie-joga\/#primaryimage"},"image":{"@id":"https:\/\/skaitytaknyga.lt\/produktas\/visa-tiesa-apie-joga\/#primaryimage"},"thumbnailUrl":"https:\/\/skaitytaknyga.lt\/wp-content\/uploads\/2026\/03\/Visa-tiesa-apie-joga.jpg","datePublished":"2026-03-02T09:53:51+00:00","dateModified":"2026-03-18T12:45:12+00:00","description":"K\u0105 suteikia joga? Kai kuri\u0173 manymu, visk\u0105, ko gali nor\u0117ti \u0161i\u0173 laik\u0173 \u017emogus: sveikat\u0105, patraukli\u0105 i\u0161vaizd\u0105, ger\u0105 fizin\u0119 form\u0105, ram\u0173 mieg\u0105, ilgaam\u017ei\u0161kum\u0105,","breadcrumb":{"@id":"https:\/\/skaitytaknyga.lt\/produktas\/visa-tiesa-apie-joga\/#breadcrumb"},"inLanguage":"en-GB","potentialAction":[{"@type":"ReadAction","target":["https:\/\/skaitytaknyga.lt\/produktas\/visa-tiesa-apie-joga\/"]}]},{"@type":"ImageObject","inLanguage":"en-GB","@id":"https:\/\/skaitytaknyga.lt\/produktas\/visa-tiesa-apie-joga\/#primaryimage","url":"https:\/\/skaitytaknyga.lt\/wp-content\/uploads\/2026\/03\/Visa-tiesa-apie-joga.jpg","contentUrl":"https:\/\/skaitytaknyga.lt\/wp-content\/uploads\/2026\/03\/Visa-tiesa-apie-joga.jpg","width":309,"height":450,"caption":"Visa tiesa apie jog\u0105"},{"@type":"BreadcrumbList","@id":"https:\/\/skaitytaknyga.lt\/produktas\/visa-tiesa-apie-joga\/#breadcrumb","itemListElement":[{"@type":"ListItem","position":1,"name":"Home","item":"https:\/\/skaitytaknyga.lt\/"},{"@type":"ListItem","position":2,"name":"Parduotuv\u0117","item":"https:\/\/skaitytaknyga.lt\/knygu-parduotuve\/"},{"@type":"ListItem","position":3,"name":"Visa tiesa apie jog\u0105"}]},{"@type":"WebSite","@id":"https:\/\/skaitytaknyga.lt\/#website","url":"https:\/\/skaitytaknyga.lt\/","name":"skaitytaknyga.lt","description":"Skaitytaknyga.lt \u2013 tai ma\u017eas \u0161eimos verslas, kuris prasid\u0117jo nuo meil\u0117s knygoms ir siekio i\u0161gelb\u0117ti knygas nuo likimo prie konteinerio. Kas vienam nereikalingas daiktas \u2013 kitam lobis, o mes esame tarpininkai, kurie padeda abiems tapti laimingesniems ???? \u017dinome kaip nelengva i\u0161gyventi ma\u017eiems verslams, tad nuo \u0161iol, \u010dia rasite ir kit\u0173, ma\u017e\u0173 \u0161eim\u0173 versl\u0173, rank\u0173 darbo, dovan\u0173 sau ir artimiesiems.","publisher":{"@id":"https:\/\/skaitytaknyga.lt\/#organization"},"potentialAction":[{"@type":"SearchAction","target":{"@type":"EntryPoint","urlTemplate":"https:\/\/skaitytaknyga.lt\/?s={search_term_string}"},"query-input":{"@type":"PropertyValueSpecification","valueRequired":true,"valueName":"search_term_string"}}],"inLanguage":"en-GB"},{"@type":"Organization","@id":"https:\/\/skaitytaknyga.lt\/#organization","name":"skaitytaknyga.lt","url":"https:\/\/skaitytaknyga.lt\/","logo":{"@type":"ImageObject","inLanguage":"en-GB","@id":"https:\/\/skaitytaknyga.lt\/#\/schema\/logo\/image\/","url":"https:\/\/skaitytaknyga.lt\/wp-content\/uploads\/2024\/05\/cropped-cropped-cropped-02_00843_jt3bggkj1j3HLc7SyY6rEUpg.jpeg","contentUrl":"https:\/\/skaitytaknyga.lt\/wp-content\/uploads\/2024\/05\/cropped-cropped-cropped-02_00843_jt3bggkj1j3HLc7SyY6rEUpg.jpeg","width":1600,"height":1600,"caption":"skaitytaknyga.lt"},"image":{"@id":"https:\/\/skaitytaknyga.lt\/#\/schema\/logo\/image\/"},"sameAs":["https:\/\/www.facebook.com\/skaitytaknyga\/"]}]}},"_links":{"self":[{"href":"https:\/\/skaitytaknyga.lt\/en\/wp-json\/wp\/v2\/product\/23286","targetHints":{"allow":["GET"]}}],"collection":[{"href":"https:\/\/skaitytaknyga.lt\/en\/wp-json\/wp\/v2\/product"}],"about":[{"href":"https:\/\/skaitytaknyga.lt\/en\/wp-json\/wp\/v2\/types\/product"}],"replies":[{"embeddable":true,"href":"https:\/\/skaitytaknyga.lt\/en\/wp-json\/wp\/v2\/comments?post=23286"}],"wp:featuredmedia":[{"embeddable":true,"href":"https:\/\/skaitytaknyga.lt\/en\/wp-json\/wp\/v2\/media\/23291"}],"wp:attachment":[{"href":"https:\/\/skaitytaknyga.lt\/en\/wp-json\/wp\/v2\/media?parent=23286"}],"wp:term":[{"taxonomy":"product_brand","embeddable":true,"href":"https:\/\/skaitytaknyga.lt\/en\/wp-json\/wp\/v2\/product_brand?post=23286"},{"taxonomy":"product_cat","embeddable":true,"href":"https:\/\/skaitytaknyga.lt\/en\/wp-json\/wp\/v2\/product_cat?post=23286"},{"taxonomy":"product_tag","embeddable":true,"href":"https:\/\/skaitytaknyga.lt\/en\/wp-json\/wp\/v2\/product_tag?post=23286"}],"curies":[{"name":"wp","href":"https:\/\/api.w.org\/{rel}","templated":true}]}}