{"id":23285,"date":"2026-03-02T11:53:51","date_gmt":"2026-03-02T09:53:51","guid":{"rendered":"https:\/\/skaitytaknyga.lt\/?post_type=product&#038;p=23285"},"modified":"2026-03-05T10:57:11","modified_gmt":"2026-03-05T08:57:11","slug":"sugauk-mane","status":"publish","type":"product","link":"https:\/\/skaitytaknyga.lt\/en\/produktas\/sugauk-mane\/","title":{"rendered":"Sugauk mane"},"content":{"rendered":"<p>Po keturi\u0173 dien\u0173 ka\u017ekas ketina mane nu\u017eudyti&#8230;<\/p>\n<p>Dvide\u0161imt a\u0161tuoneri\u0173 met\u0173 \u0160arl\u0117 Grant yra \u012fsitikinusi, kad sausio dvide\u0161imt pirm\u0105j\u0105, a\u0161tunt\u0105 valand\u0105 vakaro, j\u0105 nu\u017eudys, ir nori, jog \u0161i\u0105 \u017emog\u017eudyst\u0119 tirt\u0173 Bostono \u017emog\u017eudys\u010di\u0173 skyriaus detektyv\u0117 Didi Voren.<\/p>\n<p>Gilindamasi \u012f \u0160arl\u0117s istorijos detales, detektyv\u0117 Didi ima abejoti merginos istorija. Mat po ilg\u0173 treniruo\u010di\u0173 \u0160arl\u0117 tikriausiai sugeb\u0117t\u0173 \u012fveikti ir aplenkti bet k\u0105, o Didi nuojauta ku\u017eda, kad mergina ka\u017ek\u0105 slepia. Paslapt\u012f, kuri\u0105 su\u017einojus gali paai\u0161k\u0117ti, kad tai\u0160arl\u0117 ir kelia did\u017eiausi\u0105 pavoj\u0173&#8230;<\/p>\n<p>\u2026 bet i\u0161 prad\u017ei\u0173 tas kal\u0117s vaikas tur\u0117s mane sugauti.<\/p>\n","protected":false},"excerpt":{"rendered":"<p>Po keturi\u0173 dien\u0173 ka\u017ekas ketina mane nu\u017eudyti&#8230; Dvide\u0161imt a\u0161tuoneri\u0173 met\u0173 \u0160arl\u0117 Grant yra \u012fsitikinusi, kad sausio dvide\u0161imt pirm\u0105j\u0105, a\u0161tunt\u0105 valand\u0105 vakaro, j\u0105 nu\u017eudys, ir nori, jog \u0161i\u0105 \u017emog\u017eudyst\u0119 tirt\u0173 Bostono \u017emog\u017eudys\u010di\u0173 skyriaus detektyv\u0117 Didi Voren. Gilindamasi \u012f \u0160arl\u0117s istorijos detales, detektyv\u0117 Didi ima abejoti merginos istorija. Mat po ilg\u0173 treniruo\u010di\u0173 \u0160arl\u0117 tikriausiai sugeb\u0117t\u0173 \u012fveikti ir aplenkti bet k\u0105, o Didi nuojauta ku\u017eda, kad mergina ka\u017ek\u0105 slepia. Paslapt\u012f, kuri\u0105 su\u017einojus gali paai\u0161k\u0117ti, kad tai\u0160arl\u0117 ir kelia did\u017eiausi\u0105 pavoj\u0173&#8230; \u2026 bet i\u0161 prad\u017ei\u0173 tas kal\u0117s vaikas tur\u0117s mane sugauti.<\/p>\n","protected":false},"featured_media":23290,"comment_status":"open","ping_status":"closed","template":"","meta":{"_acf_changed":false,"site-sidebar-layout":"default","site-content-layout":"","ast-site-content-layout":"default","site-content-style":"default","site-sidebar-style":"default","ast-global-header-display":"","ast-banner-title-visibility":"","ast-main-header-display":"","ast-hfb-above-header-display":"","ast-hfb-below-header-display":"","ast-hfb-mobile-header-display":"","site-post-title":"","ast-breadcrumbs-content":"","ast-featured-img":"","footer-sml-layout":"","ast-disable-related-posts":"","theme-transparent-header-meta":"","adv-header-id-meta":"","stick-header-meta":"","header-above-stick-meta":"","header-main-stick-meta":"","header-below-stick-meta":"","astra-migrate-meta-layouts":"default","ast-page-background-enabled":"default","ast-page-background-meta":{"desktop":{"background-color":"","background-image":"","background-repeat":"repeat","background-position":"center center","background-size":"auto","background-attachment":"scroll","background-type":"","background-media":"","overlay-type":"","overlay-color":"","overlay-opacity":"","overlay-gradient":""},"tablet":{"background-color":"","background-image":"","background-repeat":"repeat","background-position":"center center","background-size":"auto","background-attachment":"scroll","background-type":"","background-media":"","overlay-type":"","overlay-color":"","overlay-opacity":"","overlay-gradient":""},"mobile":{"background-color":"","background-image":"","background-repeat":"repeat","background-position":"center center","background-size":"auto","background-attachment":"scroll","background-type":"","background-media":"","overlay-type":"","overlay-color":"","overlay-opacity":"","overlay-gradient":""}},"ast-content-background-meta":{"desktop":{"background-color":"var(--ast-global-color-4)","background-image":"","background-repeat":"repeat","background-position":"center center","background-size":"auto","background-attachment":"scroll","background-type":"","background-media":"","overlay-type":"","overlay-color":"","overlay-opacity":"","overlay-gradient":""},"tablet":{"background-color":"var(--ast-global-color-4)","background-image":"","background-repeat":"repeat","background-position":"center center","background-size":"auto","background-attachment":"scroll","background-type":"","background-media":"","overlay-type":"","overlay-color":"","overlay-opacity":"","overlay-gradient":""},"mobile":{"background-color":"var(--ast-global-color-4)","background-image":"","background-repeat":"repeat","background-position":"center center","background-size":"auto","background-attachment":"scroll","background-type":"","background-media":"","overlay-type":"","overlay-color":"","overlay-opacity":"","overlay-gradient":""}}},"product_brand":[],"product_cat":[9581],"product_tag":[9569],"class_list":{"0":"post-23285","1":"product","2":"type-product","3":"status-publish","4":"has-post-thumbnail","6":"product_cat-kriminaliniai-romanai","7":"product_tag-ltlisa-gardner","8":"desktop-align-left","9":"tablet-align-left","10":"mobile-align-left","12":"first","13":"instock","14":"shipping-taxable","15":"purchasable","16":"product-type-simple"},"acf":[],"yoast_head":"<!-- This site is optimized with the Yoast SEO plugin v27.0 - https:\/\/yoast.com\/product\/yoast-seo-wordpress\/ -->\n<title>Sugauk mane<\/title>\n<meta name=\"description\" content=\"Po keturi\u0173 dien\u0173 ka\u017ekas ketina mane nu\u017eudyti... Dvide\u0161imt a\u0161tuoneri\u0173 met\u0173 \u0160arl\u0117 Grant yra \u012fsitikinusi, kad sausio dvide\u0161imt pirm\u0105j\u0105, a\u0161tunt\u0105 valand\u0105\" \/>\n<meta name=\"robots\" content=\"index, follow, max-snippet:-1, max-image-preview:large, max-video-preview:-1\" \/>\n<link rel=\"canonical\" href=\"https:\/\/skaitytaknyga.lt\/en\/produktas\/sugauk-mane\/\" \/>\n<meta property=\"og:locale\" content=\"en_GB\" \/>\n<meta property=\"og:locale:alternate\" content=\"lt_LT\" \/>\n<meta property=\"og:type\" content=\"article\" \/>\n<meta property=\"og:title\" content=\"Sugauk mane\" \/>\n<meta property=\"og:description\" content=\"Po keturi\u0173 dien\u0173 ka\u017ekas ketina mane nu\u017eudyti... Dvide\u0161imt a\u0161tuoneri\u0173 met\u0173 \u0160arl\u0117 Grant yra \u012fsitikinusi, kad sausio dvide\u0161imt pirm\u0105j\u0105, a\u0161tunt\u0105 valand\u0105\" \/>\n<meta property=\"og:url\" content=\"https:\/\/skaitytaknyga.lt\/en\/produktas\/sugauk-mane\/\" \/>\n<meta property=\"og:site_name\" content=\"Skaitytaknyga\" \/>\n<meta property=\"article:publisher\" content=\"https:\/\/www.facebook.com\/skaitytaknyga\/\" \/>\n<meta property=\"article:modified_time\" content=\"2026-03-05T08:57:11+00:00\" \/>\n<meta property=\"og:image\" content=\"https:\/\/skaitytaknyga.lt\/wp-content\/uploads\/2026\/03\/Sugauk-mane-1-e1772445428898.webp\" \/>\n\t<meta property=\"og:image:width\" content=\"299\" \/>\n\t<meta property=\"og:image:height\" content=\"438\" \/>\n\t<meta property=\"og:image:type\" content=\"image\/webp\" \/>\n<meta name=\"twitter:card\" content=\"summary_large_image\" \/>\n<meta name=\"twitter:label1\" content=\"Estimated reading time\" \/>\n\t<meta name=\"twitter:data1\" content=\"1 minute\" \/>\n<script type=\"application\/ld+json\" class=\"yoast-schema-graph\">{\"@context\":\"https:\/\/schema.org\",\"@graph\":[{\"@type\":\"WebPage\",\"@id\":\"https:\/\/skaitytaknyga.lt\/produktas\/sugauk-mane\/\",\"url\":\"https:\/\/skaitytaknyga.lt\/produktas\/sugauk-mane\/\",\"name\":\"Sugauk mane\",\"isPartOf\":{\"@id\":\"https:\/\/skaitytaknyga.lt\/#website\"},\"primaryImageOfPage\":{\"@id\":\"https:\/\/skaitytaknyga.lt\/produktas\/sugauk-mane\/#primaryimage\"},\"image\":{\"@id\":\"https:\/\/skaitytaknyga.lt\/produktas\/sugauk-mane\/#primaryimage\"},\"thumbnailUrl\":\"https:\/\/skaitytaknyga.lt\/wp-content\/uploads\/2026\/03\/Sugauk-mane-1-e1772445428898.webp\",\"datePublished\":\"2026-03-02T09:53:51+00:00\",\"dateModified\":\"2026-03-05T08:57:11+00:00\",\"description\":\"Po keturi\u0173 dien\u0173 ka\u017ekas ketina mane nu\u017eudyti... Dvide\u0161imt a\u0161tuoneri\u0173 met\u0173 \u0160arl\u0117 Grant yra \u012fsitikinusi, kad sausio dvide\u0161imt pirm\u0105j\u0105, a\u0161tunt\u0105 valand\u0105\",\"breadcrumb\":{\"@id\":\"https:\/\/skaitytaknyga.lt\/produktas\/sugauk-mane\/#breadcrumb\"},\"inLanguage\":\"en-GB\",\"potentialAction\":[{\"@type\":\"ReadAction\",\"target\":[\"https:\/\/skaitytaknyga.lt\/produktas\/sugauk-mane\/\"]}]},{\"@type\":\"ImageObject\",\"inLanguage\":\"en-GB\",\"@id\":\"https:\/\/skaitytaknyga.lt\/produktas\/sugauk-mane\/#primaryimage\",\"url\":\"https:\/\/skaitytaknyga.lt\/wp-content\/uploads\/2026\/03\/Sugauk-mane-1-e1772445428898.webp\",\"contentUrl\":\"https:\/\/skaitytaknyga.lt\/wp-content\/uploads\/2026\/03\/Sugauk-mane-1-e1772445428898.webp\",\"width\":299,\"height\":438,\"caption\":\"Sugauk mane\"},{\"@type\":\"BreadcrumbList\",\"@id\":\"https:\/\/skaitytaknyga.lt\/produktas\/sugauk-mane\/#breadcrumb\",\"itemListElement\":[{\"@type\":\"ListItem\",\"position\":1,\"name\":\"Home\",\"item\":\"https:\/\/skaitytaknyga.lt\/\"},{\"@type\":\"ListItem\",\"position\":2,\"name\":\"Parduotuv\u0117\",\"item\":\"https:\/\/skaitytaknyga.lt\/knygu-parduotuve\/\"},{\"@type\":\"ListItem\",\"position\":3,\"name\":\"Sugauk mane\"}]},{\"@type\":\"WebSite\",\"@id\":\"https:\/\/skaitytaknyga.lt\/#website\",\"url\":\"https:\/\/skaitytaknyga.lt\/\",\"name\":\"skaitytaknyga.lt\",\"description\":\"Skaitytaknyga.lt \u2013 tai ma\u017eas \u0161eimos verslas, kuris prasid\u0117jo nuo meil\u0117s knygoms ir siekio i\u0161gelb\u0117ti knygas nuo likimo prie konteinerio. Kas vienam nereikalingas daiktas \u2013 kitam lobis, o mes esame tarpininkai, kurie padeda abiems tapti laimingesniems ???? \u017dinome kaip nelengva i\u0161gyventi ma\u017eiems verslams, tad nuo \u0161iol, \u010dia rasite ir kit\u0173, ma\u017e\u0173 \u0161eim\u0173 versl\u0173, rank\u0173 darbo, dovan\u0173 sau ir artimiesiems.\",\"publisher\":{\"@id\":\"https:\/\/skaitytaknyga.lt\/#organization\"},\"potentialAction\":[{\"@type\":\"SearchAction\",\"target\":{\"@type\":\"EntryPoint\",\"urlTemplate\":\"https:\/\/skaitytaknyga.lt\/?s={search_term_string}\"},\"query-input\":{\"@type\":\"PropertyValueSpecification\",\"valueRequired\":true,\"valueName\":\"search_term_string\"}}],\"inLanguage\":\"en-GB\"},{\"@type\":\"Organization\",\"@id\":\"https:\/\/skaitytaknyga.lt\/#organization\",\"name\":\"skaitytaknyga.lt\",\"url\":\"https:\/\/skaitytaknyga.lt\/\",\"logo\":{\"@type\":\"ImageObject\",\"inLanguage\":\"en-GB\",\"@id\":\"https:\/\/skaitytaknyga.lt\/#\/schema\/logo\/image\/\",\"url\":\"https:\/\/skaitytaknyga.lt\/wp-content\/uploads\/2024\/05\/cropped-cropped-cropped-02_00843_jt3bggkj1j3HLc7SyY6rEUpg.jpeg\",\"contentUrl\":\"https:\/\/skaitytaknyga.lt\/wp-content\/uploads\/2024\/05\/cropped-cropped-cropped-02_00843_jt3bggkj1j3HLc7SyY6rEUpg.jpeg\",\"width\":1600,\"height\":1600,\"caption\":\"skaitytaknyga.lt\"},\"image\":{\"@id\":\"https:\/\/skaitytaknyga.lt\/#\/schema\/logo\/image\/\"},\"sameAs\":[\"https:\/\/www.facebook.com\/skaitytaknyga\/\"]}]}<\/script>\n<!-- \/ Yoast SEO plugin. -->","yoast_head_json":{"title":"Sugauk mane","description":"Po keturi\u0173 dien\u0173 ka\u017ekas ketina mane nu\u017eudyti... Dvide\u0161imt a\u0161tuoneri\u0173 met\u0173 \u0160arl\u0117 Grant yra \u012fsitikinusi, kad sausio dvide\u0161imt pirm\u0105j\u0105, a\u0161tunt\u0105 valand\u0105","robots":{"index":"index","follow":"follow","max-snippet":"max-snippet:-1","max-image-preview":"max-image-preview:large","max-video-preview":"max-video-preview:-1"},"canonical":"https:\/\/skaitytaknyga.lt\/en\/produktas\/sugauk-mane\/","og_locale":"en_GB","og_type":"article","og_title":"[:lt]Sugauk mane[:] - Skaitytaknyga","og_description":"Po keturi\u0173 dien\u0173 ka\u017ekas ketina mane nu\u017eudyti... Dvide\u0161imt a\u0161tuoneri\u0173 met\u0173 \u0160arl\u0117 Grant yra \u012fsitikinusi, kad sausio dvide\u0161imt pirm\u0105j\u0105, a\u0161tunt\u0105 valand\u0105","og_url":"https:\/\/skaitytaknyga.lt\/en\/produktas\/sugauk-mane\/","og_site_name":"Skaitytaknyga","article_publisher":"https:\/\/www.facebook.com\/skaitytaknyga\/","article_modified_time":"2026-03-05T08:57:11+00:00","og_image":[{"width":299,"height":438,"url":"https:\/\/skaitytaknyga.lt\/wp-content\/uploads\/2026\/03\/Sugauk-mane-1-e1772445428898.webp","type":"image\/webp"}],"twitter_card":"summary_large_image","twitter_misc":{"Estimated reading time":"1 minute"},"schema":{"@context":"https:\/\/schema.org","@graph":[{"@type":"WebPage","@id":"https:\/\/skaitytaknyga.lt\/produktas\/sugauk-mane\/","url":"https:\/\/skaitytaknyga.lt\/produktas\/sugauk-mane\/","name":"Sugauk mane","isPartOf":{"@id":"https:\/\/skaitytaknyga.lt\/#website"},"primaryImageOfPage":{"@id":"https:\/\/skaitytaknyga.lt\/produktas\/sugauk-mane\/#primaryimage"},"image":{"@id":"https:\/\/skaitytaknyga.lt\/produktas\/sugauk-mane\/#primaryimage"},"thumbnailUrl":"https:\/\/skaitytaknyga.lt\/wp-content\/uploads\/2026\/03\/Sugauk-mane-1-e1772445428898.webp","datePublished":"2026-03-02T09:53:51+00:00","dateModified":"2026-03-05T08:57:11+00:00","description":"Po keturi\u0173 dien\u0173 ka\u017ekas ketina mane nu\u017eudyti... Dvide\u0161imt a\u0161tuoneri\u0173 met\u0173 \u0160arl\u0117 Grant yra \u012fsitikinusi, kad sausio dvide\u0161imt pirm\u0105j\u0105, a\u0161tunt\u0105 valand\u0105","breadcrumb":{"@id":"https:\/\/skaitytaknyga.lt\/produktas\/sugauk-mane\/#breadcrumb"},"inLanguage":"en-GB","potentialAction":[{"@type":"ReadAction","target":["https:\/\/skaitytaknyga.lt\/produktas\/sugauk-mane\/"]}]},{"@type":"ImageObject","inLanguage":"en-GB","@id":"https:\/\/skaitytaknyga.lt\/produktas\/sugauk-mane\/#primaryimage","url":"https:\/\/skaitytaknyga.lt\/wp-content\/uploads\/2026\/03\/Sugauk-mane-1-e1772445428898.webp","contentUrl":"https:\/\/skaitytaknyga.lt\/wp-content\/uploads\/2026\/03\/Sugauk-mane-1-e1772445428898.webp","width":299,"height":438,"caption":"Sugauk mane"},{"@type":"BreadcrumbList","@id":"https:\/\/skaitytaknyga.lt\/produktas\/sugauk-mane\/#breadcrumb","itemListElement":[{"@type":"ListItem","position":1,"name":"Home","item":"https:\/\/skaitytaknyga.lt\/"},{"@type":"ListItem","position":2,"name":"Parduotuv\u0117","item":"https:\/\/skaitytaknyga.lt\/knygu-parduotuve\/"},{"@type":"ListItem","position":3,"name":"Sugauk mane"}]},{"@type":"WebSite","@id":"https:\/\/skaitytaknyga.lt\/#website","url":"https:\/\/skaitytaknyga.lt\/","name":"skaitytaknyga.lt","description":"Skaitytaknyga.lt \u2013 tai ma\u017eas \u0161eimos verslas, kuris prasid\u0117jo nuo meil\u0117s knygoms ir siekio i\u0161gelb\u0117ti knygas nuo likimo prie konteinerio. Kas vienam nereikalingas daiktas \u2013 kitam lobis, o mes esame tarpininkai, kurie padeda abiems tapti laimingesniems ???? \u017dinome kaip nelengva i\u0161gyventi ma\u017eiems verslams, tad nuo \u0161iol, \u010dia rasite ir kit\u0173, ma\u017e\u0173 \u0161eim\u0173 versl\u0173, rank\u0173 darbo, dovan\u0173 sau ir artimiesiems.","publisher":{"@id":"https:\/\/skaitytaknyga.lt\/#organization"},"potentialAction":[{"@type":"SearchAction","target":{"@type":"EntryPoint","urlTemplate":"https:\/\/skaitytaknyga.lt\/?s={search_term_string}"},"query-input":{"@type":"PropertyValueSpecification","valueRequired":true,"valueName":"search_term_string"}}],"inLanguage":"en-GB"},{"@type":"Organization","@id":"https:\/\/skaitytaknyga.lt\/#organization","name":"skaitytaknyga.lt","url":"https:\/\/skaitytaknyga.lt\/","logo":{"@type":"ImageObject","inLanguage":"en-GB","@id":"https:\/\/skaitytaknyga.lt\/#\/schema\/logo\/image\/","url":"https:\/\/skaitytaknyga.lt\/wp-content\/uploads\/2024\/05\/cropped-cropped-cropped-02_00843_jt3bggkj1j3HLc7SyY6rEUpg.jpeg","contentUrl":"https:\/\/skaitytaknyga.lt\/wp-content\/uploads\/2024\/05\/cropped-cropped-cropped-02_00843_jt3bggkj1j3HLc7SyY6rEUpg.jpeg","width":1600,"height":1600,"caption":"skaitytaknyga.lt"},"image":{"@id":"https:\/\/skaitytaknyga.lt\/#\/schema\/logo\/image\/"},"sameAs":["https:\/\/www.facebook.com\/skaitytaknyga\/"]}]}},"_links":{"self":[{"href":"https:\/\/skaitytaknyga.lt\/en\/wp-json\/wp\/v2\/product\/23285","targetHints":{"allow":["GET"]}}],"collection":[{"href":"https:\/\/skaitytaknyga.lt\/en\/wp-json\/wp\/v2\/product"}],"about":[{"href":"https:\/\/skaitytaknyga.lt\/en\/wp-json\/wp\/v2\/types\/product"}],"replies":[{"embeddable":true,"href":"https:\/\/skaitytaknyga.lt\/en\/wp-json\/wp\/v2\/comments?post=23285"}],"wp:featuredmedia":[{"embeddable":true,"href":"https:\/\/skaitytaknyga.lt\/en\/wp-json\/wp\/v2\/media\/23290"}],"wp:attachment":[{"href":"https:\/\/skaitytaknyga.lt\/en\/wp-json\/wp\/v2\/media?parent=23285"}],"wp:term":[{"taxonomy":"product_brand","embeddable":true,"href":"https:\/\/skaitytaknyga.lt\/en\/wp-json\/wp\/v2\/product_brand?post=23285"},{"taxonomy":"product_cat","embeddable":true,"href":"https:\/\/skaitytaknyga.lt\/en\/wp-json\/wp\/v2\/product_cat?post=23285"},{"taxonomy":"product_tag","embeddable":true,"href":"https:\/\/skaitytaknyga.lt\/en\/wp-json\/wp\/v2\/product_tag?post=23285"}],"curies":[{"name":"wp","href":"https:\/\/api.w.org\/{rel}","templated":true}]}}