{"id":23284,"date":"2026-03-02T11:53:51","date_gmt":"2026-03-02T09:53:51","guid":{"rendered":"https:\/\/skaitytaknyga.lt\/?post_type=product&#038;p=23284"},"modified":"2026-03-05T10:46:17","modified_gmt":"2026-03-05T08:46:17","slug":"vaikinai-is-biloksio","status":"publish","type":"product","link":"https:\/\/skaitytaknyga.lt\/en\/produktas\/vaikinai-is-biloksio\/","title":{"rendered":"Vaikinai i\u0161 Biloksio"},"content":{"rendered":"<p>Dvi \u0161eimos teisingumo akistatoje.<\/p>\n<p>Johnas Grishamas, savo k\u016bryboje sugr\u012f\u017e\u0119s \u012f Misisip\u0119, pasakoja jaudinan\u010di\u0105 istorij\u0105 apie du imigrant\u0173 \u0161eim\u0173 s\u016bnus, vaikyst\u0117s draugus, galiausiai atsid\u016brusius skirtingose \u012fstatymo pus\u0117se. Grishamui b\u016bdingi intriguojantys siu\u017eeto pos\u016bkiai ir vingiai prikaustys j\u016bs\u0173 d\u0117mes\u012f iki paskutinio puslapio, kuriame lauks stulbinama atomazga.<\/p>\n<p>Daugum\u0105 pastarojo \u0161imtme\u010dio met\u0173 Biloksis gars\u0117jo savo paj\u016briu, kurortais ir j\u016br\u0173 g\u0117rybi\u0173 pramone. Ta\u010diau jis tur\u0117jo ir savo tamsi\u0105j\u0105 pus\u0119. \u0160is miestas buvo \u017einomas d\u0117l korupcijos bei nusikalstamos veiklos, pradedant azartiniais lo\u0161imais, prostitucija, alkoholio kontrabanda, prekyba narkotikais ir baigiant u\u017esakomosiomis \u017emog\u017eudyst\u0117mis. Visa tai kontroliavo nedidel\u0117 bandit\u0173 grupuot\u0117. Remiantis gandais, dauguma jos nari\u0173 priklaus\u0117 Diksio mafijai.<\/p>\n<p>Keitas Rudis ir Hju Malkas u\u017eaugo septintajame de\u0161imtmetyje Biloksyje. Vaikyst\u0117je jie buvo geri draugai, Ma\u017eosios lygos \u201eVis\u0173 \u017evaig\u017ed\u017ei\u0173\u201c rungtyni\u0173 dalyviai. Paauglyst\u0117je gyvenimo t\u0117km\u0117 juos nublo\u0161k\u0117 \u012f skirtingas puses. Keito t\u0117vas tapo \u017eymiu prokuroru, pasiry\u017eusiu \u201ei\u0161valyti pakrant\u0119\u201c. O Hju t\u0117vas pasidar\u0117 Biloksio nusikalstamo pasaulio bosu. Keitas pasirinko teis\u0117s studijas ir sek\u0117 t\u0117vo p\u0117domis. Hju, pirmenyb\u0119 teik\u0119s naktiniam gyvenimui, dirbo t\u0117vui priklausan\u010diuose klubuose. Nei\u0161vengiamai art\u0117jo \u0161eim\u0173 akistata, kuri galiausiai \u012fvyks teismo sal\u0117je.<\/p>\n<p>Didel\u0117s apimties sagoje \u201eVaikinai i\u0161 Biloksio\u201c, kupinoje istorini\u0173 detali\u0173 ir ry\u0161ki\u0173, nepamir\u0161tam\u0173 persona\u017e\u0173, ant plauko pakib\u0119s visas gyvenimas.<\/p>\n","protected":false},"excerpt":{"rendered":"<p>Dvi \u0161eimos teisingumo akistatoje. Johnas Grishamas, savo k\u016bryboje sugr\u012f\u017e\u0119s \u012f Misisip\u0119, pasakoja jaudinan\u010di\u0105 istorij\u0105 apie du imigrant\u0173 \u0161eim\u0173 s\u016bnus, vaikyst\u0117s draugus, galiausiai atsid\u016brusius skirtingose \u012fstatymo pus\u0117se. Grishamui b\u016bdingi intriguojantys siu\u017eeto pos\u016bkiai ir vingiai prikaustys j\u016bs\u0173 d\u0117mes\u012f iki paskutinio puslapio, kuriame lauks stulbinama atomazga. Daugum\u0105 pastarojo \u0161imtme\u010dio met\u0173 Biloksis gars\u0117jo savo paj\u016briu, kurortais ir j\u016br\u0173 g\u0117rybi\u0173 pramone. Ta\u010diau jis tur\u0117jo ir savo tamsi\u0105j\u0105 pus\u0119. \u0160is miestas buvo \u017einomas d\u0117l korupcijos bei nusikalstamos veiklos, pradedant azartiniais lo\u0161imais, prostitucija, alkoholio kontrabanda, prekyba narkotikais ir baigiant u\u017esakomosiomis \u017emog\u017eudyst\u0117mis. Visa tai kontroliavo nedidel\u0117 bandit\u0173 grupuot\u0117. Remiantis gandais, dauguma jos nari\u0173 priklaus\u0117 Diksio mafijai. Keitas Rudis ir Hju Malkas u\u017eaugo septintajame de\u0161imtmetyje Biloksyje. Vaikyst\u0117je jie buvo geri draugai, Ma\u017eosios lygos \u201eVis\u0173 \u017evaig\u017ed\u017ei\u0173\u201c rungtyni\u0173 dalyviai. Paauglyst\u0117je gyvenimo t\u0117km\u0117 juos nublo\u0161k\u0117 \u012f skirtingas puses. Keito t\u0117vas tapo \u017eymiu prokuroru, pasiry\u017eusiu \u201ei\u0161valyti pakrant\u0119\u201c. O Hju t\u0117vas pasidar\u0117 Biloksio nusikalstamo pasaulio bosu. Keitas pasirinko teis\u0117s studijas ir sek\u0117 t\u0117vo p\u0117domis. Hju, pirmenyb\u0119 teik\u0119s naktiniam gyvenimui, dirbo t\u0117vui priklausan\u010diuose klubuose. Nei\u0161vengiamai art\u0117jo \u0161eim\u0173 akistata, kuri galiausiai \u012fvyks teismo sal\u0117je. Didel\u0117s apimties sagoje \u201eVaikinai i\u0161 Biloksio\u201c, kupinoje istorini\u0173 detali\u0173 ir ry\u0161ki\u0173, nepamir\u0161tam\u0173 persona\u017e\u0173, ant plauko pakib\u0119s visas gyvenimas.<\/p>\n","protected":false},"featured_media":23289,"comment_status":"open","ping_status":"closed","template":"","meta":{"_acf_changed":false,"site-sidebar-layout":"default","site-content-layout":"","ast-site-content-layout":"default","site-content-style":"default","site-sidebar-style":"default","ast-global-header-display":"","ast-banner-title-visibility":"","ast-main-header-display":"","ast-hfb-above-header-display":"","ast-hfb-below-header-display":"","ast-hfb-mobile-header-display":"","site-post-title":"","ast-breadcrumbs-content":"","ast-featured-img":"","footer-sml-layout":"","ast-disable-related-posts":"","theme-transparent-header-meta":"","adv-header-id-meta":"","stick-header-meta":"","header-above-stick-meta":"","header-main-stick-meta":"","header-below-stick-meta":"","astra-migrate-meta-layouts":"default","ast-page-background-enabled":"default","ast-page-background-meta":{"desktop":{"background-color":"","background-image":"","background-repeat":"repeat","background-position":"center center","background-size":"auto","background-attachment":"scroll","background-type":"","background-media":"","overlay-type":"","overlay-color":"","overlay-opacity":"","overlay-gradient":""},"tablet":{"background-color":"","background-image":"","background-repeat":"repeat","background-position":"center center","background-size":"auto","background-attachment":"scroll","background-type":"","background-media":"","overlay-type":"","overlay-color":"","overlay-opacity":"","overlay-gradient":""},"mobile":{"background-color":"","background-image":"","background-repeat":"repeat","background-position":"center center","background-size":"auto","background-attachment":"scroll","background-type":"","background-media":"","overlay-type":"","overlay-color":"","overlay-opacity":"","overlay-gradient":""}},"ast-content-background-meta":{"desktop":{"background-color":"var(--ast-global-color-4)","background-image":"","background-repeat":"repeat","background-position":"center center","background-size":"auto","background-attachment":"scroll","background-type":"","background-media":"","overlay-type":"","overlay-color":"","overlay-opacity":"","overlay-gradient":""},"tablet":{"background-color":"var(--ast-global-color-4)","background-image":"","background-repeat":"repeat","background-position":"center center","background-size":"auto","background-attachment":"scroll","background-type":"","background-media":"","overlay-type":"","overlay-color":"","overlay-opacity":"","overlay-gradient":""},"mobile":{"background-color":"var(--ast-global-color-4)","background-image":"","background-repeat":"repeat","background-position":"center center","background-size":"auto","background-attachment":"scroll","background-type":"","background-media":"","overlay-type":"","overlay-color":"","overlay-opacity":"","overlay-gradient":""}}},"product_brand":[],"product_cat":[9581],"product_tag":[6623],"class_list":{"0":"post-23284","1":"product","2":"type-product","3":"status-publish","4":"has-post-thumbnail","6":"product_cat-kriminaliniai-romanai","7":"product_tag-john-grisham","8":"desktop-align-left","9":"tablet-align-left","10":"mobile-align-left","12":"first","13":"instock","14":"shipping-taxable","15":"purchasable","16":"product-type-simple"},"acf":[],"yoast_head":"<!-- This site is optimized with the Yoast SEO plugin v27.0 - https:\/\/yoast.com\/product\/yoast-seo-wordpress\/ -->\n<title>Vaikinai i\u0161 Biloksio<\/title>\n<meta name=\"description\" content=\"Dvi \u0161eimos teisingumo akistatoje. Johnas Grishamas, savo k\u016bryboje sugr\u012f\u017e\u0119s \u012f Misisip\u0119, pasakoja jaudinan\u010di\u0105 istorij\u0105 apie du imigrant\u0173 \u0161eim\u0173 s\u016bnus,\" \/>\n<meta name=\"robots\" content=\"index, follow, max-snippet:-1, max-image-preview:large, max-video-preview:-1\" \/>\n<link rel=\"canonical\" href=\"https:\/\/skaitytaknyga.lt\/en\/produktas\/vaikinai-is-biloksio\/\" \/>\n<meta property=\"og:locale\" content=\"en_GB\" \/>\n<meta property=\"og:locale:alternate\" content=\"lt_LT\" \/>\n<meta property=\"og:type\" content=\"article\" \/>\n<meta property=\"og:title\" content=\"Vaikinai i\u0161 Biloksio\" \/>\n<meta property=\"og:description\" content=\"Dvi \u0161eimos teisingumo akistatoje. Johnas Grishamas, savo k\u016bryboje sugr\u012f\u017e\u0119s \u012f Misisip\u0119, pasakoja jaudinan\u010di\u0105 istorij\u0105 apie du imigrant\u0173 \u0161eim\u0173 s\u016bnus,\" \/>\n<meta property=\"og:url\" content=\"https:\/\/skaitytaknyga.lt\/en\/produktas\/vaikinai-is-biloksio\/\" \/>\n<meta property=\"og:site_name\" content=\"Skaitytaknyga\" \/>\n<meta property=\"article:publisher\" content=\"https:\/\/www.facebook.com\/skaitytaknyga\/\" \/>\n<meta property=\"article:modified_time\" content=\"2026-03-05T08:46:17+00:00\" \/>\n<meta property=\"og:image\" content=\"https:\/\/skaitytaknyga.lt\/wp-content\/uploads\/2024\/07\/skaitytaknyga.png\" \/>\n\t<meta property=\"og:image:width\" content=\"747\" \/>\n\t<meta property=\"og:image:height\" content=\"496\" \/>\n\t<meta property=\"og:image:type\" content=\"image\/png\" \/>\n<meta name=\"twitter:card\" content=\"summary_large_image\" \/>\n<meta name=\"twitter:label1\" content=\"Estimated reading time\" \/>\n\t<meta name=\"twitter:data1\" content=\"1 minute\" \/>\n<script type=\"application\/ld+json\" class=\"yoast-schema-graph\">{\"@context\":\"https:\/\/schema.org\",\"@graph\":[{\"@type\":\"WebPage\",\"@id\":\"https:\/\/skaitytaknyga.lt\/produktas\/vaikinai-is-biloksio\/\",\"url\":\"https:\/\/skaitytaknyga.lt\/produktas\/vaikinai-is-biloksio\/\",\"name\":\"Vaikinai i\u0161 Biloksio\",\"isPartOf\":{\"@id\":\"https:\/\/skaitytaknyga.lt\/#website\"},\"primaryImageOfPage\":{\"@id\":\"https:\/\/skaitytaknyga.lt\/produktas\/vaikinai-is-biloksio\/#primaryimage\"},\"image\":{\"@id\":\"https:\/\/skaitytaknyga.lt\/produktas\/vaikinai-is-biloksio\/#primaryimage\"},\"thumbnailUrl\":\"https:\/\/skaitytaknyga.lt\/wp-content\/uploads\/2026\/03\/Vaikinai-is-Biloksio-1.webp\",\"datePublished\":\"2026-03-02T09:53:51+00:00\",\"dateModified\":\"2026-03-05T08:46:17+00:00\",\"description\":\"Dvi \u0161eimos teisingumo akistatoje. Johnas Grishamas, savo k\u016bryboje sugr\u012f\u017e\u0119s \u012f Misisip\u0119, pasakoja jaudinan\u010di\u0105 istorij\u0105 apie du imigrant\u0173 \u0161eim\u0173 s\u016bnus,\",\"breadcrumb\":{\"@id\":\"https:\/\/skaitytaknyga.lt\/produktas\/vaikinai-is-biloksio\/#breadcrumb\"},\"inLanguage\":\"en-GB\",\"potentialAction\":[{\"@type\":\"ReadAction\",\"target\":[\"https:\/\/skaitytaknyga.lt\/produktas\/vaikinai-is-biloksio\/\"]}]},{\"@type\":\"ImageObject\",\"inLanguage\":\"en-GB\",\"@id\":\"https:\/\/skaitytaknyga.lt\/produktas\/vaikinai-is-biloksio\/#primaryimage\",\"url\":\"https:\/\/skaitytaknyga.lt\/wp-content\/uploads\/2026\/03\/Vaikinai-is-Biloksio-1.webp\",\"contentUrl\":\"https:\/\/skaitytaknyga.lt\/wp-content\/uploads\/2026\/03\/Vaikinai-is-Biloksio-1.webp\",\"width\":300,\"height\":453,\"caption\":\"Vaikinai i\u0161 Biloksio\"},{\"@type\":\"BreadcrumbList\",\"@id\":\"https:\/\/skaitytaknyga.lt\/produktas\/vaikinai-is-biloksio\/#breadcrumb\",\"itemListElement\":[{\"@type\":\"ListItem\",\"position\":1,\"name\":\"Home\",\"item\":\"https:\/\/skaitytaknyga.lt\/\"},{\"@type\":\"ListItem\",\"position\":2,\"name\":\"Parduotuv\u0117\",\"item\":\"https:\/\/skaitytaknyga.lt\/knygu-parduotuve\/\"},{\"@type\":\"ListItem\",\"position\":3,\"name\":\"Vaikinai i\u0161 Biloksio\"}]},{\"@type\":\"WebSite\",\"@id\":\"https:\/\/skaitytaknyga.lt\/#website\",\"url\":\"https:\/\/skaitytaknyga.lt\/\",\"name\":\"skaitytaknyga.lt\",\"description\":\"Skaitytaknyga.lt \u2013 tai ma\u017eas \u0161eimos verslas, kuris prasid\u0117jo nuo meil\u0117s knygoms ir siekio i\u0161gelb\u0117ti knygas nuo likimo prie konteinerio. Kas vienam nereikalingas daiktas \u2013 kitam lobis, o mes esame tarpininkai, kurie padeda abiems tapti laimingesniems ???? \u017dinome kaip nelengva i\u0161gyventi ma\u017eiems verslams, tad nuo \u0161iol, \u010dia rasite ir kit\u0173, ma\u017e\u0173 \u0161eim\u0173 versl\u0173, rank\u0173 darbo, dovan\u0173 sau ir artimiesiems.\",\"publisher\":{\"@id\":\"https:\/\/skaitytaknyga.lt\/#organization\"},\"potentialAction\":[{\"@type\":\"SearchAction\",\"target\":{\"@type\":\"EntryPoint\",\"urlTemplate\":\"https:\/\/skaitytaknyga.lt\/?s={search_term_string}\"},\"query-input\":{\"@type\":\"PropertyValueSpecification\",\"valueRequired\":true,\"valueName\":\"search_term_string\"}}],\"inLanguage\":\"en-GB\"},{\"@type\":\"Organization\",\"@id\":\"https:\/\/skaitytaknyga.lt\/#organization\",\"name\":\"skaitytaknyga.lt\",\"url\":\"https:\/\/skaitytaknyga.lt\/\",\"logo\":{\"@type\":\"ImageObject\",\"inLanguage\":\"en-GB\",\"@id\":\"https:\/\/skaitytaknyga.lt\/#\/schema\/logo\/image\/\",\"url\":\"https:\/\/skaitytaknyga.lt\/wp-content\/uploads\/2024\/05\/cropped-cropped-cropped-02_00843_jt3bggkj1j3HLc7SyY6rEUpg.jpeg\",\"contentUrl\":\"https:\/\/skaitytaknyga.lt\/wp-content\/uploads\/2024\/05\/cropped-cropped-cropped-02_00843_jt3bggkj1j3HLc7SyY6rEUpg.jpeg\",\"width\":1600,\"height\":1600,\"caption\":\"skaitytaknyga.lt\"},\"image\":{\"@id\":\"https:\/\/skaitytaknyga.lt\/#\/schema\/logo\/image\/\"},\"sameAs\":[\"https:\/\/www.facebook.com\/skaitytaknyga\/\"]}]}<\/script>\n<!-- \/ Yoast SEO plugin. -->","yoast_head_json":{"title":"Vaikinai i\u0161 Biloksio","description":"Dvi \u0161eimos teisingumo akistatoje. Johnas Grishamas, savo k\u016bryboje sugr\u012f\u017e\u0119s \u012f Misisip\u0119, pasakoja jaudinan\u010di\u0105 istorij\u0105 apie du imigrant\u0173 \u0161eim\u0173 s\u016bnus,","robots":{"index":"index","follow":"follow","max-snippet":"max-snippet:-1","max-image-preview":"max-image-preview:large","max-video-preview":"max-video-preview:-1"},"canonical":"https:\/\/skaitytaknyga.lt\/en\/produktas\/vaikinai-is-biloksio\/","og_locale":"en_GB","og_type":"article","og_title":"[:lt]Vaikinai i\u0161 Biloksio[:] - Skaitytaknyga","og_description":"Dvi \u0161eimos teisingumo akistatoje. Johnas Grishamas, savo k\u016bryboje sugr\u012f\u017e\u0119s \u012f Misisip\u0119, pasakoja jaudinan\u010di\u0105 istorij\u0105 apie du imigrant\u0173 \u0161eim\u0173 s\u016bnus,","og_url":"https:\/\/skaitytaknyga.lt\/en\/produktas\/vaikinai-is-biloksio\/","og_site_name":"Skaitytaknyga","article_publisher":"https:\/\/www.facebook.com\/skaitytaknyga\/","article_modified_time":"2026-03-05T08:46:17+00:00","og_image":[{"width":747,"height":496,"url":"https:\/\/skaitytaknyga.lt\/wp-content\/uploads\/2024\/07\/skaitytaknyga.png","type":"image\/png"}],"twitter_card":"summary_large_image","twitter_misc":{"Estimated reading time":"1 minute"},"schema":{"@context":"https:\/\/schema.org","@graph":[{"@type":"WebPage","@id":"https:\/\/skaitytaknyga.lt\/produktas\/vaikinai-is-biloksio\/","url":"https:\/\/skaitytaknyga.lt\/produktas\/vaikinai-is-biloksio\/","name":"Vaikinai i\u0161 Biloksio","isPartOf":{"@id":"https:\/\/skaitytaknyga.lt\/#website"},"primaryImageOfPage":{"@id":"https:\/\/skaitytaknyga.lt\/produktas\/vaikinai-is-biloksio\/#primaryimage"},"image":{"@id":"https:\/\/skaitytaknyga.lt\/produktas\/vaikinai-is-biloksio\/#primaryimage"},"thumbnailUrl":"https:\/\/skaitytaknyga.lt\/wp-content\/uploads\/2026\/03\/Vaikinai-is-Biloksio-1.webp","datePublished":"2026-03-02T09:53:51+00:00","dateModified":"2026-03-05T08:46:17+00:00","description":"Dvi \u0161eimos teisingumo akistatoje. Johnas Grishamas, savo k\u016bryboje sugr\u012f\u017e\u0119s \u012f Misisip\u0119, pasakoja jaudinan\u010di\u0105 istorij\u0105 apie du imigrant\u0173 \u0161eim\u0173 s\u016bnus,","breadcrumb":{"@id":"https:\/\/skaitytaknyga.lt\/produktas\/vaikinai-is-biloksio\/#breadcrumb"},"inLanguage":"en-GB","potentialAction":[{"@type":"ReadAction","target":["https:\/\/skaitytaknyga.lt\/produktas\/vaikinai-is-biloksio\/"]}]},{"@type":"ImageObject","inLanguage":"en-GB","@id":"https:\/\/skaitytaknyga.lt\/produktas\/vaikinai-is-biloksio\/#primaryimage","url":"https:\/\/skaitytaknyga.lt\/wp-content\/uploads\/2026\/03\/Vaikinai-is-Biloksio-1.webp","contentUrl":"https:\/\/skaitytaknyga.lt\/wp-content\/uploads\/2026\/03\/Vaikinai-is-Biloksio-1.webp","width":300,"height":453,"caption":"Vaikinai i\u0161 Biloksio"},{"@type":"BreadcrumbList","@id":"https:\/\/skaitytaknyga.lt\/produktas\/vaikinai-is-biloksio\/#breadcrumb","itemListElement":[{"@type":"ListItem","position":1,"name":"Home","item":"https:\/\/skaitytaknyga.lt\/"},{"@type":"ListItem","position":2,"name":"Parduotuv\u0117","item":"https:\/\/skaitytaknyga.lt\/knygu-parduotuve\/"},{"@type":"ListItem","position":3,"name":"Vaikinai i\u0161 Biloksio"}]},{"@type":"WebSite","@id":"https:\/\/skaitytaknyga.lt\/#website","url":"https:\/\/skaitytaknyga.lt\/","name":"skaitytaknyga.lt","description":"Skaitytaknyga.lt \u2013 tai ma\u017eas \u0161eimos verslas, kuris prasid\u0117jo nuo meil\u0117s knygoms ir siekio i\u0161gelb\u0117ti knygas nuo likimo prie konteinerio. Kas vienam nereikalingas daiktas \u2013 kitam lobis, o mes esame tarpininkai, kurie padeda abiems tapti laimingesniems ???? \u017dinome kaip nelengva i\u0161gyventi ma\u017eiems verslams, tad nuo \u0161iol, \u010dia rasite ir kit\u0173, ma\u017e\u0173 \u0161eim\u0173 versl\u0173, rank\u0173 darbo, dovan\u0173 sau ir artimiesiems.","publisher":{"@id":"https:\/\/skaitytaknyga.lt\/#organization"},"potentialAction":[{"@type":"SearchAction","target":{"@type":"EntryPoint","urlTemplate":"https:\/\/skaitytaknyga.lt\/?s={search_term_string}"},"query-input":{"@type":"PropertyValueSpecification","valueRequired":true,"valueName":"search_term_string"}}],"inLanguage":"en-GB"},{"@type":"Organization","@id":"https:\/\/skaitytaknyga.lt\/#organization","name":"skaitytaknyga.lt","url":"https:\/\/skaitytaknyga.lt\/","logo":{"@type":"ImageObject","inLanguage":"en-GB","@id":"https:\/\/skaitytaknyga.lt\/#\/schema\/logo\/image\/","url":"https:\/\/skaitytaknyga.lt\/wp-content\/uploads\/2024\/05\/cropped-cropped-cropped-02_00843_jt3bggkj1j3HLc7SyY6rEUpg.jpeg","contentUrl":"https:\/\/skaitytaknyga.lt\/wp-content\/uploads\/2024\/05\/cropped-cropped-cropped-02_00843_jt3bggkj1j3HLc7SyY6rEUpg.jpeg","width":1600,"height":1600,"caption":"skaitytaknyga.lt"},"image":{"@id":"https:\/\/skaitytaknyga.lt\/#\/schema\/logo\/image\/"},"sameAs":["https:\/\/www.facebook.com\/skaitytaknyga\/"]}]}},"_links":{"self":[{"href":"https:\/\/skaitytaknyga.lt\/en\/wp-json\/wp\/v2\/product\/23284","targetHints":{"allow":["GET"]}}],"collection":[{"href":"https:\/\/skaitytaknyga.lt\/en\/wp-json\/wp\/v2\/product"}],"about":[{"href":"https:\/\/skaitytaknyga.lt\/en\/wp-json\/wp\/v2\/types\/product"}],"replies":[{"embeddable":true,"href":"https:\/\/skaitytaknyga.lt\/en\/wp-json\/wp\/v2\/comments?post=23284"}],"wp:featuredmedia":[{"embeddable":true,"href":"https:\/\/skaitytaknyga.lt\/en\/wp-json\/wp\/v2\/media\/23289"}],"wp:attachment":[{"href":"https:\/\/skaitytaknyga.lt\/en\/wp-json\/wp\/v2\/media?parent=23284"}],"wp:term":[{"taxonomy":"product_brand","embeddable":true,"href":"https:\/\/skaitytaknyga.lt\/en\/wp-json\/wp\/v2\/product_brand?post=23284"},{"taxonomy":"product_cat","embeddable":true,"href":"https:\/\/skaitytaknyga.lt\/en\/wp-json\/wp\/v2\/product_cat?post=23284"},{"taxonomy":"product_tag","embeddable":true,"href":"https:\/\/skaitytaknyga.lt\/en\/wp-json\/wp\/v2\/product_tag?post=23284"}],"curies":[{"name":"wp","href":"https:\/\/api.w.org\/{rel}","templated":true}]}}