{"id":23278,"date":"2026-03-02T11:40:47","date_gmt":"2026-03-02T09:40:47","guid":{"rendered":"https:\/\/skaitytaknyga.lt\/?post_type=product&#038;p=23278"},"modified":"2026-03-05T10:58:26","modified_gmt":"2026-03-05T08:58:26","slug":"gatves-advokatas","status":"publish","type":"product","link":"https:\/\/skaitytaknyga.lt\/en\/produktas\/gatves-advokatas\/","title":{"rendered":"Gatv\u0117s advokatas"},"content":{"rendered":"<p>Maiklas Brokas i\u0161ra\u0161in\u0117ja klientams s\u0105skaitas u\u017e darbo valandas, kala pinigus, atkakliai skinasi keli\u0105 \u012f \u201eDrake &#038; Sweeney\u201c \u2013 did\u017eiul\u0117s juridin\u0117s firmos Va\u0161ingtone \u2013 vir\u0161\u016bn\u0119. Maiklui liko tik \u017eingsnis, kad tapt\u0173 firmos partneriu, jis turi visk\u0105. Ir staiga nebelieka nieko.<\/p>\n<p>Ka\u017ekoks benamis prabangiose firmos patalpose paima \u012fkaitais devynis jos teisininkus.<\/p>\n<p>Kai drama baigiasi, Mailkas palieka stambi\u0105 firm\u0105 ir i\u0161eina dirbti \u012f gatv\u0119, kur kadaise gyveno jo u\u017epuolikas ir kur visuomen\u0117s atstumtiesiems nuolat reikia advokato, ginan\u010dio j\u0173 teises.<\/p>\n<p>Bet Maiklas nepaj\u0117gia atsipl\u0117\u0161ti nuo paslapties, i\u0161plaukusios \u012f pavir\u0161i\u0173 i\u0161 jo firmos gelmi\u0173, nuo \u012fslaptintos bylos, kuri dabar Maiklo rankose, ir nuo s\u0105mokslo, jau kainavusio \u017emon\u0117ms gyvybes. Buv\u0119 Maiklo partneriai tampa ar\u0161iausiais prie\u0161ais. Mat j\u0173 akimis Maiklas \u2013 pavojingiausias \u017emogus gatv\u0117se&#8230;<\/p>\n","protected":false},"excerpt":{"rendered":"<p>Maiklas Brokas i\u0161ra\u0161in\u0117ja klientams s\u0105skaitas u\u017e darbo valandas, kala pinigus, atkakliai skinasi keli\u0105 \u012f \u201eDrake &#038; Sweeney\u201c \u2013 did\u017eiul\u0117s juridin\u0117s firmos Va\u0161ingtone \u2013 vir\u0161\u016bn\u0119. Maiklui liko tik \u017eingsnis, kad tapt\u0173 firmos partneriu, jis turi visk\u0105. Ir staiga nebelieka nieko. Ka\u017ekoks benamis prabangiose firmos patalpose paima \u012fkaitais devynis jos teisininkus. Kai drama baigiasi, Mailkas palieka stambi\u0105 firm\u0105 ir i\u0161eina dirbti \u012f gatv\u0119, kur kadaise gyveno jo u\u017epuolikas ir kur visuomen\u0117s atstumtiesiems nuolat reikia advokato, ginan\u010dio j\u0173 teises. Bet Maiklas nepaj\u0117gia atsipl\u0117\u0161ti nuo paslapties, i\u0161plaukusios \u012f pavir\u0161i\u0173 i\u0161 jo firmos gelmi\u0173, nuo \u012fslaptintos bylos, kuri dabar Maiklo rankose, ir nuo s\u0105mokslo, jau kainavusio \u017emon\u0117ms gyvybes. Buv\u0119 Maiklo partneriai tampa ar\u0161iausiais prie\u0161ais. Mat j\u0173 akimis Maiklas \u2013 pavojingiausias \u017emogus gatv\u0117se&#8230;<\/p>\n","protected":false},"featured_media":23283,"comment_status":"open","ping_status":"closed","template":"","meta":{"_acf_changed":false,"site-sidebar-layout":"default","site-content-layout":"","ast-site-content-layout":"default","site-content-style":"default","site-sidebar-style":"default","ast-global-header-display":"","ast-banner-title-visibility":"","ast-main-header-display":"","ast-hfb-above-header-display":"","ast-hfb-below-header-display":"","ast-hfb-mobile-header-display":"","site-post-title":"","ast-breadcrumbs-content":"","ast-featured-img":"","footer-sml-layout":"","ast-disable-related-posts":"","theme-transparent-header-meta":"","adv-header-id-meta":"","stick-header-meta":"","header-above-stick-meta":"","header-main-stick-meta":"","header-below-stick-meta":"","astra-migrate-meta-layouts":"default","ast-page-background-enabled":"default","ast-page-background-meta":{"desktop":{"background-color":"","background-image":"","background-repeat":"repeat","background-position":"center center","background-size":"auto","background-attachment":"scroll","background-type":"","background-media":"","overlay-type":"","overlay-color":"","overlay-opacity":"","overlay-gradient":""},"tablet":{"background-color":"","background-image":"","background-repeat":"repeat","background-position":"center center","background-size":"auto","background-attachment":"scroll","background-type":"","background-media":"","overlay-type":"","overlay-color":"","overlay-opacity":"","overlay-gradient":""},"mobile":{"background-color":"","background-image":"","background-repeat":"repeat","background-position":"center center","background-size":"auto","background-attachment":"scroll","background-type":"","background-media":"","overlay-type":"","overlay-color":"","overlay-opacity":"","overlay-gradient":""}},"ast-content-background-meta":{"desktop":{"background-color":"var(--ast-global-color-4)","background-image":"","background-repeat":"repeat","background-position":"center center","background-size":"auto","background-attachment":"scroll","background-type":"","background-media":"","overlay-type":"","overlay-color":"","overlay-opacity":"","overlay-gradient":""},"tablet":{"background-color":"var(--ast-global-color-4)","background-image":"","background-repeat":"repeat","background-position":"center center","background-size":"auto","background-attachment":"scroll","background-type":"","background-media":"","overlay-type":"","overlay-color":"","overlay-opacity":"","overlay-gradient":""},"mobile":{"background-color":"var(--ast-global-color-4)","background-image":"","background-repeat":"repeat","background-position":"center center","background-size":"auto","background-attachment":"scroll","background-type":"","background-media":"","overlay-type":"","overlay-color":"","overlay-opacity":"","overlay-gradient":""}}},"product_brand":[],"product_cat":[9581],"product_tag":[],"class_list":{"0":"post-23278","1":"product","2":"type-product","3":"status-publish","4":"has-post-thumbnail","6":"product_cat-kriminaliniai-romanai","7":"desktop-align-left","8":"tablet-align-left","9":"mobile-align-left","11":"first","12":"instock","13":"shipping-taxable","14":"purchasable","15":"product-type-simple"},"acf":[],"yoast_head":"<!-- This site is optimized with the Yoast SEO plugin v27.0 - https:\/\/yoast.com\/product\/yoast-seo-wordpress\/ -->\n<title>Gatv\u0117s advokatas<\/title>\n<meta name=\"description\" content=\"Maiklas Brokas i\u0161ra\u0161in\u0117ja klientams s\u0105skaitas u\u017e darbo valandas, kala pinigus, atkakliai skinasi keli\u0105 \u012f \u201eDrake &amp; Sweeney\u201c \u2013 did\u017eiul\u0117s juridin\u0117s firmos\" \/>\n<meta name=\"robots\" content=\"index, follow, max-snippet:-1, max-image-preview:large, max-video-preview:-1\" \/>\n<link rel=\"canonical\" href=\"https:\/\/skaitytaknyga.lt\/en\/produktas\/gatves-advokatas\/\" \/>\n<meta property=\"og:locale\" content=\"en_GB\" \/>\n<meta property=\"og:locale:alternate\" content=\"lt_LT\" \/>\n<meta property=\"og:type\" content=\"article\" \/>\n<meta property=\"og:title\" content=\"Gatv\u0117s advokatas\" \/>\n<meta property=\"og:description\" content=\"Maiklas Brokas i\u0161ra\u0161in\u0117ja klientams s\u0105skaitas u\u017e darbo valandas, kala pinigus, atkakliai skinasi keli\u0105 \u012f \u201eDrake &amp; Sweeney\u201c \u2013 did\u017eiul\u0117s juridin\u0117s firmos\" \/>\n<meta property=\"og:url\" content=\"https:\/\/skaitytaknyga.lt\/en\/produktas\/gatves-advokatas\/\" \/>\n<meta property=\"og:site_name\" content=\"Skaitytaknyga\" \/>\n<meta property=\"article:publisher\" content=\"https:\/\/www.facebook.com\/skaitytaknyga\/\" \/>\n<meta property=\"article:modified_time\" content=\"2026-03-05T08:58:26+00:00\" \/>\n<meta property=\"og:image\" content=\"https:\/\/skaitytaknyga.lt\/wp-content\/uploads\/2026\/03\/Gatves-advokatas-1.webp\" \/>\n\t<meta property=\"og:image:width\" content=\"300\" \/>\n\t<meta property=\"og:image:height\" content=\"485\" \/>\n\t<meta property=\"og:image:type\" content=\"image\/webp\" \/>\n<meta name=\"twitter:card\" content=\"summary_large_image\" \/>\n<meta name=\"twitter:label1\" content=\"Estimated reading time\" \/>\n\t<meta name=\"twitter:data1\" content=\"1 minute\" \/>\n<script type=\"application\/ld+json\" class=\"yoast-schema-graph\">{\"@context\":\"https:\/\/schema.org\",\"@graph\":[{\"@type\":\"WebPage\",\"@id\":\"https:\/\/skaitytaknyga.lt\/produktas\/gatves-advokatas\/\",\"url\":\"https:\/\/skaitytaknyga.lt\/produktas\/gatves-advokatas\/\",\"name\":\"Gatv\u0117s advokatas\",\"isPartOf\":{\"@id\":\"https:\/\/skaitytaknyga.lt\/#website\"},\"primaryImageOfPage\":{\"@id\":\"https:\/\/skaitytaknyga.lt\/produktas\/gatves-advokatas\/#primaryimage\"},\"image\":{\"@id\":\"https:\/\/skaitytaknyga.lt\/produktas\/gatves-advokatas\/#primaryimage\"},\"thumbnailUrl\":\"https:\/\/skaitytaknyga.lt\/wp-content\/uploads\/2026\/03\/Gatves-advokatas-1.webp\",\"datePublished\":\"2026-03-02T09:40:47+00:00\",\"dateModified\":\"2026-03-05T08:58:26+00:00\",\"description\":\"Maiklas Brokas i\u0161ra\u0161in\u0117ja klientams s\u0105skaitas u\u017e darbo valandas, kala pinigus, atkakliai skinasi keli\u0105 \u012f \u201eDrake & Sweeney\u201c \u2013 did\u017eiul\u0117s juridin\u0117s firmos\",\"breadcrumb\":{\"@id\":\"https:\/\/skaitytaknyga.lt\/produktas\/gatves-advokatas\/#breadcrumb\"},\"inLanguage\":\"en-GB\",\"potentialAction\":[{\"@type\":\"ReadAction\",\"target\":[\"https:\/\/skaitytaknyga.lt\/produktas\/gatves-advokatas\/\"]}]},{\"@type\":\"ImageObject\",\"inLanguage\":\"en-GB\",\"@id\":\"https:\/\/skaitytaknyga.lt\/produktas\/gatves-advokatas\/#primaryimage\",\"url\":\"https:\/\/skaitytaknyga.lt\/wp-content\/uploads\/2026\/03\/Gatves-advokatas-1.webp\",\"contentUrl\":\"https:\/\/skaitytaknyga.lt\/wp-content\/uploads\/2026\/03\/Gatves-advokatas-1.webp\",\"width\":300,\"height\":485,\"caption\":\"Gatv\u0117s advokatas\"},{\"@type\":\"BreadcrumbList\",\"@id\":\"https:\/\/skaitytaknyga.lt\/produktas\/gatves-advokatas\/#breadcrumb\",\"itemListElement\":[{\"@type\":\"ListItem\",\"position\":1,\"name\":\"Home\",\"item\":\"https:\/\/skaitytaknyga.lt\/\"},{\"@type\":\"ListItem\",\"position\":2,\"name\":\"Parduotuv\u0117\",\"item\":\"https:\/\/skaitytaknyga.lt\/knygu-parduotuve\/\"},{\"@type\":\"ListItem\",\"position\":3,\"name\":\"Gatv\u0117s advokatas\"}]},{\"@type\":\"WebSite\",\"@id\":\"https:\/\/skaitytaknyga.lt\/#website\",\"url\":\"https:\/\/skaitytaknyga.lt\/\",\"name\":\"skaitytaknyga.lt\",\"description\":\"Skaitytaknyga.lt \u2013 tai ma\u017eas \u0161eimos verslas, kuris prasid\u0117jo nuo meil\u0117s knygoms ir siekio i\u0161gelb\u0117ti knygas nuo likimo prie konteinerio. Kas vienam nereikalingas daiktas \u2013 kitam lobis, o mes esame tarpininkai, kurie padeda abiems tapti laimingesniems ???? \u017dinome kaip nelengva i\u0161gyventi ma\u017eiems verslams, tad nuo \u0161iol, \u010dia rasite ir kit\u0173, ma\u017e\u0173 \u0161eim\u0173 versl\u0173, rank\u0173 darbo, dovan\u0173 sau ir artimiesiems.\",\"publisher\":{\"@id\":\"https:\/\/skaitytaknyga.lt\/#organization\"},\"potentialAction\":[{\"@type\":\"SearchAction\",\"target\":{\"@type\":\"EntryPoint\",\"urlTemplate\":\"https:\/\/skaitytaknyga.lt\/?s={search_term_string}\"},\"query-input\":{\"@type\":\"PropertyValueSpecification\",\"valueRequired\":true,\"valueName\":\"search_term_string\"}}],\"inLanguage\":\"en-GB\"},{\"@type\":\"Organization\",\"@id\":\"https:\/\/skaitytaknyga.lt\/#organization\",\"name\":\"skaitytaknyga.lt\",\"url\":\"https:\/\/skaitytaknyga.lt\/\",\"logo\":{\"@type\":\"ImageObject\",\"inLanguage\":\"en-GB\",\"@id\":\"https:\/\/skaitytaknyga.lt\/#\/schema\/logo\/image\/\",\"url\":\"https:\/\/skaitytaknyga.lt\/wp-content\/uploads\/2024\/05\/cropped-cropped-cropped-02_00843_jt3bggkj1j3HLc7SyY6rEUpg.jpeg\",\"contentUrl\":\"https:\/\/skaitytaknyga.lt\/wp-content\/uploads\/2024\/05\/cropped-cropped-cropped-02_00843_jt3bggkj1j3HLc7SyY6rEUpg.jpeg\",\"width\":1600,\"height\":1600,\"caption\":\"skaitytaknyga.lt\"},\"image\":{\"@id\":\"https:\/\/skaitytaknyga.lt\/#\/schema\/logo\/image\/\"},\"sameAs\":[\"https:\/\/www.facebook.com\/skaitytaknyga\/\"]}]}<\/script>\n<!-- \/ Yoast SEO plugin. -->","yoast_head_json":{"title":"Gatv\u0117s advokatas","description":"Maiklas Brokas i\u0161ra\u0161in\u0117ja klientams s\u0105skaitas u\u017e darbo valandas, kala pinigus, atkakliai skinasi keli\u0105 \u012f \u201eDrake & Sweeney\u201c \u2013 did\u017eiul\u0117s juridin\u0117s firmos","robots":{"index":"index","follow":"follow","max-snippet":"max-snippet:-1","max-image-preview":"max-image-preview:large","max-video-preview":"max-video-preview:-1"},"canonical":"https:\/\/skaitytaknyga.lt\/en\/produktas\/gatves-advokatas\/","og_locale":"en_GB","og_type":"article","og_title":"[:lt]Gatv\u0117s advokatas[:] - Skaitytaknyga","og_description":"Maiklas Brokas i\u0161ra\u0161in\u0117ja klientams s\u0105skaitas u\u017e darbo valandas, kala pinigus, atkakliai skinasi keli\u0105 \u012f \u201eDrake & Sweeney\u201c \u2013 did\u017eiul\u0117s juridin\u0117s firmos","og_url":"https:\/\/skaitytaknyga.lt\/en\/produktas\/gatves-advokatas\/","og_site_name":"Skaitytaknyga","article_publisher":"https:\/\/www.facebook.com\/skaitytaknyga\/","article_modified_time":"2026-03-05T08:58:26+00:00","og_image":[{"width":300,"height":485,"url":"https:\/\/skaitytaknyga.lt\/wp-content\/uploads\/2026\/03\/Gatves-advokatas-1.webp","type":"image\/webp"}],"twitter_card":"summary_large_image","twitter_misc":{"Estimated reading time":"1 minute"},"schema":{"@context":"https:\/\/schema.org","@graph":[{"@type":"WebPage","@id":"https:\/\/skaitytaknyga.lt\/produktas\/gatves-advokatas\/","url":"https:\/\/skaitytaknyga.lt\/produktas\/gatves-advokatas\/","name":"Gatv\u0117s advokatas","isPartOf":{"@id":"https:\/\/skaitytaknyga.lt\/#website"},"primaryImageOfPage":{"@id":"https:\/\/skaitytaknyga.lt\/produktas\/gatves-advokatas\/#primaryimage"},"image":{"@id":"https:\/\/skaitytaknyga.lt\/produktas\/gatves-advokatas\/#primaryimage"},"thumbnailUrl":"https:\/\/skaitytaknyga.lt\/wp-content\/uploads\/2026\/03\/Gatves-advokatas-1.webp","datePublished":"2026-03-02T09:40:47+00:00","dateModified":"2026-03-05T08:58:26+00:00","description":"Maiklas Brokas i\u0161ra\u0161in\u0117ja klientams s\u0105skaitas u\u017e darbo valandas, kala pinigus, atkakliai skinasi keli\u0105 \u012f \u201eDrake & Sweeney\u201c \u2013 did\u017eiul\u0117s juridin\u0117s firmos","breadcrumb":{"@id":"https:\/\/skaitytaknyga.lt\/produktas\/gatves-advokatas\/#breadcrumb"},"inLanguage":"en-GB","potentialAction":[{"@type":"ReadAction","target":["https:\/\/skaitytaknyga.lt\/produktas\/gatves-advokatas\/"]}]},{"@type":"ImageObject","inLanguage":"en-GB","@id":"https:\/\/skaitytaknyga.lt\/produktas\/gatves-advokatas\/#primaryimage","url":"https:\/\/skaitytaknyga.lt\/wp-content\/uploads\/2026\/03\/Gatves-advokatas-1.webp","contentUrl":"https:\/\/skaitytaknyga.lt\/wp-content\/uploads\/2026\/03\/Gatves-advokatas-1.webp","width":300,"height":485,"caption":"Gatv\u0117s advokatas"},{"@type":"BreadcrumbList","@id":"https:\/\/skaitytaknyga.lt\/produktas\/gatves-advokatas\/#breadcrumb","itemListElement":[{"@type":"ListItem","position":1,"name":"Home","item":"https:\/\/skaitytaknyga.lt\/"},{"@type":"ListItem","position":2,"name":"Parduotuv\u0117","item":"https:\/\/skaitytaknyga.lt\/knygu-parduotuve\/"},{"@type":"ListItem","position":3,"name":"Gatv\u0117s advokatas"}]},{"@type":"WebSite","@id":"https:\/\/skaitytaknyga.lt\/#website","url":"https:\/\/skaitytaknyga.lt\/","name":"skaitytaknyga.lt","description":"Skaitytaknyga.lt \u2013 tai ma\u017eas \u0161eimos verslas, kuris prasid\u0117jo nuo meil\u0117s knygoms ir siekio i\u0161gelb\u0117ti knygas nuo likimo prie konteinerio. Kas vienam nereikalingas daiktas \u2013 kitam lobis, o mes esame tarpininkai, kurie padeda abiems tapti laimingesniems ???? \u017dinome kaip nelengva i\u0161gyventi ma\u017eiems verslams, tad nuo \u0161iol, \u010dia rasite ir kit\u0173, ma\u017e\u0173 \u0161eim\u0173 versl\u0173, rank\u0173 darbo, dovan\u0173 sau ir artimiesiems.","publisher":{"@id":"https:\/\/skaitytaknyga.lt\/#organization"},"potentialAction":[{"@type":"SearchAction","target":{"@type":"EntryPoint","urlTemplate":"https:\/\/skaitytaknyga.lt\/?s={search_term_string}"},"query-input":{"@type":"PropertyValueSpecification","valueRequired":true,"valueName":"search_term_string"}}],"inLanguage":"en-GB"},{"@type":"Organization","@id":"https:\/\/skaitytaknyga.lt\/#organization","name":"skaitytaknyga.lt","url":"https:\/\/skaitytaknyga.lt\/","logo":{"@type":"ImageObject","inLanguage":"en-GB","@id":"https:\/\/skaitytaknyga.lt\/#\/schema\/logo\/image\/","url":"https:\/\/skaitytaknyga.lt\/wp-content\/uploads\/2024\/05\/cropped-cropped-cropped-02_00843_jt3bggkj1j3HLc7SyY6rEUpg.jpeg","contentUrl":"https:\/\/skaitytaknyga.lt\/wp-content\/uploads\/2024\/05\/cropped-cropped-cropped-02_00843_jt3bggkj1j3HLc7SyY6rEUpg.jpeg","width":1600,"height":1600,"caption":"skaitytaknyga.lt"},"image":{"@id":"https:\/\/skaitytaknyga.lt\/#\/schema\/logo\/image\/"},"sameAs":["https:\/\/www.facebook.com\/skaitytaknyga\/"]}]}},"_links":{"self":[{"href":"https:\/\/skaitytaknyga.lt\/en\/wp-json\/wp\/v2\/product\/23278","targetHints":{"allow":["GET"]}}],"collection":[{"href":"https:\/\/skaitytaknyga.lt\/en\/wp-json\/wp\/v2\/product"}],"about":[{"href":"https:\/\/skaitytaknyga.lt\/en\/wp-json\/wp\/v2\/types\/product"}],"replies":[{"embeddable":true,"href":"https:\/\/skaitytaknyga.lt\/en\/wp-json\/wp\/v2\/comments?post=23278"}],"wp:featuredmedia":[{"embeddable":true,"href":"https:\/\/skaitytaknyga.lt\/en\/wp-json\/wp\/v2\/media\/23283"}],"wp:attachment":[{"href":"https:\/\/skaitytaknyga.lt\/en\/wp-json\/wp\/v2\/media?parent=23278"}],"wp:term":[{"taxonomy":"product_brand","embeddable":true,"href":"https:\/\/skaitytaknyga.lt\/en\/wp-json\/wp\/v2\/product_brand?post=23278"},{"taxonomy":"product_cat","embeddable":true,"href":"https:\/\/skaitytaknyga.lt\/en\/wp-json\/wp\/v2\/product_cat?post=23278"},{"taxonomy":"product_tag","embeddable":true,"href":"https:\/\/skaitytaknyga.lt\/en\/wp-json\/wp\/v2\/product_tag?post=23278"}],"curies":[{"name":"wp","href":"https:\/\/api.w.org\/{rel}","templated":true}]}}