{"id":23276,"date":"2026-03-02T11:40:46","date_gmt":"2026-03-02T09:40:46","guid":{"rendered":"https:\/\/skaitytaknyga.lt\/?post_type=product&#038;p=23276"},"modified":"2026-03-05T10:46:17","modified_gmt":"2026-03-05T08:46:17","slug":"demaskuotojas-2","status":"publish","type":"product","link":"https:\/\/skaitytaknyga.lt\/en\/produktas\/demaskuotojas-2\/","title":{"rendered":"Demaskuotojas"},"content":{"rendered":"<p>Johnas Grishamas, JAV bestseleri\u0173 autorius, dovanoja roman\u0105, kuris \u012felektrina kaip jokia kita \u0161iemet i\u0161leista knyga, ir si\u016blo pavojing\u0105, jaudinan\u010di\u0105 kelion\u0119 po tamsiausius saul\u0117tos valstijos u\u017ekampius.<\/p>\n<p>Kas b\u016bna, kai teis\u0117jas nusi\u017eengia \u012fstatymui ir paima ky\u0161\u012f?<\/p>\n<p>Leis\u0117 Stolts dirba tyr\u0117ja Floridos teis\u0117j\u0173 veiklos vertinimo komisijoje. Ji ne policinink\u0117, o jurist\u0117, nagrin\u0117janti skundus d\u0117l neeti\u0161ko teis\u0117j\u0173 elgesio.<\/p>\n<p>Vien\u0105 dien\u0105 ant jos ra\u0161omojo stalo atsiduria korupcijos byla. Advokatas, kuriam kitados buvo u\u017edrausta verstis praktika, atgauna licencij\u0105 ir pasikeit\u0119s vard\u0105 imasi veikti. Jis prisistato Gregu Majersu ir teigia \u017ein\u0105s apie Floridos teis\u0117j\u0105, kuris pavog\u0117 daugiau pinig\u0173, nei kiti suk\u010diai teis\u0117jai kartu pa\u0117mus per vis\u0105 ne tik Floridos, bet ir visos JAV gyvavimo istorij\u0105.<\/p>\n<p>Kaip nelegalios pajamos \u012fgytos? Regis, teis\u0117jas susij\u0119s su Amerikos ind\u0117n\u0173 teritorijoje i\u0161kilusiais did\u017eiuliais lo\u0161imo namais. Statybas finansavo Pakrant\u0117s mafija, kuri kas m\u0117nes\u012f nusigriebia nema\u017e\u0105 j\u0173 \u012fplauk\u0173 dal\u012f. Teis\u0117jas gauna savo u\u017emokest\u012f ir apsimeta nieko nemat\u0105s.<\/p>\n<p>Gregas ketina padaryti tam gal\u0105. Vis\u0105 ties\u0105 \u017eino vienintelis klientas, jis nori demaskuoti nusikalt\u0117l\u012f ir, remiantis Floridos \u012fstatymais, gauti milijon\u0173 vert\u0117s atlyg\u012f. Gregas pateikia oficial\u0173 skund\u0105 Teis\u0117j\u0173 veiklos vertinimo komisijai, ir byla atitenka Leisei Stolts, kuri\u0105 bemat u\u017evaldo nuojauta, kad tyrimas, ko gero, neatsiejamas nuo pavoj\u0173.<\/p>\n<p>Bet pavojai yra viena. O mirtina gr\u0117sm\u0117 \u2014 kas kita.<\/p>\n","protected":false},"excerpt":{"rendered":"<p>Johnas Grishamas, JAV bestseleri\u0173 autorius, dovanoja roman\u0105, kuris \u012felektrina kaip jokia kita \u0161iemet i\u0161leista knyga, ir si\u016blo pavojing\u0105, jaudinan\u010di\u0105 kelion\u0119 po tamsiausius saul\u0117tos valstijos u\u017ekampius. Kas b\u016bna, kai teis\u0117jas nusi\u017eengia \u012fstatymui ir paima ky\u0161\u012f? Leis\u0117 Stolts dirba tyr\u0117ja Floridos teis\u0117j\u0173 veiklos vertinimo komisijoje. Ji ne policinink\u0117, o jurist\u0117, nagrin\u0117janti skundus d\u0117l neeti\u0161ko teis\u0117j\u0173 elgesio. Vien\u0105 dien\u0105 ant jos ra\u0161omojo stalo atsiduria korupcijos byla. Advokatas, kuriam kitados buvo u\u017edrausta verstis praktika, atgauna licencij\u0105 ir pasikeit\u0119s vard\u0105 imasi veikti. Jis prisistato Gregu Majersu ir teigia \u017ein\u0105s apie Floridos teis\u0117j\u0105, kuris pavog\u0117 daugiau pinig\u0173, nei kiti suk\u010diai teis\u0117jai kartu pa\u0117mus per vis\u0105 ne tik Floridos, bet ir visos JAV gyvavimo istorij\u0105. Kaip nelegalios pajamos \u012fgytos? Regis, teis\u0117jas susij\u0119s su Amerikos ind\u0117n\u0173 teritorijoje i\u0161kilusiais did\u017eiuliais lo\u0161imo namais. Statybas finansavo Pakrant\u0117s mafija, kuri kas m\u0117nes\u012f nusigriebia nema\u017e\u0105 j\u0173 \u012fplauk\u0173 dal\u012f. Teis\u0117jas gauna savo u\u017emokest\u012f ir apsimeta nieko nemat\u0105s. Gregas ketina padaryti tam gal\u0105. Vis\u0105 ties\u0105 \u017eino vienintelis klientas, jis nori demaskuoti nusikalt\u0117l\u012f ir, remiantis Floridos \u012fstatymais, gauti milijon\u0173 vert\u0117s atlyg\u012f. Gregas pateikia oficial\u0173 skund\u0105 Teis\u0117j\u0173 veiklos vertinimo komisijai, ir byla atitenka Leisei Stolts, kuri\u0105 bemat u\u017evaldo nuojauta, kad tyrimas, ko gero, neatsiejamas nuo pavoj\u0173. Bet pavojai yra viena. O mirtina gr\u0117sm\u0117 \u2014 kas kita.<\/p>\n","protected":false},"featured_media":23280,"comment_status":"open","ping_status":"closed","template":"","meta":{"_acf_changed":false,"site-sidebar-layout":"default","site-content-layout":"","ast-site-content-layout":"default","site-content-style":"default","site-sidebar-style":"default","ast-global-header-display":"","ast-banner-title-visibility":"","ast-main-header-display":"","ast-hfb-above-header-display":"","ast-hfb-below-header-display":"","ast-hfb-mobile-header-display":"","site-post-title":"","ast-breadcrumbs-content":"","ast-featured-img":"","footer-sml-layout":"","ast-disable-related-posts":"","theme-transparent-header-meta":"","adv-header-id-meta":"","stick-header-meta":"","header-above-stick-meta":"","header-main-stick-meta":"","header-below-stick-meta":"","astra-migrate-meta-layouts":"default","ast-page-background-enabled":"default","ast-page-background-meta":{"desktop":{"background-color":"","background-image":"","background-repeat":"repeat","background-position":"center center","background-size":"auto","background-attachment":"scroll","background-type":"","background-media":"","overlay-type":"","overlay-color":"","overlay-opacity":"","overlay-gradient":""},"tablet":{"background-color":"","background-image":"","background-repeat":"repeat","background-position":"center center","background-size":"auto","background-attachment":"scroll","background-type":"","background-media":"","overlay-type":"","overlay-color":"","overlay-opacity":"","overlay-gradient":""},"mobile":{"background-color":"","background-image":"","background-repeat":"repeat","background-position":"center center","background-size":"auto","background-attachment":"scroll","background-type":"","background-media":"","overlay-type":"","overlay-color":"","overlay-opacity":"","overlay-gradient":""}},"ast-content-background-meta":{"desktop":{"background-color":"var(--ast-global-color-4)","background-image":"","background-repeat":"repeat","background-position":"center center","background-size":"auto","background-attachment":"scroll","background-type":"","background-media":"","overlay-type":"","overlay-color":"","overlay-opacity":"","overlay-gradient":""},"tablet":{"background-color":"var(--ast-global-color-4)","background-image":"","background-repeat":"repeat","background-position":"center center","background-size":"auto","background-attachment":"scroll","background-type":"","background-media":"","overlay-type":"","overlay-color":"","overlay-opacity":"","overlay-gradient":""},"mobile":{"background-color":"var(--ast-global-color-4)","background-image":"","background-repeat":"repeat","background-position":"center center","background-size":"auto","background-attachment":"scroll","background-type":"","background-media":"","overlay-type":"","overlay-color":"","overlay-opacity":"","overlay-gradient":""}}},"product_brand":[],"product_cat":[9581],"product_tag":[6623],"class_list":{"0":"post-23276","1":"product","2":"type-product","3":"status-publish","4":"has-post-thumbnail","6":"product_cat-kriminaliniai-romanai","7":"product_tag-john-grisham","8":"desktop-align-left","9":"tablet-align-left","10":"mobile-align-left","12":"first","13":"instock","14":"shipping-taxable","15":"purchasable","16":"product-type-simple"},"acf":[],"yoast_head":"<!-- This site is optimized with the Yoast SEO plugin v27.0 - https:\/\/yoast.com\/product\/yoast-seo-wordpress\/ -->\n<title>Demaskuotojas<\/title>\n<meta name=\"description\" content=\"Johnas Grishamas, JAV bestseleri\u0173 autorius, dovanoja roman\u0105, kuris \u012felektrina kaip jokia kita \u0161iemet i\u0161leista knyga, ir si\u016blo pavojing\u0105, jaudinan\u010di\u0105\" \/>\n<meta name=\"robots\" content=\"index, follow, max-snippet:-1, max-image-preview:large, max-video-preview:-1\" \/>\n<link rel=\"canonical\" href=\"https:\/\/skaitytaknyga.lt\/en\/produktas\/demaskuotojas-2\/\" \/>\n<meta property=\"og:locale\" content=\"en_GB\" \/>\n<meta property=\"og:locale:alternate\" content=\"lt_LT\" \/>\n<meta property=\"og:type\" content=\"article\" \/>\n<meta property=\"og:title\" content=\"Demaskuotojas\" \/>\n<meta property=\"og:description\" content=\"Johnas Grishamas, JAV bestseleri\u0173 autorius, dovanoja roman\u0105, kuris \u012felektrina kaip jokia kita \u0161iemet i\u0161leista knyga, ir si\u016blo pavojing\u0105, jaudinan\u010di\u0105\" \/>\n<meta property=\"og:url\" content=\"https:\/\/skaitytaknyga.lt\/en\/produktas\/demaskuotojas-2\/\" \/>\n<meta property=\"og:site_name\" content=\"Skaitytaknyga\" \/>\n<meta property=\"article:publisher\" content=\"https:\/\/www.facebook.com\/skaitytaknyga\/\" \/>\n<meta property=\"article:modified_time\" content=\"2026-03-05T08:46:17+00:00\" \/>\n<meta property=\"og:image\" content=\"https:\/\/skaitytaknyga.lt\/wp-content\/uploads\/2026\/03\/Demaskuotojas-1.webp\" \/>\n\t<meta property=\"og:image:width\" content=\"300\" \/>\n\t<meta property=\"og:image:height\" content=\"453\" \/>\n\t<meta property=\"og:image:type\" content=\"image\/webp\" \/>\n<meta name=\"twitter:card\" content=\"summary_large_image\" \/>\n<meta name=\"twitter:label1\" content=\"Estimated reading time\" \/>\n\t<meta name=\"twitter:data1\" content=\"1 minute\" \/>\n<script type=\"application\/ld+json\" class=\"yoast-schema-graph\">{\"@context\":\"https:\/\/schema.org\",\"@graph\":[{\"@type\":\"WebPage\",\"@id\":\"https:\/\/skaitytaknyga.lt\/produktas\/demaskuotojas-2\/\",\"url\":\"https:\/\/skaitytaknyga.lt\/produktas\/demaskuotojas-2\/\",\"name\":\"Demaskuotojas\",\"isPartOf\":{\"@id\":\"https:\/\/skaitytaknyga.lt\/#website\"},\"primaryImageOfPage\":{\"@id\":\"https:\/\/skaitytaknyga.lt\/produktas\/demaskuotojas-2\/#primaryimage\"},\"image\":{\"@id\":\"https:\/\/skaitytaknyga.lt\/produktas\/demaskuotojas-2\/#primaryimage\"},\"thumbnailUrl\":\"https:\/\/skaitytaknyga.lt\/wp-content\/uploads\/2026\/03\/Demaskuotojas-1.webp\",\"datePublished\":\"2026-03-02T09:40:46+00:00\",\"dateModified\":\"2026-03-05T08:46:17+00:00\",\"description\":\"Johnas Grishamas, JAV bestseleri\u0173 autorius, dovanoja roman\u0105, kuris \u012felektrina kaip jokia kita \u0161iemet i\u0161leista knyga, ir si\u016blo pavojing\u0105, jaudinan\u010di\u0105\",\"breadcrumb\":{\"@id\":\"https:\/\/skaitytaknyga.lt\/produktas\/demaskuotojas-2\/#breadcrumb\"},\"inLanguage\":\"en-GB\",\"potentialAction\":[{\"@type\":\"ReadAction\",\"target\":[\"https:\/\/skaitytaknyga.lt\/produktas\/demaskuotojas-2\/\"]}]},{\"@type\":\"ImageObject\",\"inLanguage\":\"en-GB\",\"@id\":\"https:\/\/skaitytaknyga.lt\/produktas\/demaskuotojas-2\/#primaryimage\",\"url\":\"https:\/\/skaitytaknyga.lt\/wp-content\/uploads\/2026\/03\/Demaskuotojas-1.webp\",\"contentUrl\":\"https:\/\/skaitytaknyga.lt\/wp-content\/uploads\/2026\/03\/Demaskuotojas-1.webp\",\"width\":300,\"height\":453,\"caption\":\"Demaskuotojas\"},{\"@type\":\"BreadcrumbList\",\"@id\":\"https:\/\/skaitytaknyga.lt\/produktas\/demaskuotojas-2\/#breadcrumb\",\"itemListElement\":[{\"@type\":\"ListItem\",\"position\":1,\"name\":\"Home\",\"item\":\"https:\/\/skaitytaknyga.lt\/\"},{\"@type\":\"ListItem\",\"position\":2,\"name\":\"Parduotuv\u0117\",\"item\":\"https:\/\/skaitytaknyga.lt\/knygu-parduotuve\/\"},{\"@type\":\"ListItem\",\"position\":3,\"name\":\"Demaskuotojas\"}]},{\"@type\":\"WebSite\",\"@id\":\"https:\/\/skaitytaknyga.lt\/#website\",\"url\":\"https:\/\/skaitytaknyga.lt\/\",\"name\":\"skaitytaknyga.lt\",\"description\":\"Skaitytaknyga.lt \u2013 tai ma\u017eas \u0161eimos verslas, kuris prasid\u0117jo nuo meil\u0117s knygoms ir siekio i\u0161gelb\u0117ti knygas nuo likimo prie konteinerio. Kas vienam nereikalingas daiktas \u2013 kitam lobis, o mes esame tarpininkai, kurie padeda abiems tapti laimingesniems ???? \u017dinome kaip nelengva i\u0161gyventi ma\u017eiems verslams, tad nuo \u0161iol, \u010dia rasite ir kit\u0173, ma\u017e\u0173 \u0161eim\u0173 versl\u0173, rank\u0173 darbo, dovan\u0173 sau ir artimiesiems.\",\"publisher\":{\"@id\":\"https:\/\/skaitytaknyga.lt\/#organization\"},\"potentialAction\":[{\"@type\":\"SearchAction\",\"target\":{\"@type\":\"EntryPoint\",\"urlTemplate\":\"https:\/\/skaitytaknyga.lt\/?s={search_term_string}\"},\"query-input\":{\"@type\":\"PropertyValueSpecification\",\"valueRequired\":true,\"valueName\":\"search_term_string\"}}],\"inLanguage\":\"en-GB\"},{\"@type\":\"Organization\",\"@id\":\"https:\/\/skaitytaknyga.lt\/#organization\",\"name\":\"skaitytaknyga.lt\",\"url\":\"https:\/\/skaitytaknyga.lt\/\",\"logo\":{\"@type\":\"ImageObject\",\"inLanguage\":\"en-GB\",\"@id\":\"https:\/\/skaitytaknyga.lt\/#\/schema\/logo\/image\/\",\"url\":\"https:\/\/skaitytaknyga.lt\/wp-content\/uploads\/2024\/05\/cropped-cropped-cropped-02_00843_jt3bggkj1j3HLc7SyY6rEUpg.jpeg\",\"contentUrl\":\"https:\/\/skaitytaknyga.lt\/wp-content\/uploads\/2024\/05\/cropped-cropped-cropped-02_00843_jt3bggkj1j3HLc7SyY6rEUpg.jpeg\",\"width\":1600,\"height\":1600,\"caption\":\"skaitytaknyga.lt\"},\"image\":{\"@id\":\"https:\/\/skaitytaknyga.lt\/#\/schema\/logo\/image\/\"},\"sameAs\":[\"https:\/\/www.facebook.com\/skaitytaknyga\/\"]}]}<\/script>\n<!-- \/ Yoast SEO plugin. -->","yoast_head_json":{"title":"Demaskuotojas","description":"Johnas Grishamas, JAV bestseleri\u0173 autorius, dovanoja roman\u0105, kuris \u012felektrina kaip jokia kita \u0161iemet i\u0161leista knyga, ir si\u016blo pavojing\u0105, jaudinan\u010di\u0105","robots":{"index":"index","follow":"follow","max-snippet":"max-snippet:-1","max-image-preview":"max-image-preview:large","max-video-preview":"max-video-preview:-1"},"canonical":"https:\/\/skaitytaknyga.lt\/en\/produktas\/demaskuotojas-2\/","og_locale":"en_GB","og_type":"article","og_title":"[:lt]Demaskuotojas[:] - Skaitytaknyga","og_description":"Johnas Grishamas, JAV bestseleri\u0173 autorius, dovanoja roman\u0105, kuris \u012felektrina kaip jokia kita \u0161iemet i\u0161leista knyga, ir si\u016blo pavojing\u0105, jaudinan\u010di\u0105","og_url":"https:\/\/skaitytaknyga.lt\/en\/produktas\/demaskuotojas-2\/","og_site_name":"Skaitytaknyga","article_publisher":"https:\/\/www.facebook.com\/skaitytaknyga\/","article_modified_time":"2026-03-05T08:46:17+00:00","og_image":[{"width":300,"height":453,"url":"https:\/\/skaitytaknyga.lt\/wp-content\/uploads\/2026\/03\/Demaskuotojas-1.webp","type":"image\/webp"}],"twitter_card":"summary_large_image","twitter_misc":{"Estimated reading time":"1 minute"},"schema":{"@context":"https:\/\/schema.org","@graph":[{"@type":"WebPage","@id":"https:\/\/skaitytaknyga.lt\/produktas\/demaskuotojas-2\/","url":"https:\/\/skaitytaknyga.lt\/produktas\/demaskuotojas-2\/","name":"Demaskuotojas","isPartOf":{"@id":"https:\/\/skaitytaknyga.lt\/#website"},"primaryImageOfPage":{"@id":"https:\/\/skaitytaknyga.lt\/produktas\/demaskuotojas-2\/#primaryimage"},"image":{"@id":"https:\/\/skaitytaknyga.lt\/produktas\/demaskuotojas-2\/#primaryimage"},"thumbnailUrl":"https:\/\/skaitytaknyga.lt\/wp-content\/uploads\/2026\/03\/Demaskuotojas-1.webp","datePublished":"2026-03-02T09:40:46+00:00","dateModified":"2026-03-05T08:46:17+00:00","description":"Johnas Grishamas, JAV bestseleri\u0173 autorius, dovanoja roman\u0105, kuris \u012felektrina kaip jokia kita \u0161iemet i\u0161leista knyga, ir si\u016blo pavojing\u0105, jaudinan\u010di\u0105","breadcrumb":{"@id":"https:\/\/skaitytaknyga.lt\/produktas\/demaskuotojas-2\/#breadcrumb"},"inLanguage":"en-GB","potentialAction":[{"@type":"ReadAction","target":["https:\/\/skaitytaknyga.lt\/produktas\/demaskuotojas-2\/"]}]},{"@type":"ImageObject","inLanguage":"en-GB","@id":"https:\/\/skaitytaknyga.lt\/produktas\/demaskuotojas-2\/#primaryimage","url":"https:\/\/skaitytaknyga.lt\/wp-content\/uploads\/2026\/03\/Demaskuotojas-1.webp","contentUrl":"https:\/\/skaitytaknyga.lt\/wp-content\/uploads\/2026\/03\/Demaskuotojas-1.webp","width":300,"height":453,"caption":"Demaskuotojas"},{"@type":"BreadcrumbList","@id":"https:\/\/skaitytaknyga.lt\/produktas\/demaskuotojas-2\/#breadcrumb","itemListElement":[{"@type":"ListItem","position":1,"name":"Home","item":"https:\/\/skaitytaknyga.lt\/"},{"@type":"ListItem","position":2,"name":"Parduotuv\u0117","item":"https:\/\/skaitytaknyga.lt\/knygu-parduotuve\/"},{"@type":"ListItem","position":3,"name":"Demaskuotojas"}]},{"@type":"WebSite","@id":"https:\/\/skaitytaknyga.lt\/#website","url":"https:\/\/skaitytaknyga.lt\/","name":"skaitytaknyga.lt","description":"Skaitytaknyga.lt \u2013 tai ma\u017eas \u0161eimos verslas, kuris prasid\u0117jo nuo meil\u0117s knygoms ir siekio i\u0161gelb\u0117ti knygas nuo likimo prie konteinerio. Kas vienam nereikalingas daiktas \u2013 kitam lobis, o mes esame tarpininkai, kurie padeda abiems tapti laimingesniems ???? \u017dinome kaip nelengva i\u0161gyventi ma\u017eiems verslams, tad nuo \u0161iol, \u010dia rasite ir kit\u0173, ma\u017e\u0173 \u0161eim\u0173 versl\u0173, rank\u0173 darbo, dovan\u0173 sau ir artimiesiems.","publisher":{"@id":"https:\/\/skaitytaknyga.lt\/#organization"},"potentialAction":[{"@type":"SearchAction","target":{"@type":"EntryPoint","urlTemplate":"https:\/\/skaitytaknyga.lt\/?s={search_term_string}"},"query-input":{"@type":"PropertyValueSpecification","valueRequired":true,"valueName":"search_term_string"}}],"inLanguage":"en-GB"},{"@type":"Organization","@id":"https:\/\/skaitytaknyga.lt\/#organization","name":"skaitytaknyga.lt","url":"https:\/\/skaitytaknyga.lt\/","logo":{"@type":"ImageObject","inLanguage":"en-GB","@id":"https:\/\/skaitytaknyga.lt\/#\/schema\/logo\/image\/","url":"https:\/\/skaitytaknyga.lt\/wp-content\/uploads\/2024\/05\/cropped-cropped-cropped-02_00843_jt3bggkj1j3HLc7SyY6rEUpg.jpeg","contentUrl":"https:\/\/skaitytaknyga.lt\/wp-content\/uploads\/2024\/05\/cropped-cropped-cropped-02_00843_jt3bggkj1j3HLc7SyY6rEUpg.jpeg","width":1600,"height":1600,"caption":"skaitytaknyga.lt"},"image":{"@id":"https:\/\/skaitytaknyga.lt\/#\/schema\/logo\/image\/"},"sameAs":["https:\/\/www.facebook.com\/skaitytaknyga\/"]}]}},"_links":{"self":[{"href":"https:\/\/skaitytaknyga.lt\/en\/wp-json\/wp\/v2\/product\/23276","targetHints":{"allow":["GET"]}}],"collection":[{"href":"https:\/\/skaitytaknyga.lt\/en\/wp-json\/wp\/v2\/product"}],"about":[{"href":"https:\/\/skaitytaknyga.lt\/en\/wp-json\/wp\/v2\/types\/product"}],"replies":[{"embeddable":true,"href":"https:\/\/skaitytaknyga.lt\/en\/wp-json\/wp\/v2\/comments?post=23276"}],"wp:featuredmedia":[{"embeddable":true,"href":"https:\/\/skaitytaknyga.lt\/en\/wp-json\/wp\/v2\/media\/23280"}],"wp:attachment":[{"href":"https:\/\/skaitytaknyga.lt\/en\/wp-json\/wp\/v2\/media?parent=23276"}],"wp:term":[{"taxonomy":"product_brand","embeddable":true,"href":"https:\/\/skaitytaknyga.lt\/en\/wp-json\/wp\/v2\/product_brand?post=23276"},{"taxonomy":"product_cat","embeddable":true,"href":"https:\/\/skaitytaknyga.lt\/en\/wp-json\/wp\/v2\/product_cat?post=23276"},{"taxonomy":"product_tag","embeddable":true,"href":"https:\/\/skaitytaknyga.lt\/en\/wp-json\/wp\/v2\/product_tag?post=23276"}],"curies":[{"name":"wp","href":"https:\/\/api.w.org\/{rel}","templated":true}]}}