{"id":23275,"date":"2026-03-02T11:40:46","date_gmt":"2026-03-02T09:40:46","guid":{"rendered":"https:\/\/skaitytaknyga.lt\/?post_type=product&#038;p=23275"},"modified":"2026-03-05T10:46:17","modified_gmt":"2026-03-05T08:46:17","slug":"gaidzio-baras","status":"publish","type":"product","link":"https:\/\/skaitytaknyga.lt\/en\/produktas\/gaidzio-baras\/","title":{"rendered":"\u201eGaid\u017eio\u201c baras"},"content":{"rendered":"<p>The New York Times bestseleri\u0173 autorius John Grisham pristato naujausi\u0105 teisin\u012f triler\u012f, suteikiant\u012f skaitytojams prog\u0105 i\u0161 vidaus pa\u017einti juridin\u0119 firm\u0105, kuriai gresia bet kada \u017elugti.<\/p>\n<p>Markas, Todas ir Zola stojo \u012f teis\u0117s mokykl\u0105 ketindami pakeisti pasaul\u012f, nor\u0117dami j\u012f paversti geresne vieta. Visi u\u017esivert\u0117 sunki\u0105 paskol\u0173 na\u0161t\u0105, kad gal\u0117t\u0173 baigti komercin\u0119 menkavert\u0119 mokslo \u012fstaig\u0105, kurios studij\u0173 kokyb\u0117 tokia prasta, jog retas kuris absolventas i\u0161laiko advokat\u016bros egzamin\u0105, k\u0105 jau kalb\u0117ti apie galimybes gauti pador\u0173 darb\u0105. Mokykla t\u0117ra viena i\u0161 j\u0173 tinklo, priklausan\u010dio \u012ftartinam Niujorko verslininkui, ribotos rizikos fondo savininkui, kuris, negana to, dar valdo studentams paskolas dalijant\u012f bank\u0105. Ir tai i\u0161siai\u0161kin\u0119 visi trys suvokia, kad jie \u012ftraukti \u012f did\u017ei\u0105j\u0105 teis\u0117s mokykl\u0173 afer\u0105.<\/p>\n<p>Bet trijulei galb\u016bt pavykt\u0173 rasti i\u0161eit\u012f. Galb\u016bt pavykt\u0173 i\u0161sisukti nuo gniu\u017edan\u010dio \u012fsiskolinimo, demaskuoti bank\u0105 ir suktybes bei tuo pat metu u\u017esidirbti ka\u017ekiek doleri\u0173. Ta\u010diau m\u0117ginant \u012fgyvendinti savo planus pirmiausia reik\u0117t\u0173 mesti studijas. Apleisti mokslus, kai iki diplom\u0173 teikimo lieka keli trumpi m\u0117nesiai? Taip elgtis beproti\u0161ka, tiesa? Na, ir taip, ir ne&#8230;<\/p>\n","protected":false},"excerpt":{"rendered":"<p>The New York Times bestseleri\u0173 autorius John Grisham pristato naujausi\u0105 teisin\u012f triler\u012f, suteikiant\u012f skaitytojams prog\u0105 i\u0161 vidaus pa\u017einti juridin\u0119 firm\u0105, kuriai gresia bet kada \u017elugti. Markas, Todas ir Zola stojo \u012f teis\u0117s mokykl\u0105 ketindami pakeisti pasaul\u012f, nor\u0117dami j\u012f paversti geresne vieta. Visi u\u017esivert\u0117 sunki\u0105 paskol\u0173 na\u0161t\u0105, kad gal\u0117t\u0173 baigti komercin\u0119 menkavert\u0119 mokslo \u012fstaig\u0105, kurios studij\u0173 kokyb\u0117 tokia prasta, jog retas kuris absolventas i\u0161laiko advokat\u016bros egzamin\u0105, k\u0105 jau kalb\u0117ti apie galimybes gauti pador\u0173 darb\u0105. Mokykla t\u0117ra viena i\u0161 j\u0173 tinklo, priklausan\u010dio \u012ftartinam Niujorko verslininkui, ribotos rizikos fondo savininkui, kuris, negana to, dar valdo studentams paskolas dalijant\u012f bank\u0105. Ir tai i\u0161siai\u0161kin\u0119 visi trys suvokia, kad jie \u012ftraukti \u012f did\u017ei\u0105j\u0105 teis\u0117s mokykl\u0173 afer\u0105. Bet trijulei galb\u016bt pavykt\u0173 rasti i\u0161eit\u012f. Galb\u016bt pavykt\u0173 i\u0161sisukti nuo gniu\u017edan\u010dio \u012fsiskolinimo, demaskuoti bank\u0105 ir suktybes bei tuo pat metu u\u017esidirbti ka\u017ekiek doleri\u0173. Ta\u010diau m\u0117ginant \u012fgyvendinti savo planus pirmiausia reik\u0117t\u0173 mesti studijas. Apleisti mokslus, kai iki diplom\u0173 teikimo lieka keli trumpi m\u0117nesiai? Taip elgtis beproti\u0161ka, tiesa? Na, ir taip, ir ne&#8230;<\/p>\n","protected":false},"featured_media":23281,"comment_status":"open","ping_status":"closed","template":"","meta":{"_acf_changed":false,"site-sidebar-layout":"default","site-content-layout":"","ast-site-content-layout":"default","site-content-style":"default","site-sidebar-style":"default","ast-global-header-display":"","ast-banner-title-visibility":"","ast-main-header-display":"","ast-hfb-above-header-display":"","ast-hfb-below-header-display":"","ast-hfb-mobile-header-display":"","site-post-title":"","ast-breadcrumbs-content":"","ast-featured-img":"","footer-sml-layout":"","ast-disable-related-posts":"","theme-transparent-header-meta":"","adv-header-id-meta":"","stick-header-meta":"","header-above-stick-meta":"","header-main-stick-meta":"","header-below-stick-meta":"","astra-migrate-meta-layouts":"default","ast-page-background-enabled":"default","ast-page-background-meta":{"desktop":{"background-color":"","background-image":"","background-repeat":"repeat","background-position":"center center","background-size":"auto","background-attachment":"scroll","background-type":"","background-media":"","overlay-type":"","overlay-color":"","overlay-opacity":"","overlay-gradient":""},"tablet":{"background-color":"","background-image":"","background-repeat":"repeat","background-position":"center center","background-size":"auto","background-attachment":"scroll","background-type":"","background-media":"","overlay-type":"","overlay-color":"","overlay-opacity":"","overlay-gradient":""},"mobile":{"background-color":"","background-image":"","background-repeat":"repeat","background-position":"center center","background-size":"auto","background-attachment":"scroll","background-type":"","background-media":"","overlay-type":"","overlay-color":"","overlay-opacity":"","overlay-gradient":""}},"ast-content-background-meta":{"desktop":{"background-color":"var(--ast-global-color-4)","background-image":"","background-repeat":"repeat","background-position":"center center","background-size":"auto","background-attachment":"scroll","background-type":"","background-media":"","overlay-type":"","overlay-color":"","overlay-opacity":"","overlay-gradient":""},"tablet":{"background-color":"var(--ast-global-color-4)","background-image":"","background-repeat":"repeat","background-position":"center center","background-size":"auto","background-attachment":"scroll","background-type":"","background-media":"","overlay-type":"","overlay-color":"","overlay-opacity":"","overlay-gradient":""},"mobile":{"background-color":"var(--ast-global-color-4)","background-image":"","background-repeat":"repeat","background-position":"center center","background-size":"auto","background-attachment":"scroll","background-type":"","background-media":"","overlay-type":"","overlay-color":"","overlay-opacity":"","overlay-gradient":""}}},"product_brand":[],"product_cat":[9581],"product_tag":[6623],"class_list":{"0":"post-23275","1":"product","2":"type-product","3":"status-publish","4":"has-post-thumbnail","6":"product_cat-kriminaliniai-romanai","7":"product_tag-john-grisham","8":"desktop-align-left","9":"tablet-align-left","10":"mobile-align-left","12":"first","13":"instock","14":"shipping-taxable","15":"purchasable","16":"product-type-simple"},"acf":[],"yoast_head":"<!-- This site is optimized with the Yoast SEO plugin v27.0 - https:\/\/yoast.com\/product\/yoast-seo-wordpress\/ -->\n<title>\u201eGaid\u017eio\u201c baras<\/title>\n<meta name=\"description\" content=\"The New York Times bestseleri\u0173 autorius John Grisham pristato naujausi\u0105 teisin\u012f triler\u012f, suteikiant\u012f skaitytojams prog\u0105 i\u0161 vidaus pa\u017einti juridin\u0119 firm\u0105,\" \/>\n<meta name=\"robots\" content=\"index, follow, max-snippet:-1, max-image-preview:large, max-video-preview:-1\" \/>\n<link rel=\"canonical\" href=\"https:\/\/skaitytaknyga.lt\/en\/produktas\/gaidzio-baras\/\" \/>\n<meta property=\"og:locale\" content=\"en_GB\" \/>\n<meta property=\"og:locale:alternate\" content=\"lt_LT\" \/>\n<meta property=\"og:type\" content=\"article\" \/>\n<meta property=\"og:title\" content=\"\u201eGaid\u017eio\u201c baras\" \/>\n<meta property=\"og:description\" content=\"The New York Times bestseleri\u0173 autorius John Grisham pristato naujausi\u0105 teisin\u012f triler\u012f, suteikiant\u012f skaitytojams prog\u0105 i\u0161 vidaus pa\u017einti juridin\u0119 firm\u0105,\" \/>\n<meta property=\"og:url\" content=\"https:\/\/skaitytaknyga.lt\/en\/produktas\/gaidzio-baras\/\" \/>\n<meta property=\"og:site_name\" content=\"Skaitytaknyga\" \/>\n<meta property=\"article:publisher\" content=\"https:\/\/www.facebook.com\/skaitytaknyga\/\" \/>\n<meta property=\"article:modified_time\" content=\"2026-03-05T08:46:17+00:00\" \/>\n<meta property=\"og:image\" content=\"https:\/\/skaitytaknyga.lt\/wp-content\/uploads\/2026\/03\/Gaidzio-baras-1.webp\" \/>\n\t<meta property=\"og:image:width\" content=\"300\" \/>\n\t<meta property=\"og:image:height\" content=\"453\" \/>\n\t<meta property=\"og:image:type\" content=\"image\/webp\" \/>\n<meta name=\"twitter:card\" content=\"summary_large_image\" \/>\n<meta name=\"twitter:label1\" content=\"Estimated reading time\" \/>\n\t<meta name=\"twitter:data1\" content=\"1 minute\" \/>\n<script type=\"application\/ld+json\" class=\"yoast-schema-graph\">{\"@context\":\"https:\/\/schema.org\",\"@graph\":[{\"@type\":\"WebPage\",\"@id\":\"https:\/\/skaitytaknyga.lt\/produktas\/gaidzio-baras\/\",\"url\":\"https:\/\/skaitytaknyga.lt\/produktas\/gaidzio-baras\/\",\"name\":\"\u201eGaid\u017eio\u201c baras\",\"isPartOf\":{\"@id\":\"https:\/\/skaitytaknyga.lt\/#website\"},\"primaryImageOfPage\":{\"@id\":\"https:\/\/skaitytaknyga.lt\/produktas\/gaidzio-baras\/#primaryimage\"},\"image\":{\"@id\":\"https:\/\/skaitytaknyga.lt\/produktas\/gaidzio-baras\/#primaryimage\"},\"thumbnailUrl\":\"https:\/\/skaitytaknyga.lt\/wp-content\/uploads\/2026\/03\/Gaidzio-baras-1.webp\",\"datePublished\":\"2026-03-02T09:40:46+00:00\",\"dateModified\":\"2026-03-05T08:46:17+00:00\",\"description\":\"The New York Times bestseleri\u0173 autorius John Grisham pristato naujausi\u0105 teisin\u012f triler\u012f, suteikiant\u012f skaitytojams prog\u0105 i\u0161 vidaus pa\u017einti juridin\u0119 firm\u0105,\",\"breadcrumb\":{\"@id\":\"https:\/\/skaitytaknyga.lt\/produktas\/gaidzio-baras\/#breadcrumb\"},\"inLanguage\":\"en-GB\",\"potentialAction\":[{\"@type\":\"ReadAction\",\"target\":[\"https:\/\/skaitytaknyga.lt\/produktas\/gaidzio-baras\/\"]}]},{\"@type\":\"ImageObject\",\"inLanguage\":\"en-GB\",\"@id\":\"https:\/\/skaitytaknyga.lt\/produktas\/gaidzio-baras\/#primaryimage\",\"url\":\"https:\/\/skaitytaknyga.lt\/wp-content\/uploads\/2026\/03\/Gaidzio-baras-1.webp\",\"contentUrl\":\"https:\/\/skaitytaknyga.lt\/wp-content\/uploads\/2026\/03\/Gaidzio-baras-1.webp\",\"width\":300,\"height\":453,\"caption\":\"Gaid\u017eio baras (1)\"},{\"@type\":\"BreadcrumbList\",\"@id\":\"https:\/\/skaitytaknyga.lt\/produktas\/gaidzio-baras\/#breadcrumb\",\"itemListElement\":[{\"@type\":\"ListItem\",\"position\":1,\"name\":\"Home\",\"item\":\"https:\/\/skaitytaknyga.lt\/\"},{\"@type\":\"ListItem\",\"position\":2,\"name\":\"Parduotuv\u0117\",\"item\":\"https:\/\/skaitytaknyga.lt\/knygu-parduotuve\/\"},{\"@type\":\"ListItem\",\"position\":3,\"name\":\"\u201eGaid\u017eio\u201c baras\"}]},{\"@type\":\"WebSite\",\"@id\":\"https:\/\/skaitytaknyga.lt\/#website\",\"url\":\"https:\/\/skaitytaknyga.lt\/\",\"name\":\"skaitytaknyga.lt\",\"description\":\"Skaitytaknyga.lt \u2013 tai ma\u017eas \u0161eimos verslas, kuris prasid\u0117jo nuo meil\u0117s knygoms ir siekio i\u0161gelb\u0117ti knygas nuo likimo prie konteinerio. Kas vienam nereikalingas daiktas \u2013 kitam lobis, o mes esame tarpininkai, kurie padeda abiems tapti laimingesniems ???? \u017dinome kaip nelengva i\u0161gyventi ma\u017eiems verslams, tad nuo \u0161iol, \u010dia rasite ir kit\u0173, ma\u017e\u0173 \u0161eim\u0173 versl\u0173, rank\u0173 darbo, dovan\u0173 sau ir artimiesiems.\",\"publisher\":{\"@id\":\"https:\/\/skaitytaknyga.lt\/#organization\"},\"potentialAction\":[{\"@type\":\"SearchAction\",\"target\":{\"@type\":\"EntryPoint\",\"urlTemplate\":\"https:\/\/skaitytaknyga.lt\/?s={search_term_string}\"},\"query-input\":{\"@type\":\"PropertyValueSpecification\",\"valueRequired\":true,\"valueName\":\"search_term_string\"}}],\"inLanguage\":\"en-GB\"},{\"@type\":\"Organization\",\"@id\":\"https:\/\/skaitytaknyga.lt\/#organization\",\"name\":\"skaitytaknyga.lt\",\"url\":\"https:\/\/skaitytaknyga.lt\/\",\"logo\":{\"@type\":\"ImageObject\",\"inLanguage\":\"en-GB\",\"@id\":\"https:\/\/skaitytaknyga.lt\/#\/schema\/logo\/image\/\",\"url\":\"https:\/\/skaitytaknyga.lt\/wp-content\/uploads\/2024\/05\/cropped-cropped-cropped-02_00843_jt3bggkj1j3HLc7SyY6rEUpg.jpeg\",\"contentUrl\":\"https:\/\/skaitytaknyga.lt\/wp-content\/uploads\/2024\/05\/cropped-cropped-cropped-02_00843_jt3bggkj1j3HLc7SyY6rEUpg.jpeg\",\"width\":1600,\"height\":1600,\"caption\":\"skaitytaknyga.lt\"},\"image\":{\"@id\":\"https:\/\/skaitytaknyga.lt\/#\/schema\/logo\/image\/\"},\"sameAs\":[\"https:\/\/www.facebook.com\/skaitytaknyga\/\"]}]}<\/script>\n<!-- \/ Yoast SEO plugin. -->","yoast_head_json":{"title":"\u201eGaid\u017eio\u201c baras","description":"The New York Times bestseleri\u0173 autorius John Grisham pristato naujausi\u0105 teisin\u012f triler\u012f, suteikiant\u012f skaitytojams prog\u0105 i\u0161 vidaus pa\u017einti juridin\u0119 firm\u0105,","robots":{"index":"index","follow":"follow","max-snippet":"max-snippet:-1","max-image-preview":"max-image-preview:large","max-video-preview":"max-video-preview:-1"},"canonical":"https:\/\/skaitytaknyga.lt\/en\/produktas\/gaidzio-baras\/","og_locale":"en_GB","og_type":"article","og_title":"[:lt]\u201eGaid\u017eio\u201c baras[:] - Skaitytaknyga","og_description":"The New York Times bestseleri\u0173 autorius John Grisham pristato naujausi\u0105 teisin\u012f triler\u012f, suteikiant\u012f skaitytojams prog\u0105 i\u0161 vidaus pa\u017einti juridin\u0119 firm\u0105,","og_url":"https:\/\/skaitytaknyga.lt\/en\/produktas\/gaidzio-baras\/","og_site_name":"Skaitytaknyga","article_publisher":"https:\/\/www.facebook.com\/skaitytaknyga\/","article_modified_time":"2026-03-05T08:46:17+00:00","og_image":[{"width":300,"height":453,"url":"https:\/\/skaitytaknyga.lt\/wp-content\/uploads\/2026\/03\/Gaidzio-baras-1.webp","type":"image\/webp"}],"twitter_card":"summary_large_image","twitter_misc":{"Estimated reading time":"1 minute"},"schema":{"@context":"https:\/\/schema.org","@graph":[{"@type":"WebPage","@id":"https:\/\/skaitytaknyga.lt\/produktas\/gaidzio-baras\/","url":"https:\/\/skaitytaknyga.lt\/produktas\/gaidzio-baras\/","name":"\u201eGaid\u017eio\u201c baras","isPartOf":{"@id":"https:\/\/skaitytaknyga.lt\/#website"},"primaryImageOfPage":{"@id":"https:\/\/skaitytaknyga.lt\/produktas\/gaidzio-baras\/#primaryimage"},"image":{"@id":"https:\/\/skaitytaknyga.lt\/produktas\/gaidzio-baras\/#primaryimage"},"thumbnailUrl":"https:\/\/skaitytaknyga.lt\/wp-content\/uploads\/2026\/03\/Gaidzio-baras-1.webp","datePublished":"2026-03-02T09:40:46+00:00","dateModified":"2026-03-05T08:46:17+00:00","description":"The New York Times bestseleri\u0173 autorius John Grisham pristato naujausi\u0105 teisin\u012f triler\u012f, suteikiant\u012f skaitytojams prog\u0105 i\u0161 vidaus pa\u017einti juridin\u0119 firm\u0105,","breadcrumb":{"@id":"https:\/\/skaitytaknyga.lt\/produktas\/gaidzio-baras\/#breadcrumb"},"inLanguage":"en-GB","potentialAction":[{"@type":"ReadAction","target":["https:\/\/skaitytaknyga.lt\/produktas\/gaidzio-baras\/"]}]},{"@type":"ImageObject","inLanguage":"en-GB","@id":"https:\/\/skaitytaknyga.lt\/produktas\/gaidzio-baras\/#primaryimage","url":"https:\/\/skaitytaknyga.lt\/wp-content\/uploads\/2026\/03\/Gaidzio-baras-1.webp","contentUrl":"https:\/\/skaitytaknyga.lt\/wp-content\/uploads\/2026\/03\/Gaidzio-baras-1.webp","width":300,"height":453,"caption":"Gaid\u017eio baras (1)"},{"@type":"BreadcrumbList","@id":"https:\/\/skaitytaknyga.lt\/produktas\/gaidzio-baras\/#breadcrumb","itemListElement":[{"@type":"ListItem","position":1,"name":"Home","item":"https:\/\/skaitytaknyga.lt\/"},{"@type":"ListItem","position":2,"name":"Parduotuv\u0117","item":"https:\/\/skaitytaknyga.lt\/knygu-parduotuve\/"},{"@type":"ListItem","position":3,"name":"\u201eGaid\u017eio\u201c baras"}]},{"@type":"WebSite","@id":"https:\/\/skaitytaknyga.lt\/#website","url":"https:\/\/skaitytaknyga.lt\/","name":"skaitytaknyga.lt","description":"Skaitytaknyga.lt \u2013 tai ma\u017eas \u0161eimos verslas, kuris prasid\u0117jo nuo meil\u0117s knygoms ir siekio i\u0161gelb\u0117ti knygas nuo likimo prie konteinerio. Kas vienam nereikalingas daiktas \u2013 kitam lobis, o mes esame tarpininkai, kurie padeda abiems tapti laimingesniems ???? \u017dinome kaip nelengva i\u0161gyventi ma\u017eiems verslams, tad nuo \u0161iol, \u010dia rasite ir kit\u0173, ma\u017e\u0173 \u0161eim\u0173 versl\u0173, rank\u0173 darbo, dovan\u0173 sau ir artimiesiems.","publisher":{"@id":"https:\/\/skaitytaknyga.lt\/#organization"},"potentialAction":[{"@type":"SearchAction","target":{"@type":"EntryPoint","urlTemplate":"https:\/\/skaitytaknyga.lt\/?s={search_term_string}"},"query-input":{"@type":"PropertyValueSpecification","valueRequired":true,"valueName":"search_term_string"}}],"inLanguage":"en-GB"},{"@type":"Organization","@id":"https:\/\/skaitytaknyga.lt\/#organization","name":"skaitytaknyga.lt","url":"https:\/\/skaitytaknyga.lt\/","logo":{"@type":"ImageObject","inLanguage":"en-GB","@id":"https:\/\/skaitytaknyga.lt\/#\/schema\/logo\/image\/","url":"https:\/\/skaitytaknyga.lt\/wp-content\/uploads\/2024\/05\/cropped-cropped-cropped-02_00843_jt3bggkj1j3HLc7SyY6rEUpg.jpeg","contentUrl":"https:\/\/skaitytaknyga.lt\/wp-content\/uploads\/2024\/05\/cropped-cropped-cropped-02_00843_jt3bggkj1j3HLc7SyY6rEUpg.jpeg","width":1600,"height":1600,"caption":"skaitytaknyga.lt"},"image":{"@id":"https:\/\/skaitytaknyga.lt\/#\/schema\/logo\/image\/"},"sameAs":["https:\/\/www.facebook.com\/skaitytaknyga\/"]}]}},"_links":{"self":[{"href":"https:\/\/skaitytaknyga.lt\/en\/wp-json\/wp\/v2\/product\/23275","targetHints":{"allow":["GET"]}}],"collection":[{"href":"https:\/\/skaitytaknyga.lt\/en\/wp-json\/wp\/v2\/product"}],"about":[{"href":"https:\/\/skaitytaknyga.lt\/en\/wp-json\/wp\/v2\/types\/product"}],"replies":[{"embeddable":true,"href":"https:\/\/skaitytaknyga.lt\/en\/wp-json\/wp\/v2\/comments?post=23275"}],"wp:featuredmedia":[{"embeddable":true,"href":"https:\/\/skaitytaknyga.lt\/en\/wp-json\/wp\/v2\/media\/23281"}],"wp:attachment":[{"href":"https:\/\/skaitytaknyga.lt\/en\/wp-json\/wp\/v2\/media?parent=23275"}],"wp:term":[{"taxonomy":"product_brand","embeddable":true,"href":"https:\/\/skaitytaknyga.lt\/en\/wp-json\/wp\/v2\/product_brand?post=23275"},{"taxonomy":"product_cat","embeddable":true,"href":"https:\/\/skaitytaknyga.lt\/en\/wp-json\/wp\/v2\/product_cat?post=23275"},{"taxonomy":"product_tag","embeddable":true,"href":"https:\/\/skaitytaknyga.lt\/en\/wp-json\/wp\/v2\/product_tag?post=23275"}],"curies":[{"name":"wp","href":"https:\/\/api.w.org\/{rel}","templated":true}]}}