{"id":23274,"date":"2026-03-02T11:40:46","date_gmt":"2026-03-02T09:40:46","guid":{"rendered":"https:\/\/skaitytaknyga.lt\/?post_type=product&#038;p=23274"},"modified":"2026-03-05T10:49:40","modified_gmt":"2026-03-05T08:49:40","slug":"nepazistamasis-pagelte-lapai","status":"publish","type":"product","link":"https:\/\/skaitytaknyga.lt\/en\/produktas\/nepazistamasis-pagelte-lapai\/","title":{"rendered":"Nepa\u017e\u012fstamasis (pagelt\u0119 lapai)"},"content":{"rendered":"<p>The New York Times \u012ftampos bestseleri\u0173 meistras Harlanas Cobenas pristato savo nepaprastai sukre\u010diant\u012f triler\u012f, \u012frodydamas, kad gerai sulipdytas melas padeda susikurti puik\u0173 gyvenim\u0105, o paslaptis lyg sprogstamasis u\u017etaisas gali lygiai taip pat s\u0117kmingai j\u012f sugriauti.<\/p>\n<p>Nepa\u017e\u012fstamasis gali pasirodyti lyg i\u0161 niekur, galb\u016bt i\u0161dygti bare, stov\u0117jimo aik\u0161tel\u0117je ar ma\u017eoje krautuv\u0117l\u0117je. Jo tapatyb\u0117 ne\u017einoma. Jo motyvai \u2014 neai\u0161k\u016bs, o informacija \u2014 nepaneigiama. Jis su\u0161nab\u017eda kelet\u0105 \u017eod\u017ei\u0173 \u012f aus\u012f ir pradingsta, palik\u0119s tave rankioti akimirksniu sudu\u017eusio pasaulio \u0161ukes.<\/p>\n<p>O Adamas Praisas turi k\u0105 prarasti \u2014 laiminga santuoka su gra\u017eia moterimi, du nuostab\u016bs s\u016bn\u016bs bei visi kiti amerikieti\u0161kos svajon\u0117s atributai: didelis namas, geras darbas, regis, tobulas gyvenimas.<\/p>\n<p>Ir tada prie jo prieina nepa\u017e\u012fstamasis. Su\u017einoj\u0119s gniu\u017edan\u010di\u0105 savo \u017emonos Korinos paslapt\u012f, u\u017esipuola j\u0105, ir tobulo gyvenimo mira\u017eas i\u0161sisklaido, tarsi jo i\u0161vis neb\u016bt\u0173 buv\u0119. Netrukus Adamas supranta \u012fsiv\u0117l\u0119s \u012f ka\u017ek\u0105 daug pavojingesnio nei Korinos apgaul\u0117 ir suvokia, kad jei \u017eengs nors vien\u0105 neteising\u0105 \u017eingsn\u012f, s\u0105mokslas, kur\u012f jis atsitiktinai aptiko, ne tik sudrebins gyvenimus\u2008\u2014 jis sunaikins juos.<\/p>\n","protected":false},"excerpt":{"rendered":"<p>The New York Times \u012ftampos bestseleri\u0173 meistras Harlanas Cobenas pristato savo nepaprastai sukre\u010diant\u012f triler\u012f, \u012frodydamas, kad gerai sulipdytas melas padeda susikurti puik\u0173 gyvenim\u0105, o paslaptis lyg sprogstamasis u\u017etaisas gali lygiai taip pat s\u0117kmingai j\u012f sugriauti. Nepa\u017e\u012fstamasis gali pasirodyti lyg i\u0161 niekur, galb\u016bt i\u0161dygti bare, stov\u0117jimo aik\u0161tel\u0117je ar ma\u017eoje krautuv\u0117l\u0117je. Jo tapatyb\u0117 ne\u017einoma. Jo motyvai \u2014 neai\u0161k\u016bs, o informacija \u2014 nepaneigiama. Jis su\u0161nab\u017eda kelet\u0105 \u017eod\u017ei\u0173 \u012f aus\u012f ir pradingsta, palik\u0119s tave rankioti akimirksniu sudu\u017eusio pasaulio \u0161ukes. O Adamas Praisas turi k\u0105 prarasti \u2014 laiminga santuoka su gra\u017eia moterimi, du nuostab\u016bs s\u016bn\u016bs bei visi kiti amerikieti\u0161kos svajon\u0117s atributai: didelis namas, geras darbas, regis, tobulas gyvenimas. Ir tada prie jo prieina nepa\u017e\u012fstamasis. Su\u017einoj\u0119s gniu\u017edan\u010di\u0105 savo \u017emonos Korinos paslapt\u012f, u\u017esipuola j\u0105, ir tobulo gyvenimo mira\u017eas i\u0161sisklaido, tarsi jo i\u0161vis neb\u016bt\u0173 buv\u0119. Netrukus Adamas supranta \u012fsiv\u0117l\u0119s \u012f ka\u017ek\u0105 daug pavojingesnio nei Korinos apgaul\u0117 ir suvokia, kad jei \u017eengs nors vien\u0105 neteising\u0105 \u017eingsn\u012f, s\u0105mokslas, kur\u012f jis atsitiktinai aptiko, ne tik sudrebins gyvenimus\u2008\u2014 jis sunaikins juos.<\/p>\n","protected":false},"featured_media":23279,"comment_status":"open","ping_status":"closed","template":"","meta":{"_acf_changed":false,"site-sidebar-layout":"default","site-content-layout":"","ast-site-content-layout":"default","site-content-style":"default","site-sidebar-style":"default","ast-global-header-display":"","ast-banner-title-visibility":"","ast-main-header-display":"","ast-hfb-above-header-display":"","ast-hfb-below-header-display":"","ast-hfb-mobile-header-display":"","site-post-title":"","ast-breadcrumbs-content":"","ast-featured-img":"","footer-sml-layout":"","ast-disable-related-posts":"","theme-transparent-header-meta":"","adv-header-id-meta":"","stick-header-meta":"","header-above-stick-meta":"","header-main-stick-meta":"","header-below-stick-meta":"","astra-migrate-meta-layouts":"default","ast-page-background-enabled":"default","ast-page-background-meta":{"desktop":{"background-color":"","background-image":"","background-repeat":"repeat","background-position":"center center","background-size":"auto","background-attachment":"scroll","background-type":"","background-media":"","overlay-type":"","overlay-color":"","overlay-opacity":"","overlay-gradient":""},"tablet":{"background-color":"","background-image":"","background-repeat":"repeat","background-position":"center center","background-size":"auto","background-attachment":"scroll","background-type":"","background-media":"","overlay-type":"","overlay-color":"","overlay-opacity":"","overlay-gradient":""},"mobile":{"background-color":"","background-image":"","background-repeat":"repeat","background-position":"center center","background-size":"auto","background-attachment":"scroll","background-type":"","background-media":"","overlay-type":"","overlay-color":"","overlay-opacity":"","overlay-gradient":""}},"ast-content-background-meta":{"desktop":{"background-color":"var(--ast-global-color-4)","background-image":"","background-repeat":"repeat","background-position":"center center","background-size":"auto","background-attachment":"scroll","background-type":"","background-media":"","overlay-type":"","overlay-color":"","overlay-opacity":"","overlay-gradient":""},"tablet":{"background-color":"var(--ast-global-color-4)","background-image":"","background-repeat":"repeat","background-position":"center center","background-size":"auto","background-attachment":"scroll","background-type":"","background-media":"","overlay-type":"","overlay-color":"","overlay-opacity":"","overlay-gradient":""},"mobile":{"background-color":"var(--ast-global-color-4)","background-image":"","background-repeat":"repeat","background-position":"center center","background-size":"auto","background-attachment":"scroll","background-type":"","background-media":"","overlay-type":"","overlay-color":"","overlay-opacity":"","overlay-gradient":""}}},"product_brand":[],"product_cat":[9580],"product_tag":[6586],"class_list":{"0":"post-23274","1":"product","2":"type-product","3":"status-publish","4":"has-post-thumbnail","6":"product_cat-psichologiniai-detektyvai","7":"product_tag-harlan-coben","8":"desktop-align-left","9":"tablet-align-left","10":"mobile-align-left","12":"first","13":"instock","14":"shipping-taxable","15":"purchasable","16":"product-type-simple"},"acf":[],"yoast_head":"<!-- This site is optimized with the Yoast SEO plugin v27.0 - https:\/\/yoast.com\/product\/yoast-seo-wordpress\/ -->\n<title>Nepa\u017e\u012fstamasis (pagelt\u0119 lapai)<\/title>\n<meta name=\"description\" content=\"The New York Times \u012ftampos bestseleri\u0173 meistras Harlanas Cobenas pristato savo nepaprastai sukre\u010diant\u012f triler\u012f, \u012frodydamas, kad gerai sulipdytas melas\" \/>\n<meta name=\"robots\" content=\"index, follow, max-snippet:-1, max-image-preview:large, max-video-preview:-1\" \/>\n<link rel=\"canonical\" href=\"https:\/\/skaitytaknyga.lt\/en\/produktas\/nepazistamasis-pagelte-lapai\/\" \/>\n<meta property=\"og:locale\" content=\"en_GB\" \/>\n<meta property=\"og:locale:alternate\" content=\"lt_LT\" \/>\n<meta property=\"og:type\" content=\"article\" \/>\n<meta property=\"og:title\" content=\"Nepa\u017e\u012fstamasis (pagelt\u0119 lapai)\" \/>\n<meta property=\"og:description\" content=\"The New York Times \u012ftampos bestseleri\u0173 meistras Harlanas Cobenas pristato savo nepaprastai sukre\u010diant\u012f triler\u012f, \u012frodydamas, kad gerai sulipdytas melas\" \/>\n<meta property=\"og:url\" content=\"https:\/\/skaitytaknyga.lt\/en\/produktas\/nepazistamasis-pagelte-lapai\/\" \/>\n<meta property=\"og:site_name\" content=\"Skaitytaknyga\" \/>\n<meta property=\"article:publisher\" content=\"https:\/\/www.facebook.com\/skaitytaknyga\/\" \/>\n<meta property=\"article:modified_time\" content=\"2026-03-05T08:49:40+00:00\" \/>\n<meta property=\"og:image\" content=\"https:\/\/skaitytaknyga.lt\/wp-content\/uploads\/2026\/03\/Nepazistamasis.webp\" \/>\n\t<meta property=\"og:image:width\" content=\"300\" \/>\n\t<meta property=\"og:image:height\" content=\"454\" \/>\n\t<meta property=\"og:image:type\" content=\"image\/webp\" \/>\n<meta name=\"twitter:card\" content=\"summary_large_image\" \/>\n<meta name=\"twitter:label1\" content=\"Estimated reading time\" \/>\n\t<meta name=\"twitter:data1\" content=\"1 minute\" \/>\n<script type=\"application\/ld+json\" class=\"yoast-schema-graph\">{\"@context\":\"https:\/\/schema.org\",\"@graph\":[{\"@type\":\"WebPage\",\"@id\":\"https:\/\/skaitytaknyga.lt\/produktas\/nepazistamasis-pagelte-lapai\/\",\"url\":\"https:\/\/skaitytaknyga.lt\/produktas\/nepazistamasis-pagelte-lapai\/\",\"name\":\"Nepa\u017e\u012fstamasis (pagelt\u0119 lapai)\",\"isPartOf\":{\"@id\":\"https:\/\/skaitytaknyga.lt\/#website\"},\"primaryImageOfPage\":{\"@id\":\"https:\/\/skaitytaknyga.lt\/produktas\/nepazistamasis-pagelte-lapai\/#primaryimage\"},\"image\":{\"@id\":\"https:\/\/skaitytaknyga.lt\/produktas\/nepazistamasis-pagelte-lapai\/#primaryimage\"},\"thumbnailUrl\":\"https:\/\/skaitytaknyga.lt\/wp-content\/uploads\/2026\/03\/Nepazistamasis.webp\",\"datePublished\":\"2026-03-02T09:40:46+00:00\",\"dateModified\":\"2026-03-05T08:49:40+00:00\",\"description\":\"The New York Times \u012ftampos bestseleri\u0173 meistras Harlanas Cobenas pristato savo nepaprastai sukre\u010diant\u012f triler\u012f, \u012frodydamas, kad gerai sulipdytas melas\",\"breadcrumb\":{\"@id\":\"https:\/\/skaitytaknyga.lt\/produktas\/nepazistamasis-pagelte-lapai\/#breadcrumb\"},\"inLanguage\":\"en-GB\",\"potentialAction\":[{\"@type\":\"ReadAction\",\"target\":[\"https:\/\/skaitytaknyga.lt\/produktas\/nepazistamasis-pagelte-lapai\/\"]}]},{\"@type\":\"ImageObject\",\"inLanguage\":\"en-GB\",\"@id\":\"https:\/\/skaitytaknyga.lt\/produktas\/nepazistamasis-pagelte-lapai\/#primaryimage\",\"url\":\"https:\/\/skaitytaknyga.lt\/wp-content\/uploads\/2026\/03\/Nepazistamasis.webp\",\"contentUrl\":\"https:\/\/skaitytaknyga.lt\/wp-content\/uploads\/2026\/03\/Nepazistamasis.webp\",\"width\":300,\"height\":454,\"caption\":\"Nepa\u017e\u012fstamasis\"},{\"@type\":\"BreadcrumbList\",\"@id\":\"https:\/\/skaitytaknyga.lt\/produktas\/nepazistamasis-pagelte-lapai\/#breadcrumb\",\"itemListElement\":[{\"@type\":\"ListItem\",\"position\":1,\"name\":\"Home\",\"item\":\"https:\/\/skaitytaknyga.lt\/\"},{\"@type\":\"ListItem\",\"position\":2,\"name\":\"Parduotuv\u0117\",\"item\":\"https:\/\/skaitytaknyga.lt\/knygu-parduotuve\/\"},{\"@type\":\"ListItem\",\"position\":3,\"name\":\"Nepa\u017e\u012fstamasis (pagelt\u0119 lapai)\"}]},{\"@type\":\"WebSite\",\"@id\":\"https:\/\/skaitytaknyga.lt\/#website\",\"url\":\"https:\/\/skaitytaknyga.lt\/\",\"name\":\"skaitytaknyga.lt\",\"description\":\"Skaitytaknyga.lt \u2013 tai ma\u017eas \u0161eimos verslas, kuris prasid\u0117jo nuo meil\u0117s knygoms ir siekio i\u0161gelb\u0117ti knygas nuo likimo prie konteinerio. Kas vienam nereikalingas daiktas \u2013 kitam lobis, o mes esame tarpininkai, kurie padeda abiems tapti laimingesniems ???? \u017dinome kaip nelengva i\u0161gyventi ma\u017eiems verslams, tad nuo \u0161iol, \u010dia rasite ir kit\u0173, ma\u017e\u0173 \u0161eim\u0173 versl\u0173, rank\u0173 darbo, dovan\u0173 sau ir artimiesiems.\",\"publisher\":{\"@id\":\"https:\/\/skaitytaknyga.lt\/#organization\"},\"potentialAction\":[{\"@type\":\"SearchAction\",\"target\":{\"@type\":\"EntryPoint\",\"urlTemplate\":\"https:\/\/skaitytaknyga.lt\/?s={search_term_string}\"},\"query-input\":{\"@type\":\"PropertyValueSpecification\",\"valueRequired\":true,\"valueName\":\"search_term_string\"}}],\"inLanguage\":\"en-GB\"},{\"@type\":\"Organization\",\"@id\":\"https:\/\/skaitytaknyga.lt\/#organization\",\"name\":\"skaitytaknyga.lt\",\"url\":\"https:\/\/skaitytaknyga.lt\/\",\"logo\":{\"@type\":\"ImageObject\",\"inLanguage\":\"en-GB\",\"@id\":\"https:\/\/skaitytaknyga.lt\/#\/schema\/logo\/image\/\",\"url\":\"https:\/\/skaitytaknyga.lt\/wp-content\/uploads\/2024\/05\/cropped-cropped-cropped-02_00843_jt3bggkj1j3HLc7SyY6rEUpg.jpeg\",\"contentUrl\":\"https:\/\/skaitytaknyga.lt\/wp-content\/uploads\/2024\/05\/cropped-cropped-cropped-02_00843_jt3bggkj1j3HLc7SyY6rEUpg.jpeg\",\"width\":1600,\"height\":1600,\"caption\":\"skaitytaknyga.lt\"},\"image\":{\"@id\":\"https:\/\/skaitytaknyga.lt\/#\/schema\/logo\/image\/\"},\"sameAs\":[\"https:\/\/www.facebook.com\/skaitytaknyga\/\"]}]}<\/script>\n<!-- \/ Yoast SEO plugin. -->","yoast_head_json":{"title":"Nepa\u017e\u012fstamasis (pagelt\u0119 lapai)","description":"The New York Times \u012ftampos bestseleri\u0173 meistras Harlanas Cobenas pristato savo nepaprastai sukre\u010diant\u012f triler\u012f, \u012frodydamas, kad gerai sulipdytas melas","robots":{"index":"index","follow":"follow","max-snippet":"max-snippet:-1","max-image-preview":"max-image-preview:large","max-video-preview":"max-video-preview:-1"},"canonical":"https:\/\/skaitytaknyga.lt\/en\/produktas\/nepazistamasis-pagelte-lapai\/","og_locale":"en_GB","og_type":"article","og_title":"[:lt]Nepa\u017e\u012fstamasis (pagelt\u0119 lapai)[:] - Skaitytaknyga","og_description":"The New York Times \u012ftampos bestseleri\u0173 meistras Harlanas Cobenas pristato savo nepaprastai sukre\u010diant\u012f triler\u012f, \u012frodydamas, kad gerai sulipdytas melas","og_url":"https:\/\/skaitytaknyga.lt\/en\/produktas\/nepazistamasis-pagelte-lapai\/","og_site_name":"Skaitytaknyga","article_publisher":"https:\/\/www.facebook.com\/skaitytaknyga\/","article_modified_time":"2026-03-05T08:49:40+00:00","og_image":[{"width":300,"height":454,"url":"https:\/\/skaitytaknyga.lt\/wp-content\/uploads\/2026\/03\/Nepazistamasis.webp","type":"image\/webp"}],"twitter_card":"summary_large_image","twitter_misc":{"Estimated reading time":"1 minute"},"schema":{"@context":"https:\/\/schema.org","@graph":[{"@type":"WebPage","@id":"https:\/\/skaitytaknyga.lt\/produktas\/nepazistamasis-pagelte-lapai\/","url":"https:\/\/skaitytaknyga.lt\/produktas\/nepazistamasis-pagelte-lapai\/","name":"Nepa\u017e\u012fstamasis (pagelt\u0119 lapai)","isPartOf":{"@id":"https:\/\/skaitytaknyga.lt\/#website"},"primaryImageOfPage":{"@id":"https:\/\/skaitytaknyga.lt\/produktas\/nepazistamasis-pagelte-lapai\/#primaryimage"},"image":{"@id":"https:\/\/skaitytaknyga.lt\/produktas\/nepazistamasis-pagelte-lapai\/#primaryimage"},"thumbnailUrl":"https:\/\/skaitytaknyga.lt\/wp-content\/uploads\/2026\/03\/Nepazistamasis.webp","datePublished":"2026-03-02T09:40:46+00:00","dateModified":"2026-03-05T08:49:40+00:00","description":"The New York Times \u012ftampos bestseleri\u0173 meistras Harlanas Cobenas pristato savo nepaprastai sukre\u010diant\u012f triler\u012f, \u012frodydamas, kad gerai sulipdytas melas","breadcrumb":{"@id":"https:\/\/skaitytaknyga.lt\/produktas\/nepazistamasis-pagelte-lapai\/#breadcrumb"},"inLanguage":"en-GB","potentialAction":[{"@type":"ReadAction","target":["https:\/\/skaitytaknyga.lt\/produktas\/nepazistamasis-pagelte-lapai\/"]}]},{"@type":"ImageObject","inLanguage":"en-GB","@id":"https:\/\/skaitytaknyga.lt\/produktas\/nepazistamasis-pagelte-lapai\/#primaryimage","url":"https:\/\/skaitytaknyga.lt\/wp-content\/uploads\/2026\/03\/Nepazistamasis.webp","contentUrl":"https:\/\/skaitytaknyga.lt\/wp-content\/uploads\/2026\/03\/Nepazistamasis.webp","width":300,"height":454,"caption":"Nepa\u017e\u012fstamasis"},{"@type":"BreadcrumbList","@id":"https:\/\/skaitytaknyga.lt\/produktas\/nepazistamasis-pagelte-lapai\/#breadcrumb","itemListElement":[{"@type":"ListItem","position":1,"name":"Home","item":"https:\/\/skaitytaknyga.lt\/"},{"@type":"ListItem","position":2,"name":"Parduotuv\u0117","item":"https:\/\/skaitytaknyga.lt\/knygu-parduotuve\/"},{"@type":"ListItem","position":3,"name":"Nepa\u017e\u012fstamasis (pagelt\u0119 lapai)"}]},{"@type":"WebSite","@id":"https:\/\/skaitytaknyga.lt\/#website","url":"https:\/\/skaitytaknyga.lt\/","name":"skaitytaknyga.lt","description":"Skaitytaknyga.lt \u2013 tai ma\u017eas \u0161eimos verslas, kuris prasid\u0117jo nuo meil\u0117s knygoms ir siekio i\u0161gelb\u0117ti knygas nuo likimo prie konteinerio. Kas vienam nereikalingas daiktas \u2013 kitam lobis, o mes esame tarpininkai, kurie padeda abiems tapti laimingesniems ???? \u017dinome kaip nelengva i\u0161gyventi ma\u017eiems verslams, tad nuo \u0161iol, \u010dia rasite ir kit\u0173, ma\u017e\u0173 \u0161eim\u0173 versl\u0173, rank\u0173 darbo, dovan\u0173 sau ir artimiesiems.","publisher":{"@id":"https:\/\/skaitytaknyga.lt\/#organization"},"potentialAction":[{"@type":"SearchAction","target":{"@type":"EntryPoint","urlTemplate":"https:\/\/skaitytaknyga.lt\/?s={search_term_string}"},"query-input":{"@type":"PropertyValueSpecification","valueRequired":true,"valueName":"search_term_string"}}],"inLanguage":"en-GB"},{"@type":"Organization","@id":"https:\/\/skaitytaknyga.lt\/#organization","name":"skaitytaknyga.lt","url":"https:\/\/skaitytaknyga.lt\/","logo":{"@type":"ImageObject","inLanguage":"en-GB","@id":"https:\/\/skaitytaknyga.lt\/#\/schema\/logo\/image\/","url":"https:\/\/skaitytaknyga.lt\/wp-content\/uploads\/2024\/05\/cropped-cropped-cropped-02_00843_jt3bggkj1j3HLc7SyY6rEUpg.jpeg","contentUrl":"https:\/\/skaitytaknyga.lt\/wp-content\/uploads\/2024\/05\/cropped-cropped-cropped-02_00843_jt3bggkj1j3HLc7SyY6rEUpg.jpeg","width":1600,"height":1600,"caption":"skaitytaknyga.lt"},"image":{"@id":"https:\/\/skaitytaknyga.lt\/#\/schema\/logo\/image\/"},"sameAs":["https:\/\/www.facebook.com\/skaitytaknyga\/"]}]}},"_links":{"self":[{"href":"https:\/\/skaitytaknyga.lt\/en\/wp-json\/wp\/v2\/product\/23274","targetHints":{"allow":["GET"]}}],"collection":[{"href":"https:\/\/skaitytaknyga.lt\/en\/wp-json\/wp\/v2\/product"}],"about":[{"href":"https:\/\/skaitytaknyga.lt\/en\/wp-json\/wp\/v2\/types\/product"}],"replies":[{"embeddable":true,"href":"https:\/\/skaitytaknyga.lt\/en\/wp-json\/wp\/v2\/comments?post=23274"}],"wp:featuredmedia":[{"embeddable":true,"href":"https:\/\/skaitytaknyga.lt\/en\/wp-json\/wp\/v2\/media\/23279"}],"wp:attachment":[{"href":"https:\/\/skaitytaknyga.lt\/en\/wp-json\/wp\/v2\/media?parent=23274"}],"wp:term":[{"taxonomy":"product_brand","embeddable":true,"href":"https:\/\/skaitytaknyga.lt\/en\/wp-json\/wp\/v2\/product_brand?post=23274"},{"taxonomy":"product_cat","embeddable":true,"href":"https:\/\/skaitytaknyga.lt\/en\/wp-json\/wp\/v2\/product_cat?post=23274"},{"taxonomy":"product_tag","embeddable":true,"href":"https:\/\/skaitytaknyga.lt\/en\/wp-json\/wp\/v2\/product_tag?post=23274"}],"curies":[{"name":"wp","href":"https:\/\/api.w.org\/{rel}","templated":true}]}}