{"id":23265,"date":"2026-03-02T10:55:37","date_gmt":"2026-03-02T08:55:37","guid":{"rendered":"https:\/\/skaitytaknyga.lt\/?post_type=product&#038;p=23265"},"modified":"2026-03-18T14:59:37","modified_gmt":"2026-03-18T12:59:37","slug":"zemaiteje-mona-meile","status":"publish","type":"product","link":"https:\/\/skaitytaknyga.lt\/en\/produktas\/zemaiteje-mona-meile\/","title":{"rendered":"\u017demait\u0117j\u0117 \u2013 mona meil\u0117"},"content":{"rendered":"<p>Prie\u0161 de\u0161imt\u012f met\u0173 sumanytas, lygiai tiek pat metu kauptas, rinktas ir fotografuotas, unikalus vien \u017demaitijos kra\u0161tui ir jo \u017emon\u0117ms skirtas juodai balt\u0173 fotografij\u0173 albumas \u201e\u017demait\u0117j\u0117 \u2013 mona meile\u201d.<\/p>\n<p>Knygos autorius \u2013 garsus ir pripa\u017einimo sulauk\u0119s menininkas, fotografas Algimantas Aleksandravi\u010dius \u2013 Lietuvos nacionalin\u0117s kult\u016bros ir meno premijos laureatas (2011), Lietuvos fotomeninink\u0173 s\u0105jungos Garb\u0117s narys, Nyderland\u0173 Orange-Nassau Riterio ordino kavalierius. Apdovanotas ordino U\u017e nuopelnus Lietuvai medaliu, Aukso \u017evaig\u017ede (LATGA apdovanojimas). Lietuvoje ir u\u017esienyje sureng\u0119s per \u0161imt\u0105 personalini\u0173 parod\u0173. Keturiolikos personalini\u0173 fotoalbum\u0173 autorius.<\/p>\n<p>Fotografij\u0173  albume \u201e\u017demait\u0117j\u0117 \u2013 mona meil\u0117\u201d u\u017efiksuoti ne tik \u017demaitijos, bet ir visos Lietuvos istorijai bei kult\u016brai reik\u0161mingi ir svarb\u016bs \u012fvykiai, vietos, legendos ir, \u017einoma, gra\u017e\u016bs, talentingi, spalvingi \u017demaitijos \u017emones. Tai i\u0161skirtin\u0117s poligrafin\u0117s kokyb\u0117s, svarbios i\u0161liekamosios informacijos, i\u0161skirtin\u0117s reprezentacin\u0117s vert\u0117s leidinys.<\/p>\n<p>\u201e\u0160viesu. Atvaizdai jau sugul\u0119. Gerai, kad ne visi, nes atrodyt\u0173, kad per ma\u017eas tas m\u016bs\u0173 kra\u0161tas, kad neb\u0117ra nei k\u0105 bemyl\u0117t, nei k\u0105 prisiminti. Daug dar viet\u0173 ir \u017emoni\u0173 liko nepasteb\u0117t\u0173, o vert\u0173. \u0160is leidinys \u2013 ne \u017einynas, o meil\u0117, i\u0161pasakota vaizdais. D\u017eiugu, kad \u017demaitija lig horizonto \u2013 ligi ten, kur prasideda ka\u017ekas am\u017eina ir t\u0119stina.\u201c<\/p>\n","protected":false},"excerpt":{"rendered":"<p>Prie\u0161 de\u0161imt\u012f met\u0173 sumanytas, lygiai tiek pat metu kauptas, rinktas ir fotografuotas, unikalus vien \u017demaitijos kra\u0161tui ir jo \u017emon\u0117ms skirtas juodai balt\u0173 fotografij\u0173 albumas \u201e\u017demait\u0117j\u0117 \u2013 mona meile\u201d. Knygos autorius \u2013 garsus ir pripa\u017einimo sulauk\u0119s menininkas, fotografas Algimantas Aleksandravi\u010dius \u2013 Lietuvos nacionalin\u0117s kult\u016bros ir meno premijos laureatas (2011), Lietuvos fotomeninink\u0173 s\u0105jungos Garb\u0117s narys, Nyderland\u0173 Orange-Nassau Riterio ordino kavalierius. Apdovanotas ordino U\u017e nuopelnus Lietuvai medaliu, Aukso \u017evaig\u017ede (LATGA apdovanojimas). Lietuvoje ir u\u017esienyje sureng\u0119s per \u0161imt\u0105 personalini\u0173 parod\u0173. Keturiolikos personalini\u0173 fotoalbum\u0173 autorius. Fotografij\u0173 albume \u201e\u017demait\u0117j\u0117 \u2013 mona meil\u0117\u201d u\u017efiksuoti ne tik \u017demaitijos, bet ir visos Lietuvos istorijai bei kult\u016brai reik\u0161mingi ir svarb\u016bs \u012fvykiai, vietos, legendos ir, \u017einoma, gra\u017e\u016bs, talentingi, spalvingi \u017demaitijos \u017emones. Tai i\u0161skirtin\u0117s poligrafin\u0117s kokyb\u0117s, svarbios i\u0161liekamosios informacijos, i\u0161skirtin\u0117s reprezentacin\u0117s vert\u0117s leidinys. \u201e\u0160viesu. Atvaizdai jau sugul\u0119. Gerai, kad ne visi, nes atrodyt\u0173, kad per ma\u017eas tas m\u016bs\u0173 kra\u0161tas, kad neb\u0117ra nei k\u0105 bemyl\u0117t, nei k\u0105 prisiminti. Daug dar viet\u0173 ir \u017emoni\u0173 liko nepasteb\u0117t\u0173, o vert\u0173. \u0160is leidinys \u2013 ne \u017einynas, o meil\u0117, i\u0161pasakota vaizdais. D\u017eiugu, kad \u017demaitija lig horizonto \u2013 ligi ten, kur prasideda ka\u017ekas am\u017eina ir t\u0119stina.\u201c<\/p>\n","protected":false},"featured_media":23270,"comment_status":"open","ping_status":"closed","template":"","meta":{"_acf_changed":false,"site-sidebar-layout":"default","site-content-layout":"","ast-site-content-layout":"default","site-content-style":"default","site-sidebar-style":"default","ast-global-header-display":"","ast-banner-title-visibility":"","ast-main-header-display":"","ast-hfb-above-header-display":"","ast-hfb-below-header-display":"","ast-hfb-mobile-header-display":"","site-post-title":"","ast-breadcrumbs-content":"","ast-featured-img":"","footer-sml-layout":"","ast-disable-related-posts":"","theme-transparent-header-meta":"","adv-header-id-meta":"","stick-header-meta":"","header-above-stick-meta":"","header-main-stick-meta":"","header-below-stick-meta":"","astra-migrate-meta-layouts":"default","ast-page-background-enabled":"default","ast-page-background-meta":{"desktop":{"background-color":"","background-image":"","background-repeat":"repeat","background-position":"center center","background-size":"auto","background-attachment":"scroll","background-type":"","background-media":"","overlay-type":"","overlay-color":"","overlay-opacity":"","overlay-gradient":""},"tablet":{"background-color":"","background-image":"","background-repeat":"repeat","background-position":"center center","background-size":"auto","background-attachment":"scroll","background-type":"","background-media":"","overlay-type":"","overlay-color":"","overlay-opacity":"","overlay-gradient":""},"mobile":{"background-color":"","background-image":"","background-repeat":"repeat","background-position":"center center","background-size":"auto","background-attachment":"scroll","background-type":"","background-media":"","overlay-type":"","overlay-color":"","overlay-opacity":"","overlay-gradient":""}},"ast-content-background-meta":{"desktop":{"background-color":"var(--ast-global-color-4)","background-image":"","background-repeat":"repeat","background-position":"center center","background-size":"auto","background-attachment":"scroll","background-type":"","background-media":"","overlay-type":"","overlay-color":"","overlay-opacity":"","overlay-gradient":""},"tablet":{"background-color":"var(--ast-global-color-4)","background-image":"","background-repeat":"repeat","background-position":"center center","background-size":"auto","background-attachment":"scroll","background-type":"","background-media":"","overlay-type":"","overlay-color":"","overlay-opacity":"","overlay-gradient":""},"mobile":{"background-color":"var(--ast-global-color-4)","background-image":"","background-repeat":"repeat","background-position":"center center","background-size":"auto","background-attachment":"scroll","background-type":"","background-media":"","overlay-type":"","overlay-color":"","overlay-opacity":"","overlay-gradient":""}}},"product_brand":[],"product_cat":[9862,174],"product_tag":[9562],"class_list":{"0":"post-23265","1":"product","2":"type-product","3":"status-publish","4":"has-post-thumbnail","6":"product_cat-lietuvos-istorija","7":"product_cat-istorija-ir-politologija","8":"product_tag-algimantas-aleksandravicius","9":"desktop-align-left","10":"tablet-align-left","11":"mobile-align-left","13":"first","14":"outofstock","15":"shipping-taxable","16":"purchasable","17":"product-type-simple"},"acf":[],"yoast_head":"<!-- This site is optimized with the Yoast SEO plugin v27.0 - https:\/\/yoast.com\/product\/yoast-seo-wordpress\/ -->\n<title>\u017demait\u0117j\u0117 \u2013 mona meil\u0117<\/title>\n<meta name=\"description\" content=\"Prie\u0161 de\u0161imt\u012f met\u0173 sumanytas, lygiai tiek pat metu kauptas, rinktas ir fotografuotas, unikalus vien \u017demaitijos kra\u0161tui ir jo \u017emon\u0117ms skirtas juodai balt\u0173\" \/>\n<meta name=\"robots\" content=\"index, follow, max-snippet:-1, max-image-preview:large, max-video-preview:-1\" \/>\n<link rel=\"canonical\" href=\"https:\/\/skaitytaknyga.lt\/en\/produktas\/zemaiteje-mona-meile\/\" \/>\n<meta property=\"og:locale\" content=\"en_GB\" \/>\n<meta property=\"og:locale:alternate\" content=\"lt_LT\" \/>\n<meta property=\"og:type\" content=\"article\" \/>\n<meta property=\"og:title\" content=\"\u017demait\u0117j\u0117 \u2013 mona meil\u0117\" \/>\n<meta property=\"og:description\" content=\"Prie\u0161 de\u0161imt\u012f met\u0173 sumanytas, lygiai tiek pat metu kauptas, rinktas ir fotografuotas, unikalus vien \u017demaitijos kra\u0161tui ir jo \u017emon\u0117ms skirtas juodai balt\u0173\" \/>\n<meta property=\"og:url\" content=\"https:\/\/skaitytaknyga.lt\/en\/produktas\/zemaiteje-mona-meile\/\" \/>\n<meta property=\"og:site_name\" content=\"Skaitytaknyga\" \/>\n<meta property=\"article:publisher\" content=\"https:\/\/www.facebook.com\/skaitytaknyga\/\" \/>\n<meta property=\"article:modified_time\" content=\"2026-03-18T12:59:37+00:00\" \/>\n<meta property=\"og:image\" content=\"https:\/\/skaitytaknyga.lt\/wp-content\/uploads\/2026\/03\/Zemaiteje-\u2013-mona-meile-1.webp\" \/>\n\t<meta property=\"og:image:width\" content=\"300\" \/>\n\t<meta property=\"og:image:height\" content=\"411\" \/>\n\t<meta property=\"og:image:type\" content=\"image\/webp\" \/>\n<meta name=\"twitter:card\" content=\"summary_large_image\" \/>\n<meta name=\"twitter:label1\" content=\"Estimated reading time\" \/>\n\t<meta name=\"twitter:data1\" content=\"1 minute\" \/>\n<script type=\"application\/ld+json\" class=\"yoast-schema-graph\">{\"@context\":\"https:\/\/schema.org\",\"@graph\":[{\"@type\":\"WebPage\",\"@id\":\"https:\/\/skaitytaknyga.lt\/produktas\/zemaiteje-mona-meile\/\",\"url\":\"https:\/\/skaitytaknyga.lt\/produktas\/zemaiteje-mona-meile\/\",\"name\":\"\u017demait\u0117j\u0117 \u2013 mona meil\u0117\",\"isPartOf\":{\"@id\":\"https:\/\/skaitytaknyga.lt\/#website\"},\"primaryImageOfPage\":{\"@id\":\"https:\/\/skaitytaknyga.lt\/produktas\/zemaiteje-mona-meile\/#primaryimage\"},\"image\":{\"@id\":\"https:\/\/skaitytaknyga.lt\/produktas\/zemaiteje-mona-meile\/#primaryimage\"},\"thumbnailUrl\":\"https:\/\/skaitytaknyga.lt\/wp-content\/uploads\/2026\/03\/Zemaiteje-\u2013-mona-meile-1.webp\",\"datePublished\":\"2026-03-02T08:55:37+00:00\",\"dateModified\":\"2026-03-18T12:59:37+00:00\",\"description\":\"Prie\u0161 de\u0161imt\u012f met\u0173 sumanytas, lygiai tiek pat metu kauptas, rinktas ir fotografuotas, unikalus vien \u017demaitijos kra\u0161tui ir jo \u017emon\u0117ms skirtas juodai balt\u0173\",\"breadcrumb\":{\"@id\":\"https:\/\/skaitytaknyga.lt\/produktas\/zemaiteje-mona-meile\/#breadcrumb\"},\"inLanguage\":\"en-GB\",\"potentialAction\":[{\"@type\":\"ReadAction\",\"target\":[\"https:\/\/skaitytaknyga.lt\/produktas\/zemaiteje-mona-meile\/\"]}]},{\"@type\":\"ImageObject\",\"inLanguage\":\"en-GB\",\"@id\":\"https:\/\/skaitytaknyga.lt\/produktas\/zemaiteje-mona-meile\/#primaryimage\",\"url\":\"https:\/\/skaitytaknyga.lt\/wp-content\/uploads\/2026\/03\/Zemaiteje-\u2013-mona-meile-1.webp\",\"contentUrl\":\"https:\/\/skaitytaknyga.lt\/wp-content\/uploads\/2026\/03\/Zemaiteje-\u2013-mona-meile-1.webp\",\"width\":300,\"height\":411,\"caption\":\"\u017demait\u0117j\u0117 \u2013 mona meil\u0117\"},{\"@type\":\"BreadcrumbList\",\"@id\":\"https:\/\/skaitytaknyga.lt\/produktas\/zemaiteje-mona-meile\/#breadcrumb\",\"itemListElement\":[{\"@type\":\"ListItem\",\"position\":1,\"name\":\"Home\",\"item\":\"https:\/\/skaitytaknyga.lt\/\"},{\"@type\":\"ListItem\",\"position\":2,\"name\":\"Parduotuv\u0117\",\"item\":\"https:\/\/skaitytaknyga.lt\/knygu-parduotuve\/\"},{\"@type\":\"ListItem\",\"position\":3,\"name\":\"\u017demait\u0117j\u0117 \u2013 mona meil\u0117\"}]},{\"@type\":\"WebSite\",\"@id\":\"https:\/\/skaitytaknyga.lt\/#website\",\"url\":\"https:\/\/skaitytaknyga.lt\/\",\"name\":\"skaitytaknyga.lt\",\"description\":\"Skaitytaknyga.lt \u2013 tai ma\u017eas \u0161eimos verslas, kuris prasid\u0117jo nuo meil\u0117s knygoms ir siekio i\u0161gelb\u0117ti knygas nuo likimo prie konteinerio. Kas vienam nereikalingas daiktas \u2013 kitam lobis, o mes esame tarpininkai, kurie padeda abiems tapti laimingesniems ???? \u017dinome kaip nelengva i\u0161gyventi ma\u017eiems verslams, tad nuo \u0161iol, \u010dia rasite ir kit\u0173, ma\u017e\u0173 \u0161eim\u0173 versl\u0173, rank\u0173 darbo, dovan\u0173 sau ir artimiesiems.\",\"publisher\":{\"@id\":\"https:\/\/skaitytaknyga.lt\/#organization\"},\"potentialAction\":[{\"@type\":\"SearchAction\",\"target\":{\"@type\":\"EntryPoint\",\"urlTemplate\":\"https:\/\/skaitytaknyga.lt\/?s={search_term_string}\"},\"query-input\":{\"@type\":\"PropertyValueSpecification\",\"valueRequired\":true,\"valueName\":\"search_term_string\"}}],\"inLanguage\":\"en-GB\"},{\"@type\":\"Organization\",\"@id\":\"https:\/\/skaitytaknyga.lt\/#organization\",\"name\":\"skaitytaknyga.lt\",\"url\":\"https:\/\/skaitytaknyga.lt\/\",\"logo\":{\"@type\":\"ImageObject\",\"inLanguage\":\"en-GB\",\"@id\":\"https:\/\/skaitytaknyga.lt\/#\/schema\/logo\/image\/\",\"url\":\"https:\/\/skaitytaknyga.lt\/wp-content\/uploads\/2024\/05\/cropped-cropped-cropped-02_00843_jt3bggkj1j3HLc7SyY6rEUpg.jpeg\",\"contentUrl\":\"https:\/\/skaitytaknyga.lt\/wp-content\/uploads\/2024\/05\/cropped-cropped-cropped-02_00843_jt3bggkj1j3HLc7SyY6rEUpg.jpeg\",\"width\":1600,\"height\":1600,\"caption\":\"skaitytaknyga.lt\"},\"image\":{\"@id\":\"https:\/\/skaitytaknyga.lt\/#\/schema\/logo\/image\/\"},\"sameAs\":[\"https:\/\/www.facebook.com\/skaitytaknyga\/\"]}]}<\/script>\n<!-- \/ Yoast SEO plugin. -->","yoast_head_json":{"title":"\u017demait\u0117j\u0117 \u2013 mona meil\u0117","description":"Prie\u0161 de\u0161imt\u012f met\u0173 sumanytas, lygiai tiek pat metu kauptas, rinktas ir fotografuotas, unikalus vien \u017demaitijos kra\u0161tui ir jo \u017emon\u0117ms skirtas juodai balt\u0173","robots":{"index":"index","follow":"follow","max-snippet":"max-snippet:-1","max-image-preview":"max-image-preview:large","max-video-preview":"max-video-preview:-1"},"canonical":"https:\/\/skaitytaknyga.lt\/en\/produktas\/zemaiteje-mona-meile\/","og_locale":"en_GB","og_type":"article","og_title":"[:lt]\u017demait\u0117j\u0117 \u2013 mona meil\u0117[:] - Skaitytaknyga","og_description":"Prie\u0161 de\u0161imt\u012f met\u0173 sumanytas, lygiai tiek pat metu kauptas, rinktas ir fotografuotas, unikalus vien \u017demaitijos kra\u0161tui ir jo \u017emon\u0117ms skirtas juodai balt\u0173","og_url":"https:\/\/skaitytaknyga.lt\/en\/produktas\/zemaiteje-mona-meile\/","og_site_name":"Skaitytaknyga","article_publisher":"https:\/\/www.facebook.com\/skaitytaknyga\/","article_modified_time":"2026-03-18T12:59:37+00:00","og_image":[{"width":300,"height":411,"url":"https:\/\/skaitytaknyga.lt\/wp-content\/uploads\/2026\/03\/Zemaiteje-\u2013-mona-meile-1.webp","type":"image\/webp"}],"twitter_card":"summary_large_image","twitter_misc":{"Estimated reading time":"1 minute"},"schema":{"@context":"https:\/\/schema.org","@graph":[{"@type":"WebPage","@id":"https:\/\/skaitytaknyga.lt\/produktas\/zemaiteje-mona-meile\/","url":"https:\/\/skaitytaknyga.lt\/produktas\/zemaiteje-mona-meile\/","name":"\u017demait\u0117j\u0117 \u2013 mona meil\u0117","isPartOf":{"@id":"https:\/\/skaitytaknyga.lt\/#website"},"primaryImageOfPage":{"@id":"https:\/\/skaitytaknyga.lt\/produktas\/zemaiteje-mona-meile\/#primaryimage"},"image":{"@id":"https:\/\/skaitytaknyga.lt\/produktas\/zemaiteje-mona-meile\/#primaryimage"},"thumbnailUrl":"https:\/\/skaitytaknyga.lt\/wp-content\/uploads\/2026\/03\/Zemaiteje-\u2013-mona-meile-1.webp","datePublished":"2026-03-02T08:55:37+00:00","dateModified":"2026-03-18T12:59:37+00:00","description":"Prie\u0161 de\u0161imt\u012f met\u0173 sumanytas, lygiai tiek pat metu kauptas, rinktas ir fotografuotas, unikalus vien \u017demaitijos kra\u0161tui ir jo \u017emon\u0117ms skirtas juodai balt\u0173","breadcrumb":{"@id":"https:\/\/skaitytaknyga.lt\/produktas\/zemaiteje-mona-meile\/#breadcrumb"},"inLanguage":"en-GB","potentialAction":[{"@type":"ReadAction","target":["https:\/\/skaitytaknyga.lt\/produktas\/zemaiteje-mona-meile\/"]}]},{"@type":"ImageObject","inLanguage":"en-GB","@id":"https:\/\/skaitytaknyga.lt\/produktas\/zemaiteje-mona-meile\/#primaryimage","url":"https:\/\/skaitytaknyga.lt\/wp-content\/uploads\/2026\/03\/Zemaiteje-\u2013-mona-meile-1.webp","contentUrl":"https:\/\/skaitytaknyga.lt\/wp-content\/uploads\/2026\/03\/Zemaiteje-\u2013-mona-meile-1.webp","width":300,"height":411,"caption":"\u017demait\u0117j\u0117 \u2013 mona meil\u0117"},{"@type":"BreadcrumbList","@id":"https:\/\/skaitytaknyga.lt\/produktas\/zemaiteje-mona-meile\/#breadcrumb","itemListElement":[{"@type":"ListItem","position":1,"name":"Home","item":"https:\/\/skaitytaknyga.lt\/"},{"@type":"ListItem","position":2,"name":"Parduotuv\u0117","item":"https:\/\/skaitytaknyga.lt\/knygu-parduotuve\/"},{"@type":"ListItem","position":3,"name":"\u017demait\u0117j\u0117 \u2013 mona meil\u0117"}]},{"@type":"WebSite","@id":"https:\/\/skaitytaknyga.lt\/#website","url":"https:\/\/skaitytaknyga.lt\/","name":"skaitytaknyga.lt","description":"Skaitytaknyga.lt \u2013 tai ma\u017eas \u0161eimos verslas, kuris prasid\u0117jo nuo meil\u0117s knygoms ir siekio i\u0161gelb\u0117ti knygas nuo likimo prie konteinerio. Kas vienam nereikalingas daiktas \u2013 kitam lobis, o mes esame tarpininkai, kurie padeda abiems tapti laimingesniems ???? \u017dinome kaip nelengva i\u0161gyventi ma\u017eiems verslams, tad nuo \u0161iol, \u010dia rasite ir kit\u0173, ma\u017e\u0173 \u0161eim\u0173 versl\u0173, rank\u0173 darbo, dovan\u0173 sau ir artimiesiems.","publisher":{"@id":"https:\/\/skaitytaknyga.lt\/#organization"},"potentialAction":[{"@type":"SearchAction","target":{"@type":"EntryPoint","urlTemplate":"https:\/\/skaitytaknyga.lt\/?s={search_term_string}"},"query-input":{"@type":"PropertyValueSpecification","valueRequired":true,"valueName":"search_term_string"}}],"inLanguage":"en-GB"},{"@type":"Organization","@id":"https:\/\/skaitytaknyga.lt\/#organization","name":"skaitytaknyga.lt","url":"https:\/\/skaitytaknyga.lt\/","logo":{"@type":"ImageObject","inLanguage":"en-GB","@id":"https:\/\/skaitytaknyga.lt\/#\/schema\/logo\/image\/","url":"https:\/\/skaitytaknyga.lt\/wp-content\/uploads\/2024\/05\/cropped-cropped-cropped-02_00843_jt3bggkj1j3HLc7SyY6rEUpg.jpeg","contentUrl":"https:\/\/skaitytaknyga.lt\/wp-content\/uploads\/2024\/05\/cropped-cropped-cropped-02_00843_jt3bggkj1j3HLc7SyY6rEUpg.jpeg","width":1600,"height":1600,"caption":"skaitytaknyga.lt"},"image":{"@id":"https:\/\/skaitytaknyga.lt\/#\/schema\/logo\/image\/"},"sameAs":["https:\/\/www.facebook.com\/skaitytaknyga\/"]}]}},"_links":{"self":[{"href":"https:\/\/skaitytaknyga.lt\/en\/wp-json\/wp\/v2\/product\/23265","targetHints":{"allow":["GET"]}}],"collection":[{"href":"https:\/\/skaitytaknyga.lt\/en\/wp-json\/wp\/v2\/product"}],"about":[{"href":"https:\/\/skaitytaknyga.lt\/en\/wp-json\/wp\/v2\/types\/product"}],"replies":[{"embeddable":true,"href":"https:\/\/skaitytaknyga.lt\/en\/wp-json\/wp\/v2\/comments?post=23265"}],"wp:featuredmedia":[{"embeddable":true,"href":"https:\/\/skaitytaknyga.lt\/en\/wp-json\/wp\/v2\/media\/23270"}],"wp:attachment":[{"href":"https:\/\/skaitytaknyga.lt\/en\/wp-json\/wp\/v2\/media?parent=23265"}],"wp:term":[{"taxonomy":"product_brand","embeddable":true,"href":"https:\/\/skaitytaknyga.lt\/en\/wp-json\/wp\/v2\/product_brand?post=23265"},{"taxonomy":"product_cat","embeddable":true,"href":"https:\/\/skaitytaknyga.lt\/en\/wp-json\/wp\/v2\/product_cat?post=23265"},{"taxonomy":"product_tag","embeddable":true,"href":"https:\/\/skaitytaknyga.lt\/en\/wp-json\/wp\/v2\/product_tag?post=23265"}],"curies":[{"name":"wp","href":"https:\/\/api.w.org\/{rel}","templated":true}]}}