{"id":23264,"date":"2026-03-02T10:55:36","date_gmt":"2026-03-02T08:55:36","guid":{"rendered":"https:\/\/skaitytaknyga.lt\/?post_type=product&#038;p=23264"},"modified":"2026-03-18T14:59:37","modified_gmt":"2026-03-18T12:59:37","slug":"pasizvalgymai-po-vilniu","status":"publish","type":"product","link":"https:\/\/skaitytaknyga.lt\/en\/produktas\/pasizvalgymai-po-vilniu\/","title":{"rendered":"Pasi\u017evalgymai po Vilni\u0173"},"content":{"rendered":"<p>Leidinio, kuriame b\u016bt\u0173 ra\u0161oma apie visus sostin\u0117s mikrorajonus ir ma\u017eesnes miesto vietove, iki \u0161iol nebuvo. Sprag\u0105 u\u017epild\u0117 Vilniaus kra\u0161totyrininkai \u2013 bibliotekininkai, suman\u0119 parengti \u0161i\u0105 knyg\u0105. Pa\u017eym\u0117tinas \u0161io leidinio aktualumas. Knygos reng\u0117jai i\u0161samiai i\u0161studijavo publikacijas apie Vilni\u0173 ir j\u0173 pagrindu pareng\u0117 leidin\u012f. Apgalvotai pasirinkti \u0161io populiaraus leidinio literat\u016bros \u0161altiniai: da\u017eniausiai remiamasi \u017eymi\u0173 specialist\u0173 para\u0161ytais straipsniais ir knygomis, remiamasi nauja publikuota tyrim\u0173 med\u017eiaga, ap\u017evelgiami vertingiausi leidiniai. Rengiant knyg\u0105, pasinaudota \u012fvairiose Lietuvos bibliotekose sukaupta informacija ir informacijos i\u0161tekliais.<\/p>\n<p>Leidinys \u201ePasi\u017evalgymai po Vilni\u0173\u201c skiriamas moksleiviams ir pla\u010diajai visuomenei. Tepasiekia \u0161i knyga visas Vilniaus bendrojo lavinimo mokyklas, bibliotekas. \u0160i knyga tikrai pad\u0117s labiau pa\u017einti Vilni\u0173, skatins juo dom\u0117tis ir skaityti knygas. O Vilniaus tyr\u0117jus tepaskatina toliau gilintis \u012f sostin\u0117s mikrorajon\u0173, vietovi\u0173 istorij\u0173 studijas \u2013 atsispirti yra nuo ko.<\/p>\n<p>Dr. Daiva Narbutien\u0117<\/p>\n","protected":false},"excerpt":{"rendered":"<p>Leidinio, kuriame b\u016bt\u0173 ra\u0161oma apie visus sostin\u0117s mikrorajonus ir ma\u017eesnes miesto vietove, iki \u0161iol nebuvo. Sprag\u0105 u\u017epild\u0117 Vilniaus kra\u0161totyrininkai \u2013 bibliotekininkai, suman\u0119 parengti \u0161i\u0105 knyg\u0105. Pa\u017eym\u0117tinas \u0161io leidinio aktualumas. Knygos reng\u0117jai i\u0161samiai i\u0161studijavo publikacijas apie Vilni\u0173 ir j\u0173 pagrindu pareng\u0117 leidin\u012f. Apgalvotai pasirinkti \u0161io populiaraus leidinio literat\u016bros \u0161altiniai: da\u017eniausiai remiamasi \u017eymi\u0173 specialist\u0173 para\u0161ytais straipsniais ir knygomis, remiamasi nauja publikuota tyrim\u0173 med\u017eiaga, ap\u017evelgiami vertingiausi leidiniai. Rengiant knyg\u0105, pasinaudota \u012fvairiose Lietuvos bibliotekose sukaupta informacija ir informacijos i\u0161tekliais. Leidinys \u201ePasi\u017evalgymai po Vilni\u0173\u201c skiriamas moksleiviams ir pla\u010diajai visuomenei. Tepasiekia \u0161i knyga visas Vilniaus bendrojo lavinimo mokyklas, bibliotekas. \u0160i knyga tikrai pad\u0117s labiau pa\u017einti Vilni\u0173, skatins juo dom\u0117tis ir skaityti knygas. O Vilniaus tyr\u0117jus tepaskatina toliau gilintis \u012f sostin\u0117s mikrorajon\u0173, vietovi\u0173 istorij\u0173 studijas \u2013 atsispirti yra nuo ko. Dr. Daiva Narbutien\u0117<\/p>\n","protected":false},"featured_media":23269,"comment_status":"open","ping_status":"closed","template":"","meta":{"_acf_changed":false,"site-sidebar-layout":"default","site-content-layout":"","ast-site-content-layout":"default","site-content-style":"default","site-sidebar-style":"default","ast-global-header-display":"","ast-banner-title-visibility":"","ast-main-header-display":"","ast-hfb-above-header-display":"","ast-hfb-below-header-display":"","ast-hfb-mobile-header-display":"","site-post-title":"","ast-breadcrumbs-content":"","ast-featured-img":"","footer-sml-layout":"","ast-disable-related-posts":"","theme-transparent-header-meta":"","adv-header-id-meta":"","stick-header-meta":"","header-above-stick-meta":"","header-main-stick-meta":"","header-below-stick-meta":"","astra-migrate-meta-layouts":"default","ast-page-background-enabled":"default","ast-page-background-meta":{"desktop":{"background-color":"","background-image":"","background-repeat":"repeat","background-position":"center center","background-size":"auto","background-attachment":"scroll","background-type":"","background-media":"","overlay-type":"","overlay-color":"","overlay-opacity":"","overlay-gradient":""},"tablet":{"background-color":"","background-image":"","background-repeat":"repeat","background-position":"center center","background-size":"auto","background-attachment":"scroll","background-type":"","background-media":"","overlay-type":"","overlay-color":"","overlay-opacity":"","overlay-gradient":""},"mobile":{"background-color":"","background-image":"","background-repeat":"repeat","background-position":"center center","background-size":"auto","background-attachment":"scroll","background-type":"","background-media":"","overlay-type":"","overlay-color":"","overlay-opacity":"","overlay-gradient":""}},"ast-content-background-meta":{"desktop":{"background-color":"var(--ast-global-color-4)","background-image":"","background-repeat":"repeat","background-position":"center center","background-size":"auto","background-attachment":"scroll","background-type":"","background-media":"","overlay-type":"","overlay-color":"","overlay-opacity":"","overlay-gradient":""},"tablet":{"background-color":"var(--ast-global-color-4)","background-image":"","background-repeat":"repeat","background-position":"center center","background-size":"auto","background-attachment":"scroll","background-type":"","background-media":"","overlay-type":"","overlay-color":"","overlay-opacity":"","overlay-gradient":""},"mobile":{"background-color":"var(--ast-global-color-4)","background-image":"","background-repeat":"repeat","background-position":"center center","background-size":"auto","background-attachment":"scroll","background-type":"","background-media":"","overlay-type":"","overlay-color":"","overlay-opacity":"","overlay-gradient":""}}},"product_brand":[],"product_cat":[9862,174],"product_tag":[9560,9559],"class_list":{"0":"post-23264","1":"product","2":"type-product","3":"status-publish","4":"has-post-thumbnail","6":"product_cat-lietuvos-istorija","7":"product_cat-istorija-ir-politologija","8":"product_tag-nijole-sisaite","9":"product_tag-zita-tiuksiene","10":"desktop-align-left","11":"tablet-align-left","12":"mobile-align-left","14":"first","15":"instock","16":"shipping-taxable","17":"purchasable","18":"product-type-simple"},"acf":[],"yoast_head":"<!-- This site is optimized with the Yoast SEO plugin v27.0 - https:\/\/yoast.com\/product\/yoast-seo-wordpress\/ -->\n<title>Pasi\u017evalgymai po Vilni\u0173<\/title>\n<meta name=\"description\" content=\"Leidinio, kuriame b\u016bt\u0173 ra\u0161oma apie visus sostin\u0117s mikrorajonus ir ma\u017eesnes miesto vietove, iki \u0161iol nebuvo. Sprag\u0105 u\u017epild\u0117 Vilniaus kra\u0161totyrininkai \u2013\" \/>\n<meta name=\"robots\" content=\"index, follow, max-snippet:-1, max-image-preview:large, max-video-preview:-1\" \/>\n<link rel=\"canonical\" href=\"https:\/\/skaitytaknyga.lt\/en\/produktas\/pasizvalgymai-po-vilniu\/\" \/>\n<meta property=\"og:locale\" content=\"en_GB\" \/>\n<meta property=\"og:locale:alternate\" content=\"lt_LT\" \/>\n<meta property=\"og:type\" content=\"article\" \/>\n<meta property=\"og:title\" content=\"Pasi\u017evalgymai po Vilni\u0173\" \/>\n<meta property=\"og:description\" content=\"Leidinio, kuriame b\u016bt\u0173 ra\u0161oma apie visus sostin\u0117s mikrorajonus ir ma\u017eesnes miesto vietove, iki \u0161iol nebuvo. Sprag\u0105 u\u017epild\u0117 Vilniaus kra\u0161totyrininkai \u2013\" \/>\n<meta property=\"og:url\" content=\"https:\/\/skaitytaknyga.lt\/en\/produktas\/pasizvalgymai-po-vilniu\/\" \/>\n<meta property=\"og:site_name\" content=\"Skaitytaknyga\" \/>\n<meta property=\"article:publisher\" content=\"https:\/\/www.facebook.com\/skaitytaknyga\/\" \/>\n<meta property=\"article:modified_time\" content=\"2026-03-18T12:59:37+00:00\" \/>\n<meta property=\"og:image\" content=\"https:\/\/skaitytaknyga.lt\/wp-content\/uploads\/2026\/03\/Pasizvalgymai-po-Vilniu.webp\" \/>\n\t<meta property=\"og:image:width\" content=\"674\" \/>\n\t<meta property=\"og:image:height\" content=\"600\" \/>\n\t<meta property=\"og:image:type\" content=\"image\/webp\" \/>\n<meta name=\"twitter:card\" content=\"summary_large_image\" \/>\n<meta name=\"twitter:label1\" content=\"Estimated reading time\" \/>\n\t<meta name=\"twitter:data1\" content=\"1 minute\" \/>\n<script type=\"application\/ld+json\" class=\"yoast-schema-graph\">{\"@context\":\"https:\/\/schema.org\",\"@graph\":[{\"@type\":\"WebPage\",\"@id\":\"https:\/\/skaitytaknyga.lt\/produktas\/pasizvalgymai-po-vilniu\/\",\"url\":\"https:\/\/skaitytaknyga.lt\/produktas\/pasizvalgymai-po-vilniu\/\",\"name\":\"Pasi\u017evalgymai po Vilni\u0173\",\"isPartOf\":{\"@id\":\"https:\/\/skaitytaknyga.lt\/#website\"},\"primaryImageOfPage\":{\"@id\":\"https:\/\/skaitytaknyga.lt\/produktas\/pasizvalgymai-po-vilniu\/#primaryimage\"},\"image\":{\"@id\":\"https:\/\/skaitytaknyga.lt\/produktas\/pasizvalgymai-po-vilniu\/#primaryimage\"},\"thumbnailUrl\":\"https:\/\/skaitytaknyga.lt\/wp-content\/uploads\/2026\/03\/Pasizvalgymai-po-Vilniu.webp\",\"datePublished\":\"2026-03-02T08:55:36+00:00\",\"dateModified\":\"2026-03-18T12:59:37+00:00\",\"description\":\"Leidinio, kuriame b\u016bt\u0173 ra\u0161oma apie visus sostin\u0117s mikrorajonus ir ma\u017eesnes miesto vietove, iki \u0161iol nebuvo. Sprag\u0105 u\u017epild\u0117 Vilniaus kra\u0161totyrininkai \u2013\",\"breadcrumb\":{\"@id\":\"https:\/\/skaitytaknyga.lt\/produktas\/pasizvalgymai-po-vilniu\/#breadcrumb\"},\"inLanguage\":\"en-GB\",\"potentialAction\":[{\"@type\":\"ReadAction\",\"target\":[\"https:\/\/skaitytaknyga.lt\/produktas\/pasizvalgymai-po-vilniu\/\"]}]},{\"@type\":\"ImageObject\",\"inLanguage\":\"en-GB\",\"@id\":\"https:\/\/skaitytaknyga.lt\/produktas\/pasizvalgymai-po-vilniu\/#primaryimage\",\"url\":\"https:\/\/skaitytaknyga.lt\/wp-content\/uploads\/2026\/03\/Pasizvalgymai-po-Vilniu.webp\",\"contentUrl\":\"https:\/\/skaitytaknyga.lt\/wp-content\/uploads\/2026\/03\/Pasizvalgymai-po-Vilniu.webp\",\"width\":674,\"height\":600},{\"@type\":\"BreadcrumbList\",\"@id\":\"https:\/\/skaitytaknyga.lt\/produktas\/pasizvalgymai-po-vilniu\/#breadcrumb\",\"itemListElement\":[{\"@type\":\"ListItem\",\"position\":1,\"name\":\"Home\",\"item\":\"https:\/\/skaitytaknyga.lt\/\"},{\"@type\":\"ListItem\",\"position\":2,\"name\":\"Parduotuv\u0117\",\"item\":\"https:\/\/skaitytaknyga.lt\/knygu-parduotuve\/\"},{\"@type\":\"ListItem\",\"position\":3,\"name\":\"Pasi\u017evalgymai po Vilni\u0173\"}]},{\"@type\":\"WebSite\",\"@id\":\"https:\/\/skaitytaknyga.lt\/#website\",\"url\":\"https:\/\/skaitytaknyga.lt\/\",\"name\":\"skaitytaknyga.lt\",\"description\":\"Skaitytaknyga.lt \u2013 tai ma\u017eas \u0161eimos verslas, kuris prasid\u0117jo nuo meil\u0117s knygoms ir siekio i\u0161gelb\u0117ti knygas nuo likimo prie konteinerio. Kas vienam nereikalingas daiktas \u2013 kitam lobis, o mes esame tarpininkai, kurie padeda abiems tapti laimingesniems ???? \u017dinome kaip nelengva i\u0161gyventi ma\u017eiems verslams, tad nuo \u0161iol, \u010dia rasite ir kit\u0173, ma\u017e\u0173 \u0161eim\u0173 versl\u0173, rank\u0173 darbo, dovan\u0173 sau ir artimiesiems.\",\"publisher\":{\"@id\":\"https:\/\/skaitytaknyga.lt\/#organization\"},\"potentialAction\":[{\"@type\":\"SearchAction\",\"target\":{\"@type\":\"EntryPoint\",\"urlTemplate\":\"https:\/\/skaitytaknyga.lt\/?s={search_term_string}\"},\"query-input\":{\"@type\":\"PropertyValueSpecification\",\"valueRequired\":true,\"valueName\":\"search_term_string\"}}],\"inLanguage\":\"en-GB\"},{\"@type\":\"Organization\",\"@id\":\"https:\/\/skaitytaknyga.lt\/#organization\",\"name\":\"skaitytaknyga.lt\",\"url\":\"https:\/\/skaitytaknyga.lt\/\",\"logo\":{\"@type\":\"ImageObject\",\"inLanguage\":\"en-GB\",\"@id\":\"https:\/\/skaitytaknyga.lt\/#\/schema\/logo\/image\/\",\"url\":\"https:\/\/skaitytaknyga.lt\/wp-content\/uploads\/2024\/05\/cropped-cropped-cropped-02_00843_jt3bggkj1j3HLc7SyY6rEUpg.jpeg\",\"contentUrl\":\"https:\/\/skaitytaknyga.lt\/wp-content\/uploads\/2024\/05\/cropped-cropped-cropped-02_00843_jt3bggkj1j3HLc7SyY6rEUpg.jpeg\",\"width\":1600,\"height\":1600,\"caption\":\"skaitytaknyga.lt\"},\"image\":{\"@id\":\"https:\/\/skaitytaknyga.lt\/#\/schema\/logo\/image\/\"},\"sameAs\":[\"https:\/\/www.facebook.com\/skaitytaknyga\/\"]}]}<\/script>\n<!-- \/ Yoast SEO plugin. -->","yoast_head_json":{"title":"Pasi\u017evalgymai po Vilni\u0173","description":"Leidinio, kuriame b\u016bt\u0173 ra\u0161oma apie visus sostin\u0117s mikrorajonus ir ma\u017eesnes miesto vietove, iki \u0161iol nebuvo. Sprag\u0105 u\u017epild\u0117 Vilniaus kra\u0161totyrininkai \u2013","robots":{"index":"index","follow":"follow","max-snippet":"max-snippet:-1","max-image-preview":"max-image-preview:large","max-video-preview":"max-video-preview:-1"},"canonical":"https:\/\/skaitytaknyga.lt\/en\/produktas\/pasizvalgymai-po-vilniu\/","og_locale":"en_GB","og_type":"article","og_title":"[:lt]Pasi\u017evalgymai po Vilni\u0173[:] - Skaitytaknyga","og_description":"Leidinio, kuriame b\u016bt\u0173 ra\u0161oma apie visus sostin\u0117s mikrorajonus ir ma\u017eesnes miesto vietove, iki \u0161iol nebuvo. Sprag\u0105 u\u017epild\u0117 Vilniaus kra\u0161totyrininkai \u2013","og_url":"https:\/\/skaitytaknyga.lt\/en\/produktas\/pasizvalgymai-po-vilniu\/","og_site_name":"Skaitytaknyga","article_publisher":"https:\/\/www.facebook.com\/skaitytaknyga\/","article_modified_time":"2026-03-18T12:59:37+00:00","og_image":[{"width":674,"height":600,"url":"https:\/\/skaitytaknyga.lt\/wp-content\/uploads\/2026\/03\/Pasizvalgymai-po-Vilniu.webp","type":"image\/webp"}],"twitter_card":"summary_large_image","twitter_misc":{"Estimated reading time":"1 minute"},"schema":{"@context":"https:\/\/schema.org","@graph":[{"@type":"WebPage","@id":"https:\/\/skaitytaknyga.lt\/produktas\/pasizvalgymai-po-vilniu\/","url":"https:\/\/skaitytaknyga.lt\/produktas\/pasizvalgymai-po-vilniu\/","name":"Pasi\u017evalgymai po Vilni\u0173","isPartOf":{"@id":"https:\/\/skaitytaknyga.lt\/#website"},"primaryImageOfPage":{"@id":"https:\/\/skaitytaknyga.lt\/produktas\/pasizvalgymai-po-vilniu\/#primaryimage"},"image":{"@id":"https:\/\/skaitytaknyga.lt\/produktas\/pasizvalgymai-po-vilniu\/#primaryimage"},"thumbnailUrl":"https:\/\/skaitytaknyga.lt\/wp-content\/uploads\/2026\/03\/Pasizvalgymai-po-Vilniu.webp","datePublished":"2026-03-02T08:55:36+00:00","dateModified":"2026-03-18T12:59:37+00:00","description":"Leidinio, kuriame b\u016bt\u0173 ra\u0161oma apie visus sostin\u0117s mikrorajonus ir ma\u017eesnes miesto vietove, iki \u0161iol nebuvo. Sprag\u0105 u\u017epild\u0117 Vilniaus kra\u0161totyrininkai \u2013","breadcrumb":{"@id":"https:\/\/skaitytaknyga.lt\/produktas\/pasizvalgymai-po-vilniu\/#breadcrumb"},"inLanguage":"en-GB","potentialAction":[{"@type":"ReadAction","target":["https:\/\/skaitytaknyga.lt\/produktas\/pasizvalgymai-po-vilniu\/"]}]},{"@type":"ImageObject","inLanguage":"en-GB","@id":"https:\/\/skaitytaknyga.lt\/produktas\/pasizvalgymai-po-vilniu\/#primaryimage","url":"https:\/\/skaitytaknyga.lt\/wp-content\/uploads\/2026\/03\/Pasizvalgymai-po-Vilniu.webp","contentUrl":"https:\/\/skaitytaknyga.lt\/wp-content\/uploads\/2026\/03\/Pasizvalgymai-po-Vilniu.webp","width":674,"height":600},{"@type":"BreadcrumbList","@id":"https:\/\/skaitytaknyga.lt\/produktas\/pasizvalgymai-po-vilniu\/#breadcrumb","itemListElement":[{"@type":"ListItem","position":1,"name":"Home","item":"https:\/\/skaitytaknyga.lt\/"},{"@type":"ListItem","position":2,"name":"Parduotuv\u0117","item":"https:\/\/skaitytaknyga.lt\/knygu-parduotuve\/"},{"@type":"ListItem","position":3,"name":"Pasi\u017evalgymai po Vilni\u0173"}]},{"@type":"WebSite","@id":"https:\/\/skaitytaknyga.lt\/#website","url":"https:\/\/skaitytaknyga.lt\/","name":"skaitytaknyga.lt","description":"Skaitytaknyga.lt \u2013 tai ma\u017eas \u0161eimos verslas, kuris prasid\u0117jo nuo meil\u0117s knygoms ir siekio i\u0161gelb\u0117ti knygas nuo likimo prie konteinerio. Kas vienam nereikalingas daiktas \u2013 kitam lobis, o mes esame tarpininkai, kurie padeda abiems tapti laimingesniems ???? \u017dinome kaip nelengva i\u0161gyventi ma\u017eiems verslams, tad nuo \u0161iol, \u010dia rasite ir kit\u0173, ma\u017e\u0173 \u0161eim\u0173 versl\u0173, rank\u0173 darbo, dovan\u0173 sau ir artimiesiems.","publisher":{"@id":"https:\/\/skaitytaknyga.lt\/#organization"},"potentialAction":[{"@type":"SearchAction","target":{"@type":"EntryPoint","urlTemplate":"https:\/\/skaitytaknyga.lt\/?s={search_term_string}"},"query-input":{"@type":"PropertyValueSpecification","valueRequired":true,"valueName":"search_term_string"}}],"inLanguage":"en-GB"},{"@type":"Organization","@id":"https:\/\/skaitytaknyga.lt\/#organization","name":"skaitytaknyga.lt","url":"https:\/\/skaitytaknyga.lt\/","logo":{"@type":"ImageObject","inLanguage":"en-GB","@id":"https:\/\/skaitytaknyga.lt\/#\/schema\/logo\/image\/","url":"https:\/\/skaitytaknyga.lt\/wp-content\/uploads\/2024\/05\/cropped-cropped-cropped-02_00843_jt3bggkj1j3HLc7SyY6rEUpg.jpeg","contentUrl":"https:\/\/skaitytaknyga.lt\/wp-content\/uploads\/2024\/05\/cropped-cropped-cropped-02_00843_jt3bggkj1j3HLc7SyY6rEUpg.jpeg","width":1600,"height":1600,"caption":"skaitytaknyga.lt"},"image":{"@id":"https:\/\/skaitytaknyga.lt\/#\/schema\/logo\/image\/"},"sameAs":["https:\/\/www.facebook.com\/skaitytaknyga\/"]}]}},"_links":{"self":[{"href":"https:\/\/skaitytaknyga.lt\/en\/wp-json\/wp\/v2\/product\/23264","targetHints":{"allow":["GET"]}}],"collection":[{"href":"https:\/\/skaitytaknyga.lt\/en\/wp-json\/wp\/v2\/product"}],"about":[{"href":"https:\/\/skaitytaknyga.lt\/en\/wp-json\/wp\/v2\/types\/product"}],"replies":[{"embeddable":true,"href":"https:\/\/skaitytaknyga.lt\/en\/wp-json\/wp\/v2\/comments?post=23264"}],"wp:featuredmedia":[{"embeddable":true,"href":"https:\/\/skaitytaknyga.lt\/en\/wp-json\/wp\/v2\/media\/23269"}],"wp:attachment":[{"href":"https:\/\/skaitytaknyga.lt\/en\/wp-json\/wp\/v2\/media?parent=23264"}],"wp:term":[{"taxonomy":"product_brand","embeddable":true,"href":"https:\/\/skaitytaknyga.lt\/en\/wp-json\/wp\/v2\/product_brand?post=23264"},{"taxonomy":"product_cat","embeddable":true,"href":"https:\/\/skaitytaknyga.lt\/en\/wp-json\/wp\/v2\/product_cat?post=23264"},{"taxonomy":"product_tag","embeddable":true,"href":"https:\/\/skaitytaknyga.lt\/en\/wp-json\/wp\/v2\/product_tag?post=23264"}],"curies":[{"name":"wp","href":"https:\/\/api.w.org\/{rel}","templated":true}]}}