{"id":23257,"date":"2026-03-02T09:43:48","date_gmt":"2026-03-02T07:43:48","guid":{"rendered":"https:\/\/skaitytaknyga.lt\/?post_type=product&#038;p=23257"},"modified":"2026-03-18T14:52:00","modified_gmt":"2026-03-18T12:52:00","slug":"antrasis-pasaulinis-karas-didzioji-sajunga-iii-tomas","status":"publish","type":"product","link":"https:\/\/skaitytaknyga.lt\/en\/produktas\/antrasis-pasaulinis-karas-didzioji-sajunga-iii-tomas\/","title":{"rendered":"Antrasis pasaulinis karas. Did\u017eioji S\u0105junga. III tomas"},"content":{"rendered":"<p>Seras Winstonas S. Churchillis buvo vienas svarbiausi\u0173 XX a. politini\u0173 lyderi\u0173, Jungtin\u0117s Karalyst\u0117s ministras pirmininkas (1940\u20131945, 1951\u20131955), i\u0161kalbingas laisvojo pasaulio balsas prie\u0161 naci\u0173 tironij\u0105, ar\u0161us komunizmo kritikas bei talentingas ra\u0161ytojas.<\/p>\n<p>1953 m. jam buvo ypatingi. U\u017e aktyvi\u0105 politin\u0119 veikl\u0105 W. Churchilliui suteiktas sero titulas, o u\u017e memuarus \u201eAntrasis pasaulinis karas&#8221;, para\u0161ytus 1948\u20131953 m., \u2013 Nobelio literat\u016bros premija.<\/p>\n<p>Tre\u010diasis tomas apr\u0117pia laikotarp\u012f nuo 1941 m. vasaros, kai Hitleris u\u017epuol\u0117 Soviet\u0173 S\u0105jung\u0105, iki 1943 m. bir\u017eelio prad\u017eios. Autorius pasakoja apie savo santykius bei susitikimus su Stalinu ir Molotovu, Soviet\u0173 S\u0105jungai tapus Britanijos s\u0105jungininke, pirmuosius vizitus \u012f Maskv\u0105. Jis taip pat ra\u0161o apie bendravim\u0105 su Rooseveltu Jungtin\u0117ms Valstijoms stojus \u012f kar\u0105 po Perl Harboro atakos, apie pavojingas savo keliones j\u016bra bei skryd\u017eius \u012fsiliepsnojus pasauliniam karui, vykstant tartis su naujaisiais s\u0105jungininkais ar \u012f \u201ekar\u0161tas&#8221; fronto zonas \u0160iaur\u0117s Afrikoje. Apra\u0161omi svarbiausi karo strateg\u0173 pasitarimai Londone, Va\u0161ingtone, Kaire ir Kasablankoje bei bendras operacij\u0173 planavimas.<\/p>\n<p>Lietuvi\u0161kai bus i\u0161leisti keturi W. Churchillio \u201eAntrojo pasaulinio karo&#8221; tomai:<br \/>\nI tomas \u2013 \u201ePakeliui \u012f katastrof\u0105&#8221;<br \/>\nII tomas \u2013 \u201eVieni&#8221;<br \/>\nIII tomas \u2013 \u201eDid\u017eioji S\u0105junga&#8221;<br \/>\nIV tomas \u2013 \u201eTriumfas ir tragedija&#8221;<\/p>\n","protected":false},"excerpt":{"rendered":"<p>Seras Winstonas S. Churchillis buvo vienas svarbiausi\u0173 XX a. politini\u0173 lyderi\u0173, Jungtin\u0117s Karalyst\u0117s ministras pirmininkas (1940\u20131945, 1951\u20131955), i\u0161kalbingas laisvojo pasaulio balsas prie\u0161 naci\u0173 tironij\u0105, ar\u0161us komunizmo kritikas bei talentingas ra\u0161ytojas. 1953 m. jam buvo ypatingi. U\u017e aktyvi\u0105 politin\u0119 veikl\u0105 W. Churchilliui suteiktas sero titulas, o u\u017e memuarus \u201eAntrasis pasaulinis karas&#8221;, para\u0161ytus 1948\u20131953 m., \u2013 Nobelio literat\u016bros premija. Tre\u010diasis tomas apr\u0117pia laikotarp\u012f nuo 1941 m. vasaros, kai Hitleris u\u017epuol\u0117 Soviet\u0173 S\u0105jung\u0105, iki 1943 m. bir\u017eelio prad\u017eios. Autorius pasakoja apie savo santykius bei susitikimus su Stalinu ir Molotovu, Soviet\u0173 S\u0105jungai tapus Britanijos s\u0105jungininke, pirmuosius vizitus \u012f Maskv\u0105. Jis taip pat ra\u0161o apie bendravim\u0105 su Rooseveltu Jungtin\u0117ms Valstijoms stojus \u012f kar\u0105 po Perl Harboro atakos, apie pavojingas savo keliones j\u016bra bei skryd\u017eius \u012fsiliepsnojus pasauliniam karui, vykstant tartis su naujaisiais s\u0105jungininkais ar \u012f \u201ekar\u0161tas&#8221; fronto zonas \u0160iaur\u0117s Afrikoje. Apra\u0161omi svarbiausi karo strateg\u0173 pasitarimai Londone, Va\u0161ingtone, Kaire ir Kasablankoje bei bendras operacij\u0173 planavimas. Lietuvi\u0161kai bus i\u0161leisti keturi W. Churchillio \u201eAntrojo pasaulinio karo&#8221; tomai: I tomas \u2013 \u201ePakeliui \u012f katastrof\u0105&#8221; II tomas \u2013 \u201eVieni&#8221; III tomas \u2013 \u201eDid\u017eioji S\u0105junga&#8221; IV tomas \u2013 \u201eTriumfas ir tragedija&#8221;<\/p>\n","protected":false},"featured_media":23262,"comment_status":"open","ping_status":"closed","template":"","meta":{"_acf_changed":false,"site-sidebar-layout":"default","site-content-layout":"","ast-site-content-layout":"default","site-content-style":"default","site-sidebar-style":"default","ast-global-header-display":"","ast-banner-title-visibility":"","ast-main-header-display":"","ast-hfb-above-header-display":"","ast-hfb-below-header-display":"","ast-hfb-mobile-header-display":"","site-post-title":"","ast-breadcrumbs-content":"","ast-featured-img":"","footer-sml-layout":"","ast-disable-related-posts":"","theme-transparent-header-meta":"","adv-header-id-meta":"","stick-header-meta":"","header-above-stick-meta":"","header-main-stick-meta":"","header-below-stick-meta":"","astra-migrate-meta-layouts":"default","ast-page-background-enabled":"default","ast-page-background-meta":{"desktop":{"background-color":"","background-image":"","background-repeat":"repeat","background-position":"center center","background-size":"auto","background-attachment":"scroll","background-type":"","background-media":"","overlay-type":"","overlay-color":"","overlay-opacity":"","overlay-gradient":""},"tablet":{"background-color":"","background-image":"","background-repeat":"repeat","background-position":"center center","background-size":"auto","background-attachment":"scroll","background-type":"","background-media":"","overlay-type":"","overlay-color":"","overlay-opacity":"","overlay-gradient":""},"mobile":{"background-color":"","background-image":"","background-repeat":"repeat","background-position":"center center","background-size":"auto","background-attachment":"scroll","background-type":"","background-media":"","overlay-type":"","overlay-color":"","overlay-opacity":"","overlay-gradient":""}},"ast-content-background-meta":{"desktop":{"background-color":"var(--ast-global-color-4)","background-image":"","background-repeat":"repeat","background-position":"center center","background-size":"auto","background-attachment":"scroll","background-type":"","background-media":"","overlay-type":"","overlay-color":"","overlay-opacity":"","overlay-gradient":""},"tablet":{"background-color":"var(--ast-global-color-4)","background-image":"","background-repeat":"repeat","background-position":"center center","background-size":"auto","background-attachment":"scroll","background-type":"","background-media":"","overlay-type":"","overlay-color":"","overlay-opacity":"","overlay-gradient":""},"mobile":{"background-color":"var(--ast-global-color-4)","background-image":"","background-repeat":"repeat","background-position":"center center","background-size":"auto","background-attachment":"scroll","background-type":"","background-media":"","overlay-type":"","overlay-color":"","overlay-opacity":"","overlay-gradient":""}}},"product_brand":[],"product_cat":[9864,174],"product_tag":[1345],"class_list":{"0":"post-23257","1":"product","2":"type-product","3":"status-publish","4":"has-post-thumbnail","6":"product_cat-karo-istorija","7":"product_cat-istorija-ir-politologija","8":"product_tag-winston-s-churchill","9":"desktop-align-left","10":"tablet-align-left","11":"mobile-align-left","13":"first","14":"instock","15":"shipping-taxable","16":"purchasable","17":"product-type-simple"},"acf":[],"yoast_head":"<!-- This site is optimized with the Yoast SEO plugin v27.0 - https:\/\/yoast.com\/product\/yoast-seo-wordpress\/ -->\n<title>Antrasis pasaulinis karas. Did\u017eioji S\u0105junga. III tomas<\/title>\n<meta name=\"description\" content=\"Seras Winstonas S. Churchillis buvo vienas svarbiausi\u0173 XX a. politini\u0173 lyderi\u0173, Jungtin\u0117s Karalyst\u0117s ministras pirmininkas (1940\u20131945, 1951\u20131955),\" \/>\n<meta name=\"robots\" content=\"index, follow, max-snippet:-1, max-image-preview:large, max-video-preview:-1\" \/>\n<link rel=\"canonical\" href=\"https:\/\/skaitytaknyga.lt\/en\/produktas\/antrasis-pasaulinis-karas-didzioji-sajunga-iii-tomas\/\" \/>\n<meta property=\"og:locale\" content=\"en_GB\" \/>\n<meta property=\"og:locale:alternate\" content=\"lt_LT\" \/>\n<meta property=\"og:type\" content=\"article\" \/>\n<meta property=\"og:title\" content=\"Antrasis pasaulinis karas. Did\u017eioji S\u0105junga. III tomas\" \/>\n<meta property=\"og:description\" content=\"Seras Winstonas S. Churchillis buvo vienas svarbiausi\u0173 XX a. politini\u0173 lyderi\u0173, Jungtin\u0117s Karalyst\u0117s ministras pirmininkas (1940\u20131945, 1951\u20131955),\" \/>\n<meta property=\"og:url\" content=\"https:\/\/skaitytaknyga.lt\/en\/produktas\/antrasis-pasaulinis-karas-didzioji-sajunga-iii-tomas\/\" \/>\n<meta property=\"og:site_name\" content=\"Skaitytaknyga\" \/>\n<meta property=\"article:publisher\" content=\"https:\/\/www.facebook.com\/skaitytaknyga\/\" \/>\n<meta property=\"article:modified_time\" content=\"2026-03-18T12:52:00+00:00\" \/>\n<meta property=\"og:image\" content=\"https:\/\/skaitytaknyga.lt\/wp-content\/uploads\/2026\/03\/Antrasis-pasaulinis-karas.-Didzioji-Sajunga.-III-tomas-1.webp\" \/>\n\t<meta property=\"og:image:width\" content=\"351\" \/>\n\t<meta property=\"og:image:height\" content=\"500\" \/>\n\t<meta property=\"og:image:type\" content=\"image\/webp\" \/>\n<meta name=\"twitter:card\" content=\"summary_large_image\" \/>\n<meta name=\"twitter:label1\" content=\"Estimated reading time\" \/>\n\t<meta name=\"twitter:data1\" content=\"1 minute\" \/>\n<script type=\"application\/ld+json\" class=\"yoast-schema-graph\">{\"@context\":\"https:\/\/schema.org\",\"@graph\":[{\"@type\":\"WebPage\",\"@id\":\"https:\/\/skaitytaknyga.lt\/produktas\/antrasis-pasaulinis-karas-didzioji-sajunga-iii-tomas\/\",\"url\":\"https:\/\/skaitytaknyga.lt\/produktas\/antrasis-pasaulinis-karas-didzioji-sajunga-iii-tomas\/\",\"name\":\"Antrasis pasaulinis karas. Did\u017eioji S\u0105junga. III tomas\",\"isPartOf\":{\"@id\":\"https:\/\/skaitytaknyga.lt\/#website\"},\"primaryImageOfPage\":{\"@id\":\"https:\/\/skaitytaknyga.lt\/produktas\/antrasis-pasaulinis-karas-didzioji-sajunga-iii-tomas\/#primaryimage\"},\"image\":{\"@id\":\"https:\/\/skaitytaknyga.lt\/produktas\/antrasis-pasaulinis-karas-didzioji-sajunga-iii-tomas\/#primaryimage\"},\"thumbnailUrl\":\"https:\/\/skaitytaknyga.lt\/wp-content\/uploads\/2026\/03\/Antrasis-pasaulinis-karas.-Didzioji-Sajunga.-III-tomas-1.webp\",\"datePublished\":\"2026-03-02T07:43:48+00:00\",\"dateModified\":\"2026-03-18T12:52:00+00:00\",\"description\":\"Seras Winstonas S. Churchillis buvo vienas svarbiausi\u0173 XX a. politini\u0173 lyderi\u0173, Jungtin\u0117s Karalyst\u0117s ministras pirmininkas (1940\u20131945, 1951\u20131955),\",\"breadcrumb\":{\"@id\":\"https:\/\/skaitytaknyga.lt\/produktas\/antrasis-pasaulinis-karas-didzioji-sajunga-iii-tomas\/#breadcrumb\"},\"inLanguage\":\"en-GB\",\"potentialAction\":[{\"@type\":\"ReadAction\",\"target\":[\"https:\/\/skaitytaknyga.lt\/produktas\/antrasis-pasaulinis-karas-didzioji-sajunga-iii-tomas\/\"]}]},{\"@type\":\"ImageObject\",\"inLanguage\":\"en-GB\",\"@id\":\"https:\/\/skaitytaknyga.lt\/produktas\/antrasis-pasaulinis-karas-didzioji-sajunga-iii-tomas\/#primaryimage\",\"url\":\"https:\/\/skaitytaknyga.lt\/wp-content\/uploads\/2026\/03\/Antrasis-pasaulinis-karas.-Didzioji-Sajunga.-III-tomas-1.webp\",\"contentUrl\":\"https:\/\/skaitytaknyga.lt\/wp-content\/uploads\/2026\/03\/Antrasis-pasaulinis-karas.-Didzioji-Sajunga.-III-tomas-1.webp\",\"width\":351,\"height\":500,\"caption\":\"Antrasis pasaulinis karas. Did\u017eioji S\u0105junga. III tomas\"},{\"@type\":\"BreadcrumbList\",\"@id\":\"https:\/\/skaitytaknyga.lt\/produktas\/antrasis-pasaulinis-karas-didzioji-sajunga-iii-tomas\/#breadcrumb\",\"itemListElement\":[{\"@type\":\"ListItem\",\"position\":1,\"name\":\"Home\",\"item\":\"https:\/\/skaitytaknyga.lt\/\"},{\"@type\":\"ListItem\",\"position\":2,\"name\":\"Parduotuv\u0117\",\"item\":\"https:\/\/skaitytaknyga.lt\/knygu-parduotuve\/\"},{\"@type\":\"ListItem\",\"position\":3,\"name\":\"Antrasis pasaulinis karas. Did\u017eioji S\u0105junga. III tomas\"}]},{\"@type\":\"WebSite\",\"@id\":\"https:\/\/skaitytaknyga.lt\/#website\",\"url\":\"https:\/\/skaitytaknyga.lt\/\",\"name\":\"skaitytaknyga.lt\",\"description\":\"Skaitytaknyga.lt \u2013 tai ma\u017eas \u0161eimos verslas, kuris prasid\u0117jo nuo meil\u0117s knygoms ir siekio i\u0161gelb\u0117ti knygas nuo likimo prie konteinerio. Kas vienam nereikalingas daiktas \u2013 kitam lobis, o mes esame tarpininkai, kurie padeda abiems tapti laimingesniems ???? \u017dinome kaip nelengva i\u0161gyventi ma\u017eiems verslams, tad nuo \u0161iol, \u010dia rasite ir kit\u0173, ma\u017e\u0173 \u0161eim\u0173 versl\u0173, rank\u0173 darbo, dovan\u0173 sau ir artimiesiems.\",\"publisher\":{\"@id\":\"https:\/\/skaitytaknyga.lt\/#organization\"},\"potentialAction\":[{\"@type\":\"SearchAction\",\"target\":{\"@type\":\"EntryPoint\",\"urlTemplate\":\"https:\/\/skaitytaknyga.lt\/?s={search_term_string}\"},\"query-input\":{\"@type\":\"PropertyValueSpecification\",\"valueRequired\":true,\"valueName\":\"search_term_string\"}}],\"inLanguage\":\"en-GB\"},{\"@type\":\"Organization\",\"@id\":\"https:\/\/skaitytaknyga.lt\/#organization\",\"name\":\"skaitytaknyga.lt\",\"url\":\"https:\/\/skaitytaknyga.lt\/\",\"logo\":{\"@type\":\"ImageObject\",\"inLanguage\":\"en-GB\",\"@id\":\"https:\/\/skaitytaknyga.lt\/#\/schema\/logo\/image\/\",\"url\":\"https:\/\/skaitytaknyga.lt\/wp-content\/uploads\/2024\/05\/cropped-cropped-cropped-02_00843_jt3bggkj1j3HLc7SyY6rEUpg.jpeg\",\"contentUrl\":\"https:\/\/skaitytaknyga.lt\/wp-content\/uploads\/2024\/05\/cropped-cropped-cropped-02_00843_jt3bggkj1j3HLc7SyY6rEUpg.jpeg\",\"width\":1600,\"height\":1600,\"caption\":\"skaitytaknyga.lt\"},\"image\":{\"@id\":\"https:\/\/skaitytaknyga.lt\/#\/schema\/logo\/image\/\"},\"sameAs\":[\"https:\/\/www.facebook.com\/skaitytaknyga\/\"]}]}<\/script>\n<!-- \/ Yoast SEO plugin. -->","yoast_head_json":{"title":"Antrasis pasaulinis karas. Did\u017eioji S\u0105junga. III tomas","description":"Seras Winstonas S. Churchillis buvo vienas svarbiausi\u0173 XX a. politini\u0173 lyderi\u0173, Jungtin\u0117s Karalyst\u0117s ministras pirmininkas (1940\u20131945, 1951\u20131955),","robots":{"index":"index","follow":"follow","max-snippet":"max-snippet:-1","max-image-preview":"max-image-preview:large","max-video-preview":"max-video-preview:-1"},"canonical":"https:\/\/skaitytaknyga.lt\/en\/produktas\/antrasis-pasaulinis-karas-didzioji-sajunga-iii-tomas\/","og_locale":"en_GB","og_type":"article","og_title":"[:lt]Antrasis pasaulinis karas. Did\u017eioji S\u0105junga. III tomas[:] - Skaitytaknyga","og_description":"Seras Winstonas S. Churchillis buvo vienas svarbiausi\u0173 XX a. politini\u0173 lyderi\u0173, Jungtin\u0117s Karalyst\u0117s ministras pirmininkas (1940\u20131945, 1951\u20131955),","og_url":"https:\/\/skaitytaknyga.lt\/en\/produktas\/antrasis-pasaulinis-karas-didzioji-sajunga-iii-tomas\/","og_site_name":"Skaitytaknyga","article_publisher":"https:\/\/www.facebook.com\/skaitytaknyga\/","article_modified_time":"2026-03-18T12:52:00+00:00","og_image":[{"width":351,"height":500,"url":"https:\/\/skaitytaknyga.lt\/wp-content\/uploads\/2026\/03\/Antrasis-pasaulinis-karas.-Didzioji-Sajunga.-III-tomas-1.webp","type":"image\/webp"}],"twitter_card":"summary_large_image","twitter_misc":{"Estimated reading time":"1 minute"},"schema":{"@context":"https:\/\/schema.org","@graph":[{"@type":"WebPage","@id":"https:\/\/skaitytaknyga.lt\/produktas\/antrasis-pasaulinis-karas-didzioji-sajunga-iii-tomas\/","url":"https:\/\/skaitytaknyga.lt\/produktas\/antrasis-pasaulinis-karas-didzioji-sajunga-iii-tomas\/","name":"Antrasis pasaulinis karas. Did\u017eioji S\u0105junga. III tomas","isPartOf":{"@id":"https:\/\/skaitytaknyga.lt\/#website"},"primaryImageOfPage":{"@id":"https:\/\/skaitytaknyga.lt\/produktas\/antrasis-pasaulinis-karas-didzioji-sajunga-iii-tomas\/#primaryimage"},"image":{"@id":"https:\/\/skaitytaknyga.lt\/produktas\/antrasis-pasaulinis-karas-didzioji-sajunga-iii-tomas\/#primaryimage"},"thumbnailUrl":"https:\/\/skaitytaknyga.lt\/wp-content\/uploads\/2026\/03\/Antrasis-pasaulinis-karas.-Didzioji-Sajunga.-III-tomas-1.webp","datePublished":"2026-03-02T07:43:48+00:00","dateModified":"2026-03-18T12:52:00+00:00","description":"Seras Winstonas S. Churchillis buvo vienas svarbiausi\u0173 XX a. politini\u0173 lyderi\u0173, Jungtin\u0117s Karalyst\u0117s ministras pirmininkas (1940\u20131945, 1951\u20131955),","breadcrumb":{"@id":"https:\/\/skaitytaknyga.lt\/produktas\/antrasis-pasaulinis-karas-didzioji-sajunga-iii-tomas\/#breadcrumb"},"inLanguage":"en-GB","potentialAction":[{"@type":"ReadAction","target":["https:\/\/skaitytaknyga.lt\/produktas\/antrasis-pasaulinis-karas-didzioji-sajunga-iii-tomas\/"]}]},{"@type":"ImageObject","inLanguage":"en-GB","@id":"https:\/\/skaitytaknyga.lt\/produktas\/antrasis-pasaulinis-karas-didzioji-sajunga-iii-tomas\/#primaryimage","url":"https:\/\/skaitytaknyga.lt\/wp-content\/uploads\/2026\/03\/Antrasis-pasaulinis-karas.-Didzioji-Sajunga.-III-tomas-1.webp","contentUrl":"https:\/\/skaitytaknyga.lt\/wp-content\/uploads\/2026\/03\/Antrasis-pasaulinis-karas.-Didzioji-Sajunga.-III-tomas-1.webp","width":351,"height":500,"caption":"Antrasis pasaulinis karas. Did\u017eioji S\u0105junga. III tomas"},{"@type":"BreadcrumbList","@id":"https:\/\/skaitytaknyga.lt\/produktas\/antrasis-pasaulinis-karas-didzioji-sajunga-iii-tomas\/#breadcrumb","itemListElement":[{"@type":"ListItem","position":1,"name":"Home","item":"https:\/\/skaitytaknyga.lt\/"},{"@type":"ListItem","position":2,"name":"Parduotuv\u0117","item":"https:\/\/skaitytaknyga.lt\/knygu-parduotuve\/"},{"@type":"ListItem","position":3,"name":"Antrasis pasaulinis karas. Did\u017eioji S\u0105junga. III tomas"}]},{"@type":"WebSite","@id":"https:\/\/skaitytaknyga.lt\/#website","url":"https:\/\/skaitytaknyga.lt\/","name":"skaitytaknyga.lt","description":"Skaitytaknyga.lt \u2013 tai ma\u017eas \u0161eimos verslas, kuris prasid\u0117jo nuo meil\u0117s knygoms ir siekio i\u0161gelb\u0117ti knygas nuo likimo prie konteinerio. Kas vienam nereikalingas daiktas \u2013 kitam lobis, o mes esame tarpininkai, kurie padeda abiems tapti laimingesniems ???? \u017dinome kaip nelengva i\u0161gyventi ma\u017eiems verslams, tad nuo \u0161iol, \u010dia rasite ir kit\u0173, ma\u017e\u0173 \u0161eim\u0173 versl\u0173, rank\u0173 darbo, dovan\u0173 sau ir artimiesiems.","publisher":{"@id":"https:\/\/skaitytaknyga.lt\/#organization"},"potentialAction":[{"@type":"SearchAction","target":{"@type":"EntryPoint","urlTemplate":"https:\/\/skaitytaknyga.lt\/?s={search_term_string}"},"query-input":{"@type":"PropertyValueSpecification","valueRequired":true,"valueName":"search_term_string"}}],"inLanguage":"en-GB"},{"@type":"Organization","@id":"https:\/\/skaitytaknyga.lt\/#organization","name":"skaitytaknyga.lt","url":"https:\/\/skaitytaknyga.lt\/","logo":{"@type":"ImageObject","inLanguage":"en-GB","@id":"https:\/\/skaitytaknyga.lt\/#\/schema\/logo\/image\/","url":"https:\/\/skaitytaknyga.lt\/wp-content\/uploads\/2024\/05\/cropped-cropped-cropped-02_00843_jt3bggkj1j3HLc7SyY6rEUpg.jpeg","contentUrl":"https:\/\/skaitytaknyga.lt\/wp-content\/uploads\/2024\/05\/cropped-cropped-cropped-02_00843_jt3bggkj1j3HLc7SyY6rEUpg.jpeg","width":1600,"height":1600,"caption":"skaitytaknyga.lt"},"image":{"@id":"https:\/\/skaitytaknyga.lt\/#\/schema\/logo\/image\/"},"sameAs":["https:\/\/www.facebook.com\/skaitytaknyga\/"]}]}},"_links":{"self":[{"href":"https:\/\/skaitytaknyga.lt\/en\/wp-json\/wp\/v2\/product\/23257","targetHints":{"allow":["GET"]}}],"collection":[{"href":"https:\/\/skaitytaknyga.lt\/en\/wp-json\/wp\/v2\/product"}],"about":[{"href":"https:\/\/skaitytaknyga.lt\/en\/wp-json\/wp\/v2\/types\/product"}],"replies":[{"embeddable":true,"href":"https:\/\/skaitytaknyga.lt\/en\/wp-json\/wp\/v2\/comments?post=23257"}],"wp:featuredmedia":[{"embeddable":true,"href":"https:\/\/skaitytaknyga.lt\/en\/wp-json\/wp\/v2\/media\/23262"}],"wp:attachment":[{"href":"https:\/\/skaitytaknyga.lt\/en\/wp-json\/wp\/v2\/media?parent=23257"}],"wp:term":[{"taxonomy":"product_brand","embeddable":true,"href":"https:\/\/skaitytaknyga.lt\/en\/wp-json\/wp\/v2\/product_brand?post=23257"},{"taxonomy":"product_cat","embeddable":true,"href":"https:\/\/skaitytaknyga.lt\/en\/wp-json\/wp\/v2\/product_cat?post=23257"},{"taxonomy":"product_tag","embeddable":true,"href":"https:\/\/skaitytaknyga.lt\/en\/wp-json\/wp\/v2\/product_tag?post=23257"}],"curies":[{"name":"wp","href":"https:\/\/api.w.org\/{rel}","templated":true}]}}