{"id":23256,"date":"2026-03-02T09:43:48","date_gmt":"2026-03-02T07:43:48","guid":{"rendered":"https:\/\/skaitytaknyga.lt\/?post_type=product&#038;p=23256"},"modified":"2026-03-05T13:16:33","modified_gmt":"2026-03-05T11:16:33","slug":"bankininko-zmona","status":"publish","type":"product","link":"https:\/\/skaitytaknyga.lt\/en\/produktas\/bankininko-zmona\/","title":{"rendered":"Bankininko \u017emona"},"content":{"rendered":"<p>USA Today bestselerio \u201eBankininko \u017emona\u201c leidybos teis\u0117s parduotos 18 \u0161ali\u0173, ekranizacijos teises \u012fsigijo Amazon Studios.<\/p>\n<p> Vien\u0105 lapkri\u010dio ryt\u0105 \u017denevon skrendantis privatus l\u0117ktuvas patenka \u012f audr\u0105 ir netrukus dingsta i\u0161 radaro ekrano. Po kurio laiko, manoma, jo nuolau\u017eos aptinkamos Alp\u0117se, dingusi\u0173 keleivi\u0173 s\u0105ra\u0161e \u2013 ir Matjus Verneris, did\u017eiausiame \u0160veicarijos banke \u201eSwiss United\u201c dirbantis teisininkas. Jaunai na\u0161lei Anabelai lieka vyro u\u017ekoduota \u017einut\u0117 ir pavojingas paslaptis saugantis kompiuteris. Akivaizdu, kad Matjaus \u017e\u016btis nebuvo nelaimingas atsitikimas, o dabar pavojus gresia ir jo \u017emonai.<\/p>\n<p>Ambicingai \u017eurnalistei Marinai Turno nebereikia ra\u0161yti apie \u012ftakingas \u0161eimas \u2013 susi\u017ead\u0117jusi su Grantu Elisu, ji pati netrukus taps vienos j\u0173 nare. Ta\u010diau kai buv\u0119s redaktorius papra\u0161o pagalbos, Marina negali atsisakyti. Juo labiau negali mesti tyrimo, kai savo namuose redaktorius randamas negyvas.<\/p>\n<p>Tyrimas Marin\u0105 veda \u012f \u201eSwiss United\u201c, o aptikta informacija \u012frodo nusikalstamus kai kuri\u0173 svarbiausi\u0173 finans\u0173 pasaulio \u017emoni\u0173 veiksmus. Tarp t\u0173 \u017emoni\u0173 \u2013 ir keletas i\u0161 labai artimos jos aplinkos.<\/p>\n<p>\u0160i informacija gal\u0117t\u0173 atsakyti \u012f \u0161ird\u012f draskan\u010dius Anabelos klausimus \u2013 jei tik Marina nuspr\u0119st\u0173 j\u0105 pavie\u0161inti&#8230;<\/p>\n<p>Cristina Alger baig\u0117 Harvardo koled\u017e\u0105 ir Niujorko universiteto Teis\u0117s mokykl\u0105. Prie\u0161 tapdama ra\u0161ytoja ji dirbo finans\u0173 analitike ir korporacij\u0173 juriste. Gyvena Niujorke su vyru ir vaikais.<\/p>\n","protected":false},"excerpt":{"rendered":"<p>USA Today bestselerio \u201eBankininko \u017emona\u201c leidybos teis\u0117s parduotos 18 \u0161ali\u0173, ekranizacijos teises \u012fsigijo Amazon Studios. Vien\u0105 lapkri\u010dio ryt\u0105 \u017denevon skrendantis privatus l\u0117ktuvas patenka \u012f audr\u0105 ir netrukus dingsta i\u0161 radaro ekrano. Po kurio laiko, manoma, jo nuolau\u017eos aptinkamos Alp\u0117se, dingusi\u0173 keleivi\u0173 s\u0105ra\u0161e \u2013 ir Matjus Verneris, did\u017eiausiame \u0160veicarijos banke \u201eSwiss United\u201c dirbantis teisininkas. Jaunai na\u0161lei Anabelai lieka vyro u\u017ekoduota \u017einut\u0117 ir pavojingas paslaptis saugantis kompiuteris. Akivaizdu, kad Matjaus \u017e\u016btis nebuvo nelaimingas atsitikimas, o dabar pavojus gresia ir jo \u017emonai. Ambicingai \u017eurnalistei Marinai Turno nebereikia ra\u0161yti apie \u012ftakingas \u0161eimas \u2013 susi\u017ead\u0117jusi su Grantu Elisu, ji pati netrukus taps vienos j\u0173 nare. Ta\u010diau kai buv\u0119s redaktorius papra\u0161o pagalbos, Marina negali atsisakyti. Juo labiau negali mesti tyrimo, kai savo namuose redaktorius randamas negyvas. Tyrimas Marin\u0105 veda \u012f \u201eSwiss United\u201c, o aptikta informacija \u012frodo nusikalstamus kai kuri\u0173 svarbiausi\u0173 finans\u0173 pasaulio \u017emoni\u0173 veiksmus. Tarp t\u0173 \u017emoni\u0173 \u2013 ir keletas i\u0161 labai artimos jos aplinkos. \u0160i informacija gal\u0117t\u0173 atsakyti \u012f \u0161ird\u012f draskan\u010dius Anabelos klausimus \u2013 jei tik Marina nuspr\u0119st\u0173 j\u0105 pavie\u0161inti&#8230; Cristina Alger baig\u0117 Harvardo koled\u017e\u0105 ir Niujorko universiteto Teis\u0117s mokykl\u0105. Prie\u0161 tapdama ra\u0161ytoja ji dirbo finans\u0173 analitike ir korporacij\u0173 juriste. Gyvena Niujorke su vyru ir vaikais.<\/p>\n","protected":false},"featured_media":23261,"comment_status":"open","ping_status":"closed","template":"","meta":{"_acf_changed":false,"site-sidebar-layout":"default","site-content-layout":"","ast-site-content-layout":"default","site-content-style":"default","site-sidebar-style":"default","ast-global-header-display":"","ast-banner-title-visibility":"","ast-main-header-display":"","ast-hfb-above-header-display":"","ast-hfb-below-header-display":"","ast-hfb-mobile-header-display":"","site-post-title":"","ast-breadcrumbs-content":"","ast-featured-img":"","footer-sml-layout":"","ast-disable-related-posts":"","theme-transparent-header-meta":"","adv-header-id-meta":"","stick-header-meta":"","header-above-stick-meta":"","header-main-stick-meta":"","header-below-stick-meta":"","astra-migrate-meta-layouts":"default","ast-page-background-enabled":"default","ast-page-background-meta":{"desktop":{"background-color":"","background-image":"","background-repeat":"repeat","background-position":"center center","background-size":"auto","background-attachment":"scroll","background-type":"","background-media":"","overlay-type":"","overlay-color":"","overlay-opacity":"","overlay-gradient":""},"tablet":{"background-color":"","background-image":"","background-repeat":"repeat","background-position":"center center","background-size":"auto","background-attachment":"scroll","background-type":"","background-media":"","overlay-type":"","overlay-color":"","overlay-opacity":"","overlay-gradient":""},"mobile":{"background-color":"","background-image":"","background-repeat":"repeat","background-position":"center center","background-size":"auto","background-attachment":"scroll","background-type":"","background-media":"","overlay-type":"","overlay-color":"","overlay-opacity":"","overlay-gradient":""}},"ast-content-background-meta":{"desktop":{"background-color":"var(--ast-global-color-4)","background-image":"","background-repeat":"repeat","background-position":"center center","background-size":"auto","background-attachment":"scroll","background-type":"","background-media":"","overlay-type":"","overlay-color":"","overlay-opacity":"","overlay-gradient":""},"tablet":{"background-color":"var(--ast-global-color-4)","background-image":"","background-repeat":"repeat","background-position":"center center","background-size":"auto","background-attachment":"scroll","background-type":"","background-media":"","overlay-type":"","overlay-color":"","overlay-opacity":"","overlay-gradient":""},"mobile":{"background-color":"var(--ast-global-color-4)","background-image":"","background-repeat":"repeat","background-position":"center center","background-size":"auto","background-attachment":"scroll","background-type":"","background-media":"","overlay-type":"","overlay-color":"","overlay-opacity":"","overlay-gradient":""}}},"product_brand":[],"product_cat":[9580],"product_tag":[9554],"class_list":{"0":"post-23256","1":"product","2":"type-product","3":"status-publish","4":"has-post-thumbnail","6":"product_cat-psichologiniai-detektyvai","7":"product_tag-cristina-alger","8":"desktop-align-left","9":"tablet-align-left","10":"mobile-align-left","12":"first","13":"instock","14":"shipping-taxable","15":"purchasable","16":"product-type-simple"},"acf":[],"yoast_head":"<!-- This site is optimized with the Yoast SEO plugin v27.0 - https:\/\/yoast.com\/product\/yoast-seo-wordpress\/ -->\n<title>Bankininko \u017emona<\/title>\n<meta name=\"description\" content=\"USA Today bestselerio \u201eBankininko \u017emona\u201c leidybos teis\u0117s parduotos 18 \u0161ali\u0173, ekranizacijos teises \u012fsigijo Amazon Studios. Vien\u0105 lapkri\u010dio ryt\u0105 \u017denevon\" \/>\n<meta name=\"robots\" content=\"index, follow, max-snippet:-1, max-image-preview:large, max-video-preview:-1\" \/>\n<link rel=\"canonical\" href=\"https:\/\/skaitytaknyga.lt\/en\/produktas\/bankininko-zmona\/\" \/>\n<meta property=\"og:locale\" content=\"en_GB\" \/>\n<meta property=\"og:locale:alternate\" content=\"lt_LT\" \/>\n<meta property=\"og:type\" content=\"article\" \/>\n<meta property=\"og:title\" content=\"Bankininko \u017emona\" \/>\n<meta property=\"og:description\" content=\"USA Today bestselerio \u201eBankininko \u017emona\u201c leidybos teis\u0117s parduotos 18 \u0161ali\u0173, ekranizacijos teises \u012fsigijo Amazon Studios. Vien\u0105 lapkri\u010dio ryt\u0105 \u017denevon\" \/>\n<meta property=\"og:url\" content=\"https:\/\/skaitytaknyga.lt\/en\/produktas\/bankininko-zmona\/\" \/>\n<meta property=\"og:site_name\" content=\"Skaitytaknyga\" \/>\n<meta property=\"article:publisher\" content=\"https:\/\/www.facebook.com\/skaitytaknyga\/\" \/>\n<meta property=\"article:modified_time\" content=\"2026-03-05T11:16:33+00:00\" \/>\n<meta property=\"og:image\" content=\"https:\/\/skaitytaknyga.lt\/wp-content\/uploads\/2026\/03\/Bankininko-zmona-1.webp\" \/>\n\t<meta property=\"og:image:width\" content=\"300\" \/>\n\t<meta property=\"og:image:height\" content=\"447\" \/>\n\t<meta property=\"og:image:type\" content=\"image\/webp\" \/>\n<meta name=\"twitter:card\" content=\"summary_large_image\" \/>\n<meta name=\"twitter:label1\" content=\"Estimated reading time\" \/>\n\t<meta name=\"twitter:data1\" content=\"1 minute\" \/>\n<script type=\"application\/ld+json\" class=\"yoast-schema-graph\">{\"@context\":\"https:\/\/schema.org\",\"@graph\":[{\"@type\":\"WebPage\",\"@id\":\"https:\/\/skaitytaknyga.lt\/produktas\/bankininko-zmona\/\",\"url\":\"https:\/\/skaitytaknyga.lt\/produktas\/bankininko-zmona\/\",\"name\":\"Bankininko \u017emona\",\"isPartOf\":{\"@id\":\"https:\/\/skaitytaknyga.lt\/#website\"},\"primaryImageOfPage\":{\"@id\":\"https:\/\/skaitytaknyga.lt\/produktas\/bankininko-zmona\/#primaryimage\"},\"image\":{\"@id\":\"https:\/\/skaitytaknyga.lt\/produktas\/bankininko-zmona\/#primaryimage\"},\"thumbnailUrl\":\"https:\/\/skaitytaknyga.lt\/wp-content\/uploads\/2026\/03\/Bankininko-zmona-1.webp\",\"datePublished\":\"2026-03-02T07:43:48+00:00\",\"dateModified\":\"2026-03-05T11:16:33+00:00\",\"description\":\"USA Today bestselerio \u201eBankininko \u017emona\u201c leidybos teis\u0117s parduotos 18 \u0161ali\u0173, ekranizacijos teises \u012fsigijo Amazon Studios. Vien\u0105 lapkri\u010dio ryt\u0105 \u017denevon\",\"breadcrumb\":{\"@id\":\"https:\/\/skaitytaknyga.lt\/produktas\/bankininko-zmona\/#breadcrumb\"},\"inLanguage\":\"en-GB\",\"potentialAction\":[{\"@type\":\"ReadAction\",\"target\":[\"https:\/\/skaitytaknyga.lt\/produktas\/bankininko-zmona\/\"]}]},{\"@type\":\"ImageObject\",\"inLanguage\":\"en-GB\",\"@id\":\"https:\/\/skaitytaknyga.lt\/produktas\/bankininko-zmona\/#primaryimage\",\"url\":\"https:\/\/skaitytaknyga.lt\/wp-content\/uploads\/2026\/03\/Bankininko-zmona-1.webp\",\"contentUrl\":\"https:\/\/skaitytaknyga.lt\/wp-content\/uploads\/2026\/03\/Bankininko-zmona-1.webp\",\"width\":300,\"height\":447,\"caption\":\"Bankininko \u017emona\"},{\"@type\":\"BreadcrumbList\",\"@id\":\"https:\/\/skaitytaknyga.lt\/produktas\/bankininko-zmona\/#breadcrumb\",\"itemListElement\":[{\"@type\":\"ListItem\",\"position\":1,\"name\":\"Home\",\"item\":\"https:\/\/skaitytaknyga.lt\/\"},{\"@type\":\"ListItem\",\"position\":2,\"name\":\"Parduotuv\u0117\",\"item\":\"https:\/\/skaitytaknyga.lt\/knygu-parduotuve\/\"},{\"@type\":\"ListItem\",\"position\":3,\"name\":\"Bankininko \u017emona\"}]},{\"@type\":\"WebSite\",\"@id\":\"https:\/\/skaitytaknyga.lt\/#website\",\"url\":\"https:\/\/skaitytaknyga.lt\/\",\"name\":\"skaitytaknyga.lt\",\"description\":\"Skaitytaknyga.lt \u2013 tai ma\u017eas \u0161eimos verslas, kuris prasid\u0117jo nuo meil\u0117s knygoms ir siekio i\u0161gelb\u0117ti knygas nuo likimo prie konteinerio. Kas vienam nereikalingas daiktas \u2013 kitam lobis, o mes esame tarpininkai, kurie padeda abiems tapti laimingesniems ???? \u017dinome kaip nelengva i\u0161gyventi ma\u017eiems verslams, tad nuo \u0161iol, \u010dia rasite ir kit\u0173, ma\u017e\u0173 \u0161eim\u0173 versl\u0173, rank\u0173 darbo, dovan\u0173 sau ir artimiesiems.\",\"publisher\":{\"@id\":\"https:\/\/skaitytaknyga.lt\/#organization\"},\"potentialAction\":[{\"@type\":\"SearchAction\",\"target\":{\"@type\":\"EntryPoint\",\"urlTemplate\":\"https:\/\/skaitytaknyga.lt\/?s={search_term_string}\"},\"query-input\":{\"@type\":\"PropertyValueSpecification\",\"valueRequired\":true,\"valueName\":\"search_term_string\"}}],\"inLanguage\":\"en-GB\"},{\"@type\":\"Organization\",\"@id\":\"https:\/\/skaitytaknyga.lt\/#organization\",\"name\":\"skaitytaknyga.lt\",\"url\":\"https:\/\/skaitytaknyga.lt\/\",\"logo\":{\"@type\":\"ImageObject\",\"inLanguage\":\"en-GB\",\"@id\":\"https:\/\/skaitytaknyga.lt\/#\/schema\/logo\/image\/\",\"url\":\"https:\/\/skaitytaknyga.lt\/wp-content\/uploads\/2024\/05\/cropped-cropped-cropped-02_00843_jt3bggkj1j3HLc7SyY6rEUpg.jpeg\",\"contentUrl\":\"https:\/\/skaitytaknyga.lt\/wp-content\/uploads\/2024\/05\/cropped-cropped-cropped-02_00843_jt3bggkj1j3HLc7SyY6rEUpg.jpeg\",\"width\":1600,\"height\":1600,\"caption\":\"skaitytaknyga.lt\"},\"image\":{\"@id\":\"https:\/\/skaitytaknyga.lt\/#\/schema\/logo\/image\/\"},\"sameAs\":[\"https:\/\/www.facebook.com\/skaitytaknyga\/\"]}]}<\/script>\n<!-- \/ Yoast SEO plugin. -->","yoast_head_json":{"title":"Bankininko \u017emona","description":"USA Today bestselerio \u201eBankininko \u017emona\u201c leidybos teis\u0117s parduotos 18 \u0161ali\u0173, ekranizacijos teises \u012fsigijo Amazon Studios. Vien\u0105 lapkri\u010dio ryt\u0105 \u017denevon","robots":{"index":"index","follow":"follow","max-snippet":"max-snippet:-1","max-image-preview":"max-image-preview:large","max-video-preview":"max-video-preview:-1"},"canonical":"https:\/\/skaitytaknyga.lt\/en\/produktas\/bankininko-zmona\/","og_locale":"en_GB","og_type":"article","og_title":"[:lt]Bankininko \u017emona[:] - Skaitytaknyga","og_description":"USA Today bestselerio \u201eBankininko \u017emona\u201c leidybos teis\u0117s parduotos 18 \u0161ali\u0173, ekranizacijos teises \u012fsigijo Amazon Studios. Vien\u0105 lapkri\u010dio ryt\u0105 \u017denevon","og_url":"https:\/\/skaitytaknyga.lt\/en\/produktas\/bankininko-zmona\/","og_site_name":"Skaitytaknyga","article_publisher":"https:\/\/www.facebook.com\/skaitytaknyga\/","article_modified_time":"2026-03-05T11:16:33+00:00","og_image":[{"width":300,"height":447,"url":"https:\/\/skaitytaknyga.lt\/wp-content\/uploads\/2026\/03\/Bankininko-zmona-1.webp","type":"image\/webp"}],"twitter_card":"summary_large_image","twitter_misc":{"Estimated reading time":"1 minute"},"schema":{"@context":"https:\/\/schema.org","@graph":[{"@type":"WebPage","@id":"https:\/\/skaitytaknyga.lt\/produktas\/bankininko-zmona\/","url":"https:\/\/skaitytaknyga.lt\/produktas\/bankininko-zmona\/","name":"Bankininko \u017emona","isPartOf":{"@id":"https:\/\/skaitytaknyga.lt\/#website"},"primaryImageOfPage":{"@id":"https:\/\/skaitytaknyga.lt\/produktas\/bankininko-zmona\/#primaryimage"},"image":{"@id":"https:\/\/skaitytaknyga.lt\/produktas\/bankininko-zmona\/#primaryimage"},"thumbnailUrl":"https:\/\/skaitytaknyga.lt\/wp-content\/uploads\/2026\/03\/Bankininko-zmona-1.webp","datePublished":"2026-03-02T07:43:48+00:00","dateModified":"2026-03-05T11:16:33+00:00","description":"USA Today bestselerio \u201eBankininko \u017emona\u201c leidybos teis\u0117s parduotos 18 \u0161ali\u0173, ekranizacijos teises \u012fsigijo Amazon Studios. Vien\u0105 lapkri\u010dio ryt\u0105 \u017denevon","breadcrumb":{"@id":"https:\/\/skaitytaknyga.lt\/produktas\/bankininko-zmona\/#breadcrumb"},"inLanguage":"en-GB","potentialAction":[{"@type":"ReadAction","target":["https:\/\/skaitytaknyga.lt\/produktas\/bankininko-zmona\/"]}]},{"@type":"ImageObject","inLanguage":"en-GB","@id":"https:\/\/skaitytaknyga.lt\/produktas\/bankininko-zmona\/#primaryimage","url":"https:\/\/skaitytaknyga.lt\/wp-content\/uploads\/2026\/03\/Bankininko-zmona-1.webp","contentUrl":"https:\/\/skaitytaknyga.lt\/wp-content\/uploads\/2026\/03\/Bankininko-zmona-1.webp","width":300,"height":447,"caption":"Bankininko \u017emona"},{"@type":"BreadcrumbList","@id":"https:\/\/skaitytaknyga.lt\/produktas\/bankininko-zmona\/#breadcrumb","itemListElement":[{"@type":"ListItem","position":1,"name":"Home","item":"https:\/\/skaitytaknyga.lt\/"},{"@type":"ListItem","position":2,"name":"Parduotuv\u0117","item":"https:\/\/skaitytaknyga.lt\/knygu-parduotuve\/"},{"@type":"ListItem","position":3,"name":"Bankininko \u017emona"}]},{"@type":"WebSite","@id":"https:\/\/skaitytaknyga.lt\/#website","url":"https:\/\/skaitytaknyga.lt\/","name":"skaitytaknyga.lt","description":"Skaitytaknyga.lt \u2013 tai ma\u017eas \u0161eimos verslas, kuris prasid\u0117jo nuo meil\u0117s knygoms ir siekio i\u0161gelb\u0117ti knygas nuo likimo prie konteinerio. Kas vienam nereikalingas daiktas \u2013 kitam lobis, o mes esame tarpininkai, kurie padeda abiems tapti laimingesniems ???? \u017dinome kaip nelengva i\u0161gyventi ma\u017eiems verslams, tad nuo \u0161iol, \u010dia rasite ir kit\u0173, ma\u017e\u0173 \u0161eim\u0173 versl\u0173, rank\u0173 darbo, dovan\u0173 sau ir artimiesiems.","publisher":{"@id":"https:\/\/skaitytaknyga.lt\/#organization"},"potentialAction":[{"@type":"SearchAction","target":{"@type":"EntryPoint","urlTemplate":"https:\/\/skaitytaknyga.lt\/?s={search_term_string}"},"query-input":{"@type":"PropertyValueSpecification","valueRequired":true,"valueName":"search_term_string"}}],"inLanguage":"en-GB"},{"@type":"Organization","@id":"https:\/\/skaitytaknyga.lt\/#organization","name":"skaitytaknyga.lt","url":"https:\/\/skaitytaknyga.lt\/","logo":{"@type":"ImageObject","inLanguage":"en-GB","@id":"https:\/\/skaitytaknyga.lt\/#\/schema\/logo\/image\/","url":"https:\/\/skaitytaknyga.lt\/wp-content\/uploads\/2024\/05\/cropped-cropped-cropped-02_00843_jt3bggkj1j3HLc7SyY6rEUpg.jpeg","contentUrl":"https:\/\/skaitytaknyga.lt\/wp-content\/uploads\/2024\/05\/cropped-cropped-cropped-02_00843_jt3bggkj1j3HLc7SyY6rEUpg.jpeg","width":1600,"height":1600,"caption":"skaitytaknyga.lt"},"image":{"@id":"https:\/\/skaitytaknyga.lt\/#\/schema\/logo\/image\/"},"sameAs":["https:\/\/www.facebook.com\/skaitytaknyga\/"]}]}},"_links":{"self":[{"href":"https:\/\/skaitytaknyga.lt\/en\/wp-json\/wp\/v2\/product\/23256","targetHints":{"allow":["GET"]}}],"collection":[{"href":"https:\/\/skaitytaknyga.lt\/en\/wp-json\/wp\/v2\/product"}],"about":[{"href":"https:\/\/skaitytaknyga.lt\/en\/wp-json\/wp\/v2\/types\/product"}],"replies":[{"embeddable":true,"href":"https:\/\/skaitytaknyga.lt\/en\/wp-json\/wp\/v2\/comments?post=23256"}],"wp:featuredmedia":[{"embeddable":true,"href":"https:\/\/skaitytaknyga.lt\/en\/wp-json\/wp\/v2\/media\/23261"}],"wp:attachment":[{"href":"https:\/\/skaitytaknyga.lt\/en\/wp-json\/wp\/v2\/media?parent=23256"}],"wp:term":[{"taxonomy":"product_brand","embeddable":true,"href":"https:\/\/skaitytaknyga.lt\/en\/wp-json\/wp\/v2\/product_brand?post=23256"},{"taxonomy":"product_cat","embeddable":true,"href":"https:\/\/skaitytaknyga.lt\/en\/wp-json\/wp\/v2\/product_cat?post=23256"},{"taxonomy":"product_tag","embeddable":true,"href":"https:\/\/skaitytaknyga.lt\/en\/wp-json\/wp\/v2\/product_tag?post=23256"}],"curies":[{"name":"wp","href":"https:\/\/api.w.org\/{rel}","templated":true}]}}