{"id":23255,"date":"2026-03-02T09:43:48","date_gmt":"2026-03-02T07:43:48","guid":{"rendered":"https:\/\/skaitytaknyga.lt\/?post_type=product&#038;p=23255"},"modified":"2026-03-05T10:54:58","modified_gmt":"2026-03-05T08:54:58","slug":"prisipazinimas","status":"publish","type":"product","link":"https:\/\/skaitytaknyga.lt\/en\/produktas\/prisipazinimas\/","title":{"rendered":"Prisipa\u017einimas"},"content":{"rendered":"<p>Kai svarbus korumpuotos Niujorko advokat\u0173 kontoros klientas suimamas d\u0117l nu\u017eudymo, FTB papra\u0161o buvusio suk\u010diaus, o dabar advokato Ed\u017eio Flino \u012ftikinti j\u012f liudyti prie\u0161 \u012fmon\u0119.<\/p>\n<p>Ed\u012f Flin\u0105 nelengva prispausti, bet kai FTB atskleid\u017eia turinti \u012frodym\u0173 apie jo \u017emonos nusikalstam\u0105 veikl\u0105, supranta, kad kitos i\u0161eities n\u0117ra.<\/p>\n<p>Ta\u010diau Edis \u012fsitikina, kad \u012ftariamasis nekaltas, nors daugyb\u0117 \u012frodym\u0173, rodos, liudija prie\u0161ingai. Spaud\u017eiamas i\u0161pe\u0161ti FTB nauding\u0105 sandor\u012f, Edis turi rasti b\u016bd\u0105 \u012frodyti, kad jo klientas nekaltas, ir i\u0161gelb\u0117ti \u017emon\u0105. Ant kortos pastatyta daug.<\/p>\n<p>\u201eViena i\u0161 labiausiai \u012ftraukian\u010di\u0173 knyg\u0173, kurias perskaitysite \u0161iais metais.\u201c \u2013 John Connolly<\/p>\n<p>\u201ePainus, \u012ftraukiantis trileris.\u201c \u2013 Ian Rankin<\/p>\n<p>\u201eDinami\u0161kas, \u012ftempto veiksmo, teisinis trileris neabejotinai sudomins netik\u0117tais siu\u017eeto pos\u016bkiais.\u201c \u2013 Library Journal<\/p>\n","protected":false},"excerpt":{"rendered":"<p>Kai svarbus korumpuotos Niujorko advokat\u0173 kontoros klientas suimamas d\u0117l nu\u017eudymo, FTB papra\u0161o buvusio suk\u010diaus, o dabar advokato Ed\u017eio Flino \u012ftikinti j\u012f liudyti prie\u0161 \u012fmon\u0119. Ed\u012f Flin\u0105 nelengva prispausti, bet kai FTB atskleid\u017eia turinti \u012frodym\u0173 apie jo \u017emonos nusikalstam\u0105 veikl\u0105, supranta, kad kitos i\u0161eities n\u0117ra. Ta\u010diau Edis \u012fsitikina, kad \u012ftariamasis nekaltas, nors daugyb\u0117 \u012frodym\u0173, rodos, liudija prie\u0161ingai. Spaud\u017eiamas i\u0161pe\u0161ti FTB nauding\u0105 sandor\u012f, Edis turi rasti b\u016bd\u0105 \u012frodyti, kad jo klientas nekaltas, ir i\u0161gelb\u0117ti \u017emon\u0105. Ant kortos pastatyta daug. \u201eViena i\u0161 labiausiai \u012ftraukian\u010di\u0173 knyg\u0173, kurias perskaitysite \u0161iais metais.\u201c \u2013 John Connolly \u201ePainus, \u012ftraukiantis trileris.\u201c \u2013 Ian Rankin \u201eDinami\u0161kas, \u012ftempto veiksmo, teisinis trileris neabejotinai sudomins netik\u0117tais siu\u017eeto pos\u016bkiais.\u201c \u2013 Library Journal<\/p>\n","protected":false},"featured_media":23260,"comment_status":"open","ping_status":"closed","template":"","meta":{"_acf_changed":false,"site-sidebar-layout":"default","site-content-layout":"","ast-site-content-layout":"default","site-content-style":"default","site-sidebar-style":"default","ast-global-header-display":"","ast-banner-title-visibility":"","ast-main-header-display":"","ast-hfb-above-header-display":"","ast-hfb-below-header-display":"","ast-hfb-mobile-header-display":"","site-post-title":"","ast-breadcrumbs-content":"","ast-featured-img":"","footer-sml-layout":"","ast-disable-related-posts":"","theme-transparent-header-meta":"","adv-header-id-meta":"","stick-header-meta":"","header-above-stick-meta":"","header-main-stick-meta":"","header-below-stick-meta":"","astra-migrate-meta-layouts":"default","ast-page-background-enabled":"default","ast-page-background-meta":{"desktop":{"background-color":"","background-image":"","background-repeat":"repeat","background-position":"center center","background-size":"auto","background-attachment":"scroll","background-type":"","background-media":"","overlay-type":"","overlay-color":"","overlay-opacity":"","overlay-gradient":""},"tablet":{"background-color":"","background-image":"","background-repeat":"repeat","background-position":"center center","background-size":"auto","background-attachment":"scroll","background-type":"","background-media":"","overlay-type":"","overlay-color":"","overlay-opacity":"","overlay-gradient":""},"mobile":{"background-color":"","background-image":"","background-repeat":"repeat","background-position":"center center","background-size":"auto","background-attachment":"scroll","background-type":"","background-media":"","overlay-type":"","overlay-color":"","overlay-opacity":"","overlay-gradient":""}},"ast-content-background-meta":{"desktop":{"background-color":"var(--ast-global-color-4)","background-image":"","background-repeat":"repeat","background-position":"center center","background-size":"auto","background-attachment":"scroll","background-type":"","background-media":"","overlay-type":"","overlay-color":"","overlay-opacity":"","overlay-gradient":""},"tablet":{"background-color":"var(--ast-global-color-4)","background-image":"","background-repeat":"repeat","background-position":"center center","background-size":"auto","background-attachment":"scroll","background-type":"","background-media":"","overlay-type":"","overlay-color":"","overlay-opacity":"","overlay-gradient":""},"mobile":{"background-color":"var(--ast-global-color-4)","background-image":"","background-repeat":"repeat","background-position":"center center","background-size":"auto","background-attachment":"scroll","background-type":"","background-media":"","overlay-type":"","overlay-color":"","overlay-opacity":"","overlay-gradient":""}}},"product_brand":[],"product_cat":[9581],"product_tag":[9552],"class_list":{"0":"post-23255","1":"product","2":"type-product","3":"status-publish","4":"has-post-thumbnail","6":"product_cat-kriminaliniai-romanai","7":"product_tag-steve-cavanagh","8":"desktop-align-left","9":"tablet-align-left","10":"mobile-align-left","12":"first","13":"instock","14":"shipping-taxable","15":"purchasable","16":"product-type-simple"},"acf":[],"yoast_head":"<!-- This site is optimized with the Yoast SEO plugin v27.0 - https:\/\/yoast.com\/product\/yoast-seo-wordpress\/ -->\n<title>Prisipa\u017einimas<\/title>\n<meta name=\"description\" content=\"Kai svarbus korumpuotos Niujorko advokat\u0173 kontoros klientas suimamas d\u0117l nu\u017eudymo, FTB papra\u0161o buvusio suk\u010diaus, o dabar advokato Ed\u017eio Flino \u012ftikinti j\u012f\" \/>\n<meta name=\"robots\" content=\"index, follow, max-snippet:-1, max-image-preview:large, max-video-preview:-1\" \/>\n<link rel=\"canonical\" href=\"https:\/\/skaitytaknyga.lt\/en\/produktas\/prisipazinimas\/\" \/>\n<meta property=\"og:locale\" content=\"en_GB\" \/>\n<meta property=\"og:locale:alternate\" content=\"lt_LT\" \/>\n<meta property=\"og:type\" content=\"article\" \/>\n<meta property=\"og:title\" content=\"Prisipa\u017einimas\" \/>\n<meta property=\"og:description\" content=\"Kai svarbus korumpuotos Niujorko advokat\u0173 kontoros klientas suimamas d\u0117l nu\u017eudymo, FTB papra\u0161o buvusio suk\u010diaus, o dabar advokato Ed\u017eio Flino \u012ftikinti j\u012f\" \/>\n<meta property=\"og:url\" content=\"https:\/\/skaitytaknyga.lt\/en\/produktas\/prisipazinimas\/\" \/>\n<meta property=\"og:site_name\" content=\"Skaitytaknyga\" \/>\n<meta property=\"article:publisher\" content=\"https:\/\/www.facebook.com\/skaitytaknyga\/\" \/>\n<meta property=\"article:modified_time\" content=\"2026-03-05T08:54:58+00:00\" \/>\n<meta property=\"og:image\" content=\"https:\/\/skaitytaknyga.lt\/wp-content\/uploads\/2026\/03\/Prisipazinimas-1.webp\" \/>\n\t<meta property=\"og:image:width\" content=\"300\" \/>\n\t<meta property=\"og:image:height\" content=\"455\" \/>\n\t<meta property=\"og:image:type\" content=\"image\/webp\" \/>\n<meta name=\"twitter:card\" content=\"summary_large_image\" \/>\n<meta name=\"twitter:label1\" content=\"Estimated reading time\" \/>\n\t<meta name=\"twitter:data1\" content=\"1 minute\" \/>\n<script type=\"application\/ld+json\" class=\"yoast-schema-graph\">{\"@context\":\"https:\/\/schema.org\",\"@graph\":[{\"@type\":\"WebPage\",\"@id\":\"https:\/\/skaitytaknyga.lt\/produktas\/prisipazinimas\/\",\"url\":\"https:\/\/skaitytaknyga.lt\/produktas\/prisipazinimas\/\",\"name\":\"Prisipa\u017einimas\",\"isPartOf\":{\"@id\":\"https:\/\/skaitytaknyga.lt\/#website\"},\"primaryImageOfPage\":{\"@id\":\"https:\/\/skaitytaknyga.lt\/produktas\/prisipazinimas\/#primaryimage\"},\"image\":{\"@id\":\"https:\/\/skaitytaknyga.lt\/produktas\/prisipazinimas\/#primaryimage\"},\"thumbnailUrl\":\"https:\/\/skaitytaknyga.lt\/wp-content\/uploads\/2026\/03\/Prisipazinimas-1.webp\",\"datePublished\":\"2026-03-02T07:43:48+00:00\",\"dateModified\":\"2026-03-05T08:54:58+00:00\",\"description\":\"Kai svarbus korumpuotos Niujorko advokat\u0173 kontoros klientas suimamas d\u0117l nu\u017eudymo, FTB papra\u0161o buvusio suk\u010diaus, o dabar advokato Ed\u017eio Flino \u012ftikinti j\u012f\",\"breadcrumb\":{\"@id\":\"https:\/\/skaitytaknyga.lt\/produktas\/prisipazinimas\/#breadcrumb\"},\"inLanguage\":\"en-GB\",\"potentialAction\":[{\"@type\":\"ReadAction\",\"target\":[\"https:\/\/skaitytaknyga.lt\/produktas\/prisipazinimas\/\"]}]},{\"@type\":\"ImageObject\",\"inLanguage\":\"en-GB\",\"@id\":\"https:\/\/skaitytaknyga.lt\/produktas\/prisipazinimas\/#primaryimage\",\"url\":\"https:\/\/skaitytaknyga.lt\/wp-content\/uploads\/2026\/03\/Prisipazinimas-1.webp\",\"contentUrl\":\"https:\/\/skaitytaknyga.lt\/wp-content\/uploads\/2026\/03\/Prisipazinimas-1.webp\",\"width\":300,\"height\":455,\"caption\":\"Prisipa\u017einimas\"},{\"@type\":\"BreadcrumbList\",\"@id\":\"https:\/\/skaitytaknyga.lt\/produktas\/prisipazinimas\/#breadcrumb\",\"itemListElement\":[{\"@type\":\"ListItem\",\"position\":1,\"name\":\"Home\",\"item\":\"https:\/\/skaitytaknyga.lt\/\"},{\"@type\":\"ListItem\",\"position\":2,\"name\":\"Parduotuv\u0117\",\"item\":\"https:\/\/skaitytaknyga.lt\/knygu-parduotuve\/\"},{\"@type\":\"ListItem\",\"position\":3,\"name\":\"Prisipa\u017einimas\"}]},{\"@type\":\"WebSite\",\"@id\":\"https:\/\/skaitytaknyga.lt\/#website\",\"url\":\"https:\/\/skaitytaknyga.lt\/\",\"name\":\"skaitytaknyga.lt\",\"description\":\"Skaitytaknyga.lt \u2013 tai ma\u017eas \u0161eimos verslas, kuris prasid\u0117jo nuo meil\u0117s knygoms ir siekio i\u0161gelb\u0117ti knygas nuo likimo prie konteinerio. Kas vienam nereikalingas daiktas \u2013 kitam lobis, o mes esame tarpininkai, kurie padeda abiems tapti laimingesniems ???? \u017dinome kaip nelengva i\u0161gyventi ma\u017eiems verslams, tad nuo \u0161iol, \u010dia rasite ir kit\u0173, ma\u017e\u0173 \u0161eim\u0173 versl\u0173, rank\u0173 darbo, dovan\u0173 sau ir artimiesiems.\",\"publisher\":{\"@id\":\"https:\/\/skaitytaknyga.lt\/#organization\"},\"potentialAction\":[{\"@type\":\"SearchAction\",\"target\":{\"@type\":\"EntryPoint\",\"urlTemplate\":\"https:\/\/skaitytaknyga.lt\/?s={search_term_string}\"},\"query-input\":{\"@type\":\"PropertyValueSpecification\",\"valueRequired\":true,\"valueName\":\"search_term_string\"}}],\"inLanguage\":\"en-GB\"},{\"@type\":\"Organization\",\"@id\":\"https:\/\/skaitytaknyga.lt\/#organization\",\"name\":\"skaitytaknyga.lt\",\"url\":\"https:\/\/skaitytaknyga.lt\/\",\"logo\":{\"@type\":\"ImageObject\",\"inLanguage\":\"en-GB\",\"@id\":\"https:\/\/skaitytaknyga.lt\/#\/schema\/logo\/image\/\",\"url\":\"https:\/\/skaitytaknyga.lt\/wp-content\/uploads\/2024\/05\/cropped-cropped-cropped-02_00843_jt3bggkj1j3HLc7SyY6rEUpg.jpeg\",\"contentUrl\":\"https:\/\/skaitytaknyga.lt\/wp-content\/uploads\/2024\/05\/cropped-cropped-cropped-02_00843_jt3bggkj1j3HLc7SyY6rEUpg.jpeg\",\"width\":1600,\"height\":1600,\"caption\":\"skaitytaknyga.lt\"},\"image\":{\"@id\":\"https:\/\/skaitytaknyga.lt\/#\/schema\/logo\/image\/\"},\"sameAs\":[\"https:\/\/www.facebook.com\/skaitytaknyga\/\"]}]}<\/script>\n<!-- \/ Yoast SEO plugin. -->","yoast_head_json":{"title":"Prisipa\u017einimas","description":"Kai svarbus korumpuotos Niujorko advokat\u0173 kontoros klientas suimamas d\u0117l nu\u017eudymo, FTB papra\u0161o buvusio suk\u010diaus, o dabar advokato Ed\u017eio Flino \u012ftikinti j\u012f","robots":{"index":"index","follow":"follow","max-snippet":"max-snippet:-1","max-image-preview":"max-image-preview:large","max-video-preview":"max-video-preview:-1"},"canonical":"https:\/\/skaitytaknyga.lt\/en\/produktas\/prisipazinimas\/","og_locale":"en_GB","og_type":"article","og_title":"[:lt]Prisipa\u017einimas[:] - Skaitytaknyga","og_description":"Kai svarbus korumpuotos Niujorko advokat\u0173 kontoros klientas suimamas d\u0117l nu\u017eudymo, FTB papra\u0161o buvusio suk\u010diaus, o dabar advokato Ed\u017eio Flino \u012ftikinti j\u012f","og_url":"https:\/\/skaitytaknyga.lt\/en\/produktas\/prisipazinimas\/","og_site_name":"Skaitytaknyga","article_publisher":"https:\/\/www.facebook.com\/skaitytaknyga\/","article_modified_time":"2026-03-05T08:54:58+00:00","og_image":[{"width":300,"height":455,"url":"https:\/\/skaitytaknyga.lt\/wp-content\/uploads\/2026\/03\/Prisipazinimas-1.webp","type":"image\/webp"}],"twitter_card":"summary_large_image","twitter_misc":{"Estimated reading time":"1 minute"},"schema":{"@context":"https:\/\/schema.org","@graph":[{"@type":"WebPage","@id":"https:\/\/skaitytaknyga.lt\/produktas\/prisipazinimas\/","url":"https:\/\/skaitytaknyga.lt\/produktas\/prisipazinimas\/","name":"Prisipa\u017einimas","isPartOf":{"@id":"https:\/\/skaitytaknyga.lt\/#website"},"primaryImageOfPage":{"@id":"https:\/\/skaitytaknyga.lt\/produktas\/prisipazinimas\/#primaryimage"},"image":{"@id":"https:\/\/skaitytaknyga.lt\/produktas\/prisipazinimas\/#primaryimage"},"thumbnailUrl":"https:\/\/skaitytaknyga.lt\/wp-content\/uploads\/2026\/03\/Prisipazinimas-1.webp","datePublished":"2026-03-02T07:43:48+00:00","dateModified":"2026-03-05T08:54:58+00:00","description":"Kai svarbus korumpuotos Niujorko advokat\u0173 kontoros klientas suimamas d\u0117l nu\u017eudymo, FTB papra\u0161o buvusio suk\u010diaus, o dabar advokato Ed\u017eio Flino \u012ftikinti j\u012f","breadcrumb":{"@id":"https:\/\/skaitytaknyga.lt\/produktas\/prisipazinimas\/#breadcrumb"},"inLanguage":"en-GB","potentialAction":[{"@type":"ReadAction","target":["https:\/\/skaitytaknyga.lt\/produktas\/prisipazinimas\/"]}]},{"@type":"ImageObject","inLanguage":"en-GB","@id":"https:\/\/skaitytaknyga.lt\/produktas\/prisipazinimas\/#primaryimage","url":"https:\/\/skaitytaknyga.lt\/wp-content\/uploads\/2026\/03\/Prisipazinimas-1.webp","contentUrl":"https:\/\/skaitytaknyga.lt\/wp-content\/uploads\/2026\/03\/Prisipazinimas-1.webp","width":300,"height":455,"caption":"Prisipa\u017einimas"},{"@type":"BreadcrumbList","@id":"https:\/\/skaitytaknyga.lt\/produktas\/prisipazinimas\/#breadcrumb","itemListElement":[{"@type":"ListItem","position":1,"name":"Home","item":"https:\/\/skaitytaknyga.lt\/"},{"@type":"ListItem","position":2,"name":"Parduotuv\u0117","item":"https:\/\/skaitytaknyga.lt\/knygu-parduotuve\/"},{"@type":"ListItem","position":3,"name":"Prisipa\u017einimas"}]},{"@type":"WebSite","@id":"https:\/\/skaitytaknyga.lt\/#website","url":"https:\/\/skaitytaknyga.lt\/","name":"skaitytaknyga.lt","description":"Skaitytaknyga.lt \u2013 tai ma\u017eas \u0161eimos verslas, kuris prasid\u0117jo nuo meil\u0117s knygoms ir siekio i\u0161gelb\u0117ti knygas nuo likimo prie konteinerio. Kas vienam nereikalingas daiktas \u2013 kitam lobis, o mes esame tarpininkai, kurie padeda abiems tapti laimingesniems ???? \u017dinome kaip nelengva i\u0161gyventi ma\u017eiems verslams, tad nuo \u0161iol, \u010dia rasite ir kit\u0173, ma\u017e\u0173 \u0161eim\u0173 versl\u0173, rank\u0173 darbo, dovan\u0173 sau ir artimiesiems.","publisher":{"@id":"https:\/\/skaitytaknyga.lt\/#organization"},"potentialAction":[{"@type":"SearchAction","target":{"@type":"EntryPoint","urlTemplate":"https:\/\/skaitytaknyga.lt\/?s={search_term_string}"},"query-input":{"@type":"PropertyValueSpecification","valueRequired":true,"valueName":"search_term_string"}}],"inLanguage":"en-GB"},{"@type":"Organization","@id":"https:\/\/skaitytaknyga.lt\/#organization","name":"skaitytaknyga.lt","url":"https:\/\/skaitytaknyga.lt\/","logo":{"@type":"ImageObject","inLanguage":"en-GB","@id":"https:\/\/skaitytaknyga.lt\/#\/schema\/logo\/image\/","url":"https:\/\/skaitytaknyga.lt\/wp-content\/uploads\/2024\/05\/cropped-cropped-cropped-02_00843_jt3bggkj1j3HLc7SyY6rEUpg.jpeg","contentUrl":"https:\/\/skaitytaknyga.lt\/wp-content\/uploads\/2024\/05\/cropped-cropped-cropped-02_00843_jt3bggkj1j3HLc7SyY6rEUpg.jpeg","width":1600,"height":1600,"caption":"skaitytaknyga.lt"},"image":{"@id":"https:\/\/skaitytaknyga.lt\/#\/schema\/logo\/image\/"},"sameAs":["https:\/\/www.facebook.com\/skaitytaknyga\/"]}]}},"_links":{"self":[{"href":"https:\/\/skaitytaknyga.lt\/en\/wp-json\/wp\/v2\/product\/23255","targetHints":{"allow":["GET"]}}],"collection":[{"href":"https:\/\/skaitytaknyga.lt\/en\/wp-json\/wp\/v2\/product"}],"about":[{"href":"https:\/\/skaitytaknyga.lt\/en\/wp-json\/wp\/v2\/types\/product"}],"replies":[{"embeddable":true,"href":"https:\/\/skaitytaknyga.lt\/en\/wp-json\/wp\/v2\/comments?post=23255"}],"wp:featuredmedia":[{"embeddable":true,"href":"https:\/\/skaitytaknyga.lt\/en\/wp-json\/wp\/v2\/media\/23260"}],"wp:attachment":[{"href":"https:\/\/skaitytaknyga.lt\/en\/wp-json\/wp\/v2\/media?parent=23255"}],"wp:term":[{"taxonomy":"product_brand","embeddable":true,"href":"https:\/\/skaitytaknyga.lt\/en\/wp-json\/wp\/v2\/product_brand?post=23255"},{"taxonomy":"product_cat","embeddable":true,"href":"https:\/\/skaitytaknyga.lt\/en\/wp-json\/wp\/v2\/product_cat?post=23255"},{"taxonomy":"product_tag","embeddable":true,"href":"https:\/\/skaitytaknyga.lt\/en\/wp-json\/wp\/v2\/product_tag?post=23255"}],"curies":[{"name":"wp","href":"https:\/\/api.w.org\/{rel}","templated":true}]}}