{"id":23254,"date":"2026-03-02T09:43:48","date_gmt":"2026-03-02T07:43:48","guid":{"rendered":"https:\/\/skaitytaknyga.lt\/?post_type=product&#038;p=23254"},"modified":"2026-03-05T10:46:17","modified_gmt":"2026-03-05T08:46:17","slug":"nekaltasis","status":"publish","type":"product","link":"https:\/\/skaitytaknyga.lt\/en\/produktas\/nekaltasis\/","title":{"rendered":"Nekaltasis"},"content":{"rendered":"<p>Pirmasis Johno Grishamo negro\u017ein\u0117s literat\u016bros k\u016brinys. Ma\u017eame miestelyje vykdomo tariamo teisingumo tyrimas, tap\u0119s sensacingiausiu autoriaus iki \u0161iol para\u0161ytu teisiniu trileriu.<\/p>\n<p>Jei manote, kad esate nekaltas, kol ne\u012frodyta prie\u0161ingai, \u0161i knyga jus \u0161okiruos.<br \/>\nJei esate mirties bausm\u0117s \u0161alininkas, perskait\u0119s j\u0105 sutriksite.<br \/>\nJei tikite sistemos, vykdan\u010dios baud\u017eiam\u0105j\u012f teisingum\u0105, objektyvumu, stipriai \u012fnir\u0161ite.<\/p>\n<p>Oklahomos valstijoje rastas i\u0161\u017eagintos dvide\u0161imt vieneri\u0173 padav\u0117jos Debros Siu Karter lavonas. Penkerius metus vyk\u0119s nusikaltimo tyrimas buvo perniek. D\u0117l prie\u017eas\u010di\u0173, kurios niekada nepaai\u0161k\u0117jo, policija \u012ftarimus parei\u0161k\u0117 Ronui Viljamsonui ir jo draugui Denisui Fricui. Apkaltinus \u017emog\u017eudyste, jiedu buvo suimti.<\/p>\n<p>Baud\u017eiamoji byla buvo pagr\u012fsta ne tiesioginiais \u012fkal\u010diais, kuri\u0173 i\u0161 tikr\u0173j\u0173 n\u0117 nebuvo, bet klaidinamais teismo medicinos ekspertiz\u0117s rezultatais, kal\u0117jimo skundik\u0173 ir kit\u0173 nuteist\u0173j\u0173 parodymais.<\/p>\n<p>Denisas Fricas pripa\u017eintas kaltu ir nuteistas kal\u0117ti iki gyvos galvos. Ronas Viljamsonas nuteistas mirties bausme.<\/p>\n<p>Ta\u010diau istorija tuo nesibaigia&#8230;<\/p>\n","protected":false},"excerpt":{"rendered":"<p>Pirmasis Johno Grishamo negro\u017ein\u0117s literat\u016bros k\u016brinys. Ma\u017eame miestelyje vykdomo tariamo teisingumo tyrimas, tap\u0119s sensacingiausiu autoriaus iki \u0161iol para\u0161ytu teisiniu trileriu. Jei manote, kad esate nekaltas, kol ne\u012frodyta prie\u0161ingai, \u0161i knyga jus \u0161okiruos. Jei esate mirties bausm\u0117s \u0161alininkas, perskait\u0119s j\u0105 sutriksite. Jei tikite sistemos, vykdan\u010dios baud\u017eiam\u0105j\u012f teisingum\u0105, objektyvumu, stipriai \u012fnir\u0161ite. Oklahomos valstijoje rastas i\u0161\u017eagintos dvide\u0161imt vieneri\u0173 padav\u0117jos Debros Siu Karter lavonas. Penkerius metus vyk\u0119s nusikaltimo tyrimas buvo perniek. D\u0117l prie\u017eas\u010di\u0173, kurios niekada nepaai\u0161k\u0117jo, policija \u012ftarimus parei\u0161k\u0117 Ronui Viljamsonui ir jo draugui Denisui Fricui. Apkaltinus \u017emog\u017eudyste, jiedu buvo suimti. Baud\u017eiamoji byla buvo pagr\u012fsta ne tiesioginiais \u012fkal\u010diais, kuri\u0173 i\u0161 tikr\u0173j\u0173 n\u0117 nebuvo, bet klaidinamais teismo medicinos ekspertiz\u0117s rezultatais, kal\u0117jimo skundik\u0173 ir kit\u0173 nuteist\u0173j\u0173 parodymais. Denisas Fricas pripa\u017eintas kaltu ir nuteistas kal\u0117ti iki gyvos galvos. Ronas Viljamsonas nuteistas mirties bausme. Ta\u010diau istorija tuo nesibaigia&#8230;<\/p>\n","protected":false},"featured_media":23259,"comment_status":"open","ping_status":"closed","template":"","meta":{"_acf_changed":false,"site-sidebar-layout":"default","site-content-layout":"","ast-site-content-layout":"default","site-content-style":"default","site-sidebar-style":"default","ast-global-header-display":"","ast-banner-title-visibility":"","ast-main-header-display":"","ast-hfb-above-header-display":"","ast-hfb-below-header-display":"","ast-hfb-mobile-header-display":"","site-post-title":"","ast-breadcrumbs-content":"","ast-featured-img":"","footer-sml-layout":"","ast-disable-related-posts":"","theme-transparent-header-meta":"","adv-header-id-meta":"","stick-header-meta":"","header-above-stick-meta":"","header-main-stick-meta":"","header-below-stick-meta":"","astra-migrate-meta-layouts":"default","ast-page-background-enabled":"default","ast-page-background-meta":{"desktop":{"background-color":"","background-image":"","background-repeat":"repeat","background-position":"center center","background-size":"auto","background-attachment":"scroll","background-type":"","background-media":"","overlay-type":"","overlay-color":"","overlay-opacity":"","overlay-gradient":""},"tablet":{"background-color":"","background-image":"","background-repeat":"repeat","background-position":"center center","background-size":"auto","background-attachment":"scroll","background-type":"","background-media":"","overlay-type":"","overlay-color":"","overlay-opacity":"","overlay-gradient":""},"mobile":{"background-color":"","background-image":"","background-repeat":"repeat","background-position":"center center","background-size":"auto","background-attachment":"scroll","background-type":"","background-media":"","overlay-type":"","overlay-color":"","overlay-opacity":"","overlay-gradient":""}},"ast-content-background-meta":{"desktop":{"background-color":"var(--ast-global-color-4)","background-image":"","background-repeat":"repeat","background-position":"center center","background-size":"auto","background-attachment":"scroll","background-type":"","background-media":"","overlay-type":"","overlay-color":"","overlay-opacity":"","overlay-gradient":""},"tablet":{"background-color":"var(--ast-global-color-4)","background-image":"","background-repeat":"repeat","background-position":"center center","background-size":"auto","background-attachment":"scroll","background-type":"","background-media":"","overlay-type":"","overlay-color":"","overlay-opacity":"","overlay-gradient":""},"mobile":{"background-color":"var(--ast-global-color-4)","background-image":"","background-repeat":"repeat","background-position":"center center","background-size":"auto","background-attachment":"scroll","background-type":"","background-media":"","overlay-type":"","overlay-color":"","overlay-opacity":"","overlay-gradient":""}}},"product_brand":[],"product_cat":[9581],"product_tag":[6623],"class_list":{"0":"post-23254","1":"product","2":"type-product","3":"status-publish","4":"has-post-thumbnail","6":"product_cat-kriminaliniai-romanai","7":"product_tag-john-grisham","8":"desktop-align-left","9":"tablet-align-left","10":"mobile-align-left","12":"first","13":"instock","14":"shipping-taxable","15":"purchasable","16":"product-type-simple"},"acf":[],"yoast_head":"<!-- This site is optimized with the Yoast SEO plugin v27.0 - https:\/\/yoast.com\/product\/yoast-seo-wordpress\/ -->\n<title>Nekaltasis<\/title>\n<meta name=\"description\" content=\"Pirmasis Johno Grishamo negro\u017ein\u0117s literat\u016bros k\u016brinys. Ma\u017eame miestelyje vykdomo tariamo teisingumo tyrimas, tap\u0119s sensacingiausiu autoriaus iki \u0161iol\" \/>\n<meta name=\"robots\" content=\"index, follow, max-snippet:-1, max-image-preview:large, max-video-preview:-1\" \/>\n<link rel=\"canonical\" href=\"https:\/\/skaitytaknyga.lt\/en\/produktas\/nekaltasis\/\" \/>\n<meta property=\"og:locale\" content=\"en_GB\" \/>\n<meta property=\"og:locale:alternate\" content=\"lt_LT\" \/>\n<meta property=\"og:type\" content=\"article\" \/>\n<meta property=\"og:title\" content=\"Nekaltasis\" \/>\n<meta property=\"og:description\" content=\"Pirmasis Johno Grishamo negro\u017ein\u0117s literat\u016bros k\u016brinys. Ma\u017eame miestelyje vykdomo tariamo teisingumo tyrimas, tap\u0119s sensacingiausiu autoriaus iki \u0161iol\" \/>\n<meta property=\"og:url\" content=\"https:\/\/skaitytaknyga.lt\/en\/produktas\/nekaltasis\/\" \/>\n<meta property=\"og:site_name\" content=\"Skaitytaknyga\" \/>\n<meta property=\"article:publisher\" content=\"https:\/\/www.facebook.com\/skaitytaknyga\/\" \/>\n<meta property=\"article:modified_time\" content=\"2026-03-05T08:46:17+00:00\" \/>\n<meta property=\"og:image\" content=\"https:\/\/skaitytaknyga.lt\/wp-content\/uploads\/2026\/03\/nekaltasis-1.webp\" \/>\n\t<meta property=\"og:image:width\" content=\"300\" \/>\n\t<meta property=\"og:image:height\" content=\"453\" \/>\n\t<meta property=\"og:image:type\" content=\"image\/webp\" \/>\n<meta name=\"twitter:card\" content=\"summary_large_image\" \/>\n<meta name=\"twitter:label1\" content=\"Estimated reading time\" \/>\n\t<meta name=\"twitter:data1\" content=\"1 minute\" \/>\n<script type=\"application\/ld+json\" class=\"yoast-schema-graph\">{\"@context\":\"https:\/\/schema.org\",\"@graph\":[{\"@type\":\"WebPage\",\"@id\":\"https:\/\/skaitytaknyga.lt\/produktas\/nekaltasis\/\",\"url\":\"https:\/\/skaitytaknyga.lt\/produktas\/nekaltasis\/\",\"name\":\"Nekaltasis\",\"isPartOf\":{\"@id\":\"https:\/\/skaitytaknyga.lt\/#website\"},\"primaryImageOfPage\":{\"@id\":\"https:\/\/skaitytaknyga.lt\/produktas\/nekaltasis\/#primaryimage\"},\"image\":{\"@id\":\"https:\/\/skaitytaknyga.lt\/produktas\/nekaltasis\/#primaryimage\"},\"thumbnailUrl\":\"https:\/\/skaitytaknyga.lt\/wp-content\/uploads\/2026\/03\/nekaltasis-1.webp\",\"datePublished\":\"2026-03-02T07:43:48+00:00\",\"dateModified\":\"2026-03-05T08:46:17+00:00\",\"description\":\"Pirmasis Johno Grishamo negro\u017ein\u0117s literat\u016bros k\u016brinys. Ma\u017eame miestelyje vykdomo tariamo teisingumo tyrimas, tap\u0119s sensacingiausiu autoriaus iki \u0161iol\",\"breadcrumb\":{\"@id\":\"https:\/\/skaitytaknyga.lt\/produktas\/nekaltasis\/#breadcrumb\"},\"inLanguage\":\"en-GB\",\"potentialAction\":[{\"@type\":\"ReadAction\",\"target\":[\"https:\/\/skaitytaknyga.lt\/produktas\/nekaltasis\/\"]}]},{\"@type\":\"ImageObject\",\"inLanguage\":\"en-GB\",\"@id\":\"https:\/\/skaitytaknyga.lt\/produktas\/nekaltasis\/#primaryimage\",\"url\":\"https:\/\/skaitytaknyga.lt\/wp-content\/uploads\/2026\/03\/nekaltasis-1.webp\",\"contentUrl\":\"https:\/\/skaitytaknyga.lt\/wp-content\/uploads\/2026\/03\/nekaltasis-1.webp\",\"width\":300,\"height\":453,\"caption\":\"Nekaltasis\"},{\"@type\":\"BreadcrumbList\",\"@id\":\"https:\/\/skaitytaknyga.lt\/produktas\/nekaltasis\/#breadcrumb\",\"itemListElement\":[{\"@type\":\"ListItem\",\"position\":1,\"name\":\"Home\",\"item\":\"https:\/\/skaitytaknyga.lt\/\"},{\"@type\":\"ListItem\",\"position\":2,\"name\":\"Parduotuv\u0117\",\"item\":\"https:\/\/skaitytaknyga.lt\/knygu-parduotuve\/\"},{\"@type\":\"ListItem\",\"position\":3,\"name\":\"Nekaltasis\"}]},{\"@type\":\"WebSite\",\"@id\":\"https:\/\/skaitytaknyga.lt\/#website\",\"url\":\"https:\/\/skaitytaknyga.lt\/\",\"name\":\"skaitytaknyga.lt\",\"description\":\"Skaitytaknyga.lt \u2013 tai ma\u017eas \u0161eimos verslas, kuris prasid\u0117jo nuo meil\u0117s knygoms ir siekio i\u0161gelb\u0117ti knygas nuo likimo prie konteinerio. Kas vienam nereikalingas daiktas \u2013 kitam lobis, o mes esame tarpininkai, kurie padeda abiems tapti laimingesniems ???? \u017dinome kaip nelengva i\u0161gyventi ma\u017eiems verslams, tad nuo \u0161iol, \u010dia rasite ir kit\u0173, ma\u017e\u0173 \u0161eim\u0173 versl\u0173, rank\u0173 darbo, dovan\u0173 sau ir artimiesiems.\",\"publisher\":{\"@id\":\"https:\/\/skaitytaknyga.lt\/#organization\"},\"potentialAction\":[{\"@type\":\"SearchAction\",\"target\":{\"@type\":\"EntryPoint\",\"urlTemplate\":\"https:\/\/skaitytaknyga.lt\/?s={search_term_string}\"},\"query-input\":{\"@type\":\"PropertyValueSpecification\",\"valueRequired\":true,\"valueName\":\"search_term_string\"}}],\"inLanguage\":\"en-GB\"},{\"@type\":\"Organization\",\"@id\":\"https:\/\/skaitytaknyga.lt\/#organization\",\"name\":\"skaitytaknyga.lt\",\"url\":\"https:\/\/skaitytaknyga.lt\/\",\"logo\":{\"@type\":\"ImageObject\",\"inLanguage\":\"en-GB\",\"@id\":\"https:\/\/skaitytaknyga.lt\/#\/schema\/logo\/image\/\",\"url\":\"https:\/\/skaitytaknyga.lt\/wp-content\/uploads\/2024\/05\/cropped-cropped-cropped-02_00843_jt3bggkj1j3HLc7SyY6rEUpg.jpeg\",\"contentUrl\":\"https:\/\/skaitytaknyga.lt\/wp-content\/uploads\/2024\/05\/cropped-cropped-cropped-02_00843_jt3bggkj1j3HLc7SyY6rEUpg.jpeg\",\"width\":1600,\"height\":1600,\"caption\":\"skaitytaknyga.lt\"},\"image\":{\"@id\":\"https:\/\/skaitytaknyga.lt\/#\/schema\/logo\/image\/\"},\"sameAs\":[\"https:\/\/www.facebook.com\/skaitytaknyga\/\"]}]}<\/script>\n<!-- \/ Yoast SEO plugin. -->","yoast_head_json":{"title":"Nekaltasis","description":"Pirmasis Johno Grishamo negro\u017ein\u0117s literat\u016bros k\u016brinys. Ma\u017eame miestelyje vykdomo tariamo teisingumo tyrimas, tap\u0119s sensacingiausiu autoriaus iki \u0161iol","robots":{"index":"index","follow":"follow","max-snippet":"max-snippet:-1","max-image-preview":"max-image-preview:large","max-video-preview":"max-video-preview:-1"},"canonical":"https:\/\/skaitytaknyga.lt\/en\/produktas\/nekaltasis\/","og_locale":"en_GB","og_type":"article","og_title":"[:lt]Nekaltasis[:] - Skaitytaknyga","og_description":"Pirmasis Johno Grishamo negro\u017ein\u0117s literat\u016bros k\u016brinys. Ma\u017eame miestelyje vykdomo tariamo teisingumo tyrimas, tap\u0119s sensacingiausiu autoriaus iki \u0161iol","og_url":"https:\/\/skaitytaknyga.lt\/en\/produktas\/nekaltasis\/","og_site_name":"Skaitytaknyga","article_publisher":"https:\/\/www.facebook.com\/skaitytaknyga\/","article_modified_time":"2026-03-05T08:46:17+00:00","og_image":[{"width":300,"height":453,"url":"https:\/\/skaitytaknyga.lt\/wp-content\/uploads\/2026\/03\/nekaltasis-1.webp","type":"image\/webp"}],"twitter_card":"summary_large_image","twitter_misc":{"Estimated reading time":"1 minute"},"schema":{"@context":"https:\/\/schema.org","@graph":[{"@type":"WebPage","@id":"https:\/\/skaitytaknyga.lt\/produktas\/nekaltasis\/","url":"https:\/\/skaitytaknyga.lt\/produktas\/nekaltasis\/","name":"Nekaltasis","isPartOf":{"@id":"https:\/\/skaitytaknyga.lt\/#website"},"primaryImageOfPage":{"@id":"https:\/\/skaitytaknyga.lt\/produktas\/nekaltasis\/#primaryimage"},"image":{"@id":"https:\/\/skaitytaknyga.lt\/produktas\/nekaltasis\/#primaryimage"},"thumbnailUrl":"https:\/\/skaitytaknyga.lt\/wp-content\/uploads\/2026\/03\/nekaltasis-1.webp","datePublished":"2026-03-02T07:43:48+00:00","dateModified":"2026-03-05T08:46:17+00:00","description":"Pirmasis Johno Grishamo negro\u017ein\u0117s literat\u016bros k\u016brinys. Ma\u017eame miestelyje vykdomo tariamo teisingumo tyrimas, tap\u0119s sensacingiausiu autoriaus iki \u0161iol","breadcrumb":{"@id":"https:\/\/skaitytaknyga.lt\/produktas\/nekaltasis\/#breadcrumb"},"inLanguage":"en-GB","potentialAction":[{"@type":"ReadAction","target":["https:\/\/skaitytaknyga.lt\/produktas\/nekaltasis\/"]}]},{"@type":"ImageObject","inLanguage":"en-GB","@id":"https:\/\/skaitytaknyga.lt\/produktas\/nekaltasis\/#primaryimage","url":"https:\/\/skaitytaknyga.lt\/wp-content\/uploads\/2026\/03\/nekaltasis-1.webp","contentUrl":"https:\/\/skaitytaknyga.lt\/wp-content\/uploads\/2026\/03\/nekaltasis-1.webp","width":300,"height":453,"caption":"Nekaltasis"},{"@type":"BreadcrumbList","@id":"https:\/\/skaitytaknyga.lt\/produktas\/nekaltasis\/#breadcrumb","itemListElement":[{"@type":"ListItem","position":1,"name":"Home","item":"https:\/\/skaitytaknyga.lt\/"},{"@type":"ListItem","position":2,"name":"Parduotuv\u0117","item":"https:\/\/skaitytaknyga.lt\/knygu-parduotuve\/"},{"@type":"ListItem","position":3,"name":"Nekaltasis"}]},{"@type":"WebSite","@id":"https:\/\/skaitytaknyga.lt\/#website","url":"https:\/\/skaitytaknyga.lt\/","name":"skaitytaknyga.lt","description":"Skaitytaknyga.lt \u2013 tai ma\u017eas \u0161eimos verslas, kuris prasid\u0117jo nuo meil\u0117s knygoms ir siekio i\u0161gelb\u0117ti knygas nuo likimo prie konteinerio. Kas vienam nereikalingas daiktas \u2013 kitam lobis, o mes esame tarpininkai, kurie padeda abiems tapti laimingesniems ???? \u017dinome kaip nelengva i\u0161gyventi ma\u017eiems verslams, tad nuo \u0161iol, \u010dia rasite ir kit\u0173, ma\u017e\u0173 \u0161eim\u0173 versl\u0173, rank\u0173 darbo, dovan\u0173 sau ir artimiesiems.","publisher":{"@id":"https:\/\/skaitytaknyga.lt\/#organization"},"potentialAction":[{"@type":"SearchAction","target":{"@type":"EntryPoint","urlTemplate":"https:\/\/skaitytaknyga.lt\/?s={search_term_string}"},"query-input":{"@type":"PropertyValueSpecification","valueRequired":true,"valueName":"search_term_string"}}],"inLanguage":"en-GB"},{"@type":"Organization","@id":"https:\/\/skaitytaknyga.lt\/#organization","name":"skaitytaknyga.lt","url":"https:\/\/skaitytaknyga.lt\/","logo":{"@type":"ImageObject","inLanguage":"en-GB","@id":"https:\/\/skaitytaknyga.lt\/#\/schema\/logo\/image\/","url":"https:\/\/skaitytaknyga.lt\/wp-content\/uploads\/2024\/05\/cropped-cropped-cropped-02_00843_jt3bggkj1j3HLc7SyY6rEUpg.jpeg","contentUrl":"https:\/\/skaitytaknyga.lt\/wp-content\/uploads\/2024\/05\/cropped-cropped-cropped-02_00843_jt3bggkj1j3HLc7SyY6rEUpg.jpeg","width":1600,"height":1600,"caption":"skaitytaknyga.lt"},"image":{"@id":"https:\/\/skaitytaknyga.lt\/#\/schema\/logo\/image\/"},"sameAs":["https:\/\/www.facebook.com\/skaitytaknyga\/"]}]}},"_links":{"self":[{"href":"https:\/\/skaitytaknyga.lt\/en\/wp-json\/wp\/v2\/product\/23254","targetHints":{"allow":["GET"]}}],"collection":[{"href":"https:\/\/skaitytaknyga.lt\/en\/wp-json\/wp\/v2\/product"}],"about":[{"href":"https:\/\/skaitytaknyga.lt\/en\/wp-json\/wp\/v2\/types\/product"}],"replies":[{"embeddable":true,"href":"https:\/\/skaitytaknyga.lt\/en\/wp-json\/wp\/v2\/comments?post=23254"}],"wp:featuredmedia":[{"embeddable":true,"href":"https:\/\/skaitytaknyga.lt\/en\/wp-json\/wp\/v2\/media\/23259"}],"wp:attachment":[{"href":"https:\/\/skaitytaknyga.lt\/en\/wp-json\/wp\/v2\/media?parent=23254"}],"wp:term":[{"taxonomy":"product_brand","embeddable":true,"href":"https:\/\/skaitytaknyga.lt\/en\/wp-json\/wp\/v2\/product_brand?post=23254"},{"taxonomy":"product_cat","embeddable":true,"href":"https:\/\/skaitytaknyga.lt\/en\/wp-json\/wp\/v2\/product_cat?post=23254"},{"taxonomy":"product_tag","embeddable":true,"href":"https:\/\/skaitytaknyga.lt\/en\/wp-json\/wp\/v2\/product_tag?post=23254"}],"curies":[{"name":"wp","href":"https:\/\/api.w.org\/{rel}","templated":true}]}}