{"id":23248,"date":"2026-03-02T09:31:43","date_gmt":"2026-03-02T07:31:43","guid":{"rendered":"https:\/\/skaitytaknyga.lt\/?post_type=product&#038;p=23248"},"modified":"2026-03-05T10:47:13","modified_gmt":"2026-03-05T08:47:13","slug":"kamino-sala","status":"publish","type":"product","link":"https:\/\/skaitytaknyga.lt\/en\/produktas\/kamino-sala\/","title":{"rendered":"Kamino sala"},"content":{"rendered":"<p>Be galo stebinan\u010diame ir nepaprastai \u012fdomiame trileryje Johnas Grishamas apra\u0161o roj\u0173 u\u017egri\u016bvan\u010dius nemalonumus. Gauja vagi\u0173 surengia \u012f\u017e\u016bli\u0105 vagyst\u0119, Prinstono universitete \u012fsibraudami \u012f po\u017eemin\u0119 Fairstouno bibliotekos saugykl\u0105. Grobis ne\u012fkainojamas, bet Prinstonas j\u012f apdraud\u0119s dvide\u0161imt penkiais milijonais doleri\u0173.<br \/>\nKurortiniame Santa Rosos miestelyje Kamino saloje, Floridos valstijoje, Briusui Keiblui priklauso populiarus knygynas. Bet rimtus pinigus jis u\u017esidirba prekiaudamas retais leidiniais. Labai ma\u017eai kas \u017eino, kad Keiblas kartais pasidomi ir juod\u0105ja vogt\u0173 knyg\u0173 bei rankra\u0161\u010di\u0173 rinka.<\/p>\n<p>Merser\u0105 Man, i\u0161gyvenan\u010di\u0105 k\u016brybos kriz\u0119, tod\u0117l ra\u0161yti nebe\u012fstengian\u010di\u0105 jaun\u0105 romanist\u0119, atleid\u017eia i\u0161 d\u0117stytojos pareig\u0173. \u012e j\u0105 kreipiasi eleganti\u0161ka m\u012fslinga moteris, atstovaujanti dar m\u012fslingesnei kompanijai. Dosnus piniginis atlygis \u012ftikina Merser\u0105 imtis darbo priedangoje, infiltruotis \u012f grup\u0119 literat\u0173, su kuriais Briusas draugauja, ir taip suart\u0117ti su knygyno savininku, kad pavykt\u0173 i\u0161siai\u0161kinti jo paslaptis.<\/p>\n<p>Gal\u0173 gale Mersera su\u017eino gerokai per daug, ir rojuje kyla b\u0117dos, kurias Johnas Grishamas perteikia savo i\u0161skirtine maniera.<\/p>\n","protected":false},"excerpt":{"rendered":"<p>Be galo stebinan\u010diame ir nepaprastai \u012fdomiame trileryje Johnas Grishamas apra\u0161o roj\u0173 u\u017egri\u016bvan\u010dius nemalonumus. Gauja vagi\u0173 surengia \u012f\u017e\u016bli\u0105 vagyst\u0119, Prinstono universitete \u012fsibraudami \u012f po\u017eemin\u0119 Fairstouno bibliotekos saugykl\u0105. Grobis ne\u012fkainojamas, bet Prinstonas j\u012f apdraud\u0119s dvide\u0161imt penkiais milijonais doleri\u0173. Kurortiniame Santa Rosos miestelyje Kamino saloje, Floridos valstijoje, Briusui Keiblui priklauso populiarus knygynas. Bet rimtus pinigus jis u\u017esidirba prekiaudamas retais leidiniais. Labai ma\u017eai kas \u017eino, kad Keiblas kartais pasidomi ir juod\u0105ja vogt\u0173 knyg\u0173 bei rankra\u0161\u010di\u0173 rinka. Merser\u0105 Man, i\u0161gyvenan\u010di\u0105 k\u016brybos kriz\u0119, tod\u0117l ra\u0161yti nebe\u012fstengian\u010di\u0105 jaun\u0105 romanist\u0119, atleid\u017eia i\u0161 d\u0117stytojos pareig\u0173. \u012e j\u0105 kreipiasi eleganti\u0161ka m\u012fslinga moteris, atstovaujanti dar m\u012fslingesnei kompanijai. Dosnus piniginis atlygis \u012ftikina Merser\u0105 imtis darbo priedangoje, infiltruotis \u012f grup\u0119 literat\u0173, su kuriais Briusas draugauja, ir taip suart\u0117ti su knygyno savininku, kad pavykt\u0173 i\u0161siai\u0161kinti jo paslaptis. Gal\u0173 gale Mersera su\u017eino gerokai per daug, ir rojuje kyla b\u0117dos, kurias Johnas Grishamas perteikia savo i\u0161skirtine maniera.<\/p>\n","protected":false},"featured_media":23253,"comment_status":"open","ping_status":"closed","template":"","meta":{"_acf_changed":false,"site-sidebar-layout":"default","site-content-layout":"","ast-site-content-layout":"default","site-content-style":"default","site-sidebar-style":"default","ast-global-header-display":"","ast-banner-title-visibility":"","ast-main-header-display":"","ast-hfb-above-header-display":"","ast-hfb-below-header-display":"","ast-hfb-mobile-header-display":"","site-post-title":"","ast-breadcrumbs-content":"","ast-featured-img":"","footer-sml-layout":"","ast-disable-related-posts":"","theme-transparent-header-meta":"","adv-header-id-meta":"","stick-header-meta":"","header-above-stick-meta":"","header-main-stick-meta":"","header-below-stick-meta":"","astra-migrate-meta-layouts":"default","ast-page-background-enabled":"default","ast-page-background-meta":{"desktop":{"background-color":"","background-image":"","background-repeat":"repeat","background-position":"center center","background-size":"auto","background-attachment":"scroll","background-type":"","background-media":"","overlay-type":"","overlay-color":"","overlay-opacity":"","overlay-gradient":""},"tablet":{"background-color":"","background-image":"","background-repeat":"repeat","background-position":"center center","background-size":"auto","background-attachment":"scroll","background-type":"","background-media":"","overlay-type":"","overlay-color":"","overlay-opacity":"","overlay-gradient":""},"mobile":{"background-color":"","background-image":"","background-repeat":"repeat","background-position":"center center","background-size":"auto","background-attachment":"scroll","background-type":"","background-media":"","overlay-type":"","overlay-color":"","overlay-opacity":"","overlay-gradient":""}},"ast-content-background-meta":{"desktop":{"background-color":"var(--ast-global-color-4)","background-image":"","background-repeat":"repeat","background-position":"center center","background-size":"auto","background-attachment":"scroll","background-type":"","background-media":"","overlay-type":"","overlay-color":"","overlay-opacity":"","overlay-gradient":""},"tablet":{"background-color":"var(--ast-global-color-4)","background-image":"","background-repeat":"repeat","background-position":"center center","background-size":"auto","background-attachment":"scroll","background-type":"","background-media":"","overlay-type":"","overlay-color":"","overlay-opacity":"","overlay-gradient":""},"mobile":{"background-color":"var(--ast-global-color-4)","background-image":"","background-repeat":"repeat","background-position":"center center","background-size":"auto","background-attachment":"scroll","background-type":"","background-media":"","overlay-type":"","overlay-color":"","overlay-opacity":"","overlay-gradient":""}}},"product_brand":[],"product_cat":[9581],"product_tag":[],"class_list":{"0":"post-23248","1":"product","2":"type-product","3":"status-publish","4":"has-post-thumbnail","6":"product_cat-kriminaliniai-romanai","7":"desktop-align-left","8":"tablet-align-left","9":"mobile-align-left","11":"first","12":"instock","13":"shipping-taxable","14":"purchasable","15":"product-type-simple"},"acf":[],"yoast_head":"<!-- This site is optimized with the Yoast SEO plugin v27.0 - https:\/\/yoast.com\/product\/yoast-seo-wordpress\/ -->\n<title>Kamino sala<\/title>\n<meta name=\"description\" content=\"Be galo stebinan\u010diame ir nepaprastai \u012fdomiame trileryje Johnas Grishamas apra\u0161o roj\u0173 u\u017egri\u016bvan\u010dius nemalonumus. Gauja vagi\u0173 surengia \u012f\u017e\u016bli\u0105 vagyst\u0119,\" \/>\n<meta name=\"robots\" content=\"index, follow, max-snippet:-1, max-image-preview:large, max-video-preview:-1\" \/>\n<link rel=\"canonical\" href=\"https:\/\/skaitytaknyga.lt\/en\/produktas\/kamino-sala\/\" \/>\n<meta property=\"og:locale\" content=\"en_GB\" \/>\n<meta property=\"og:locale:alternate\" content=\"lt_LT\" \/>\n<meta property=\"og:type\" content=\"article\" \/>\n<meta property=\"og:title\" content=\"Kamino sala\" \/>\n<meta property=\"og:description\" content=\"Be galo stebinan\u010diame ir nepaprastai \u012fdomiame trileryje Johnas Grishamas apra\u0161o roj\u0173 u\u017egri\u016bvan\u010dius nemalonumus. Gauja vagi\u0173 surengia \u012f\u017e\u016bli\u0105 vagyst\u0119,\" \/>\n<meta property=\"og:url\" content=\"https:\/\/skaitytaknyga.lt\/en\/produktas\/kamino-sala\/\" \/>\n<meta property=\"og:site_name\" content=\"Skaitytaknyga\" \/>\n<meta property=\"article:publisher\" content=\"https:\/\/www.facebook.com\/skaitytaknyga\/\" \/>\n<meta property=\"article:modified_time\" content=\"2026-03-05T08:47:13+00:00\" \/>\n<meta property=\"og:image\" content=\"https:\/\/skaitytaknyga.lt\/wp-content\/uploads\/2026\/03\/kamino-sala-1.webp\" \/>\n\t<meta property=\"og:image:width\" content=\"300\" \/>\n\t<meta property=\"og:image:height\" content=\"453\" \/>\n\t<meta property=\"og:image:type\" content=\"image\/webp\" \/>\n<meta name=\"twitter:card\" content=\"summary_large_image\" \/>\n<meta name=\"twitter:label1\" content=\"Estimated reading time\" \/>\n\t<meta name=\"twitter:data1\" content=\"1 minute\" \/>\n<script type=\"application\/ld+json\" class=\"yoast-schema-graph\">{\"@context\":\"https:\/\/schema.org\",\"@graph\":[{\"@type\":\"WebPage\",\"@id\":\"https:\/\/skaitytaknyga.lt\/produktas\/kamino-sala\/\",\"url\":\"https:\/\/skaitytaknyga.lt\/produktas\/kamino-sala\/\",\"name\":\"Kamino sala\",\"isPartOf\":{\"@id\":\"https:\/\/skaitytaknyga.lt\/#website\"},\"primaryImageOfPage\":{\"@id\":\"https:\/\/skaitytaknyga.lt\/produktas\/kamino-sala\/#primaryimage\"},\"image\":{\"@id\":\"https:\/\/skaitytaknyga.lt\/produktas\/kamino-sala\/#primaryimage\"},\"thumbnailUrl\":\"https:\/\/skaitytaknyga.lt\/wp-content\/uploads\/2026\/03\/kamino-sala-1.webp\",\"datePublished\":\"2026-03-02T07:31:43+00:00\",\"dateModified\":\"2026-03-05T08:47:13+00:00\",\"description\":\"Be galo stebinan\u010diame ir nepaprastai \u012fdomiame trileryje Johnas Grishamas apra\u0161o roj\u0173 u\u017egri\u016bvan\u010dius nemalonumus. Gauja vagi\u0173 surengia \u012f\u017e\u016bli\u0105 vagyst\u0119,\",\"breadcrumb\":{\"@id\":\"https:\/\/skaitytaknyga.lt\/produktas\/kamino-sala\/#breadcrumb\"},\"inLanguage\":\"en-GB\",\"potentialAction\":[{\"@type\":\"ReadAction\",\"target\":[\"https:\/\/skaitytaknyga.lt\/produktas\/kamino-sala\/\"]}]},{\"@type\":\"ImageObject\",\"inLanguage\":\"en-GB\",\"@id\":\"https:\/\/skaitytaknyga.lt\/produktas\/kamino-sala\/#primaryimage\",\"url\":\"https:\/\/skaitytaknyga.lt\/wp-content\/uploads\/2026\/03\/kamino-sala-1.webp\",\"contentUrl\":\"https:\/\/skaitytaknyga.lt\/wp-content\/uploads\/2026\/03\/kamino-sala-1.webp\",\"width\":300,\"height\":453},{\"@type\":\"BreadcrumbList\",\"@id\":\"https:\/\/skaitytaknyga.lt\/produktas\/kamino-sala\/#breadcrumb\",\"itemListElement\":[{\"@type\":\"ListItem\",\"position\":1,\"name\":\"Home\",\"item\":\"https:\/\/skaitytaknyga.lt\/\"},{\"@type\":\"ListItem\",\"position\":2,\"name\":\"Parduotuv\u0117\",\"item\":\"https:\/\/skaitytaknyga.lt\/knygu-parduotuve\/\"},{\"@type\":\"ListItem\",\"position\":3,\"name\":\"Kamino sala\"}]},{\"@type\":\"WebSite\",\"@id\":\"https:\/\/skaitytaknyga.lt\/#website\",\"url\":\"https:\/\/skaitytaknyga.lt\/\",\"name\":\"skaitytaknyga.lt\",\"description\":\"Skaitytaknyga.lt \u2013 tai ma\u017eas \u0161eimos verslas, kuris prasid\u0117jo nuo meil\u0117s knygoms ir siekio i\u0161gelb\u0117ti knygas nuo likimo prie konteinerio. Kas vienam nereikalingas daiktas \u2013 kitam lobis, o mes esame tarpininkai, kurie padeda abiems tapti laimingesniems ???? \u017dinome kaip nelengva i\u0161gyventi ma\u017eiems verslams, tad nuo \u0161iol, \u010dia rasite ir kit\u0173, ma\u017e\u0173 \u0161eim\u0173 versl\u0173, rank\u0173 darbo, dovan\u0173 sau ir artimiesiems.\",\"publisher\":{\"@id\":\"https:\/\/skaitytaknyga.lt\/#organization\"},\"potentialAction\":[{\"@type\":\"SearchAction\",\"target\":{\"@type\":\"EntryPoint\",\"urlTemplate\":\"https:\/\/skaitytaknyga.lt\/?s={search_term_string}\"},\"query-input\":{\"@type\":\"PropertyValueSpecification\",\"valueRequired\":true,\"valueName\":\"search_term_string\"}}],\"inLanguage\":\"en-GB\"},{\"@type\":\"Organization\",\"@id\":\"https:\/\/skaitytaknyga.lt\/#organization\",\"name\":\"skaitytaknyga.lt\",\"url\":\"https:\/\/skaitytaknyga.lt\/\",\"logo\":{\"@type\":\"ImageObject\",\"inLanguage\":\"en-GB\",\"@id\":\"https:\/\/skaitytaknyga.lt\/#\/schema\/logo\/image\/\",\"url\":\"https:\/\/skaitytaknyga.lt\/wp-content\/uploads\/2024\/05\/cropped-cropped-cropped-02_00843_jt3bggkj1j3HLc7SyY6rEUpg.jpeg\",\"contentUrl\":\"https:\/\/skaitytaknyga.lt\/wp-content\/uploads\/2024\/05\/cropped-cropped-cropped-02_00843_jt3bggkj1j3HLc7SyY6rEUpg.jpeg\",\"width\":1600,\"height\":1600,\"caption\":\"skaitytaknyga.lt\"},\"image\":{\"@id\":\"https:\/\/skaitytaknyga.lt\/#\/schema\/logo\/image\/\"},\"sameAs\":[\"https:\/\/www.facebook.com\/skaitytaknyga\/\"]}]}<\/script>\n<!-- \/ Yoast SEO plugin. -->","yoast_head_json":{"title":"Kamino sala","description":"Be galo stebinan\u010diame ir nepaprastai \u012fdomiame trileryje Johnas Grishamas apra\u0161o roj\u0173 u\u017egri\u016bvan\u010dius nemalonumus. Gauja vagi\u0173 surengia \u012f\u017e\u016bli\u0105 vagyst\u0119,","robots":{"index":"index","follow":"follow","max-snippet":"max-snippet:-1","max-image-preview":"max-image-preview:large","max-video-preview":"max-video-preview:-1"},"canonical":"https:\/\/skaitytaknyga.lt\/en\/produktas\/kamino-sala\/","og_locale":"en_GB","og_type":"article","og_title":"[:lt]Kamino sala[:] - Skaitytaknyga","og_description":"Be galo stebinan\u010diame ir nepaprastai \u012fdomiame trileryje Johnas Grishamas apra\u0161o roj\u0173 u\u017egri\u016bvan\u010dius nemalonumus. Gauja vagi\u0173 surengia \u012f\u017e\u016bli\u0105 vagyst\u0119,","og_url":"https:\/\/skaitytaknyga.lt\/en\/produktas\/kamino-sala\/","og_site_name":"Skaitytaknyga","article_publisher":"https:\/\/www.facebook.com\/skaitytaknyga\/","article_modified_time":"2026-03-05T08:47:13+00:00","og_image":[{"width":300,"height":453,"url":"https:\/\/skaitytaknyga.lt\/wp-content\/uploads\/2026\/03\/kamino-sala-1.webp","type":"image\/webp"}],"twitter_card":"summary_large_image","twitter_misc":{"Estimated reading time":"1 minute"},"schema":{"@context":"https:\/\/schema.org","@graph":[{"@type":"WebPage","@id":"https:\/\/skaitytaknyga.lt\/produktas\/kamino-sala\/","url":"https:\/\/skaitytaknyga.lt\/produktas\/kamino-sala\/","name":"Kamino sala","isPartOf":{"@id":"https:\/\/skaitytaknyga.lt\/#website"},"primaryImageOfPage":{"@id":"https:\/\/skaitytaknyga.lt\/produktas\/kamino-sala\/#primaryimage"},"image":{"@id":"https:\/\/skaitytaknyga.lt\/produktas\/kamino-sala\/#primaryimage"},"thumbnailUrl":"https:\/\/skaitytaknyga.lt\/wp-content\/uploads\/2026\/03\/kamino-sala-1.webp","datePublished":"2026-03-02T07:31:43+00:00","dateModified":"2026-03-05T08:47:13+00:00","description":"Be galo stebinan\u010diame ir nepaprastai \u012fdomiame trileryje Johnas Grishamas apra\u0161o roj\u0173 u\u017egri\u016bvan\u010dius nemalonumus. Gauja vagi\u0173 surengia \u012f\u017e\u016bli\u0105 vagyst\u0119,","breadcrumb":{"@id":"https:\/\/skaitytaknyga.lt\/produktas\/kamino-sala\/#breadcrumb"},"inLanguage":"en-GB","potentialAction":[{"@type":"ReadAction","target":["https:\/\/skaitytaknyga.lt\/produktas\/kamino-sala\/"]}]},{"@type":"ImageObject","inLanguage":"en-GB","@id":"https:\/\/skaitytaknyga.lt\/produktas\/kamino-sala\/#primaryimage","url":"https:\/\/skaitytaknyga.lt\/wp-content\/uploads\/2026\/03\/kamino-sala-1.webp","contentUrl":"https:\/\/skaitytaknyga.lt\/wp-content\/uploads\/2026\/03\/kamino-sala-1.webp","width":300,"height":453},{"@type":"BreadcrumbList","@id":"https:\/\/skaitytaknyga.lt\/produktas\/kamino-sala\/#breadcrumb","itemListElement":[{"@type":"ListItem","position":1,"name":"Home","item":"https:\/\/skaitytaknyga.lt\/"},{"@type":"ListItem","position":2,"name":"Parduotuv\u0117","item":"https:\/\/skaitytaknyga.lt\/knygu-parduotuve\/"},{"@type":"ListItem","position":3,"name":"Kamino sala"}]},{"@type":"WebSite","@id":"https:\/\/skaitytaknyga.lt\/#website","url":"https:\/\/skaitytaknyga.lt\/","name":"skaitytaknyga.lt","description":"Skaitytaknyga.lt \u2013 tai ma\u017eas \u0161eimos verslas, kuris prasid\u0117jo nuo meil\u0117s knygoms ir siekio i\u0161gelb\u0117ti knygas nuo likimo prie konteinerio. Kas vienam nereikalingas daiktas \u2013 kitam lobis, o mes esame tarpininkai, kurie padeda abiems tapti laimingesniems ???? \u017dinome kaip nelengva i\u0161gyventi ma\u017eiems verslams, tad nuo \u0161iol, \u010dia rasite ir kit\u0173, ma\u017e\u0173 \u0161eim\u0173 versl\u0173, rank\u0173 darbo, dovan\u0173 sau ir artimiesiems.","publisher":{"@id":"https:\/\/skaitytaknyga.lt\/#organization"},"potentialAction":[{"@type":"SearchAction","target":{"@type":"EntryPoint","urlTemplate":"https:\/\/skaitytaknyga.lt\/?s={search_term_string}"},"query-input":{"@type":"PropertyValueSpecification","valueRequired":true,"valueName":"search_term_string"}}],"inLanguage":"en-GB"},{"@type":"Organization","@id":"https:\/\/skaitytaknyga.lt\/#organization","name":"skaitytaknyga.lt","url":"https:\/\/skaitytaknyga.lt\/","logo":{"@type":"ImageObject","inLanguage":"en-GB","@id":"https:\/\/skaitytaknyga.lt\/#\/schema\/logo\/image\/","url":"https:\/\/skaitytaknyga.lt\/wp-content\/uploads\/2024\/05\/cropped-cropped-cropped-02_00843_jt3bggkj1j3HLc7SyY6rEUpg.jpeg","contentUrl":"https:\/\/skaitytaknyga.lt\/wp-content\/uploads\/2024\/05\/cropped-cropped-cropped-02_00843_jt3bggkj1j3HLc7SyY6rEUpg.jpeg","width":1600,"height":1600,"caption":"skaitytaknyga.lt"},"image":{"@id":"https:\/\/skaitytaknyga.lt\/#\/schema\/logo\/image\/"},"sameAs":["https:\/\/www.facebook.com\/skaitytaknyga\/"]}]}},"_links":{"self":[{"href":"https:\/\/skaitytaknyga.lt\/en\/wp-json\/wp\/v2\/product\/23248","targetHints":{"allow":["GET"]}}],"collection":[{"href":"https:\/\/skaitytaknyga.lt\/en\/wp-json\/wp\/v2\/product"}],"about":[{"href":"https:\/\/skaitytaknyga.lt\/en\/wp-json\/wp\/v2\/types\/product"}],"replies":[{"embeddable":true,"href":"https:\/\/skaitytaknyga.lt\/en\/wp-json\/wp\/v2\/comments?post=23248"}],"wp:featuredmedia":[{"embeddable":true,"href":"https:\/\/skaitytaknyga.lt\/en\/wp-json\/wp\/v2\/media\/23253"}],"wp:attachment":[{"href":"https:\/\/skaitytaknyga.lt\/en\/wp-json\/wp\/v2\/media?parent=23248"}],"wp:term":[{"taxonomy":"product_brand","embeddable":true,"href":"https:\/\/skaitytaknyga.lt\/en\/wp-json\/wp\/v2\/product_brand?post=23248"},{"taxonomy":"product_cat","embeddable":true,"href":"https:\/\/skaitytaknyga.lt\/en\/wp-json\/wp\/v2\/product_cat?post=23248"},{"taxonomy":"product_tag","embeddable":true,"href":"https:\/\/skaitytaknyga.lt\/en\/wp-json\/wp\/v2\/product_tag?post=23248"}],"curies":[{"name":"wp","href":"https:\/\/api.w.org\/{rel}","templated":true}]}}