{"id":23247,"date":"2026-03-02T09:31:43","date_gmt":"2026-03-02T07:31:43","guid":{"rendered":"https:\/\/skaitytaknyga.lt\/?post_type=product&#038;p=23247"},"modified":"2026-03-05T12:49:48","modified_gmt":"2026-03-05T10:49:48","slug":"mergina-traukiny","status":"publish","type":"product","link":"https:\/\/skaitytaknyga.lt\/en\/produktas\/mergina-traukiny\/","title":{"rendered":"Mergina traukiny"},"content":{"rendered":"<p>Rei\u010del\u0117 kasdien va\u017eiuoja priemiestiniu traukiniu tuo pa\u010diu mar\u0161rutu: i\u0161 nam\u0173 \u012f London\u0105 ir atgal. Pakeliui ji prava\u017eiuoja prie pat gele\u017einkelio \u012fsik\u016brus\u012f nam\u0173 kvartal\u0105. Traukinys beveik kaskart sustoja prie raudono semaforo signalo, tad ji kone kasdien mato vieno i\u0161 t\u0173 nam\u0173 gyventojus \u2013 por\u0105, pusry\u010diaujan\u010di\u0105 ar gerian\u010di\u0105 kav\u0105 terasoje. Mato taip da\u017enai, kad jau\u010diasi beveik juos pa\u017e\u012fstanti. Net vardus jiems sugalvojo: D\u017ees\u0117 ir D\u017eeisonas. J\u0173 gyvenimas, Rei\u010del\u0117s akimis, tiesiog tobulas. Pana\u0161us \u012f buvus\u012f jos pa\u010dios  gyvenim\u0105.<\/p>\n<p>Bet kart\u0105 ji i\u0161vysta kai k\u0105, kas j\u0105 priblo\u0161kia. Tik akimirksnis \u2013 ir netrukus traukinys v\u0117l pajuda, ta\u010diau to pakanka. Staiga viskas pasikei\u010dia. Ar tai, k\u0105 ji mat\u0117, kaip nors susij\u0119 su tolesniais sukre\u010dian\u010diais \u012fvykiais? Ar policija patik\u0117s \u201enepatikima liudytoja\u201c? Ar ji tikrai gal\u0117t\u0173 kuo nors pad\u0117ti tam, kuriam pati i\u0161galvojo vard\u0105?<\/p>\n","protected":false},"excerpt":{"rendered":"<p>Rei\u010del\u0117 kasdien va\u017eiuoja priemiestiniu traukiniu tuo pa\u010diu mar\u0161rutu: i\u0161 nam\u0173 \u012f London\u0105 ir atgal. Pakeliui ji prava\u017eiuoja prie pat gele\u017einkelio \u012fsik\u016brus\u012f nam\u0173 kvartal\u0105. Traukinys beveik kaskart sustoja prie raudono semaforo signalo, tad ji kone kasdien mato vieno i\u0161 t\u0173 nam\u0173 gyventojus \u2013 por\u0105, pusry\u010diaujan\u010di\u0105 ar gerian\u010di\u0105 kav\u0105 terasoje. Mato taip da\u017enai, kad jau\u010diasi beveik juos pa\u017e\u012fstanti. Net vardus jiems sugalvojo: D\u017ees\u0117 ir D\u017eeisonas. J\u0173 gyvenimas, Rei\u010del\u0117s akimis, tiesiog tobulas. Pana\u0161us \u012f buvus\u012f jos pa\u010dios gyvenim\u0105. Bet kart\u0105 ji i\u0161vysta kai k\u0105, kas j\u0105 priblo\u0161kia. Tik akimirksnis \u2013 ir netrukus traukinys v\u0117l pajuda, ta\u010diau to pakanka. Staiga viskas pasikei\u010dia. Ar tai, k\u0105 ji mat\u0117, kaip nors susij\u0119 su tolesniais sukre\u010dian\u010diais \u012fvykiais? Ar policija patik\u0117s \u201enepatikima liudytoja\u201c? Ar ji tikrai gal\u0117t\u0173 kuo nors pad\u0117ti tam, kuriam pati i\u0161galvojo vard\u0105?<\/p>\n","protected":false},"featured_media":23252,"comment_status":"open","ping_status":"closed","template":"","meta":{"_acf_changed":false,"site-sidebar-layout":"default","site-content-layout":"","ast-site-content-layout":"default","site-content-style":"default","site-sidebar-style":"default","ast-global-header-display":"","ast-banner-title-visibility":"","ast-main-header-display":"","ast-hfb-above-header-display":"","ast-hfb-below-header-display":"","ast-hfb-mobile-header-display":"","site-post-title":"","ast-breadcrumbs-content":"","ast-featured-img":"","footer-sml-layout":"","ast-disable-related-posts":"","theme-transparent-header-meta":"","adv-header-id-meta":"","stick-header-meta":"","header-above-stick-meta":"","header-main-stick-meta":"","header-below-stick-meta":"","astra-migrate-meta-layouts":"default","ast-page-background-enabled":"default","ast-page-background-meta":{"desktop":{"background-color":"","background-image":"","background-repeat":"repeat","background-position":"center center","background-size":"auto","background-attachment":"scroll","background-type":"","background-media":"","overlay-type":"","overlay-color":"","overlay-opacity":"","overlay-gradient":""},"tablet":{"background-color":"","background-image":"","background-repeat":"repeat","background-position":"center center","background-size":"auto","background-attachment":"scroll","background-type":"","background-media":"","overlay-type":"","overlay-color":"","overlay-opacity":"","overlay-gradient":""},"mobile":{"background-color":"","background-image":"","background-repeat":"repeat","background-position":"center center","background-size":"auto","background-attachment":"scroll","background-type":"","background-media":"","overlay-type":"","overlay-color":"","overlay-opacity":"","overlay-gradient":""}},"ast-content-background-meta":{"desktop":{"background-color":"var(--ast-global-color-4)","background-image":"","background-repeat":"repeat","background-position":"center center","background-size":"auto","background-attachment":"scroll","background-type":"","background-media":"","overlay-type":"","overlay-color":"","overlay-opacity":"","overlay-gradient":""},"tablet":{"background-color":"var(--ast-global-color-4)","background-image":"","background-repeat":"repeat","background-position":"center center","background-size":"auto","background-attachment":"scroll","background-type":"","background-media":"","overlay-type":"","overlay-color":"","overlay-opacity":"","overlay-gradient":""},"mobile":{"background-color":"var(--ast-global-color-4)","background-image":"","background-repeat":"repeat","background-position":"center center","background-size":"auto","background-attachment":"scroll","background-type":"","background-media":"","overlay-type":"","overlay-color":"","overlay-opacity":"","overlay-gradient":""}}},"product_brand":[],"product_cat":[9580],"product_tag":[9549],"class_list":{"0":"post-23247","1":"product","2":"type-product","3":"status-publish","4":"has-post-thumbnail","6":"product_cat-psichologiniai-detektyvai","7":"product_tag-paula-hawkins","8":"desktop-align-left","9":"tablet-align-left","10":"mobile-align-left","12":"first","13":"instock","14":"shipping-taxable","15":"purchasable","16":"product-type-simple"},"acf":[],"yoast_head":"<!-- This site is optimized with the Yoast SEO plugin v27.0 - https:\/\/yoast.com\/product\/yoast-seo-wordpress\/ -->\n<title>Mergina traukiny<\/title>\n<meta name=\"description\" content=\"Rei\u010del\u0117 kasdien va\u017eiuoja priemiestiniu traukiniu tuo pa\u010diu mar\u0161rutu: i\u0161 nam\u0173 \u012f London\u0105 ir atgal. Pakeliui ji prava\u017eiuoja prie pat gele\u017einkelio \u012fsik\u016brus\u012f\" \/>\n<meta name=\"robots\" content=\"index, follow, max-snippet:-1, max-image-preview:large, max-video-preview:-1\" \/>\n<link rel=\"canonical\" href=\"https:\/\/skaitytaknyga.lt\/en\/produktas\/mergina-traukiny\/\" \/>\n<meta property=\"og:locale\" content=\"en_GB\" \/>\n<meta property=\"og:locale:alternate\" content=\"lt_LT\" \/>\n<meta property=\"og:type\" content=\"article\" \/>\n<meta property=\"og:title\" content=\"Mergina traukiny\" \/>\n<meta property=\"og:description\" content=\"Rei\u010del\u0117 kasdien va\u017eiuoja priemiestiniu traukiniu tuo pa\u010diu mar\u0161rutu: i\u0161 nam\u0173 \u012f London\u0105 ir atgal. Pakeliui ji prava\u017eiuoja prie pat gele\u017einkelio \u012fsik\u016brus\u012f\" \/>\n<meta property=\"og:url\" content=\"https:\/\/skaitytaknyga.lt\/en\/produktas\/mergina-traukiny\/\" \/>\n<meta property=\"og:site_name\" content=\"Skaitytaknyga\" \/>\n<meta property=\"article:publisher\" content=\"https:\/\/www.facebook.com\/skaitytaknyga\/\" \/>\n<meta property=\"article:modified_time\" content=\"2026-03-05T10:49:48+00:00\" \/>\n<meta property=\"og:image\" content=\"https:\/\/skaitytaknyga.lt\/wp-content\/uploads\/2026\/03\/Mergina-traukiny.webp\" \/>\n\t<meta property=\"og:image:width\" content=\"311\" \/>\n\t<meta property=\"og:image:height\" content=\"464\" \/>\n\t<meta property=\"og:image:type\" content=\"image\/webp\" \/>\n<meta name=\"twitter:card\" content=\"summary_large_image\" \/>\n<meta name=\"twitter:label1\" content=\"Estimated reading time\" \/>\n\t<meta name=\"twitter:data1\" content=\"1 minute\" \/>\n<script type=\"application\/ld+json\" class=\"yoast-schema-graph\">{\"@context\":\"https:\/\/schema.org\",\"@graph\":[{\"@type\":\"WebPage\",\"@id\":\"https:\/\/skaitytaknyga.lt\/produktas\/mergina-traukiny\/\",\"url\":\"https:\/\/skaitytaknyga.lt\/produktas\/mergina-traukiny\/\",\"name\":\"Mergina traukiny\",\"isPartOf\":{\"@id\":\"https:\/\/skaitytaknyga.lt\/#website\"},\"primaryImageOfPage\":{\"@id\":\"https:\/\/skaitytaknyga.lt\/produktas\/mergina-traukiny\/#primaryimage\"},\"image\":{\"@id\":\"https:\/\/skaitytaknyga.lt\/produktas\/mergina-traukiny\/#primaryimage\"},\"thumbnailUrl\":\"https:\/\/skaitytaknyga.lt\/wp-content\/uploads\/2026\/03\/Mergina-traukiny.webp\",\"datePublished\":\"2026-03-02T07:31:43+00:00\",\"dateModified\":\"2026-03-05T10:49:48+00:00\",\"description\":\"Rei\u010del\u0117 kasdien va\u017eiuoja priemiestiniu traukiniu tuo pa\u010diu mar\u0161rutu: i\u0161 nam\u0173 \u012f London\u0105 ir atgal. Pakeliui ji prava\u017eiuoja prie pat gele\u017einkelio \u012fsik\u016brus\u012f\",\"breadcrumb\":{\"@id\":\"https:\/\/skaitytaknyga.lt\/produktas\/mergina-traukiny\/#breadcrumb\"},\"inLanguage\":\"en-GB\",\"potentialAction\":[{\"@type\":\"ReadAction\",\"target\":[\"https:\/\/skaitytaknyga.lt\/produktas\/mergina-traukiny\/\"]}]},{\"@type\":\"ImageObject\",\"inLanguage\":\"en-GB\",\"@id\":\"https:\/\/skaitytaknyga.lt\/produktas\/mergina-traukiny\/#primaryimage\",\"url\":\"https:\/\/skaitytaknyga.lt\/wp-content\/uploads\/2026\/03\/Mergina-traukiny.webp\",\"contentUrl\":\"https:\/\/skaitytaknyga.lt\/wp-content\/uploads\/2026\/03\/Mergina-traukiny.webp\",\"width\":311,\"height\":464},{\"@type\":\"BreadcrumbList\",\"@id\":\"https:\/\/skaitytaknyga.lt\/produktas\/mergina-traukiny\/#breadcrumb\",\"itemListElement\":[{\"@type\":\"ListItem\",\"position\":1,\"name\":\"Home\",\"item\":\"https:\/\/skaitytaknyga.lt\/\"},{\"@type\":\"ListItem\",\"position\":2,\"name\":\"Parduotuv\u0117\",\"item\":\"https:\/\/skaitytaknyga.lt\/knygu-parduotuve\/\"},{\"@type\":\"ListItem\",\"position\":3,\"name\":\"Mergina traukiny\"}]},{\"@type\":\"WebSite\",\"@id\":\"https:\/\/skaitytaknyga.lt\/#website\",\"url\":\"https:\/\/skaitytaknyga.lt\/\",\"name\":\"skaitytaknyga.lt\",\"description\":\"Skaitytaknyga.lt \u2013 tai ma\u017eas \u0161eimos verslas, kuris prasid\u0117jo nuo meil\u0117s knygoms ir siekio i\u0161gelb\u0117ti knygas nuo likimo prie konteinerio. Kas vienam nereikalingas daiktas \u2013 kitam lobis, o mes esame tarpininkai, kurie padeda abiems tapti laimingesniems ???? \u017dinome kaip nelengva i\u0161gyventi ma\u017eiems verslams, tad nuo \u0161iol, \u010dia rasite ir kit\u0173, ma\u017e\u0173 \u0161eim\u0173 versl\u0173, rank\u0173 darbo, dovan\u0173 sau ir artimiesiems.\",\"publisher\":{\"@id\":\"https:\/\/skaitytaknyga.lt\/#organization\"},\"potentialAction\":[{\"@type\":\"SearchAction\",\"target\":{\"@type\":\"EntryPoint\",\"urlTemplate\":\"https:\/\/skaitytaknyga.lt\/?s={search_term_string}\"},\"query-input\":{\"@type\":\"PropertyValueSpecification\",\"valueRequired\":true,\"valueName\":\"search_term_string\"}}],\"inLanguage\":\"en-GB\"},{\"@type\":\"Organization\",\"@id\":\"https:\/\/skaitytaknyga.lt\/#organization\",\"name\":\"skaitytaknyga.lt\",\"url\":\"https:\/\/skaitytaknyga.lt\/\",\"logo\":{\"@type\":\"ImageObject\",\"inLanguage\":\"en-GB\",\"@id\":\"https:\/\/skaitytaknyga.lt\/#\/schema\/logo\/image\/\",\"url\":\"https:\/\/skaitytaknyga.lt\/wp-content\/uploads\/2024\/05\/cropped-cropped-cropped-02_00843_jt3bggkj1j3HLc7SyY6rEUpg.jpeg\",\"contentUrl\":\"https:\/\/skaitytaknyga.lt\/wp-content\/uploads\/2024\/05\/cropped-cropped-cropped-02_00843_jt3bggkj1j3HLc7SyY6rEUpg.jpeg\",\"width\":1600,\"height\":1600,\"caption\":\"skaitytaknyga.lt\"},\"image\":{\"@id\":\"https:\/\/skaitytaknyga.lt\/#\/schema\/logo\/image\/\"},\"sameAs\":[\"https:\/\/www.facebook.com\/skaitytaknyga\/\"]}]}<\/script>\n<!-- \/ Yoast SEO plugin. -->","yoast_head_json":{"title":"Mergina traukiny","description":"Rei\u010del\u0117 kasdien va\u017eiuoja priemiestiniu traukiniu tuo pa\u010diu mar\u0161rutu: i\u0161 nam\u0173 \u012f London\u0105 ir atgal. Pakeliui ji prava\u017eiuoja prie pat gele\u017einkelio \u012fsik\u016brus\u012f","robots":{"index":"index","follow":"follow","max-snippet":"max-snippet:-1","max-image-preview":"max-image-preview:large","max-video-preview":"max-video-preview:-1"},"canonical":"https:\/\/skaitytaknyga.lt\/en\/produktas\/mergina-traukiny\/","og_locale":"en_GB","og_type":"article","og_title":"[:lt]Mergina traukiny[:] - Skaitytaknyga","og_description":"Rei\u010del\u0117 kasdien va\u017eiuoja priemiestiniu traukiniu tuo pa\u010diu mar\u0161rutu: i\u0161 nam\u0173 \u012f London\u0105 ir atgal. Pakeliui ji prava\u017eiuoja prie pat gele\u017einkelio \u012fsik\u016brus\u012f","og_url":"https:\/\/skaitytaknyga.lt\/en\/produktas\/mergina-traukiny\/","og_site_name":"Skaitytaknyga","article_publisher":"https:\/\/www.facebook.com\/skaitytaknyga\/","article_modified_time":"2026-03-05T10:49:48+00:00","og_image":[{"width":311,"height":464,"url":"https:\/\/skaitytaknyga.lt\/wp-content\/uploads\/2026\/03\/Mergina-traukiny.webp","type":"image\/webp"}],"twitter_card":"summary_large_image","twitter_misc":{"Estimated reading time":"1 minute"},"schema":{"@context":"https:\/\/schema.org","@graph":[{"@type":"WebPage","@id":"https:\/\/skaitytaknyga.lt\/produktas\/mergina-traukiny\/","url":"https:\/\/skaitytaknyga.lt\/produktas\/mergina-traukiny\/","name":"Mergina traukiny","isPartOf":{"@id":"https:\/\/skaitytaknyga.lt\/#website"},"primaryImageOfPage":{"@id":"https:\/\/skaitytaknyga.lt\/produktas\/mergina-traukiny\/#primaryimage"},"image":{"@id":"https:\/\/skaitytaknyga.lt\/produktas\/mergina-traukiny\/#primaryimage"},"thumbnailUrl":"https:\/\/skaitytaknyga.lt\/wp-content\/uploads\/2026\/03\/Mergina-traukiny.webp","datePublished":"2026-03-02T07:31:43+00:00","dateModified":"2026-03-05T10:49:48+00:00","description":"Rei\u010del\u0117 kasdien va\u017eiuoja priemiestiniu traukiniu tuo pa\u010diu mar\u0161rutu: i\u0161 nam\u0173 \u012f London\u0105 ir atgal. Pakeliui ji prava\u017eiuoja prie pat gele\u017einkelio \u012fsik\u016brus\u012f","breadcrumb":{"@id":"https:\/\/skaitytaknyga.lt\/produktas\/mergina-traukiny\/#breadcrumb"},"inLanguage":"en-GB","potentialAction":[{"@type":"ReadAction","target":["https:\/\/skaitytaknyga.lt\/produktas\/mergina-traukiny\/"]}]},{"@type":"ImageObject","inLanguage":"en-GB","@id":"https:\/\/skaitytaknyga.lt\/produktas\/mergina-traukiny\/#primaryimage","url":"https:\/\/skaitytaknyga.lt\/wp-content\/uploads\/2026\/03\/Mergina-traukiny.webp","contentUrl":"https:\/\/skaitytaknyga.lt\/wp-content\/uploads\/2026\/03\/Mergina-traukiny.webp","width":311,"height":464},{"@type":"BreadcrumbList","@id":"https:\/\/skaitytaknyga.lt\/produktas\/mergina-traukiny\/#breadcrumb","itemListElement":[{"@type":"ListItem","position":1,"name":"Home","item":"https:\/\/skaitytaknyga.lt\/"},{"@type":"ListItem","position":2,"name":"Parduotuv\u0117","item":"https:\/\/skaitytaknyga.lt\/knygu-parduotuve\/"},{"@type":"ListItem","position":3,"name":"Mergina traukiny"}]},{"@type":"WebSite","@id":"https:\/\/skaitytaknyga.lt\/#website","url":"https:\/\/skaitytaknyga.lt\/","name":"skaitytaknyga.lt","description":"Skaitytaknyga.lt \u2013 tai ma\u017eas \u0161eimos verslas, kuris prasid\u0117jo nuo meil\u0117s knygoms ir siekio i\u0161gelb\u0117ti knygas nuo likimo prie konteinerio. Kas vienam nereikalingas daiktas \u2013 kitam lobis, o mes esame tarpininkai, kurie padeda abiems tapti laimingesniems ???? \u017dinome kaip nelengva i\u0161gyventi ma\u017eiems verslams, tad nuo \u0161iol, \u010dia rasite ir kit\u0173, ma\u017e\u0173 \u0161eim\u0173 versl\u0173, rank\u0173 darbo, dovan\u0173 sau ir artimiesiems.","publisher":{"@id":"https:\/\/skaitytaknyga.lt\/#organization"},"potentialAction":[{"@type":"SearchAction","target":{"@type":"EntryPoint","urlTemplate":"https:\/\/skaitytaknyga.lt\/?s={search_term_string}"},"query-input":{"@type":"PropertyValueSpecification","valueRequired":true,"valueName":"search_term_string"}}],"inLanguage":"en-GB"},{"@type":"Organization","@id":"https:\/\/skaitytaknyga.lt\/#organization","name":"skaitytaknyga.lt","url":"https:\/\/skaitytaknyga.lt\/","logo":{"@type":"ImageObject","inLanguage":"en-GB","@id":"https:\/\/skaitytaknyga.lt\/#\/schema\/logo\/image\/","url":"https:\/\/skaitytaknyga.lt\/wp-content\/uploads\/2024\/05\/cropped-cropped-cropped-02_00843_jt3bggkj1j3HLc7SyY6rEUpg.jpeg","contentUrl":"https:\/\/skaitytaknyga.lt\/wp-content\/uploads\/2024\/05\/cropped-cropped-cropped-02_00843_jt3bggkj1j3HLc7SyY6rEUpg.jpeg","width":1600,"height":1600,"caption":"skaitytaknyga.lt"},"image":{"@id":"https:\/\/skaitytaknyga.lt\/#\/schema\/logo\/image\/"},"sameAs":["https:\/\/www.facebook.com\/skaitytaknyga\/"]}]}},"_links":{"self":[{"href":"https:\/\/skaitytaknyga.lt\/en\/wp-json\/wp\/v2\/product\/23247","targetHints":{"allow":["GET"]}}],"collection":[{"href":"https:\/\/skaitytaknyga.lt\/en\/wp-json\/wp\/v2\/product"}],"about":[{"href":"https:\/\/skaitytaknyga.lt\/en\/wp-json\/wp\/v2\/types\/product"}],"replies":[{"embeddable":true,"href":"https:\/\/skaitytaknyga.lt\/en\/wp-json\/wp\/v2\/comments?post=23247"}],"wp:featuredmedia":[{"embeddable":true,"href":"https:\/\/skaitytaknyga.lt\/en\/wp-json\/wp\/v2\/media\/23252"}],"wp:attachment":[{"href":"https:\/\/skaitytaknyga.lt\/en\/wp-json\/wp\/v2\/media?parent=23247"}],"wp:term":[{"taxonomy":"product_brand","embeddable":true,"href":"https:\/\/skaitytaknyga.lt\/en\/wp-json\/wp\/v2\/product_brand?post=23247"},{"taxonomy":"product_cat","embeddable":true,"href":"https:\/\/skaitytaknyga.lt\/en\/wp-json\/wp\/v2\/product_cat?post=23247"},{"taxonomy":"product_tag","embeddable":true,"href":"https:\/\/skaitytaknyga.lt\/en\/wp-json\/wp\/v2\/product_tag?post=23247"}],"curies":[{"name":"wp","href":"https:\/\/api.w.org\/{rel}","templated":true}]}}