{"id":23246,"date":"2026-03-02T09:31:43","date_gmt":"2026-03-02T07:31:43","guid":{"rendered":"https:\/\/skaitytaknyga.lt\/?post_type=product&#038;p=23246"},"modified":"2026-03-05T11:07:11","modified_gmt":"2026-03-05T09:07:11","slug":"paskutinis-prisiekusysis","status":"publish","type":"product","link":"https:\/\/skaitytaknyga.lt\/en\/produktas\/paskutinis-prisiekusysis\/","title":{"rendered":"Paskutinis prisiekusysis"},"content":{"rendered":"<p>I\u0161krit\u0119s i\u0161 koled\u017eo Vilis Treinoras pasiskolina pinig\u0173 ir \u012fsigyja versl\u0105 \u2013 bankrutuojant\u012f miestelio laikra\u0161t\u012f. Netrukus paai\u0161k\u0117ja, kad leidinio perspektyvos i\u0161ties li\u016bdnos, tad tenka rimtai paplu\u0161\u0117ti, kad pad\u0117tis pasitaisyt\u0173. Ir kaip tik tuo metu Klantono apylinkes sukre\u010dia \u017eiaurus nusikaltimas \u2013 i\u0161prievartaujama ir nu\u017eudoma jauna moteris.<\/p>\n<p>Nusikalt\u0117lis Denis Ped\u017eitas atpa\u017e\u012fstamas, sulaikomas ir nuteisiamas kal\u0117ti \u201eiki gyvos galvos\u201c. Laikra\u0161tis i\u0161samiai atskleid\u017eia daugel\u012f bylos detali\u0173, demaskuoja turtingos \u017eudiko \u0161eimos intrigas, tampa populiarus ir galiausiai suklesti. Tuo istorija gal\u0117t\u0173 ir baigtis, jeigu ne viena aplinkyb\u0117: po devyneri\u0173 met\u0173 Klantono gatv\u0117se v\u0117l pasirodo besi\u0161ypsantis Denis Ped\u017eitas. Tik \u0161io miestelio gyventojams jau nesinori \u0161ypsotis\u2026<\/p>\n","protected":false},"excerpt":{"rendered":"<p>I\u0161krit\u0119s i\u0161 koled\u017eo Vilis Treinoras pasiskolina pinig\u0173 ir \u012fsigyja versl\u0105 \u2013 bankrutuojant\u012f miestelio laikra\u0161t\u012f. Netrukus paai\u0161k\u0117ja, kad leidinio perspektyvos i\u0161ties li\u016bdnos, tad tenka rimtai paplu\u0161\u0117ti, kad pad\u0117tis pasitaisyt\u0173. Ir kaip tik tuo metu Klantono apylinkes sukre\u010dia \u017eiaurus nusikaltimas \u2013 i\u0161prievartaujama ir nu\u017eudoma jauna moteris. Nusikalt\u0117lis Denis Ped\u017eitas atpa\u017e\u012fstamas, sulaikomas ir nuteisiamas kal\u0117ti \u201eiki gyvos galvos\u201c. Laikra\u0161tis i\u0161samiai atskleid\u017eia daugel\u012f bylos detali\u0173, demaskuoja turtingos \u017eudiko \u0161eimos intrigas, tampa populiarus ir galiausiai suklesti. Tuo istorija gal\u0117t\u0173 ir baigtis, jeigu ne viena aplinkyb\u0117: po devyneri\u0173 met\u0173 Klantono gatv\u0117se v\u0117l pasirodo besi\u0161ypsantis Denis Ped\u017eitas. Tik \u0161io miestelio gyventojams jau nesinori \u0161ypsotis\u2026<\/p>\n","protected":false},"featured_media":23251,"comment_status":"open","ping_status":"closed","template":"","meta":{"_acf_changed":false,"site-sidebar-layout":"default","site-content-layout":"","ast-site-content-layout":"default","site-content-style":"default","site-sidebar-style":"default","ast-global-header-display":"","ast-banner-title-visibility":"","ast-main-header-display":"","ast-hfb-above-header-display":"","ast-hfb-below-header-display":"","ast-hfb-mobile-header-display":"","site-post-title":"","ast-breadcrumbs-content":"","ast-featured-img":"","footer-sml-layout":"","ast-disable-related-posts":"","theme-transparent-header-meta":"","adv-header-id-meta":"","stick-header-meta":"","header-above-stick-meta":"","header-main-stick-meta":"","header-below-stick-meta":"","astra-migrate-meta-layouts":"default","ast-page-background-enabled":"default","ast-page-background-meta":{"desktop":{"background-color":"","background-image":"","background-repeat":"repeat","background-position":"center center","background-size":"auto","background-attachment":"scroll","background-type":"","background-media":"","overlay-type":"","overlay-color":"","overlay-opacity":"","overlay-gradient":""},"tablet":{"background-color":"","background-image":"","background-repeat":"repeat","background-position":"center center","background-size":"auto","background-attachment":"scroll","background-type":"","background-media":"","overlay-type":"","overlay-color":"","overlay-opacity":"","overlay-gradient":""},"mobile":{"background-color":"","background-image":"","background-repeat":"repeat","background-position":"center center","background-size":"auto","background-attachment":"scroll","background-type":"","background-media":"","overlay-type":"","overlay-color":"","overlay-opacity":"","overlay-gradient":""}},"ast-content-background-meta":{"desktop":{"background-color":"var(--ast-global-color-4)","background-image":"","background-repeat":"repeat","background-position":"center center","background-size":"auto","background-attachment":"scroll","background-type":"","background-media":"","overlay-type":"","overlay-color":"","overlay-opacity":"","overlay-gradient":""},"tablet":{"background-color":"var(--ast-global-color-4)","background-image":"","background-repeat":"repeat","background-position":"center center","background-size":"auto","background-attachment":"scroll","background-type":"","background-media":"","overlay-type":"","overlay-color":"","overlay-opacity":"","overlay-gradient":""},"mobile":{"background-color":"var(--ast-global-color-4)","background-image":"","background-repeat":"repeat","background-position":"center center","background-size":"auto","background-attachment":"scroll","background-type":"","background-media":"","overlay-type":"","overlay-color":"","overlay-opacity":"","overlay-gradient":""}}},"product_brand":[],"product_cat":[15],"product_tag":[9547],"class_list":{"0":"post-23246","1":"product","2":"type-product","3":"status-publish","4":"has-post-thumbnail","6":"product_cat-uncategorized","7":"product_tag-ltjohn-grisham","8":"desktop-align-left","9":"tablet-align-left","10":"mobile-align-left","12":"first","13":"instock","14":"shipping-taxable","15":"purchasable","16":"product-type-simple"},"acf":[],"yoast_head":"<!-- This site is optimized with the Yoast SEO plugin v27.0 - https:\/\/yoast.com\/product\/yoast-seo-wordpress\/ -->\n<title>Paskutinis prisiekusysis<\/title>\n<meta name=\"description\" content=\"I\u0161krit\u0119s i\u0161 koled\u017eo Vilis Treinoras pasiskolina pinig\u0173 ir \u012fsigyja versl\u0105 \u2013 bankrutuojant\u012f miestelio laikra\u0161t\u012f. Netrukus paai\u0161k\u0117ja, kad leidinio\" \/>\n<meta name=\"robots\" content=\"index, follow, max-snippet:-1, max-image-preview:large, max-video-preview:-1\" \/>\n<link rel=\"canonical\" href=\"https:\/\/skaitytaknyga.lt\/en\/produktas\/paskutinis-prisiekusysis\/\" \/>\n<meta property=\"og:locale\" content=\"en_GB\" \/>\n<meta property=\"og:locale:alternate\" content=\"lt_LT\" \/>\n<meta property=\"og:type\" content=\"article\" \/>\n<meta property=\"og:title\" content=\"Paskutinis prisiekusysis\" \/>\n<meta property=\"og:description\" content=\"I\u0161krit\u0119s i\u0161 koled\u017eo Vilis Treinoras pasiskolina pinig\u0173 ir \u012fsigyja versl\u0105 \u2013 bankrutuojant\u012f miestelio laikra\u0161t\u012f. Netrukus paai\u0161k\u0117ja, kad leidinio\" \/>\n<meta property=\"og:url\" content=\"https:\/\/skaitytaknyga.lt\/en\/produktas\/paskutinis-prisiekusysis\/\" \/>\n<meta property=\"og:site_name\" content=\"Skaitytaknyga\" \/>\n<meta property=\"article:publisher\" content=\"https:\/\/www.facebook.com\/skaitytaknyga\/\" \/>\n<meta property=\"article:modified_time\" content=\"2026-03-05T09:07:11+00:00\" \/>\n<meta property=\"og:image\" content=\"https:\/\/skaitytaknyga.lt\/wp-content\/uploads\/2026\/03\/Paskutinis-prisiekusysis-1.webp\" \/>\n\t<meta property=\"og:image:width\" content=\"300\" \/>\n\t<meta property=\"og:image:height\" content=\"474\" \/>\n\t<meta property=\"og:image:type\" content=\"image\/webp\" \/>\n<meta name=\"twitter:card\" content=\"summary_large_image\" \/>\n<meta name=\"twitter:label1\" content=\"Estimated reading time\" \/>\n\t<meta name=\"twitter:data1\" content=\"1 minute\" \/>\n<script type=\"application\/ld+json\" class=\"yoast-schema-graph\">{\"@context\":\"https:\/\/schema.org\",\"@graph\":[{\"@type\":\"WebPage\",\"@id\":\"https:\/\/skaitytaknyga.lt\/produktas\/paskutinis-prisiekusysis\/\",\"url\":\"https:\/\/skaitytaknyga.lt\/produktas\/paskutinis-prisiekusysis\/\",\"name\":\"Paskutinis prisiekusysis\",\"isPartOf\":{\"@id\":\"https:\/\/skaitytaknyga.lt\/#website\"},\"primaryImageOfPage\":{\"@id\":\"https:\/\/skaitytaknyga.lt\/produktas\/paskutinis-prisiekusysis\/#primaryimage\"},\"image\":{\"@id\":\"https:\/\/skaitytaknyga.lt\/produktas\/paskutinis-prisiekusysis\/#primaryimage\"},\"thumbnailUrl\":\"https:\/\/skaitytaknyga.lt\/wp-content\/uploads\/2026\/03\/Paskutinis-prisiekusysis-1.webp\",\"datePublished\":\"2026-03-02T07:31:43+00:00\",\"dateModified\":\"2026-03-05T09:07:11+00:00\",\"description\":\"I\u0161krit\u0119s i\u0161 koled\u017eo Vilis Treinoras pasiskolina pinig\u0173 ir \u012fsigyja versl\u0105 \u2013 bankrutuojant\u012f miestelio laikra\u0161t\u012f. Netrukus paai\u0161k\u0117ja, kad leidinio\",\"breadcrumb\":{\"@id\":\"https:\/\/skaitytaknyga.lt\/produktas\/paskutinis-prisiekusysis\/#breadcrumb\"},\"inLanguage\":\"en-GB\",\"potentialAction\":[{\"@type\":\"ReadAction\",\"target\":[\"https:\/\/skaitytaknyga.lt\/produktas\/paskutinis-prisiekusysis\/\"]}]},{\"@type\":\"ImageObject\",\"inLanguage\":\"en-GB\",\"@id\":\"https:\/\/skaitytaknyga.lt\/produktas\/paskutinis-prisiekusysis\/#primaryimage\",\"url\":\"https:\/\/skaitytaknyga.lt\/wp-content\/uploads\/2026\/03\/Paskutinis-prisiekusysis-1.webp\",\"contentUrl\":\"https:\/\/skaitytaknyga.lt\/wp-content\/uploads\/2026\/03\/Paskutinis-prisiekusysis-1.webp\",\"width\":300,\"height\":474},{\"@type\":\"BreadcrumbList\",\"@id\":\"https:\/\/skaitytaknyga.lt\/produktas\/paskutinis-prisiekusysis\/#breadcrumb\",\"itemListElement\":[{\"@type\":\"ListItem\",\"position\":1,\"name\":\"Home\",\"item\":\"https:\/\/skaitytaknyga.lt\/\"},{\"@type\":\"ListItem\",\"position\":2,\"name\":\"Parduotuv\u0117\",\"item\":\"https:\/\/skaitytaknyga.lt\/knygu-parduotuve\/\"},{\"@type\":\"ListItem\",\"position\":3,\"name\":\"Paskutinis prisiekusysis\"}]},{\"@type\":\"WebSite\",\"@id\":\"https:\/\/skaitytaknyga.lt\/#website\",\"url\":\"https:\/\/skaitytaknyga.lt\/\",\"name\":\"skaitytaknyga.lt\",\"description\":\"Skaitytaknyga.lt \u2013 tai ma\u017eas \u0161eimos verslas, kuris prasid\u0117jo nuo meil\u0117s knygoms ir siekio i\u0161gelb\u0117ti knygas nuo likimo prie konteinerio. Kas vienam nereikalingas daiktas \u2013 kitam lobis, o mes esame tarpininkai, kurie padeda abiems tapti laimingesniems ???? \u017dinome kaip nelengva i\u0161gyventi ma\u017eiems verslams, tad nuo \u0161iol, \u010dia rasite ir kit\u0173, ma\u017e\u0173 \u0161eim\u0173 versl\u0173, rank\u0173 darbo, dovan\u0173 sau ir artimiesiems.\",\"publisher\":{\"@id\":\"https:\/\/skaitytaknyga.lt\/#organization\"},\"potentialAction\":[{\"@type\":\"SearchAction\",\"target\":{\"@type\":\"EntryPoint\",\"urlTemplate\":\"https:\/\/skaitytaknyga.lt\/?s={search_term_string}\"},\"query-input\":{\"@type\":\"PropertyValueSpecification\",\"valueRequired\":true,\"valueName\":\"search_term_string\"}}],\"inLanguage\":\"en-GB\"},{\"@type\":\"Organization\",\"@id\":\"https:\/\/skaitytaknyga.lt\/#organization\",\"name\":\"skaitytaknyga.lt\",\"url\":\"https:\/\/skaitytaknyga.lt\/\",\"logo\":{\"@type\":\"ImageObject\",\"inLanguage\":\"en-GB\",\"@id\":\"https:\/\/skaitytaknyga.lt\/#\/schema\/logo\/image\/\",\"url\":\"https:\/\/skaitytaknyga.lt\/wp-content\/uploads\/2024\/05\/cropped-cropped-cropped-02_00843_jt3bggkj1j3HLc7SyY6rEUpg.jpeg\",\"contentUrl\":\"https:\/\/skaitytaknyga.lt\/wp-content\/uploads\/2024\/05\/cropped-cropped-cropped-02_00843_jt3bggkj1j3HLc7SyY6rEUpg.jpeg\",\"width\":1600,\"height\":1600,\"caption\":\"skaitytaknyga.lt\"},\"image\":{\"@id\":\"https:\/\/skaitytaknyga.lt\/#\/schema\/logo\/image\/\"},\"sameAs\":[\"https:\/\/www.facebook.com\/skaitytaknyga\/\"]}]}<\/script>\n<!-- \/ Yoast SEO plugin. -->","yoast_head_json":{"title":"Paskutinis prisiekusysis","description":"I\u0161krit\u0119s i\u0161 koled\u017eo Vilis Treinoras pasiskolina pinig\u0173 ir \u012fsigyja versl\u0105 \u2013 bankrutuojant\u012f miestelio laikra\u0161t\u012f. Netrukus paai\u0161k\u0117ja, kad leidinio","robots":{"index":"index","follow":"follow","max-snippet":"max-snippet:-1","max-image-preview":"max-image-preview:large","max-video-preview":"max-video-preview:-1"},"canonical":"https:\/\/skaitytaknyga.lt\/en\/produktas\/paskutinis-prisiekusysis\/","og_locale":"en_GB","og_type":"article","og_title":"[:lt]Paskutinis prisiekusysis[:] - Skaitytaknyga","og_description":"I\u0161krit\u0119s i\u0161 koled\u017eo Vilis Treinoras pasiskolina pinig\u0173 ir \u012fsigyja versl\u0105 \u2013 bankrutuojant\u012f miestelio laikra\u0161t\u012f. Netrukus paai\u0161k\u0117ja, kad leidinio","og_url":"https:\/\/skaitytaknyga.lt\/en\/produktas\/paskutinis-prisiekusysis\/","og_site_name":"Skaitytaknyga","article_publisher":"https:\/\/www.facebook.com\/skaitytaknyga\/","article_modified_time":"2026-03-05T09:07:11+00:00","og_image":[{"width":300,"height":474,"url":"https:\/\/skaitytaknyga.lt\/wp-content\/uploads\/2026\/03\/Paskutinis-prisiekusysis-1.webp","type":"image\/webp"}],"twitter_card":"summary_large_image","twitter_misc":{"Estimated reading time":"1 minute"},"schema":{"@context":"https:\/\/schema.org","@graph":[{"@type":"WebPage","@id":"https:\/\/skaitytaknyga.lt\/produktas\/paskutinis-prisiekusysis\/","url":"https:\/\/skaitytaknyga.lt\/produktas\/paskutinis-prisiekusysis\/","name":"Paskutinis prisiekusysis","isPartOf":{"@id":"https:\/\/skaitytaknyga.lt\/#website"},"primaryImageOfPage":{"@id":"https:\/\/skaitytaknyga.lt\/produktas\/paskutinis-prisiekusysis\/#primaryimage"},"image":{"@id":"https:\/\/skaitytaknyga.lt\/produktas\/paskutinis-prisiekusysis\/#primaryimage"},"thumbnailUrl":"https:\/\/skaitytaknyga.lt\/wp-content\/uploads\/2026\/03\/Paskutinis-prisiekusysis-1.webp","datePublished":"2026-03-02T07:31:43+00:00","dateModified":"2026-03-05T09:07:11+00:00","description":"I\u0161krit\u0119s i\u0161 koled\u017eo Vilis Treinoras pasiskolina pinig\u0173 ir \u012fsigyja versl\u0105 \u2013 bankrutuojant\u012f miestelio laikra\u0161t\u012f. Netrukus paai\u0161k\u0117ja, kad leidinio","breadcrumb":{"@id":"https:\/\/skaitytaknyga.lt\/produktas\/paskutinis-prisiekusysis\/#breadcrumb"},"inLanguage":"en-GB","potentialAction":[{"@type":"ReadAction","target":["https:\/\/skaitytaknyga.lt\/produktas\/paskutinis-prisiekusysis\/"]}]},{"@type":"ImageObject","inLanguage":"en-GB","@id":"https:\/\/skaitytaknyga.lt\/produktas\/paskutinis-prisiekusysis\/#primaryimage","url":"https:\/\/skaitytaknyga.lt\/wp-content\/uploads\/2026\/03\/Paskutinis-prisiekusysis-1.webp","contentUrl":"https:\/\/skaitytaknyga.lt\/wp-content\/uploads\/2026\/03\/Paskutinis-prisiekusysis-1.webp","width":300,"height":474},{"@type":"BreadcrumbList","@id":"https:\/\/skaitytaknyga.lt\/produktas\/paskutinis-prisiekusysis\/#breadcrumb","itemListElement":[{"@type":"ListItem","position":1,"name":"Home","item":"https:\/\/skaitytaknyga.lt\/"},{"@type":"ListItem","position":2,"name":"Parduotuv\u0117","item":"https:\/\/skaitytaknyga.lt\/knygu-parduotuve\/"},{"@type":"ListItem","position":3,"name":"Paskutinis prisiekusysis"}]},{"@type":"WebSite","@id":"https:\/\/skaitytaknyga.lt\/#website","url":"https:\/\/skaitytaknyga.lt\/","name":"skaitytaknyga.lt","description":"Skaitytaknyga.lt \u2013 tai ma\u017eas \u0161eimos verslas, kuris prasid\u0117jo nuo meil\u0117s knygoms ir siekio i\u0161gelb\u0117ti knygas nuo likimo prie konteinerio. Kas vienam nereikalingas daiktas \u2013 kitam lobis, o mes esame tarpininkai, kurie padeda abiems tapti laimingesniems ???? \u017dinome kaip nelengva i\u0161gyventi ma\u017eiems verslams, tad nuo \u0161iol, \u010dia rasite ir kit\u0173, ma\u017e\u0173 \u0161eim\u0173 versl\u0173, rank\u0173 darbo, dovan\u0173 sau ir artimiesiems.","publisher":{"@id":"https:\/\/skaitytaknyga.lt\/#organization"},"potentialAction":[{"@type":"SearchAction","target":{"@type":"EntryPoint","urlTemplate":"https:\/\/skaitytaknyga.lt\/?s={search_term_string}"},"query-input":{"@type":"PropertyValueSpecification","valueRequired":true,"valueName":"search_term_string"}}],"inLanguage":"en-GB"},{"@type":"Organization","@id":"https:\/\/skaitytaknyga.lt\/#organization","name":"skaitytaknyga.lt","url":"https:\/\/skaitytaknyga.lt\/","logo":{"@type":"ImageObject","inLanguage":"en-GB","@id":"https:\/\/skaitytaknyga.lt\/#\/schema\/logo\/image\/","url":"https:\/\/skaitytaknyga.lt\/wp-content\/uploads\/2024\/05\/cropped-cropped-cropped-02_00843_jt3bggkj1j3HLc7SyY6rEUpg.jpeg","contentUrl":"https:\/\/skaitytaknyga.lt\/wp-content\/uploads\/2024\/05\/cropped-cropped-cropped-02_00843_jt3bggkj1j3HLc7SyY6rEUpg.jpeg","width":1600,"height":1600,"caption":"skaitytaknyga.lt"},"image":{"@id":"https:\/\/skaitytaknyga.lt\/#\/schema\/logo\/image\/"},"sameAs":["https:\/\/www.facebook.com\/skaitytaknyga\/"]}]}},"_links":{"self":[{"href":"https:\/\/skaitytaknyga.lt\/en\/wp-json\/wp\/v2\/product\/23246","targetHints":{"allow":["GET"]}}],"collection":[{"href":"https:\/\/skaitytaknyga.lt\/en\/wp-json\/wp\/v2\/product"}],"about":[{"href":"https:\/\/skaitytaknyga.lt\/en\/wp-json\/wp\/v2\/types\/product"}],"replies":[{"embeddable":true,"href":"https:\/\/skaitytaknyga.lt\/en\/wp-json\/wp\/v2\/comments?post=23246"}],"wp:featuredmedia":[{"embeddable":true,"href":"https:\/\/skaitytaknyga.lt\/en\/wp-json\/wp\/v2\/media\/23251"}],"wp:attachment":[{"href":"https:\/\/skaitytaknyga.lt\/en\/wp-json\/wp\/v2\/media?parent=23246"}],"wp:term":[{"taxonomy":"product_brand","embeddable":true,"href":"https:\/\/skaitytaknyga.lt\/en\/wp-json\/wp\/v2\/product_brand?post=23246"},{"taxonomy":"product_cat","embeddable":true,"href":"https:\/\/skaitytaknyga.lt\/en\/wp-json\/wp\/v2\/product_cat?post=23246"},{"taxonomy":"product_tag","embeddable":true,"href":"https:\/\/skaitytaknyga.lt\/en\/wp-json\/wp\/v2\/product_tag?post=23246"}],"curies":[{"name":"wp","href":"https:\/\/api.w.org\/{rel}","templated":true}]}}