{"id":23245,"date":"2026-03-02T09:31:42","date_gmt":"2026-03-02T07:31:42","guid":{"rendered":"https:\/\/skaitytaknyga.lt\/?post_type=product&#038;p=23245"},"modified":"2026-03-05T12:50:07","modified_gmt":"2026-03-05T10:50:07","slug":"sekama","status":"publish","type":"product","link":"https:\/\/skaitytaknyga.lt\/en\/produktas\/sekama\/","title":{"rendered":"Sekama"},"content":{"rendered":"<p>Sekama milijon\u0173, persekiojama vieno \u017emogaus.<\/p>\n<p> INFLUENCER\u0116<\/p>\n<p>Mane privalo pam\u0117gti. Toks mano darbas.<\/p>\n<p>Mano pa\u010dios prek\u0117s \u017eenklas sukurtas vadovaujantis s\u0105\u017eine.<\/p>\n<p>\u0160eima, draugyst\u0117, siekis pralinksminti kitas motinas, kai darosi pernelyg sunku.<\/p>\n<p>Daryti tai kartu \u2013 kalb\u0117ti, kaip viskas vyksta i\u0161 tikr\u0173j\u0173, \u2013 \u0161tai apie k\u0105 yra Atviramama.<\/p>\n<p>VYRAS<\/p>\n<p>A\u0161 tik noriu ramiai gyventi.<\/p>\n<p>J\u0105 garbinantys sek\u0117jai, regis, manosi suprantantys mano \u017emon\u0105.<\/p>\n<p>Mano \u017emona tikrai juos supranta.<\/p>\n<p>\u017dinau, ji gra\u017ei, protinga, ambicinga ir patraukli.<\/p>\n<p>Ta\u010diau kartu ji yra melag\u0117.<\/p>\n<p>SEK\u0116JA<\/p>\n<p>A\u0161 noriu atker\u0161yti.<\/p>\n<p>Greit man\u0119s niekas nesustabdys.<\/p>\n<p>Steb\u0117jau tave ir tavo \u0161eim\u0105 labai atid\u017eiai.<\/p>\n<p>Tu sugriovei mano gyvenim\u0105.<\/p>\n<p>Dabar a\u0161 sugriausiu tavo.<\/p>\n<p> \u201eSekama\u201c \u2013 tai sukre\u010diantis instagramo am\u017eiaus romanas, pasakojamas trimis skirtingais balsais ir skvarbiu \u017evilgsniu vertinantis socialini\u0173 tinkl\u0173 influenceri\u0173 darom\u0105 \u012ftak\u0105. Tai istorija su \u012fdomiais veiksmo pos\u016bkiais, sodriu siu\u017eetu, taip pat nepaprastai ry\u0161kus m\u016bs\u0173 pasaulio, tiesiog pami\u0161iusio d\u0117l socialini\u0173 tinkl\u0173, skerspj\u016bvis.<\/p>\n<p> \u0160ioje \u012ftraukian\u010dioje psichologin\u0117s \u012ftampos istorijoje Ellery Lloyd kelia svarbius klausimus apie technologijas, socialini\u0173 tinkl\u0173 garsenybes ir tai, kaip mes gyvename \u0161iandien. Vaizduodamas tamsi\u0105j\u0105 influenceri\u0173 gyvenimo pus\u0119 ir internete tykan\u010dius pavojus, romanas atskleid\u017eia, kaip mes bevilti\u0161kai trok\u0161tame b\u016bti matomi, kiek laiko skiriame nepa\u017e\u012fstamiems \u017emon\u0117ms, kad jie mus pam\u0117gt\u0173. Ir k\u0105 d\u0117l to paaukojame&#8230;<\/p>\n","protected":false},"excerpt":{"rendered":"<p>Sekama milijon\u0173, persekiojama vieno \u017emogaus. INFLUENCER\u0116 Mane privalo pam\u0117gti. Toks mano darbas. Mano pa\u010dios prek\u0117s \u017eenklas sukurtas vadovaujantis s\u0105\u017eine. \u0160eima, draugyst\u0117, siekis pralinksminti kitas motinas, kai darosi pernelyg sunku. Daryti tai kartu \u2013 kalb\u0117ti, kaip viskas vyksta i\u0161 tikr\u0173j\u0173, \u2013 \u0161tai apie k\u0105 yra Atviramama. VYRAS A\u0161 tik noriu ramiai gyventi. J\u0105 garbinantys sek\u0117jai, regis, manosi suprantantys mano \u017emon\u0105. Mano \u017emona tikrai juos supranta. \u017dinau, ji gra\u017ei, protinga, ambicinga ir patraukli. Ta\u010diau kartu ji yra melag\u0117. SEK\u0116JA A\u0161 noriu atker\u0161yti. Greit man\u0119s niekas nesustabdys. Steb\u0117jau tave ir tavo \u0161eim\u0105 labai atid\u017eiai. Tu sugriovei mano gyvenim\u0105. Dabar a\u0161 sugriausiu tavo. \u201eSekama\u201c \u2013 tai sukre\u010diantis instagramo am\u017eiaus romanas, pasakojamas trimis skirtingais balsais ir skvarbiu \u017evilgsniu vertinantis socialini\u0173 tinkl\u0173 influenceri\u0173 darom\u0105 \u012ftak\u0105. Tai istorija su \u012fdomiais veiksmo pos\u016bkiais, sodriu siu\u017eetu, taip pat nepaprastai ry\u0161kus m\u016bs\u0173 pasaulio, tiesiog pami\u0161iusio d\u0117l socialini\u0173 tinkl\u0173, skerspj\u016bvis. \u0160ioje \u012ftraukian\u010dioje psichologin\u0117s \u012ftampos istorijoje Ellery Lloyd kelia svarbius klausimus apie technologijas, socialini\u0173 tinkl\u0173 garsenybes ir tai, kaip mes gyvename \u0161iandien. Vaizduodamas tamsi\u0105j\u0105 influenceri\u0173 gyvenimo pus\u0119 ir internete tykan\u010dius pavojus, romanas atskleid\u017eia, kaip mes bevilti\u0161kai trok\u0161tame b\u016bti matomi, kiek laiko skiriame nepa\u017e\u012fstamiems \u017emon\u0117ms, kad jie mus pam\u0117gt\u0173. Ir k\u0105 d\u0117l to paaukojame&#8230;<\/p>\n","protected":false},"featured_media":23250,"comment_status":"open","ping_status":"closed","template":"","meta":{"_acf_changed":false,"site-sidebar-layout":"default","site-content-layout":"","ast-site-content-layout":"default","site-content-style":"default","site-sidebar-style":"default","ast-global-header-display":"","ast-banner-title-visibility":"","ast-main-header-display":"","ast-hfb-above-header-display":"","ast-hfb-below-header-display":"","ast-hfb-mobile-header-display":"","site-post-title":"","ast-breadcrumbs-content":"","ast-featured-img":"","footer-sml-layout":"","ast-disable-related-posts":"","theme-transparent-header-meta":"","adv-header-id-meta":"","stick-header-meta":"","header-above-stick-meta":"","header-main-stick-meta":"","header-below-stick-meta":"","astra-migrate-meta-layouts":"default","ast-page-background-enabled":"default","ast-page-background-meta":{"desktop":{"background-color":"","background-image":"","background-repeat":"repeat","background-position":"center center","background-size":"auto","background-attachment":"scroll","background-type":"","background-media":"","overlay-type":"","overlay-color":"","overlay-opacity":"","overlay-gradient":""},"tablet":{"background-color":"","background-image":"","background-repeat":"repeat","background-position":"center center","background-size":"auto","background-attachment":"scroll","background-type":"","background-media":"","overlay-type":"","overlay-color":"","overlay-opacity":"","overlay-gradient":""},"mobile":{"background-color":"","background-image":"","background-repeat":"repeat","background-position":"center center","background-size":"auto","background-attachment":"scroll","background-type":"","background-media":"","overlay-type":"","overlay-color":"","overlay-opacity":"","overlay-gradient":""}},"ast-content-background-meta":{"desktop":{"background-color":"var(--ast-global-color-4)","background-image":"","background-repeat":"repeat","background-position":"center center","background-size":"auto","background-attachment":"scroll","background-type":"","background-media":"","overlay-type":"","overlay-color":"","overlay-opacity":"","overlay-gradient":""},"tablet":{"background-color":"var(--ast-global-color-4)","background-image":"","background-repeat":"repeat","background-position":"center center","background-size":"auto","background-attachment":"scroll","background-type":"","background-media":"","overlay-type":"","overlay-color":"","overlay-opacity":"","overlay-gradient":""},"mobile":{"background-color":"var(--ast-global-color-4)","background-image":"","background-repeat":"repeat","background-position":"center center","background-size":"auto","background-attachment":"scroll","background-type":"","background-media":"","overlay-type":"","overlay-color":"","overlay-opacity":"","overlay-gradient":""}}},"product_brand":[],"product_cat":[9580],"product_tag":[9546],"class_list":{"0":"post-23245","1":"product","2":"type-product","3":"status-publish","4":"has-post-thumbnail","6":"product_cat-psichologiniai-detektyvai","7":"product_tag-ltellery-lloyd","8":"desktop-align-left","9":"tablet-align-left","10":"mobile-align-left","12":"first","13":"instock","14":"shipping-taxable","15":"purchasable","16":"product-type-simple"},"acf":[],"yoast_head":"<!-- This site is optimized with the Yoast SEO plugin v27.0 - https:\/\/yoast.com\/product\/yoast-seo-wordpress\/ -->\n<title>Sekama<\/title>\n<meta name=\"description\" content=\"Sekama milijon\u0173, persekiojama vieno \u017emogaus. INFLUENCER\u0116 Mane privalo pam\u0117gti. Toks mano darbas. Mano pa\u010dios prek\u0117s \u017eenklas sukurtas vadovaujantis s\u0105\u017eine.\" \/>\n<meta name=\"robots\" content=\"index, follow, max-snippet:-1, max-image-preview:large, max-video-preview:-1\" \/>\n<link rel=\"canonical\" href=\"https:\/\/skaitytaknyga.lt\/en\/produktas\/sekama\/\" \/>\n<meta property=\"og:locale\" content=\"en_GB\" \/>\n<meta property=\"og:locale:alternate\" content=\"lt_LT\" \/>\n<meta property=\"og:type\" content=\"article\" \/>\n<meta property=\"og:title\" content=\"Sekama\" \/>\n<meta property=\"og:description\" content=\"Sekama milijon\u0173, persekiojama vieno \u017emogaus. INFLUENCER\u0116 Mane privalo pam\u0117gti. Toks mano darbas. Mano pa\u010dios prek\u0117s \u017eenklas sukurtas vadovaujantis s\u0105\u017eine.\" \/>\n<meta property=\"og:url\" content=\"https:\/\/skaitytaknyga.lt\/en\/produktas\/sekama\/\" \/>\n<meta property=\"og:site_name\" content=\"Skaitytaknyga\" \/>\n<meta property=\"article:publisher\" content=\"https:\/\/www.facebook.com\/skaitytaknyga\/\" \/>\n<meta property=\"article:modified_time\" content=\"2026-03-05T10:50:07+00:00\" \/>\n<meta property=\"og:image\" content=\"https:\/\/skaitytaknyga.lt\/wp-content\/uploads\/2026\/03\/Sekama-1.webp\" \/>\n\t<meta property=\"og:image:width\" content=\"300\" \/>\n\t<meta property=\"og:image:height\" content=\"447\" \/>\n\t<meta property=\"og:image:type\" content=\"image\/webp\" \/>\n<meta name=\"twitter:card\" content=\"summary_large_image\" \/>\n<meta name=\"twitter:label1\" content=\"Estimated reading time\" \/>\n\t<meta name=\"twitter:data1\" content=\"1 minute\" \/>\n<script type=\"application\/ld+json\" class=\"yoast-schema-graph\">{\"@context\":\"https:\/\/schema.org\",\"@graph\":[{\"@type\":\"WebPage\",\"@id\":\"https:\/\/skaitytaknyga.lt\/produktas\/sekama\/\",\"url\":\"https:\/\/skaitytaknyga.lt\/produktas\/sekama\/\",\"name\":\"Sekama\",\"isPartOf\":{\"@id\":\"https:\/\/skaitytaknyga.lt\/#website\"},\"primaryImageOfPage\":{\"@id\":\"https:\/\/skaitytaknyga.lt\/produktas\/sekama\/#primaryimage\"},\"image\":{\"@id\":\"https:\/\/skaitytaknyga.lt\/produktas\/sekama\/#primaryimage\"},\"thumbnailUrl\":\"https:\/\/skaitytaknyga.lt\/wp-content\/uploads\/2026\/03\/Sekama-1.webp\",\"datePublished\":\"2026-03-02T07:31:42+00:00\",\"dateModified\":\"2026-03-05T10:50:07+00:00\",\"description\":\"Sekama milijon\u0173, persekiojama vieno \u017emogaus. INFLUENCER\u0116 Mane privalo pam\u0117gti. Toks mano darbas. Mano pa\u010dios prek\u0117s \u017eenklas sukurtas vadovaujantis s\u0105\u017eine.\",\"breadcrumb\":{\"@id\":\"https:\/\/skaitytaknyga.lt\/produktas\/sekama\/#breadcrumb\"},\"inLanguage\":\"en-GB\",\"potentialAction\":[{\"@type\":\"ReadAction\",\"target\":[\"https:\/\/skaitytaknyga.lt\/produktas\/sekama\/\"]}]},{\"@type\":\"ImageObject\",\"inLanguage\":\"en-GB\",\"@id\":\"https:\/\/skaitytaknyga.lt\/produktas\/sekama\/#primaryimage\",\"url\":\"https:\/\/skaitytaknyga.lt\/wp-content\/uploads\/2026\/03\/Sekama-1.webp\",\"contentUrl\":\"https:\/\/skaitytaknyga.lt\/wp-content\/uploads\/2026\/03\/Sekama-1.webp\",\"width\":300,\"height\":447,\"caption\":\"Sekama\"},{\"@type\":\"BreadcrumbList\",\"@id\":\"https:\/\/skaitytaknyga.lt\/produktas\/sekama\/#breadcrumb\",\"itemListElement\":[{\"@type\":\"ListItem\",\"position\":1,\"name\":\"Home\",\"item\":\"https:\/\/skaitytaknyga.lt\/\"},{\"@type\":\"ListItem\",\"position\":2,\"name\":\"Parduotuv\u0117\",\"item\":\"https:\/\/skaitytaknyga.lt\/knygu-parduotuve\/\"},{\"@type\":\"ListItem\",\"position\":3,\"name\":\"Sekama\"}]},{\"@type\":\"WebSite\",\"@id\":\"https:\/\/skaitytaknyga.lt\/#website\",\"url\":\"https:\/\/skaitytaknyga.lt\/\",\"name\":\"skaitytaknyga.lt\",\"description\":\"Skaitytaknyga.lt \u2013 tai ma\u017eas \u0161eimos verslas, kuris prasid\u0117jo nuo meil\u0117s knygoms ir siekio i\u0161gelb\u0117ti knygas nuo likimo prie konteinerio. Kas vienam nereikalingas daiktas \u2013 kitam lobis, o mes esame tarpininkai, kurie padeda abiems tapti laimingesniems ???? \u017dinome kaip nelengva i\u0161gyventi ma\u017eiems verslams, tad nuo \u0161iol, \u010dia rasite ir kit\u0173, ma\u017e\u0173 \u0161eim\u0173 versl\u0173, rank\u0173 darbo, dovan\u0173 sau ir artimiesiems.\",\"publisher\":{\"@id\":\"https:\/\/skaitytaknyga.lt\/#organization\"},\"potentialAction\":[{\"@type\":\"SearchAction\",\"target\":{\"@type\":\"EntryPoint\",\"urlTemplate\":\"https:\/\/skaitytaknyga.lt\/?s={search_term_string}\"},\"query-input\":{\"@type\":\"PropertyValueSpecification\",\"valueRequired\":true,\"valueName\":\"search_term_string\"}}],\"inLanguage\":\"en-GB\"},{\"@type\":\"Organization\",\"@id\":\"https:\/\/skaitytaknyga.lt\/#organization\",\"name\":\"skaitytaknyga.lt\",\"url\":\"https:\/\/skaitytaknyga.lt\/\",\"logo\":{\"@type\":\"ImageObject\",\"inLanguage\":\"en-GB\",\"@id\":\"https:\/\/skaitytaknyga.lt\/#\/schema\/logo\/image\/\",\"url\":\"https:\/\/skaitytaknyga.lt\/wp-content\/uploads\/2024\/05\/cropped-cropped-cropped-02_00843_jt3bggkj1j3HLc7SyY6rEUpg.jpeg\",\"contentUrl\":\"https:\/\/skaitytaknyga.lt\/wp-content\/uploads\/2024\/05\/cropped-cropped-cropped-02_00843_jt3bggkj1j3HLc7SyY6rEUpg.jpeg\",\"width\":1600,\"height\":1600,\"caption\":\"skaitytaknyga.lt\"},\"image\":{\"@id\":\"https:\/\/skaitytaknyga.lt\/#\/schema\/logo\/image\/\"},\"sameAs\":[\"https:\/\/www.facebook.com\/skaitytaknyga\/\"]}]}<\/script>\n<!-- \/ Yoast SEO plugin. -->","yoast_head_json":{"title":"Sekama","description":"Sekama milijon\u0173, persekiojama vieno \u017emogaus. INFLUENCER\u0116 Mane privalo pam\u0117gti. Toks mano darbas. Mano pa\u010dios prek\u0117s \u017eenklas sukurtas vadovaujantis s\u0105\u017eine.","robots":{"index":"index","follow":"follow","max-snippet":"max-snippet:-1","max-image-preview":"max-image-preview:large","max-video-preview":"max-video-preview:-1"},"canonical":"https:\/\/skaitytaknyga.lt\/en\/produktas\/sekama\/","og_locale":"en_GB","og_type":"article","og_title":"[:lt]Sekama[:] - Skaitytaknyga","og_description":"Sekama milijon\u0173, persekiojama vieno \u017emogaus. INFLUENCER\u0116 Mane privalo pam\u0117gti. Toks mano darbas. Mano pa\u010dios prek\u0117s \u017eenklas sukurtas vadovaujantis s\u0105\u017eine.","og_url":"https:\/\/skaitytaknyga.lt\/en\/produktas\/sekama\/","og_site_name":"Skaitytaknyga","article_publisher":"https:\/\/www.facebook.com\/skaitytaknyga\/","article_modified_time":"2026-03-05T10:50:07+00:00","og_image":[{"width":300,"height":447,"url":"https:\/\/skaitytaknyga.lt\/wp-content\/uploads\/2026\/03\/Sekama-1.webp","type":"image\/webp"}],"twitter_card":"summary_large_image","twitter_misc":{"Estimated reading time":"1 minute"},"schema":{"@context":"https:\/\/schema.org","@graph":[{"@type":"WebPage","@id":"https:\/\/skaitytaknyga.lt\/produktas\/sekama\/","url":"https:\/\/skaitytaknyga.lt\/produktas\/sekama\/","name":"Sekama","isPartOf":{"@id":"https:\/\/skaitytaknyga.lt\/#website"},"primaryImageOfPage":{"@id":"https:\/\/skaitytaknyga.lt\/produktas\/sekama\/#primaryimage"},"image":{"@id":"https:\/\/skaitytaknyga.lt\/produktas\/sekama\/#primaryimage"},"thumbnailUrl":"https:\/\/skaitytaknyga.lt\/wp-content\/uploads\/2026\/03\/Sekama-1.webp","datePublished":"2026-03-02T07:31:42+00:00","dateModified":"2026-03-05T10:50:07+00:00","description":"Sekama milijon\u0173, persekiojama vieno \u017emogaus. INFLUENCER\u0116 Mane privalo pam\u0117gti. Toks mano darbas. Mano pa\u010dios prek\u0117s \u017eenklas sukurtas vadovaujantis s\u0105\u017eine.","breadcrumb":{"@id":"https:\/\/skaitytaknyga.lt\/produktas\/sekama\/#breadcrumb"},"inLanguage":"en-GB","potentialAction":[{"@type":"ReadAction","target":["https:\/\/skaitytaknyga.lt\/produktas\/sekama\/"]}]},{"@type":"ImageObject","inLanguage":"en-GB","@id":"https:\/\/skaitytaknyga.lt\/produktas\/sekama\/#primaryimage","url":"https:\/\/skaitytaknyga.lt\/wp-content\/uploads\/2026\/03\/Sekama-1.webp","contentUrl":"https:\/\/skaitytaknyga.lt\/wp-content\/uploads\/2026\/03\/Sekama-1.webp","width":300,"height":447,"caption":"Sekama"},{"@type":"BreadcrumbList","@id":"https:\/\/skaitytaknyga.lt\/produktas\/sekama\/#breadcrumb","itemListElement":[{"@type":"ListItem","position":1,"name":"Home","item":"https:\/\/skaitytaknyga.lt\/"},{"@type":"ListItem","position":2,"name":"Parduotuv\u0117","item":"https:\/\/skaitytaknyga.lt\/knygu-parduotuve\/"},{"@type":"ListItem","position":3,"name":"Sekama"}]},{"@type":"WebSite","@id":"https:\/\/skaitytaknyga.lt\/#website","url":"https:\/\/skaitytaknyga.lt\/","name":"skaitytaknyga.lt","description":"Skaitytaknyga.lt \u2013 tai ma\u017eas \u0161eimos verslas, kuris prasid\u0117jo nuo meil\u0117s knygoms ir siekio i\u0161gelb\u0117ti knygas nuo likimo prie konteinerio. Kas vienam nereikalingas daiktas \u2013 kitam lobis, o mes esame tarpininkai, kurie padeda abiems tapti laimingesniems ???? \u017dinome kaip nelengva i\u0161gyventi ma\u017eiems verslams, tad nuo \u0161iol, \u010dia rasite ir kit\u0173, ma\u017e\u0173 \u0161eim\u0173 versl\u0173, rank\u0173 darbo, dovan\u0173 sau ir artimiesiems.","publisher":{"@id":"https:\/\/skaitytaknyga.lt\/#organization"},"potentialAction":[{"@type":"SearchAction","target":{"@type":"EntryPoint","urlTemplate":"https:\/\/skaitytaknyga.lt\/?s={search_term_string}"},"query-input":{"@type":"PropertyValueSpecification","valueRequired":true,"valueName":"search_term_string"}}],"inLanguage":"en-GB"},{"@type":"Organization","@id":"https:\/\/skaitytaknyga.lt\/#organization","name":"skaitytaknyga.lt","url":"https:\/\/skaitytaknyga.lt\/","logo":{"@type":"ImageObject","inLanguage":"en-GB","@id":"https:\/\/skaitytaknyga.lt\/#\/schema\/logo\/image\/","url":"https:\/\/skaitytaknyga.lt\/wp-content\/uploads\/2024\/05\/cropped-cropped-cropped-02_00843_jt3bggkj1j3HLc7SyY6rEUpg.jpeg","contentUrl":"https:\/\/skaitytaknyga.lt\/wp-content\/uploads\/2024\/05\/cropped-cropped-cropped-02_00843_jt3bggkj1j3HLc7SyY6rEUpg.jpeg","width":1600,"height":1600,"caption":"skaitytaknyga.lt"},"image":{"@id":"https:\/\/skaitytaknyga.lt\/#\/schema\/logo\/image\/"},"sameAs":["https:\/\/www.facebook.com\/skaitytaknyga\/"]}]}},"_links":{"self":[{"href":"https:\/\/skaitytaknyga.lt\/en\/wp-json\/wp\/v2\/product\/23245","targetHints":{"allow":["GET"]}}],"collection":[{"href":"https:\/\/skaitytaknyga.lt\/en\/wp-json\/wp\/v2\/product"}],"about":[{"href":"https:\/\/skaitytaknyga.lt\/en\/wp-json\/wp\/v2\/types\/product"}],"replies":[{"embeddable":true,"href":"https:\/\/skaitytaknyga.lt\/en\/wp-json\/wp\/v2\/comments?post=23245"}],"wp:featuredmedia":[{"embeddable":true,"href":"https:\/\/skaitytaknyga.lt\/en\/wp-json\/wp\/v2\/media\/23250"}],"wp:attachment":[{"href":"https:\/\/skaitytaknyga.lt\/en\/wp-json\/wp\/v2\/media?parent=23245"}],"wp:term":[{"taxonomy":"product_brand","embeddable":true,"href":"https:\/\/skaitytaknyga.lt\/en\/wp-json\/wp\/v2\/product_brand?post=23245"},{"taxonomy":"product_cat","embeddable":true,"href":"https:\/\/skaitytaknyga.lt\/en\/wp-json\/wp\/v2\/product_cat?post=23245"},{"taxonomy":"product_tag","embeddable":true,"href":"https:\/\/skaitytaknyga.lt\/en\/wp-json\/wp\/v2\/product_tag?post=23245"}],"curies":[{"name":"wp","href":"https:\/\/api.w.org\/{rel}","templated":true}]}}