{"id":23244,"date":"2026-03-02T09:31:42","date_gmt":"2026-03-02T07:31:42","guid":{"rendered":"https:\/\/skaitytaknyga.lt\/?post_type=product&#038;p=23244"},"modified":"2026-03-05T11:59:15","modified_gmt":"2026-03-05T09:59:15","slug":"susimausi-galas","status":"publish","type":"product","link":"https:\/\/skaitytaknyga.lt\/en\/produktas\/susimausi-galas\/","title":{"rendered":"Susimausi \u2013 galas"},"content":{"rendered":"<p>Peterio Jameso detektyvinis romanas ir v\u0117l nepaliks abejing\u0173. Drama ir lenktyn\u0117s su laiku iki pat paskutinio puslapio.<\/p>\n<p>S\u0117kmingas verslininkas Kipas Braunas ypa\u010d priklausomas nuo lo\u0161imo ir dabar i\u0161gyvena baisiausi\u0105 gyvenime pralaim\u0117jim\u0173 serij\u0105. Viskas ima slysti i\u0161 rank\u0173, gresia bankrotas. Visgi, jis nusprend\u017eia su savo s\u016bnumi Mangu apsilankyti \u0161e\u0161tadienin\u0117se nam\u0173 komandos futbolo var\u017eybose, kad nors kiek praskaidrint\u0173 nuotaik\u0105. Ta\u010diau futbolo stadione ir prasideda jo baisiausias ko\u0161maras.<\/p>\n<p>Vos atvyk\u0119s \u012f var\u017eybas, Kipas susitinka klient\u0105. Akimirkai jis pameta Mang\u0105 i\u0161 aki\u0173, ir \u0161is dingsta kaip \u012f vanden\u012f. Tada seka kraupi telefono \u017einut\u0117 \u2014 vaik\u0105 pagrob\u0117.<\/p>\n<p>Verslininkas nepaiso grasinimo ir kreipiasi \u012f policij\u0105, o detektyvas vyresnysis inspektorius Rojus Greisas paskiriamas tirti \u0161io atvejo. Prad\u017eioje viskas atrodo tiesiog kaip pagrobimas, ta\u010diau prad\u0117j\u0119s kapstytis giliau Greisas \u012f\u017eengia \u012f tamsias kriminalines miesto para\u0161tes, kur taisykl\u0117s visi\u0161kai kitokios, ir viskas yra kitaip, nei atrodo&#8230;<\/p>\n","protected":false},"excerpt":{"rendered":"<p>Peterio Jameso detektyvinis romanas ir v\u0117l nepaliks abejing\u0173. Drama ir lenktyn\u0117s su laiku iki pat paskutinio puslapio. S\u0117kmingas verslininkas Kipas Braunas ypa\u010d priklausomas nuo lo\u0161imo ir dabar i\u0161gyvena baisiausi\u0105 gyvenime pralaim\u0117jim\u0173 serij\u0105. Viskas ima slysti i\u0161 rank\u0173, gresia bankrotas. Visgi, jis nusprend\u017eia su savo s\u016bnumi Mangu apsilankyti \u0161e\u0161tadienin\u0117se nam\u0173 komandos futbolo var\u017eybose, kad nors kiek praskaidrint\u0173 nuotaik\u0105. Ta\u010diau futbolo stadione ir prasideda jo baisiausias ko\u0161maras. Vos atvyk\u0119s \u012f var\u017eybas, Kipas susitinka klient\u0105. Akimirkai jis pameta Mang\u0105 i\u0161 aki\u0173, ir \u0161is dingsta kaip \u012f vanden\u012f. Tada seka kraupi telefono \u017einut\u0117 \u2014 vaik\u0105 pagrob\u0117. Verslininkas nepaiso grasinimo ir kreipiasi \u012f policij\u0105, o detektyvas vyresnysis inspektorius Rojus Greisas paskiriamas tirti \u0161io atvejo. Prad\u017eioje viskas atrodo tiesiog kaip pagrobimas, ta\u010diau prad\u0117j\u0119s kapstytis giliau Greisas \u012f\u017eengia \u012f tamsias kriminalines miesto para\u0161tes, kur taisykl\u0117s visi\u0161kai kitokios, ir viskas yra kitaip, nei atrodo&#8230;<\/p>\n","protected":false},"featured_media":23249,"comment_status":"open","ping_status":"closed","template":"","meta":{"_acf_changed":false,"site-sidebar-layout":"default","site-content-layout":"","ast-site-content-layout":"default","site-content-style":"default","site-sidebar-style":"default","ast-global-header-display":"","ast-banner-title-visibility":"","ast-main-header-display":"","ast-hfb-above-header-display":"","ast-hfb-below-header-display":"","ast-hfb-mobile-header-display":"","site-post-title":"","ast-breadcrumbs-content":"","ast-featured-img":"","footer-sml-layout":"","ast-disable-related-posts":"","theme-transparent-header-meta":"","adv-header-id-meta":"","stick-header-meta":"","header-above-stick-meta":"","header-main-stick-meta":"","header-below-stick-meta":"","astra-migrate-meta-layouts":"default","ast-page-background-enabled":"default","ast-page-background-meta":{"desktop":{"background-color":"","background-image":"","background-repeat":"repeat","background-position":"center center","background-size":"auto","background-attachment":"scroll","background-type":"","background-media":"","overlay-type":"","overlay-color":"","overlay-opacity":"","overlay-gradient":""},"tablet":{"background-color":"","background-image":"","background-repeat":"repeat","background-position":"center center","background-size":"auto","background-attachment":"scroll","background-type":"","background-media":"","overlay-type":"","overlay-color":"","overlay-opacity":"","overlay-gradient":""},"mobile":{"background-color":"","background-image":"","background-repeat":"repeat","background-position":"center center","background-size":"auto","background-attachment":"scroll","background-type":"","background-media":"","overlay-type":"","overlay-color":"","overlay-opacity":"","overlay-gradient":""}},"ast-content-background-meta":{"desktop":{"background-color":"var(--ast-global-color-4)","background-image":"","background-repeat":"repeat","background-position":"center center","background-size":"auto","background-attachment":"scroll","background-type":"","background-media":"","overlay-type":"","overlay-color":"","overlay-opacity":"","overlay-gradient":""},"tablet":{"background-color":"var(--ast-global-color-4)","background-image":"","background-repeat":"repeat","background-position":"center center","background-size":"auto","background-attachment":"scroll","background-type":"","background-media":"","overlay-type":"","overlay-color":"","overlay-opacity":"","overlay-gradient":""},"mobile":{"background-color":"var(--ast-global-color-4)","background-image":"","background-repeat":"repeat","background-position":"center center","background-size":"auto","background-attachment":"scroll","background-type":"","background-media":"","overlay-type":"","overlay-color":"","overlay-opacity":"","overlay-gradient":""}}},"product_brand":[],"product_cat":[9581],"product_tag":[9544],"class_list":{"0":"post-23244","1":"product","2":"type-product","3":"status-publish","4":"has-post-thumbnail","6":"product_cat-kriminaliniai-romanai","7":"product_tag-peter-james","8":"desktop-align-left","9":"tablet-align-left","10":"mobile-align-left","12":"first","13":"instock","14":"shipping-taxable","15":"purchasable","16":"product-type-simple"},"acf":[],"yoast_head":"<!-- This site is optimized with the Yoast SEO plugin v27.0 - https:\/\/yoast.com\/product\/yoast-seo-wordpress\/ -->\n<title>Susimausi \u2013 galas<\/title>\n<meta name=\"description\" content=\"Peterio Jameso detektyvinis romanas ir v\u0117l nepaliks abejing\u0173. Drama ir lenktyn\u0117s su laiku iki pat paskutinio puslapio. S\u0117kmingas verslininkas Kipas\" \/>\n<meta name=\"robots\" content=\"index, follow, max-snippet:-1, max-image-preview:large, max-video-preview:-1\" \/>\n<link rel=\"canonical\" href=\"https:\/\/skaitytaknyga.lt\/en\/produktas\/susimausi-galas\/\" \/>\n<meta property=\"og:locale\" content=\"en_GB\" \/>\n<meta property=\"og:locale:alternate\" content=\"lt_LT\" \/>\n<meta property=\"og:type\" content=\"article\" \/>\n<meta property=\"og:title\" content=\"Susimausi \u2013 galas\" \/>\n<meta property=\"og:description\" content=\"Peterio Jameso detektyvinis romanas ir v\u0117l nepaliks abejing\u0173. Drama ir lenktyn\u0117s su laiku iki pat paskutinio puslapio. S\u0117kmingas verslininkas Kipas\" \/>\n<meta property=\"og:url\" content=\"https:\/\/skaitytaknyga.lt\/en\/produktas\/susimausi-galas\/\" \/>\n<meta property=\"og:site_name\" content=\"Skaitytaknyga\" \/>\n<meta property=\"article:publisher\" content=\"https:\/\/www.facebook.com\/skaitytaknyga\/\" \/>\n<meta property=\"article:modified_time\" content=\"2026-03-05T09:59:15+00:00\" \/>\n<meta property=\"og:image\" content=\"https:\/\/skaitytaknyga.lt\/wp-content\/uploads\/2026\/03\/Susimausi-\u2013-galas-1.webp\" \/>\n\t<meta property=\"og:image:width\" content=\"300\" \/>\n\t<meta property=\"og:image:height\" content=\"458\" \/>\n\t<meta property=\"og:image:type\" content=\"image\/webp\" \/>\n<meta name=\"twitter:card\" content=\"summary_large_image\" \/>\n<meta name=\"twitter:label1\" content=\"Estimated reading time\" \/>\n\t<meta name=\"twitter:data1\" content=\"1 minute\" \/>\n<script type=\"application\/ld+json\" class=\"yoast-schema-graph\">{\"@context\":\"https:\/\/schema.org\",\"@graph\":[{\"@type\":\"WebPage\",\"@id\":\"https:\/\/skaitytaknyga.lt\/produktas\/susimausi-galas\/\",\"url\":\"https:\/\/skaitytaknyga.lt\/produktas\/susimausi-galas\/\",\"name\":\"Susimausi \u2013 galas\",\"isPartOf\":{\"@id\":\"https:\/\/skaitytaknyga.lt\/#website\"},\"primaryImageOfPage\":{\"@id\":\"https:\/\/skaitytaknyga.lt\/produktas\/susimausi-galas\/#primaryimage\"},\"image\":{\"@id\":\"https:\/\/skaitytaknyga.lt\/produktas\/susimausi-galas\/#primaryimage\"},\"thumbnailUrl\":\"https:\/\/skaitytaknyga.lt\/wp-content\/uploads\/2026\/03\/Susimausi-\u2013-galas-1.webp\",\"datePublished\":\"2026-03-02T07:31:42+00:00\",\"dateModified\":\"2026-03-05T09:59:15+00:00\",\"description\":\"Peterio Jameso detektyvinis romanas ir v\u0117l nepaliks abejing\u0173. Drama ir lenktyn\u0117s su laiku iki pat paskutinio puslapio. S\u0117kmingas verslininkas Kipas\",\"breadcrumb\":{\"@id\":\"https:\/\/skaitytaknyga.lt\/produktas\/susimausi-galas\/#breadcrumb\"},\"inLanguage\":\"en-GB\",\"potentialAction\":[{\"@type\":\"ReadAction\",\"target\":[\"https:\/\/skaitytaknyga.lt\/produktas\/susimausi-galas\/\"]}]},{\"@type\":\"ImageObject\",\"inLanguage\":\"en-GB\",\"@id\":\"https:\/\/skaitytaknyga.lt\/produktas\/susimausi-galas\/#primaryimage\",\"url\":\"https:\/\/skaitytaknyga.lt\/wp-content\/uploads\/2026\/03\/Susimausi-\u2013-galas-1.webp\",\"contentUrl\":\"https:\/\/skaitytaknyga.lt\/wp-content\/uploads\/2026\/03\/Susimausi-\u2013-galas-1.webp\",\"width\":300,\"height\":458,\"caption\":\"Susimausi \u2013 galas\"},{\"@type\":\"BreadcrumbList\",\"@id\":\"https:\/\/skaitytaknyga.lt\/produktas\/susimausi-galas\/#breadcrumb\",\"itemListElement\":[{\"@type\":\"ListItem\",\"position\":1,\"name\":\"Home\",\"item\":\"https:\/\/skaitytaknyga.lt\/\"},{\"@type\":\"ListItem\",\"position\":2,\"name\":\"Parduotuv\u0117\",\"item\":\"https:\/\/skaitytaknyga.lt\/knygu-parduotuve\/\"},{\"@type\":\"ListItem\",\"position\":3,\"name\":\"Susimausi \u2013 galas\"}]},{\"@type\":\"WebSite\",\"@id\":\"https:\/\/skaitytaknyga.lt\/#website\",\"url\":\"https:\/\/skaitytaknyga.lt\/\",\"name\":\"skaitytaknyga.lt\",\"description\":\"Skaitytaknyga.lt \u2013 tai ma\u017eas \u0161eimos verslas, kuris prasid\u0117jo nuo meil\u0117s knygoms ir siekio i\u0161gelb\u0117ti knygas nuo likimo prie konteinerio. Kas vienam nereikalingas daiktas \u2013 kitam lobis, o mes esame tarpininkai, kurie padeda abiems tapti laimingesniems ???? \u017dinome kaip nelengva i\u0161gyventi ma\u017eiems verslams, tad nuo \u0161iol, \u010dia rasite ir kit\u0173, ma\u017e\u0173 \u0161eim\u0173 versl\u0173, rank\u0173 darbo, dovan\u0173 sau ir artimiesiems.\",\"publisher\":{\"@id\":\"https:\/\/skaitytaknyga.lt\/#organization\"},\"potentialAction\":[{\"@type\":\"SearchAction\",\"target\":{\"@type\":\"EntryPoint\",\"urlTemplate\":\"https:\/\/skaitytaknyga.lt\/?s={search_term_string}\"},\"query-input\":{\"@type\":\"PropertyValueSpecification\",\"valueRequired\":true,\"valueName\":\"search_term_string\"}}],\"inLanguage\":\"en-GB\"},{\"@type\":\"Organization\",\"@id\":\"https:\/\/skaitytaknyga.lt\/#organization\",\"name\":\"skaitytaknyga.lt\",\"url\":\"https:\/\/skaitytaknyga.lt\/\",\"logo\":{\"@type\":\"ImageObject\",\"inLanguage\":\"en-GB\",\"@id\":\"https:\/\/skaitytaknyga.lt\/#\/schema\/logo\/image\/\",\"url\":\"https:\/\/skaitytaknyga.lt\/wp-content\/uploads\/2024\/05\/cropped-cropped-cropped-02_00843_jt3bggkj1j3HLc7SyY6rEUpg.jpeg\",\"contentUrl\":\"https:\/\/skaitytaknyga.lt\/wp-content\/uploads\/2024\/05\/cropped-cropped-cropped-02_00843_jt3bggkj1j3HLc7SyY6rEUpg.jpeg\",\"width\":1600,\"height\":1600,\"caption\":\"skaitytaknyga.lt\"},\"image\":{\"@id\":\"https:\/\/skaitytaknyga.lt\/#\/schema\/logo\/image\/\"},\"sameAs\":[\"https:\/\/www.facebook.com\/skaitytaknyga\/\"]}]}<\/script>\n<!-- \/ Yoast SEO plugin. -->","yoast_head_json":{"title":"Susimausi \u2013 galas","description":"Peterio Jameso detektyvinis romanas ir v\u0117l nepaliks abejing\u0173. Drama ir lenktyn\u0117s su laiku iki pat paskutinio puslapio. S\u0117kmingas verslininkas Kipas","robots":{"index":"index","follow":"follow","max-snippet":"max-snippet:-1","max-image-preview":"max-image-preview:large","max-video-preview":"max-video-preview:-1"},"canonical":"https:\/\/skaitytaknyga.lt\/en\/produktas\/susimausi-galas\/","og_locale":"en_GB","og_type":"article","og_title":"[:lt]Susimausi \u2013 galas[:] - Skaitytaknyga","og_description":"Peterio Jameso detektyvinis romanas ir v\u0117l nepaliks abejing\u0173. Drama ir lenktyn\u0117s su laiku iki pat paskutinio puslapio. S\u0117kmingas verslininkas Kipas","og_url":"https:\/\/skaitytaknyga.lt\/en\/produktas\/susimausi-galas\/","og_site_name":"Skaitytaknyga","article_publisher":"https:\/\/www.facebook.com\/skaitytaknyga\/","article_modified_time":"2026-03-05T09:59:15+00:00","og_image":[{"width":300,"height":458,"url":"https:\/\/skaitytaknyga.lt\/wp-content\/uploads\/2026\/03\/Susimausi-\u2013-galas-1.webp","type":"image\/webp"}],"twitter_card":"summary_large_image","twitter_misc":{"Estimated reading time":"1 minute"},"schema":{"@context":"https:\/\/schema.org","@graph":[{"@type":"WebPage","@id":"https:\/\/skaitytaknyga.lt\/produktas\/susimausi-galas\/","url":"https:\/\/skaitytaknyga.lt\/produktas\/susimausi-galas\/","name":"Susimausi \u2013 galas","isPartOf":{"@id":"https:\/\/skaitytaknyga.lt\/#website"},"primaryImageOfPage":{"@id":"https:\/\/skaitytaknyga.lt\/produktas\/susimausi-galas\/#primaryimage"},"image":{"@id":"https:\/\/skaitytaknyga.lt\/produktas\/susimausi-galas\/#primaryimage"},"thumbnailUrl":"https:\/\/skaitytaknyga.lt\/wp-content\/uploads\/2026\/03\/Susimausi-\u2013-galas-1.webp","datePublished":"2026-03-02T07:31:42+00:00","dateModified":"2026-03-05T09:59:15+00:00","description":"Peterio Jameso detektyvinis romanas ir v\u0117l nepaliks abejing\u0173. Drama ir lenktyn\u0117s su laiku iki pat paskutinio puslapio. S\u0117kmingas verslininkas Kipas","breadcrumb":{"@id":"https:\/\/skaitytaknyga.lt\/produktas\/susimausi-galas\/#breadcrumb"},"inLanguage":"en-GB","potentialAction":[{"@type":"ReadAction","target":["https:\/\/skaitytaknyga.lt\/produktas\/susimausi-galas\/"]}]},{"@type":"ImageObject","inLanguage":"en-GB","@id":"https:\/\/skaitytaknyga.lt\/produktas\/susimausi-galas\/#primaryimage","url":"https:\/\/skaitytaknyga.lt\/wp-content\/uploads\/2026\/03\/Susimausi-\u2013-galas-1.webp","contentUrl":"https:\/\/skaitytaknyga.lt\/wp-content\/uploads\/2026\/03\/Susimausi-\u2013-galas-1.webp","width":300,"height":458,"caption":"Susimausi \u2013 galas"},{"@type":"BreadcrumbList","@id":"https:\/\/skaitytaknyga.lt\/produktas\/susimausi-galas\/#breadcrumb","itemListElement":[{"@type":"ListItem","position":1,"name":"Home","item":"https:\/\/skaitytaknyga.lt\/"},{"@type":"ListItem","position":2,"name":"Parduotuv\u0117","item":"https:\/\/skaitytaknyga.lt\/knygu-parduotuve\/"},{"@type":"ListItem","position":3,"name":"Susimausi \u2013 galas"}]},{"@type":"WebSite","@id":"https:\/\/skaitytaknyga.lt\/#website","url":"https:\/\/skaitytaknyga.lt\/","name":"skaitytaknyga.lt","description":"Skaitytaknyga.lt \u2013 tai ma\u017eas \u0161eimos verslas, kuris prasid\u0117jo nuo meil\u0117s knygoms ir siekio i\u0161gelb\u0117ti knygas nuo likimo prie konteinerio. Kas vienam nereikalingas daiktas \u2013 kitam lobis, o mes esame tarpininkai, kurie padeda abiems tapti laimingesniems ???? \u017dinome kaip nelengva i\u0161gyventi ma\u017eiems verslams, tad nuo \u0161iol, \u010dia rasite ir kit\u0173, ma\u017e\u0173 \u0161eim\u0173 versl\u0173, rank\u0173 darbo, dovan\u0173 sau ir artimiesiems.","publisher":{"@id":"https:\/\/skaitytaknyga.lt\/#organization"},"potentialAction":[{"@type":"SearchAction","target":{"@type":"EntryPoint","urlTemplate":"https:\/\/skaitytaknyga.lt\/?s={search_term_string}"},"query-input":{"@type":"PropertyValueSpecification","valueRequired":true,"valueName":"search_term_string"}}],"inLanguage":"en-GB"},{"@type":"Organization","@id":"https:\/\/skaitytaknyga.lt\/#organization","name":"skaitytaknyga.lt","url":"https:\/\/skaitytaknyga.lt\/","logo":{"@type":"ImageObject","inLanguage":"en-GB","@id":"https:\/\/skaitytaknyga.lt\/#\/schema\/logo\/image\/","url":"https:\/\/skaitytaknyga.lt\/wp-content\/uploads\/2024\/05\/cropped-cropped-cropped-02_00843_jt3bggkj1j3HLc7SyY6rEUpg.jpeg","contentUrl":"https:\/\/skaitytaknyga.lt\/wp-content\/uploads\/2024\/05\/cropped-cropped-cropped-02_00843_jt3bggkj1j3HLc7SyY6rEUpg.jpeg","width":1600,"height":1600,"caption":"skaitytaknyga.lt"},"image":{"@id":"https:\/\/skaitytaknyga.lt\/#\/schema\/logo\/image\/"},"sameAs":["https:\/\/www.facebook.com\/skaitytaknyga\/"]}]}},"_links":{"self":[{"href":"https:\/\/skaitytaknyga.lt\/en\/wp-json\/wp\/v2\/product\/23244","targetHints":{"allow":["GET"]}}],"collection":[{"href":"https:\/\/skaitytaknyga.lt\/en\/wp-json\/wp\/v2\/product"}],"about":[{"href":"https:\/\/skaitytaknyga.lt\/en\/wp-json\/wp\/v2\/types\/product"}],"replies":[{"embeddable":true,"href":"https:\/\/skaitytaknyga.lt\/en\/wp-json\/wp\/v2\/comments?post=23244"}],"wp:featuredmedia":[{"embeddable":true,"href":"https:\/\/skaitytaknyga.lt\/en\/wp-json\/wp\/v2\/media\/23249"}],"wp:attachment":[{"href":"https:\/\/skaitytaknyga.lt\/en\/wp-json\/wp\/v2\/media?parent=23244"}],"wp:term":[{"taxonomy":"product_brand","embeddable":true,"href":"https:\/\/skaitytaknyga.lt\/en\/wp-json\/wp\/v2\/product_brand?post=23244"},{"taxonomy":"product_cat","embeddable":true,"href":"https:\/\/skaitytaknyga.lt\/en\/wp-json\/wp\/v2\/product_cat?post=23244"},{"taxonomy":"product_tag","embeddable":true,"href":"https:\/\/skaitytaknyga.lt\/en\/wp-json\/wp\/v2\/product_tag?post=23244"}],"curies":[{"name":"wp","href":"https:\/\/api.w.org\/{rel}","templated":true}]}}