{"id":23238,"date":"2026-03-02T09:21:43","date_gmt":"2026-03-02T07:21:43","guid":{"rendered":"https:\/\/skaitytaknyga.lt\/?post_type=product&#038;p=23238"},"modified":"2026-03-05T11:59:15","modified_gmt":"2026-03-05T09:59:15","slug":"mirtis-is-pirmo-zvilgsnio","status":"publish","type":"product","link":"https:\/\/skaitytaknyga.lt\/en\/produktas\/mirtis-is-pirmo-zvilgsnio\/","title":{"rendered":"Mirtis i\u0161 pirmo \u017evilgsnio"},"content":{"rendered":"<p>Apdovanojim\u0173 pelniusio ra\u0161ytojo Peterio Jameso intriguojan\u010diame kriminaliniame romane \u201eMirtis i\u0161 pirmo \u017evilgsnio\u201c detektyvas vyresnysis inspektorius Rojus Greisas atskleid\u017eia tamsi\u0105j\u0105 internetini\u0173 pa\u017ein\u010di\u0173 pus\u0119.<\/p>\n<p>Vyri\u0161kis Londono oro uoste laukia atvykstant savo gyvenimo meil\u0117s. Kitoje Atlanto pus\u0117je buv\u0119s policininkas bare Ki Veste, Floridoje, laukia pasimatymo su moterimi, kuri tapo jo sielos drauge. Abu vyrai tuojau su\u017einos, kad neteko fakti\u0161kai vis\u0173 savo tur\u0117t\u0173 pinig\u0173, o j\u0173 mylimos moterys pasaulyje apskritai neegzistuoja.<\/p>\n<p>T\u0105 pa\u010di\u0105 savait\u0119 Rojui Greisui tenka tirti moters Braitone savi\u017eudyb\u0119, ta\u010diau akivaizdu, kad ten viskas n\u0117ra taip, kaip atrodo. Tebevykstant tyrimui, \u012f j\u012f patenka patrauklus motyvatorius. Pasirodo, jo tapatybe pasinaudota siekiant suvilioti ir apipl\u0117\u0161ti internete vienuolika moter\u0173. Jis tai su\u017eino i\u0161 vienos moters, kai atsiliep\u0119s \u012f jos skambut\u012f i\u0161girsta: \u201eJ\u016bs man\u0119s nepa\u017e\u012fstat, bet a\u0161 maniausi pa\u017e\u012fstanti jus.\u201c<\/p>\n<p>O dabar ji nebegyva.<\/p>\n<p>Rojus Greisas supranta, jog tai tik ledkalnio vir\u0161\u016bn\u0117. Ar jam pavyks sugriauti smurting\u0105 pasaulin\u0119 imperij\u0105, paremt\u0105 gudriomis ir \u017eiauriomis internetin\u0117mis aferomis?<\/p>\n<p>Nors Rojaus Greiso roman\u0173 serij\u0105 galima skaityti bet kokia tvarka, \u201eMirtis i\u0161 pirmo \u017evilgsnio\u201c \u2014 penkioliktasis k\u016brinys \u0161ioje gausiai perkam\u0173 knyg\u0173 sekoje.<\/p>\n<p>Be to, dabar per ITV kanal\u0105 rodomas serialas \u201eGreisas\u201c, kuriame pagrindin\u012f vaidmen\u012f atlieka Johnas Simmas.<\/p>\n","protected":false},"excerpt":{"rendered":"<p>Apdovanojim\u0173 pelniusio ra\u0161ytojo Peterio Jameso intriguojan\u010diame kriminaliniame romane \u201eMirtis i\u0161 pirmo \u017evilgsnio\u201c detektyvas vyresnysis inspektorius Rojus Greisas atskleid\u017eia tamsi\u0105j\u0105 internetini\u0173 pa\u017ein\u010di\u0173 pus\u0119. Vyri\u0161kis Londono oro uoste laukia atvykstant savo gyvenimo meil\u0117s. Kitoje Atlanto pus\u0117je buv\u0119s policininkas bare Ki Veste, Floridoje, laukia pasimatymo su moterimi, kuri tapo jo sielos drauge. Abu vyrai tuojau su\u017einos, kad neteko fakti\u0161kai vis\u0173 savo tur\u0117t\u0173 pinig\u0173, o j\u0173 mylimos moterys pasaulyje apskritai neegzistuoja. T\u0105 pa\u010di\u0105 savait\u0119 Rojui Greisui tenka tirti moters Braitone savi\u017eudyb\u0119, ta\u010diau akivaizdu, kad ten viskas n\u0117ra taip, kaip atrodo. Tebevykstant tyrimui, \u012f j\u012f patenka patrauklus motyvatorius. Pasirodo, jo tapatybe pasinaudota siekiant suvilioti ir apipl\u0117\u0161ti internete vienuolika moter\u0173. Jis tai su\u017eino i\u0161 vienos moters, kai atsiliep\u0119s \u012f jos skambut\u012f i\u0161girsta: \u201eJ\u016bs man\u0119s nepa\u017e\u012fstat, bet a\u0161 maniausi pa\u017e\u012fstanti jus.\u201c O dabar ji nebegyva. Rojus Greisas supranta, jog tai tik ledkalnio vir\u0161\u016bn\u0117. Ar jam pavyks sugriauti smurting\u0105 pasaulin\u0119 imperij\u0105, paremt\u0105 gudriomis ir \u017eiauriomis internetin\u0117mis aferomis? Nors Rojaus Greiso roman\u0173 serij\u0105 galima skaityti bet kokia tvarka, \u201eMirtis i\u0161 pirmo \u017evilgsnio\u201c \u2014 penkioliktasis k\u016brinys \u0161ioje gausiai perkam\u0173 knyg\u0173 sekoje. Be to, dabar per ITV kanal\u0105 rodomas serialas \u201eGreisas\u201c, kuriame pagrindin\u012f vaidmen\u012f atlieka Johnas Simmas.<\/p>\n","protected":false},"featured_media":23243,"comment_status":"open","ping_status":"closed","template":"","meta":{"_acf_changed":false,"site-sidebar-layout":"default","site-content-layout":"","ast-site-content-layout":"default","site-content-style":"default","site-sidebar-style":"default","ast-global-header-display":"","ast-banner-title-visibility":"","ast-main-header-display":"","ast-hfb-above-header-display":"","ast-hfb-below-header-display":"","ast-hfb-mobile-header-display":"","site-post-title":"","ast-breadcrumbs-content":"","ast-featured-img":"","footer-sml-layout":"","ast-disable-related-posts":"","theme-transparent-header-meta":"","adv-header-id-meta":"","stick-header-meta":"","header-above-stick-meta":"","header-main-stick-meta":"","header-below-stick-meta":"","astra-migrate-meta-layouts":"default","ast-page-background-enabled":"default","ast-page-background-meta":{"desktop":{"background-color":"","background-image":"","background-repeat":"repeat","background-position":"center center","background-size":"auto","background-attachment":"scroll","background-type":"","background-media":"","overlay-type":"","overlay-color":"","overlay-opacity":"","overlay-gradient":""},"tablet":{"background-color":"","background-image":"","background-repeat":"repeat","background-position":"center center","background-size":"auto","background-attachment":"scroll","background-type":"","background-media":"","overlay-type":"","overlay-color":"","overlay-opacity":"","overlay-gradient":""},"mobile":{"background-color":"","background-image":"","background-repeat":"repeat","background-position":"center center","background-size":"auto","background-attachment":"scroll","background-type":"","background-media":"","overlay-type":"","overlay-color":"","overlay-opacity":"","overlay-gradient":""}},"ast-content-background-meta":{"desktop":{"background-color":"var(--ast-global-color-4)","background-image":"","background-repeat":"repeat","background-position":"center center","background-size":"auto","background-attachment":"scroll","background-type":"","background-media":"","overlay-type":"","overlay-color":"","overlay-opacity":"","overlay-gradient":""},"tablet":{"background-color":"var(--ast-global-color-4)","background-image":"","background-repeat":"repeat","background-position":"center center","background-size":"auto","background-attachment":"scroll","background-type":"","background-media":"","overlay-type":"","overlay-color":"","overlay-opacity":"","overlay-gradient":""},"mobile":{"background-color":"var(--ast-global-color-4)","background-image":"","background-repeat":"repeat","background-position":"center center","background-size":"auto","background-attachment":"scroll","background-type":"","background-media":"","overlay-type":"","overlay-color":"","overlay-opacity":"","overlay-gradient":""}}},"product_brand":[],"product_cat":[9581],"product_tag":[9544],"class_list":{"0":"post-23238","1":"product","2":"type-product","3":"status-publish","4":"has-post-thumbnail","6":"product_cat-kriminaliniai-romanai","7":"product_tag-peter-james","8":"desktop-align-left","9":"tablet-align-left","10":"mobile-align-left","12":"first","13":"instock","14":"shipping-taxable","15":"purchasable","16":"product-type-simple"},"acf":[],"yoast_head":"<!-- This site is optimized with the Yoast SEO plugin v27.0 - https:\/\/yoast.com\/product\/yoast-seo-wordpress\/ -->\n<title>Mirtis i\u0161 pirmo \u017evilgsnio<\/title>\n<meta name=\"description\" content=\"Apdovanojim\u0173 pelniusio ra\u0161ytojo Peterio Jameso intriguojan\u010diame kriminaliniame romane \u201eMirtis i\u0161 pirmo \u017evilgsnio\u201c detektyvas vyresnysis inspektorius Rojus\" \/>\n<meta name=\"robots\" content=\"index, follow, max-snippet:-1, max-image-preview:large, max-video-preview:-1\" \/>\n<link rel=\"canonical\" href=\"https:\/\/skaitytaknyga.lt\/en\/produktas\/mirtis-is-pirmo-zvilgsnio\/\" \/>\n<meta property=\"og:locale\" content=\"en_GB\" \/>\n<meta property=\"og:locale:alternate\" content=\"lt_LT\" \/>\n<meta property=\"og:type\" content=\"article\" \/>\n<meta property=\"og:title\" content=\"Mirtis i\u0161 pirmo \u017evilgsnio\" \/>\n<meta property=\"og:description\" content=\"Apdovanojim\u0173 pelniusio ra\u0161ytojo Peterio Jameso intriguojan\u010diame kriminaliniame romane \u201eMirtis i\u0161 pirmo \u017evilgsnio\u201c detektyvas vyresnysis inspektorius Rojus\" \/>\n<meta property=\"og:url\" content=\"https:\/\/skaitytaknyga.lt\/en\/produktas\/mirtis-is-pirmo-zvilgsnio\/\" \/>\n<meta property=\"og:site_name\" content=\"Skaitytaknyga\" \/>\n<meta property=\"article:publisher\" content=\"https:\/\/www.facebook.com\/skaitytaknyga\/\" \/>\n<meta property=\"article:modified_time\" content=\"2026-03-05T09:59:15+00:00\" \/>\n<meta property=\"og:image\" content=\"https:\/\/skaitytaknyga.lt\/wp-content\/uploads\/2026\/03\/Mirtis-is-pirmo-zvilgsnio-1.webp\" \/>\n\t<meta property=\"og:image:width\" content=\"300\" \/>\n\t<meta property=\"og:image:height\" content=\"454\" \/>\n\t<meta property=\"og:image:type\" content=\"image\/webp\" \/>\n<meta name=\"twitter:card\" content=\"summary_large_image\" \/>\n<meta name=\"twitter:label1\" content=\"Estimated reading time\" \/>\n\t<meta name=\"twitter:data1\" content=\"1 minute\" \/>\n<script type=\"application\/ld+json\" class=\"yoast-schema-graph\">{\"@context\":\"https:\/\/schema.org\",\"@graph\":[{\"@type\":\"WebPage\",\"@id\":\"https:\/\/skaitytaknyga.lt\/produktas\/mirtis-is-pirmo-zvilgsnio\/\",\"url\":\"https:\/\/skaitytaknyga.lt\/produktas\/mirtis-is-pirmo-zvilgsnio\/\",\"name\":\"Mirtis i\u0161 pirmo \u017evilgsnio\",\"isPartOf\":{\"@id\":\"https:\/\/skaitytaknyga.lt\/#website\"},\"primaryImageOfPage\":{\"@id\":\"https:\/\/skaitytaknyga.lt\/produktas\/mirtis-is-pirmo-zvilgsnio\/#primaryimage\"},\"image\":{\"@id\":\"https:\/\/skaitytaknyga.lt\/produktas\/mirtis-is-pirmo-zvilgsnio\/#primaryimage\"},\"thumbnailUrl\":\"https:\/\/skaitytaknyga.lt\/wp-content\/uploads\/2026\/03\/Mirtis-is-pirmo-zvilgsnio-1.webp\",\"datePublished\":\"2026-03-02T07:21:43+00:00\",\"dateModified\":\"2026-03-05T09:59:15+00:00\",\"description\":\"Apdovanojim\u0173 pelniusio ra\u0161ytojo Peterio Jameso intriguojan\u010diame kriminaliniame romane \u201eMirtis i\u0161 pirmo \u017evilgsnio\u201c detektyvas vyresnysis inspektorius Rojus\",\"breadcrumb\":{\"@id\":\"https:\/\/skaitytaknyga.lt\/produktas\/mirtis-is-pirmo-zvilgsnio\/#breadcrumb\"},\"inLanguage\":\"en-GB\",\"potentialAction\":[{\"@type\":\"ReadAction\",\"target\":[\"https:\/\/skaitytaknyga.lt\/produktas\/mirtis-is-pirmo-zvilgsnio\/\"]}]},{\"@type\":\"ImageObject\",\"inLanguage\":\"en-GB\",\"@id\":\"https:\/\/skaitytaknyga.lt\/produktas\/mirtis-is-pirmo-zvilgsnio\/#primaryimage\",\"url\":\"https:\/\/skaitytaknyga.lt\/wp-content\/uploads\/2026\/03\/Mirtis-is-pirmo-zvilgsnio-1.webp\",\"contentUrl\":\"https:\/\/skaitytaknyga.lt\/wp-content\/uploads\/2026\/03\/Mirtis-is-pirmo-zvilgsnio-1.webp\",\"width\":300,\"height\":454},{\"@type\":\"BreadcrumbList\",\"@id\":\"https:\/\/skaitytaknyga.lt\/produktas\/mirtis-is-pirmo-zvilgsnio\/#breadcrumb\",\"itemListElement\":[{\"@type\":\"ListItem\",\"position\":1,\"name\":\"Home\",\"item\":\"https:\/\/skaitytaknyga.lt\/\"},{\"@type\":\"ListItem\",\"position\":2,\"name\":\"Parduotuv\u0117\",\"item\":\"https:\/\/skaitytaknyga.lt\/knygu-parduotuve\/\"},{\"@type\":\"ListItem\",\"position\":3,\"name\":\"Mirtis i\u0161 pirmo \u017evilgsnio\"}]},{\"@type\":\"WebSite\",\"@id\":\"https:\/\/skaitytaknyga.lt\/#website\",\"url\":\"https:\/\/skaitytaknyga.lt\/\",\"name\":\"skaitytaknyga.lt\",\"description\":\"Skaitytaknyga.lt \u2013 tai ma\u017eas \u0161eimos verslas, kuris prasid\u0117jo nuo meil\u0117s knygoms ir siekio i\u0161gelb\u0117ti knygas nuo likimo prie konteinerio. Kas vienam nereikalingas daiktas \u2013 kitam lobis, o mes esame tarpininkai, kurie padeda abiems tapti laimingesniems ???? \u017dinome kaip nelengva i\u0161gyventi ma\u017eiems verslams, tad nuo \u0161iol, \u010dia rasite ir kit\u0173, ma\u017e\u0173 \u0161eim\u0173 versl\u0173, rank\u0173 darbo, dovan\u0173 sau ir artimiesiems.\",\"publisher\":{\"@id\":\"https:\/\/skaitytaknyga.lt\/#organization\"},\"potentialAction\":[{\"@type\":\"SearchAction\",\"target\":{\"@type\":\"EntryPoint\",\"urlTemplate\":\"https:\/\/skaitytaknyga.lt\/?s={search_term_string}\"},\"query-input\":{\"@type\":\"PropertyValueSpecification\",\"valueRequired\":true,\"valueName\":\"search_term_string\"}}],\"inLanguage\":\"en-GB\"},{\"@type\":\"Organization\",\"@id\":\"https:\/\/skaitytaknyga.lt\/#organization\",\"name\":\"skaitytaknyga.lt\",\"url\":\"https:\/\/skaitytaknyga.lt\/\",\"logo\":{\"@type\":\"ImageObject\",\"inLanguage\":\"en-GB\",\"@id\":\"https:\/\/skaitytaknyga.lt\/#\/schema\/logo\/image\/\",\"url\":\"https:\/\/skaitytaknyga.lt\/wp-content\/uploads\/2024\/05\/cropped-cropped-cropped-02_00843_jt3bggkj1j3HLc7SyY6rEUpg.jpeg\",\"contentUrl\":\"https:\/\/skaitytaknyga.lt\/wp-content\/uploads\/2024\/05\/cropped-cropped-cropped-02_00843_jt3bggkj1j3HLc7SyY6rEUpg.jpeg\",\"width\":1600,\"height\":1600,\"caption\":\"skaitytaknyga.lt\"},\"image\":{\"@id\":\"https:\/\/skaitytaknyga.lt\/#\/schema\/logo\/image\/\"},\"sameAs\":[\"https:\/\/www.facebook.com\/skaitytaknyga\/\"]}]}<\/script>\n<!-- \/ Yoast SEO plugin. -->","yoast_head_json":{"title":"Mirtis i\u0161 pirmo \u017evilgsnio","description":"Apdovanojim\u0173 pelniusio ra\u0161ytojo Peterio Jameso intriguojan\u010diame kriminaliniame romane \u201eMirtis i\u0161 pirmo \u017evilgsnio\u201c detektyvas vyresnysis inspektorius Rojus","robots":{"index":"index","follow":"follow","max-snippet":"max-snippet:-1","max-image-preview":"max-image-preview:large","max-video-preview":"max-video-preview:-1"},"canonical":"https:\/\/skaitytaknyga.lt\/en\/produktas\/mirtis-is-pirmo-zvilgsnio\/","og_locale":"en_GB","og_type":"article","og_title":"[:lt]Mirtis i\u0161 pirmo \u017evilgsnio[:] - Skaitytaknyga","og_description":"Apdovanojim\u0173 pelniusio ra\u0161ytojo Peterio Jameso intriguojan\u010diame kriminaliniame romane \u201eMirtis i\u0161 pirmo \u017evilgsnio\u201c detektyvas vyresnysis inspektorius Rojus","og_url":"https:\/\/skaitytaknyga.lt\/en\/produktas\/mirtis-is-pirmo-zvilgsnio\/","og_site_name":"Skaitytaknyga","article_publisher":"https:\/\/www.facebook.com\/skaitytaknyga\/","article_modified_time":"2026-03-05T09:59:15+00:00","og_image":[{"width":300,"height":454,"url":"https:\/\/skaitytaknyga.lt\/wp-content\/uploads\/2026\/03\/Mirtis-is-pirmo-zvilgsnio-1.webp","type":"image\/webp"}],"twitter_card":"summary_large_image","twitter_misc":{"Estimated reading time":"1 minute"},"schema":{"@context":"https:\/\/schema.org","@graph":[{"@type":"WebPage","@id":"https:\/\/skaitytaknyga.lt\/produktas\/mirtis-is-pirmo-zvilgsnio\/","url":"https:\/\/skaitytaknyga.lt\/produktas\/mirtis-is-pirmo-zvilgsnio\/","name":"Mirtis i\u0161 pirmo \u017evilgsnio","isPartOf":{"@id":"https:\/\/skaitytaknyga.lt\/#website"},"primaryImageOfPage":{"@id":"https:\/\/skaitytaknyga.lt\/produktas\/mirtis-is-pirmo-zvilgsnio\/#primaryimage"},"image":{"@id":"https:\/\/skaitytaknyga.lt\/produktas\/mirtis-is-pirmo-zvilgsnio\/#primaryimage"},"thumbnailUrl":"https:\/\/skaitytaknyga.lt\/wp-content\/uploads\/2026\/03\/Mirtis-is-pirmo-zvilgsnio-1.webp","datePublished":"2026-03-02T07:21:43+00:00","dateModified":"2026-03-05T09:59:15+00:00","description":"Apdovanojim\u0173 pelniusio ra\u0161ytojo Peterio Jameso intriguojan\u010diame kriminaliniame romane \u201eMirtis i\u0161 pirmo \u017evilgsnio\u201c detektyvas vyresnysis inspektorius Rojus","breadcrumb":{"@id":"https:\/\/skaitytaknyga.lt\/produktas\/mirtis-is-pirmo-zvilgsnio\/#breadcrumb"},"inLanguage":"en-GB","potentialAction":[{"@type":"ReadAction","target":["https:\/\/skaitytaknyga.lt\/produktas\/mirtis-is-pirmo-zvilgsnio\/"]}]},{"@type":"ImageObject","inLanguage":"en-GB","@id":"https:\/\/skaitytaknyga.lt\/produktas\/mirtis-is-pirmo-zvilgsnio\/#primaryimage","url":"https:\/\/skaitytaknyga.lt\/wp-content\/uploads\/2026\/03\/Mirtis-is-pirmo-zvilgsnio-1.webp","contentUrl":"https:\/\/skaitytaknyga.lt\/wp-content\/uploads\/2026\/03\/Mirtis-is-pirmo-zvilgsnio-1.webp","width":300,"height":454},{"@type":"BreadcrumbList","@id":"https:\/\/skaitytaknyga.lt\/produktas\/mirtis-is-pirmo-zvilgsnio\/#breadcrumb","itemListElement":[{"@type":"ListItem","position":1,"name":"Home","item":"https:\/\/skaitytaknyga.lt\/"},{"@type":"ListItem","position":2,"name":"Parduotuv\u0117","item":"https:\/\/skaitytaknyga.lt\/knygu-parduotuve\/"},{"@type":"ListItem","position":3,"name":"Mirtis i\u0161 pirmo \u017evilgsnio"}]},{"@type":"WebSite","@id":"https:\/\/skaitytaknyga.lt\/#website","url":"https:\/\/skaitytaknyga.lt\/","name":"skaitytaknyga.lt","description":"Skaitytaknyga.lt \u2013 tai ma\u017eas \u0161eimos verslas, kuris prasid\u0117jo nuo meil\u0117s knygoms ir siekio i\u0161gelb\u0117ti knygas nuo likimo prie konteinerio. Kas vienam nereikalingas daiktas \u2013 kitam lobis, o mes esame tarpininkai, kurie padeda abiems tapti laimingesniems ???? \u017dinome kaip nelengva i\u0161gyventi ma\u017eiems verslams, tad nuo \u0161iol, \u010dia rasite ir kit\u0173, ma\u017e\u0173 \u0161eim\u0173 versl\u0173, rank\u0173 darbo, dovan\u0173 sau ir artimiesiems.","publisher":{"@id":"https:\/\/skaitytaknyga.lt\/#organization"},"potentialAction":[{"@type":"SearchAction","target":{"@type":"EntryPoint","urlTemplate":"https:\/\/skaitytaknyga.lt\/?s={search_term_string}"},"query-input":{"@type":"PropertyValueSpecification","valueRequired":true,"valueName":"search_term_string"}}],"inLanguage":"en-GB"},{"@type":"Organization","@id":"https:\/\/skaitytaknyga.lt\/#organization","name":"skaitytaknyga.lt","url":"https:\/\/skaitytaknyga.lt\/","logo":{"@type":"ImageObject","inLanguage":"en-GB","@id":"https:\/\/skaitytaknyga.lt\/#\/schema\/logo\/image\/","url":"https:\/\/skaitytaknyga.lt\/wp-content\/uploads\/2024\/05\/cropped-cropped-cropped-02_00843_jt3bggkj1j3HLc7SyY6rEUpg.jpeg","contentUrl":"https:\/\/skaitytaknyga.lt\/wp-content\/uploads\/2024\/05\/cropped-cropped-cropped-02_00843_jt3bggkj1j3HLc7SyY6rEUpg.jpeg","width":1600,"height":1600,"caption":"skaitytaknyga.lt"},"image":{"@id":"https:\/\/skaitytaknyga.lt\/#\/schema\/logo\/image\/"},"sameAs":["https:\/\/www.facebook.com\/skaitytaknyga\/"]}]}},"_links":{"self":[{"href":"https:\/\/skaitytaknyga.lt\/en\/wp-json\/wp\/v2\/product\/23238","targetHints":{"allow":["GET"]}}],"collection":[{"href":"https:\/\/skaitytaknyga.lt\/en\/wp-json\/wp\/v2\/product"}],"about":[{"href":"https:\/\/skaitytaknyga.lt\/en\/wp-json\/wp\/v2\/types\/product"}],"replies":[{"embeddable":true,"href":"https:\/\/skaitytaknyga.lt\/en\/wp-json\/wp\/v2\/comments?post=23238"}],"wp:featuredmedia":[{"embeddable":true,"href":"https:\/\/skaitytaknyga.lt\/en\/wp-json\/wp\/v2\/media\/23243"}],"wp:attachment":[{"href":"https:\/\/skaitytaknyga.lt\/en\/wp-json\/wp\/v2\/media?parent=23238"}],"wp:term":[{"taxonomy":"product_brand","embeddable":true,"href":"https:\/\/skaitytaknyga.lt\/en\/wp-json\/wp\/v2\/product_brand?post=23238"},{"taxonomy":"product_cat","embeddable":true,"href":"https:\/\/skaitytaknyga.lt\/en\/wp-json\/wp\/v2\/product_cat?post=23238"},{"taxonomy":"product_tag","embeddable":true,"href":"https:\/\/skaitytaknyga.lt\/en\/wp-json\/wp\/v2\/product_tag?post=23238"}],"curies":[{"name":"wp","href":"https:\/\/api.w.org\/{rel}","templated":true}]}}