{"id":23234,"date":"2026-03-02T09:21:43","date_gmt":"2026-03-02T07:21:43","guid":{"rendered":"https:\/\/skaitytaknyga.lt\/?post_type=product&#038;p=23234"},"modified":"2026-03-02T09:31:20","modified_gmt":"2026-03-02T07:31:20","slug":"fuko-svytuokle","status":"publish","type":"product","link":"https:\/\/skaitytaknyga.lt\/en\/produktas\/fuko-svytuokle\/","title":{"rendered":"Fuko \u0161vytuokl\u0117"},"content":{"rendered":"<p>Umberto Eco (g. 1932) \u2013 garsus ital\u0173 mokslininkas semiotikas, meno ir literat\u016bros teoretikas bei roman\u0173, nei\u0161vengiamai tampan\u010di\u0173 bestseleriais, autorius. Pirmojo j\u0173 \u2013 \u201eRo\u017e\u0117s vardo\u201c (1980) \u2013 visame pasaulyje buvo parduota daugiau nei 50 milijon\u0173 egzempliori\u0173. Lietuvoje jis taip pat susilauk\u0117 did\u017eiul\u0117s s\u0117km\u0117s, buvo i\u0161leistas kelis kartus. Paties autoriaus teigimu, vos u\u017ebaig\u0119s pirm\u0105j\u0105 knyg\u0105, jis paklaus\u0117 sav\u0119s: \u201eAr tai tebuvo epizodas mano gyvenime, ar sugeb\u0117siu para\u0161yti dar vien\u0105 roman\u0105?\u201c<\/p>\n<p>Po antrojo savo romano \u201eFuko \u0161vytuokl\u0117\u201c U. Eco buvo pripa\u017eintas vienu svarbiausi\u0173 dabarties ra\u0161ytoj\u0173 romanist\u0173. Italijoje pasirod\u017eiusi 1988 metais, \u0161i knyga \u012fsiver\u017e\u0117 \u012f literat\u016bros pasaul\u012f nerimo ir paslapties banga. Jo herojai \u2013 m\u016bs\u0173 am\u017eininkai, veiksmas vyksta \u0161i\u0173 dien\u0173 aplinkoje, bet paslaptingos gijos susieja dabart\u012f su praeitimi, Kabal\u0105 su kompiuteriu, supina tikrov\u0119 su fikcija, o mistin\u012f pasaul\u012f su realiuoju. Did\u017eioji pasaulio paslaptis nepasiduoda intelektualini\u0173 \u017eaidim\u0173 ironijai \u2013 ji sukyla prie\u0161 puikyb\u0117s apimtus protus.<\/p>\n","protected":false},"excerpt":{"rendered":"<p>Umberto Eco (g. 1932) \u2013 garsus ital\u0173 mokslininkas semiotikas, meno ir literat\u016bros teoretikas bei roman\u0173, nei\u0161vengiamai tampan\u010di\u0173 bestseleriais, autorius. Pirmojo j\u0173 \u2013 \u201eRo\u017e\u0117s vardo\u201c (1980) \u2013 visame pasaulyje buvo parduota daugiau nei 50 milijon\u0173 egzempliori\u0173. Lietuvoje jis taip pat susilauk\u0117 did\u017eiul\u0117s s\u0117km\u0117s, buvo i\u0161leistas kelis kartus. Paties autoriaus teigimu, vos u\u017ebaig\u0119s pirm\u0105j\u0105 knyg\u0105, jis paklaus\u0117 sav\u0119s: \u201eAr tai tebuvo epizodas mano gyvenime, ar sugeb\u0117siu para\u0161yti dar vien\u0105 roman\u0105?\u201c Po antrojo savo romano \u201eFuko \u0161vytuokl\u0117\u201c U. Eco buvo pripa\u017eintas vienu svarbiausi\u0173 dabarties ra\u0161ytoj\u0173 romanist\u0173. Italijoje pasirod\u017eiusi 1988 metais, \u0161i knyga \u012fsiver\u017e\u0117 \u012f literat\u016bros pasaul\u012f nerimo ir paslapties banga. Jo herojai \u2013 m\u016bs\u0173 am\u017eininkai, veiksmas vyksta \u0161i\u0173 dien\u0173 aplinkoje, bet paslaptingos gijos susieja dabart\u012f su praeitimi, Kabal\u0105 su kompiuteriu, supina tikrov\u0119 su fikcija, o mistin\u012f pasaul\u012f su realiuoju. Did\u017eioji pasaulio paslaptis nepasiduoda intelektualini\u0173 \u017eaidim\u0173 ironijai \u2013 ji sukyla prie\u0161 puikyb\u0117s apimtus protus.<\/p>\n","protected":false},"featured_media":23239,"comment_status":"open","ping_status":"closed","template":"","meta":{"_acf_changed":false,"site-sidebar-layout":"default","site-content-layout":"","ast-site-content-layout":"default","site-content-style":"default","site-sidebar-style":"default","ast-global-header-display":"","ast-banner-title-visibility":"","ast-main-header-display":"","ast-hfb-above-header-display":"","ast-hfb-below-header-display":"","ast-hfb-mobile-header-display":"","site-post-title":"","ast-breadcrumbs-content":"","ast-featured-img":"","footer-sml-layout":"","ast-disable-related-posts":"","theme-transparent-header-meta":"","adv-header-id-meta":"","stick-header-meta":"","header-above-stick-meta":"","header-main-stick-meta":"","header-below-stick-meta":"","astra-migrate-meta-layouts":"default","ast-page-background-enabled":"default","ast-page-background-meta":{"desktop":{"background-color":"","background-image":"","background-repeat":"repeat","background-position":"center center","background-size":"auto","background-attachment":"scroll","background-type":"","background-media":"","overlay-type":"","overlay-color":"","overlay-opacity":"","overlay-gradient":""},"tablet":{"background-color":"","background-image":"","background-repeat":"repeat","background-position":"center center","background-size":"auto","background-attachment":"scroll","background-type":"","background-media":"","overlay-type":"","overlay-color":"","overlay-opacity":"","overlay-gradient":""},"mobile":{"background-color":"","background-image":"","background-repeat":"repeat","background-position":"center center","background-size":"auto","background-attachment":"scroll","background-type":"","background-media":"","overlay-type":"","overlay-color":"","overlay-opacity":"","overlay-gradient":""}},"ast-content-background-meta":{"desktop":{"background-color":"var(--ast-global-color-4)","background-image":"","background-repeat":"repeat","background-position":"center center","background-size":"auto","background-attachment":"scroll","background-type":"","background-media":"","overlay-type":"","overlay-color":"","overlay-opacity":"","overlay-gradient":""},"tablet":{"background-color":"var(--ast-global-color-4)","background-image":"","background-repeat":"repeat","background-position":"center center","background-size":"auto","background-attachment":"scroll","background-type":"","background-media":"","overlay-type":"","overlay-color":"","overlay-opacity":"","overlay-gradient":""},"mobile":{"background-color":"var(--ast-global-color-4)","background-image":"","background-repeat":"repeat","background-position":"center center","background-size":"auto","background-attachment":"scroll","background-type":"","background-media":"","overlay-type":"","overlay-color":"","overlay-opacity":"","overlay-gradient":""}}},"product_brand":[],"product_cat":[31],"product_tag":[1463],"class_list":{"0":"post-23234","1":"product","2":"type-product","3":"status-publish","4":"has-post-thumbnail","6":"product_cat-grozine-literatura","7":"product_tag-umberto-eco","8":"desktop-align-left","9":"tablet-align-left","10":"mobile-align-left","12":"first","13":"instock","14":"shipping-taxable","15":"purchasable","16":"product-type-simple"},"acf":[],"yoast_head":"<!-- This site is optimized with the Yoast SEO plugin v27.0 - https:\/\/yoast.com\/product\/yoast-seo-wordpress\/ -->\n<title>Fuko \u0161vytuokl\u0117<\/title>\n<meta name=\"description\" content=\"Umberto Eco (g. 1932) \u2013 garsus ital\u0173 mokslininkas semiotikas, meno ir literat\u016bros teoretikas bei roman\u0173, nei\u0161vengiamai tampan\u010di\u0173 bestseleriais, autorius.\" \/>\n<meta name=\"robots\" content=\"index, follow, max-snippet:-1, max-image-preview:large, max-video-preview:-1\" \/>\n<link rel=\"canonical\" href=\"https:\/\/skaitytaknyga.lt\/en\/produktas\/fuko-svytuokle\/\" \/>\n<meta property=\"og:locale\" content=\"en_GB\" \/>\n<meta property=\"og:locale:alternate\" content=\"lt_LT\" \/>\n<meta property=\"og:type\" content=\"article\" \/>\n<meta property=\"og:title\" content=\"Fuko \u0161vytuokl\u0117\" \/>\n<meta property=\"og:description\" content=\"Umberto Eco (g. 1932) \u2013 garsus ital\u0173 mokslininkas semiotikas, meno ir literat\u016bros teoretikas bei roman\u0173, nei\u0161vengiamai tampan\u010di\u0173 bestseleriais, autorius.\" \/>\n<meta property=\"og:url\" content=\"https:\/\/skaitytaknyga.lt\/en\/produktas\/fuko-svytuokle\/\" \/>\n<meta property=\"og:site_name\" content=\"Skaitytaknyga\" \/>\n<meta property=\"article:publisher\" content=\"https:\/\/www.facebook.com\/skaitytaknyga\/\" \/>\n<meta property=\"article:modified_time\" content=\"2026-03-02T07:31:20+00:00\" \/>\n<meta property=\"og:image\" content=\"https:\/\/skaitytaknyga.lt\/wp-content\/uploads\/2026\/03\/Fuko-svytuokle-1.webp\" \/>\n\t<meta property=\"og:image:width\" content=\"300\" \/>\n\t<meta property=\"og:image:height\" content=\"442\" \/>\n\t<meta property=\"og:image:type\" content=\"image\/webp\" \/>\n<meta name=\"twitter:card\" content=\"summary_large_image\" \/>\n<meta name=\"twitter:label1\" content=\"Estimated reading time\" \/>\n\t<meta name=\"twitter:data1\" content=\"1 minute\" \/>\n<script type=\"application\/ld+json\" class=\"yoast-schema-graph\">{\"@context\":\"https:\/\/schema.org\",\"@graph\":[{\"@type\":\"WebPage\",\"@id\":\"https:\/\/skaitytaknyga.lt\/produktas\/fuko-svytuokle\/\",\"url\":\"https:\/\/skaitytaknyga.lt\/produktas\/fuko-svytuokle\/\",\"name\":\"Fuko \u0161vytuokl\u0117\",\"isPartOf\":{\"@id\":\"https:\/\/skaitytaknyga.lt\/#website\"},\"primaryImageOfPage\":{\"@id\":\"https:\/\/skaitytaknyga.lt\/produktas\/fuko-svytuokle\/#primaryimage\"},\"image\":{\"@id\":\"https:\/\/skaitytaknyga.lt\/produktas\/fuko-svytuokle\/#primaryimage\"},\"thumbnailUrl\":\"https:\/\/skaitytaknyga.lt\/wp-content\/uploads\/2026\/03\/Fuko-svytuokle-1.webp\",\"datePublished\":\"2026-03-02T07:21:43+00:00\",\"dateModified\":\"2026-03-02T07:31:20+00:00\",\"description\":\"Umberto Eco (g. 1932) \u2013 garsus ital\u0173 mokslininkas semiotikas, meno ir literat\u016bros teoretikas bei roman\u0173, nei\u0161vengiamai tampan\u010di\u0173 bestseleriais, autorius.\",\"breadcrumb\":{\"@id\":\"https:\/\/skaitytaknyga.lt\/produktas\/fuko-svytuokle\/#breadcrumb\"},\"inLanguage\":\"en-GB\",\"potentialAction\":[{\"@type\":\"ReadAction\",\"target\":[\"https:\/\/skaitytaknyga.lt\/produktas\/fuko-svytuokle\/\"]}]},{\"@type\":\"ImageObject\",\"inLanguage\":\"en-GB\",\"@id\":\"https:\/\/skaitytaknyga.lt\/produktas\/fuko-svytuokle\/#primaryimage\",\"url\":\"https:\/\/skaitytaknyga.lt\/wp-content\/uploads\/2026\/03\/Fuko-svytuokle-1.webp\",\"contentUrl\":\"https:\/\/skaitytaknyga.lt\/wp-content\/uploads\/2026\/03\/Fuko-svytuokle-1.webp\",\"width\":300,\"height\":442,\"caption\":\"Fuko \u0161vytuokl\u0117\"},{\"@type\":\"BreadcrumbList\",\"@id\":\"https:\/\/skaitytaknyga.lt\/produktas\/fuko-svytuokle\/#breadcrumb\",\"itemListElement\":[{\"@type\":\"ListItem\",\"position\":1,\"name\":\"Home\",\"item\":\"https:\/\/skaitytaknyga.lt\/\"},{\"@type\":\"ListItem\",\"position\":2,\"name\":\"Parduotuv\u0117\",\"item\":\"https:\/\/skaitytaknyga.lt\/knygu-parduotuve\/\"},{\"@type\":\"ListItem\",\"position\":3,\"name\":\"Fuko \u0161vytuokl\u0117\"}]},{\"@type\":\"WebSite\",\"@id\":\"https:\/\/skaitytaknyga.lt\/#website\",\"url\":\"https:\/\/skaitytaknyga.lt\/\",\"name\":\"skaitytaknyga.lt\",\"description\":\"Skaitytaknyga.lt \u2013 tai ma\u017eas \u0161eimos verslas, kuris prasid\u0117jo nuo meil\u0117s knygoms ir siekio i\u0161gelb\u0117ti knygas nuo likimo prie konteinerio. Kas vienam nereikalingas daiktas \u2013 kitam lobis, o mes esame tarpininkai, kurie padeda abiems tapti laimingesniems ???? \u017dinome kaip nelengva i\u0161gyventi ma\u017eiems verslams, tad nuo \u0161iol, \u010dia rasite ir kit\u0173, ma\u017e\u0173 \u0161eim\u0173 versl\u0173, rank\u0173 darbo, dovan\u0173 sau ir artimiesiems.\",\"publisher\":{\"@id\":\"https:\/\/skaitytaknyga.lt\/#organization\"},\"potentialAction\":[{\"@type\":\"SearchAction\",\"target\":{\"@type\":\"EntryPoint\",\"urlTemplate\":\"https:\/\/skaitytaknyga.lt\/?s={search_term_string}\"},\"query-input\":{\"@type\":\"PropertyValueSpecification\",\"valueRequired\":true,\"valueName\":\"search_term_string\"}}],\"inLanguage\":\"en-GB\"},{\"@type\":\"Organization\",\"@id\":\"https:\/\/skaitytaknyga.lt\/#organization\",\"name\":\"skaitytaknyga.lt\",\"url\":\"https:\/\/skaitytaknyga.lt\/\",\"logo\":{\"@type\":\"ImageObject\",\"inLanguage\":\"en-GB\",\"@id\":\"https:\/\/skaitytaknyga.lt\/#\/schema\/logo\/image\/\",\"url\":\"https:\/\/skaitytaknyga.lt\/wp-content\/uploads\/2024\/05\/cropped-cropped-cropped-02_00843_jt3bggkj1j3HLc7SyY6rEUpg.jpeg\",\"contentUrl\":\"https:\/\/skaitytaknyga.lt\/wp-content\/uploads\/2024\/05\/cropped-cropped-cropped-02_00843_jt3bggkj1j3HLc7SyY6rEUpg.jpeg\",\"width\":1600,\"height\":1600,\"caption\":\"skaitytaknyga.lt\"},\"image\":{\"@id\":\"https:\/\/skaitytaknyga.lt\/#\/schema\/logo\/image\/\"},\"sameAs\":[\"https:\/\/www.facebook.com\/skaitytaknyga\/\"]}]}<\/script>\n<!-- \/ Yoast SEO plugin. -->","yoast_head_json":{"title":"Fuko \u0161vytuokl\u0117","description":"Umberto Eco (g. 1932) \u2013 garsus ital\u0173 mokslininkas semiotikas, meno ir literat\u016bros teoretikas bei roman\u0173, nei\u0161vengiamai tampan\u010di\u0173 bestseleriais, autorius.","robots":{"index":"index","follow":"follow","max-snippet":"max-snippet:-1","max-image-preview":"max-image-preview:large","max-video-preview":"max-video-preview:-1"},"canonical":"https:\/\/skaitytaknyga.lt\/en\/produktas\/fuko-svytuokle\/","og_locale":"en_GB","og_type":"article","og_title":"[:lt]Fuko \u0161vytuokl\u0117[:] - Skaitytaknyga","og_description":"Umberto Eco (g. 1932) \u2013 garsus ital\u0173 mokslininkas semiotikas, meno ir literat\u016bros teoretikas bei roman\u0173, nei\u0161vengiamai tampan\u010di\u0173 bestseleriais, autorius.","og_url":"https:\/\/skaitytaknyga.lt\/en\/produktas\/fuko-svytuokle\/","og_site_name":"Skaitytaknyga","article_publisher":"https:\/\/www.facebook.com\/skaitytaknyga\/","article_modified_time":"2026-03-02T07:31:20+00:00","og_image":[{"width":300,"height":442,"url":"https:\/\/skaitytaknyga.lt\/wp-content\/uploads\/2026\/03\/Fuko-svytuokle-1.webp","type":"image\/webp"}],"twitter_card":"summary_large_image","twitter_misc":{"Estimated reading time":"1 minute"},"schema":{"@context":"https:\/\/schema.org","@graph":[{"@type":"WebPage","@id":"https:\/\/skaitytaknyga.lt\/produktas\/fuko-svytuokle\/","url":"https:\/\/skaitytaknyga.lt\/produktas\/fuko-svytuokle\/","name":"Fuko \u0161vytuokl\u0117","isPartOf":{"@id":"https:\/\/skaitytaknyga.lt\/#website"},"primaryImageOfPage":{"@id":"https:\/\/skaitytaknyga.lt\/produktas\/fuko-svytuokle\/#primaryimage"},"image":{"@id":"https:\/\/skaitytaknyga.lt\/produktas\/fuko-svytuokle\/#primaryimage"},"thumbnailUrl":"https:\/\/skaitytaknyga.lt\/wp-content\/uploads\/2026\/03\/Fuko-svytuokle-1.webp","datePublished":"2026-03-02T07:21:43+00:00","dateModified":"2026-03-02T07:31:20+00:00","description":"Umberto Eco (g. 1932) \u2013 garsus ital\u0173 mokslininkas semiotikas, meno ir literat\u016bros teoretikas bei roman\u0173, nei\u0161vengiamai tampan\u010di\u0173 bestseleriais, autorius.","breadcrumb":{"@id":"https:\/\/skaitytaknyga.lt\/produktas\/fuko-svytuokle\/#breadcrumb"},"inLanguage":"en-GB","potentialAction":[{"@type":"ReadAction","target":["https:\/\/skaitytaknyga.lt\/produktas\/fuko-svytuokle\/"]}]},{"@type":"ImageObject","inLanguage":"en-GB","@id":"https:\/\/skaitytaknyga.lt\/produktas\/fuko-svytuokle\/#primaryimage","url":"https:\/\/skaitytaknyga.lt\/wp-content\/uploads\/2026\/03\/Fuko-svytuokle-1.webp","contentUrl":"https:\/\/skaitytaknyga.lt\/wp-content\/uploads\/2026\/03\/Fuko-svytuokle-1.webp","width":300,"height":442,"caption":"Fuko \u0161vytuokl\u0117"},{"@type":"BreadcrumbList","@id":"https:\/\/skaitytaknyga.lt\/produktas\/fuko-svytuokle\/#breadcrumb","itemListElement":[{"@type":"ListItem","position":1,"name":"Home","item":"https:\/\/skaitytaknyga.lt\/"},{"@type":"ListItem","position":2,"name":"Parduotuv\u0117","item":"https:\/\/skaitytaknyga.lt\/knygu-parduotuve\/"},{"@type":"ListItem","position":3,"name":"Fuko \u0161vytuokl\u0117"}]},{"@type":"WebSite","@id":"https:\/\/skaitytaknyga.lt\/#website","url":"https:\/\/skaitytaknyga.lt\/","name":"skaitytaknyga.lt","description":"Skaitytaknyga.lt \u2013 tai ma\u017eas \u0161eimos verslas, kuris prasid\u0117jo nuo meil\u0117s knygoms ir siekio i\u0161gelb\u0117ti knygas nuo likimo prie konteinerio. Kas vienam nereikalingas daiktas \u2013 kitam lobis, o mes esame tarpininkai, kurie padeda abiems tapti laimingesniems ???? \u017dinome kaip nelengva i\u0161gyventi ma\u017eiems verslams, tad nuo \u0161iol, \u010dia rasite ir kit\u0173, ma\u017e\u0173 \u0161eim\u0173 versl\u0173, rank\u0173 darbo, dovan\u0173 sau ir artimiesiems.","publisher":{"@id":"https:\/\/skaitytaknyga.lt\/#organization"},"potentialAction":[{"@type":"SearchAction","target":{"@type":"EntryPoint","urlTemplate":"https:\/\/skaitytaknyga.lt\/?s={search_term_string}"},"query-input":{"@type":"PropertyValueSpecification","valueRequired":true,"valueName":"search_term_string"}}],"inLanguage":"en-GB"},{"@type":"Organization","@id":"https:\/\/skaitytaknyga.lt\/#organization","name":"skaitytaknyga.lt","url":"https:\/\/skaitytaknyga.lt\/","logo":{"@type":"ImageObject","inLanguage":"en-GB","@id":"https:\/\/skaitytaknyga.lt\/#\/schema\/logo\/image\/","url":"https:\/\/skaitytaknyga.lt\/wp-content\/uploads\/2024\/05\/cropped-cropped-cropped-02_00843_jt3bggkj1j3HLc7SyY6rEUpg.jpeg","contentUrl":"https:\/\/skaitytaknyga.lt\/wp-content\/uploads\/2024\/05\/cropped-cropped-cropped-02_00843_jt3bggkj1j3HLc7SyY6rEUpg.jpeg","width":1600,"height":1600,"caption":"skaitytaknyga.lt"},"image":{"@id":"https:\/\/skaitytaknyga.lt\/#\/schema\/logo\/image\/"},"sameAs":["https:\/\/www.facebook.com\/skaitytaknyga\/"]}]}},"_links":{"self":[{"href":"https:\/\/skaitytaknyga.lt\/en\/wp-json\/wp\/v2\/product\/23234","targetHints":{"allow":["GET"]}}],"collection":[{"href":"https:\/\/skaitytaknyga.lt\/en\/wp-json\/wp\/v2\/product"}],"about":[{"href":"https:\/\/skaitytaknyga.lt\/en\/wp-json\/wp\/v2\/types\/product"}],"replies":[{"embeddable":true,"href":"https:\/\/skaitytaknyga.lt\/en\/wp-json\/wp\/v2\/comments?post=23234"}],"wp:featuredmedia":[{"embeddable":true,"href":"https:\/\/skaitytaknyga.lt\/en\/wp-json\/wp\/v2\/media\/23239"}],"wp:attachment":[{"href":"https:\/\/skaitytaknyga.lt\/en\/wp-json\/wp\/v2\/media?parent=23234"}],"wp:term":[{"taxonomy":"product_brand","embeddable":true,"href":"https:\/\/skaitytaknyga.lt\/en\/wp-json\/wp\/v2\/product_brand?post=23234"},{"taxonomy":"product_cat","embeddable":true,"href":"https:\/\/skaitytaknyga.lt\/en\/wp-json\/wp\/v2\/product_cat?post=23234"},{"taxonomy":"product_tag","embeddable":true,"href":"https:\/\/skaitytaknyga.lt\/en\/wp-json\/wp\/v2\/product_tag?post=23234"}],"curies":[{"name":"wp","href":"https:\/\/api.w.org\/{rel}","templated":true}]}}