{"id":2323,"date":"2024-04-17T13:07:43","date_gmt":"2024-04-17T13:07:43","guid":{"rendered":"https:\/\/skaitytaknyga.lt\/?post_type=product&#038;p=2323"},"modified":"2024-07-16T15:10:19","modified_gmt":"2024-07-16T12:10:19","slug":"e-aukstakalnyte-hansen-mamahuhu","status":"publish","type":"product","link":"https:\/\/skaitytaknyga.lt\/en\/produktas\/e-aukstakalnyte-hansen-mamahuhu\/","title":{"rendered":"E. Auk\u0161takalnyt\u0117 Hansen \u201eMamahuhu\u201c"},"content":{"rendered":"<p>\u201eMamahuhu. \u0160e\u0161eri metai Kinijoje\u201c\u00a0\u2013 antroji aktor\u0117s, keliautojos, fotomeninink\u0117s, ra\u0161ytojos Egl\u0117s Auk\u0161takalnyt\u0117s Hansen knyga. Pirmojoje (\u201eMama Afrika\u201c, 2008) sugul\u0117 per a\u0161tuonerius metus juodajame \u017eemyne sukaupta lietuv\u0117s patirtis, \u012fsp\u016bd\u017eiai ir jausmai, o \u0161tai Kinij\u0105 autor\u0117 teigia pa\u017einusi ne \u0161irdimi, o protu.<\/p>\n<p>\u0160i\u0173 abiej\u0173 knyg\u0173 pavadinimai tik i\u0161 pa\u017ei\u016bros giminingi \u2013 jie atspindi visi\u0161kai skirting\u0105 autor\u0117s patirt\u012f, pana\u0161iai kaip vos vienos raid\u0117s skirtumas tarp Kenijos ir Kinijos, nors tarp \u0161i\u0173 dviej\u0173 kult\u016br\u0173 \u2013 did\u017eiulis kontrastas.<\/p>\n<p>Knygoje\u00a0\u201eMamahuhu. \u0160e\u0161eri metai Kinijoje\u201c\u00a0Egl\u0117 bando sugriauti \u0161abloni\u0161k\u0105 Kinijos \u012fvaizd\u012f \u2013 perprasti prie\u0161ing\u0105 mums kult\u016br\u0105, kin\u0173 \u012fpro\u010dius, elgesio ypatumus, suvokti grandiozinius \u0161alies u\u017emojus, \u012f\u017evelgti, kas slypi u\u017e blizgaus pavir\u0161iaus.<\/p>\n<p>\u0160iuo metu autor\u0117 su \u0161eima gyvena \u0160anchajuje.<\/p>\n<p>Knyga gausiai iliustruota autor\u0117s nuotraukomis.<\/p>\n","protected":false},"excerpt":{"rendered":"<p>\u201eMamahuhu. \u0160e\u0161eri metai Kinijoje\u201c\u00a0\u2013 antroji aktor\u0117s, keliautojos, fotomeninink\u0117s, ra\u0161ytojos Egl\u0117s Auk\u0161takalnyt\u0117s Hansen knyga. Pirmojoje (\u201eMama Afrika\u201c, 2008) sugul\u0117 per a\u0161tuonerius metus juodajame \u017eemyne sukaupta lietuv\u0117s patirtis, \u012fsp\u016bd\u017eiai ir jausmai, o \u0161tai Kinij\u0105 autor\u0117 teigia pa\u017einusi ne \u0161irdimi, o protu. \u0160i\u0173 abiej\u0173 knyg\u0173 pavadinimai tik i\u0161 pa\u017ei\u016bros giminingi \u2013 jie atspindi visi\u0161kai skirting\u0105 autor\u0117s patirt\u012f, pana\u0161iai kaip vos vienos raid\u0117s skirtumas tarp Kenijos ir Kinijos, nors tarp \u0161i\u0173 dviej\u0173 kult\u016br\u0173 \u2013 did\u017eiulis kontrastas. Knygoje\u00a0\u201eMamahuhu. \u0160e\u0161eri metai Kinijoje\u201c\u00a0Egl\u0117 bando sugriauti \u0161abloni\u0161k\u0105 Kinijos \u012fvaizd\u012f \u2013 perprasti prie\u0161ing\u0105 mums kult\u016br\u0105, kin\u0173 \u012fpro\u010dius, elgesio ypatumus, suvokti grandiozinius \u0161alies u\u017emojus, \u012f\u017evelgti, kas slypi u\u017e blizgaus pavir\u0161iaus. \u0160iuo metu autor\u0117 su \u0161eima gyvena \u0160anchajuje. Knyga gausiai iliustruota autor\u0117s nuotraukomis.<\/p>\n","protected":false},"featured_media":2372,"comment_status":"closed","ping_status":"closed","template":"","meta":{"_acf_changed":false,"site-sidebar-layout":"default","site-content-layout":"","ast-site-content-layout":"default","site-content-style":"default","site-sidebar-style":"default","ast-global-header-display":"","ast-banner-title-visibility":"","ast-main-header-display":"","ast-hfb-above-header-display":"","ast-hfb-below-header-display":"","ast-hfb-mobile-header-display":"","site-post-title":"","ast-breadcrumbs-content":"","ast-featured-img":"","footer-sml-layout":"","ast-disable-related-posts":"","theme-transparent-header-meta":"","adv-header-id-meta":"","stick-header-meta":"","header-above-stick-meta":"","header-main-stick-meta":"","header-below-stick-meta":"","astra-migrate-meta-layouts":"default","ast-page-background-enabled":"default","ast-page-background-meta":{"desktop":{"background-color":"","background-image":"","background-repeat":"repeat","background-position":"center center","background-size":"auto","background-attachment":"scroll","background-type":"","background-media":"","overlay-type":"","overlay-color":"","overlay-opacity":"","overlay-gradient":""},"tablet":{"background-color":"","background-image":"","background-repeat":"repeat","background-position":"center center","background-size":"auto","background-attachment":"scroll","background-type":"","background-media":"","overlay-type":"","overlay-color":"","overlay-opacity":"","overlay-gradient":""},"mobile":{"background-color":"","background-image":"","background-repeat":"repeat","background-position":"center center","background-size":"auto","background-attachment":"scroll","background-type":"","background-media":"","overlay-type":"","overlay-color":"","overlay-opacity":"","overlay-gradient":""}},"ast-content-background-meta":{"desktop":{"background-color":"var(--ast-global-color-4)","background-image":"","background-repeat":"repeat","background-position":"center center","background-size":"auto","background-attachment":"scroll","background-type":"","background-media":"","overlay-type":"","overlay-color":"","overlay-opacity":"","overlay-gradient":""},"tablet":{"background-color":"var(--ast-global-color-4)","background-image":"","background-repeat":"repeat","background-position":"center center","background-size":"auto","background-attachment":"scroll","background-type":"","background-media":"","overlay-type":"","overlay-color":"","overlay-opacity":"","overlay-gradient":""},"mobile":{"background-color":"var(--ast-global-color-4)","background-image":"","background-repeat":"repeat","background-position":"center center","background-size":"auto","background-attachment":"scroll","background-type":"","background-media":"","overlay-type":"","overlay-color":"","overlay-opacity":"","overlay-gradient":""}}},"product_brand":[],"product_cat":[448],"product_tag":[],"class_list":{"0":"post-2323","1":"product","2":"type-product","3":"status-publish","4":"has-post-thumbnail","6":"product_cat-keliones","7":"desktop-align-left","8":"tablet-align-left","9":"mobile-align-left","11":"first","12":"instock","13":"shipping-taxable","14":"purchasable","15":"product-type-simple"},"acf":[],"yoast_head":"<!-- This site is optimized with the Yoast SEO plugin v27.0 - https:\/\/yoast.com\/product\/yoast-seo-wordpress\/ -->\n<title>E. Auk\u0161takalnyt\u0117 Hansen \u201eMamahuhu\u201c<\/title>\n<meta name=\"description\" content=\"\u201eMamahuhu. \u0160e\u0161eri metai Kinijoje\u201c\u00a0\u2013 antroji aktor\u0117s, keliautojos, fotomeninink\u0117s, ra\u0161ytojos Egl\u0117s Auk\u0161takalnyt\u0117s Hansen knyga. Pirmojoje (\u201eMama Afrika\u201c,\" \/>\n<meta name=\"robots\" content=\"index, follow, max-snippet:-1, max-image-preview:large, max-video-preview:-1\" \/>\n<link rel=\"canonical\" href=\"https:\/\/skaitytaknyga.lt\/en\/produktas\/e-aukstakalnyte-hansen-mamahuhu\/\" \/>\n<meta property=\"og:locale\" content=\"en_GB\" \/>\n<meta property=\"og:locale:alternate\" content=\"lt_LT\" \/>\n<meta property=\"og:type\" content=\"article\" \/>\n<meta property=\"og:title\" content=\"E. Auk\u0161takalnyt\u0117 Hansen \u201eMamahuhu\u201c\" \/>\n<meta property=\"og:description\" content=\"\u201eMamahuhu. \u0160e\u0161eri metai Kinijoje\u201c\u00a0\u2013 antroji aktor\u0117s, keliautojos, fotomeninink\u0117s, ra\u0161ytojos Egl\u0117s Auk\u0161takalnyt\u0117s Hansen knyga. Pirmojoje (\u201eMama Afrika\u201c,\" \/>\n<meta property=\"og:url\" content=\"https:\/\/skaitytaknyga.lt\/en\/produktas\/e-aukstakalnyte-hansen-mamahuhu\/\" \/>\n<meta property=\"og:site_name\" content=\"Skaitytaknyga\" \/>\n<meta property=\"article:publisher\" content=\"https:\/\/www.facebook.com\/skaitytaknyga\/\" \/>\n<meta property=\"article:modified_time\" content=\"2024-07-16T12:10:19+00:00\" \/>\n<meta property=\"og:image\" content=\"https:\/\/skaitytaknyga.lt\/wp-content\/uploads\/2024\/04\/1462886367_mamahuhu-1.jpg\" \/>\n\t<meta property=\"og:image:width\" content=\"287\" \/>\n\t<meta property=\"og:image:height\" content=\"430\" \/>\n\t<meta property=\"og:image:type\" content=\"image\/jpeg\" \/>\n<meta name=\"twitter:card\" content=\"summary_large_image\" \/>\n<meta name=\"twitter:label1\" content=\"Estimated reading time\" \/>\n\t<meta name=\"twitter:data1\" content=\"1 minute\" \/>\n<script type=\"application\/ld+json\" class=\"yoast-schema-graph\">{\"@context\":\"https:\/\/schema.org\",\"@graph\":[{\"@type\":\"WebPage\",\"@id\":\"https:\/\/skaitytaknyga.lt\/produktas\/e-aukstakalnyte-hansen-mamahuhu\/\",\"url\":\"https:\/\/skaitytaknyga.lt\/produktas\/e-aukstakalnyte-hansen-mamahuhu\/\",\"name\":\"E. Auk\u0161takalnyt\u0117 Hansen \u201eMamahuhu\u201c\",\"isPartOf\":{\"@id\":\"https:\/\/skaitytaknyga.lt\/#website\"},\"primaryImageOfPage\":{\"@id\":\"https:\/\/skaitytaknyga.lt\/produktas\/e-aukstakalnyte-hansen-mamahuhu\/#primaryimage\"},\"image\":{\"@id\":\"https:\/\/skaitytaknyga.lt\/produktas\/e-aukstakalnyte-hansen-mamahuhu\/#primaryimage\"},\"thumbnailUrl\":\"https:\/\/skaitytaknyga.lt\/wp-content\/uploads\/2024\/04\/1462886367_mamahuhu-1.jpg\",\"datePublished\":\"2024-04-17T13:07:43+00:00\",\"dateModified\":\"2024-07-16T12:10:19+00:00\",\"description\":\"\u201eMamahuhu. \u0160e\u0161eri metai Kinijoje\u201c\u00a0\u2013 antroji aktor\u0117s, keliautojos, fotomeninink\u0117s, ra\u0161ytojos Egl\u0117s Auk\u0161takalnyt\u0117s Hansen knyga. Pirmojoje (\u201eMama Afrika\u201c,\",\"breadcrumb\":{\"@id\":\"https:\/\/skaitytaknyga.lt\/produktas\/e-aukstakalnyte-hansen-mamahuhu\/#breadcrumb\"},\"inLanguage\":\"en-GB\",\"potentialAction\":[{\"@type\":\"ReadAction\",\"target\":[\"https:\/\/skaitytaknyga.lt\/produktas\/e-aukstakalnyte-hansen-mamahuhu\/\"]}]},{\"@type\":\"ImageObject\",\"inLanguage\":\"en-GB\",\"@id\":\"https:\/\/skaitytaknyga.lt\/produktas\/e-aukstakalnyte-hansen-mamahuhu\/#primaryimage\",\"url\":\"https:\/\/skaitytaknyga.lt\/wp-content\/uploads\/2024\/04\/1462886367_mamahuhu-1.jpg\",\"contentUrl\":\"https:\/\/skaitytaknyga.lt\/wp-content\/uploads\/2024\/04\/1462886367_mamahuhu-1.jpg\",\"width\":287,\"height\":430,\"caption\":\"1462886367 mamahuhu 1\"},{\"@type\":\"BreadcrumbList\",\"@id\":\"https:\/\/skaitytaknyga.lt\/produktas\/e-aukstakalnyte-hansen-mamahuhu\/#breadcrumb\",\"itemListElement\":[{\"@type\":\"ListItem\",\"position\":1,\"name\":\"Home\",\"item\":\"https:\/\/skaitytaknyga.lt\/\"},{\"@type\":\"ListItem\",\"position\":2,\"name\":\"Parduotuv\u0117\",\"item\":\"https:\/\/skaitytaknyga.lt\/knygu-parduotuve\/\"},{\"@type\":\"ListItem\",\"position\":3,\"name\":\"E. Auk\u0161takalnyt\u0117 Hansen \u201eMamahuhu\u201c\"}]},{\"@type\":\"WebSite\",\"@id\":\"https:\/\/skaitytaknyga.lt\/#website\",\"url\":\"https:\/\/skaitytaknyga.lt\/\",\"name\":\"skaitytaknyga.lt\",\"description\":\"Skaitytaknyga.lt \u2013 tai ma\u017eas \u0161eimos verslas, kuris prasid\u0117jo nuo meil\u0117s knygoms ir siekio i\u0161gelb\u0117ti knygas nuo likimo prie konteinerio. Kas vienam nereikalingas daiktas \u2013 kitam lobis, o mes esame tarpininkai, kurie padeda abiems tapti laimingesniems ???? \u017dinome kaip nelengva i\u0161gyventi ma\u017eiems verslams, tad nuo \u0161iol, \u010dia rasite ir kit\u0173, ma\u017e\u0173 \u0161eim\u0173 versl\u0173, rank\u0173 darbo, dovan\u0173 sau ir artimiesiems.\",\"publisher\":{\"@id\":\"https:\/\/skaitytaknyga.lt\/#organization\"},\"potentialAction\":[{\"@type\":\"SearchAction\",\"target\":{\"@type\":\"EntryPoint\",\"urlTemplate\":\"https:\/\/skaitytaknyga.lt\/?s={search_term_string}\"},\"query-input\":{\"@type\":\"PropertyValueSpecification\",\"valueRequired\":true,\"valueName\":\"search_term_string\"}}],\"inLanguage\":\"en-GB\"},{\"@type\":\"Organization\",\"@id\":\"https:\/\/skaitytaknyga.lt\/#organization\",\"name\":\"skaitytaknyga.lt\",\"url\":\"https:\/\/skaitytaknyga.lt\/\",\"logo\":{\"@type\":\"ImageObject\",\"inLanguage\":\"en-GB\",\"@id\":\"https:\/\/skaitytaknyga.lt\/#\/schema\/logo\/image\/\",\"url\":\"https:\/\/skaitytaknyga.lt\/wp-content\/uploads\/2024\/05\/cropped-cropped-cropped-02_00843_jt3bggkj1j3HLc7SyY6rEUpg.jpeg\",\"contentUrl\":\"https:\/\/skaitytaknyga.lt\/wp-content\/uploads\/2024\/05\/cropped-cropped-cropped-02_00843_jt3bggkj1j3HLc7SyY6rEUpg.jpeg\",\"width\":1600,\"height\":1600,\"caption\":\"skaitytaknyga.lt\"},\"image\":{\"@id\":\"https:\/\/skaitytaknyga.lt\/#\/schema\/logo\/image\/\"},\"sameAs\":[\"https:\/\/www.facebook.com\/skaitytaknyga\/\"]}]}<\/script>\n<!-- \/ Yoast SEO plugin. -->","yoast_head_json":{"title":"E. Auk\u0161takalnyt\u0117 Hansen \u201eMamahuhu\u201c","description":"\u201eMamahuhu. \u0160e\u0161eri metai Kinijoje\u201c\u00a0\u2013 antroji aktor\u0117s, keliautojos, fotomeninink\u0117s, ra\u0161ytojos Egl\u0117s Auk\u0161takalnyt\u0117s Hansen knyga. Pirmojoje (\u201eMama Afrika\u201c,","robots":{"index":"index","follow":"follow","max-snippet":"max-snippet:-1","max-image-preview":"max-image-preview:large","max-video-preview":"max-video-preview:-1"},"canonical":"https:\/\/skaitytaknyga.lt\/en\/produktas\/e-aukstakalnyte-hansen-mamahuhu\/","og_locale":"en_GB","og_type":"article","og_title":"[:lt]E. Auk\u0161takalnyt\u0117 Hansen \u201eMamahuhu\u201c[:] - Skaitytaknyga","og_description":"\u201eMamahuhu. \u0160e\u0161eri metai Kinijoje\u201c\u00a0\u2013 antroji aktor\u0117s, keliautojos, fotomeninink\u0117s, ra\u0161ytojos Egl\u0117s Auk\u0161takalnyt\u0117s Hansen knyga. Pirmojoje (\u201eMama Afrika\u201c,","og_url":"https:\/\/skaitytaknyga.lt\/en\/produktas\/e-aukstakalnyte-hansen-mamahuhu\/","og_site_name":"Skaitytaknyga","article_publisher":"https:\/\/www.facebook.com\/skaitytaknyga\/","article_modified_time":"2024-07-16T12:10:19+00:00","og_image":[{"width":287,"height":430,"url":"https:\/\/skaitytaknyga.lt\/wp-content\/uploads\/2024\/04\/1462886367_mamahuhu-1.jpg","type":"image\/jpeg"}],"twitter_card":"summary_large_image","twitter_misc":{"Estimated reading time":"1 minute"},"schema":{"@context":"https:\/\/schema.org","@graph":[{"@type":"WebPage","@id":"https:\/\/skaitytaknyga.lt\/produktas\/e-aukstakalnyte-hansen-mamahuhu\/","url":"https:\/\/skaitytaknyga.lt\/produktas\/e-aukstakalnyte-hansen-mamahuhu\/","name":"E. Auk\u0161takalnyt\u0117 Hansen \u201eMamahuhu\u201c","isPartOf":{"@id":"https:\/\/skaitytaknyga.lt\/#website"},"primaryImageOfPage":{"@id":"https:\/\/skaitytaknyga.lt\/produktas\/e-aukstakalnyte-hansen-mamahuhu\/#primaryimage"},"image":{"@id":"https:\/\/skaitytaknyga.lt\/produktas\/e-aukstakalnyte-hansen-mamahuhu\/#primaryimage"},"thumbnailUrl":"https:\/\/skaitytaknyga.lt\/wp-content\/uploads\/2024\/04\/1462886367_mamahuhu-1.jpg","datePublished":"2024-04-17T13:07:43+00:00","dateModified":"2024-07-16T12:10:19+00:00","description":"\u201eMamahuhu. \u0160e\u0161eri metai Kinijoje\u201c\u00a0\u2013 antroji aktor\u0117s, keliautojos, fotomeninink\u0117s, ra\u0161ytojos Egl\u0117s Auk\u0161takalnyt\u0117s Hansen knyga. Pirmojoje (\u201eMama Afrika\u201c,","breadcrumb":{"@id":"https:\/\/skaitytaknyga.lt\/produktas\/e-aukstakalnyte-hansen-mamahuhu\/#breadcrumb"},"inLanguage":"en-GB","potentialAction":[{"@type":"ReadAction","target":["https:\/\/skaitytaknyga.lt\/produktas\/e-aukstakalnyte-hansen-mamahuhu\/"]}]},{"@type":"ImageObject","inLanguage":"en-GB","@id":"https:\/\/skaitytaknyga.lt\/produktas\/e-aukstakalnyte-hansen-mamahuhu\/#primaryimage","url":"https:\/\/skaitytaknyga.lt\/wp-content\/uploads\/2024\/04\/1462886367_mamahuhu-1.jpg","contentUrl":"https:\/\/skaitytaknyga.lt\/wp-content\/uploads\/2024\/04\/1462886367_mamahuhu-1.jpg","width":287,"height":430,"caption":"1462886367 mamahuhu 1"},{"@type":"BreadcrumbList","@id":"https:\/\/skaitytaknyga.lt\/produktas\/e-aukstakalnyte-hansen-mamahuhu\/#breadcrumb","itemListElement":[{"@type":"ListItem","position":1,"name":"Home","item":"https:\/\/skaitytaknyga.lt\/"},{"@type":"ListItem","position":2,"name":"Parduotuv\u0117","item":"https:\/\/skaitytaknyga.lt\/knygu-parduotuve\/"},{"@type":"ListItem","position":3,"name":"E. Auk\u0161takalnyt\u0117 Hansen \u201eMamahuhu\u201c"}]},{"@type":"WebSite","@id":"https:\/\/skaitytaknyga.lt\/#website","url":"https:\/\/skaitytaknyga.lt\/","name":"skaitytaknyga.lt","description":"Skaitytaknyga.lt \u2013 tai ma\u017eas \u0161eimos verslas, kuris prasid\u0117jo nuo meil\u0117s knygoms ir siekio i\u0161gelb\u0117ti knygas nuo likimo prie konteinerio. Kas vienam nereikalingas daiktas \u2013 kitam lobis, o mes esame tarpininkai, kurie padeda abiems tapti laimingesniems ???? \u017dinome kaip nelengva i\u0161gyventi ma\u017eiems verslams, tad nuo \u0161iol, \u010dia rasite ir kit\u0173, ma\u017e\u0173 \u0161eim\u0173 versl\u0173, rank\u0173 darbo, dovan\u0173 sau ir artimiesiems.","publisher":{"@id":"https:\/\/skaitytaknyga.lt\/#organization"},"potentialAction":[{"@type":"SearchAction","target":{"@type":"EntryPoint","urlTemplate":"https:\/\/skaitytaknyga.lt\/?s={search_term_string}"},"query-input":{"@type":"PropertyValueSpecification","valueRequired":true,"valueName":"search_term_string"}}],"inLanguage":"en-GB"},{"@type":"Organization","@id":"https:\/\/skaitytaknyga.lt\/#organization","name":"skaitytaknyga.lt","url":"https:\/\/skaitytaknyga.lt\/","logo":{"@type":"ImageObject","inLanguage":"en-GB","@id":"https:\/\/skaitytaknyga.lt\/#\/schema\/logo\/image\/","url":"https:\/\/skaitytaknyga.lt\/wp-content\/uploads\/2024\/05\/cropped-cropped-cropped-02_00843_jt3bggkj1j3HLc7SyY6rEUpg.jpeg","contentUrl":"https:\/\/skaitytaknyga.lt\/wp-content\/uploads\/2024\/05\/cropped-cropped-cropped-02_00843_jt3bggkj1j3HLc7SyY6rEUpg.jpeg","width":1600,"height":1600,"caption":"skaitytaknyga.lt"},"image":{"@id":"https:\/\/skaitytaknyga.lt\/#\/schema\/logo\/image\/"},"sameAs":["https:\/\/www.facebook.com\/skaitytaknyga\/"]}]}},"_links":{"self":[{"href":"https:\/\/skaitytaknyga.lt\/en\/wp-json\/wp\/v2\/product\/2323","targetHints":{"allow":["GET"]}}],"collection":[{"href":"https:\/\/skaitytaknyga.lt\/en\/wp-json\/wp\/v2\/product"}],"about":[{"href":"https:\/\/skaitytaknyga.lt\/en\/wp-json\/wp\/v2\/types\/product"}],"replies":[{"embeddable":true,"href":"https:\/\/skaitytaknyga.lt\/en\/wp-json\/wp\/v2\/comments?post=2323"}],"wp:featuredmedia":[{"embeddable":true,"href":"https:\/\/skaitytaknyga.lt\/en\/wp-json\/wp\/v2\/media\/2372"}],"wp:attachment":[{"href":"https:\/\/skaitytaknyga.lt\/en\/wp-json\/wp\/v2\/media?parent=2323"}],"wp:term":[{"taxonomy":"product_brand","embeddable":true,"href":"https:\/\/skaitytaknyga.lt\/en\/wp-json\/wp\/v2\/product_brand?post=2323"},{"taxonomy":"product_cat","embeddable":true,"href":"https:\/\/skaitytaknyga.lt\/en\/wp-json\/wp\/v2\/product_cat?post=2323"},{"taxonomy":"product_tag","embeddable":true,"href":"https:\/\/skaitytaknyga.lt\/en\/wp-json\/wp\/v2\/product_tag?post=2323"}],"curies":[{"name":"wp","href":"https:\/\/api.w.org\/{rel}","templated":true}]}}