{"id":23221,"date":"2026-02-27T12:03:26","date_gmt":"2026-02-27T10:03:26","guid":{"rendered":"https:\/\/skaitytaknyga.lt\/?post_type=product&#038;p=23221"},"modified":"2026-03-05T13:05:34","modified_gmt":"2026-03-05T11:05:34","slug":"bylininkai","status":"publish","type":"product","link":"https:\/\/skaitytaknyga.lt\/en\/produktas\/bylininkai\/","title":{"rendered":"Bylininkai"},"content":{"rendered":"<p>\u201eBylininkai\u201c \u2013 be galo \u012fdomus, siautulingas romanas, kupinas ironijos ir satyros, nukreiptos \u012f teisiniams procesams b\u016bdingus korupcinius susitarimus, apgaulingas manipuliacijas bei teatrali\u0161kus efektus.<\/p>\n<p>\u201eFinlio &#038; Figo\u201c partneriai \u2013 i\u0161 viso du \u2013 da\u017enai save vadina teisine \u201efirma-butiku\u201c. \u201eButikas\u201c asocijuojasi su tuo, kas pra\u0161matnu, kas pasi\u017eymi i\u0161rankumu, kas klesti. \u0160iuo atveju n\u0117 vienas i\u0161 apib\u016bdinim\u0173 netinka. I\u0161 ties\u0173 jie u\u017esiima menkaverte veikla \u2013 da\u017eniausiai aptarnauja norin\u010dius greitai i\u0161siskirti, sulaikytus kau\u0161tel\u0117jusius vairuotojus, kartais tarpininkauja d\u0117l \u017ealos atlyginimo nukent\u0117jusiems per autoavarijas. Aptriu\u0161usiame biure \u010cikagos pietvakariuose Oskaras Finlis su Voliu Figu kartu dirba daugiau nei dvide\u0161imt\u012f met\u0173 ir riejasi lyg seniai susituokusi pora, bet sugeba \u0161iaip ne taip verstis ir daugma\u017e padoriai gyventi.<\/p>\n<p>Gal\u0173 gale juos u\u017egri\u016bva poky\u010diai. Tiksliau, atklup\u010dioja. Deividas Zinkas, jaunas, bet jau perdeg\u0119s teisininkas, atsisako perspektyvios karjeros auk\u0161\u010diausios klas\u0117s firmoje, smarkiai nusigeria ir netik\u0117tai sau pa\u010diam atsiduria prie \u201ebutiko\u201c slenks\u010dio. Dabar, i\u0161siblaiviusiam ir susitaikiusiam su mintimi, kad \u012fsiliejo \u012f bedarbi\u0173 gretas, jam tiks bet koks darbas \u2013 netgi pas \u201eFinl\u012f &#038; Fig\u0105\u201c.<\/p>\n<p>\u012e savo rat\u0105 pri\u0117m\u0119 nauj\u0105 bendradarb\u012f, \u201eF &#038; F\u201c partneriai griebiasi labai rimtos bylos, \u017eadan\u010dios turtus, bet tarytum nereikalaujan\u010dios rimto i\u0161manymo.<\/p>\n","protected":false},"excerpt":{"rendered":"<p>\u201eBylininkai\u201c \u2013 be galo \u012fdomus, siautulingas romanas, kupinas ironijos ir satyros, nukreiptos \u012f teisiniams procesams b\u016bdingus korupcinius susitarimus, apgaulingas manipuliacijas bei teatrali\u0161kus efektus. \u201eFinlio &#038; Figo\u201c partneriai \u2013 i\u0161 viso du \u2013 da\u017enai save vadina teisine \u201efirma-butiku\u201c. \u201eButikas\u201c asocijuojasi su tuo, kas pra\u0161matnu, kas pasi\u017eymi i\u0161rankumu, kas klesti. \u0160iuo atveju n\u0117 vienas i\u0161 apib\u016bdinim\u0173 netinka. I\u0161 ties\u0173 jie u\u017esiima menkaverte veikla \u2013 da\u017eniausiai aptarnauja norin\u010dius greitai i\u0161siskirti, sulaikytus kau\u0161tel\u0117jusius vairuotojus, kartais tarpininkauja d\u0117l \u017ealos atlyginimo nukent\u0117jusiems per autoavarijas. Aptriu\u0161usiame biure \u010cikagos pietvakariuose Oskaras Finlis su Voliu Figu kartu dirba daugiau nei dvide\u0161imt\u012f met\u0173 ir riejasi lyg seniai susituokusi pora, bet sugeba \u0161iaip ne taip verstis ir daugma\u017e padoriai gyventi. Gal\u0173 gale juos u\u017egri\u016bva poky\u010diai. Tiksliau, atklup\u010dioja. Deividas Zinkas, jaunas, bet jau perdeg\u0119s teisininkas, atsisako perspektyvios karjeros auk\u0161\u010diausios klas\u0117s firmoje, smarkiai nusigeria ir netik\u0117tai sau pa\u010diam atsiduria prie \u201ebutiko\u201c slenks\u010dio. Dabar, i\u0161siblaiviusiam ir susitaikiusiam su mintimi, kad \u012fsiliejo \u012f bedarbi\u0173 gretas, jam tiks bet koks darbas \u2013 netgi pas \u201eFinl\u012f &#038; Fig\u0105\u201c. \u012e savo rat\u0105 pri\u0117m\u0119 nauj\u0105 bendradarb\u012f, \u201eF &#038; F\u201c partneriai griebiasi labai rimtos bylos, \u017eadan\u010dios turtus, bet tarytum nereikalaujan\u010dios rimto i\u0161manymo.<\/p>\n","protected":false},"featured_media":0,"comment_status":"open","ping_status":"closed","template":"","meta":{"_acf_changed":false,"site-sidebar-layout":"default","site-content-layout":"","ast-site-content-layout":"default","site-content-style":"default","site-sidebar-style":"default","ast-global-header-display":"","ast-banner-title-visibility":"","ast-main-header-display":"","ast-hfb-above-header-display":"","ast-hfb-below-header-display":"","ast-hfb-mobile-header-display":"","site-post-title":"","ast-breadcrumbs-content":"","ast-featured-img":"","footer-sml-layout":"","ast-disable-related-posts":"","theme-transparent-header-meta":"","adv-header-id-meta":"","stick-header-meta":"","header-above-stick-meta":"","header-main-stick-meta":"","header-below-stick-meta":"","astra-migrate-meta-layouts":"default","ast-page-background-enabled":"default","ast-page-background-meta":{"desktop":{"background-color":"","background-image":"","background-repeat":"repeat","background-position":"center center","background-size":"auto","background-attachment":"scroll","background-type":"","background-media":"","overlay-type":"","overlay-color":"","overlay-opacity":"","overlay-gradient":""},"tablet":{"background-color":"","background-image":"","background-repeat":"repeat","background-position":"center center","background-size":"auto","background-attachment":"scroll","background-type":"","background-media":"","overlay-type":"","overlay-color":"","overlay-opacity":"","overlay-gradient":""},"mobile":{"background-color":"","background-image":"","background-repeat":"repeat","background-position":"center center","background-size":"auto","background-attachment":"scroll","background-type":"","background-media":"","overlay-type":"","overlay-color":"","overlay-opacity":"","overlay-gradient":""}},"ast-content-background-meta":{"desktop":{"background-color":"var(--ast-global-color-4)","background-image":"","background-repeat":"repeat","background-position":"center center","background-size":"auto","background-attachment":"scroll","background-type":"","background-media":"","overlay-type":"","overlay-color":"","overlay-opacity":"","overlay-gradient":""},"tablet":{"background-color":"var(--ast-global-color-4)","background-image":"","background-repeat":"repeat","background-position":"center center","background-size":"auto","background-attachment":"scroll","background-type":"","background-media":"","overlay-type":"","overlay-color":"","overlay-opacity":"","overlay-gradient":""},"mobile":{"background-color":"var(--ast-global-color-4)","background-image":"","background-repeat":"repeat","background-position":"center center","background-size":"auto","background-attachment":"scroll","background-type":"","background-media":"","overlay-type":"","overlay-color":"","overlay-opacity":"","overlay-gradient":""}}},"product_brand":[],"product_cat":[9581],"product_tag":[9547],"class_list":{"0":"post-23221","1":"product","2":"type-product","3":"status-publish","5":"product_cat-kriminaliniai-romanai","6":"product_tag-ltjohn-grisham","7":"desktop-align-left","8":"tablet-align-left","9":"mobile-align-left","11":"first","12":"instock","13":"shipping-taxable","14":"purchasable","15":"product-type-simple"},"acf":[],"yoast_head":"<!-- This site is optimized with the Yoast SEO plugin v27.0 - https:\/\/yoast.com\/product\/yoast-seo-wordpress\/ -->\n<title>Bylininkai<\/title>\n<meta name=\"description\" content=\"\u201eBylininkai\u201c \u2013 be galo \u012fdomus, siautulingas romanas, kupinas ironijos ir satyros, nukreiptos \u012f teisiniams procesams b\u016bdingus korupcinius susitarimus,\" \/>\n<meta name=\"robots\" content=\"index, follow, max-snippet:-1, max-image-preview:large, max-video-preview:-1\" \/>\n<link rel=\"canonical\" href=\"https:\/\/skaitytaknyga.lt\/en\/produktas\/bylininkai\/\" \/>\n<meta property=\"og:locale\" content=\"en_GB\" \/>\n<meta property=\"og:locale:alternate\" content=\"lt_LT\" \/>\n<meta property=\"og:type\" content=\"article\" \/>\n<meta property=\"og:title\" content=\"Bylininkai\" \/>\n<meta property=\"og:description\" content=\"\u201eBylininkai\u201c \u2013 be galo \u012fdomus, siautulingas romanas, kupinas ironijos ir satyros, nukreiptos \u012f teisiniams procesams b\u016bdingus korupcinius susitarimus,\" \/>\n<meta property=\"og:url\" content=\"https:\/\/skaitytaknyga.lt\/en\/produktas\/bylininkai\/\" \/>\n<meta property=\"og:site_name\" content=\"Skaitytaknyga\" \/>\n<meta property=\"article:publisher\" content=\"https:\/\/www.facebook.com\/skaitytaknyga\/\" \/>\n<meta property=\"article:modified_time\" content=\"2026-03-05T11:05:34+00:00\" \/>\n<meta property=\"og:image\" content=\"https:\/\/skaitytaknyga.lt\/wp-content\/uploads\/2024\/07\/skaitytaknyga.png\" \/>\n\t<meta property=\"og:image:width\" content=\"747\" \/>\n\t<meta property=\"og:image:height\" content=\"496\" \/>\n\t<meta property=\"og:image:type\" content=\"image\/png\" \/>\n<meta name=\"twitter:card\" content=\"summary_large_image\" \/>\n<meta name=\"twitter:label1\" content=\"Estimated reading time\" \/>\n\t<meta name=\"twitter:data1\" content=\"1 minute\" \/>\n<script type=\"application\/ld+json\" class=\"yoast-schema-graph\">{\"@context\":\"https:\/\/schema.org\",\"@graph\":[{\"@type\":\"WebPage\",\"@id\":\"https:\/\/skaitytaknyga.lt\/produktas\/bylininkai\/\",\"url\":\"https:\/\/skaitytaknyga.lt\/produktas\/bylininkai\/\",\"name\":\"Bylininkai\",\"isPartOf\":{\"@id\":\"https:\/\/skaitytaknyga.lt\/#website\"},\"datePublished\":\"2026-02-27T10:03:26+00:00\",\"dateModified\":\"2026-03-05T11:05:34+00:00\",\"description\":\"\u201eBylininkai\u201c \u2013 be galo \u012fdomus, siautulingas romanas, kupinas ironijos ir satyros, nukreiptos \u012f teisiniams procesams b\u016bdingus korupcinius susitarimus,\",\"breadcrumb\":{\"@id\":\"https:\/\/skaitytaknyga.lt\/produktas\/bylininkai\/#breadcrumb\"},\"inLanguage\":\"en-GB\",\"potentialAction\":[{\"@type\":\"ReadAction\",\"target\":[\"https:\/\/skaitytaknyga.lt\/produktas\/bylininkai\/\"]}]},{\"@type\":\"BreadcrumbList\",\"@id\":\"https:\/\/skaitytaknyga.lt\/produktas\/bylininkai\/#breadcrumb\",\"itemListElement\":[{\"@type\":\"ListItem\",\"position\":1,\"name\":\"Home\",\"item\":\"https:\/\/skaitytaknyga.lt\/\"},{\"@type\":\"ListItem\",\"position\":2,\"name\":\"Parduotuv\u0117\",\"item\":\"https:\/\/skaitytaknyga.lt\/knygu-parduotuve\/\"},{\"@type\":\"ListItem\",\"position\":3,\"name\":\"Bylininkai\"}]},{\"@type\":\"WebSite\",\"@id\":\"https:\/\/skaitytaknyga.lt\/#website\",\"url\":\"https:\/\/skaitytaknyga.lt\/\",\"name\":\"skaitytaknyga.lt\",\"description\":\"Skaitytaknyga.lt \u2013 tai ma\u017eas \u0161eimos verslas, kuris prasid\u0117jo nuo meil\u0117s knygoms ir siekio i\u0161gelb\u0117ti knygas nuo likimo prie konteinerio. Kas vienam nereikalingas daiktas \u2013 kitam lobis, o mes esame tarpininkai, kurie padeda abiems tapti laimingesniems ???? \u017dinome kaip nelengva i\u0161gyventi ma\u017eiems verslams, tad nuo \u0161iol, \u010dia rasite ir kit\u0173, ma\u017e\u0173 \u0161eim\u0173 versl\u0173, rank\u0173 darbo, dovan\u0173 sau ir artimiesiems.\",\"publisher\":{\"@id\":\"https:\/\/skaitytaknyga.lt\/#organization\"},\"potentialAction\":[{\"@type\":\"SearchAction\",\"target\":{\"@type\":\"EntryPoint\",\"urlTemplate\":\"https:\/\/skaitytaknyga.lt\/?s={search_term_string}\"},\"query-input\":{\"@type\":\"PropertyValueSpecification\",\"valueRequired\":true,\"valueName\":\"search_term_string\"}}],\"inLanguage\":\"en-GB\"},{\"@type\":\"Organization\",\"@id\":\"https:\/\/skaitytaknyga.lt\/#organization\",\"name\":\"skaitytaknyga.lt\",\"url\":\"https:\/\/skaitytaknyga.lt\/\",\"logo\":{\"@type\":\"ImageObject\",\"inLanguage\":\"en-GB\",\"@id\":\"https:\/\/skaitytaknyga.lt\/#\/schema\/logo\/image\/\",\"url\":\"https:\/\/skaitytaknyga.lt\/wp-content\/uploads\/2024\/05\/cropped-cropped-cropped-02_00843_jt3bggkj1j3HLc7SyY6rEUpg.jpeg\",\"contentUrl\":\"https:\/\/skaitytaknyga.lt\/wp-content\/uploads\/2024\/05\/cropped-cropped-cropped-02_00843_jt3bggkj1j3HLc7SyY6rEUpg.jpeg\",\"width\":1600,\"height\":1600,\"caption\":\"skaitytaknyga.lt\"},\"image\":{\"@id\":\"https:\/\/skaitytaknyga.lt\/#\/schema\/logo\/image\/\"},\"sameAs\":[\"https:\/\/www.facebook.com\/skaitytaknyga\/\"]}]}<\/script>\n<!-- \/ Yoast SEO plugin. -->","yoast_head_json":{"title":"Bylininkai","description":"\u201eBylininkai\u201c \u2013 be galo \u012fdomus, siautulingas romanas, kupinas ironijos ir satyros, nukreiptos \u012f teisiniams procesams b\u016bdingus korupcinius susitarimus,","robots":{"index":"index","follow":"follow","max-snippet":"max-snippet:-1","max-image-preview":"max-image-preview:large","max-video-preview":"max-video-preview:-1"},"canonical":"https:\/\/skaitytaknyga.lt\/en\/produktas\/bylininkai\/","og_locale":"en_GB","og_type":"article","og_title":"[:lt]Bylininkai[:] - Skaitytaknyga","og_description":"\u201eBylininkai\u201c \u2013 be galo \u012fdomus, siautulingas romanas, kupinas ironijos ir satyros, nukreiptos \u012f teisiniams procesams b\u016bdingus korupcinius susitarimus,","og_url":"https:\/\/skaitytaknyga.lt\/en\/produktas\/bylininkai\/","og_site_name":"Skaitytaknyga","article_publisher":"https:\/\/www.facebook.com\/skaitytaknyga\/","article_modified_time":"2026-03-05T11:05:34+00:00","og_image":[{"width":747,"height":496,"url":"https:\/\/skaitytaknyga.lt\/wp-content\/uploads\/2024\/07\/skaitytaknyga.png","type":"image\/png"}],"twitter_card":"summary_large_image","twitter_misc":{"Estimated reading time":"1 minute"},"schema":{"@context":"https:\/\/schema.org","@graph":[{"@type":"WebPage","@id":"https:\/\/skaitytaknyga.lt\/produktas\/bylininkai\/","url":"https:\/\/skaitytaknyga.lt\/produktas\/bylininkai\/","name":"Bylininkai","isPartOf":{"@id":"https:\/\/skaitytaknyga.lt\/#website"},"datePublished":"2026-02-27T10:03:26+00:00","dateModified":"2026-03-05T11:05:34+00:00","description":"\u201eBylininkai\u201c \u2013 be galo \u012fdomus, siautulingas romanas, kupinas ironijos ir satyros, nukreiptos \u012f teisiniams procesams b\u016bdingus korupcinius susitarimus,","breadcrumb":{"@id":"https:\/\/skaitytaknyga.lt\/produktas\/bylininkai\/#breadcrumb"},"inLanguage":"en-GB","potentialAction":[{"@type":"ReadAction","target":["https:\/\/skaitytaknyga.lt\/produktas\/bylininkai\/"]}]},{"@type":"BreadcrumbList","@id":"https:\/\/skaitytaknyga.lt\/produktas\/bylininkai\/#breadcrumb","itemListElement":[{"@type":"ListItem","position":1,"name":"Home","item":"https:\/\/skaitytaknyga.lt\/"},{"@type":"ListItem","position":2,"name":"Parduotuv\u0117","item":"https:\/\/skaitytaknyga.lt\/knygu-parduotuve\/"},{"@type":"ListItem","position":3,"name":"Bylininkai"}]},{"@type":"WebSite","@id":"https:\/\/skaitytaknyga.lt\/#website","url":"https:\/\/skaitytaknyga.lt\/","name":"skaitytaknyga.lt","description":"Skaitytaknyga.lt \u2013 tai ma\u017eas \u0161eimos verslas, kuris prasid\u0117jo nuo meil\u0117s knygoms ir siekio i\u0161gelb\u0117ti knygas nuo likimo prie konteinerio. Kas vienam nereikalingas daiktas \u2013 kitam lobis, o mes esame tarpininkai, kurie padeda abiems tapti laimingesniems ???? \u017dinome kaip nelengva i\u0161gyventi ma\u017eiems verslams, tad nuo \u0161iol, \u010dia rasite ir kit\u0173, ma\u017e\u0173 \u0161eim\u0173 versl\u0173, rank\u0173 darbo, dovan\u0173 sau ir artimiesiems.","publisher":{"@id":"https:\/\/skaitytaknyga.lt\/#organization"},"potentialAction":[{"@type":"SearchAction","target":{"@type":"EntryPoint","urlTemplate":"https:\/\/skaitytaknyga.lt\/?s={search_term_string}"},"query-input":{"@type":"PropertyValueSpecification","valueRequired":true,"valueName":"search_term_string"}}],"inLanguage":"en-GB"},{"@type":"Organization","@id":"https:\/\/skaitytaknyga.lt\/#organization","name":"skaitytaknyga.lt","url":"https:\/\/skaitytaknyga.lt\/","logo":{"@type":"ImageObject","inLanguage":"en-GB","@id":"https:\/\/skaitytaknyga.lt\/#\/schema\/logo\/image\/","url":"https:\/\/skaitytaknyga.lt\/wp-content\/uploads\/2024\/05\/cropped-cropped-cropped-02_00843_jt3bggkj1j3HLc7SyY6rEUpg.jpeg","contentUrl":"https:\/\/skaitytaknyga.lt\/wp-content\/uploads\/2024\/05\/cropped-cropped-cropped-02_00843_jt3bggkj1j3HLc7SyY6rEUpg.jpeg","width":1600,"height":1600,"caption":"skaitytaknyga.lt"},"image":{"@id":"https:\/\/skaitytaknyga.lt\/#\/schema\/logo\/image\/"},"sameAs":["https:\/\/www.facebook.com\/skaitytaknyga\/"]}]}},"_links":{"self":[{"href":"https:\/\/skaitytaknyga.lt\/en\/wp-json\/wp\/v2\/product\/23221","targetHints":{"allow":["GET"]}}],"collection":[{"href":"https:\/\/skaitytaknyga.lt\/en\/wp-json\/wp\/v2\/product"}],"about":[{"href":"https:\/\/skaitytaknyga.lt\/en\/wp-json\/wp\/v2\/types\/product"}],"replies":[{"embeddable":true,"href":"https:\/\/skaitytaknyga.lt\/en\/wp-json\/wp\/v2\/comments?post=23221"}],"wp:attachment":[{"href":"https:\/\/skaitytaknyga.lt\/en\/wp-json\/wp\/v2\/media?parent=23221"}],"wp:term":[{"taxonomy":"product_brand","embeddable":true,"href":"https:\/\/skaitytaknyga.lt\/en\/wp-json\/wp\/v2\/product_brand?post=23221"},{"taxonomy":"product_cat","embeddable":true,"href":"https:\/\/skaitytaknyga.lt\/en\/wp-json\/wp\/v2\/product_cat?post=23221"},{"taxonomy":"product_tag","embeddable":true,"href":"https:\/\/skaitytaknyga.lt\/en\/wp-json\/wp\/v2\/product_tag?post=23221"}],"curies":[{"name":"wp","href":"https:\/\/api.w.org\/{rel}","templated":true}]}}