{"id":23220,"date":"2026-02-27T12:03:26","date_gmt":"2026-02-27T10:03:26","guid":{"rendered":"https:\/\/skaitytaknyga.lt\/?post_type=product&#038;p=23220"},"modified":"2026-03-05T13:05:22","modified_gmt":"2026-03-05T11:05:22","slug":"zemas-slegis","status":"publish","type":"product","link":"https:\/\/skaitytaknyga.lt\/en\/produktas\/zemas-slegis\/","title":{"rendered":"\u017demas sl\u0117gis"},"content":{"rendered":"<p>Belamei Liston buvo vos dvylika, kai per bais\u0173 uragan\u0105 buvo nu\u017eudyta jos vyresnioji sesuo Suzana. Viesulas sunaikino visus \u012fkal\u010dius ir i\u0161 Belam\u0117s atminties i\u0161tryn\u0117 tikruosius tos dienos \u012fvykius.<\/p>\n<p>Pra\u0117jus a\u0161tuoniolikai met\u0173 Belam\u0117, remdamasi sesers nu\u017eudymo istorija, para\u0161o sensacing\u0105 roman\u0105. Saugodama \u0161eimos ramyb\u0119, pasira\u0161o pseudonimu, ta\u010diau vienas \u017eurnalistas i\u0161ai\u0161kina tikr\u0105j\u0105 Belam\u0117s pavard\u0119 ir j\u0105 pavie\u0161ina. Mergina netik\u0117tai atsiduria ne\u017einomo, ker\u0161to i\u0161tro\u0161kusio asmens taikinyje&#8230;<\/p>\n<p>Pakliuvus \u012f mirtin\u0105 pavoj\u0173 Belamei nelieka kito pasirinkimo, kaip tik i\u0161dr\u012fsti susitikti su praeities vaiduokliais. Padedama buvusio sesers vaikino Dento Karterio, ji ry\u017etasi atgaivinti atmint\u012f. I\u0161nyrantys prisiminimai atne\u0161a nauj\u0173, netik\u0117t\u0173 pavoj\u0173 ir ver\u010dia suabejoti brangiausiais \u017emon\u0117mis. Ta\u010diau Belam\u0117 ir Dentas neketina sustoti, kol suras tikr\u0105j\u012f Suzanos \u017eudik\u0105. \u017dinoma, jeigu tik jis nesmogs pirmas&#8230;<\/p>\n","protected":false},"excerpt":{"rendered":"<p>Belamei Liston buvo vos dvylika, kai per bais\u0173 uragan\u0105 buvo nu\u017eudyta jos vyresnioji sesuo Suzana. Viesulas sunaikino visus \u012fkal\u010dius ir i\u0161 Belam\u0117s atminties i\u0161tryn\u0117 tikruosius tos dienos \u012fvykius. Pra\u0117jus a\u0161tuoniolikai met\u0173 Belam\u0117, remdamasi sesers nu\u017eudymo istorija, para\u0161o sensacing\u0105 roman\u0105. Saugodama \u0161eimos ramyb\u0119, pasira\u0161o pseudonimu, ta\u010diau vienas \u017eurnalistas i\u0161ai\u0161kina tikr\u0105j\u0105 Belam\u0117s pavard\u0119 ir j\u0105 pavie\u0161ina. Mergina netik\u0117tai atsiduria ne\u017einomo, ker\u0161to i\u0161tro\u0161kusio asmens taikinyje&#8230; Pakliuvus \u012f mirtin\u0105 pavoj\u0173 Belamei nelieka kito pasirinkimo, kaip tik i\u0161dr\u012fsti susitikti su praeities vaiduokliais. Padedama buvusio sesers vaikino Dento Karterio, ji ry\u017etasi atgaivinti atmint\u012f. I\u0161nyrantys prisiminimai atne\u0161a nauj\u0173, netik\u0117t\u0173 pavoj\u0173 ir ver\u010dia suabejoti brangiausiais \u017emon\u0117mis. Ta\u010diau Belam\u0117 ir Dentas neketina sustoti, kol suras tikr\u0105j\u012f Suzanos \u017eudik\u0105. \u017dinoma, jeigu tik jis nesmogs pirmas&#8230;<\/p>\n","protected":false},"featured_media":23229,"comment_status":"open","ping_status":"closed","template":"","meta":{"_acf_changed":false,"site-sidebar-layout":"default","site-content-layout":"","ast-site-content-layout":"default","site-content-style":"default","site-sidebar-style":"default","ast-global-header-display":"","ast-banner-title-visibility":"","ast-main-header-display":"","ast-hfb-above-header-display":"","ast-hfb-below-header-display":"","ast-hfb-mobile-header-display":"","site-post-title":"","ast-breadcrumbs-content":"","ast-featured-img":"","footer-sml-layout":"","ast-disable-related-posts":"","theme-transparent-header-meta":"","adv-header-id-meta":"","stick-header-meta":"","header-above-stick-meta":"","header-main-stick-meta":"","header-below-stick-meta":"","astra-migrate-meta-layouts":"default","ast-page-background-enabled":"default","ast-page-background-meta":{"desktop":{"background-color":"","background-image":"","background-repeat":"repeat","background-position":"center center","background-size":"auto","background-attachment":"scroll","background-type":"","background-media":"","overlay-type":"","overlay-color":"","overlay-opacity":"","overlay-gradient":""},"tablet":{"background-color":"","background-image":"","background-repeat":"repeat","background-position":"center center","background-size":"auto","background-attachment":"scroll","background-type":"","background-media":"","overlay-type":"","overlay-color":"","overlay-opacity":"","overlay-gradient":""},"mobile":{"background-color":"","background-image":"","background-repeat":"repeat","background-position":"center center","background-size":"auto","background-attachment":"scroll","background-type":"","background-media":"","overlay-type":"","overlay-color":"","overlay-opacity":"","overlay-gradient":""}},"ast-content-background-meta":{"desktop":{"background-color":"var(--ast-global-color-4)","background-image":"","background-repeat":"repeat","background-position":"center center","background-size":"auto","background-attachment":"scroll","background-type":"","background-media":"","overlay-type":"","overlay-color":"","overlay-opacity":"","overlay-gradient":""},"tablet":{"background-color":"var(--ast-global-color-4)","background-image":"","background-repeat":"repeat","background-position":"center center","background-size":"auto","background-attachment":"scroll","background-type":"","background-media":"","overlay-type":"","overlay-color":"","overlay-opacity":"","overlay-gradient":""},"mobile":{"background-color":"var(--ast-global-color-4)","background-image":"","background-repeat":"repeat","background-position":"center center","background-size":"auto","background-attachment":"scroll","background-type":"","background-media":"","overlay-type":"","overlay-color":"","overlay-opacity":"","overlay-gradient":""}}},"product_brand":[],"product_cat":[9581],"product_tag":[9567],"class_list":{"0":"post-23220","1":"product","2":"type-product","3":"status-publish","4":"has-post-thumbnail","6":"product_cat-kriminaliniai-romanai","7":"product_tag-ltsandra-brown","8":"desktop-align-left","9":"tablet-align-left","10":"mobile-align-left","12":"first","13":"instock","14":"shipping-taxable","15":"purchasable","16":"product-type-simple"},"acf":[],"yoast_head":"<!-- This site is optimized with the Yoast SEO plugin v27.0 - https:\/\/yoast.com\/product\/yoast-seo-wordpress\/ -->\n<title>\u017demas sl\u0117gis<\/title>\n<meta name=\"description\" content=\"Belamei Liston buvo vos dvylika, kai per bais\u0173 uragan\u0105 buvo nu\u017eudyta jos vyresnioji sesuo Suzana. Viesulas sunaikino visus \u012fkal\u010dius ir i\u0161 Belam\u0117s\" \/>\n<meta name=\"robots\" content=\"index, follow, max-snippet:-1, max-image-preview:large, max-video-preview:-1\" \/>\n<link rel=\"canonical\" href=\"https:\/\/skaitytaknyga.lt\/en\/produktas\/zemas-slegis\/\" \/>\n<meta property=\"og:locale\" content=\"en_GB\" \/>\n<meta property=\"og:locale:alternate\" content=\"lt_LT\" \/>\n<meta property=\"og:type\" content=\"article\" \/>\n<meta property=\"og:title\" content=\"\u017demas sl\u0117gis\" \/>\n<meta property=\"og:description\" content=\"Belamei Liston buvo vos dvylika, kai per bais\u0173 uragan\u0105 buvo nu\u017eudyta jos vyresnioji sesuo Suzana. Viesulas sunaikino visus \u012fkal\u010dius ir i\u0161 Belam\u0117s\" \/>\n<meta property=\"og:url\" content=\"https:\/\/skaitytaknyga.lt\/en\/produktas\/zemas-slegis\/\" \/>\n<meta property=\"og:site_name\" content=\"Skaitytaknyga\" \/>\n<meta property=\"article:publisher\" content=\"https:\/\/www.facebook.com\/skaitytaknyga\/\" \/>\n<meta property=\"article:modified_time\" content=\"2026-03-05T11:05:22+00:00\" \/>\n<meta property=\"og:image\" content=\"https:\/\/skaitytaknyga.lt\/wp-content\/uploads\/2026\/02\/Zemas-slegis-1.webp\" \/>\n\t<meta property=\"og:image:width\" content=\"300\" \/>\n\t<meta property=\"og:image:height\" content=\"457\" \/>\n\t<meta property=\"og:image:type\" content=\"image\/webp\" \/>\n<meta name=\"twitter:card\" content=\"summary_large_image\" \/>\n<meta name=\"twitter:label1\" content=\"Estimated reading time\" \/>\n\t<meta name=\"twitter:data1\" content=\"1 minute\" \/>\n<script type=\"application\/ld+json\" class=\"yoast-schema-graph\">{\"@context\":\"https:\/\/schema.org\",\"@graph\":[{\"@type\":\"WebPage\",\"@id\":\"https:\/\/skaitytaknyga.lt\/produktas\/zemas-slegis\/\",\"url\":\"https:\/\/skaitytaknyga.lt\/produktas\/zemas-slegis\/\",\"name\":\"\u017demas sl\u0117gis\",\"isPartOf\":{\"@id\":\"https:\/\/skaitytaknyga.lt\/#website\"},\"primaryImageOfPage\":{\"@id\":\"https:\/\/skaitytaknyga.lt\/produktas\/zemas-slegis\/#primaryimage\"},\"image\":{\"@id\":\"https:\/\/skaitytaknyga.lt\/produktas\/zemas-slegis\/#primaryimage\"},\"thumbnailUrl\":\"https:\/\/skaitytaknyga.lt\/wp-content\/uploads\/2026\/02\/Zemas-slegis-1.webp\",\"datePublished\":\"2026-02-27T10:03:26+00:00\",\"dateModified\":\"2026-03-05T11:05:22+00:00\",\"description\":\"Belamei Liston buvo vos dvylika, kai per bais\u0173 uragan\u0105 buvo nu\u017eudyta jos vyresnioji sesuo Suzana. Viesulas sunaikino visus \u012fkal\u010dius ir i\u0161 Belam\u0117s\",\"breadcrumb\":{\"@id\":\"https:\/\/skaitytaknyga.lt\/produktas\/zemas-slegis\/#breadcrumb\"},\"inLanguage\":\"en-GB\",\"potentialAction\":[{\"@type\":\"ReadAction\",\"target\":[\"https:\/\/skaitytaknyga.lt\/produktas\/zemas-slegis\/\"]}]},{\"@type\":\"ImageObject\",\"inLanguage\":\"en-GB\",\"@id\":\"https:\/\/skaitytaknyga.lt\/produktas\/zemas-slegis\/#primaryimage\",\"url\":\"https:\/\/skaitytaknyga.lt\/wp-content\/uploads\/2026\/02\/Zemas-slegis-1.webp\",\"contentUrl\":\"https:\/\/skaitytaknyga.lt\/wp-content\/uploads\/2026\/02\/Zemas-slegis-1.webp\",\"width\":300,\"height\":457,\"caption\":\"\u017demas sl\u0117gis\"},{\"@type\":\"BreadcrumbList\",\"@id\":\"https:\/\/skaitytaknyga.lt\/produktas\/zemas-slegis\/#breadcrumb\",\"itemListElement\":[{\"@type\":\"ListItem\",\"position\":1,\"name\":\"Home\",\"item\":\"https:\/\/skaitytaknyga.lt\/\"},{\"@type\":\"ListItem\",\"position\":2,\"name\":\"Parduotuv\u0117\",\"item\":\"https:\/\/skaitytaknyga.lt\/knygu-parduotuve\/\"},{\"@type\":\"ListItem\",\"position\":3,\"name\":\"\u017demas sl\u0117gis\"}]},{\"@type\":\"WebSite\",\"@id\":\"https:\/\/skaitytaknyga.lt\/#website\",\"url\":\"https:\/\/skaitytaknyga.lt\/\",\"name\":\"skaitytaknyga.lt\",\"description\":\"Skaitytaknyga.lt \u2013 tai ma\u017eas \u0161eimos verslas, kuris prasid\u0117jo nuo meil\u0117s knygoms ir siekio i\u0161gelb\u0117ti knygas nuo likimo prie konteinerio. Kas vienam nereikalingas daiktas \u2013 kitam lobis, o mes esame tarpininkai, kurie padeda abiems tapti laimingesniems ???? \u017dinome kaip nelengva i\u0161gyventi ma\u017eiems verslams, tad nuo \u0161iol, \u010dia rasite ir kit\u0173, ma\u017e\u0173 \u0161eim\u0173 versl\u0173, rank\u0173 darbo, dovan\u0173 sau ir artimiesiems.\",\"publisher\":{\"@id\":\"https:\/\/skaitytaknyga.lt\/#organization\"},\"potentialAction\":[{\"@type\":\"SearchAction\",\"target\":{\"@type\":\"EntryPoint\",\"urlTemplate\":\"https:\/\/skaitytaknyga.lt\/?s={search_term_string}\"},\"query-input\":{\"@type\":\"PropertyValueSpecification\",\"valueRequired\":true,\"valueName\":\"search_term_string\"}}],\"inLanguage\":\"en-GB\"},{\"@type\":\"Organization\",\"@id\":\"https:\/\/skaitytaknyga.lt\/#organization\",\"name\":\"skaitytaknyga.lt\",\"url\":\"https:\/\/skaitytaknyga.lt\/\",\"logo\":{\"@type\":\"ImageObject\",\"inLanguage\":\"en-GB\",\"@id\":\"https:\/\/skaitytaknyga.lt\/#\/schema\/logo\/image\/\",\"url\":\"https:\/\/skaitytaknyga.lt\/wp-content\/uploads\/2024\/05\/cropped-cropped-cropped-02_00843_jt3bggkj1j3HLc7SyY6rEUpg.jpeg\",\"contentUrl\":\"https:\/\/skaitytaknyga.lt\/wp-content\/uploads\/2024\/05\/cropped-cropped-cropped-02_00843_jt3bggkj1j3HLc7SyY6rEUpg.jpeg\",\"width\":1600,\"height\":1600,\"caption\":\"skaitytaknyga.lt\"},\"image\":{\"@id\":\"https:\/\/skaitytaknyga.lt\/#\/schema\/logo\/image\/\"},\"sameAs\":[\"https:\/\/www.facebook.com\/skaitytaknyga\/\"]}]}<\/script>\n<!-- \/ Yoast SEO plugin. -->","yoast_head_json":{"title":"\u017demas sl\u0117gis","description":"Belamei Liston buvo vos dvylika, kai per bais\u0173 uragan\u0105 buvo nu\u017eudyta jos vyresnioji sesuo Suzana. Viesulas sunaikino visus \u012fkal\u010dius ir i\u0161 Belam\u0117s","robots":{"index":"index","follow":"follow","max-snippet":"max-snippet:-1","max-image-preview":"max-image-preview:large","max-video-preview":"max-video-preview:-1"},"canonical":"https:\/\/skaitytaknyga.lt\/en\/produktas\/zemas-slegis\/","og_locale":"en_GB","og_type":"article","og_title":"[:lt]\u017demas sl\u0117gis[:] - Skaitytaknyga","og_description":"Belamei Liston buvo vos dvylika, kai per bais\u0173 uragan\u0105 buvo nu\u017eudyta jos vyresnioji sesuo Suzana. Viesulas sunaikino visus \u012fkal\u010dius ir i\u0161 Belam\u0117s","og_url":"https:\/\/skaitytaknyga.lt\/en\/produktas\/zemas-slegis\/","og_site_name":"Skaitytaknyga","article_publisher":"https:\/\/www.facebook.com\/skaitytaknyga\/","article_modified_time":"2026-03-05T11:05:22+00:00","og_image":[{"width":300,"height":457,"url":"https:\/\/skaitytaknyga.lt\/wp-content\/uploads\/2026\/02\/Zemas-slegis-1.webp","type":"image\/webp"}],"twitter_card":"summary_large_image","twitter_misc":{"Estimated reading time":"1 minute"},"schema":{"@context":"https:\/\/schema.org","@graph":[{"@type":"WebPage","@id":"https:\/\/skaitytaknyga.lt\/produktas\/zemas-slegis\/","url":"https:\/\/skaitytaknyga.lt\/produktas\/zemas-slegis\/","name":"\u017demas sl\u0117gis","isPartOf":{"@id":"https:\/\/skaitytaknyga.lt\/#website"},"primaryImageOfPage":{"@id":"https:\/\/skaitytaknyga.lt\/produktas\/zemas-slegis\/#primaryimage"},"image":{"@id":"https:\/\/skaitytaknyga.lt\/produktas\/zemas-slegis\/#primaryimage"},"thumbnailUrl":"https:\/\/skaitytaknyga.lt\/wp-content\/uploads\/2026\/02\/Zemas-slegis-1.webp","datePublished":"2026-02-27T10:03:26+00:00","dateModified":"2026-03-05T11:05:22+00:00","description":"Belamei Liston buvo vos dvylika, kai per bais\u0173 uragan\u0105 buvo nu\u017eudyta jos vyresnioji sesuo Suzana. Viesulas sunaikino visus \u012fkal\u010dius ir i\u0161 Belam\u0117s","breadcrumb":{"@id":"https:\/\/skaitytaknyga.lt\/produktas\/zemas-slegis\/#breadcrumb"},"inLanguage":"en-GB","potentialAction":[{"@type":"ReadAction","target":["https:\/\/skaitytaknyga.lt\/produktas\/zemas-slegis\/"]}]},{"@type":"ImageObject","inLanguage":"en-GB","@id":"https:\/\/skaitytaknyga.lt\/produktas\/zemas-slegis\/#primaryimage","url":"https:\/\/skaitytaknyga.lt\/wp-content\/uploads\/2026\/02\/Zemas-slegis-1.webp","contentUrl":"https:\/\/skaitytaknyga.lt\/wp-content\/uploads\/2026\/02\/Zemas-slegis-1.webp","width":300,"height":457,"caption":"\u017demas sl\u0117gis"},{"@type":"BreadcrumbList","@id":"https:\/\/skaitytaknyga.lt\/produktas\/zemas-slegis\/#breadcrumb","itemListElement":[{"@type":"ListItem","position":1,"name":"Home","item":"https:\/\/skaitytaknyga.lt\/"},{"@type":"ListItem","position":2,"name":"Parduotuv\u0117","item":"https:\/\/skaitytaknyga.lt\/knygu-parduotuve\/"},{"@type":"ListItem","position":3,"name":"\u017demas sl\u0117gis"}]},{"@type":"WebSite","@id":"https:\/\/skaitytaknyga.lt\/#website","url":"https:\/\/skaitytaknyga.lt\/","name":"skaitytaknyga.lt","description":"Skaitytaknyga.lt \u2013 tai ma\u017eas \u0161eimos verslas, kuris prasid\u0117jo nuo meil\u0117s knygoms ir siekio i\u0161gelb\u0117ti knygas nuo likimo prie konteinerio. Kas vienam nereikalingas daiktas \u2013 kitam lobis, o mes esame tarpininkai, kurie padeda abiems tapti laimingesniems ???? \u017dinome kaip nelengva i\u0161gyventi ma\u017eiems verslams, tad nuo \u0161iol, \u010dia rasite ir kit\u0173, ma\u017e\u0173 \u0161eim\u0173 versl\u0173, rank\u0173 darbo, dovan\u0173 sau ir artimiesiems.","publisher":{"@id":"https:\/\/skaitytaknyga.lt\/#organization"},"potentialAction":[{"@type":"SearchAction","target":{"@type":"EntryPoint","urlTemplate":"https:\/\/skaitytaknyga.lt\/?s={search_term_string}"},"query-input":{"@type":"PropertyValueSpecification","valueRequired":true,"valueName":"search_term_string"}}],"inLanguage":"en-GB"},{"@type":"Organization","@id":"https:\/\/skaitytaknyga.lt\/#organization","name":"skaitytaknyga.lt","url":"https:\/\/skaitytaknyga.lt\/","logo":{"@type":"ImageObject","inLanguage":"en-GB","@id":"https:\/\/skaitytaknyga.lt\/#\/schema\/logo\/image\/","url":"https:\/\/skaitytaknyga.lt\/wp-content\/uploads\/2024\/05\/cropped-cropped-cropped-02_00843_jt3bggkj1j3HLc7SyY6rEUpg.jpeg","contentUrl":"https:\/\/skaitytaknyga.lt\/wp-content\/uploads\/2024\/05\/cropped-cropped-cropped-02_00843_jt3bggkj1j3HLc7SyY6rEUpg.jpeg","width":1600,"height":1600,"caption":"skaitytaknyga.lt"},"image":{"@id":"https:\/\/skaitytaknyga.lt\/#\/schema\/logo\/image\/"},"sameAs":["https:\/\/www.facebook.com\/skaitytaknyga\/"]}]}},"_links":{"self":[{"href":"https:\/\/skaitytaknyga.lt\/en\/wp-json\/wp\/v2\/product\/23220","targetHints":{"allow":["GET"]}}],"collection":[{"href":"https:\/\/skaitytaknyga.lt\/en\/wp-json\/wp\/v2\/product"}],"about":[{"href":"https:\/\/skaitytaknyga.lt\/en\/wp-json\/wp\/v2\/types\/product"}],"replies":[{"embeddable":true,"href":"https:\/\/skaitytaknyga.lt\/en\/wp-json\/wp\/v2\/comments?post=23220"}],"wp:featuredmedia":[{"embeddable":true,"href":"https:\/\/skaitytaknyga.lt\/en\/wp-json\/wp\/v2\/media\/23229"}],"wp:attachment":[{"href":"https:\/\/skaitytaknyga.lt\/en\/wp-json\/wp\/v2\/media?parent=23220"}],"wp:term":[{"taxonomy":"product_brand","embeddable":true,"href":"https:\/\/skaitytaknyga.lt\/en\/wp-json\/wp\/v2\/product_brand?post=23220"},{"taxonomy":"product_cat","embeddable":true,"href":"https:\/\/skaitytaknyga.lt\/en\/wp-json\/wp\/v2\/product_cat?post=23220"},{"taxonomy":"product_tag","embeddable":true,"href":"https:\/\/skaitytaknyga.lt\/en\/wp-json\/wp\/v2\/product_tag?post=23220"}],"curies":[{"name":"wp","href":"https:\/\/api.w.org\/{rel}","templated":true}]}}