{"id":2322,"date":"2024-04-17T13:07:43","date_gmt":"2024-04-17T13:07:43","guid":{"rendered":"https:\/\/skaitytaknyga.lt\/?post_type=product&#038;p=2322"},"modified":"2024-07-16T15:10:42","modified_gmt":"2024-07-16T12:10:42","slug":"raisas-elnias-regejimu-ieskotojas","status":"publish","type":"product","link":"https:\/\/skaitytaknyga.lt\/en\/produktas\/raisas-elnias-regejimu-ieskotojas\/","title":{"rendered":"Rai\u0161as elnias. Reg\u0117jim\u0173 ie\u0161kotojas"},"content":{"rendered":"<p>Knygoje\u00a0\u201eRai\u0161as elnias\u201c\u00a0 \u0160iaur\u0117s Amerikos ind\u0117n\u0173 sij\u0173 genties palikuonio \u0161amano\u00a0Rai\u0161o Elnio\u00a0l\u016bpomis pasakojama apie ind\u0117n\u0173 gyvenimo kasdienyb\u0119, papro\u010dius, religij\u0105, kult\u016br\u0105, istorin\u012f likim\u0105.<\/p>\n<p>Savo kailiu patyr\u0119s du skirtingus gyvenimo b\u016bdus \u2013 civilizuot\u0105 amerikieti\u0161k\u0105j\u012f ir nat\u016bral\u0173 ind\u0117ni\u0161k\u0105j\u012f, juos lygindamas\u00a0Rai\u0161as Elnias\u00a0bes\u0105lygi\u0161kai pripa\u017e\u012fsta nat\u016bralaus, dvasingo, moralaus ind\u0117n\u0173 gyvenimo b\u016bdo prana\u0161um\u0105 ir su ironija ir li\u016bdesiu kalba apie neigiamas dabartin\u0117s civilizuotos visuomen\u0117s tendencijas: nutolim\u0105 nuo gamtos, beatodairi\u0161k\u0105 jos niokojim\u0105, pernelyg didel\u012f sumaterial\u0117jim\u0105 ir technologij\u0173 kult\u0105, u\u017ego\u017eiant\u012f tiesiogin\u012f s\u0105lyt\u012f su pasauliu, skatinant\u012f vartotoji\u0161k\u0105 po\u017ei\u016br\u012f, susvetim\u0117jim\u0105.<\/p>\n<p>Tod\u0117l Rai\u0161as Elnias ragina atsitok\u0117ti, \u201eu\u017euosti, paliesti, pajusti\u201c pasaul\u012f, suvokti, kad naikindamas gamt\u0105 \u017emogus naikina ir pat\u012f save, taip pat nepamir\u0161ti, kad \u017emogus turi ir dvasin\u012f prad\u0105.<\/p>\n","protected":false},"excerpt":{"rendered":"<p>Knygoje\u00a0\u201eRai\u0161as elnias\u201c\u00a0 \u0160iaur\u0117s Amerikos ind\u0117n\u0173 sij\u0173 genties palikuonio \u0161amano\u00a0Rai\u0161o Elnio\u00a0l\u016bpomis pasakojama apie ind\u0117n\u0173 gyvenimo kasdienyb\u0119, papro\u010dius, religij\u0105, kult\u016br\u0105, istorin\u012f likim\u0105. Savo kailiu patyr\u0119s du skirtingus gyvenimo b\u016bdus \u2013 civilizuot\u0105 amerikieti\u0161k\u0105j\u012f ir nat\u016bral\u0173 ind\u0117ni\u0161k\u0105j\u012f, juos lygindamas\u00a0Rai\u0161as Elnias\u00a0bes\u0105lygi\u0161kai pripa\u017e\u012fsta nat\u016bralaus, dvasingo, moralaus ind\u0117n\u0173 gyvenimo b\u016bdo prana\u0161um\u0105 ir su ironija ir li\u016bdesiu kalba apie neigiamas dabartin\u0117s civilizuotos visuomen\u0117s tendencijas: nutolim\u0105 nuo gamtos, beatodairi\u0161k\u0105 jos niokojim\u0105, pernelyg didel\u012f sumaterial\u0117jim\u0105 ir technologij\u0173 kult\u0105, u\u017ego\u017eiant\u012f tiesiogin\u012f s\u0105lyt\u012f su pasauliu, skatinant\u012f vartotoji\u0161k\u0105 po\u017ei\u016br\u012f, susvetim\u0117jim\u0105. Tod\u0117l Rai\u0161as Elnias ragina atsitok\u0117ti, \u201eu\u017euosti, paliesti, pajusti\u201c pasaul\u012f, suvokti, kad naikindamas gamt\u0105 \u017emogus naikina ir pat\u012f save, taip pat nepamir\u0161ti, kad \u017emogus turi ir dvasin\u012f prad\u0105.<\/p>\n","protected":false},"featured_media":2371,"comment_status":"closed","ping_status":"closed","template":"","meta":{"_acf_changed":false,"site-sidebar-layout":"default","site-content-layout":"","ast-site-content-layout":"default","site-content-style":"default","site-sidebar-style":"default","ast-global-header-display":"","ast-banner-title-visibility":"","ast-main-header-display":"","ast-hfb-above-header-display":"","ast-hfb-below-header-display":"","ast-hfb-mobile-header-display":"","site-post-title":"","ast-breadcrumbs-content":"","ast-featured-img":"","footer-sml-layout":"","ast-disable-related-posts":"","theme-transparent-header-meta":"","adv-header-id-meta":"","stick-header-meta":"","header-above-stick-meta":"","header-main-stick-meta":"","header-below-stick-meta":"","astra-migrate-meta-layouts":"default","ast-page-background-enabled":"default","ast-page-background-meta":{"desktop":{"background-color":"","background-image":"","background-repeat":"repeat","background-position":"center center","background-size":"auto","background-attachment":"scroll","background-type":"","background-media":"","overlay-type":"","overlay-color":"","overlay-opacity":"","overlay-gradient":""},"tablet":{"background-color":"","background-image":"","background-repeat":"repeat","background-position":"center center","background-size":"auto","background-attachment":"scroll","background-type":"","background-media":"","overlay-type":"","overlay-color":"","overlay-opacity":"","overlay-gradient":""},"mobile":{"background-color":"","background-image":"","background-repeat":"repeat","background-position":"center center","background-size":"auto","background-attachment":"scroll","background-type":"","background-media":"","overlay-type":"","overlay-color":"","overlay-opacity":"","overlay-gradient":""}},"ast-content-background-meta":{"desktop":{"background-color":"var(--ast-global-color-4)","background-image":"","background-repeat":"repeat","background-position":"center center","background-size":"auto","background-attachment":"scroll","background-type":"","background-media":"","overlay-type":"","overlay-color":"","overlay-opacity":"","overlay-gradient":""},"tablet":{"background-color":"var(--ast-global-color-4)","background-image":"","background-repeat":"repeat","background-position":"center center","background-size":"auto","background-attachment":"scroll","background-type":"","background-media":"","overlay-type":"","overlay-color":"","overlay-opacity":"","overlay-gradient":""},"mobile":{"background-color":"var(--ast-global-color-4)","background-image":"","background-repeat":"repeat","background-position":"center center","background-size":"auto","background-attachment":"scroll","background-type":"","background-media":"","overlay-type":"","overlay-color":"","overlay-opacity":"","overlay-gradient":""}}},"product_brand":[],"product_cat":[174],"product_tag":[],"class_list":{"0":"post-2322","1":"product","2":"type-product","3":"status-publish","4":"has-post-thumbnail","6":"product_cat-istorija-ir-politologija","7":"desktop-align-left","8":"tablet-align-left","9":"mobile-align-left","11":"first","12":"outofstock","13":"shipping-taxable","14":"purchasable","15":"product-type-simple"},"acf":[],"yoast_head":"<!-- This site is optimized with the Yoast SEO plugin v27.0 - https:\/\/yoast.com\/product\/yoast-seo-wordpress\/ -->\n<title>Rai\u0161as elnias. Reg\u0117jim\u0173 ie\u0161kotojas<\/title>\n<meta name=\"description\" content=\"Knygoje\u00a0\u201eRai\u0161as elnias\u201c\u00a0 \u0160iaur\u0117s Amerikos ind\u0117n\u0173 sij\u0173 genties palikuonio \u0161amano\u00a0Rai\u0161o Elnio\u00a0l\u016bpomis pasakojama apie ind\u0117n\u0173 gyvenimo kasdienyb\u0119, papro\u010dius,\" \/>\n<meta name=\"robots\" content=\"index, follow, max-snippet:-1, max-image-preview:large, max-video-preview:-1\" \/>\n<link rel=\"canonical\" href=\"https:\/\/skaitytaknyga.lt\/en\/produktas\/raisas-elnias-regejimu-ieskotojas\/\" \/>\n<meta property=\"og:locale\" content=\"en_GB\" \/>\n<meta property=\"og:locale:alternate\" content=\"lt_LT\" \/>\n<meta property=\"og:type\" content=\"article\" \/>\n<meta property=\"og:title\" content=\"Rai\u0161as elnias. Reg\u0117jim\u0173 ie\u0161kotojas\" \/>\n<meta property=\"og:description\" content=\"Knygoje\u00a0\u201eRai\u0161as elnias\u201c\u00a0 \u0160iaur\u0117s Amerikos ind\u0117n\u0173 sij\u0173 genties palikuonio \u0161amano\u00a0Rai\u0161o Elnio\u00a0l\u016bpomis pasakojama apie ind\u0117n\u0173 gyvenimo kasdienyb\u0119, papro\u010dius,\" \/>\n<meta property=\"og:url\" content=\"https:\/\/skaitytaknyga.lt\/en\/produktas\/raisas-elnias-regejimu-ieskotojas\/\" \/>\n<meta property=\"og:site_name\" content=\"Skaitytaknyga\" \/>\n<meta property=\"article:publisher\" content=\"https:\/\/www.facebook.com\/skaitytaknyga\/\" \/>\n<meta property=\"article:modified_time\" content=\"2024-07-16T12:10:42+00:00\" \/>\n<meta property=\"og:image\" content=\"https:\/\/skaitytaknyga.lt\/wp-content\/uploads\/2024\/04\/1462886541_img370.jpg\" \/>\n\t<meta property=\"og:image:width\" content=\"269\" \/>\n\t<meta property=\"og:image:height\" content=\"430\" \/>\n\t<meta property=\"og:image:type\" content=\"image\/jpeg\" \/>\n<meta name=\"twitter:card\" content=\"summary_large_image\" \/>\n<meta name=\"twitter:label1\" content=\"Estimated reading time\" \/>\n\t<meta name=\"twitter:data1\" content=\"1 minute\" \/>\n<script type=\"application\/ld+json\" class=\"yoast-schema-graph\">{\"@context\":\"https:\/\/schema.org\",\"@graph\":[{\"@type\":\"WebPage\",\"@id\":\"https:\/\/skaitytaknyga.lt\/produktas\/raisas-elnias-regejimu-ieskotojas\/\",\"url\":\"https:\/\/skaitytaknyga.lt\/produktas\/raisas-elnias-regejimu-ieskotojas\/\",\"name\":\"Rai\u0161as elnias. Reg\u0117jim\u0173 ie\u0161kotojas\",\"isPartOf\":{\"@id\":\"https:\/\/skaitytaknyga.lt\/#website\"},\"primaryImageOfPage\":{\"@id\":\"https:\/\/skaitytaknyga.lt\/produktas\/raisas-elnias-regejimu-ieskotojas\/#primaryimage\"},\"image\":{\"@id\":\"https:\/\/skaitytaknyga.lt\/produktas\/raisas-elnias-regejimu-ieskotojas\/#primaryimage\"},\"thumbnailUrl\":\"https:\/\/skaitytaknyga.lt\/wp-content\/uploads\/2024\/04\/1462886541_img370.jpg\",\"datePublished\":\"2024-04-17T13:07:43+00:00\",\"dateModified\":\"2024-07-16T12:10:42+00:00\",\"description\":\"Knygoje\u00a0\u201eRai\u0161as elnias\u201c\u00a0 \u0160iaur\u0117s Amerikos ind\u0117n\u0173 sij\u0173 genties palikuonio \u0161amano\u00a0Rai\u0161o Elnio\u00a0l\u016bpomis pasakojama apie ind\u0117n\u0173 gyvenimo kasdienyb\u0119, papro\u010dius,\",\"breadcrumb\":{\"@id\":\"https:\/\/skaitytaknyga.lt\/produktas\/raisas-elnias-regejimu-ieskotojas\/#breadcrumb\"},\"inLanguage\":\"en-GB\",\"potentialAction\":[{\"@type\":\"ReadAction\",\"target\":[\"https:\/\/skaitytaknyga.lt\/produktas\/raisas-elnias-regejimu-ieskotojas\/\"]}]},{\"@type\":\"ImageObject\",\"inLanguage\":\"en-GB\",\"@id\":\"https:\/\/skaitytaknyga.lt\/produktas\/raisas-elnias-regejimu-ieskotojas\/#primaryimage\",\"url\":\"https:\/\/skaitytaknyga.lt\/wp-content\/uploads\/2024\/04\/1462886541_img370.jpg\",\"contentUrl\":\"https:\/\/skaitytaknyga.lt\/wp-content\/uploads\/2024\/04\/1462886541_img370.jpg\",\"width\":269,\"height\":430,\"caption\":\"1462886541 img370\"},{\"@type\":\"BreadcrumbList\",\"@id\":\"https:\/\/skaitytaknyga.lt\/produktas\/raisas-elnias-regejimu-ieskotojas\/#breadcrumb\",\"itemListElement\":[{\"@type\":\"ListItem\",\"position\":1,\"name\":\"Home\",\"item\":\"https:\/\/skaitytaknyga.lt\/\"},{\"@type\":\"ListItem\",\"position\":2,\"name\":\"Parduotuv\u0117\",\"item\":\"https:\/\/skaitytaknyga.lt\/knygu-parduotuve\/\"},{\"@type\":\"ListItem\",\"position\":3,\"name\":\"Rai\u0161as elnias. Reg\u0117jim\u0173 ie\u0161kotojas\"}]},{\"@type\":\"WebSite\",\"@id\":\"https:\/\/skaitytaknyga.lt\/#website\",\"url\":\"https:\/\/skaitytaknyga.lt\/\",\"name\":\"skaitytaknyga.lt\",\"description\":\"Skaitytaknyga.lt \u2013 tai ma\u017eas \u0161eimos verslas, kuris prasid\u0117jo nuo meil\u0117s knygoms ir siekio i\u0161gelb\u0117ti knygas nuo likimo prie konteinerio. Kas vienam nereikalingas daiktas \u2013 kitam lobis, o mes esame tarpininkai, kurie padeda abiems tapti laimingesniems ???? \u017dinome kaip nelengva i\u0161gyventi ma\u017eiems verslams, tad nuo \u0161iol, \u010dia rasite ir kit\u0173, ma\u017e\u0173 \u0161eim\u0173 versl\u0173, rank\u0173 darbo, dovan\u0173 sau ir artimiesiems.\",\"publisher\":{\"@id\":\"https:\/\/skaitytaknyga.lt\/#organization\"},\"potentialAction\":[{\"@type\":\"SearchAction\",\"target\":{\"@type\":\"EntryPoint\",\"urlTemplate\":\"https:\/\/skaitytaknyga.lt\/?s={search_term_string}\"},\"query-input\":{\"@type\":\"PropertyValueSpecification\",\"valueRequired\":true,\"valueName\":\"search_term_string\"}}],\"inLanguage\":\"en-GB\"},{\"@type\":\"Organization\",\"@id\":\"https:\/\/skaitytaknyga.lt\/#organization\",\"name\":\"skaitytaknyga.lt\",\"url\":\"https:\/\/skaitytaknyga.lt\/\",\"logo\":{\"@type\":\"ImageObject\",\"inLanguage\":\"en-GB\",\"@id\":\"https:\/\/skaitytaknyga.lt\/#\/schema\/logo\/image\/\",\"url\":\"https:\/\/skaitytaknyga.lt\/wp-content\/uploads\/2024\/05\/cropped-cropped-cropped-02_00843_jt3bggkj1j3HLc7SyY6rEUpg.jpeg\",\"contentUrl\":\"https:\/\/skaitytaknyga.lt\/wp-content\/uploads\/2024\/05\/cropped-cropped-cropped-02_00843_jt3bggkj1j3HLc7SyY6rEUpg.jpeg\",\"width\":1600,\"height\":1600,\"caption\":\"skaitytaknyga.lt\"},\"image\":{\"@id\":\"https:\/\/skaitytaknyga.lt\/#\/schema\/logo\/image\/\"},\"sameAs\":[\"https:\/\/www.facebook.com\/skaitytaknyga\/\"]}]}<\/script>\n<!-- \/ Yoast SEO plugin. -->","yoast_head_json":{"title":"Rai\u0161as elnias. Reg\u0117jim\u0173 ie\u0161kotojas","description":"Knygoje\u00a0\u201eRai\u0161as elnias\u201c\u00a0 \u0160iaur\u0117s Amerikos ind\u0117n\u0173 sij\u0173 genties palikuonio \u0161amano\u00a0Rai\u0161o Elnio\u00a0l\u016bpomis pasakojama apie ind\u0117n\u0173 gyvenimo kasdienyb\u0119, papro\u010dius,","robots":{"index":"index","follow":"follow","max-snippet":"max-snippet:-1","max-image-preview":"max-image-preview:large","max-video-preview":"max-video-preview:-1"},"canonical":"https:\/\/skaitytaknyga.lt\/en\/produktas\/raisas-elnias-regejimu-ieskotojas\/","og_locale":"en_GB","og_type":"article","og_title":"[:lt]Rai\u0161as elnias. Reg\u0117jim\u0173 ie\u0161kotojas[:] - Skaitytaknyga","og_description":"Knygoje\u00a0\u201eRai\u0161as elnias\u201c\u00a0 \u0160iaur\u0117s Amerikos ind\u0117n\u0173 sij\u0173 genties palikuonio \u0161amano\u00a0Rai\u0161o Elnio\u00a0l\u016bpomis pasakojama apie ind\u0117n\u0173 gyvenimo kasdienyb\u0119, papro\u010dius,","og_url":"https:\/\/skaitytaknyga.lt\/en\/produktas\/raisas-elnias-regejimu-ieskotojas\/","og_site_name":"Skaitytaknyga","article_publisher":"https:\/\/www.facebook.com\/skaitytaknyga\/","article_modified_time":"2024-07-16T12:10:42+00:00","og_image":[{"width":269,"height":430,"url":"https:\/\/skaitytaknyga.lt\/wp-content\/uploads\/2024\/04\/1462886541_img370.jpg","type":"image\/jpeg"}],"twitter_card":"summary_large_image","twitter_misc":{"Estimated reading time":"1 minute"},"schema":{"@context":"https:\/\/schema.org","@graph":[{"@type":"WebPage","@id":"https:\/\/skaitytaknyga.lt\/produktas\/raisas-elnias-regejimu-ieskotojas\/","url":"https:\/\/skaitytaknyga.lt\/produktas\/raisas-elnias-regejimu-ieskotojas\/","name":"Rai\u0161as elnias. Reg\u0117jim\u0173 ie\u0161kotojas","isPartOf":{"@id":"https:\/\/skaitytaknyga.lt\/#website"},"primaryImageOfPage":{"@id":"https:\/\/skaitytaknyga.lt\/produktas\/raisas-elnias-regejimu-ieskotojas\/#primaryimage"},"image":{"@id":"https:\/\/skaitytaknyga.lt\/produktas\/raisas-elnias-regejimu-ieskotojas\/#primaryimage"},"thumbnailUrl":"https:\/\/skaitytaknyga.lt\/wp-content\/uploads\/2024\/04\/1462886541_img370.jpg","datePublished":"2024-04-17T13:07:43+00:00","dateModified":"2024-07-16T12:10:42+00:00","description":"Knygoje\u00a0\u201eRai\u0161as elnias\u201c\u00a0 \u0160iaur\u0117s Amerikos ind\u0117n\u0173 sij\u0173 genties palikuonio \u0161amano\u00a0Rai\u0161o Elnio\u00a0l\u016bpomis pasakojama apie ind\u0117n\u0173 gyvenimo kasdienyb\u0119, papro\u010dius,","breadcrumb":{"@id":"https:\/\/skaitytaknyga.lt\/produktas\/raisas-elnias-regejimu-ieskotojas\/#breadcrumb"},"inLanguage":"en-GB","potentialAction":[{"@type":"ReadAction","target":["https:\/\/skaitytaknyga.lt\/produktas\/raisas-elnias-regejimu-ieskotojas\/"]}]},{"@type":"ImageObject","inLanguage":"en-GB","@id":"https:\/\/skaitytaknyga.lt\/produktas\/raisas-elnias-regejimu-ieskotojas\/#primaryimage","url":"https:\/\/skaitytaknyga.lt\/wp-content\/uploads\/2024\/04\/1462886541_img370.jpg","contentUrl":"https:\/\/skaitytaknyga.lt\/wp-content\/uploads\/2024\/04\/1462886541_img370.jpg","width":269,"height":430,"caption":"1462886541 img370"},{"@type":"BreadcrumbList","@id":"https:\/\/skaitytaknyga.lt\/produktas\/raisas-elnias-regejimu-ieskotojas\/#breadcrumb","itemListElement":[{"@type":"ListItem","position":1,"name":"Home","item":"https:\/\/skaitytaknyga.lt\/"},{"@type":"ListItem","position":2,"name":"Parduotuv\u0117","item":"https:\/\/skaitytaknyga.lt\/knygu-parduotuve\/"},{"@type":"ListItem","position":3,"name":"Rai\u0161as elnias. Reg\u0117jim\u0173 ie\u0161kotojas"}]},{"@type":"WebSite","@id":"https:\/\/skaitytaknyga.lt\/#website","url":"https:\/\/skaitytaknyga.lt\/","name":"skaitytaknyga.lt","description":"Skaitytaknyga.lt \u2013 tai ma\u017eas \u0161eimos verslas, kuris prasid\u0117jo nuo meil\u0117s knygoms ir siekio i\u0161gelb\u0117ti knygas nuo likimo prie konteinerio. Kas vienam nereikalingas daiktas \u2013 kitam lobis, o mes esame tarpininkai, kurie padeda abiems tapti laimingesniems ???? \u017dinome kaip nelengva i\u0161gyventi ma\u017eiems verslams, tad nuo \u0161iol, \u010dia rasite ir kit\u0173, ma\u017e\u0173 \u0161eim\u0173 versl\u0173, rank\u0173 darbo, dovan\u0173 sau ir artimiesiems.","publisher":{"@id":"https:\/\/skaitytaknyga.lt\/#organization"},"potentialAction":[{"@type":"SearchAction","target":{"@type":"EntryPoint","urlTemplate":"https:\/\/skaitytaknyga.lt\/?s={search_term_string}"},"query-input":{"@type":"PropertyValueSpecification","valueRequired":true,"valueName":"search_term_string"}}],"inLanguage":"en-GB"},{"@type":"Organization","@id":"https:\/\/skaitytaknyga.lt\/#organization","name":"skaitytaknyga.lt","url":"https:\/\/skaitytaknyga.lt\/","logo":{"@type":"ImageObject","inLanguage":"en-GB","@id":"https:\/\/skaitytaknyga.lt\/#\/schema\/logo\/image\/","url":"https:\/\/skaitytaknyga.lt\/wp-content\/uploads\/2024\/05\/cropped-cropped-cropped-02_00843_jt3bggkj1j3HLc7SyY6rEUpg.jpeg","contentUrl":"https:\/\/skaitytaknyga.lt\/wp-content\/uploads\/2024\/05\/cropped-cropped-cropped-02_00843_jt3bggkj1j3HLc7SyY6rEUpg.jpeg","width":1600,"height":1600,"caption":"skaitytaknyga.lt"},"image":{"@id":"https:\/\/skaitytaknyga.lt\/#\/schema\/logo\/image\/"},"sameAs":["https:\/\/www.facebook.com\/skaitytaknyga\/"]}]}},"_links":{"self":[{"href":"https:\/\/skaitytaknyga.lt\/en\/wp-json\/wp\/v2\/product\/2322","targetHints":{"allow":["GET"]}}],"collection":[{"href":"https:\/\/skaitytaknyga.lt\/en\/wp-json\/wp\/v2\/product"}],"about":[{"href":"https:\/\/skaitytaknyga.lt\/en\/wp-json\/wp\/v2\/types\/product"}],"replies":[{"embeddable":true,"href":"https:\/\/skaitytaknyga.lt\/en\/wp-json\/wp\/v2\/comments?post=2322"}],"wp:featuredmedia":[{"embeddable":true,"href":"https:\/\/skaitytaknyga.lt\/en\/wp-json\/wp\/v2\/media\/2371"}],"wp:attachment":[{"href":"https:\/\/skaitytaknyga.lt\/en\/wp-json\/wp\/v2\/media?parent=2322"}],"wp:term":[{"taxonomy":"product_brand","embeddable":true,"href":"https:\/\/skaitytaknyga.lt\/en\/wp-json\/wp\/v2\/product_brand?post=2322"},{"taxonomy":"product_cat","embeddable":true,"href":"https:\/\/skaitytaknyga.lt\/en\/wp-json\/wp\/v2\/product_cat?post=2322"},{"taxonomy":"product_tag","embeddable":true,"href":"https:\/\/skaitytaknyga.lt\/en\/wp-json\/wp\/v2\/product_tag?post=2322"}],"curies":[{"name":"wp","href":"https:\/\/api.w.org\/{rel}","templated":true}]}}