{"id":23219,"date":"2026-02-27T12:03:26","date_gmt":"2026-02-27T10:03:26","guid":{"rendered":"https:\/\/skaitytaknyga.lt\/?post_type=product&#038;p=23219"},"modified":"2026-04-08T21:28:24","modified_gmt":"2026-04-08T18:28:24","slug":"kutberto-kelias","status":"publish","type":"product","link":"https:\/\/skaitytaknyga.lt\/en\/produktas\/kutberto-kelias\/","title":{"rendered":"Kutberto kelias"},"content":{"rendered":"<p>Po dramati\u0161kos ne\u012fkainojamo artefakto vagyst\u0117s i\u0161 Daramo katedros visi tiki, kad detektyvui vyresniajam inspektoriui Rajenui ir jo komandai pavyko rasti \u0161v. Kutberto kry\u017ei\u0173 ir j\u012f gr\u0105\u017einti \u012f teis\u0117t\u0105 viet\u0105. Bet Rajenas \u017eino: atgautasis kry\u017eius \u2013 tiktai klastot\u0117, ir b\u0117dos toli gra\u017eu nesibaigia, o tik prasideda&#8230;<\/p>\n<p>Vos tik Rajenas su komanda pradeda ai\u0161kintis paslapting\u0173 vagys\u010di\u0173 prie\u017eastis, pavagiama kai kas dar vertingesnio \u2013 tai, ko ne\u012fmanoma suklastoti.<\/p>\n<p>Tu\u0161\u010diai vaikydamasis nusikalt\u0117l\u012f po vis\u0105 \u0161al\u012f, Rajenas puola \u012f nevilt\u012f \u2013 kol suvokia, kad atsakym\u0105 atskleis ne \u0161iuolaikin\u0117 policija, o \u0161imtme\u010di\u0173 paslaptis, \u017einoma vos keliems i\u0161rinktiesiems.<\/p>\n<p>Norint atgauti tai, kas prarasta, pirmiausia teks \u012fminti \u201eKutberto kod\u0105\u201c ir sekti seniai mirusio \u0161ventojo p\u0117dsakais laukin\u0117se ir paslaptingose pasienio kalvose bei sl\u0117niuose.<\/p>\n<p>Ar Rajenas susp\u0117s rasti, ko ie\u0161ko?<\/p>\n<p>Jam prireiks stebuklo&#8230;<\/p>\n","protected":false},"excerpt":{"rendered":"<p>Po dramati\u0161kos ne\u012fkainojamo artefakto vagyst\u0117s i\u0161 Daramo katedros visi tiki, kad detektyvui vyresniajam inspektoriui Rajenui ir jo komandai pavyko rasti \u0161v. Kutberto kry\u017ei\u0173 ir j\u012f gr\u0105\u017einti \u012f teis\u0117t\u0105 viet\u0105. Bet Rajenas \u017eino: atgautasis kry\u017eius \u2013 tiktai klastot\u0117, ir b\u0117dos toli gra\u017eu nesibaigia, o tik prasideda&#8230; Vos tik Rajenas su komanda pradeda ai\u0161kintis paslapting\u0173 vagys\u010di\u0173 prie\u017eastis, pavagiama kai kas dar vertingesnio \u2013 tai, ko ne\u012fmanoma suklastoti. Tu\u0161\u010diai vaikydamasis nusikalt\u0117l\u012f po vis\u0105 \u0161al\u012f, Rajenas puola \u012f nevilt\u012f \u2013 kol suvokia, kad atsakym\u0105 atskleis ne \u0161iuolaikin\u0117 policija, o \u0161imtme\u010di\u0173 paslaptis, \u017einoma vos keliems i\u0161rinktiesiems. Norint atgauti tai, kas prarasta, pirmiausia teks \u012fminti \u201eKutberto kod\u0105\u201c ir sekti seniai mirusio \u0161ventojo p\u0117dsakais laukin\u0117se ir paslaptingose pasienio kalvose bei sl\u0117niuose. Ar Rajenas susp\u0117s rasti, ko ie\u0161ko? Jam prireiks stebuklo&#8230;<\/p>\n","protected":false},"featured_media":23228,"comment_status":"open","ping_status":"closed","template":"","meta":{"_acf_changed":false,"site-sidebar-layout":"default","site-content-layout":"","ast-site-content-layout":"default","site-content-style":"default","site-sidebar-style":"default","ast-global-header-display":"","ast-banner-title-visibility":"","ast-main-header-display":"","ast-hfb-above-header-display":"","ast-hfb-below-header-display":"","ast-hfb-mobile-header-display":"","site-post-title":"","ast-breadcrumbs-content":"","ast-featured-img":"","footer-sml-layout":"","ast-disable-related-posts":"","theme-transparent-header-meta":"","adv-header-id-meta":"","stick-header-meta":"","header-above-stick-meta":"","header-main-stick-meta":"","header-below-stick-meta":"","astra-migrate-meta-layouts":"default","ast-page-background-enabled":"default","ast-page-background-meta":{"desktop":{"background-color":"","background-image":"","background-repeat":"repeat","background-position":"center center","background-size":"auto","background-attachment":"scroll","background-type":"","background-media":"","overlay-type":"","overlay-color":"","overlay-opacity":"","overlay-gradient":""},"tablet":{"background-color":"","background-image":"","background-repeat":"repeat","background-position":"center center","background-size":"auto","background-attachment":"scroll","background-type":"","background-media":"","overlay-type":"","overlay-color":"","overlay-opacity":"","overlay-gradient":""},"mobile":{"background-color":"","background-image":"","background-repeat":"repeat","background-position":"center center","background-size":"auto","background-attachment":"scroll","background-type":"","background-media":"","overlay-type":"","overlay-color":"","overlay-opacity":"","overlay-gradient":""}},"ast-content-background-meta":{"desktop":{"background-color":"var(--ast-global-color-4)","background-image":"","background-repeat":"repeat","background-position":"center center","background-size":"auto","background-attachment":"scroll","background-type":"","background-media":"","overlay-type":"","overlay-color":"","overlay-opacity":"","overlay-gradient":""},"tablet":{"background-color":"var(--ast-global-color-4)","background-image":"","background-repeat":"repeat","background-position":"center center","background-size":"auto","background-attachment":"scroll","background-type":"","background-media":"","overlay-type":"","overlay-color":"","overlay-opacity":"","overlay-gradient":""},"mobile":{"background-color":"var(--ast-global-color-4)","background-image":"","background-repeat":"repeat","background-position":"center center","background-size":"auto","background-attachment":"scroll","background-type":"","background-media":"","overlay-type":"","overlay-color":"","overlay-opacity":"","overlay-gradient":""}}},"product_brand":[],"product_cat":[9581],"product_tag":[6566],"class_list":{"0":"post-23219","1":"product","2":"type-product","3":"status-publish","4":"has-post-thumbnail","6":"product_cat-kriminaliniai-romanai","7":"product_tag-l-j-ross","8":"desktop-align-left","9":"tablet-align-left","10":"mobile-align-left","12":"first","13":"outofstock","14":"shipping-taxable","15":"purchasable","16":"product-type-simple"},"acf":[],"yoast_head":"<!-- This site is optimized with the Yoast SEO plugin v27.0 - https:\/\/yoast.com\/product\/yoast-seo-wordpress\/ -->\n<title>Kutberto kelias<\/title>\n<meta name=\"description\" content=\"Po dramati\u0161kos ne\u012fkainojamo artefakto vagyst\u0117s i\u0161 Daramo katedros visi tiki, kad detektyvui vyresniajam inspektoriui Rajenui ir jo komandai pavyko rasti\" \/>\n<meta name=\"robots\" content=\"index, follow, max-snippet:-1, max-image-preview:large, max-video-preview:-1\" \/>\n<link rel=\"canonical\" href=\"https:\/\/skaitytaknyga.lt\/en\/produktas\/kutberto-kelias\/\" \/>\n<meta property=\"og:locale\" content=\"en_GB\" \/>\n<meta property=\"og:locale:alternate\" content=\"lt_LT\" \/>\n<meta property=\"og:type\" content=\"article\" \/>\n<meta property=\"og:title\" content=\"Kutberto kelias\" \/>\n<meta property=\"og:description\" content=\"Po dramati\u0161kos ne\u012fkainojamo artefakto vagyst\u0117s i\u0161 Daramo katedros visi tiki, kad detektyvui vyresniajam inspektoriui Rajenui ir jo komandai pavyko rasti\" \/>\n<meta property=\"og:url\" content=\"https:\/\/skaitytaknyga.lt\/en\/produktas\/kutberto-kelias\/\" \/>\n<meta property=\"og:site_name\" content=\"Skaitytaknyga\" \/>\n<meta property=\"article:publisher\" content=\"https:\/\/www.facebook.com\/skaitytaknyga\/\" \/>\n<meta property=\"article:modified_time\" content=\"2026-04-08T18:28:24+00:00\" \/>\n<meta property=\"og:image\" content=\"https:\/\/skaitytaknyga.lt\/wp-content\/uploads\/2026\/02\/Kutberto-kelias-1.webp\" \/>\n\t<meta property=\"og:image:width\" content=\"300\" \/>\n\t<meta property=\"og:image:height\" content=\"455\" \/>\n\t<meta property=\"og:image:type\" content=\"image\/webp\" \/>\n<meta name=\"twitter:card\" content=\"summary_large_image\" \/>\n<meta name=\"twitter:label1\" content=\"Estimated reading time\" \/>\n\t<meta name=\"twitter:data1\" content=\"1 minute\" \/>\n<script type=\"application\/ld+json\" class=\"yoast-schema-graph\">{\"@context\":\"https:\/\/schema.org\",\"@graph\":[{\"@type\":\"WebPage\",\"@id\":\"https:\/\/skaitytaknyga.lt\/produktas\/kutberto-kelias\/\",\"url\":\"https:\/\/skaitytaknyga.lt\/produktas\/kutberto-kelias\/\",\"name\":\"Kutberto kelias\",\"isPartOf\":{\"@id\":\"https:\/\/skaitytaknyga.lt\/#website\"},\"primaryImageOfPage\":{\"@id\":\"https:\/\/skaitytaknyga.lt\/produktas\/kutberto-kelias\/#primaryimage\"},\"image\":{\"@id\":\"https:\/\/skaitytaknyga.lt\/produktas\/kutberto-kelias\/#primaryimage\"},\"thumbnailUrl\":\"https:\/\/skaitytaknyga.lt\/wp-content\/uploads\/2026\/02\/Kutberto-kelias-1.webp\",\"datePublished\":\"2026-02-27T10:03:26+00:00\",\"dateModified\":\"2026-04-08T18:28:24+00:00\",\"description\":\"Po dramati\u0161kos ne\u012fkainojamo artefakto vagyst\u0117s i\u0161 Daramo katedros visi tiki, kad detektyvui vyresniajam inspektoriui Rajenui ir jo komandai pavyko rasti\",\"breadcrumb\":{\"@id\":\"https:\/\/skaitytaknyga.lt\/produktas\/kutberto-kelias\/#breadcrumb\"},\"inLanguage\":\"en-GB\",\"potentialAction\":[{\"@type\":\"ReadAction\",\"target\":[\"https:\/\/skaitytaknyga.lt\/produktas\/kutberto-kelias\/\"]}]},{\"@type\":\"ImageObject\",\"inLanguage\":\"en-GB\",\"@id\":\"https:\/\/skaitytaknyga.lt\/produktas\/kutberto-kelias\/#primaryimage\",\"url\":\"https:\/\/skaitytaknyga.lt\/wp-content\/uploads\/2026\/02\/Kutberto-kelias-1.webp\",\"contentUrl\":\"https:\/\/skaitytaknyga.lt\/wp-content\/uploads\/2026\/02\/Kutberto-kelias-1.webp\",\"width\":300,\"height\":455},{\"@type\":\"BreadcrumbList\",\"@id\":\"https:\/\/skaitytaknyga.lt\/produktas\/kutberto-kelias\/#breadcrumb\",\"itemListElement\":[{\"@type\":\"ListItem\",\"position\":1,\"name\":\"Home\",\"item\":\"https:\/\/skaitytaknyga.lt\/\"},{\"@type\":\"ListItem\",\"position\":2,\"name\":\"Parduotuv\u0117\",\"item\":\"https:\/\/skaitytaknyga.lt\/knygu-parduotuve\/\"},{\"@type\":\"ListItem\",\"position\":3,\"name\":\"Kutberto kelias\"}]},{\"@type\":\"WebSite\",\"@id\":\"https:\/\/skaitytaknyga.lt\/#website\",\"url\":\"https:\/\/skaitytaknyga.lt\/\",\"name\":\"skaitytaknyga.lt\",\"description\":\"Skaitytaknyga.lt \u2013 tai ma\u017eas \u0161eimos verslas, kuris prasid\u0117jo nuo meil\u0117s knygoms ir siekio i\u0161gelb\u0117ti knygas nuo likimo prie konteinerio. Kas vienam nereikalingas daiktas \u2013 kitam lobis, o mes esame tarpininkai, kurie padeda abiems tapti laimingesniems ???? \u017dinome kaip nelengva i\u0161gyventi ma\u017eiems verslams, tad nuo \u0161iol, \u010dia rasite ir kit\u0173, ma\u017e\u0173 \u0161eim\u0173 versl\u0173, rank\u0173 darbo, dovan\u0173 sau ir artimiesiems.\",\"publisher\":{\"@id\":\"https:\/\/skaitytaknyga.lt\/#organization\"},\"potentialAction\":[{\"@type\":\"SearchAction\",\"target\":{\"@type\":\"EntryPoint\",\"urlTemplate\":\"https:\/\/skaitytaknyga.lt\/?s={search_term_string}\"},\"query-input\":{\"@type\":\"PropertyValueSpecification\",\"valueRequired\":true,\"valueName\":\"search_term_string\"}}],\"inLanguage\":\"en-GB\"},{\"@type\":\"Organization\",\"@id\":\"https:\/\/skaitytaknyga.lt\/#organization\",\"name\":\"skaitytaknyga.lt\",\"url\":\"https:\/\/skaitytaknyga.lt\/\",\"logo\":{\"@type\":\"ImageObject\",\"inLanguage\":\"en-GB\",\"@id\":\"https:\/\/skaitytaknyga.lt\/#\/schema\/logo\/image\/\",\"url\":\"https:\/\/skaitytaknyga.lt\/wp-content\/uploads\/2024\/05\/cropped-cropped-cropped-02_00843_jt3bggkj1j3HLc7SyY6rEUpg.jpeg\",\"contentUrl\":\"https:\/\/skaitytaknyga.lt\/wp-content\/uploads\/2024\/05\/cropped-cropped-cropped-02_00843_jt3bggkj1j3HLc7SyY6rEUpg.jpeg\",\"width\":1600,\"height\":1600,\"caption\":\"skaitytaknyga.lt\"},\"image\":{\"@id\":\"https:\/\/skaitytaknyga.lt\/#\/schema\/logo\/image\/\"},\"sameAs\":[\"https:\/\/www.facebook.com\/skaitytaknyga\/\"]}]}<\/script>\n<!-- \/ Yoast SEO plugin. -->","yoast_head_json":{"title":"Kutberto kelias","description":"Po dramati\u0161kos ne\u012fkainojamo artefakto vagyst\u0117s i\u0161 Daramo katedros visi tiki, kad detektyvui vyresniajam inspektoriui Rajenui ir jo komandai pavyko rasti","robots":{"index":"index","follow":"follow","max-snippet":"max-snippet:-1","max-image-preview":"max-image-preview:large","max-video-preview":"max-video-preview:-1"},"canonical":"https:\/\/skaitytaknyga.lt\/en\/produktas\/kutberto-kelias\/","og_locale":"en_GB","og_type":"article","og_title":"[:lt]Kutberto kelias[:] - Skaitytaknyga","og_description":"Po dramati\u0161kos ne\u012fkainojamo artefakto vagyst\u0117s i\u0161 Daramo katedros visi tiki, kad detektyvui vyresniajam inspektoriui Rajenui ir jo komandai pavyko rasti","og_url":"https:\/\/skaitytaknyga.lt\/en\/produktas\/kutberto-kelias\/","og_site_name":"Skaitytaknyga","article_publisher":"https:\/\/www.facebook.com\/skaitytaknyga\/","article_modified_time":"2026-04-08T18:28:24+00:00","og_image":[{"width":300,"height":455,"url":"https:\/\/skaitytaknyga.lt\/wp-content\/uploads\/2026\/02\/Kutberto-kelias-1.webp","type":"image\/webp"}],"twitter_card":"summary_large_image","twitter_misc":{"Estimated reading time":"1 minute"},"schema":{"@context":"https:\/\/schema.org","@graph":[{"@type":"WebPage","@id":"https:\/\/skaitytaknyga.lt\/produktas\/kutberto-kelias\/","url":"https:\/\/skaitytaknyga.lt\/produktas\/kutberto-kelias\/","name":"Kutberto kelias","isPartOf":{"@id":"https:\/\/skaitytaknyga.lt\/#website"},"primaryImageOfPage":{"@id":"https:\/\/skaitytaknyga.lt\/produktas\/kutberto-kelias\/#primaryimage"},"image":{"@id":"https:\/\/skaitytaknyga.lt\/produktas\/kutberto-kelias\/#primaryimage"},"thumbnailUrl":"https:\/\/skaitytaknyga.lt\/wp-content\/uploads\/2026\/02\/Kutberto-kelias-1.webp","datePublished":"2026-02-27T10:03:26+00:00","dateModified":"2026-04-08T18:28:24+00:00","description":"Po dramati\u0161kos ne\u012fkainojamo artefakto vagyst\u0117s i\u0161 Daramo katedros visi tiki, kad detektyvui vyresniajam inspektoriui Rajenui ir jo komandai pavyko rasti","breadcrumb":{"@id":"https:\/\/skaitytaknyga.lt\/produktas\/kutberto-kelias\/#breadcrumb"},"inLanguage":"en-GB","potentialAction":[{"@type":"ReadAction","target":["https:\/\/skaitytaknyga.lt\/produktas\/kutberto-kelias\/"]}]},{"@type":"ImageObject","inLanguage":"en-GB","@id":"https:\/\/skaitytaknyga.lt\/produktas\/kutberto-kelias\/#primaryimage","url":"https:\/\/skaitytaknyga.lt\/wp-content\/uploads\/2026\/02\/Kutberto-kelias-1.webp","contentUrl":"https:\/\/skaitytaknyga.lt\/wp-content\/uploads\/2026\/02\/Kutberto-kelias-1.webp","width":300,"height":455},{"@type":"BreadcrumbList","@id":"https:\/\/skaitytaknyga.lt\/produktas\/kutberto-kelias\/#breadcrumb","itemListElement":[{"@type":"ListItem","position":1,"name":"Home","item":"https:\/\/skaitytaknyga.lt\/"},{"@type":"ListItem","position":2,"name":"Parduotuv\u0117","item":"https:\/\/skaitytaknyga.lt\/knygu-parduotuve\/"},{"@type":"ListItem","position":3,"name":"Kutberto kelias"}]},{"@type":"WebSite","@id":"https:\/\/skaitytaknyga.lt\/#website","url":"https:\/\/skaitytaknyga.lt\/","name":"skaitytaknyga.lt","description":"Skaitytaknyga.lt \u2013 tai ma\u017eas \u0161eimos verslas, kuris prasid\u0117jo nuo meil\u0117s knygoms ir siekio i\u0161gelb\u0117ti knygas nuo likimo prie konteinerio. Kas vienam nereikalingas daiktas \u2013 kitam lobis, o mes esame tarpininkai, kurie padeda abiems tapti laimingesniems ???? \u017dinome kaip nelengva i\u0161gyventi ma\u017eiems verslams, tad nuo \u0161iol, \u010dia rasite ir kit\u0173, ma\u017e\u0173 \u0161eim\u0173 versl\u0173, rank\u0173 darbo, dovan\u0173 sau ir artimiesiems.","publisher":{"@id":"https:\/\/skaitytaknyga.lt\/#organization"},"potentialAction":[{"@type":"SearchAction","target":{"@type":"EntryPoint","urlTemplate":"https:\/\/skaitytaknyga.lt\/?s={search_term_string}"},"query-input":{"@type":"PropertyValueSpecification","valueRequired":true,"valueName":"search_term_string"}}],"inLanguage":"en-GB"},{"@type":"Organization","@id":"https:\/\/skaitytaknyga.lt\/#organization","name":"skaitytaknyga.lt","url":"https:\/\/skaitytaknyga.lt\/","logo":{"@type":"ImageObject","inLanguage":"en-GB","@id":"https:\/\/skaitytaknyga.lt\/#\/schema\/logo\/image\/","url":"https:\/\/skaitytaknyga.lt\/wp-content\/uploads\/2024\/05\/cropped-cropped-cropped-02_00843_jt3bggkj1j3HLc7SyY6rEUpg.jpeg","contentUrl":"https:\/\/skaitytaknyga.lt\/wp-content\/uploads\/2024\/05\/cropped-cropped-cropped-02_00843_jt3bggkj1j3HLc7SyY6rEUpg.jpeg","width":1600,"height":1600,"caption":"skaitytaknyga.lt"},"image":{"@id":"https:\/\/skaitytaknyga.lt\/#\/schema\/logo\/image\/"},"sameAs":["https:\/\/www.facebook.com\/skaitytaknyga\/"]}]}},"_links":{"self":[{"href":"https:\/\/skaitytaknyga.lt\/en\/wp-json\/wp\/v2\/product\/23219","targetHints":{"allow":["GET"]}}],"collection":[{"href":"https:\/\/skaitytaknyga.lt\/en\/wp-json\/wp\/v2\/product"}],"about":[{"href":"https:\/\/skaitytaknyga.lt\/en\/wp-json\/wp\/v2\/types\/product"}],"replies":[{"embeddable":true,"href":"https:\/\/skaitytaknyga.lt\/en\/wp-json\/wp\/v2\/comments?post=23219"}],"wp:featuredmedia":[{"embeddable":true,"href":"https:\/\/skaitytaknyga.lt\/en\/wp-json\/wp\/v2\/media\/23228"}],"wp:attachment":[{"href":"https:\/\/skaitytaknyga.lt\/en\/wp-json\/wp\/v2\/media?parent=23219"}],"wp:term":[{"taxonomy":"product_brand","embeddable":true,"href":"https:\/\/skaitytaknyga.lt\/en\/wp-json\/wp\/v2\/product_brand?post=23219"},{"taxonomy":"product_cat","embeddable":true,"href":"https:\/\/skaitytaknyga.lt\/en\/wp-json\/wp\/v2\/product_cat?post=23219"},{"taxonomy":"product_tag","embeddable":true,"href":"https:\/\/skaitytaknyga.lt\/en\/wp-json\/wp\/v2\/product_tag?post=23219"}],"curies":[{"name":"wp","href":"https:\/\/api.w.org\/{rel}","templated":true}]}}