{"id":23218,"date":"2026-02-27T12:03:26","date_gmt":"2026-02-27T10:03:26","guid":{"rendered":"https:\/\/skaitytaknyga.lt\/?post_type=product&#038;p=23218"},"modified":"2026-03-05T12:50:26","modified_gmt":"2026-03-05T10:50:26","slug":"einu-tau-is-paskos","status":"publish","type":"product","link":"https:\/\/skaitytaknyga.lt\/en\/produktas\/einu-tau-is-paskos\/","title":{"rendered":"Einu tau i\u0161 paskos"},"content":{"rendered":"<p>Yra dur\u0173, kuri\u0173 geriau niekada neatidaryti.<br \/>\nYra dur\u0173, kuri\u0173<br \/>\nne\u012fmanoma u\u017everti.<\/p>\n<p>Taikus ir laimingas D\u017eoanos Palmer gyvenimas tuoj baigsis.<\/p>\n<p>A\u0161\u0105 \u2014 mylim\u0105 vyr\u0105 \u2014 are\u0161tuos policija.<br \/>\nMil\u0119 \u2014 brangi\u0105 dukter\u012f \u2014 atims i\u0161 mamos.<\/p>\n<p>Moteris neteks draug\u0173.<br \/>\nJi suabejos savo sveiku protu.<\/p>\n<p>Ka\u017ekas savinasi visk\u0105, k\u0105 D\u017eo brangina, \u2014 savinasi be atvangos.<\/p>\n<p>Bet kol kas moteris juokiasi virtuv\u0117je, vakarieniauja su \u0161eima ir nieko ne\u012ftaria.<\/p>\n<p>Lauke lyja.<br \/>\nPasigirsta beldimas \u012f duris.<\/p>\n","protected":false},"excerpt":{"rendered":"<p>Yra dur\u0173, kuri\u0173 geriau niekada neatidaryti. Yra dur\u0173, kuri\u0173 ne\u012fmanoma u\u017everti. Taikus ir laimingas D\u017eoanos Palmer gyvenimas tuoj baigsis. A\u0161\u0105 \u2014 mylim\u0105 vyr\u0105 \u2014 are\u0161tuos policija. Mil\u0119 \u2014 brangi\u0105 dukter\u012f \u2014 atims i\u0161 mamos. Moteris neteks draug\u0173. Ji suabejos savo sveiku protu. Ka\u017ekas savinasi visk\u0105, k\u0105 D\u017eo brangina, \u2014 savinasi be atvangos. Bet kol kas moteris juokiasi virtuv\u0117je, vakarieniauja su \u0161eima ir nieko ne\u012ftaria. Lauke lyja. Pasigirsta beldimas \u012f duris.<\/p>\n","protected":false},"featured_media":23227,"comment_status":"open","ping_status":"closed","template":"","meta":{"_acf_changed":false,"site-sidebar-layout":"default","site-content-layout":"","ast-site-content-layout":"default","site-content-style":"default","site-sidebar-style":"default","ast-global-header-display":"","ast-banner-title-visibility":"","ast-main-header-display":"","ast-hfb-above-header-display":"","ast-hfb-below-header-display":"","ast-hfb-mobile-header-display":"","site-post-title":"","ast-breadcrumbs-content":"","ast-featured-img":"","footer-sml-layout":"","ast-disable-related-posts":"","theme-transparent-header-meta":"","adv-header-id-meta":"","stick-header-meta":"","header-above-stick-meta":"","header-main-stick-meta":"","header-below-stick-meta":"","astra-migrate-meta-layouts":"default","ast-page-background-enabled":"default","ast-page-background-meta":{"desktop":{"background-color":"","background-image":"","background-repeat":"repeat","background-position":"center center","background-size":"auto","background-attachment":"scroll","background-type":"","background-media":"","overlay-type":"","overlay-color":"","overlay-opacity":"","overlay-gradient":""},"tablet":{"background-color":"","background-image":"","background-repeat":"repeat","background-position":"center center","background-size":"auto","background-attachment":"scroll","background-type":"","background-media":"","overlay-type":"","overlay-color":"","overlay-opacity":"","overlay-gradient":""},"mobile":{"background-color":"","background-image":"","background-repeat":"repeat","background-position":"center center","background-size":"auto","background-attachment":"scroll","background-type":"","background-media":"","overlay-type":"","overlay-color":"","overlay-opacity":"","overlay-gradient":""}},"ast-content-background-meta":{"desktop":{"background-color":"var(--ast-global-color-4)","background-image":"","background-repeat":"repeat","background-position":"center center","background-size":"auto","background-attachment":"scroll","background-type":"","background-media":"","overlay-type":"","overlay-color":"","overlay-opacity":"","overlay-gradient":""},"tablet":{"background-color":"var(--ast-global-color-4)","background-image":"","background-repeat":"repeat","background-position":"center center","background-size":"auto","background-attachment":"scroll","background-type":"","background-media":"","overlay-type":"","overlay-color":"","overlay-opacity":"","overlay-gradient":""},"mobile":{"background-color":"var(--ast-global-color-4)","background-image":"","background-repeat":"repeat","background-position":"center center","background-size":"auto","background-attachment":"scroll","background-type":"","background-media":"","overlay-type":"","overlay-color":"","overlay-opacity":"","overlay-gradient":""}}},"product_brand":[],"product_cat":[9580],"product_tag":[9527],"class_list":{"0":"post-23218","1":"product","2":"type-product","3":"status-publish","4":"has-post-thumbnail","6":"product_cat-psichologiniai-detektyvai","7":"product_tag-rachel-abbott","8":"desktop-align-left","9":"tablet-align-left","10":"mobile-align-left","12":"first","13":"instock","14":"shipping-taxable","15":"purchasable","16":"product-type-simple"},"acf":[],"yoast_head":"<!-- This site is optimized with the Yoast SEO plugin v27.0 - https:\/\/yoast.com\/product\/yoast-seo-wordpress\/ -->\n<title>Einu tau i\u0161 paskos<\/title>\n<meta name=\"description\" content=\"Yra dur\u0173, kuri\u0173 geriau niekada neatidaryti. Yra dur\u0173, kuri\u0173 ne\u012fmanoma u\u017everti. Taikus ir laimingas D\u017eoanos Palmer gyvenimas tuoj baigsis. A\u0161\u0105 \u2014 mylim\u0105\" \/>\n<meta name=\"robots\" content=\"index, follow, max-snippet:-1, max-image-preview:large, max-video-preview:-1\" \/>\n<link rel=\"canonical\" href=\"https:\/\/skaitytaknyga.lt\/en\/produktas\/einu-tau-is-paskos\/\" \/>\n<meta property=\"og:locale\" content=\"en_GB\" \/>\n<meta property=\"og:locale:alternate\" content=\"lt_LT\" \/>\n<meta property=\"og:type\" content=\"article\" \/>\n<meta property=\"og:title\" content=\"Einu tau i\u0161 paskos\" \/>\n<meta property=\"og:description\" content=\"Yra dur\u0173, kuri\u0173 geriau niekada neatidaryti. Yra dur\u0173, kuri\u0173 ne\u012fmanoma u\u017everti. Taikus ir laimingas D\u017eoanos Palmer gyvenimas tuoj baigsis. A\u0161\u0105 \u2014 mylim\u0105\" \/>\n<meta property=\"og:url\" content=\"https:\/\/skaitytaknyga.lt\/en\/produktas\/einu-tau-is-paskos\/\" \/>\n<meta property=\"og:site_name\" content=\"Skaitytaknyga\" \/>\n<meta property=\"article:publisher\" content=\"https:\/\/www.facebook.com\/skaitytaknyga\/\" \/>\n<meta property=\"article:modified_time\" content=\"2026-03-05T10:50:26+00:00\" \/>\n<meta property=\"og:image\" content=\"https:\/\/skaitytaknyga.lt\/wp-content\/uploads\/2026\/02\/Einu-tau-is-paskos-1.webp\" \/>\n\t<meta property=\"og:image:width\" content=\"300\" \/>\n\t<meta property=\"og:image:height\" content=\"452\" \/>\n\t<meta property=\"og:image:type\" content=\"image\/webp\" \/>\n<meta name=\"twitter:card\" content=\"summary_large_image\" \/>\n<script type=\"application\/ld+json\" class=\"yoast-schema-graph\">{\"@context\":\"https:\/\/schema.org\",\"@graph\":[{\"@type\":\"WebPage\",\"@id\":\"https:\/\/skaitytaknyga.lt\/produktas\/einu-tau-is-paskos\/\",\"url\":\"https:\/\/skaitytaknyga.lt\/produktas\/einu-tau-is-paskos\/\",\"name\":\"Einu tau i\u0161 paskos\",\"isPartOf\":{\"@id\":\"https:\/\/skaitytaknyga.lt\/#website\"},\"primaryImageOfPage\":{\"@id\":\"https:\/\/skaitytaknyga.lt\/produktas\/einu-tau-is-paskos\/#primaryimage\"},\"image\":{\"@id\":\"https:\/\/skaitytaknyga.lt\/produktas\/einu-tau-is-paskos\/#primaryimage\"},\"thumbnailUrl\":\"https:\/\/skaitytaknyga.lt\/wp-content\/uploads\/2026\/02\/Einu-tau-is-paskos-1.webp\",\"datePublished\":\"2026-02-27T10:03:26+00:00\",\"dateModified\":\"2026-03-05T10:50:26+00:00\",\"description\":\"Yra dur\u0173, kuri\u0173 geriau niekada neatidaryti. Yra dur\u0173, kuri\u0173 ne\u012fmanoma u\u017everti. Taikus ir laimingas D\u017eoanos Palmer gyvenimas tuoj baigsis. A\u0161\u0105 \u2014 mylim\u0105\",\"breadcrumb\":{\"@id\":\"https:\/\/skaitytaknyga.lt\/produktas\/einu-tau-is-paskos\/#breadcrumb\"},\"inLanguage\":\"en-GB\",\"potentialAction\":[{\"@type\":\"ReadAction\",\"target\":[\"https:\/\/skaitytaknyga.lt\/produktas\/einu-tau-is-paskos\/\"]}]},{\"@type\":\"ImageObject\",\"inLanguage\":\"en-GB\",\"@id\":\"https:\/\/skaitytaknyga.lt\/produktas\/einu-tau-is-paskos\/#primaryimage\",\"url\":\"https:\/\/skaitytaknyga.lt\/wp-content\/uploads\/2026\/02\/Einu-tau-is-paskos-1.webp\",\"contentUrl\":\"https:\/\/skaitytaknyga.lt\/wp-content\/uploads\/2026\/02\/Einu-tau-is-paskos-1.webp\",\"width\":300,\"height\":452,\"caption\":\"Einu tau i\u0161 paskos\"},{\"@type\":\"BreadcrumbList\",\"@id\":\"https:\/\/skaitytaknyga.lt\/produktas\/einu-tau-is-paskos\/#breadcrumb\",\"itemListElement\":[{\"@type\":\"ListItem\",\"position\":1,\"name\":\"Home\",\"item\":\"https:\/\/skaitytaknyga.lt\/\"},{\"@type\":\"ListItem\",\"position\":2,\"name\":\"Parduotuv\u0117\",\"item\":\"https:\/\/skaitytaknyga.lt\/knygu-parduotuve\/\"},{\"@type\":\"ListItem\",\"position\":3,\"name\":\"Einu tau i\u0161 paskos\"}]},{\"@type\":\"WebSite\",\"@id\":\"https:\/\/skaitytaknyga.lt\/#website\",\"url\":\"https:\/\/skaitytaknyga.lt\/\",\"name\":\"skaitytaknyga.lt\",\"description\":\"Skaitytaknyga.lt \u2013 tai ma\u017eas \u0161eimos verslas, kuris prasid\u0117jo nuo meil\u0117s knygoms ir siekio i\u0161gelb\u0117ti knygas nuo likimo prie konteinerio. Kas vienam nereikalingas daiktas \u2013 kitam lobis, o mes esame tarpininkai, kurie padeda abiems tapti laimingesniems ???? \u017dinome kaip nelengva i\u0161gyventi ma\u017eiems verslams, tad nuo \u0161iol, \u010dia rasite ir kit\u0173, ma\u017e\u0173 \u0161eim\u0173 versl\u0173, rank\u0173 darbo, dovan\u0173 sau ir artimiesiems.\",\"publisher\":{\"@id\":\"https:\/\/skaitytaknyga.lt\/#organization\"},\"potentialAction\":[{\"@type\":\"SearchAction\",\"target\":{\"@type\":\"EntryPoint\",\"urlTemplate\":\"https:\/\/skaitytaknyga.lt\/?s={search_term_string}\"},\"query-input\":{\"@type\":\"PropertyValueSpecification\",\"valueRequired\":true,\"valueName\":\"search_term_string\"}}],\"inLanguage\":\"en-GB\"},{\"@type\":\"Organization\",\"@id\":\"https:\/\/skaitytaknyga.lt\/#organization\",\"name\":\"skaitytaknyga.lt\",\"url\":\"https:\/\/skaitytaknyga.lt\/\",\"logo\":{\"@type\":\"ImageObject\",\"inLanguage\":\"en-GB\",\"@id\":\"https:\/\/skaitytaknyga.lt\/#\/schema\/logo\/image\/\",\"url\":\"https:\/\/skaitytaknyga.lt\/wp-content\/uploads\/2024\/05\/cropped-cropped-cropped-02_00843_jt3bggkj1j3HLc7SyY6rEUpg.jpeg\",\"contentUrl\":\"https:\/\/skaitytaknyga.lt\/wp-content\/uploads\/2024\/05\/cropped-cropped-cropped-02_00843_jt3bggkj1j3HLc7SyY6rEUpg.jpeg\",\"width\":1600,\"height\":1600,\"caption\":\"skaitytaknyga.lt\"},\"image\":{\"@id\":\"https:\/\/skaitytaknyga.lt\/#\/schema\/logo\/image\/\"},\"sameAs\":[\"https:\/\/www.facebook.com\/skaitytaknyga\/\"]}]}<\/script>\n<!-- \/ Yoast SEO plugin. -->","yoast_head_json":{"title":"Einu tau i\u0161 paskos","description":"Yra dur\u0173, kuri\u0173 geriau niekada neatidaryti. Yra dur\u0173, kuri\u0173 ne\u012fmanoma u\u017everti. Taikus ir laimingas D\u017eoanos Palmer gyvenimas tuoj baigsis. A\u0161\u0105 \u2014 mylim\u0105","robots":{"index":"index","follow":"follow","max-snippet":"max-snippet:-1","max-image-preview":"max-image-preview:large","max-video-preview":"max-video-preview:-1"},"canonical":"https:\/\/skaitytaknyga.lt\/en\/produktas\/einu-tau-is-paskos\/","og_locale":"en_GB","og_type":"article","og_title":"[:lt]Einu tau i\u0161 paskos[:] - Skaitytaknyga","og_description":"Yra dur\u0173, kuri\u0173 geriau niekada neatidaryti. Yra dur\u0173, kuri\u0173 ne\u012fmanoma u\u017everti. Taikus ir laimingas D\u017eoanos Palmer gyvenimas tuoj baigsis. A\u0161\u0105 \u2014 mylim\u0105","og_url":"https:\/\/skaitytaknyga.lt\/en\/produktas\/einu-tau-is-paskos\/","og_site_name":"Skaitytaknyga","article_publisher":"https:\/\/www.facebook.com\/skaitytaknyga\/","article_modified_time":"2026-03-05T10:50:26+00:00","og_image":[{"width":300,"height":452,"url":"https:\/\/skaitytaknyga.lt\/wp-content\/uploads\/2026\/02\/Einu-tau-is-paskos-1.webp","type":"image\/webp"}],"twitter_card":"summary_large_image","schema":{"@context":"https:\/\/schema.org","@graph":[{"@type":"WebPage","@id":"https:\/\/skaitytaknyga.lt\/produktas\/einu-tau-is-paskos\/","url":"https:\/\/skaitytaknyga.lt\/produktas\/einu-tau-is-paskos\/","name":"Einu tau i\u0161 paskos","isPartOf":{"@id":"https:\/\/skaitytaknyga.lt\/#website"},"primaryImageOfPage":{"@id":"https:\/\/skaitytaknyga.lt\/produktas\/einu-tau-is-paskos\/#primaryimage"},"image":{"@id":"https:\/\/skaitytaknyga.lt\/produktas\/einu-tau-is-paskos\/#primaryimage"},"thumbnailUrl":"https:\/\/skaitytaknyga.lt\/wp-content\/uploads\/2026\/02\/Einu-tau-is-paskos-1.webp","datePublished":"2026-02-27T10:03:26+00:00","dateModified":"2026-03-05T10:50:26+00:00","description":"Yra dur\u0173, kuri\u0173 geriau niekada neatidaryti. Yra dur\u0173, kuri\u0173 ne\u012fmanoma u\u017everti. Taikus ir laimingas D\u017eoanos Palmer gyvenimas tuoj baigsis. A\u0161\u0105 \u2014 mylim\u0105","breadcrumb":{"@id":"https:\/\/skaitytaknyga.lt\/produktas\/einu-tau-is-paskos\/#breadcrumb"},"inLanguage":"en-GB","potentialAction":[{"@type":"ReadAction","target":["https:\/\/skaitytaknyga.lt\/produktas\/einu-tau-is-paskos\/"]}]},{"@type":"ImageObject","inLanguage":"en-GB","@id":"https:\/\/skaitytaknyga.lt\/produktas\/einu-tau-is-paskos\/#primaryimage","url":"https:\/\/skaitytaknyga.lt\/wp-content\/uploads\/2026\/02\/Einu-tau-is-paskos-1.webp","contentUrl":"https:\/\/skaitytaknyga.lt\/wp-content\/uploads\/2026\/02\/Einu-tau-is-paskos-1.webp","width":300,"height":452,"caption":"Einu tau i\u0161 paskos"},{"@type":"BreadcrumbList","@id":"https:\/\/skaitytaknyga.lt\/produktas\/einu-tau-is-paskos\/#breadcrumb","itemListElement":[{"@type":"ListItem","position":1,"name":"Home","item":"https:\/\/skaitytaknyga.lt\/"},{"@type":"ListItem","position":2,"name":"Parduotuv\u0117","item":"https:\/\/skaitytaknyga.lt\/knygu-parduotuve\/"},{"@type":"ListItem","position":3,"name":"Einu tau i\u0161 paskos"}]},{"@type":"WebSite","@id":"https:\/\/skaitytaknyga.lt\/#website","url":"https:\/\/skaitytaknyga.lt\/","name":"skaitytaknyga.lt","description":"Skaitytaknyga.lt \u2013 tai ma\u017eas \u0161eimos verslas, kuris prasid\u0117jo nuo meil\u0117s knygoms ir siekio i\u0161gelb\u0117ti knygas nuo likimo prie konteinerio. Kas vienam nereikalingas daiktas \u2013 kitam lobis, o mes esame tarpininkai, kurie padeda abiems tapti laimingesniems ???? \u017dinome kaip nelengva i\u0161gyventi ma\u017eiems verslams, tad nuo \u0161iol, \u010dia rasite ir kit\u0173, ma\u017e\u0173 \u0161eim\u0173 versl\u0173, rank\u0173 darbo, dovan\u0173 sau ir artimiesiems.","publisher":{"@id":"https:\/\/skaitytaknyga.lt\/#organization"},"potentialAction":[{"@type":"SearchAction","target":{"@type":"EntryPoint","urlTemplate":"https:\/\/skaitytaknyga.lt\/?s={search_term_string}"},"query-input":{"@type":"PropertyValueSpecification","valueRequired":true,"valueName":"search_term_string"}}],"inLanguage":"en-GB"},{"@type":"Organization","@id":"https:\/\/skaitytaknyga.lt\/#organization","name":"skaitytaknyga.lt","url":"https:\/\/skaitytaknyga.lt\/","logo":{"@type":"ImageObject","inLanguage":"en-GB","@id":"https:\/\/skaitytaknyga.lt\/#\/schema\/logo\/image\/","url":"https:\/\/skaitytaknyga.lt\/wp-content\/uploads\/2024\/05\/cropped-cropped-cropped-02_00843_jt3bggkj1j3HLc7SyY6rEUpg.jpeg","contentUrl":"https:\/\/skaitytaknyga.lt\/wp-content\/uploads\/2024\/05\/cropped-cropped-cropped-02_00843_jt3bggkj1j3HLc7SyY6rEUpg.jpeg","width":1600,"height":1600,"caption":"skaitytaknyga.lt"},"image":{"@id":"https:\/\/skaitytaknyga.lt\/#\/schema\/logo\/image\/"},"sameAs":["https:\/\/www.facebook.com\/skaitytaknyga\/"]}]}},"_links":{"self":[{"href":"https:\/\/skaitytaknyga.lt\/en\/wp-json\/wp\/v2\/product\/23218","targetHints":{"allow":["GET"]}}],"collection":[{"href":"https:\/\/skaitytaknyga.lt\/en\/wp-json\/wp\/v2\/product"}],"about":[{"href":"https:\/\/skaitytaknyga.lt\/en\/wp-json\/wp\/v2\/types\/product"}],"replies":[{"embeddable":true,"href":"https:\/\/skaitytaknyga.lt\/en\/wp-json\/wp\/v2\/comments?post=23218"}],"wp:featuredmedia":[{"embeddable":true,"href":"https:\/\/skaitytaknyga.lt\/en\/wp-json\/wp\/v2\/media\/23227"}],"wp:attachment":[{"href":"https:\/\/skaitytaknyga.lt\/en\/wp-json\/wp\/v2\/media?parent=23218"}],"wp:term":[{"taxonomy":"product_brand","embeddable":true,"href":"https:\/\/skaitytaknyga.lt\/en\/wp-json\/wp\/v2\/product_brand?post=23218"},{"taxonomy":"product_cat","embeddable":true,"href":"https:\/\/skaitytaknyga.lt\/en\/wp-json\/wp\/v2\/product_cat?post=23218"},{"taxonomy":"product_tag","embeddable":true,"href":"https:\/\/skaitytaknyga.lt\/en\/wp-json\/wp\/v2\/product_tag?post=23218"}],"curies":[{"name":"wp","href":"https:\/\/api.w.org\/{rel}","templated":true}]}}