{"id":23217,"date":"2026-02-27T12:03:25","date_gmt":"2026-02-27T10:03:25","guid":{"rendered":"https:\/\/skaitytaknyga.lt\/?post_type=product&#038;p=23217"},"modified":"2026-03-05T13:05:48","modified_gmt":"2026-03-05T11:05:48","slug":"sveciu-sarasas","status":"publish","type":"product","link":"https:\/\/skaitytaknyga.lt\/en\/produktas\/sveciu-sarasas\/","title":{"rendered":"Sve\u010di\u0173 s\u0105ra\u0161as"},"content":{"rendered":"<p>Vestuvi\u0173 \u0161vent\u0117 virsta \u0161iurpia puota.<\/p>\n<p>\u012e Airijos pakrant\u0117je st\u016bksan\u010di\u0105 sal\u0105 \u0161v\u0119sti dviej\u0173 jaun\u0173 \u017emoni\u0173 bendro gyvenimo prad\u017eios renkasi minia sve\u010di\u0173. Jaunikis \u2014 \u017eavinga kylanti televizijos \u017evaig\u017ed\u0117; nuotaka \u2014 ambicinga internetinio \u017eurnalo leid\u0117ja. Tuoktuv\u0117s kaip tik blizgi\u0173j\u0173 \u017eurnal\u0173 puslapiams: dizainerio sukurta suknel\u0117, nuo\u0161ali sala, ypatingas meniu, ekskliuzyvinis viskis. Nors telefono ry\u0161ys tr\u016bkin\u0117ja, o j\u016bra nerimsta, viskas suplanuota iki menkiausios smulkmenos.<\/p>\n<p>Bet tobuli tik planai, o \u017emon\u0117s t\u0117ra \u017emon\u0117s. I\u0161\u0161ovus \u0161ampanui ir \u0161ventei prasid\u0117jus, su link\u0117jimais ima smelktis apmaudas, pavydas ir prisiminimai. Pabroliai ima \u017eaisti mokyklos laik\u0173 \u017eaidim\u0105. Vienintel\u0117 pamerg\u0117 sugadina suknel\u0119. Seniausias nuotakos draugas perlenkia lazd\u0105 sakydamas tost\u0105. Ir kai kas randamas negyvas.<\/p>\n","protected":false},"excerpt":{"rendered":"<p>Vestuvi\u0173 \u0161vent\u0117 virsta \u0161iurpia puota. \u012e Airijos pakrant\u0117je st\u016bksan\u010di\u0105 sal\u0105 \u0161v\u0119sti dviej\u0173 jaun\u0173 \u017emoni\u0173 bendro gyvenimo prad\u017eios renkasi minia sve\u010di\u0173. Jaunikis \u2014 \u017eavinga kylanti televizijos \u017evaig\u017ed\u0117; nuotaka \u2014 ambicinga internetinio \u017eurnalo leid\u0117ja. Tuoktuv\u0117s kaip tik blizgi\u0173j\u0173 \u017eurnal\u0173 puslapiams: dizainerio sukurta suknel\u0117, nuo\u0161ali sala, ypatingas meniu, ekskliuzyvinis viskis. Nors telefono ry\u0161ys tr\u016bkin\u0117ja, o j\u016bra nerimsta, viskas suplanuota iki menkiausios smulkmenos. Bet tobuli tik planai, o \u017emon\u0117s t\u0117ra \u017emon\u0117s. I\u0161\u0161ovus \u0161ampanui ir \u0161ventei prasid\u0117jus, su link\u0117jimais ima smelktis apmaudas, pavydas ir prisiminimai. Pabroliai ima \u017eaisti mokyklos laik\u0173 \u017eaidim\u0105. Vienintel\u0117 pamerg\u0117 sugadina suknel\u0119. Seniausias nuotakos draugas perlenkia lazd\u0105 sakydamas tost\u0105. Ir kai kas randamas negyvas.<\/p>\n","protected":false},"featured_media":23222,"comment_status":"open","ping_status":"closed","template":"","meta":{"_acf_changed":false,"site-sidebar-layout":"default","site-content-layout":"","ast-site-content-layout":"default","site-content-style":"default","site-sidebar-style":"default","ast-global-header-display":"","ast-banner-title-visibility":"","ast-main-header-display":"","ast-hfb-above-header-display":"","ast-hfb-below-header-display":"","ast-hfb-mobile-header-display":"","site-post-title":"","ast-breadcrumbs-content":"","ast-featured-img":"","footer-sml-layout":"","ast-disable-related-posts":"","theme-transparent-header-meta":"","adv-header-id-meta":"","stick-header-meta":"","header-above-stick-meta":"","header-main-stick-meta":"","header-below-stick-meta":"","astra-migrate-meta-layouts":"default","ast-page-background-enabled":"default","ast-page-background-meta":{"desktop":{"background-color":"","background-image":"","background-repeat":"repeat","background-position":"center center","background-size":"auto","background-attachment":"scroll","background-type":"","background-media":"","overlay-type":"","overlay-color":"","overlay-opacity":"","overlay-gradient":""},"tablet":{"background-color":"","background-image":"","background-repeat":"repeat","background-position":"center center","background-size":"auto","background-attachment":"scroll","background-type":"","background-media":"","overlay-type":"","overlay-color":"","overlay-opacity":"","overlay-gradient":""},"mobile":{"background-color":"","background-image":"","background-repeat":"repeat","background-position":"center center","background-size":"auto","background-attachment":"scroll","background-type":"","background-media":"","overlay-type":"","overlay-color":"","overlay-opacity":"","overlay-gradient":""}},"ast-content-background-meta":{"desktop":{"background-color":"var(--ast-global-color-4)","background-image":"","background-repeat":"repeat","background-position":"center center","background-size":"auto","background-attachment":"scroll","background-type":"","background-media":"","overlay-type":"","overlay-color":"","overlay-opacity":"","overlay-gradient":""},"tablet":{"background-color":"var(--ast-global-color-4)","background-image":"","background-repeat":"repeat","background-position":"center center","background-size":"auto","background-attachment":"scroll","background-type":"","background-media":"","overlay-type":"","overlay-color":"","overlay-opacity":"","overlay-gradient":""},"mobile":{"background-color":"var(--ast-global-color-4)","background-image":"","background-repeat":"repeat","background-position":"center center","background-size":"auto","background-attachment":"scroll","background-type":"","background-media":"","overlay-type":"","overlay-color":"","overlay-opacity":"","overlay-gradient":""}}},"product_brand":[],"product_cat":[9580],"product_tag":[9537],"class_list":{"0":"post-23217","1":"product","2":"type-product","3":"status-publish","4":"has-post-thumbnail","6":"product_cat-psichologiniai-detektyvai","7":"product_tag-lucy-foley","8":"desktop-align-left","9":"tablet-align-left","10":"mobile-align-left","12":"first","13":"instock","14":"shipping-taxable","15":"purchasable","16":"product-type-simple"},"acf":[],"yoast_head":"<!-- This site is optimized with the Yoast SEO plugin v27.0 - https:\/\/yoast.com\/product\/yoast-seo-wordpress\/ -->\n<title>Sve\u010di\u0173 s\u0105ra\u0161as<\/title>\n<meta name=\"description\" content=\"Vestuvi\u0173 \u0161vent\u0117 virsta \u0161iurpia puota. \u012e Airijos pakrant\u0117je st\u016bksan\u010di\u0105 sal\u0105 \u0161v\u0119sti dviej\u0173 jaun\u0173 \u017emoni\u0173 bendro gyvenimo prad\u017eios renkasi minia sve\u010di\u0173.\" \/>\n<meta name=\"robots\" content=\"index, follow, max-snippet:-1, max-image-preview:large, max-video-preview:-1\" \/>\n<link rel=\"canonical\" href=\"https:\/\/skaitytaknyga.lt\/en\/produktas\/sveciu-sarasas\/\" \/>\n<meta property=\"og:locale\" content=\"en_GB\" \/>\n<meta property=\"og:locale:alternate\" content=\"lt_LT\" \/>\n<meta property=\"og:type\" content=\"article\" \/>\n<meta property=\"og:title\" content=\"Sve\u010di\u0173 s\u0105ra\u0161as\" \/>\n<meta property=\"og:description\" content=\"Vestuvi\u0173 \u0161vent\u0117 virsta \u0161iurpia puota. \u012e Airijos pakrant\u0117je st\u016bksan\u010di\u0105 sal\u0105 \u0161v\u0119sti dviej\u0173 jaun\u0173 \u017emoni\u0173 bendro gyvenimo prad\u017eios renkasi minia sve\u010di\u0173.\" \/>\n<meta property=\"og:url\" content=\"https:\/\/skaitytaknyga.lt\/en\/produktas\/sveciu-sarasas\/\" \/>\n<meta property=\"og:site_name\" content=\"Skaitytaknyga\" \/>\n<meta property=\"article:publisher\" content=\"https:\/\/www.facebook.com\/skaitytaknyga\/\" \/>\n<meta property=\"article:modified_time\" content=\"2026-03-05T11:05:48+00:00\" \/>\n<meta property=\"og:image\" content=\"https:\/\/skaitytaknyga.lt\/wp-content\/uploads\/2026\/02\/Sveciu-sarasas-1.webp\" \/>\n\t<meta property=\"og:image:width\" content=\"300\" \/>\n\t<meta property=\"og:image:height\" content=\"456\" \/>\n\t<meta property=\"og:image:type\" content=\"image\/webp\" \/>\n<meta name=\"twitter:card\" content=\"summary_large_image\" \/>\n<meta name=\"twitter:label1\" content=\"Estimated reading time\" \/>\n\t<meta name=\"twitter:data1\" content=\"1 minute\" \/>\n<script type=\"application\/ld+json\" class=\"yoast-schema-graph\">{\"@context\":\"https:\/\/schema.org\",\"@graph\":[{\"@type\":\"WebPage\",\"@id\":\"https:\/\/skaitytaknyga.lt\/produktas\/sveciu-sarasas\/\",\"url\":\"https:\/\/skaitytaknyga.lt\/produktas\/sveciu-sarasas\/\",\"name\":\"Sve\u010di\u0173 s\u0105ra\u0161as\",\"isPartOf\":{\"@id\":\"https:\/\/skaitytaknyga.lt\/#website\"},\"primaryImageOfPage\":{\"@id\":\"https:\/\/skaitytaknyga.lt\/produktas\/sveciu-sarasas\/#primaryimage\"},\"image\":{\"@id\":\"https:\/\/skaitytaknyga.lt\/produktas\/sveciu-sarasas\/#primaryimage\"},\"thumbnailUrl\":\"https:\/\/skaitytaknyga.lt\/wp-content\/uploads\/2026\/02\/Sveciu-sarasas-1.webp\",\"datePublished\":\"2026-02-27T10:03:25+00:00\",\"dateModified\":\"2026-03-05T11:05:48+00:00\",\"description\":\"Vestuvi\u0173 \u0161vent\u0117 virsta \u0161iurpia puota. \u012e Airijos pakrant\u0117je st\u016bksan\u010di\u0105 sal\u0105 \u0161v\u0119sti dviej\u0173 jaun\u0173 \u017emoni\u0173 bendro gyvenimo prad\u017eios renkasi minia sve\u010di\u0173.\",\"breadcrumb\":{\"@id\":\"https:\/\/skaitytaknyga.lt\/produktas\/sveciu-sarasas\/#breadcrumb\"},\"inLanguage\":\"en-GB\",\"potentialAction\":[{\"@type\":\"ReadAction\",\"target\":[\"https:\/\/skaitytaknyga.lt\/produktas\/sveciu-sarasas\/\"]}]},{\"@type\":\"ImageObject\",\"inLanguage\":\"en-GB\",\"@id\":\"https:\/\/skaitytaknyga.lt\/produktas\/sveciu-sarasas\/#primaryimage\",\"url\":\"https:\/\/skaitytaknyga.lt\/wp-content\/uploads\/2026\/02\/Sveciu-sarasas-1.webp\",\"contentUrl\":\"https:\/\/skaitytaknyga.lt\/wp-content\/uploads\/2026\/02\/Sveciu-sarasas-1.webp\",\"width\":300,\"height\":456,\"caption\":\"Sve\u010di\u0173 s\u0105ra\u0161as\"},{\"@type\":\"BreadcrumbList\",\"@id\":\"https:\/\/skaitytaknyga.lt\/produktas\/sveciu-sarasas\/#breadcrumb\",\"itemListElement\":[{\"@type\":\"ListItem\",\"position\":1,\"name\":\"Home\",\"item\":\"https:\/\/skaitytaknyga.lt\/\"},{\"@type\":\"ListItem\",\"position\":2,\"name\":\"Parduotuv\u0117\",\"item\":\"https:\/\/skaitytaknyga.lt\/knygu-parduotuve\/\"},{\"@type\":\"ListItem\",\"position\":3,\"name\":\"Sve\u010di\u0173 s\u0105ra\u0161as\"}]},{\"@type\":\"WebSite\",\"@id\":\"https:\/\/skaitytaknyga.lt\/#website\",\"url\":\"https:\/\/skaitytaknyga.lt\/\",\"name\":\"skaitytaknyga.lt\",\"description\":\"Skaitytaknyga.lt \u2013 tai ma\u017eas \u0161eimos verslas, kuris prasid\u0117jo nuo meil\u0117s knygoms ir siekio i\u0161gelb\u0117ti knygas nuo likimo prie konteinerio. Kas vienam nereikalingas daiktas \u2013 kitam lobis, o mes esame tarpininkai, kurie padeda abiems tapti laimingesniems ???? \u017dinome kaip nelengva i\u0161gyventi ma\u017eiems verslams, tad nuo \u0161iol, \u010dia rasite ir kit\u0173, ma\u017e\u0173 \u0161eim\u0173 versl\u0173, rank\u0173 darbo, dovan\u0173 sau ir artimiesiems.\",\"publisher\":{\"@id\":\"https:\/\/skaitytaknyga.lt\/#organization\"},\"potentialAction\":[{\"@type\":\"SearchAction\",\"target\":{\"@type\":\"EntryPoint\",\"urlTemplate\":\"https:\/\/skaitytaknyga.lt\/?s={search_term_string}\"},\"query-input\":{\"@type\":\"PropertyValueSpecification\",\"valueRequired\":true,\"valueName\":\"search_term_string\"}}],\"inLanguage\":\"en-GB\"},{\"@type\":\"Organization\",\"@id\":\"https:\/\/skaitytaknyga.lt\/#organization\",\"name\":\"skaitytaknyga.lt\",\"url\":\"https:\/\/skaitytaknyga.lt\/\",\"logo\":{\"@type\":\"ImageObject\",\"inLanguage\":\"en-GB\",\"@id\":\"https:\/\/skaitytaknyga.lt\/#\/schema\/logo\/image\/\",\"url\":\"https:\/\/skaitytaknyga.lt\/wp-content\/uploads\/2024\/05\/cropped-cropped-cropped-02_00843_jt3bggkj1j3HLc7SyY6rEUpg.jpeg\",\"contentUrl\":\"https:\/\/skaitytaknyga.lt\/wp-content\/uploads\/2024\/05\/cropped-cropped-cropped-02_00843_jt3bggkj1j3HLc7SyY6rEUpg.jpeg\",\"width\":1600,\"height\":1600,\"caption\":\"skaitytaknyga.lt\"},\"image\":{\"@id\":\"https:\/\/skaitytaknyga.lt\/#\/schema\/logo\/image\/\"},\"sameAs\":[\"https:\/\/www.facebook.com\/skaitytaknyga\/\"]}]}<\/script>\n<!-- \/ Yoast SEO plugin. -->","yoast_head_json":{"title":"Sve\u010di\u0173 s\u0105ra\u0161as","description":"Vestuvi\u0173 \u0161vent\u0117 virsta \u0161iurpia puota. \u012e Airijos pakrant\u0117je st\u016bksan\u010di\u0105 sal\u0105 \u0161v\u0119sti dviej\u0173 jaun\u0173 \u017emoni\u0173 bendro gyvenimo prad\u017eios renkasi minia sve\u010di\u0173.","robots":{"index":"index","follow":"follow","max-snippet":"max-snippet:-1","max-image-preview":"max-image-preview:large","max-video-preview":"max-video-preview:-1"},"canonical":"https:\/\/skaitytaknyga.lt\/en\/produktas\/sveciu-sarasas\/","og_locale":"en_GB","og_type":"article","og_title":"[:lt]Sve\u010di\u0173 s\u0105ra\u0161as[:] - Skaitytaknyga","og_description":"Vestuvi\u0173 \u0161vent\u0117 virsta \u0161iurpia puota. \u012e Airijos pakrant\u0117je st\u016bksan\u010di\u0105 sal\u0105 \u0161v\u0119sti dviej\u0173 jaun\u0173 \u017emoni\u0173 bendro gyvenimo prad\u017eios renkasi minia sve\u010di\u0173.","og_url":"https:\/\/skaitytaknyga.lt\/en\/produktas\/sveciu-sarasas\/","og_site_name":"Skaitytaknyga","article_publisher":"https:\/\/www.facebook.com\/skaitytaknyga\/","article_modified_time":"2026-03-05T11:05:48+00:00","og_image":[{"width":300,"height":456,"url":"https:\/\/skaitytaknyga.lt\/wp-content\/uploads\/2026\/02\/Sveciu-sarasas-1.webp","type":"image\/webp"}],"twitter_card":"summary_large_image","twitter_misc":{"Estimated reading time":"1 minute"},"schema":{"@context":"https:\/\/schema.org","@graph":[{"@type":"WebPage","@id":"https:\/\/skaitytaknyga.lt\/produktas\/sveciu-sarasas\/","url":"https:\/\/skaitytaknyga.lt\/produktas\/sveciu-sarasas\/","name":"Sve\u010di\u0173 s\u0105ra\u0161as","isPartOf":{"@id":"https:\/\/skaitytaknyga.lt\/#website"},"primaryImageOfPage":{"@id":"https:\/\/skaitytaknyga.lt\/produktas\/sveciu-sarasas\/#primaryimage"},"image":{"@id":"https:\/\/skaitytaknyga.lt\/produktas\/sveciu-sarasas\/#primaryimage"},"thumbnailUrl":"https:\/\/skaitytaknyga.lt\/wp-content\/uploads\/2026\/02\/Sveciu-sarasas-1.webp","datePublished":"2026-02-27T10:03:25+00:00","dateModified":"2026-03-05T11:05:48+00:00","description":"Vestuvi\u0173 \u0161vent\u0117 virsta \u0161iurpia puota. \u012e Airijos pakrant\u0117je st\u016bksan\u010di\u0105 sal\u0105 \u0161v\u0119sti dviej\u0173 jaun\u0173 \u017emoni\u0173 bendro gyvenimo prad\u017eios renkasi minia sve\u010di\u0173.","breadcrumb":{"@id":"https:\/\/skaitytaknyga.lt\/produktas\/sveciu-sarasas\/#breadcrumb"},"inLanguage":"en-GB","potentialAction":[{"@type":"ReadAction","target":["https:\/\/skaitytaknyga.lt\/produktas\/sveciu-sarasas\/"]}]},{"@type":"ImageObject","inLanguage":"en-GB","@id":"https:\/\/skaitytaknyga.lt\/produktas\/sveciu-sarasas\/#primaryimage","url":"https:\/\/skaitytaknyga.lt\/wp-content\/uploads\/2026\/02\/Sveciu-sarasas-1.webp","contentUrl":"https:\/\/skaitytaknyga.lt\/wp-content\/uploads\/2026\/02\/Sveciu-sarasas-1.webp","width":300,"height":456,"caption":"Sve\u010di\u0173 s\u0105ra\u0161as"},{"@type":"BreadcrumbList","@id":"https:\/\/skaitytaknyga.lt\/produktas\/sveciu-sarasas\/#breadcrumb","itemListElement":[{"@type":"ListItem","position":1,"name":"Home","item":"https:\/\/skaitytaknyga.lt\/"},{"@type":"ListItem","position":2,"name":"Parduotuv\u0117","item":"https:\/\/skaitytaknyga.lt\/knygu-parduotuve\/"},{"@type":"ListItem","position":3,"name":"Sve\u010di\u0173 s\u0105ra\u0161as"}]},{"@type":"WebSite","@id":"https:\/\/skaitytaknyga.lt\/#website","url":"https:\/\/skaitytaknyga.lt\/","name":"skaitytaknyga.lt","description":"Skaitytaknyga.lt \u2013 tai ma\u017eas \u0161eimos verslas, kuris prasid\u0117jo nuo meil\u0117s knygoms ir siekio i\u0161gelb\u0117ti knygas nuo likimo prie konteinerio. Kas vienam nereikalingas daiktas \u2013 kitam lobis, o mes esame tarpininkai, kurie padeda abiems tapti laimingesniems ???? \u017dinome kaip nelengva i\u0161gyventi ma\u017eiems verslams, tad nuo \u0161iol, \u010dia rasite ir kit\u0173, ma\u017e\u0173 \u0161eim\u0173 versl\u0173, rank\u0173 darbo, dovan\u0173 sau ir artimiesiems.","publisher":{"@id":"https:\/\/skaitytaknyga.lt\/#organization"},"potentialAction":[{"@type":"SearchAction","target":{"@type":"EntryPoint","urlTemplate":"https:\/\/skaitytaknyga.lt\/?s={search_term_string}"},"query-input":{"@type":"PropertyValueSpecification","valueRequired":true,"valueName":"search_term_string"}}],"inLanguage":"en-GB"},{"@type":"Organization","@id":"https:\/\/skaitytaknyga.lt\/#organization","name":"skaitytaknyga.lt","url":"https:\/\/skaitytaknyga.lt\/","logo":{"@type":"ImageObject","inLanguage":"en-GB","@id":"https:\/\/skaitytaknyga.lt\/#\/schema\/logo\/image\/","url":"https:\/\/skaitytaknyga.lt\/wp-content\/uploads\/2024\/05\/cropped-cropped-cropped-02_00843_jt3bggkj1j3HLc7SyY6rEUpg.jpeg","contentUrl":"https:\/\/skaitytaknyga.lt\/wp-content\/uploads\/2024\/05\/cropped-cropped-cropped-02_00843_jt3bggkj1j3HLc7SyY6rEUpg.jpeg","width":1600,"height":1600,"caption":"skaitytaknyga.lt"},"image":{"@id":"https:\/\/skaitytaknyga.lt\/#\/schema\/logo\/image\/"},"sameAs":["https:\/\/www.facebook.com\/skaitytaknyga\/"]}]}},"_links":{"self":[{"href":"https:\/\/skaitytaknyga.lt\/en\/wp-json\/wp\/v2\/product\/23217","targetHints":{"allow":["GET"]}}],"collection":[{"href":"https:\/\/skaitytaknyga.lt\/en\/wp-json\/wp\/v2\/product"}],"about":[{"href":"https:\/\/skaitytaknyga.lt\/en\/wp-json\/wp\/v2\/types\/product"}],"replies":[{"embeddable":true,"href":"https:\/\/skaitytaknyga.lt\/en\/wp-json\/wp\/v2\/comments?post=23217"}],"wp:featuredmedia":[{"embeddable":true,"href":"https:\/\/skaitytaknyga.lt\/en\/wp-json\/wp\/v2\/media\/23222"}],"wp:attachment":[{"href":"https:\/\/skaitytaknyga.lt\/en\/wp-json\/wp\/v2\/media?parent=23217"}],"wp:term":[{"taxonomy":"product_brand","embeddable":true,"href":"https:\/\/skaitytaknyga.lt\/en\/wp-json\/wp\/v2\/product_brand?post=23217"},{"taxonomy":"product_cat","embeddable":true,"href":"https:\/\/skaitytaknyga.lt\/en\/wp-json\/wp\/v2\/product_cat?post=23217"},{"taxonomy":"product_tag","embeddable":true,"href":"https:\/\/skaitytaknyga.lt\/en\/wp-json\/wp\/v2\/product_tag?post=23217"}],"curies":[{"name":"wp","href":"https:\/\/api.w.org\/{rel}","templated":true}]}}