{"id":2321,"date":"2024-04-17T13:07:43","date_gmt":"2024-04-17T13:07:43","guid":{"rendered":"https:\/\/skaitytaknyga.lt\/?post_type=product&#038;p=2321"},"modified":"2025-11-09T14:41:01","modified_gmt":"2025-11-09T12:41:01","slug":"prie-baltijos-ir-japonijos-juru","status":"publish","type":"product","link":"https:\/\/skaitytaknyga.lt\/en\/produktas\/prie-baltijos-ir-japonijos-juru\/","title":{"rendered":"Prie Baltijos ir Japonijos j\u016br\u0173"},"content":{"rendered":"<p>Povilas Kapustinskas\u00a0gim\u0117 1928 m. liepos 12 d. Roki\u0161kio apskrities Panemunio vals\u010diaus Si\u010di\u016bn\u0173 kaime.<\/p>\n<p>Su didel\u0117mis pertraukomis, kai kuri\u0173 klasi\u0173 egzaminus laikydamas eksternu, mok\u0117si Panemunyje, Pand\u0117lyje ir Roki\u0161kyje. Atlik\u0119s privalom\u0105 karin\u0119 tarnyb\u0105, 1954 m. vidurin\u012f moksl\u0105 u\u017ebaig\u0117 Vilniaus 1-oje darbo jaunimo mokykloje. V\u0117liau \u012fstojo \u012f Vilniaus universiteto Istorijos-filologijos fakulteto neakivaizdin\u012f skyri\u0173, bet buvo sunku darb\u0105 suderinti su mokslu, ir studijas teko nutraukti.<\/p>\n<p>Darbin\u0119 veikl\u0105 galima nusakyti keturiais daiktais: botagas, dalgis, patranka ir geologini\u0173 ekspedicij\u0173 kuprin\u0117.<\/p>\n<p>Dirbdamas laisvai samdomu darbuotoju ekspedicijoje Vakar\u0173 Sibire ir Tolimuosiuose Rytuose, dienora\u0161\u010diuose prisiminimui u\u017esira\u0161in\u0117jo kaip ir kokioje aplinkoje \u017emon\u0117s gyvena, kas vyksta greta, \u0161alyje ir Pasaulyje. Juose u\u017esira\u0161in\u0117jo kai k\u0105, kas tada buvo sekretno, ir kai k\u0105 net dokumenti\u0161kai tiksliai. D\u0117l \u012fvairumo ra\u0161\u0117 ir eil\u0117mis. Dalis per keturis de\u0161imtme\u010dius dar nei\u0161barstyt\u0173 eiliuot\u0173 u\u017era\u0161\u0173 i\u0161spausdinta knygoje \u201eEiliuoti u\u017era\u0161ai\u201c, o dienora\u0161\u010diai \u2013 knygose \u201eSajanuose\u201c ir \u201eTolimais mar\u0161rutais\u201c.<\/p>\n","protected":false},"excerpt":{"rendered":"<p>Povilas Kapustinskas\u00a0gim\u0117 1928 m. liepos 12 d. Roki\u0161kio apskrities Panemunio vals\u010diaus Si\u010di\u016bn\u0173 kaime. Su didel\u0117mis pertraukomis, kai kuri\u0173 klasi\u0173 egzaminus laikydamas eksternu, mok\u0117si Panemunyje, Pand\u0117lyje ir Roki\u0161kyje. Atlik\u0119s privalom\u0105 karin\u0119 tarnyb\u0105, 1954 m. vidurin\u012f moksl\u0105 u\u017ebaig\u0117 Vilniaus 1-oje darbo jaunimo mokykloje. V\u0117liau \u012fstojo \u012f Vilniaus universiteto Istorijos-filologijos fakulteto neakivaizdin\u012f skyri\u0173, bet buvo sunku darb\u0105 suderinti su mokslu, ir studijas teko nutraukti. Darbin\u0119 veikl\u0105 galima nusakyti keturiais daiktais: botagas, dalgis, patranka ir geologini\u0173 ekspedicij\u0173 kuprin\u0117. Dirbdamas laisvai samdomu darbuotoju ekspedicijoje Vakar\u0173 Sibire ir Tolimuosiuose Rytuose, dienora\u0161\u010diuose prisiminimui u\u017esira\u0161in\u0117jo kaip ir kokioje aplinkoje \u017emon\u0117s gyvena, kas vyksta greta, \u0161alyje ir Pasaulyje. Juose u\u017esira\u0161in\u0117jo kai k\u0105, kas tada buvo sekretno, ir kai k\u0105 net dokumenti\u0161kai tiksliai. D\u0117l \u012fvairumo ra\u0161\u0117 ir eil\u0117mis. Dalis per keturis de\u0161imtme\u010dius dar nei\u0161barstyt\u0173 eiliuot\u0173 u\u017era\u0161\u0173 i\u0161spausdinta knygoje \u201eEiliuoti u\u017era\u0161ai\u201c, o dienora\u0161\u010diai \u2013 knygose \u201eSajanuose\u201c ir \u201eTolimais mar\u0161rutais\u201c.<\/p>\n","protected":false},"featured_media":2370,"comment_status":"closed","ping_status":"closed","template":"","meta":{"_acf_changed":false,"site-sidebar-layout":"default","site-content-layout":"","ast-site-content-layout":"default","site-content-style":"default","site-sidebar-style":"default","ast-global-header-display":"","ast-banner-title-visibility":"","ast-main-header-display":"","ast-hfb-above-header-display":"","ast-hfb-below-header-display":"","ast-hfb-mobile-header-display":"","site-post-title":"","ast-breadcrumbs-content":"","ast-featured-img":"","footer-sml-layout":"","ast-disable-related-posts":"","theme-transparent-header-meta":"default","adv-header-id-meta":"","stick-header-meta":"","header-above-stick-meta":"","header-main-stick-meta":"","header-below-stick-meta":"","astra-migrate-meta-layouts":"set","ast-page-background-enabled":"default","ast-page-background-meta":{"desktop":{"background-color":"","background-image":"","background-repeat":"repeat","background-position":"center center","background-size":"auto","background-attachment":"scroll","background-type":"","background-media":"","overlay-type":"","overlay-color":"","overlay-opacity":"","overlay-gradient":""},"tablet":{"background-color":"","background-image":"","background-repeat":"repeat","background-position":"center center","background-size":"auto","background-attachment":"scroll","background-type":"","background-media":"","overlay-type":"","overlay-color":"","overlay-opacity":"","overlay-gradient":""},"mobile":{"background-color":"","background-image":"","background-repeat":"repeat","background-position":"center center","background-size":"auto","background-attachment":"scroll","background-type":"","background-media":"","overlay-type":"","overlay-color":"","overlay-opacity":"","overlay-gradient":""}},"ast-content-background-meta":{"desktop":{"background-color":"var(--ast-global-color-4)","background-image":"","background-repeat":"repeat","background-position":"center center","background-size":"auto","background-attachment":"scroll","background-type":"","background-media":"","overlay-type":"","overlay-color":"","overlay-opacity":"","overlay-gradient":""},"tablet":{"background-color":"var(--ast-global-color-4)","background-image":"","background-repeat":"repeat","background-position":"center center","background-size":"auto","background-attachment":"scroll","background-type":"","background-media":"","overlay-type":"","overlay-color":"","overlay-opacity":"","overlay-gradient":""},"mobile":{"background-color":"var(--ast-global-color-4)","background-image":"","background-repeat":"repeat","background-position":"center center","background-size":"auto","background-attachment":"scroll","background-type":"","background-media":"","overlay-type":"","overlay-color":"","overlay-opacity":"","overlay-gradient":""}}},"product_brand":[],"product_cat":[269],"product_tag":[1349,3879,4770,4771,3047],"class_list":{"0":"post-2321","1":"product","2":"type-product","3":"status-publish","4":"has-post-thumbnail","6":"product_cat-gamtos-mokslai","7":"product_tag-atsiminimai","8":"product_tag-dienorasciai","9":"product_tag-geologija","10":"product_tag-p-kapustinskas","11":"product_tag-sibiras","12":"desktop-align-left","13":"tablet-align-left","14":"mobile-align-left","16":"first","17":"instock","18":"shipping-taxable","19":"purchasable","20":"product-type-simple"},"acf":[],"yoast_head":"<!-- This site is optimized with the Yoast SEO plugin v27.0 - https:\/\/yoast.com\/product\/yoast-seo-wordpress\/ -->\n<title>Prie Baltijos ir Japonijos j\u016br\u0173<\/title>\n<meta name=\"description\" content=\"Povilas Kapustinskas\u00a0gim\u0117 1928 m. liepos 12 d. Roki\u0161kio apskrities Panemunio vals\u010diaus Si\u010di\u016bn\u0173 kaime. Su didel\u0117mis pertraukomis, kai kuri\u0173 klasi\u0173\" \/>\n<meta name=\"robots\" content=\"index, follow, max-snippet:-1, max-image-preview:large, max-video-preview:-1\" \/>\n<link rel=\"canonical\" href=\"https:\/\/skaitytaknyga.lt\/en\/produktas\/prie-baltijos-ir-japonijos-juru\/\" \/>\n<meta property=\"og:locale\" content=\"en_GB\" \/>\n<meta property=\"og:locale:alternate\" content=\"lt_LT\" \/>\n<meta property=\"og:type\" content=\"article\" \/>\n<meta property=\"og:title\" content=\"Prie Baltijos ir Japonijos j\u016br\u0173\" \/>\n<meta property=\"og:description\" content=\"Povilas Kapustinskas\u00a0gim\u0117 1928 m. liepos 12 d. Roki\u0161kio apskrities Panemunio vals\u010diaus Si\u010di\u016bn\u0173 kaime. Su didel\u0117mis pertraukomis, kai kuri\u0173 klasi\u0173\" \/>\n<meta property=\"og:url\" content=\"https:\/\/skaitytaknyga.lt\/en\/produktas\/prie-baltijos-ir-japonijos-juru\/\" \/>\n<meta property=\"og:site_name\" content=\"Skaitytaknyga\" \/>\n<meta property=\"article:publisher\" content=\"https:\/\/www.facebook.com\/skaitytaknyga\/\" \/>\n<meta property=\"article:modified_time\" content=\"2025-11-09T12:41:01+00:00\" \/>\n<meta property=\"og:image\" content=\"https:\/\/skaitytaknyga.lt\/wp-content\/uploads\/2024\/04\/1462875813_baltijo.jpg\" \/>\n\t<meta property=\"og:image:width\" content=\"293\" \/>\n\t<meta property=\"og:image:height\" content=\"430\" \/>\n\t<meta property=\"og:image:type\" content=\"image\/jpeg\" \/>\n<meta name=\"twitter:card\" content=\"summary_large_image\" \/>\n<meta name=\"twitter:label1\" content=\"Estimated reading time\" \/>\n\t<meta name=\"twitter:data1\" content=\"1 minute\" \/>\n<script type=\"application\/ld+json\" class=\"yoast-schema-graph\">{\"@context\":\"https:\/\/schema.org\",\"@graph\":[{\"@type\":\"WebPage\",\"@id\":\"https:\/\/skaitytaknyga.lt\/produktas\/prie-baltijos-ir-japonijos-juru\/\",\"url\":\"https:\/\/skaitytaknyga.lt\/produktas\/prie-baltijos-ir-japonijos-juru\/\",\"name\":\"Prie Baltijos ir Japonijos j\u016br\u0173\",\"isPartOf\":{\"@id\":\"https:\/\/skaitytaknyga.lt\/#website\"},\"primaryImageOfPage\":{\"@id\":\"https:\/\/skaitytaknyga.lt\/produktas\/prie-baltijos-ir-japonijos-juru\/#primaryimage\"},\"image\":{\"@id\":\"https:\/\/skaitytaknyga.lt\/produktas\/prie-baltijos-ir-japonijos-juru\/#primaryimage\"},\"thumbnailUrl\":\"https:\/\/skaitytaknyga.lt\/wp-content\/uploads\/2024\/04\/1462875813_baltijo.jpg\",\"datePublished\":\"2024-04-17T13:07:43+00:00\",\"dateModified\":\"2025-11-09T12:41:01+00:00\",\"description\":\"Povilas Kapustinskas\u00a0gim\u0117 1928 m. liepos 12 d. Roki\u0161kio apskrities Panemunio vals\u010diaus Si\u010di\u016bn\u0173 kaime. Su didel\u0117mis pertraukomis, kai kuri\u0173 klasi\u0173\",\"breadcrumb\":{\"@id\":\"https:\/\/skaitytaknyga.lt\/produktas\/prie-baltijos-ir-japonijos-juru\/#breadcrumb\"},\"inLanguage\":\"en-GB\",\"potentialAction\":[{\"@type\":\"ReadAction\",\"target\":[\"https:\/\/skaitytaknyga.lt\/produktas\/prie-baltijos-ir-japonijos-juru\/\"]}]},{\"@type\":\"ImageObject\",\"inLanguage\":\"en-GB\",\"@id\":\"https:\/\/skaitytaknyga.lt\/produktas\/prie-baltijos-ir-japonijos-juru\/#primaryimage\",\"url\":\"https:\/\/skaitytaknyga.lt\/wp-content\/uploads\/2024\/04\/1462875813_baltijo.jpg\",\"contentUrl\":\"https:\/\/skaitytaknyga.lt\/wp-content\/uploads\/2024\/04\/1462875813_baltijo.jpg\",\"width\":293,\"height\":430,\"caption\":\"Prie Baltijos ir Japonijos j\u016br\u0173\"},{\"@type\":\"BreadcrumbList\",\"@id\":\"https:\/\/skaitytaknyga.lt\/produktas\/prie-baltijos-ir-japonijos-juru\/#breadcrumb\",\"itemListElement\":[{\"@type\":\"ListItem\",\"position\":1,\"name\":\"Home\",\"item\":\"https:\/\/skaitytaknyga.lt\/\"},{\"@type\":\"ListItem\",\"position\":2,\"name\":\"Parduotuv\u0117\",\"item\":\"https:\/\/skaitytaknyga.lt\/knygu-parduotuve\/\"},{\"@type\":\"ListItem\",\"position\":3,\"name\":\"Prie Baltijos ir Japonijos j\u016br\u0173\"}]},{\"@type\":\"WebSite\",\"@id\":\"https:\/\/skaitytaknyga.lt\/#website\",\"url\":\"https:\/\/skaitytaknyga.lt\/\",\"name\":\"skaitytaknyga.lt\",\"description\":\"Skaitytaknyga.lt \u2013 tai ma\u017eas \u0161eimos verslas, kuris prasid\u0117jo nuo meil\u0117s knygoms ir siekio i\u0161gelb\u0117ti knygas nuo likimo prie konteinerio. Kas vienam nereikalingas daiktas \u2013 kitam lobis, o mes esame tarpininkai, kurie padeda abiems tapti laimingesniems ???? \u017dinome kaip nelengva i\u0161gyventi ma\u017eiems verslams, tad nuo \u0161iol, \u010dia rasite ir kit\u0173, ma\u017e\u0173 \u0161eim\u0173 versl\u0173, rank\u0173 darbo, dovan\u0173 sau ir artimiesiems.\",\"publisher\":{\"@id\":\"https:\/\/skaitytaknyga.lt\/#organization\"},\"potentialAction\":[{\"@type\":\"SearchAction\",\"target\":{\"@type\":\"EntryPoint\",\"urlTemplate\":\"https:\/\/skaitytaknyga.lt\/?s={search_term_string}\"},\"query-input\":{\"@type\":\"PropertyValueSpecification\",\"valueRequired\":true,\"valueName\":\"search_term_string\"}}],\"inLanguage\":\"en-GB\"},{\"@type\":\"Organization\",\"@id\":\"https:\/\/skaitytaknyga.lt\/#organization\",\"name\":\"skaitytaknyga.lt\",\"url\":\"https:\/\/skaitytaknyga.lt\/\",\"logo\":{\"@type\":\"ImageObject\",\"inLanguage\":\"en-GB\",\"@id\":\"https:\/\/skaitytaknyga.lt\/#\/schema\/logo\/image\/\",\"url\":\"https:\/\/skaitytaknyga.lt\/wp-content\/uploads\/2024\/05\/cropped-cropped-cropped-02_00843_jt3bggkj1j3HLc7SyY6rEUpg.jpeg\",\"contentUrl\":\"https:\/\/skaitytaknyga.lt\/wp-content\/uploads\/2024\/05\/cropped-cropped-cropped-02_00843_jt3bggkj1j3HLc7SyY6rEUpg.jpeg\",\"width\":1600,\"height\":1600,\"caption\":\"skaitytaknyga.lt\"},\"image\":{\"@id\":\"https:\/\/skaitytaknyga.lt\/#\/schema\/logo\/image\/\"},\"sameAs\":[\"https:\/\/www.facebook.com\/skaitytaknyga\/\"]}]}<\/script>\n<!-- \/ Yoast SEO plugin. -->","yoast_head_json":{"title":"Prie Baltijos ir Japonijos j\u016br\u0173","description":"Povilas Kapustinskas\u00a0gim\u0117 1928 m. liepos 12 d. Roki\u0161kio apskrities Panemunio vals\u010diaus Si\u010di\u016bn\u0173 kaime. Su didel\u0117mis pertraukomis, kai kuri\u0173 klasi\u0173","robots":{"index":"index","follow":"follow","max-snippet":"max-snippet:-1","max-image-preview":"max-image-preview:large","max-video-preview":"max-video-preview:-1"},"canonical":"https:\/\/skaitytaknyga.lt\/en\/produktas\/prie-baltijos-ir-japonijos-juru\/","og_locale":"en_GB","og_type":"article","og_title":"[:lt]Prie Baltijos ir Japonijos j\u016br\u0173[:] - Skaitytaknyga","og_description":"Povilas Kapustinskas\u00a0gim\u0117 1928 m. liepos 12 d. Roki\u0161kio apskrities Panemunio vals\u010diaus Si\u010di\u016bn\u0173 kaime. Su didel\u0117mis pertraukomis, kai kuri\u0173 klasi\u0173","og_url":"https:\/\/skaitytaknyga.lt\/en\/produktas\/prie-baltijos-ir-japonijos-juru\/","og_site_name":"Skaitytaknyga","article_publisher":"https:\/\/www.facebook.com\/skaitytaknyga\/","article_modified_time":"2025-11-09T12:41:01+00:00","og_image":[{"width":293,"height":430,"url":"https:\/\/skaitytaknyga.lt\/wp-content\/uploads\/2024\/04\/1462875813_baltijo.jpg","type":"image\/jpeg"}],"twitter_card":"summary_large_image","twitter_misc":{"Estimated reading time":"1 minute"},"schema":{"@context":"https:\/\/schema.org","@graph":[{"@type":"WebPage","@id":"https:\/\/skaitytaknyga.lt\/produktas\/prie-baltijos-ir-japonijos-juru\/","url":"https:\/\/skaitytaknyga.lt\/produktas\/prie-baltijos-ir-japonijos-juru\/","name":"Prie Baltijos ir Japonijos j\u016br\u0173","isPartOf":{"@id":"https:\/\/skaitytaknyga.lt\/#website"},"primaryImageOfPage":{"@id":"https:\/\/skaitytaknyga.lt\/produktas\/prie-baltijos-ir-japonijos-juru\/#primaryimage"},"image":{"@id":"https:\/\/skaitytaknyga.lt\/produktas\/prie-baltijos-ir-japonijos-juru\/#primaryimage"},"thumbnailUrl":"https:\/\/skaitytaknyga.lt\/wp-content\/uploads\/2024\/04\/1462875813_baltijo.jpg","datePublished":"2024-04-17T13:07:43+00:00","dateModified":"2025-11-09T12:41:01+00:00","description":"Povilas Kapustinskas\u00a0gim\u0117 1928 m. liepos 12 d. Roki\u0161kio apskrities Panemunio vals\u010diaus Si\u010di\u016bn\u0173 kaime. Su didel\u0117mis pertraukomis, kai kuri\u0173 klasi\u0173","breadcrumb":{"@id":"https:\/\/skaitytaknyga.lt\/produktas\/prie-baltijos-ir-japonijos-juru\/#breadcrumb"},"inLanguage":"en-GB","potentialAction":[{"@type":"ReadAction","target":["https:\/\/skaitytaknyga.lt\/produktas\/prie-baltijos-ir-japonijos-juru\/"]}]},{"@type":"ImageObject","inLanguage":"en-GB","@id":"https:\/\/skaitytaknyga.lt\/produktas\/prie-baltijos-ir-japonijos-juru\/#primaryimage","url":"https:\/\/skaitytaknyga.lt\/wp-content\/uploads\/2024\/04\/1462875813_baltijo.jpg","contentUrl":"https:\/\/skaitytaknyga.lt\/wp-content\/uploads\/2024\/04\/1462875813_baltijo.jpg","width":293,"height":430,"caption":"Prie Baltijos ir Japonijos j\u016br\u0173"},{"@type":"BreadcrumbList","@id":"https:\/\/skaitytaknyga.lt\/produktas\/prie-baltijos-ir-japonijos-juru\/#breadcrumb","itemListElement":[{"@type":"ListItem","position":1,"name":"Home","item":"https:\/\/skaitytaknyga.lt\/"},{"@type":"ListItem","position":2,"name":"Parduotuv\u0117","item":"https:\/\/skaitytaknyga.lt\/knygu-parduotuve\/"},{"@type":"ListItem","position":3,"name":"Prie Baltijos ir Japonijos j\u016br\u0173"}]},{"@type":"WebSite","@id":"https:\/\/skaitytaknyga.lt\/#website","url":"https:\/\/skaitytaknyga.lt\/","name":"skaitytaknyga.lt","description":"Skaitytaknyga.lt \u2013 tai ma\u017eas \u0161eimos verslas, kuris prasid\u0117jo nuo meil\u0117s knygoms ir siekio i\u0161gelb\u0117ti knygas nuo likimo prie konteinerio. Kas vienam nereikalingas daiktas \u2013 kitam lobis, o mes esame tarpininkai, kurie padeda abiems tapti laimingesniems ???? \u017dinome kaip nelengva i\u0161gyventi ma\u017eiems verslams, tad nuo \u0161iol, \u010dia rasite ir kit\u0173, ma\u017e\u0173 \u0161eim\u0173 versl\u0173, rank\u0173 darbo, dovan\u0173 sau ir artimiesiems.","publisher":{"@id":"https:\/\/skaitytaknyga.lt\/#organization"},"potentialAction":[{"@type":"SearchAction","target":{"@type":"EntryPoint","urlTemplate":"https:\/\/skaitytaknyga.lt\/?s={search_term_string}"},"query-input":{"@type":"PropertyValueSpecification","valueRequired":true,"valueName":"search_term_string"}}],"inLanguage":"en-GB"},{"@type":"Organization","@id":"https:\/\/skaitytaknyga.lt\/#organization","name":"skaitytaknyga.lt","url":"https:\/\/skaitytaknyga.lt\/","logo":{"@type":"ImageObject","inLanguage":"en-GB","@id":"https:\/\/skaitytaknyga.lt\/#\/schema\/logo\/image\/","url":"https:\/\/skaitytaknyga.lt\/wp-content\/uploads\/2024\/05\/cropped-cropped-cropped-02_00843_jt3bggkj1j3HLc7SyY6rEUpg.jpeg","contentUrl":"https:\/\/skaitytaknyga.lt\/wp-content\/uploads\/2024\/05\/cropped-cropped-cropped-02_00843_jt3bggkj1j3HLc7SyY6rEUpg.jpeg","width":1600,"height":1600,"caption":"skaitytaknyga.lt"},"image":{"@id":"https:\/\/skaitytaknyga.lt\/#\/schema\/logo\/image\/"},"sameAs":["https:\/\/www.facebook.com\/skaitytaknyga\/"]}]}},"_links":{"self":[{"href":"https:\/\/skaitytaknyga.lt\/en\/wp-json\/wp\/v2\/product\/2321","targetHints":{"allow":["GET"]}}],"collection":[{"href":"https:\/\/skaitytaknyga.lt\/en\/wp-json\/wp\/v2\/product"}],"about":[{"href":"https:\/\/skaitytaknyga.lt\/en\/wp-json\/wp\/v2\/types\/product"}],"replies":[{"embeddable":true,"href":"https:\/\/skaitytaknyga.lt\/en\/wp-json\/wp\/v2\/comments?post=2321"}],"wp:featuredmedia":[{"embeddable":true,"href":"https:\/\/skaitytaknyga.lt\/en\/wp-json\/wp\/v2\/media\/2370"}],"wp:attachment":[{"href":"https:\/\/skaitytaknyga.lt\/en\/wp-json\/wp\/v2\/media?parent=2321"}],"wp:term":[{"taxonomy":"product_brand","embeddable":true,"href":"https:\/\/skaitytaknyga.lt\/en\/wp-json\/wp\/v2\/product_brand?post=2321"},{"taxonomy":"product_cat","embeddable":true,"href":"https:\/\/skaitytaknyga.lt\/en\/wp-json\/wp\/v2\/product_cat?post=2321"},{"taxonomy":"product_tag","embeddable":true,"href":"https:\/\/skaitytaknyga.lt\/en\/wp-json\/wp\/v2\/product_tag?post=2321"}],"curies":[{"name":"wp","href":"https:\/\/api.w.org\/{rel}","templated":true}]}}