{"id":23209,"date":"2026-02-27T11:36:30","date_gmt":"2026-02-27T09:36:30","guid":{"rendered":"https:\/\/skaitytaknyga.lt\/?post_type=product&#038;p=23209"},"modified":"2026-03-02T09:31:11","modified_gmt":"2026-03-02T07:31:11","slug":"motinos","status":"publish","type":"product","link":"https:\/\/skaitytaknyga.lt\/en\/produktas\/motinos\/","title":{"rendered":"Motinos"},"content":{"rendered":"<p>\u012etraukianti, \u012ftempta, geniali knyga. Maldausite savo draug\u0173 j\u0105 perskaityti, kad gal\u0117tum\u0117te panirti \u012f nesibaigian\u010dias diskusijas.<\/p>\n<p>Vien\u0105 ryt\u0105 dingsta Belos vyras Evanas. I\u0161kviesti detektyvai neskuba tirti \u0161io atvejo. Vis d\u0117lto ilgainiui pradeda daug\u0117ti \u012ftartin\u0173 aplinkybi\u0173, o kartu ir \u012ftariam\u0173 asmen\u0173. Pama\u017eu tai, kas atrod\u0117 papras\u010diausia nei\u0161tikimyb\u0117s istorija, virsta neai\u0161kum\u0173 ir paslap\u010di\u0173 kupina psichologine drama.<\/p>\n<p>Penkios moterys, susipa\u017einusios n\u0117\u0161tumo kursuose, toliau bendrauja ir susilaukusios vaik\u0173. Nors draug\u0117s labai skirtingos, n\u0117 viena j\u0173 nesijau\u010dia itin laiminga. Kas i\u0161 ties\u0173 jungia tokias i\u0161 pa\u017ei\u016bros skirtingas asmenybes: nuo tatuiruotos vegan\u0117s iki pra\u0161matnios advokat\u0117s, nuo ambicingos leid\u0117jos iki aukl\u0117s? Gal jas saisto paslaptis, kuri\u0105 visos it susitarusios laiko u\u017e dant\u0173?<\/p>\n<p>Kiekvienas knygos skyrius pateikiamas vis i\u0161 kitos veik\u0117jos perspektyvos: vadinamojo Mam\u0173 klubo nari\u0173 Kris\u0117s, Elektros, Skai, D\u017een\u0117s, Belos ar byl\u0105 tirian\u010dios detektyv\u0117s Ajonos. Pareig\u016bnei bandant i\u0161narplioti galim\u0105 nusikaltim\u0105, moter\u0173 pasakojimai praskleid\u017eia kiekvienos j\u0173 gyvenimo u\u017edang\u0105. Tik ar pavyks Ajonai i\u0161spr\u0119sti Mam\u0173 klubo u\u017emintas m\u012fsles?<\/p>\n","protected":false},"excerpt":{"rendered":"<p>\u012etraukianti, \u012ftempta, geniali knyga. Maldausite savo draug\u0173 j\u0105 perskaityti, kad gal\u0117tum\u0117te panirti \u012f nesibaigian\u010dias diskusijas. Vien\u0105 ryt\u0105 dingsta Belos vyras Evanas. I\u0161kviesti detektyvai neskuba tirti \u0161io atvejo. Vis d\u0117lto ilgainiui pradeda daug\u0117ti \u012ftartin\u0173 aplinkybi\u0173, o kartu ir \u012ftariam\u0173 asmen\u0173. Pama\u017eu tai, kas atrod\u0117 papras\u010diausia nei\u0161tikimyb\u0117s istorija, virsta neai\u0161kum\u0173 ir paslap\u010di\u0173 kupina psichologine drama. Penkios moterys, susipa\u017einusios n\u0117\u0161tumo kursuose, toliau bendrauja ir susilaukusios vaik\u0173. Nors draug\u0117s labai skirtingos, n\u0117 viena j\u0173 nesijau\u010dia itin laiminga. Kas i\u0161 ties\u0173 jungia tokias i\u0161 pa\u017ei\u016bros skirtingas asmenybes: nuo tatuiruotos vegan\u0117s iki pra\u0161matnios advokat\u0117s, nuo ambicingos leid\u0117jos iki aukl\u0117s? Gal jas saisto paslaptis, kuri\u0105 visos it susitarusios laiko u\u017e dant\u0173? Kiekvienas knygos skyrius pateikiamas vis i\u0161 kitos veik\u0117jos perspektyvos: vadinamojo Mam\u0173 klubo nari\u0173 Kris\u0117s, Elektros, Skai, D\u017een\u0117s, Belos ar byl\u0105 tirian\u010dios detektyv\u0117s Ajonos. Pareig\u016bnei bandant i\u0161narplioti galim\u0105 nusikaltim\u0105, moter\u0173 pasakojimai praskleid\u017eia kiekvienos j\u0173 gyvenimo u\u017edang\u0105. Tik ar pavyks Ajonai i\u0161spr\u0119sti Mam\u0173 klubo u\u017emintas m\u012fsles?<\/p>\n","protected":false},"featured_media":23216,"comment_status":"open","ping_status":"closed","template":"","meta":{"_acf_changed":false,"site-sidebar-layout":"default","site-content-layout":"","ast-site-content-layout":"default","site-content-style":"default","site-sidebar-style":"default","ast-global-header-display":"","ast-banner-title-visibility":"","ast-main-header-display":"","ast-hfb-above-header-display":"","ast-hfb-below-header-display":"","ast-hfb-mobile-header-display":"","site-post-title":"","ast-breadcrumbs-content":"","ast-featured-img":"","footer-sml-layout":"","ast-disable-related-posts":"","theme-transparent-header-meta":"","adv-header-id-meta":"","stick-header-meta":"","header-above-stick-meta":"","header-main-stick-meta":"","header-below-stick-meta":"","astra-migrate-meta-layouts":"default","ast-page-background-enabled":"default","ast-page-background-meta":{"desktop":{"background-color":"","background-image":"","background-repeat":"repeat","background-position":"center center","background-size":"auto","background-attachment":"scroll","background-type":"","background-media":"","overlay-type":"","overlay-color":"","overlay-opacity":"","overlay-gradient":""},"tablet":{"background-color":"","background-image":"","background-repeat":"repeat","background-position":"center center","background-size":"auto","background-attachment":"scroll","background-type":"","background-media":"","overlay-type":"","overlay-color":"","overlay-opacity":"","overlay-gradient":""},"mobile":{"background-color":"","background-image":"","background-repeat":"repeat","background-position":"center center","background-size":"auto","background-attachment":"scroll","background-type":"","background-media":"","overlay-type":"","overlay-color":"","overlay-opacity":"","overlay-gradient":""}},"ast-content-background-meta":{"desktop":{"background-color":"var(--ast-global-color-4)","background-image":"","background-repeat":"repeat","background-position":"center center","background-size":"auto","background-attachment":"scroll","background-type":"","background-media":"","overlay-type":"","overlay-color":"","overlay-opacity":"","overlay-gradient":""},"tablet":{"background-color":"var(--ast-global-color-4)","background-image":"","background-repeat":"repeat","background-position":"center center","background-size":"auto","background-attachment":"scroll","background-type":"","background-media":"","overlay-type":"","overlay-color":"","overlay-opacity":"","overlay-gradient":""},"mobile":{"background-color":"var(--ast-global-color-4)","background-image":"","background-repeat":"repeat","background-position":"center center","background-size":"auto","background-attachment":"scroll","background-type":"","background-media":"","overlay-type":"","overlay-color":"","overlay-opacity":"","overlay-gradient":""}}},"product_brand":[],"product_cat":[31],"product_tag":[9535],"class_list":{"0":"post-23209","1":"product","2":"type-product","3":"status-publish","4":"has-post-thumbnail","6":"product_cat-grozine-literatura","7":"product_tag-sarah-j-naughton","8":"desktop-align-left","9":"tablet-align-left","10":"mobile-align-left","12":"first","13":"instock","14":"shipping-taxable","15":"purchasable","16":"product-type-simple"},"acf":[],"yoast_head":"<!-- This site is optimized with the Yoast SEO plugin v27.0 - https:\/\/yoast.com\/product\/yoast-seo-wordpress\/ -->\n<title>Motinos<\/title>\n<meta name=\"description\" content=\"\u012etraukianti, \u012ftempta, geniali knyga. Maldausite savo draug\u0173 j\u0105 perskaityti, kad gal\u0117tum\u0117te panirti \u012f nesibaigian\u010dias diskusijas. Vien\u0105 ryt\u0105 dingsta Belos\" \/>\n<meta name=\"robots\" content=\"index, follow, max-snippet:-1, max-image-preview:large, max-video-preview:-1\" \/>\n<link rel=\"canonical\" href=\"https:\/\/skaitytaknyga.lt\/en\/produktas\/motinos\/\" \/>\n<meta property=\"og:locale\" content=\"en_GB\" \/>\n<meta property=\"og:locale:alternate\" content=\"lt_LT\" \/>\n<meta property=\"og:type\" content=\"article\" \/>\n<meta property=\"og:title\" content=\"Motinos\" \/>\n<meta property=\"og:description\" content=\"\u012etraukianti, \u012ftempta, geniali knyga. Maldausite savo draug\u0173 j\u0105 perskaityti, kad gal\u0117tum\u0117te panirti \u012f nesibaigian\u010dias diskusijas. Vien\u0105 ryt\u0105 dingsta Belos\" \/>\n<meta property=\"og:url\" content=\"https:\/\/skaitytaknyga.lt\/en\/produktas\/motinos\/\" \/>\n<meta property=\"og:site_name\" content=\"Skaitytaknyga\" \/>\n<meta property=\"article:publisher\" content=\"https:\/\/www.facebook.com\/skaitytaknyga\/\" \/>\n<meta property=\"article:modified_time\" content=\"2026-03-02T07:31:11+00:00\" \/>\n<meta property=\"og:image\" content=\"https:\/\/skaitytaknyga.lt\/wp-content\/uploads\/2026\/02\/Motinos-1.webp\" \/>\n\t<meta property=\"og:image:width\" content=\"300\" \/>\n\t<meta property=\"og:image:height\" content=\"450\" \/>\n\t<meta property=\"og:image:type\" content=\"image\/webp\" \/>\n<meta name=\"twitter:card\" content=\"summary_large_image\" \/>\n<meta name=\"twitter:label1\" content=\"Estimated reading time\" \/>\n\t<meta name=\"twitter:data1\" content=\"1 minute\" \/>\n<script type=\"application\/ld+json\" class=\"yoast-schema-graph\">{\"@context\":\"https:\/\/schema.org\",\"@graph\":[{\"@type\":\"WebPage\",\"@id\":\"https:\/\/skaitytaknyga.lt\/produktas\/motinos\/\",\"url\":\"https:\/\/skaitytaknyga.lt\/produktas\/motinos\/\",\"name\":\"Motinos\",\"isPartOf\":{\"@id\":\"https:\/\/skaitytaknyga.lt\/#website\"},\"primaryImageOfPage\":{\"@id\":\"https:\/\/skaitytaknyga.lt\/produktas\/motinos\/#primaryimage\"},\"image\":{\"@id\":\"https:\/\/skaitytaknyga.lt\/produktas\/motinos\/#primaryimage\"},\"thumbnailUrl\":\"https:\/\/skaitytaknyga.lt\/wp-content\/uploads\/2026\/02\/Motinos-1.webp\",\"datePublished\":\"2026-02-27T09:36:30+00:00\",\"dateModified\":\"2026-03-02T07:31:11+00:00\",\"description\":\"\u012etraukianti, \u012ftempta, geniali knyga. Maldausite savo draug\u0173 j\u0105 perskaityti, kad gal\u0117tum\u0117te panirti \u012f nesibaigian\u010dias diskusijas. Vien\u0105 ryt\u0105 dingsta Belos\",\"breadcrumb\":{\"@id\":\"https:\/\/skaitytaknyga.lt\/produktas\/motinos\/#breadcrumb\"},\"inLanguage\":\"en-GB\",\"potentialAction\":[{\"@type\":\"ReadAction\",\"target\":[\"https:\/\/skaitytaknyga.lt\/produktas\/motinos\/\"]}]},{\"@type\":\"ImageObject\",\"inLanguage\":\"en-GB\",\"@id\":\"https:\/\/skaitytaknyga.lt\/produktas\/motinos\/#primaryimage\",\"url\":\"https:\/\/skaitytaknyga.lt\/wp-content\/uploads\/2026\/02\/Motinos-1.webp\",\"contentUrl\":\"https:\/\/skaitytaknyga.lt\/wp-content\/uploads\/2026\/02\/Motinos-1.webp\",\"width\":300,\"height\":450},{\"@type\":\"BreadcrumbList\",\"@id\":\"https:\/\/skaitytaknyga.lt\/produktas\/motinos\/#breadcrumb\",\"itemListElement\":[{\"@type\":\"ListItem\",\"position\":1,\"name\":\"Home\",\"item\":\"https:\/\/skaitytaknyga.lt\/\"},{\"@type\":\"ListItem\",\"position\":2,\"name\":\"Parduotuv\u0117\",\"item\":\"https:\/\/skaitytaknyga.lt\/knygu-parduotuve\/\"},{\"@type\":\"ListItem\",\"position\":3,\"name\":\"Motinos\"}]},{\"@type\":\"WebSite\",\"@id\":\"https:\/\/skaitytaknyga.lt\/#website\",\"url\":\"https:\/\/skaitytaknyga.lt\/\",\"name\":\"skaitytaknyga.lt\",\"description\":\"Skaitytaknyga.lt \u2013 tai ma\u017eas \u0161eimos verslas, kuris prasid\u0117jo nuo meil\u0117s knygoms ir siekio i\u0161gelb\u0117ti knygas nuo likimo prie konteinerio. Kas vienam nereikalingas daiktas \u2013 kitam lobis, o mes esame tarpininkai, kurie padeda abiems tapti laimingesniems ???? \u017dinome kaip nelengva i\u0161gyventi ma\u017eiems verslams, tad nuo \u0161iol, \u010dia rasite ir kit\u0173, ma\u017e\u0173 \u0161eim\u0173 versl\u0173, rank\u0173 darbo, dovan\u0173 sau ir artimiesiems.\",\"publisher\":{\"@id\":\"https:\/\/skaitytaknyga.lt\/#organization\"},\"potentialAction\":[{\"@type\":\"SearchAction\",\"target\":{\"@type\":\"EntryPoint\",\"urlTemplate\":\"https:\/\/skaitytaknyga.lt\/?s={search_term_string}\"},\"query-input\":{\"@type\":\"PropertyValueSpecification\",\"valueRequired\":true,\"valueName\":\"search_term_string\"}}],\"inLanguage\":\"en-GB\"},{\"@type\":\"Organization\",\"@id\":\"https:\/\/skaitytaknyga.lt\/#organization\",\"name\":\"skaitytaknyga.lt\",\"url\":\"https:\/\/skaitytaknyga.lt\/\",\"logo\":{\"@type\":\"ImageObject\",\"inLanguage\":\"en-GB\",\"@id\":\"https:\/\/skaitytaknyga.lt\/#\/schema\/logo\/image\/\",\"url\":\"https:\/\/skaitytaknyga.lt\/wp-content\/uploads\/2024\/05\/cropped-cropped-cropped-02_00843_jt3bggkj1j3HLc7SyY6rEUpg.jpeg\",\"contentUrl\":\"https:\/\/skaitytaknyga.lt\/wp-content\/uploads\/2024\/05\/cropped-cropped-cropped-02_00843_jt3bggkj1j3HLc7SyY6rEUpg.jpeg\",\"width\":1600,\"height\":1600,\"caption\":\"skaitytaknyga.lt\"},\"image\":{\"@id\":\"https:\/\/skaitytaknyga.lt\/#\/schema\/logo\/image\/\"},\"sameAs\":[\"https:\/\/www.facebook.com\/skaitytaknyga\/\"]}]}<\/script>\n<!-- \/ Yoast SEO plugin. -->","yoast_head_json":{"title":"Motinos","description":"\u012etraukianti, \u012ftempta, geniali knyga. Maldausite savo draug\u0173 j\u0105 perskaityti, kad gal\u0117tum\u0117te panirti \u012f nesibaigian\u010dias diskusijas. Vien\u0105 ryt\u0105 dingsta Belos","robots":{"index":"index","follow":"follow","max-snippet":"max-snippet:-1","max-image-preview":"max-image-preview:large","max-video-preview":"max-video-preview:-1"},"canonical":"https:\/\/skaitytaknyga.lt\/en\/produktas\/motinos\/","og_locale":"en_GB","og_type":"article","og_title":"[:lt]Motinos[:] - Skaitytaknyga","og_description":"\u012etraukianti, \u012ftempta, geniali knyga. Maldausite savo draug\u0173 j\u0105 perskaityti, kad gal\u0117tum\u0117te panirti \u012f nesibaigian\u010dias diskusijas. Vien\u0105 ryt\u0105 dingsta Belos","og_url":"https:\/\/skaitytaknyga.lt\/en\/produktas\/motinos\/","og_site_name":"Skaitytaknyga","article_publisher":"https:\/\/www.facebook.com\/skaitytaknyga\/","article_modified_time":"2026-03-02T07:31:11+00:00","og_image":[{"width":300,"height":450,"url":"https:\/\/skaitytaknyga.lt\/wp-content\/uploads\/2026\/02\/Motinos-1.webp","type":"image\/webp"}],"twitter_card":"summary_large_image","twitter_misc":{"Estimated reading time":"1 minute"},"schema":{"@context":"https:\/\/schema.org","@graph":[{"@type":"WebPage","@id":"https:\/\/skaitytaknyga.lt\/produktas\/motinos\/","url":"https:\/\/skaitytaknyga.lt\/produktas\/motinos\/","name":"Motinos","isPartOf":{"@id":"https:\/\/skaitytaknyga.lt\/#website"},"primaryImageOfPage":{"@id":"https:\/\/skaitytaknyga.lt\/produktas\/motinos\/#primaryimage"},"image":{"@id":"https:\/\/skaitytaknyga.lt\/produktas\/motinos\/#primaryimage"},"thumbnailUrl":"https:\/\/skaitytaknyga.lt\/wp-content\/uploads\/2026\/02\/Motinos-1.webp","datePublished":"2026-02-27T09:36:30+00:00","dateModified":"2026-03-02T07:31:11+00:00","description":"\u012etraukianti, \u012ftempta, geniali knyga. Maldausite savo draug\u0173 j\u0105 perskaityti, kad gal\u0117tum\u0117te panirti \u012f nesibaigian\u010dias diskusijas. Vien\u0105 ryt\u0105 dingsta Belos","breadcrumb":{"@id":"https:\/\/skaitytaknyga.lt\/produktas\/motinos\/#breadcrumb"},"inLanguage":"en-GB","potentialAction":[{"@type":"ReadAction","target":["https:\/\/skaitytaknyga.lt\/produktas\/motinos\/"]}]},{"@type":"ImageObject","inLanguage":"en-GB","@id":"https:\/\/skaitytaknyga.lt\/produktas\/motinos\/#primaryimage","url":"https:\/\/skaitytaknyga.lt\/wp-content\/uploads\/2026\/02\/Motinos-1.webp","contentUrl":"https:\/\/skaitytaknyga.lt\/wp-content\/uploads\/2026\/02\/Motinos-1.webp","width":300,"height":450},{"@type":"BreadcrumbList","@id":"https:\/\/skaitytaknyga.lt\/produktas\/motinos\/#breadcrumb","itemListElement":[{"@type":"ListItem","position":1,"name":"Home","item":"https:\/\/skaitytaknyga.lt\/"},{"@type":"ListItem","position":2,"name":"Parduotuv\u0117","item":"https:\/\/skaitytaknyga.lt\/knygu-parduotuve\/"},{"@type":"ListItem","position":3,"name":"Motinos"}]},{"@type":"WebSite","@id":"https:\/\/skaitytaknyga.lt\/#website","url":"https:\/\/skaitytaknyga.lt\/","name":"skaitytaknyga.lt","description":"Skaitytaknyga.lt \u2013 tai ma\u017eas \u0161eimos verslas, kuris prasid\u0117jo nuo meil\u0117s knygoms ir siekio i\u0161gelb\u0117ti knygas nuo likimo prie konteinerio. Kas vienam nereikalingas daiktas \u2013 kitam lobis, o mes esame tarpininkai, kurie padeda abiems tapti laimingesniems ???? \u017dinome kaip nelengva i\u0161gyventi ma\u017eiems verslams, tad nuo \u0161iol, \u010dia rasite ir kit\u0173, ma\u017e\u0173 \u0161eim\u0173 versl\u0173, rank\u0173 darbo, dovan\u0173 sau ir artimiesiems.","publisher":{"@id":"https:\/\/skaitytaknyga.lt\/#organization"},"potentialAction":[{"@type":"SearchAction","target":{"@type":"EntryPoint","urlTemplate":"https:\/\/skaitytaknyga.lt\/?s={search_term_string}"},"query-input":{"@type":"PropertyValueSpecification","valueRequired":true,"valueName":"search_term_string"}}],"inLanguage":"en-GB"},{"@type":"Organization","@id":"https:\/\/skaitytaknyga.lt\/#organization","name":"skaitytaknyga.lt","url":"https:\/\/skaitytaknyga.lt\/","logo":{"@type":"ImageObject","inLanguage":"en-GB","@id":"https:\/\/skaitytaknyga.lt\/#\/schema\/logo\/image\/","url":"https:\/\/skaitytaknyga.lt\/wp-content\/uploads\/2024\/05\/cropped-cropped-cropped-02_00843_jt3bggkj1j3HLc7SyY6rEUpg.jpeg","contentUrl":"https:\/\/skaitytaknyga.lt\/wp-content\/uploads\/2024\/05\/cropped-cropped-cropped-02_00843_jt3bggkj1j3HLc7SyY6rEUpg.jpeg","width":1600,"height":1600,"caption":"skaitytaknyga.lt"},"image":{"@id":"https:\/\/skaitytaknyga.lt\/#\/schema\/logo\/image\/"},"sameAs":["https:\/\/www.facebook.com\/skaitytaknyga\/"]}]}},"_links":{"self":[{"href":"https:\/\/skaitytaknyga.lt\/en\/wp-json\/wp\/v2\/product\/23209","targetHints":{"allow":["GET"]}}],"collection":[{"href":"https:\/\/skaitytaknyga.lt\/en\/wp-json\/wp\/v2\/product"}],"about":[{"href":"https:\/\/skaitytaknyga.lt\/en\/wp-json\/wp\/v2\/types\/product"}],"replies":[{"embeddable":true,"href":"https:\/\/skaitytaknyga.lt\/en\/wp-json\/wp\/v2\/comments?post=23209"}],"wp:featuredmedia":[{"embeddable":true,"href":"https:\/\/skaitytaknyga.lt\/en\/wp-json\/wp\/v2\/media\/23216"}],"wp:attachment":[{"href":"https:\/\/skaitytaknyga.lt\/en\/wp-json\/wp\/v2\/media?parent=23209"}],"wp:term":[{"taxonomy":"product_brand","embeddable":true,"href":"https:\/\/skaitytaknyga.lt\/en\/wp-json\/wp\/v2\/product_brand?post=23209"},{"taxonomy":"product_cat","embeddable":true,"href":"https:\/\/skaitytaknyga.lt\/en\/wp-json\/wp\/v2\/product_cat?post=23209"},{"taxonomy":"product_tag","embeddable":true,"href":"https:\/\/skaitytaknyga.lt\/en\/wp-json\/wp\/v2\/product_tag?post=23209"}],"curies":[{"name":"wp","href":"https:\/\/api.w.org\/{rel}","templated":true}]}}