{"id":23208,"date":"2026-02-27T11:36:30","date_gmt":"2026-02-27T09:36:30","guid":{"rendered":"https:\/\/skaitytaknyga.lt\/?post_type=product&#038;p=23208"},"modified":"2026-03-05T13:06:02","modified_gmt":"2026-03-05T11:06:02","slug":"paskutiniai-jo-zodziai-yra-skaitymo-zymiu","status":"publish","type":"product","link":"https:\/\/skaitytaknyga.lt\/en\/produktas\/paskutiniai-jo-zodziai-yra-skaitymo-zymiu\/","title":{"rendered":"Paskutiniai jo \u017eod\u017eiai (yra skaitymo \u017eymi\u0173)"},"content":{"rendered":"<p>I\u0161syk New York Times bestseleriu tap\u0119s ir daugiau nei milijon\u0105 skaitytoj\u0173 paverg\u0119s trileris apie moter\u012f, pasiry\u017eusi\u0105 bet kokia kaina i\u0161siai\u0161kinti ties\u0105 apie savo vyr\u0105.<\/p>\n<p>Prie\u0161 pradingdamas, Ovenas Maiklsas dar sp\u0117ja savo \u017emonai Hanai Hol perduoti m\u012fsling\u0105 ra\u0161tel\u012f su trumpa \u017einute: \u201eApsaugok j\u0105.&#8221; Sumi\u0161usi ir i\u0161sigandusi Hana puikiai supranta \u2013 kalbama apie \u0161e\u0161iolikmet\u0119 Oveno dukr\u0105 Beil\u0119. B\u016bdama dar visai ma\u017ea, Beil\u0117 tragi\u0161komis aplinkyb\u0117mis neteko mamos, o dabar nenori tur\u0117ti nieko bendro ir su pamote.<\/p>\n<p>Desperati\u0161ki Hanos bandymai susisiekti su vyru neduoda vaisi\u0173, o netik\u0117tas JAV mar\u0161alo ir FTB agent\u0173 pasirodymas jos namuose byloja, kad Ovenas n\u0117ra tas, kuo d\u0117josi es\u0105s. Be to, tik\u0117tina, kad Beil\u0117, pati to nesuvokdama, gali i\u0161narplioti \u0161i\u0105 trikdan\u010di\u0105 m\u012fsl\u0119. Hana kartu su Beile pasiry\u017eta i\u0161siai\u0161kinti ties\u0105. Prav\u0117rusios duris \u012f praeit\u012f, jiedvi dar nenutuokia sykiu pad\u0117jusios pamatus atei\u010diai, apie koki\u0105 n\u0117 viena neb\u016bt\u0173 net pagalvojusi.<\/p>\n<p>Laura Dave (g. 1977) \u2013 JAV bestseleri\u0173 autor\u0117, kurios romanai i\u0161leisti daugiau nei trisde\u0161imt penkiose valstyb\u0117se ir yra peln\u0119 tarptautin\u012f pripa\u017einim\u0105. Jos knygos u\u017ekariavusios tokius s\u0105ra\u0161us kaip Best of Amazon bei Best of Apple Books ir daug kart\u0173 pasirinktos visame pasaulyje \u017einom\u0173 knyg\u0173 klub\u0173 \u2013 Reese Witherspoon&#8217;s Book Club ir Indie Next.<\/p>\n","protected":false},"excerpt":{"rendered":"<p>I\u0161syk New York Times bestseleriu tap\u0119s ir daugiau nei milijon\u0105 skaitytoj\u0173 paverg\u0119s trileris apie moter\u012f, pasiry\u017eusi\u0105 bet kokia kaina i\u0161siai\u0161kinti ties\u0105 apie savo vyr\u0105. Prie\u0161 pradingdamas, Ovenas Maiklsas dar sp\u0117ja savo \u017emonai Hanai Hol perduoti m\u012fsling\u0105 ra\u0161tel\u012f su trumpa \u017einute: \u201eApsaugok j\u0105.&#8221; Sumi\u0161usi ir i\u0161sigandusi Hana puikiai supranta \u2013 kalbama apie \u0161e\u0161iolikmet\u0119 Oveno dukr\u0105 Beil\u0119. B\u016bdama dar visai ma\u017ea, Beil\u0117 tragi\u0161komis aplinkyb\u0117mis neteko mamos, o dabar nenori tur\u0117ti nieko bendro ir su pamote. Desperati\u0161ki Hanos bandymai susisiekti su vyru neduoda vaisi\u0173, o netik\u0117tas JAV mar\u0161alo ir FTB agent\u0173 pasirodymas jos namuose byloja, kad Ovenas n\u0117ra tas, kuo d\u0117josi es\u0105s. Be to, tik\u0117tina, kad Beil\u0117, pati to nesuvokdama, gali i\u0161narplioti \u0161i\u0105 trikdan\u010di\u0105 m\u012fsl\u0119. Hana kartu su Beile pasiry\u017eta i\u0161siai\u0161kinti ties\u0105. Prav\u0117rusios duris \u012f praeit\u012f, jiedvi dar nenutuokia sykiu pad\u0117jusios pamatus atei\u010diai, apie koki\u0105 n\u0117 viena neb\u016bt\u0173 net pagalvojusi. Laura Dave (g. 1977) \u2013 JAV bestseleri\u0173 autor\u0117, kurios romanai i\u0161leisti daugiau nei trisde\u0161imt penkiose valstyb\u0117se ir yra peln\u0119 tarptautin\u012f pripa\u017einim\u0105. Jos knygos u\u017ekariavusios tokius s\u0105ra\u0161us kaip Best of Amazon bei Best of Apple Books ir daug kart\u0173 pasirinktos visame pasaulyje \u017einom\u0173 knyg\u0173 klub\u0173 \u2013 Reese Witherspoon&#8217;s Book Club ir Indie Next.<\/p>\n","protected":false},"featured_media":23215,"comment_status":"open","ping_status":"closed","template":"","meta":{"_acf_changed":false,"site-sidebar-layout":"default","site-content-layout":"","ast-site-content-layout":"default","site-content-style":"default","site-sidebar-style":"default","ast-global-header-display":"","ast-banner-title-visibility":"","ast-main-header-display":"","ast-hfb-above-header-display":"","ast-hfb-below-header-display":"","ast-hfb-mobile-header-display":"","site-post-title":"","ast-breadcrumbs-content":"","ast-featured-img":"","footer-sml-layout":"","ast-disable-related-posts":"","theme-transparent-header-meta":"","adv-header-id-meta":"","stick-header-meta":"","header-above-stick-meta":"","header-main-stick-meta":"","header-below-stick-meta":"","astra-migrate-meta-layouts":"default","ast-page-background-enabled":"default","ast-page-background-meta":{"desktop":{"background-color":"","background-image":"","background-repeat":"repeat","background-position":"center center","background-size":"auto","background-attachment":"scroll","background-type":"","background-media":"","overlay-type":"","overlay-color":"","overlay-opacity":"","overlay-gradient":""},"tablet":{"background-color":"","background-image":"","background-repeat":"repeat","background-position":"center center","background-size":"auto","background-attachment":"scroll","background-type":"","background-media":"","overlay-type":"","overlay-color":"","overlay-opacity":"","overlay-gradient":""},"mobile":{"background-color":"","background-image":"","background-repeat":"repeat","background-position":"center center","background-size":"auto","background-attachment":"scroll","background-type":"","background-media":"","overlay-type":"","overlay-color":"","overlay-opacity":"","overlay-gradient":""}},"ast-content-background-meta":{"desktop":{"background-color":"var(--ast-global-color-4)","background-image":"","background-repeat":"repeat","background-position":"center center","background-size":"auto","background-attachment":"scroll","background-type":"","background-media":"","overlay-type":"","overlay-color":"","overlay-opacity":"","overlay-gradient":""},"tablet":{"background-color":"var(--ast-global-color-4)","background-image":"","background-repeat":"repeat","background-position":"center center","background-size":"auto","background-attachment":"scroll","background-type":"","background-media":"","overlay-type":"","overlay-color":"","overlay-opacity":"","overlay-gradient":""},"mobile":{"background-color":"var(--ast-global-color-4)","background-image":"","background-repeat":"repeat","background-position":"center center","background-size":"auto","background-attachment":"scroll","background-type":"","background-media":"","overlay-type":"","overlay-color":"","overlay-opacity":"","overlay-gradient":""}}},"product_brand":[],"product_cat":[9580],"product_tag":[9532],"class_list":{"0":"post-23208","1":"product","2":"type-product","3":"status-publish","4":"has-post-thumbnail","6":"product_cat-psichologiniai-detektyvai","7":"product_tag-laura-dave","8":"desktop-align-left","9":"tablet-align-left","10":"mobile-align-left","12":"first","13":"instock","14":"shipping-taxable","15":"purchasable","16":"product-type-simple"},"acf":[],"yoast_head":"<!-- This site is optimized with the Yoast SEO plugin v27.0 - https:\/\/yoast.com\/product\/yoast-seo-wordpress\/ -->\n<title>Paskutiniai jo \u017eod\u017eiai (yra skaitymo \u017eymi\u0173)<\/title>\n<meta name=\"description\" content=\"I\u0161syk New York Times bestseleriu tap\u0119s ir daugiau nei milijon\u0105 skaitytoj\u0173 paverg\u0119s trileris apie moter\u012f, pasiry\u017eusi\u0105 bet kokia kaina i\u0161siai\u0161kinti ties\u0105\" \/>\n<meta name=\"robots\" content=\"index, follow, max-snippet:-1, max-image-preview:large, max-video-preview:-1\" \/>\n<link rel=\"canonical\" href=\"https:\/\/skaitytaknyga.lt\/en\/produktas\/paskutiniai-jo-zodziai-yra-skaitymo-zymiu\/\" \/>\n<meta property=\"og:locale\" content=\"en_GB\" \/>\n<meta property=\"og:locale:alternate\" content=\"lt_LT\" \/>\n<meta property=\"og:type\" content=\"article\" \/>\n<meta property=\"og:title\" content=\"Paskutiniai jo \u017eod\u017eiai (yra skaitymo \u017eymi\u0173)\" \/>\n<meta property=\"og:description\" content=\"I\u0161syk New York Times bestseleriu tap\u0119s ir daugiau nei milijon\u0105 skaitytoj\u0173 paverg\u0119s trileris apie moter\u012f, pasiry\u017eusi\u0105 bet kokia kaina i\u0161siai\u0161kinti ties\u0105\" \/>\n<meta property=\"og:url\" content=\"https:\/\/skaitytaknyga.lt\/en\/produktas\/paskutiniai-jo-zodziai-yra-skaitymo-zymiu\/\" \/>\n<meta property=\"og:site_name\" content=\"Skaitytaknyga\" \/>\n<meta property=\"article:publisher\" content=\"https:\/\/www.facebook.com\/skaitytaknyga\/\" \/>\n<meta property=\"article:modified_time\" content=\"2026-03-05T11:06:02+00:00\" \/>\n<meta property=\"og:image\" content=\"https:\/\/skaitytaknyga.lt\/wp-content\/uploads\/2026\/02\/Paskutiniai-jo-zodziai-1.webp\" \/>\n\t<meta property=\"og:image:width\" content=\"300\" \/>\n\t<meta property=\"og:image:height\" content=\"450\" \/>\n\t<meta property=\"og:image:type\" content=\"image\/webp\" \/>\n<meta name=\"twitter:card\" content=\"summary_large_image\" \/>\n<meta name=\"twitter:label1\" content=\"Estimated reading time\" \/>\n\t<meta name=\"twitter:data1\" content=\"1 minute\" \/>\n<script type=\"application\/ld+json\" class=\"yoast-schema-graph\">{\"@context\":\"https:\/\/schema.org\",\"@graph\":[{\"@type\":\"WebPage\",\"@id\":\"https:\/\/skaitytaknyga.lt\/produktas\/paskutiniai-jo-zodziai-yra-skaitymo-zymiu\/\",\"url\":\"https:\/\/skaitytaknyga.lt\/produktas\/paskutiniai-jo-zodziai-yra-skaitymo-zymiu\/\",\"name\":\"Paskutiniai jo \u017eod\u017eiai (yra skaitymo \u017eymi\u0173)\",\"isPartOf\":{\"@id\":\"https:\/\/skaitytaknyga.lt\/#website\"},\"primaryImageOfPage\":{\"@id\":\"https:\/\/skaitytaknyga.lt\/produktas\/paskutiniai-jo-zodziai-yra-skaitymo-zymiu\/#primaryimage\"},\"image\":{\"@id\":\"https:\/\/skaitytaknyga.lt\/produktas\/paskutiniai-jo-zodziai-yra-skaitymo-zymiu\/#primaryimage\"},\"thumbnailUrl\":\"https:\/\/skaitytaknyga.lt\/wp-content\/uploads\/2026\/02\/Paskutiniai-jo-zodziai-1.webp\",\"datePublished\":\"2026-02-27T09:36:30+00:00\",\"dateModified\":\"2026-03-05T11:06:02+00:00\",\"description\":\"I\u0161syk New York Times bestseleriu tap\u0119s ir daugiau nei milijon\u0105 skaitytoj\u0173 paverg\u0119s trileris apie moter\u012f, pasiry\u017eusi\u0105 bet kokia kaina i\u0161siai\u0161kinti ties\u0105\",\"breadcrumb\":{\"@id\":\"https:\/\/skaitytaknyga.lt\/produktas\/paskutiniai-jo-zodziai-yra-skaitymo-zymiu\/#breadcrumb\"},\"inLanguage\":\"en-GB\",\"potentialAction\":[{\"@type\":\"ReadAction\",\"target\":[\"https:\/\/skaitytaknyga.lt\/produktas\/paskutiniai-jo-zodziai-yra-skaitymo-zymiu\/\"]}]},{\"@type\":\"ImageObject\",\"inLanguage\":\"en-GB\",\"@id\":\"https:\/\/skaitytaknyga.lt\/produktas\/paskutiniai-jo-zodziai-yra-skaitymo-zymiu\/#primaryimage\",\"url\":\"https:\/\/skaitytaknyga.lt\/wp-content\/uploads\/2026\/02\/Paskutiniai-jo-zodziai-1.webp\",\"contentUrl\":\"https:\/\/skaitytaknyga.lt\/wp-content\/uploads\/2026\/02\/Paskutiniai-jo-zodziai-1.webp\",\"width\":300,\"height\":450},{\"@type\":\"BreadcrumbList\",\"@id\":\"https:\/\/skaitytaknyga.lt\/produktas\/paskutiniai-jo-zodziai-yra-skaitymo-zymiu\/#breadcrumb\",\"itemListElement\":[{\"@type\":\"ListItem\",\"position\":1,\"name\":\"Home\",\"item\":\"https:\/\/skaitytaknyga.lt\/\"},{\"@type\":\"ListItem\",\"position\":2,\"name\":\"Parduotuv\u0117\",\"item\":\"https:\/\/skaitytaknyga.lt\/knygu-parduotuve\/\"},{\"@type\":\"ListItem\",\"position\":3,\"name\":\"Paskutiniai jo \u017eod\u017eiai (yra skaitymo \u017eymi\u0173)\"}]},{\"@type\":\"WebSite\",\"@id\":\"https:\/\/skaitytaknyga.lt\/#website\",\"url\":\"https:\/\/skaitytaknyga.lt\/\",\"name\":\"skaitytaknyga.lt\",\"description\":\"Skaitytaknyga.lt \u2013 tai ma\u017eas \u0161eimos verslas, kuris prasid\u0117jo nuo meil\u0117s knygoms ir siekio i\u0161gelb\u0117ti knygas nuo likimo prie konteinerio. Kas vienam nereikalingas daiktas \u2013 kitam lobis, o mes esame tarpininkai, kurie padeda abiems tapti laimingesniems ???? \u017dinome kaip nelengva i\u0161gyventi ma\u017eiems verslams, tad nuo \u0161iol, \u010dia rasite ir kit\u0173, ma\u017e\u0173 \u0161eim\u0173 versl\u0173, rank\u0173 darbo, dovan\u0173 sau ir artimiesiems.\",\"publisher\":{\"@id\":\"https:\/\/skaitytaknyga.lt\/#organization\"},\"potentialAction\":[{\"@type\":\"SearchAction\",\"target\":{\"@type\":\"EntryPoint\",\"urlTemplate\":\"https:\/\/skaitytaknyga.lt\/?s={search_term_string}\"},\"query-input\":{\"@type\":\"PropertyValueSpecification\",\"valueRequired\":true,\"valueName\":\"search_term_string\"}}],\"inLanguage\":\"en-GB\"},{\"@type\":\"Organization\",\"@id\":\"https:\/\/skaitytaknyga.lt\/#organization\",\"name\":\"skaitytaknyga.lt\",\"url\":\"https:\/\/skaitytaknyga.lt\/\",\"logo\":{\"@type\":\"ImageObject\",\"inLanguage\":\"en-GB\",\"@id\":\"https:\/\/skaitytaknyga.lt\/#\/schema\/logo\/image\/\",\"url\":\"https:\/\/skaitytaknyga.lt\/wp-content\/uploads\/2024\/05\/cropped-cropped-cropped-02_00843_jt3bggkj1j3HLc7SyY6rEUpg.jpeg\",\"contentUrl\":\"https:\/\/skaitytaknyga.lt\/wp-content\/uploads\/2024\/05\/cropped-cropped-cropped-02_00843_jt3bggkj1j3HLc7SyY6rEUpg.jpeg\",\"width\":1600,\"height\":1600,\"caption\":\"skaitytaknyga.lt\"},\"image\":{\"@id\":\"https:\/\/skaitytaknyga.lt\/#\/schema\/logo\/image\/\"},\"sameAs\":[\"https:\/\/www.facebook.com\/skaitytaknyga\/\"]}]}<\/script>\n<!-- \/ Yoast SEO plugin. -->","yoast_head_json":{"title":"Paskutiniai jo \u017eod\u017eiai (yra skaitymo \u017eymi\u0173)","description":"I\u0161syk New York Times bestseleriu tap\u0119s ir daugiau nei milijon\u0105 skaitytoj\u0173 paverg\u0119s trileris apie moter\u012f, pasiry\u017eusi\u0105 bet kokia kaina i\u0161siai\u0161kinti ties\u0105","robots":{"index":"index","follow":"follow","max-snippet":"max-snippet:-1","max-image-preview":"max-image-preview:large","max-video-preview":"max-video-preview:-1"},"canonical":"https:\/\/skaitytaknyga.lt\/en\/produktas\/paskutiniai-jo-zodziai-yra-skaitymo-zymiu\/","og_locale":"en_GB","og_type":"article","og_title":"[:lt]Paskutiniai jo \u017eod\u017eiai (yra skaitymo \u017eymi\u0173)[:] - Skaitytaknyga","og_description":"I\u0161syk New York Times bestseleriu tap\u0119s ir daugiau nei milijon\u0105 skaitytoj\u0173 paverg\u0119s trileris apie moter\u012f, pasiry\u017eusi\u0105 bet kokia kaina i\u0161siai\u0161kinti ties\u0105","og_url":"https:\/\/skaitytaknyga.lt\/en\/produktas\/paskutiniai-jo-zodziai-yra-skaitymo-zymiu\/","og_site_name":"Skaitytaknyga","article_publisher":"https:\/\/www.facebook.com\/skaitytaknyga\/","article_modified_time":"2026-03-05T11:06:02+00:00","og_image":[{"width":300,"height":450,"url":"https:\/\/skaitytaknyga.lt\/wp-content\/uploads\/2026\/02\/Paskutiniai-jo-zodziai-1.webp","type":"image\/webp"}],"twitter_card":"summary_large_image","twitter_misc":{"Estimated reading time":"1 minute"},"schema":{"@context":"https:\/\/schema.org","@graph":[{"@type":"WebPage","@id":"https:\/\/skaitytaknyga.lt\/produktas\/paskutiniai-jo-zodziai-yra-skaitymo-zymiu\/","url":"https:\/\/skaitytaknyga.lt\/produktas\/paskutiniai-jo-zodziai-yra-skaitymo-zymiu\/","name":"Paskutiniai jo \u017eod\u017eiai (yra skaitymo \u017eymi\u0173)","isPartOf":{"@id":"https:\/\/skaitytaknyga.lt\/#website"},"primaryImageOfPage":{"@id":"https:\/\/skaitytaknyga.lt\/produktas\/paskutiniai-jo-zodziai-yra-skaitymo-zymiu\/#primaryimage"},"image":{"@id":"https:\/\/skaitytaknyga.lt\/produktas\/paskutiniai-jo-zodziai-yra-skaitymo-zymiu\/#primaryimage"},"thumbnailUrl":"https:\/\/skaitytaknyga.lt\/wp-content\/uploads\/2026\/02\/Paskutiniai-jo-zodziai-1.webp","datePublished":"2026-02-27T09:36:30+00:00","dateModified":"2026-03-05T11:06:02+00:00","description":"I\u0161syk New York Times bestseleriu tap\u0119s ir daugiau nei milijon\u0105 skaitytoj\u0173 paverg\u0119s trileris apie moter\u012f, pasiry\u017eusi\u0105 bet kokia kaina i\u0161siai\u0161kinti ties\u0105","breadcrumb":{"@id":"https:\/\/skaitytaknyga.lt\/produktas\/paskutiniai-jo-zodziai-yra-skaitymo-zymiu\/#breadcrumb"},"inLanguage":"en-GB","potentialAction":[{"@type":"ReadAction","target":["https:\/\/skaitytaknyga.lt\/produktas\/paskutiniai-jo-zodziai-yra-skaitymo-zymiu\/"]}]},{"@type":"ImageObject","inLanguage":"en-GB","@id":"https:\/\/skaitytaknyga.lt\/produktas\/paskutiniai-jo-zodziai-yra-skaitymo-zymiu\/#primaryimage","url":"https:\/\/skaitytaknyga.lt\/wp-content\/uploads\/2026\/02\/Paskutiniai-jo-zodziai-1.webp","contentUrl":"https:\/\/skaitytaknyga.lt\/wp-content\/uploads\/2026\/02\/Paskutiniai-jo-zodziai-1.webp","width":300,"height":450},{"@type":"BreadcrumbList","@id":"https:\/\/skaitytaknyga.lt\/produktas\/paskutiniai-jo-zodziai-yra-skaitymo-zymiu\/#breadcrumb","itemListElement":[{"@type":"ListItem","position":1,"name":"Home","item":"https:\/\/skaitytaknyga.lt\/"},{"@type":"ListItem","position":2,"name":"Parduotuv\u0117","item":"https:\/\/skaitytaknyga.lt\/knygu-parduotuve\/"},{"@type":"ListItem","position":3,"name":"Paskutiniai jo \u017eod\u017eiai (yra skaitymo \u017eymi\u0173)"}]},{"@type":"WebSite","@id":"https:\/\/skaitytaknyga.lt\/#website","url":"https:\/\/skaitytaknyga.lt\/","name":"skaitytaknyga.lt","description":"Skaitytaknyga.lt \u2013 tai ma\u017eas \u0161eimos verslas, kuris prasid\u0117jo nuo meil\u0117s knygoms ir siekio i\u0161gelb\u0117ti knygas nuo likimo prie konteinerio. Kas vienam nereikalingas daiktas \u2013 kitam lobis, o mes esame tarpininkai, kurie padeda abiems tapti laimingesniems ???? \u017dinome kaip nelengva i\u0161gyventi ma\u017eiems verslams, tad nuo \u0161iol, \u010dia rasite ir kit\u0173, ma\u017e\u0173 \u0161eim\u0173 versl\u0173, rank\u0173 darbo, dovan\u0173 sau ir artimiesiems.","publisher":{"@id":"https:\/\/skaitytaknyga.lt\/#organization"},"potentialAction":[{"@type":"SearchAction","target":{"@type":"EntryPoint","urlTemplate":"https:\/\/skaitytaknyga.lt\/?s={search_term_string}"},"query-input":{"@type":"PropertyValueSpecification","valueRequired":true,"valueName":"search_term_string"}}],"inLanguage":"en-GB"},{"@type":"Organization","@id":"https:\/\/skaitytaknyga.lt\/#organization","name":"skaitytaknyga.lt","url":"https:\/\/skaitytaknyga.lt\/","logo":{"@type":"ImageObject","inLanguage":"en-GB","@id":"https:\/\/skaitytaknyga.lt\/#\/schema\/logo\/image\/","url":"https:\/\/skaitytaknyga.lt\/wp-content\/uploads\/2024\/05\/cropped-cropped-cropped-02_00843_jt3bggkj1j3HLc7SyY6rEUpg.jpeg","contentUrl":"https:\/\/skaitytaknyga.lt\/wp-content\/uploads\/2024\/05\/cropped-cropped-cropped-02_00843_jt3bggkj1j3HLc7SyY6rEUpg.jpeg","width":1600,"height":1600,"caption":"skaitytaknyga.lt"},"image":{"@id":"https:\/\/skaitytaknyga.lt\/#\/schema\/logo\/image\/"},"sameAs":["https:\/\/www.facebook.com\/skaitytaknyga\/"]}]}},"_links":{"self":[{"href":"https:\/\/skaitytaknyga.lt\/en\/wp-json\/wp\/v2\/product\/23208","targetHints":{"allow":["GET"]}}],"collection":[{"href":"https:\/\/skaitytaknyga.lt\/en\/wp-json\/wp\/v2\/product"}],"about":[{"href":"https:\/\/skaitytaknyga.lt\/en\/wp-json\/wp\/v2\/types\/product"}],"replies":[{"embeddable":true,"href":"https:\/\/skaitytaknyga.lt\/en\/wp-json\/wp\/v2\/comments?post=23208"}],"wp:featuredmedia":[{"embeddable":true,"href":"https:\/\/skaitytaknyga.lt\/en\/wp-json\/wp\/v2\/media\/23215"}],"wp:attachment":[{"href":"https:\/\/skaitytaknyga.lt\/en\/wp-json\/wp\/v2\/media?parent=23208"}],"wp:term":[{"taxonomy":"product_brand","embeddable":true,"href":"https:\/\/skaitytaknyga.lt\/en\/wp-json\/wp\/v2\/product_brand?post=23208"},{"taxonomy":"product_cat","embeddable":true,"href":"https:\/\/skaitytaknyga.lt\/en\/wp-json\/wp\/v2\/product_cat?post=23208"},{"taxonomy":"product_tag","embeddable":true,"href":"https:\/\/skaitytaknyga.lt\/en\/wp-json\/wp\/v2\/product_tag?post=23208"}],"curies":[{"name":"wp","href":"https:\/\/api.w.org\/{rel}","templated":true}]}}