{"id":23207,"date":"2026-02-27T11:36:30","date_gmt":"2026-02-27T09:36:30","guid":{"rendered":"https:\/\/skaitytaknyga.lt\/?post_type=product&#038;p=23207"},"modified":"2026-03-05T12:56:39","modified_gmt":"2026-03-05T10:56:39","slug":"vaiku-zaidimai","status":"publish","type":"product","link":"https:\/\/skaitytaknyga.lt\/en\/produktas\/vaiku-zaidimai\/","title":{"rendered":"Vaik\u0173 \u017eaidimai"},"content":{"rendered":"<p>Pagaliau \u017eaid\u017eiame. Mano pasirinkt\u0105 \u017eaidim\u0105. Paskutin\u012fkart pasuku karusel\u0119 ir atsitraukiu. \u201eTur\u0117jai su manimi pa\u017eaisti&#8221;, \u2014 pakartoju, nors ji man\u0119s nebegirdi.<\/p>\n<p>Vien\u0105 v\u0117lyv\u0105 vasaros vakar\u0105 detektyv\u0117 Kima Stoun atvyksta \u012f Heiden Hilio park\u0105, kur mato \u012fvykdyt\u0105 siaubing\u0105 nusikaltim\u0105: pagyvenusi moteris dygliuota viela priri\u0161ta prie s\u016bpyni\u0173, o ant sprando peiliu jai i\u0161rai\u017eyta raid\u0117 X.<\/p>\n<p>Nusikaltimo auka yra \u012f pensij\u0105 i\u0161\u0117jusi koled\u017eo profesor\u0117 Belinda Evans, kurios specializacijos sritis \u2014 vaik\u0173 psichologija. Kai jos namuose randamas sukrautas kelioninis krep\u0161ys, Kima su komanda pradeda narplioti painius moters ir jos sesers Veronikos santykius.<\/p>\n<p>Netrukus randami dar du X raide pa\u017eym\u0117ti lavonai, tad Kima supranta med\u017eiojanti ritualin\u012f serijin\u012f \u017eudik\u0105. O visos trys aukos susijusios su kasme\u010diu vunderkind\u0173 konkursu.<\/p>\n<p>Taigi, Kimai su komanda n\u0117ra kada mind\u017eikuoti \u2014 jie susid\u016br\u0117 su vienu \u017eiauriausi\u0173 \u017eudik\u0173 savo praktikoje. Kad j\u012f su\u010diupt\u0173, turi patikrinti kiekvien\u0105 konkurso dalyv\u012f, net jei \u0161is dalyvavo renginyje prie\u0161 kelet\u0105 de\u0161imtme\u010di\u0173. Laukia i\u0161ties mil\u017eini\u0161ka u\u017eduotis. Ar Kima perpras \u017eudiko u\u017ema\u010dias ir sp\u0117s pastoti jam keli\u0105, kol piktadarys nenu\u017eud\u0117 dar vienos aukos?<\/p>\n<p>Bestseleri\u0173 autor\u0117s Angelos Marsons trileris apie tamsi\u0105j\u0105 vunderkind\u0173 pus\u0119 visi\u0161kai prikaustys j\u016bs\u0173 d\u0117mes\u012f.<\/p>\n","protected":false},"excerpt":{"rendered":"<p>Pagaliau \u017eaid\u017eiame. Mano pasirinkt\u0105 \u017eaidim\u0105. Paskutin\u012fkart pasuku karusel\u0119 ir atsitraukiu. \u201eTur\u0117jai su manimi pa\u017eaisti&#8221;, \u2014 pakartoju, nors ji man\u0119s nebegirdi. Vien\u0105 v\u0117lyv\u0105 vasaros vakar\u0105 detektyv\u0117 Kima Stoun atvyksta \u012f Heiden Hilio park\u0105, kur mato \u012fvykdyt\u0105 siaubing\u0105 nusikaltim\u0105: pagyvenusi moteris dygliuota viela priri\u0161ta prie s\u016bpyni\u0173, o ant sprando peiliu jai i\u0161rai\u017eyta raid\u0117 X. Nusikaltimo auka yra \u012f pensij\u0105 i\u0161\u0117jusi koled\u017eo profesor\u0117 Belinda Evans, kurios specializacijos sritis \u2014 vaik\u0173 psichologija. Kai jos namuose randamas sukrautas kelioninis krep\u0161ys, Kima su komanda pradeda narplioti painius moters ir jos sesers Veronikos santykius. Netrukus randami dar du X raide pa\u017eym\u0117ti lavonai, tad Kima supranta med\u017eiojanti ritualin\u012f serijin\u012f \u017eudik\u0105. O visos trys aukos susijusios su kasme\u010diu vunderkind\u0173 konkursu. Taigi, Kimai su komanda n\u0117ra kada mind\u017eikuoti \u2014 jie susid\u016br\u0117 su vienu \u017eiauriausi\u0173 \u017eudik\u0173 savo praktikoje. Kad j\u012f su\u010diupt\u0173, turi patikrinti kiekvien\u0105 konkurso dalyv\u012f, net jei \u0161is dalyvavo renginyje prie\u0161 kelet\u0105 de\u0161imtme\u010di\u0173. Laukia i\u0161ties mil\u017eini\u0161ka u\u017eduotis. Ar Kima perpras \u017eudiko u\u017ema\u010dias ir sp\u0117s pastoti jam keli\u0105, kol piktadarys nenu\u017eud\u0117 dar vienos aukos? Bestseleri\u0173 autor\u0117s Angelos Marsons trileris apie tamsi\u0105j\u0105 vunderkind\u0173 pus\u0119 visi\u0161kai prikaustys j\u016bs\u0173 d\u0117mes\u012f.<\/p>\n","protected":false},"featured_media":23214,"comment_status":"open","ping_status":"closed","template":"","meta":{"_acf_changed":false,"site-sidebar-layout":"default","site-content-layout":"","ast-site-content-layout":"default","site-content-style":"default","site-sidebar-style":"default","ast-global-header-display":"","ast-banner-title-visibility":"","ast-main-header-display":"","ast-hfb-above-header-display":"","ast-hfb-below-header-display":"","ast-hfb-mobile-header-display":"","site-post-title":"","ast-breadcrumbs-content":"","ast-featured-img":"","footer-sml-layout":"","ast-disable-related-posts":"","theme-transparent-header-meta":"","adv-header-id-meta":"","stick-header-meta":"","header-above-stick-meta":"","header-main-stick-meta":"","header-below-stick-meta":"","astra-migrate-meta-layouts":"default","ast-page-background-enabled":"default","ast-page-background-meta":{"desktop":{"background-color":"","background-image":"","background-repeat":"repeat","background-position":"center center","background-size":"auto","background-attachment":"scroll","background-type":"","background-media":"","overlay-type":"","overlay-color":"","overlay-opacity":"","overlay-gradient":""},"tablet":{"background-color":"","background-image":"","background-repeat":"repeat","background-position":"center center","background-size":"auto","background-attachment":"scroll","background-type":"","background-media":"","overlay-type":"","overlay-color":"","overlay-opacity":"","overlay-gradient":""},"mobile":{"background-color":"","background-image":"","background-repeat":"repeat","background-position":"center center","background-size":"auto","background-attachment":"scroll","background-type":"","background-media":"","overlay-type":"","overlay-color":"","overlay-opacity":"","overlay-gradient":""}},"ast-content-background-meta":{"desktop":{"background-color":"var(--ast-global-color-4)","background-image":"","background-repeat":"repeat","background-position":"center center","background-size":"auto","background-attachment":"scroll","background-type":"","background-media":"","overlay-type":"","overlay-color":"","overlay-opacity":"","overlay-gradient":""},"tablet":{"background-color":"var(--ast-global-color-4)","background-image":"","background-repeat":"repeat","background-position":"center center","background-size":"auto","background-attachment":"scroll","background-type":"","background-media":"","overlay-type":"","overlay-color":"","overlay-opacity":"","overlay-gradient":""},"mobile":{"background-color":"var(--ast-global-color-4)","background-image":"","background-repeat":"repeat","background-position":"center center","background-size":"auto","background-attachment":"scroll","background-type":"","background-media":"","overlay-type":"","overlay-color":"","overlay-opacity":"","overlay-gradient":""}}},"product_brand":[],"product_cat":[9581],"product_tag":[1586],"class_list":{"0":"post-23207","1":"product","2":"type-product","3":"status-publish","4":"has-post-thumbnail","6":"product_cat-kriminaliniai-romanai","7":"product_tag-angela-marsons","8":"desktop-align-left","9":"tablet-align-left","10":"mobile-align-left","12":"first","13":"instock","14":"shipping-taxable","15":"purchasable","16":"product-type-simple"},"acf":[],"yoast_head":"<!-- This site is optimized with the Yoast SEO plugin v27.0 - https:\/\/yoast.com\/product\/yoast-seo-wordpress\/ -->\n<title>Vaik\u0173 \u017eaidimai<\/title>\n<meta name=\"description\" content=\"Pagaliau \u017eaid\u017eiame. Mano pasirinkt\u0105 \u017eaidim\u0105. Paskutin\u012fkart pasuku karusel\u0119 ir atsitraukiu. \u201eTur\u0117jai su manimi pa\u017eaisti&quot;, \u2014 pakartoju, nors ji man\u0119s\" \/>\n<meta name=\"robots\" content=\"index, follow, max-snippet:-1, max-image-preview:large, max-video-preview:-1\" \/>\n<link rel=\"canonical\" href=\"https:\/\/skaitytaknyga.lt\/en\/produktas\/vaiku-zaidimai\/\" \/>\n<meta property=\"og:locale\" content=\"en_GB\" \/>\n<meta property=\"og:locale:alternate\" content=\"lt_LT\" \/>\n<meta property=\"og:type\" content=\"article\" \/>\n<meta property=\"og:title\" content=\"Vaik\u0173 \u017eaidimai\" \/>\n<meta property=\"og:description\" content=\"Pagaliau \u017eaid\u017eiame. Mano pasirinkt\u0105 \u017eaidim\u0105. Paskutin\u012fkart pasuku karusel\u0119 ir atsitraukiu. \u201eTur\u0117jai su manimi pa\u017eaisti&quot;, \u2014 pakartoju, nors ji man\u0119s\" \/>\n<meta property=\"og:url\" content=\"https:\/\/skaitytaknyga.lt\/en\/produktas\/vaiku-zaidimai\/\" \/>\n<meta property=\"og:site_name\" content=\"Skaitytaknyga\" \/>\n<meta property=\"article:publisher\" content=\"https:\/\/www.facebook.com\/skaitytaknyga\/\" \/>\n<meta property=\"article:modified_time\" content=\"2026-03-05T10:56:39+00:00\" \/>\n<meta property=\"og:image\" content=\"https:\/\/skaitytaknyga.lt\/wp-content\/uploads\/2026\/02\/Vaiku-zaidimai-1.webp\" \/>\n\t<meta property=\"og:image:width\" content=\"300\" \/>\n\t<meta property=\"og:image:height\" content=\"455\" \/>\n\t<meta property=\"og:image:type\" content=\"image\/webp\" \/>\n<meta name=\"twitter:card\" content=\"summary_large_image\" \/>\n<meta name=\"twitter:label1\" content=\"Estimated reading time\" \/>\n\t<meta name=\"twitter:data1\" content=\"1 minute\" \/>\n<script type=\"application\/ld+json\" class=\"yoast-schema-graph\">{\"@context\":\"https:\/\/schema.org\",\"@graph\":[{\"@type\":\"WebPage\",\"@id\":\"https:\/\/skaitytaknyga.lt\/produktas\/vaiku-zaidimai\/\",\"url\":\"https:\/\/skaitytaknyga.lt\/produktas\/vaiku-zaidimai\/\",\"name\":\"Vaik\u0173 \u017eaidimai\",\"isPartOf\":{\"@id\":\"https:\/\/skaitytaknyga.lt\/#website\"},\"primaryImageOfPage\":{\"@id\":\"https:\/\/skaitytaknyga.lt\/produktas\/vaiku-zaidimai\/#primaryimage\"},\"image\":{\"@id\":\"https:\/\/skaitytaknyga.lt\/produktas\/vaiku-zaidimai\/#primaryimage\"},\"thumbnailUrl\":\"https:\/\/skaitytaknyga.lt\/wp-content\/uploads\/2026\/02\/Vaiku-zaidimai-1.webp\",\"datePublished\":\"2026-02-27T09:36:30+00:00\",\"dateModified\":\"2026-03-05T10:56:39+00:00\",\"description\":\"Pagaliau \u017eaid\u017eiame. Mano pasirinkt\u0105 \u017eaidim\u0105. Paskutin\u012fkart pasuku karusel\u0119 ir atsitraukiu. \u201eTur\u0117jai su manimi pa\u017eaisti\\\", \u2014 pakartoju, nors ji man\u0119s\",\"breadcrumb\":{\"@id\":\"https:\/\/skaitytaknyga.lt\/produktas\/vaiku-zaidimai\/#breadcrumb\"},\"inLanguage\":\"en-GB\",\"potentialAction\":[{\"@type\":\"ReadAction\",\"target\":[\"https:\/\/skaitytaknyga.lt\/produktas\/vaiku-zaidimai\/\"]}]},{\"@type\":\"ImageObject\",\"inLanguage\":\"en-GB\",\"@id\":\"https:\/\/skaitytaknyga.lt\/produktas\/vaiku-zaidimai\/#primaryimage\",\"url\":\"https:\/\/skaitytaknyga.lt\/wp-content\/uploads\/2026\/02\/Vaiku-zaidimai-1.webp\",\"contentUrl\":\"https:\/\/skaitytaknyga.lt\/wp-content\/uploads\/2026\/02\/Vaiku-zaidimai-1.webp\",\"width\":300,\"height\":455},{\"@type\":\"BreadcrumbList\",\"@id\":\"https:\/\/skaitytaknyga.lt\/produktas\/vaiku-zaidimai\/#breadcrumb\",\"itemListElement\":[{\"@type\":\"ListItem\",\"position\":1,\"name\":\"Home\",\"item\":\"https:\/\/skaitytaknyga.lt\/\"},{\"@type\":\"ListItem\",\"position\":2,\"name\":\"Parduotuv\u0117\",\"item\":\"https:\/\/skaitytaknyga.lt\/knygu-parduotuve\/\"},{\"@type\":\"ListItem\",\"position\":3,\"name\":\"Vaik\u0173 \u017eaidimai\"}]},{\"@type\":\"WebSite\",\"@id\":\"https:\/\/skaitytaknyga.lt\/#website\",\"url\":\"https:\/\/skaitytaknyga.lt\/\",\"name\":\"skaitytaknyga.lt\",\"description\":\"Skaitytaknyga.lt \u2013 tai ma\u017eas \u0161eimos verslas, kuris prasid\u0117jo nuo meil\u0117s knygoms ir siekio i\u0161gelb\u0117ti knygas nuo likimo prie konteinerio. Kas vienam nereikalingas daiktas \u2013 kitam lobis, o mes esame tarpininkai, kurie padeda abiems tapti laimingesniems ???? \u017dinome kaip nelengva i\u0161gyventi ma\u017eiems verslams, tad nuo \u0161iol, \u010dia rasite ir kit\u0173, ma\u017e\u0173 \u0161eim\u0173 versl\u0173, rank\u0173 darbo, dovan\u0173 sau ir artimiesiems.\",\"publisher\":{\"@id\":\"https:\/\/skaitytaknyga.lt\/#organization\"},\"potentialAction\":[{\"@type\":\"SearchAction\",\"target\":{\"@type\":\"EntryPoint\",\"urlTemplate\":\"https:\/\/skaitytaknyga.lt\/?s={search_term_string}\"},\"query-input\":{\"@type\":\"PropertyValueSpecification\",\"valueRequired\":true,\"valueName\":\"search_term_string\"}}],\"inLanguage\":\"en-GB\"},{\"@type\":\"Organization\",\"@id\":\"https:\/\/skaitytaknyga.lt\/#organization\",\"name\":\"skaitytaknyga.lt\",\"url\":\"https:\/\/skaitytaknyga.lt\/\",\"logo\":{\"@type\":\"ImageObject\",\"inLanguage\":\"en-GB\",\"@id\":\"https:\/\/skaitytaknyga.lt\/#\/schema\/logo\/image\/\",\"url\":\"https:\/\/skaitytaknyga.lt\/wp-content\/uploads\/2024\/05\/cropped-cropped-cropped-02_00843_jt3bggkj1j3HLc7SyY6rEUpg.jpeg\",\"contentUrl\":\"https:\/\/skaitytaknyga.lt\/wp-content\/uploads\/2024\/05\/cropped-cropped-cropped-02_00843_jt3bggkj1j3HLc7SyY6rEUpg.jpeg\",\"width\":1600,\"height\":1600,\"caption\":\"skaitytaknyga.lt\"},\"image\":{\"@id\":\"https:\/\/skaitytaknyga.lt\/#\/schema\/logo\/image\/\"},\"sameAs\":[\"https:\/\/www.facebook.com\/skaitytaknyga\/\"]}]}<\/script>\n<!-- \/ Yoast SEO plugin. -->","yoast_head_json":{"title":"Vaik\u0173 \u017eaidimai","description":"Pagaliau \u017eaid\u017eiame. Mano pasirinkt\u0105 \u017eaidim\u0105. Paskutin\u012fkart pasuku karusel\u0119 ir atsitraukiu. \u201eTur\u0117jai su manimi pa\u017eaisti\", \u2014 pakartoju, nors ji man\u0119s","robots":{"index":"index","follow":"follow","max-snippet":"max-snippet:-1","max-image-preview":"max-image-preview:large","max-video-preview":"max-video-preview:-1"},"canonical":"https:\/\/skaitytaknyga.lt\/en\/produktas\/vaiku-zaidimai\/","og_locale":"en_GB","og_type":"article","og_title":"[:lt]Vaik\u0173 \u017eaidimai[:] - Skaitytaknyga","og_description":"Pagaliau \u017eaid\u017eiame. Mano pasirinkt\u0105 \u017eaidim\u0105. Paskutin\u012fkart pasuku karusel\u0119 ir atsitraukiu. \u201eTur\u0117jai su manimi pa\u017eaisti\", \u2014 pakartoju, nors ji man\u0119s","og_url":"https:\/\/skaitytaknyga.lt\/en\/produktas\/vaiku-zaidimai\/","og_site_name":"Skaitytaknyga","article_publisher":"https:\/\/www.facebook.com\/skaitytaknyga\/","article_modified_time":"2026-03-05T10:56:39+00:00","og_image":[{"width":300,"height":455,"url":"https:\/\/skaitytaknyga.lt\/wp-content\/uploads\/2026\/02\/Vaiku-zaidimai-1.webp","type":"image\/webp"}],"twitter_card":"summary_large_image","twitter_misc":{"Estimated reading time":"1 minute"},"schema":{"@context":"https:\/\/schema.org","@graph":[{"@type":"WebPage","@id":"https:\/\/skaitytaknyga.lt\/produktas\/vaiku-zaidimai\/","url":"https:\/\/skaitytaknyga.lt\/produktas\/vaiku-zaidimai\/","name":"Vaik\u0173 \u017eaidimai","isPartOf":{"@id":"https:\/\/skaitytaknyga.lt\/#website"},"primaryImageOfPage":{"@id":"https:\/\/skaitytaknyga.lt\/produktas\/vaiku-zaidimai\/#primaryimage"},"image":{"@id":"https:\/\/skaitytaknyga.lt\/produktas\/vaiku-zaidimai\/#primaryimage"},"thumbnailUrl":"https:\/\/skaitytaknyga.lt\/wp-content\/uploads\/2026\/02\/Vaiku-zaidimai-1.webp","datePublished":"2026-02-27T09:36:30+00:00","dateModified":"2026-03-05T10:56:39+00:00","description":"Pagaliau \u017eaid\u017eiame. Mano pasirinkt\u0105 \u017eaidim\u0105. Paskutin\u012fkart pasuku karusel\u0119 ir atsitraukiu. \u201eTur\u0117jai su manimi pa\u017eaisti\", \u2014 pakartoju, nors ji man\u0119s","breadcrumb":{"@id":"https:\/\/skaitytaknyga.lt\/produktas\/vaiku-zaidimai\/#breadcrumb"},"inLanguage":"en-GB","potentialAction":[{"@type":"ReadAction","target":["https:\/\/skaitytaknyga.lt\/produktas\/vaiku-zaidimai\/"]}]},{"@type":"ImageObject","inLanguage":"en-GB","@id":"https:\/\/skaitytaknyga.lt\/produktas\/vaiku-zaidimai\/#primaryimage","url":"https:\/\/skaitytaknyga.lt\/wp-content\/uploads\/2026\/02\/Vaiku-zaidimai-1.webp","contentUrl":"https:\/\/skaitytaknyga.lt\/wp-content\/uploads\/2026\/02\/Vaiku-zaidimai-1.webp","width":300,"height":455},{"@type":"BreadcrumbList","@id":"https:\/\/skaitytaknyga.lt\/produktas\/vaiku-zaidimai\/#breadcrumb","itemListElement":[{"@type":"ListItem","position":1,"name":"Home","item":"https:\/\/skaitytaknyga.lt\/"},{"@type":"ListItem","position":2,"name":"Parduotuv\u0117","item":"https:\/\/skaitytaknyga.lt\/knygu-parduotuve\/"},{"@type":"ListItem","position":3,"name":"Vaik\u0173 \u017eaidimai"}]},{"@type":"WebSite","@id":"https:\/\/skaitytaknyga.lt\/#website","url":"https:\/\/skaitytaknyga.lt\/","name":"skaitytaknyga.lt","description":"Skaitytaknyga.lt \u2013 tai ma\u017eas \u0161eimos verslas, kuris prasid\u0117jo nuo meil\u0117s knygoms ir siekio i\u0161gelb\u0117ti knygas nuo likimo prie konteinerio. Kas vienam nereikalingas daiktas \u2013 kitam lobis, o mes esame tarpininkai, kurie padeda abiems tapti laimingesniems ???? \u017dinome kaip nelengva i\u0161gyventi ma\u017eiems verslams, tad nuo \u0161iol, \u010dia rasite ir kit\u0173, ma\u017e\u0173 \u0161eim\u0173 versl\u0173, rank\u0173 darbo, dovan\u0173 sau ir artimiesiems.","publisher":{"@id":"https:\/\/skaitytaknyga.lt\/#organization"},"potentialAction":[{"@type":"SearchAction","target":{"@type":"EntryPoint","urlTemplate":"https:\/\/skaitytaknyga.lt\/?s={search_term_string}"},"query-input":{"@type":"PropertyValueSpecification","valueRequired":true,"valueName":"search_term_string"}}],"inLanguage":"en-GB"},{"@type":"Organization","@id":"https:\/\/skaitytaknyga.lt\/#organization","name":"skaitytaknyga.lt","url":"https:\/\/skaitytaknyga.lt\/","logo":{"@type":"ImageObject","inLanguage":"en-GB","@id":"https:\/\/skaitytaknyga.lt\/#\/schema\/logo\/image\/","url":"https:\/\/skaitytaknyga.lt\/wp-content\/uploads\/2024\/05\/cropped-cropped-cropped-02_00843_jt3bggkj1j3HLc7SyY6rEUpg.jpeg","contentUrl":"https:\/\/skaitytaknyga.lt\/wp-content\/uploads\/2024\/05\/cropped-cropped-cropped-02_00843_jt3bggkj1j3HLc7SyY6rEUpg.jpeg","width":1600,"height":1600,"caption":"skaitytaknyga.lt"},"image":{"@id":"https:\/\/skaitytaknyga.lt\/#\/schema\/logo\/image\/"},"sameAs":["https:\/\/www.facebook.com\/skaitytaknyga\/"]}]}},"_links":{"self":[{"href":"https:\/\/skaitytaknyga.lt\/en\/wp-json\/wp\/v2\/product\/23207","targetHints":{"allow":["GET"]}}],"collection":[{"href":"https:\/\/skaitytaknyga.lt\/en\/wp-json\/wp\/v2\/product"}],"about":[{"href":"https:\/\/skaitytaknyga.lt\/en\/wp-json\/wp\/v2\/types\/product"}],"replies":[{"embeddable":true,"href":"https:\/\/skaitytaknyga.lt\/en\/wp-json\/wp\/v2\/comments?post=23207"}],"wp:featuredmedia":[{"embeddable":true,"href":"https:\/\/skaitytaknyga.lt\/en\/wp-json\/wp\/v2\/media\/23214"}],"wp:attachment":[{"href":"https:\/\/skaitytaknyga.lt\/en\/wp-json\/wp\/v2\/media?parent=23207"}],"wp:term":[{"taxonomy":"product_brand","embeddable":true,"href":"https:\/\/skaitytaknyga.lt\/en\/wp-json\/wp\/v2\/product_brand?post=23207"},{"taxonomy":"product_cat","embeddable":true,"href":"https:\/\/skaitytaknyga.lt\/en\/wp-json\/wp\/v2\/product_cat?post=23207"},{"taxonomy":"product_tag","embeddable":true,"href":"https:\/\/skaitytaknyga.lt\/en\/wp-json\/wp\/v2\/product_tag?post=23207"}],"curies":[{"name":"wp","href":"https:\/\/api.w.org\/{rel}","templated":true}]}}