{"id":23206,"date":"2026-02-27T11:36:30","date_gmt":"2026-02-27T09:36:30","guid":{"rendered":"https:\/\/skaitytaknyga.lt\/?post_type=product&#038;p=23206"},"modified":"2026-03-05T12:59:42","modified_gmt":"2026-03-05T10:59:42","slug":"sanatorija","status":"publish","type":"product","link":"https:\/\/skaitytaknyga.lt\/en\/produktas\/sanatorija\/","title":{"rendered":"Sanatorija"},"content":{"rendered":"<p>\u201eNenusp\u0117jamas psichologinis trileris su siaubo u\u017euominomis. \u012estabus debiutas \u2013 puikiai sustyguotas ir emoci\u0161kai stiprus.&#8221; \u2013 The Sunday Times<\/p>\n<p>\u012esp\u016bdinguose \u0160veicarijos Alpi\u0173 kalnuose st\u016bkso nuo pasaulio izoliuotas pastatas. Anks\u010diau \u010dia buvo \u012fsik\u016brusi sanatorija, dabar \u2013 penki\u0173 \u017evaig\u017edu\u010di\u0173 vie\u0161butis. \u010cia vyks Elinos Vorner brolio Izaoko su\u017ead\u0117tuvi\u0173 \u0161vent\u0117. \u0160iuo metu atostogaujanti detektyv\u0117 nejau\u010dia noro vykti \u012f \u0161vent\u0119. N\u0117ra tikra, ar ji jau pasiruo\u0161usi susitikti su broliu \u2013 nuo vieno nelaimingo \u012fvykio jaunyst\u0117je jiedu beveik nebendravo. Vis d\u0117lto moteris regi prog\u0105 i\u0161siai\u0161kinti, kas gi i\u0161 ties\u0173 anuomet nutiko.<\/p>\n<p>Vos atvykusi Elina i\u0161kart pajunta, kad ka\u017ekas ne taip. Ramyb\u0117s neduoda keistas brolio elgesys, ta\u010diau suvis did\u017eiausias i\u0161\u0161\u016bkis kyla kit\u0105 ryt\u0105, kai visus priblo\u0161kia \u017einia apie dingusi\u0105 Izaoko su\u017ead\u0117tin\u0119 Lor\u0105. Dar lyg ty\u010dia u\u017eklupusi sniego lavina u\u017ekerta prieig\u0105 prie vie\u0161bu\u010dio \u2013 niekas negali nei i\u0161vykti, nei atvykti. Elina supranta prival\u0117sianti \u012fsitraukti \u012f Loros paie\u0161kas, nes pagalbos i\u0161 i\u0161or\u0117s tik\u0117tis neverta. Sve\u010diai pama\u017eu ima nerimauti, ta\u010diau jie dar nenutuokia, kad visa tai \u2013 tik prad\u017eia&#8230;<\/p>\n","protected":false},"excerpt":{"rendered":"<p>\u201eNenusp\u0117jamas psichologinis trileris su siaubo u\u017euominomis. \u012estabus debiutas \u2013 puikiai sustyguotas ir emoci\u0161kai stiprus.&#8221; \u2013 The Sunday Times \u012esp\u016bdinguose \u0160veicarijos Alpi\u0173 kalnuose st\u016bkso nuo pasaulio izoliuotas pastatas. Anks\u010diau \u010dia buvo \u012fsik\u016brusi sanatorija, dabar \u2013 penki\u0173 \u017evaig\u017edu\u010di\u0173 vie\u0161butis. \u010cia vyks Elinos Vorner brolio Izaoko su\u017ead\u0117tuvi\u0173 \u0161vent\u0117. \u0160iuo metu atostogaujanti detektyv\u0117 nejau\u010dia noro vykti \u012f \u0161vent\u0119. N\u0117ra tikra, ar ji jau pasiruo\u0161usi susitikti su broliu \u2013 nuo vieno nelaimingo \u012fvykio jaunyst\u0117je jiedu beveik nebendravo. Vis d\u0117lto moteris regi prog\u0105 i\u0161siai\u0161kinti, kas gi i\u0161 ties\u0173 anuomet nutiko. Vos atvykusi Elina i\u0161kart pajunta, kad ka\u017ekas ne taip. Ramyb\u0117s neduoda keistas brolio elgesys, ta\u010diau suvis did\u017eiausias i\u0161\u0161\u016bkis kyla kit\u0105 ryt\u0105, kai visus priblo\u0161kia \u017einia apie dingusi\u0105 Izaoko su\u017ead\u0117tin\u0119 Lor\u0105. Dar lyg ty\u010dia u\u017eklupusi sniego lavina u\u017ekerta prieig\u0105 prie vie\u0161bu\u010dio \u2013 niekas negali nei i\u0161vykti, nei atvykti. Elina supranta prival\u0117sianti \u012fsitraukti \u012f Loros paie\u0161kas, nes pagalbos i\u0161 i\u0161or\u0117s tik\u0117tis neverta. Sve\u010diai pama\u017eu ima nerimauti, ta\u010diau jie dar nenutuokia, kad visa tai \u2013 tik prad\u017eia&#8230;<\/p>\n","protected":false},"featured_media":23213,"comment_status":"open","ping_status":"closed","template":"","meta":{"_acf_changed":false,"site-sidebar-layout":"default","site-content-layout":"","ast-site-content-layout":"default","site-content-style":"default","site-sidebar-style":"default","ast-global-header-display":"","ast-banner-title-visibility":"","ast-main-header-display":"","ast-hfb-above-header-display":"","ast-hfb-below-header-display":"","ast-hfb-mobile-header-display":"","site-post-title":"","ast-breadcrumbs-content":"","ast-featured-img":"","footer-sml-layout":"","ast-disable-related-posts":"","theme-transparent-header-meta":"","adv-header-id-meta":"","stick-header-meta":"","header-above-stick-meta":"","header-main-stick-meta":"","header-below-stick-meta":"","astra-migrate-meta-layouts":"default","ast-page-background-enabled":"default","ast-page-background-meta":{"desktop":{"background-color":"","background-image":"","background-repeat":"repeat","background-position":"center center","background-size":"auto","background-attachment":"scroll","background-type":"","background-media":"","overlay-type":"","overlay-color":"","overlay-opacity":"","overlay-gradient":""},"tablet":{"background-color":"","background-image":"","background-repeat":"repeat","background-position":"center center","background-size":"auto","background-attachment":"scroll","background-type":"","background-media":"","overlay-type":"","overlay-color":"","overlay-opacity":"","overlay-gradient":""},"mobile":{"background-color":"","background-image":"","background-repeat":"repeat","background-position":"center center","background-size":"auto","background-attachment":"scroll","background-type":"","background-media":"","overlay-type":"","overlay-color":"","overlay-opacity":"","overlay-gradient":""}},"ast-content-background-meta":{"desktop":{"background-color":"var(--ast-global-color-4)","background-image":"","background-repeat":"repeat","background-position":"center center","background-size":"auto","background-attachment":"scroll","background-type":"","background-media":"","overlay-type":"","overlay-color":"","overlay-opacity":"","overlay-gradient":""},"tablet":{"background-color":"var(--ast-global-color-4)","background-image":"","background-repeat":"repeat","background-position":"center center","background-size":"auto","background-attachment":"scroll","background-type":"","background-media":"","overlay-type":"","overlay-color":"","overlay-opacity":"","overlay-gradient":""},"mobile":{"background-color":"var(--ast-global-color-4)","background-image":"","background-repeat":"repeat","background-position":"center center","background-size":"auto","background-attachment":"scroll","background-type":"","background-media":"","overlay-type":"","overlay-color":"","overlay-opacity":"","overlay-gradient":""}}},"product_brand":[],"product_cat":[9580],"product_tag":[9530],"class_list":{"0":"post-23206","1":"product","2":"type-product","3":"status-publish","4":"has-post-thumbnail","6":"product_cat-psichologiniai-detektyvai","7":"product_tag-sarah-pearse","8":"desktop-align-left","9":"tablet-align-left","10":"mobile-align-left","12":"first","13":"instock","14":"shipping-taxable","15":"purchasable","16":"product-type-simple"},"acf":[],"yoast_head":"<!-- This site is optimized with the Yoast SEO plugin v27.0 - https:\/\/yoast.com\/product\/yoast-seo-wordpress\/ -->\n<title>Sanatorija<\/title>\n<meta name=\"description\" content=\"\u201eNenusp\u0117jamas psichologinis trileris su siaubo u\u017euominomis. \u012estabus debiutas \u2013 puikiai sustyguotas ir emoci\u0161kai stiprus.&quot; \u2013 The Sunday Times \u012esp\u016bdinguose\" \/>\n<meta name=\"robots\" content=\"index, follow, max-snippet:-1, max-image-preview:large, max-video-preview:-1\" \/>\n<link rel=\"canonical\" href=\"https:\/\/skaitytaknyga.lt\/en\/produktas\/sanatorija\/\" \/>\n<meta property=\"og:locale\" content=\"en_GB\" \/>\n<meta property=\"og:locale:alternate\" content=\"lt_LT\" \/>\n<meta property=\"og:type\" content=\"article\" \/>\n<meta property=\"og:title\" content=\"Sanatorija\" \/>\n<meta property=\"og:description\" content=\"\u201eNenusp\u0117jamas psichologinis trileris su siaubo u\u017euominomis. \u012estabus debiutas \u2013 puikiai sustyguotas ir emoci\u0161kai stiprus.&quot; \u2013 The Sunday Times \u012esp\u016bdinguose\" \/>\n<meta property=\"og:url\" content=\"https:\/\/skaitytaknyga.lt\/en\/produktas\/sanatorija\/\" \/>\n<meta property=\"og:site_name\" content=\"Skaitytaknyga\" \/>\n<meta property=\"article:publisher\" content=\"https:\/\/www.facebook.com\/skaitytaknyga\/\" \/>\n<meta property=\"article:modified_time\" content=\"2026-03-05T10:59:42+00:00\" \/>\n<meta property=\"og:image\" content=\"https:\/\/skaitytaknyga.lt\/wp-content\/uploads\/2026\/02\/Sanatorija-2.webp\" \/>\n\t<meta property=\"og:image:width\" content=\"300\" \/>\n\t<meta property=\"og:image:height\" content=\"450\" \/>\n\t<meta property=\"og:image:type\" content=\"image\/webp\" \/>\n<meta name=\"twitter:card\" content=\"summary_large_image\" \/>\n<meta name=\"twitter:label1\" content=\"Estimated reading time\" \/>\n\t<meta name=\"twitter:data1\" content=\"1 minute\" \/>\n<script type=\"application\/ld+json\" class=\"yoast-schema-graph\">{\"@context\":\"https:\/\/schema.org\",\"@graph\":[{\"@type\":\"WebPage\",\"@id\":\"https:\/\/skaitytaknyga.lt\/produktas\/sanatorija\/\",\"url\":\"https:\/\/skaitytaknyga.lt\/produktas\/sanatorija\/\",\"name\":\"Sanatorija\",\"isPartOf\":{\"@id\":\"https:\/\/skaitytaknyga.lt\/#website\"},\"primaryImageOfPage\":{\"@id\":\"https:\/\/skaitytaknyga.lt\/produktas\/sanatorija\/#primaryimage\"},\"image\":{\"@id\":\"https:\/\/skaitytaknyga.lt\/produktas\/sanatorija\/#primaryimage\"},\"thumbnailUrl\":\"https:\/\/skaitytaknyga.lt\/wp-content\/uploads\/2026\/02\/Sanatorija-2.webp\",\"datePublished\":\"2026-02-27T09:36:30+00:00\",\"dateModified\":\"2026-03-05T10:59:42+00:00\",\"description\":\"\u201eNenusp\u0117jamas psichologinis trileris su siaubo u\u017euominomis. \u012estabus debiutas \u2013 puikiai sustyguotas ir emoci\u0161kai stiprus.\\\" \u2013 The Sunday Times \u012esp\u016bdinguose\",\"breadcrumb\":{\"@id\":\"https:\/\/skaitytaknyga.lt\/produktas\/sanatorija\/#breadcrumb\"},\"inLanguage\":\"en-GB\",\"potentialAction\":[{\"@type\":\"ReadAction\",\"target\":[\"https:\/\/skaitytaknyga.lt\/produktas\/sanatorija\/\"]}]},{\"@type\":\"ImageObject\",\"inLanguage\":\"en-GB\",\"@id\":\"https:\/\/skaitytaknyga.lt\/produktas\/sanatorija\/#primaryimage\",\"url\":\"https:\/\/skaitytaknyga.lt\/wp-content\/uploads\/2026\/02\/Sanatorija-2.webp\",\"contentUrl\":\"https:\/\/skaitytaknyga.lt\/wp-content\/uploads\/2026\/02\/Sanatorija-2.webp\",\"width\":300,\"height\":450},{\"@type\":\"BreadcrumbList\",\"@id\":\"https:\/\/skaitytaknyga.lt\/produktas\/sanatorija\/#breadcrumb\",\"itemListElement\":[{\"@type\":\"ListItem\",\"position\":1,\"name\":\"Home\",\"item\":\"https:\/\/skaitytaknyga.lt\/\"},{\"@type\":\"ListItem\",\"position\":2,\"name\":\"Parduotuv\u0117\",\"item\":\"https:\/\/skaitytaknyga.lt\/knygu-parduotuve\/\"},{\"@type\":\"ListItem\",\"position\":3,\"name\":\"Sanatorija\"}]},{\"@type\":\"WebSite\",\"@id\":\"https:\/\/skaitytaknyga.lt\/#website\",\"url\":\"https:\/\/skaitytaknyga.lt\/\",\"name\":\"skaitytaknyga.lt\",\"description\":\"Skaitytaknyga.lt \u2013 tai ma\u017eas \u0161eimos verslas, kuris prasid\u0117jo nuo meil\u0117s knygoms ir siekio i\u0161gelb\u0117ti knygas nuo likimo prie konteinerio. Kas vienam nereikalingas daiktas \u2013 kitam lobis, o mes esame tarpininkai, kurie padeda abiems tapti laimingesniems ???? \u017dinome kaip nelengva i\u0161gyventi ma\u017eiems verslams, tad nuo \u0161iol, \u010dia rasite ir kit\u0173, ma\u017e\u0173 \u0161eim\u0173 versl\u0173, rank\u0173 darbo, dovan\u0173 sau ir artimiesiems.\",\"publisher\":{\"@id\":\"https:\/\/skaitytaknyga.lt\/#organization\"},\"potentialAction\":[{\"@type\":\"SearchAction\",\"target\":{\"@type\":\"EntryPoint\",\"urlTemplate\":\"https:\/\/skaitytaknyga.lt\/?s={search_term_string}\"},\"query-input\":{\"@type\":\"PropertyValueSpecification\",\"valueRequired\":true,\"valueName\":\"search_term_string\"}}],\"inLanguage\":\"en-GB\"},{\"@type\":\"Organization\",\"@id\":\"https:\/\/skaitytaknyga.lt\/#organization\",\"name\":\"skaitytaknyga.lt\",\"url\":\"https:\/\/skaitytaknyga.lt\/\",\"logo\":{\"@type\":\"ImageObject\",\"inLanguage\":\"en-GB\",\"@id\":\"https:\/\/skaitytaknyga.lt\/#\/schema\/logo\/image\/\",\"url\":\"https:\/\/skaitytaknyga.lt\/wp-content\/uploads\/2024\/05\/cropped-cropped-cropped-02_00843_jt3bggkj1j3HLc7SyY6rEUpg.jpeg\",\"contentUrl\":\"https:\/\/skaitytaknyga.lt\/wp-content\/uploads\/2024\/05\/cropped-cropped-cropped-02_00843_jt3bggkj1j3HLc7SyY6rEUpg.jpeg\",\"width\":1600,\"height\":1600,\"caption\":\"skaitytaknyga.lt\"},\"image\":{\"@id\":\"https:\/\/skaitytaknyga.lt\/#\/schema\/logo\/image\/\"},\"sameAs\":[\"https:\/\/www.facebook.com\/skaitytaknyga\/\"]}]}<\/script>\n<!-- \/ Yoast SEO plugin. -->","yoast_head_json":{"title":"Sanatorija","description":"\u201eNenusp\u0117jamas psichologinis trileris su siaubo u\u017euominomis. \u012estabus debiutas \u2013 puikiai sustyguotas ir emoci\u0161kai stiprus.\" \u2013 The Sunday Times \u012esp\u016bdinguose","robots":{"index":"index","follow":"follow","max-snippet":"max-snippet:-1","max-image-preview":"max-image-preview:large","max-video-preview":"max-video-preview:-1"},"canonical":"https:\/\/skaitytaknyga.lt\/en\/produktas\/sanatorija\/","og_locale":"en_GB","og_type":"article","og_title":"[:lt]Sanatorija[:] - Skaitytaknyga","og_description":"\u201eNenusp\u0117jamas psichologinis trileris su siaubo u\u017euominomis. \u012estabus debiutas \u2013 puikiai sustyguotas ir emoci\u0161kai stiprus.\" \u2013 The Sunday Times \u012esp\u016bdinguose","og_url":"https:\/\/skaitytaknyga.lt\/en\/produktas\/sanatorija\/","og_site_name":"Skaitytaknyga","article_publisher":"https:\/\/www.facebook.com\/skaitytaknyga\/","article_modified_time":"2026-03-05T10:59:42+00:00","og_image":[{"width":300,"height":450,"url":"https:\/\/skaitytaknyga.lt\/wp-content\/uploads\/2026\/02\/Sanatorija-2.webp","type":"image\/webp"}],"twitter_card":"summary_large_image","twitter_misc":{"Estimated reading time":"1 minute"},"schema":{"@context":"https:\/\/schema.org","@graph":[{"@type":"WebPage","@id":"https:\/\/skaitytaknyga.lt\/produktas\/sanatorija\/","url":"https:\/\/skaitytaknyga.lt\/produktas\/sanatorija\/","name":"Sanatorija","isPartOf":{"@id":"https:\/\/skaitytaknyga.lt\/#website"},"primaryImageOfPage":{"@id":"https:\/\/skaitytaknyga.lt\/produktas\/sanatorija\/#primaryimage"},"image":{"@id":"https:\/\/skaitytaknyga.lt\/produktas\/sanatorija\/#primaryimage"},"thumbnailUrl":"https:\/\/skaitytaknyga.lt\/wp-content\/uploads\/2026\/02\/Sanatorija-2.webp","datePublished":"2026-02-27T09:36:30+00:00","dateModified":"2026-03-05T10:59:42+00:00","description":"\u201eNenusp\u0117jamas psichologinis trileris su siaubo u\u017euominomis. \u012estabus debiutas \u2013 puikiai sustyguotas ir emoci\u0161kai stiprus.\" \u2013 The Sunday Times \u012esp\u016bdinguose","breadcrumb":{"@id":"https:\/\/skaitytaknyga.lt\/produktas\/sanatorija\/#breadcrumb"},"inLanguage":"en-GB","potentialAction":[{"@type":"ReadAction","target":["https:\/\/skaitytaknyga.lt\/produktas\/sanatorija\/"]}]},{"@type":"ImageObject","inLanguage":"en-GB","@id":"https:\/\/skaitytaknyga.lt\/produktas\/sanatorija\/#primaryimage","url":"https:\/\/skaitytaknyga.lt\/wp-content\/uploads\/2026\/02\/Sanatorija-2.webp","contentUrl":"https:\/\/skaitytaknyga.lt\/wp-content\/uploads\/2026\/02\/Sanatorija-2.webp","width":300,"height":450},{"@type":"BreadcrumbList","@id":"https:\/\/skaitytaknyga.lt\/produktas\/sanatorija\/#breadcrumb","itemListElement":[{"@type":"ListItem","position":1,"name":"Home","item":"https:\/\/skaitytaknyga.lt\/"},{"@type":"ListItem","position":2,"name":"Parduotuv\u0117","item":"https:\/\/skaitytaknyga.lt\/knygu-parduotuve\/"},{"@type":"ListItem","position":3,"name":"Sanatorija"}]},{"@type":"WebSite","@id":"https:\/\/skaitytaknyga.lt\/#website","url":"https:\/\/skaitytaknyga.lt\/","name":"skaitytaknyga.lt","description":"Skaitytaknyga.lt \u2013 tai ma\u017eas \u0161eimos verslas, kuris prasid\u0117jo nuo meil\u0117s knygoms ir siekio i\u0161gelb\u0117ti knygas nuo likimo prie konteinerio. Kas vienam nereikalingas daiktas \u2013 kitam lobis, o mes esame tarpininkai, kurie padeda abiems tapti laimingesniems ???? \u017dinome kaip nelengva i\u0161gyventi ma\u017eiems verslams, tad nuo \u0161iol, \u010dia rasite ir kit\u0173, ma\u017e\u0173 \u0161eim\u0173 versl\u0173, rank\u0173 darbo, dovan\u0173 sau ir artimiesiems.","publisher":{"@id":"https:\/\/skaitytaknyga.lt\/#organization"},"potentialAction":[{"@type":"SearchAction","target":{"@type":"EntryPoint","urlTemplate":"https:\/\/skaitytaknyga.lt\/?s={search_term_string}"},"query-input":{"@type":"PropertyValueSpecification","valueRequired":true,"valueName":"search_term_string"}}],"inLanguage":"en-GB"},{"@type":"Organization","@id":"https:\/\/skaitytaknyga.lt\/#organization","name":"skaitytaknyga.lt","url":"https:\/\/skaitytaknyga.lt\/","logo":{"@type":"ImageObject","inLanguage":"en-GB","@id":"https:\/\/skaitytaknyga.lt\/#\/schema\/logo\/image\/","url":"https:\/\/skaitytaknyga.lt\/wp-content\/uploads\/2024\/05\/cropped-cropped-cropped-02_00843_jt3bggkj1j3HLc7SyY6rEUpg.jpeg","contentUrl":"https:\/\/skaitytaknyga.lt\/wp-content\/uploads\/2024\/05\/cropped-cropped-cropped-02_00843_jt3bggkj1j3HLc7SyY6rEUpg.jpeg","width":1600,"height":1600,"caption":"skaitytaknyga.lt"},"image":{"@id":"https:\/\/skaitytaknyga.lt\/#\/schema\/logo\/image\/"},"sameAs":["https:\/\/www.facebook.com\/skaitytaknyga\/"]}]}},"_links":{"self":[{"href":"https:\/\/skaitytaknyga.lt\/en\/wp-json\/wp\/v2\/product\/23206","targetHints":{"allow":["GET"]}}],"collection":[{"href":"https:\/\/skaitytaknyga.lt\/en\/wp-json\/wp\/v2\/product"}],"about":[{"href":"https:\/\/skaitytaknyga.lt\/en\/wp-json\/wp\/v2\/types\/product"}],"replies":[{"embeddable":true,"href":"https:\/\/skaitytaknyga.lt\/en\/wp-json\/wp\/v2\/comments?post=23206"}],"wp:featuredmedia":[{"embeddable":true,"href":"https:\/\/skaitytaknyga.lt\/en\/wp-json\/wp\/v2\/media\/23213"}],"wp:attachment":[{"href":"https:\/\/skaitytaknyga.lt\/en\/wp-json\/wp\/v2\/media?parent=23206"}],"wp:term":[{"taxonomy":"product_brand","embeddable":true,"href":"https:\/\/skaitytaknyga.lt\/en\/wp-json\/wp\/v2\/product_brand?post=23206"},{"taxonomy":"product_cat","embeddable":true,"href":"https:\/\/skaitytaknyga.lt\/en\/wp-json\/wp\/v2\/product_cat?post=23206"},{"taxonomy":"product_tag","embeddable":true,"href":"https:\/\/skaitytaknyga.lt\/en\/wp-json\/wp\/v2\/product_tag?post=23206"}],"curies":[{"name":"wp","href":"https:\/\/api.w.org\/{rel}","templated":true}]}}