{"id":2318,"date":"2024-04-17T16:07:43","date_gmt":"2024-04-17T13:07:43","guid":{"rendered":"https:\/\/skaitytaknyga.lt\/?post_type=product&#038;p=2318"},"modified":"2025-09-28T13:28:04","modified_gmt":"2025-09-28T10:28:04","slug":"viktoras-gerulaitis-pavesineje-su-richardu-wagneriu","status":"publish","type":"product","link":"https:\/\/skaitytaknyga.lt\/en\/produktas\/viktoras-gerulaitis-pavesineje-su-richardu-wagneriu\/","title":{"rendered":"Pav\u0117sin\u0117je su Richardu Wagneriu"},"content":{"rendered":"<p>Viktoras Gerulaitis \u2013 muzikologas, Lietuvos muzikos ir teatro akademijos d\u0117stytojas, populiari\u0173 Lietuvos radijo ir televizijos laid\u0173 \u201eTautos gaida\u201c, \u201eLikimai\u201c, \u201eVakaro autografas\u201c, \u201eKlasikos garsai\u201c autorius ir ved\u0117jas, \u0160iaur\u0117s Lietuvos muzikos festivalio Bir\u017euose, Dainavos \u0161alies muzikos festivalio Alytuje iniciatorius, knyg\u0173 \u201eMuzikos stili\u0173 raida\u201c (1994, \u0160vietimo ministerijos premija), \u201eJuozas Domarkas. Orkestro byla\u201c (2010) autorius.<\/p>\n<p>Knyga \u201ePav\u0117sin\u0117je su Richardu Wagneriu. Nei\u0161galvotos muzikos istorijos\u201c \u2013 intriguojanti kelion\u0117 po XVIII\u2013XX a. muzikin\u0119 Europ\u0105. Pasakodamas apie i\u0161kili\u0173 kompozitori\u0173 k\u016bryb\u0105, autorius analizuoja giluminius to meto visuomen\u0117s gyvenimo procesus, pateikia plat\u0173 istorin\u012f ir kult\u016brin\u012f kontekst\u0105. Jo akiratyje \u2013 asmenyb\u0117s, kuri\u0173 muzikinis m\u0105stymas per\u017eeng\u0117 j\u0173 epochos ribas: E. Griegas, J. Brahmsas, R. Straussas, R. Wagneris, B. Smetana, E. Enescu ir kiti.<\/p>\n<p>Kokie istoriniai ir asmeninio gyvenimo \u012fvykiai labiausiai formavo j\u0173 pasaul\u0117vok\u0105? Koks atsitiktinumo vaidmuo? Kod\u0117l genijaus gyvenimas da\u017enai kupinas paprastam \u017emogui sunkiai suvokiam\u0173 paradoks\u0173 ir b\u016btent tie paradoksai kuria tikrov\u0119?<\/p>\n<p>Ie\u0161kodamas atsakymo \u012f \u0161iuos ir daug kit\u0173 klausim\u0173 autorius remiasi muzik\u0173 biografijos faktais, nepatekusiais \u012f vadov\u0117lius ir enciklopedijas, bet palikusiais ry\u0161k\u0173 p\u0117dsak\u0105 j\u0173 k\u016bryboje. Tai pirmoji Lietuvoje tokio \u017eanro knyga, ved\u017eiojanti skaitytoj\u0105 po nei\u0161galvot\u0105, bet netik\u0117t\u0105 muzikos ir \u017eymiausi\u0173 muzikant\u0173 pasaul\u012f. Savito, \u0161maik\u0161taus stiliaus es\u0117, neprognozuojamos, m\u0105styti skatinan\u010dios \u012f\u017evalgos tarp eilu\u010di\u0173 atskleid\u017eia ir paties muzikologo V. Gerulai\u010dio gyvenimo filosofij\u0105.<\/p>\n<ul class=\"about-product d-none d-xl-block mt-4\">\n<li><strong>Autorius:<\/strong>\u00a0Viktoras Gerulaitis<\/li>\n<li><strong>Leid\u0117jas:<\/strong>\u00a0Tyto alba<\/li>\n<li><strong>Metai:<\/strong>\u00a02011<\/li>\n<li><strong>Puslapiai:<\/strong>\u00a0464<\/li>\n<li><strong>ISBN:<\/strong>\u00a09789986168607<\/li>\n<li><strong>Versijos kodas:<\/strong>\u00a0PT.<\/li>\n<li><strong>Formatas:<\/strong>\u00a015 x 21,5 cm, kieti vir\u0161eliai<\/li>\n<li><strong>Kalba:<\/strong>\u00a0Lietuvi\u0173<\/li>\n<\/ul>\n","protected":false},"excerpt":{"rendered":"<p>Viktoras Gerulaitis \u2013 muzikologas, Lietuvos muzikos ir teatro akademijos d\u0117stytojas, populiari\u0173 Lietuvos radijo ir televizijos laid\u0173 \u201eTautos gaida\u201c, \u201eLikimai\u201c, \u201eVakaro autografas\u201c, \u201eKlasikos garsai\u201c autorius ir ved\u0117jas, \u0160iaur\u0117s Lietuvos muzikos festivalio Bir\u017euose, Dainavos \u0161alies muzikos festivalio Alytuje iniciatorius, knyg\u0173 \u201eMuzikos stili\u0173 raida\u201c (1994, \u0160vietimo ministerijos premija), \u201eJuozas Domarkas. Orkestro byla\u201c (2010) autorius. Knyga \u201ePav\u0117sin\u0117je su Richardu Wagneriu. Nei\u0161galvotos muzikos istorijos\u201c \u2013 intriguojanti kelion\u0117 po XVIII\u2013XX a. muzikin\u0119 Europ\u0105. Pasakodamas apie i\u0161kili\u0173 kompozitori\u0173 k\u016bryb\u0105, autorius analizuoja giluminius to meto visuomen\u0117s gyvenimo procesus, pateikia plat\u0173 istorin\u012f ir kult\u016brin\u012f kontekst\u0105. Jo akiratyje \u2013 asmenyb\u0117s, kuri\u0173 muzikinis m\u0105stymas per\u017eeng\u0117 j\u0173 epochos ribas: E. Griegas, J. Brahmsas, R. Straussas, R. Wagneris, B. Smetana, E. Enescu ir kiti. Kokie istoriniai ir asmeninio gyvenimo \u012fvykiai labiausiai formavo j\u0173 pasaul\u0117vok\u0105? Koks atsitiktinumo vaidmuo? Kod\u0117l genijaus gyvenimas da\u017enai kupinas paprastam \u017emogui sunkiai suvokiam\u0173 paradoks\u0173 ir b\u016btent tie paradoksai kuria tikrov\u0119? Ie\u0161kodamas atsakymo \u012f \u0161iuos ir daug kit\u0173 klausim\u0173 autorius remiasi muzik\u0173 biografijos faktais, nepatekusiais \u012f vadov\u0117lius ir enciklopedijas, bet palikusiais ry\u0161k\u0173 p\u0117dsak\u0105 j\u0173 k\u016bryboje. Tai pirmoji Lietuvoje tokio \u017eanro knyga, ved\u017eiojanti skaitytoj\u0105 po nei\u0161galvot\u0105, bet netik\u0117t\u0105 muzikos ir \u017eymiausi\u0173 muzikant\u0173 pasaul\u012f. Savito, \u0161maik\u0161taus stiliaus es\u0117, neprognozuojamos, m\u0105styti skatinan\u010dios \u012f\u017evalgos tarp eilu\u010di\u0173 atskleid\u017eia ir paties muzikologo V. Gerulai\u010dio gyvenimo filosofij\u0105. Autorius:\u00a0Viktoras Gerulaitis Leid\u0117jas:\u00a0Tyto alba Metai:\u00a02011 Puslapiai:\u00a0464 ISBN:\u00a09789986168607 Versijos kodas:\u00a0PT. Formatas:\u00a015 x 21,5 cm, kieti vir\u0161eliai Kalba:\u00a0Lietuvi\u0173<\/p>\n","protected":false},"featured_media":2367,"comment_status":"closed","ping_status":"closed","template":"","meta":{"_acf_changed":false,"site-sidebar-layout":"default","site-content-layout":"","ast-site-content-layout":"default","site-content-style":"default","site-sidebar-style":"default","ast-global-header-display":"","ast-banner-title-visibility":"","ast-main-header-display":"","ast-hfb-above-header-display":"","ast-hfb-below-header-display":"","ast-hfb-mobile-header-display":"","site-post-title":"","ast-breadcrumbs-content":"","ast-featured-img":"","footer-sml-layout":"","ast-disable-related-posts":"","theme-transparent-header-meta":"default","adv-header-id-meta":"","stick-header-meta":"","header-above-stick-meta":"","header-main-stick-meta":"","header-below-stick-meta":"","astra-migrate-meta-layouts":"set","ast-page-background-enabled":"default","ast-page-background-meta":{"desktop":{"background-color":"","background-image":"","background-repeat":"repeat","background-position":"center center","background-size":"auto","background-attachment":"scroll","background-type":"","background-media":"","overlay-type":"","overlay-color":"","overlay-opacity":"","overlay-gradient":""},"tablet":{"background-color":"","background-image":"","background-repeat":"repeat","background-position":"center center","background-size":"auto","background-attachment":"scroll","background-type":"","background-media":"","overlay-type":"","overlay-color":"","overlay-opacity":"","overlay-gradient":""},"mobile":{"background-color":"","background-image":"","background-repeat":"repeat","background-position":"center center","background-size":"auto","background-attachment":"scroll","background-type":"","background-media":"","overlay-type":"","overlay-color":"","overlay-opacity":"","overlay-gradient":""}},"ast-content-background-meta":{"desktop":{"background-color":"var(--ast-global-color-4)","background-image":"","background-repeat":"repeat","background-position":"center center","background-size":"auto","background-attachment":"scroll","background-type":"","background-media":"","overlay-type":"","overlay-color":"","overlay-opacity":"","overlay-gradient":""},"tablet":{"background-color":"var(--ast-global-color-4)","background-image":"","background-repeat":"repeat","background-position":"center center","background-size":"auto","background-attachment":"scroll","background-type":"","background-media":"","overlay-type":"","overlay-color":"","overlay-opacity":"","overlay-gradient":""},"mobile":{"background-color":"var(--ast-global-color-4)","background-image":"","background-repeat":"repeat","background-position":"center center","background-size":"auto","background-attachment":"scroll","background-type":"","background-media":"","overlay-type":"","overlay-color":"","overlay-opacity":"","overlay-gradient":""}}},"product_brand":[],"product_cat":[33],"product_tag":[2045,2376,2898,2947,2946],"class_list":{"0":"post-2318","1":"product","2":"type-product","3":"status-publish","4":"has-post-thumbnail","6":"product_cat-biografijos","7":"product_tag-biografija","8":"product_tag-kultura","9":"product_tag-muzika","10":"product_tag-richardas-wagneris","11":"product_tag-viktoras-gerulaitis","12":"pa_leidimo-metai-93","13":"pa_virselis-kietas","14":"desktop-align-left","15":"tablet-align-left","16":"mobile-align-left","18":"first","19":"instock","20":"shipping-taxable","21":"purchasable","22":"product-type-simple"},"acf":[],"yoast_head":"<!-- This site is optimized with the Yoast SEO plugin v27.0 - https:\/\/yoast.com\/product\/yoast-seo-wordpress\/ -->\n<title>Pav\u0117sin\u0117je su Richardu Wagneriu<\/title>\n<meta name=\"description\" content=\"Viktoras Gerulaitis \u2013 muzikologas, Lietuvos muzikos ir teatro akademijos d\u0117stytojas, populiari\u0173 Lietuvos radijo ir televizijos laid\u0173 \u201eTautos gaida\u201c,\" \/>\n<meta name=\"robots\" content=\"index, follow, max-snippet:-1, max-image-preview:large, max-video-preview:-1\" \/>\n<link rel=\"canonical\" href=\"https:\/\/skaitytaknyga.lt\/en\/produktas\/viktoras-gerulaitis-pavesineje-su-richardu-wagneriu\/\" \/>\n<meta property=\"og:locale\" content=\"en_GB\" \/>\n<meta property=\"og:locale:alternate\" content=\"lt_LT\" \/>\n<meta property=\"og:type\" content=\"article\" \/>\n<meta property=\"og:title\" content=\"Pav\u0117sin\u0117je su Richardu Wagneriu\" \/>\n<meta property=\"og:description\" content=\"Viktoras Gerulaitis \u2013 muzikologas, Lietuvos muzikos ir teatro akademijos d\u0117stytojas, populiari\u0173 Lietuvos radijo ir televizijos laid\u0173 \u201eTautos gaida\u201c,\" \/>\n<meta property=\"og:url\" content=\"https:\/\/skaitytaknyga.lt\/en\/produktas\/viktoras-gerulaitis-pavesineje-su-richardu-wagneriu\/\" \/>\n<meta property=\"og:site_name\" content=\"Skaitytaknyga\" \/>\n<meta property=\"article:publisher\" content=\"https:\/\/www.facebook.com\/skaitytaknyga\/\" \/>\n<meta property=\"article:modified_time\" content=\"2025-09-28T10:28:04+00:00\" \/>\n<meta property=\"og:image\" content=\"https:\/\/skaitytaknyga.lt\/wp-content\/uploads\/2024\/04\/1462873966_pavesineje-su-wagneriu-1.jpg\" \/>\n\t<meta property=\"og:image:width\" content=\"286\" \/>\n\t<meta property=\"og:image:height\" content=\"430\" \/>\n\t<meta property=\"og:image:type\" content=\"image\/jpeg\" \/>\n<meta name=\"twitter:card\" content=\"summary_large_image\" \/>\n<meta name=\"twitter:label1\" content=\"Estimated reading time\" \/>\n\t<meta name=\"twitter:data1\" content=\"2 minutes\" \/>\n<script type=\"application\/ld+json\" class=\"yoast-schema-graph\">{\"@context\":\"https:\/\/schema.org\",\"@graph\":[{\"@type\":\"WebPage\",\"@id\":\"https:\/\/skaitytaknyga.lt\/produktas\/viktoras-gerulaitis-pavesineje-su-richardu-wagneriu\/\",\"url\":\"https:\/\/skaitytaknyga.lt\/produktas\/viktoras-gerulaitis-pavesineje-su-richardu-wagneriu\/\",\"name\":\"Pav\u0117sin\u0117je su Richardu Wagneriu\",\"isPartOf\":{\"@id\":\"https:\/\/skaitytaknyga.lt\/#website\"},\"primaryImageOfPage\":{\"@id\":\"https:\/\/skaitytaknyga.lt\/produktas\/viktoras-gerulaitis-pavesineje-su-richardu-wagneriu\/#primaryimage\"},\"image\":{\"@id\":\"https:\/\/skaitytaknyga.lt\/produktas\/viktoras-gerulaitis-pavesineje-su-richardu-wagneriu\/#primaryimage\"},\"thumbnailUrl\":\"https:\/\/skaitytaknyga.lt\/wp-content\/uploads\/2024\/04\/1462873966_pavesineje-su-wagneriu-1.jpg\",\"datePublished\":\"2024-04-17T13:07:43+00:00\",\"dateModified\":\"2025-09-28T10:28:04+00:00\",\"description\":\"Viktoras Gerulaitis \u2013 muzikologas, Lietuvos muzikos ir teatro akademijos d\u0117stytojas, populiari\u0173 Lietuvos radijo ir televizijos laid\u0173 \u201eTautos gaida\u201c,\",\"breadcrumb\":{\"@id\":\"https:\/\/skaitytaknyga.lt\/produktas\/viktoras-gerulaitis-pavesineje-su-richardu-wagneriu\/#breadcrumb\"},\"inLanguage\":\"en-GB\",\"potentialAction\":[{\"@type\":\"ReadAction\",\"target\":[\"https:\/\/skaitytaknyga.lt\/produktas\/viktoras-gerulaitis-pavesineje-su-richardu-wagneriu\/\"]}]},{\"@type\":\"ImageObject\",\"inLanguage\":\"en-GB\",\"@id\":\"https:\/\/skaitytaknyga.lt\/produktas\/viktoras-gerulaitis-pavesineje-su-richardu-wagneriu\/#primaryimage\",\"url\":\"https:\/\/skaitytaknyga.lt\/wp-content\/uploads\/2024\/04\/1462873966_pavesineje-su-wagneriu-1.jpg\",\"contentUrl\":\"https:\/\/skaitytaknyga.lt\/wp-content\/uploads\/2024\/04\/1462873966_pavesineje-su-wagneriu-1.jpg\",\"width\":286,\"height\":430,\"caption\":\"1462873966 pavesineje su wagneriu 1\"},{\"@type\":\"BreadcrumbList\",\"@id\":\"https:\/\/skaitytaknyga.lt\/produktas\/viktoras-gerulaitis-pavesineje-su-richardu-wagneriu\/#breadcrumb\",\"itemListElement\":[{\"@type\":\"ListItem\",\"position\":1,\"name\":\"Home\",\"item\":\"https:\/\/skaitytaknyga.lt\/\"},{\"@type\":\"ListItem\",\"position\":2,\"name\":\"Parduotuv\u0117\",\"item\":\"https:\/\/skaitytaknyga.lt\/knygu-parduotuve\/\"},{\"@type\":\"ListItem\",\"position\":3,\"name\":\"Pav\u0117sin\u0117je su Richardu Wagneriu\"}]},{\"@type\":\"WebSite\",\"@id\":\"https:\/\/skaitytaknyga.lt\/#website\",\"url\":\"https:\/\/skaitytaknyga.lt\/\",\"name\":\"skaitytaknyga.lt\",\"description\":\"Skaitytaknyga.lt \u2013 tai ma\u017eas \u0161eimos verslas, kuris prasid\u0117jo nuo meil\u0117s knygoms ir siekio i\u0161gelb\u0117ti knygas nuo likimo prie konteinerio. Kas vienam nereikalingas daiktas \u2013 kitam lobis, o mes esame tarpininkai, kurie padeda abiems tapti laimingesniems ???? \u017dinome kaip nelengva i\u0161gyventi ma\u017eiems verslams, tad nuo \u0161iol, \u010dia rasite ir kit\u0173, ma\u017e\u0173 \u0161eim\u0173 versl\u0173, rank\u0173 darbo, dovan\u0173 sau ir artimiesiems.\",\"publisher\":{\"@id\":\"https:\/\/skaitytaknyga.lt\/#organization\"},\"potentialAction\":[{\"@type\":\"SearchAction\",\"target\":{\"@type\":\"EntryPoint\",\"urlTemplate\":\"https:\/\/skaitytaknyga.lt\/?s={search_term_string}\"},\"query-input\":{\"@type\":\"PropertyValueSpecification\",\"valueRequired\":true,\"valueName\":\"search_term_string\"}}],\"inLanguage\":\"en-GB\"},{\"@type\":\"Organization\",\"@id\":\"https:\/\/skaitytaknyga.lt\/#organization\",\"name\":\"skaitytaknyga.lt\",\"url\":\"https:\/\/skaitytaknyga.lt\/\",\"logo\":{\"@type\":\"ImageObject\",\"inLanguage\":\"en-GB\",\"@id\":\"https:\/\/skaitytaknyga.lt\/#\/schema\/logo\/image\/\",\"url\":\"https:\/\/skaitytaknyga.lt\/wp-content\/uploads\/2024\/05\/cropped-cropped-cropped-02_00843_jt3bggkj1j3HLc7SyY6rEUpg.jpeg\",\"contentUrl\":\"https:\/\/skaitytaknyga.lt\/wp-content\/uploads\/2024\/05\/cropped-cropped-cropped-02_00843_jt3bggkj1j3HLc7SyY6rEUpg.jpeg\",\"width\":1600,\"height\":1600,\"caption\":\"skaitytaknyga.lt\"},\"image\":{\"@id\":\"https:\/\/skaitytaknyga.lt\/#\/schema\/logo\/image\/\"},\"sameAs\":[\"https:\/\/www.facebook.com\/skaitytaknyga\/\"]}]}<\/script>\n<!-- \/ Yoast SEO plugin. -->","yoast_head_json":{"title":"Pav\u0117sin\u0117je su Richardu Wagneriu","description":"Viktoras Gerulaitis \u2013 muzikologas, Lietuvos muzikos ir teatro akademijos d\u0117stytojas, populiari\u0173 Lietuvos radijo ir televizijos laid\u0173 \u201eTautos gaida\u201c,","robots":{"index":"index","follow":"follow","max-snippet":"max-snippet:-1","max-image-preview":"max-image-preview:large","max-video-preview":"max-video-preview:-1"},"canonical":"https:\/\/skaitytaknyga.lt\/en\/produktas\/viktoras-gerulaitis-pavesineje-su-richardu-wagneriu\/","og_locale":"en_GB","og_type":"article","og_title":"[:lt]Pav\u0117sin\u0117je su Richardu Wagneriu[:] - Skaitytaknyga","og_description":"Viktoras Gerulaitis \u2013 muzikologas, Lietuvos muzikos ir teatro akademijos d\u0117stytojas, populiari\u0173 Lietuvos radijo ir televizijos laid\u0173 \u201eTautos gaida\u201c,","og_url":"https:\/\/skaitytaknyga.lt\/en\/produktas\/viktoras-gerulaitis-pavesineje-su-richardu-wagneriu\/","og_site_name":"Skaitytaknyga","article_publisher":"https:\/\/www.facebook.com\/skaitytaknyga\/","article_modified_time":"2025-09-28T10:28:04+00:00","og_image":[{"width":286,"height":430,"url":"https:\/\/skaitytaknyga.lt\/wp-content\/uploads\/2024\/04\/1462873966_pavesineje-su-wagneriu-1.jpg","type":"image\/jpeg"}],"twitter_card":"summary_large_image","twitter_misc":{"Estimated reading time":"2 minutes"},"schema":{"@context":"https:\/\/schema.org","@graph":[{"@type":"WebPage","@id":"https:\/\/skaitytaknyga.lt\/produktas\/viktoras-gerulaitis-pavesineje-su-richardu-wagneriu\/","url":"https:\/\/skaitytaknyga.lt\/produktas\/viktoras-gerulaitis-pavesineje-su-richardu-wagneriu\/","name":"Pav\u0117sin\u0117je su Richardu Wagneriu","isPartOf":{"@id":"https:\/\/skaitytaknyga.lt\/#website"},"primaryImageOfPage":{"@id":"https:\/\/skaitytaknyga.lt\/produktas\/viktoras-gerulaitis-pavesineje-su-richardu-wagneriu\/#primaryimage"},"image":{"@id":"https:\/\/skaitytaknyga.lt\/produktas\/viktoras-gerulaitis-pavesineje-su-richardu-wagneriu\/#primaryimage"},"thumbnailUrl":"https:\/\/skaitytaknyga.lt\/wp-content\/uploads\/2024\/04\/1462873966_pavesineje-su-wagneriu-1.jpg","datePublished":"2024-04-17T13:07:43+00:00","dateModified":"2025-09-28T10:28:04+00:00","description":"Viktoras Gerulaitis \u2013 muzikologas, Lietuvos muzikos ir teatro akademijos d\u0117stytojas, populiari\u0173 Lietuvos radijo ir televizijos laid\u0173 \u201eTautos gaida\u201c,","breadcrumb":{"@id":"https:\/\/skaitytaknyga.lt\/produktas\/viktoras-gerulaitis-pavesineje-su-richardu-wagneriu\/#breadcrumb"},"inLanguage":"en-GB","potentialAction":[{"@type":"ReadAction","target":["https:\/\/skaitytaknyga.lt\/produktas\/viktoras-gerulaitis-pavesineje-su-richardu-wagneriu\/"]}]},{"@type":"ImageObject","inLanguage":"en-GB","@id":"https:\/\/skaitytaknyga.lt\/produktas\/viktoras-gerulaitis-pavesineje-su-richardu-wagneriu\/#primaryimage","url":"https:\/\/skaitytaknyga.lt\/wp-content\/uploads\/2024\/04\/1462873966_pavesineje-su-wagneriu-1.jpg","contentUrl":"https:\/\/skaitytaknyga.lt\/wp-content\/uploads\/2024\/04\/1462873966_pavesineje-su-wagneriu-1.jpg","width":286,"height":430,"caption":"1462873966 pavesineje su wagneriu 1"},{"@type":"BreadcrumbList","@id":"https:\/\/skaitytaknyga.lt\/produktas\/viktoras-gerulaitis-pavesineje-su-richardu-wagneriu\/#breadcrumb","itemListElement":[{"@type":"ListItem","position":1,"name":"Home","item":"https:\/\/skaitytaknyga.lt\/"},{"@type":"ListItem","position":2,"name":"Parduotuv\u0117","item":"https:\/\/skaitytaknyga.lt\/knygu-parduotuve\/"},{"@type":"ListItem","position":3,"name":"Pav\u0117sin\u0117je su Richardu Wagneriu"}]},{"@type":"WebSite","@id":"https:\/\/skaitytaknyga.lt\/#website","url":"https:\/\/skaitytaknyga.lt\/","name":"skaitytaknyga.lt","description":"Skaitytaknyga.lt \u2013 tai ma\u017eas \u0161eimos verslas, kuris prasid\u0117jo nuo meil\u0117s knygoms ir siekio i\u0161gelb\u0117ti knygas nuo likimo prie konteinerio. Kas vienam nereikalingas daiktas \u2013 kitam lobis, o mes esame tarpininkai, kurie padeda abiems tapti laimingesniems ???? \u017dinome kaip nelengva i\u0161gyventi ma\u017eiems verslams, tad nuo \u0161iol, \u010dia rasite ir kit\u0173, ma\u017e\u0173 \u0161eim\u0173 versl\u0173, rank\u0173 darbo, dovan\u0173 sau ir artimiesiems.","publisher":{"@id":"https:\/\/skaitytaknyga.lt\/#organization"},"potentialAction":[{"@type":"SearchAction","target":{"@type":"EntryPoint","urlTemplate":"https:\/\/skaitytaknyga.lt\/?s={search_term_string}"},"query-input":{"@type":"PropertyValueSpecification","valueRequired":true,"valueName":"search_term_string"}}],"inLanguage":"en-GB"},{"@type":"Organization","@id":"https:\/\/skaitytaknyga.lt\/#organization","name":"skaitytaknyga.lt","url":"https:\/\/skaitytaknyga.lt\/","logo":{"@type":"ImageObject","inLanguage":"en-GB","@id":"https:\/\/skaitytaknyga.lt\/#\/schema\/logo\/image\/","url":"https:\/\/skaitytaknyga.lt\/wp-content\/uploads\/2024\/05\/cropped-cropped-cropped-02_00843_jt3bggkj1j3HLc7SyY6rEUpg.jpeg","contentUrl":"https:\/\/skaitytaknyga.lt\/wp-content\/uploads\/2024\/05\/cropped-cropped-cropped-02_00843_jt3bggkj1j3HLc7SyY6rEUpg.jpeg","width":1600,"height":1600,"caption":"skaitytaknyga.lt"},"image":{"@id":"https:\/\/skaitytaknyga.lt\/#\/schema\/logo\/image\/"},"sameAs":["https:\/\/www.facebook.com\/skaitytaknyga\/"]}]}},"_links":{"self":[{"href":"https:\/\/skaitytaknyga.lt\/en\/wp-json\/wp\/v2\/product\/2318","targetHints":{"allow":["GET"]}}],"collection":[{"href":"https:\/\/skaitytaknyga.lt\/en\/wp-json\/wp\/v2\/product"}],"about":[{"href":"https:\/\/skaitytaknyga.lt\/en\/wp-json\/wp\/v2\/types\/product"}],"replies":[{"embeddable":true,"href":"https:\/\/skaitytaknyga.lt\/en\/wp-json\/wp\/v2\/comments?post=2318"}],"wp:featuredmedia":[{"embeddable":true,"href":"https:\/\/skaitytaknyga.lt\/en\/wp-json\/wp\/v2\/media\/2367"}],"wp:attachment":[{"href":"https:\/\/skaitytaknyga.lt\/en\/wp-json\/wp\/v2\/media?parent=2318"}],"wp:term":[{"taxonomy":"product_brand","embeddable":true,"href":"https:\/\/skaitytaknyga.lt\/en\/wp-json\/wp\/v2\/product_brand?post=2318"},{"taxonomy":"product_cat","embeddable":true,"href":"https:\/\/skaitytaknyga.lt\/en\/wp-json\/wp\/v2\/product_cat?post=2318"},{"taxonomy":"product_tag","embeddable":true,"href":"https:\/\/skaitytaknyga.lt\/en\/wp-json\/wp\/v2\/product_tag?post=2318"}],"curies":[{"name":"wp","href":"https:\/\/api.w.org\/{rel}","templated":true}]}}