{"id":2317,"date":"2024-04-17T13:07:43","date_gmt":"2024-04-17T13:07:43","guid":{"rendered":"https:\/\/skaitytaknyga.lt\/?post_type=product&#038;p=2317"},"modified":"2024-05-03T07:14:24","modified_gmt":"2024-05-03T07:14:24","slug":"colleen-mccullough-atsiminimai-be-nuobodybiu","status":"publish","type":"product","link":"https:\/\/skaitytaknyga.lt\/en\/produktas\/colleen-mccullough-atsiminimai-be-nuobodybiu\/","title":{"rendered":"Colleen McCullough \u201eAtsiminimai be nuobodybi\u0173\u201c"},"content":{"rendered":"<p>Ra\u0161ytoja Colleen McCullough (Kolin Makalou, g. 1937 m. ) \u2013 viena \u017eymiausi\u0173 vis\u0173 laik\u0173 australi\u0173. U\u017e nuopelnus \u0161alies kult\u016brai jai suteiktas Australijos nacionalin\u0117s vertyb\u0117s titulas. Milijoniniais tira\u017eais visame pasaulyje leid\u017eiamo romano \u201eEr\u0161k\u0117\u010di\u0173 pauk\u0161\u010diai\u201c autorei pavaldus kiekvienas \u017eanras: istoriniai romanai, detektyvai, meil\u0117s romanai. Ji yra i\u0161leidusi net kulinarijos knyg\u0105. Ta\u010diau apie pa\u010dios ra\u0161ytojos gyvenim\u0105 iki \u0161iol \u017einojome tikrai nedaug. Pagaliau galime kilstel\u0117ti paslapties skraist\u0119, nes prie jau \u012fveikt\u0173 \u017eanr\u0173 autor\u0117 prid\u0117jo ir autobiografij\u0105. Tiesa, ji ne visai tipi\u0161ka.<\/p>\n<p>\u0160ioje autobiografijoje skaitytojas su\u017einos C. McCullough versij\u0105, kod\u0117l J\u0117zus Kristus buvo b\u016btent nukry\u017eiuotas, o nemir\u0117 kitokia mirtimi, k\u0105 ji mano apie populiar\u0173 serial\u0105 \u201eMidsomerio \u017emog\u017eudyst\u0117s\u201c, apie laiko prigimt\u012f, pavyd\u0105 ir Shakespeare\u2019\u0105. Apie tai, kaip ji lank\u0117si Vilniaus knyg\u0173 mug\u0117je, kaip \u012fsivaizduoja roj\u0173 ir pragar\u0105, kokiomis savyb\u0117mis pasi\u017eymi kat\u0117s, kokias savo para\u0161ytas knygas ji labiausiai m\u0117gsta ir kod\u0117l. Ir \u017einoma, autobiografija pasakoja apie pa\u010dios ra\u0161ytojos gyvenim\u0105, kuris nebuvo ro\u017e\u0117mis klotas.<\/p>\n<p>Sud\u0117tingi ir neretai sukre\u010diantys santykiai su t\u0117vais, brolio tragedija, darbas ir k\u016bryba \u2013 dalykai, nul\u0117m\u0119 Colleen McCullough likim\u0105, gyvenimo b\u016bd\u0105 ir charakter\u012f.<\/p>\n<p>Kategori\u0161ka, kandi, negailestinga ir protinga autor\u0117 pristato savo mintis ir gyvenim\u0105. Ir nuobodyb\u0117ms vietos \u010dia i\u0161ties n\u0117ra.<\/p>\n","protected":false},"excerpt":{"rendered":"<p>Ra\u0161ytoja Colleen McCullough (Kolin Makalou, g. 1937 m. ) \u2013 viena \u017eymiausi\u0173 vis\u0173 laik\u0173 australi\u0173. U\u017e nuopelnus \u0161alies kult\u016brai jai suteiktas Australijos nacionalin\u0117s vertyb\u0117s titulas. Milijoniniais tira\u017eais visame pasaulyje leid\u017eiamo romano \u201eEr\u0161k\u0117\u010di\u0173 pauk\u0161\u010diai\u201c autorei pavaldus kiekvienas \u017eanras: istoriniai romanai, detektyvai, meil\u0117s romanai. Ji yra i\u0161leidusi net kulinarijos knyg\u0105. Ta\u010diau apie pa\u010dios ra\u0161ytojos gyvenim\u0105 iki \u0161iol \u017einojome tikrai nedaug. Pagaliau galime kilstel\u0117ti paslapties skraist\u0119, nes prie jau \u012fveikt\u0173 \u017eanr\u0173 autor\u0117 prid\u0117jo ir autobiografij\u0105. Tiesa, ji ne visai tipi\u0161ka. \u0160ioje autobiografijoje skaitytojas su\u017einos C. McCullough versij\u0105, kod\u0117l J\u0117zus Kristus buvo b\u016btent nukry\u017eiuotas, o nemir\u0117 kitokia mirtimi, k\u0105 ji mano apie populiar\u0173 serial\u0105 \u201eMidsomerio \u017emog\u017eudyst\u0117s\u201c, apie laiko prigimt\u012f, pavyd\u0105 ir Shakespeare\u2019\u0105. Apie tai, kaip ji lank\u0117si Vilniaus knyg\u0173 mug\u0117je, kaip \u012fsivaizduoja roj\u0173 ir pragar\u0105, kokiomis savyb\u0117mis pasi\u017eymi kat\u0117s, kokias savo para\u0161ytas knygas ji labiausiai m\u0117gsta ir kod\u0117l. Ir \u017einoma, autobiografija pasakoja apie pa\u010dios ra\u0161ytojos gyvenim\u0105, kuris nebuvo ro\u017e\u0117mis klotas. Sud\u0117tingi ir neretai sukre\u010diantys santykiai su t\u0117vais, brolio tragedija, darbas ir k\u016bryba \u2013 dalykai, nul\u0117m\u0119 Colleen McCullough likim\u0105, gyvenimo b\u016bd\u0105 ir charakter\u012f. Kategori\u0161ka, kandi, negailestinga ir protinga autor\u0117 pristato savo mintis ir gyvenim\u0105. Ir nuobodyb\u0117ms vietos \u010dia i\u0161ties n\u0117ra.<\/p>\n","protected":false},"featured_media":2366,"comment_status":"closed","ping_status":"closed","template":"","meta":{"_acf_changed":false,"site-sidebar-layout":"default","site-content-layout":"","ast-site-content-layout":"default","site-content-style":"default","site-sidebar-style":"default","ast-global-header-display":"","ast-banner-title-visibility":"","ast-main-header-display":"","ast-hfb-above-header-display":"","ast-hfb-below-header-display":"","ast-hfb-mobile-header-display":"","site-post-title":"","ast-breadcrumbs-content":"","ast-featured-img":"","footer-sml-layout":"","ast-disable-related-posts":"","theme-transparent-header-meta":"","adv-header-id-meta":"","stick-header-meta":"","header-above-stick-meta":"","header-main-stick-meta":"","header-below-stick-meta":"","astra-migrate-meta-layouts":"default","ast-page-background-enabled":"default","ast-page-background-meta":{"desktop":{"background-color":"","background-image":"","background-repeat":"repeat","background-position":"center center","background-size":"auto","background-attachment":"scroll","background-type":"","background-media":"","overlay-type":"","overlay-color":"","overlay-opacity":"","overlay-gradient":""},"tablet":{"background-color":"","background-image":"","background-repeat":"repeat","background-position":"center center","background-size":"auto","background-attachment":"scroll","background-type":"","background-media":"","overlay-type":"","overlay-color":"","overlay-opacity":"","overlay-gradient":""},"mobile":{"background-color":"","background-image":"","background-repeat":"repeat","background-position":"center center","background-size":"auto","background-attachment":"scroll","background-type":"","background-media":"","overlay-type":"","overlay-color":"","overlay-opacity":"","overlay-gradient":""}},"ast-content-background-meta":{"desktop":{"background-color":"var(--ast-global-color-4)","background-image":"","background-repeat":"repeat","background-position":"center center","background-size":"auto","background-attachment":"scroll","background-type":"","background-media":"","overlay-type":"","overlay-color":"","overlay-opacity":"","overlay-gradient":""},"tablet":{"background-color":"var(--ast-global-color-4)","background-image":"","background-repeat":"repeat","background-position":"center center","background-size":"auto","background-attachment":"scroll","background-type":"","background-media":"","overlay-type":"","overlay-color":"","overlay-opacity":"","overlay-gradient":""},"mobile":{"background-color":"var(--ast-global-color-4)","background-image":"","background-repeat":"repeat","background-position":"center center","background-size":"auto","background-attachment":"scroll","background-type":"","background-media":"","overlay-type":"","overlay-color":"","overlay-opacity":"","overlay-gradient":""}}},"product_brand":[],"product_cat":[33],"product_tag":[],"class_list":{"0":"post-2317","1":"product","2":"type-product","3":"status-publish","4":"has-post-thumbnail","6":"product_cat-biografijos","7":"desktop-align-left","8":"tablet-align-left","9":"mobile-align-left","11":"first","12":"instock","13":"shipping-taxable","14":"purchasable","15":"product-type-simple"},"acf":[],"yoast_head":"<!-- This site is optimized with the Yoast SEO plugin v27.0 - https:\/\/yoast.com\/product\/yoast-seo-wordpress\/ -->\n<title>Colleen McCullough \u201eAtsiminimai be nuobodybi\u0173\u201c - Skaitytaknyga<\/title>\n<meta name=\"description\" content=\"Ra\u0161ytoja Colleen McCullough (Kolin Makalou, g. 1937 m. ) \u2013 viena \u017eymiausi\u0173 vis\u0173 laik\u0173 australi\u0173. U\u017e nuopelnus \u0161alies kult\u016brai jai suteiktas Australijos\" \/>\n<meta name=\"robots\" content=\"index, follow, max-snippet:-1, max-image-preview:large, max-video-preview:-1\" \/>\n<link rel=\"canonical\" href=\"https:\/\/skaitytaknyga.lt\/en\/produktas\/colleen-mccullough-atsiminimai-be-nuobodybiu\/\" \/>\n<meta property=\"og:locale\" content=\"en_GB\" \/>\n<meta property=\"og:locale:alternate\" content=\"lt_LT\" \/>\n<meta property=\"og:type\" content=\"article\" \/>\n<meta property=\"og:title\" content=\"Colleen McCullough \u201eAtsiminimai be nuobodybi\u0173\u201c - Skaitytaknyga\" \/>\n<meta property=\"og:description\" content=\"Ra\u0161ytoja Colleen McCullough (Kolin Makalou, g. 1937 m. ) \u2013 viena \u017eymiausi\u0173 vis\u0173 laik\u0173 australi\u0173. U\u017e nuopelnus \u0161alies kult\u016brai jai suteiktas Australijos\" \/>\n<meta property=\"og:url\" content=\"https:\/\/skaitytaknyga.lt\/en\/produktas\/colleen-mccullough-atsiminimai-be-nuobodybiu\/\" \/>\n<meta property=\"og:site_name\" content=\"Skaitytaknyga\" \/>\n<meta property=\"article:publisher\" content=\"https:\/\/www.facebook.com\/skaitytaknyga\/\" \/>\n<meta property=\"article:modified_time\" content=\"2024-05-03T07:14:24+00:00\" \/>\n<meta property=\"og:image\" content=\"https:\/\/skaitytaknyga.lt\/wp-content\/uploads\/2024\/04\/1462878298_img0004.jpg\" \/>\n\t<meta property=\"og:image:width\" content=\"268\" \/>\n\t<meta property=\"og:image:height\" content=\"430\" \/>\n\t<meta property=\"og:image:type\" content=\"image\/jpeg\" \/>\n<meta name=\"twitter:card\" content=\"summary_large_image\" \/>\n<meta name=\"twitter:label1\" content=\"Estimated reading time\" \/>\n\t<meta name=\"twitter:data1\" content=\"1 minute\" \/>\n<script type=\"application\/ld+json\" class=\"yoast-schema-graph\">{\"@context\":\"https:\/\/schema.org\",\"@graph\":[{\"@type\":\"WebPage\",\"@id\":\"https:\/\/skaitytaknyga.lt\/produktas\/colleen-mccullough-atsiminimai-be-nuobodybiu\/\",\"url\":\"https:\/\/skaitytaknyga.lt\/produktas\/colleen-mccullough-atsiminimai-be-nuobodybiu\/\",\"name\":\"Colleen McCullough \u201eAtsiminimai be nuobodybi\u0173\u201c - Skaitytaknyga\",\"isPartOf\":{\"@id\":\"https:\/\/skaitytaknyga.lt\/#website\"},\"primaryImageOfPage\":{\"@id\":\"https:\/\/skaitytaknyga.lt\/produktas\/colleen-mccullough-atsiminimai-be-nuobodybiu\/#primaryimage\"},\"image\":{\"@id\":\"https:\/\/skaitytaknyga.lt\/produktas\/colleen-mccullough-atsiminimai-be-nuobodybiu\/#primaryimage\"},\"thumbnailUrl\":\"https:\/\/skaitytaknyga.lt\/wp-content\/uploads\/2024\/04\/1462878298_img0004.jpg\",\"datePublished\":\"2024-04-17T13:07:43+00:00\",\"dateModified\":\"2024-05-03T07:14:24+00:00\",\"description\":\"Ra\u0161ytoja Colleen McCullough (Kolin Makalou, g. 1937 m. ) \u2013 viena \u017eymiausi\u0173 vis\u0173 laik\u0173 australi\u0173. U\u017e nuopelnus \u0161alies kult\u016brai jai suteiktas Australijos\",\"breadcrumb\":{\"@id\":\"https:\/\/skaitytaknyga.lt\/produktas\/colleen-mccullough-atsiminimai-be-nuobodybiu\/#breadcrumb\"},\"inLanguage\":\"en-GB\",\"potentialAction\":[{\"@type\":\"ReadAction\",\"target\":[\"https:\/\/skaitytaknyga.lt\/produktas\/colleen-mccullough-atsiminimai-be-nuobodybiu\/\"]}]},{\"@type\":\"ImageObject\",\"inLanguage\":\"en-GB\",\"@id\":\"https:\/\/skaitytaknyga.lt\/produktas\/colleen-mccullough-atsiminimai-be-nuobodybiu\/#primaryimage\",\"url\":\"https:\/\/skaitytaknyga.lt\/wp-content\/uploads\/2024\/04\/1462878298_img0004.jpg\",\"contentUrl\":\"https:\/\/skaitytaknyga.lt\/wp-content\/uploads\/2024\/04\/1462878298_img0004.jpg\",\"width\":268,\"height\":430,\"caption\":\"1462878298 img0004\"},{\"@type\":\"BreadcrumbList\",\"@id\":\"https:\/\/skaitytaknyga.lt\/produktas\/colleen-mccullough-atsiminimai-be-nuobodybiu\/#breadcrumb\",\"itemListElement\":[{\"@type\":\"ListItem\",\"position\":1,\"name\":\"Home\",\"item\":\"https:\/\/skaitytaknyga.lt\/\"},{\"@type\":\"ListItem\",\"position\":2,\"name\":\"Parduotuv\u0117\",\"item\":\"https:\/\/skaitytaknyga.lt\/knygu-parduotuve\/\"},{\"@type\":\"ListItem\",\"position\":3,\"name\":\"Colleen McCullough \u201eAtsiminimai be nuobodybi\u0173\u201c\"}]},{\"@type\":\"WebSite\",\"@id\":\"https:\/\/skaitytaknyga.lt\/#website\",\"url\":\"https:\/\/skaitytaknyga.lt\/\",\"name\":\"skaitytaknyga.lt\",\"description\":\"Skaitytaknyga.lt \u2013 tai ma\u017eas \u0161eimos verslas, kuris prasid\u0117jo nuo meil\u0117s knygoms ir siekio i\u0161gelb\u0117ti knygas nuo likimo prie konteinerio. Kas vienam nereikalingas daiktas \u2013 kitam lobis, o mes esame tarpininkai, kurie padeda abiems tapti laimingesniems ???? \u017dinome kaip nelengva i\u0161gyventi ma\u017eiems verslams, tad nuo \u0161iol, \u010dia rasite ir kit\u0173, ma\u017e\u0173 \u0161eim\u0173 versl\u0173, rank\u0173 darbo, dovan\u0173 sau ir artimiesiems.\",\"publisher\":{\"@id\":\"https:\/\/skaitytaknyga.lt\/#organization\"},\"potentialAction\":[{\"@type\":\"SearchAction\",\"target\":{\"@type\":\"EntryPoint\",\"urlTemplate\":\"https:\/\/skaitytaknyga.lt\/?s={search_term_string}\"},\"query-input\":{\"@type\":\"PropertyValueSpecification\",\"valueRequired\":true,\"valueName\":\"search_term_string\"}}],\"inLanguage\":\"en-GB\"},{\"@type\":\"Organization\",\"@id\":\"https:\/\/skaitytaknyga.lt\/#organization\",\"name\":\"skaitytaknyga.lt\",\"url\":\"https:\/\/skaitytaknyga.lt\/\",\"logo\":{\"@type\":\"ImageObject\",\"inLanguage\":\"en-GB\",\"@id\":\"https:\/\/skaitytaknyga.lt\/#\/schema\/logo\/image\/\",\"url\":\"https:\/\/skaitytaknyga.lt\/wp-content\/uploads\/2024\/05\/cropped-cropped-cropped-02_00843_jt3bggkj1j3HLc7SyY6rEUpg.jpeg\",\"contentUrl\":\"https:\/\/skaitytaknyga.lt\/wp-content\/uploads\/2024\/05\/cropped-cropped-cropped-02_00843_jt3bggkj1j3HLc7SyY6rEUpg.jpeg\",\"width\":1600,\"height\":1600,\"caption\":\"skaitytaknyga.lt\"},\"image\":{\"@id\":\"https:\/\/skaitytaknyga.lt\/#\/schema\/logo\/image\/\"},\"sameAs\":[\"https:\/\/www.facebook.com\/skaitytaknyga\/\"]}]}<\/script>\n<!-- \/ Yoast SEO plugin. -->","yoast_head_json":{"title":"Colleen McCullough \u201eAtsiminimai be nuobodybi\u0173\u201c - Skaitytaknyga","description":"Ra\u0161ytoja Colleen McCullough (Kolin Makalou, g. 1937 m. ) \u2013 viena \u017eymiausi\u0173 vis\u0173 laik\u0173 australi\u0173. U\u017e nuopelnus \u0161alies kult\u016brai jai suteiktas Australijos","robots":{"index":"index","follow":"follow","max-snippet":"max-snippet:-1","max-image-preview":"max-image-preview:large","max-video-preview":"max-video-preview:-1"},"canonical":"https:\/\/skaitytaknyga.lt\/en\/produktas\/colleen-mccullough-atsiminimai-be-nuobodybiu\/","og_locale":"en_GB","og_type":"article","og_title":"Colleen McCullough \u201eAtsiminimai be nuobodybi\u0173\u201c - Skaitytaknyga","og_description":"Ra\u0161ytoja Colleen McCullough (Kolin Makalou, g. 1937 m. ) \u2013 viena \u017eymiausi\u0173 vis\u0173 laik\u0173 australi\u0173. U\u017e nuopelnus \u0161alies kult\u016brai jai suteiktas Australijos","og_url":"https:\/\/skaitytaknyga.lt\/en\/produktas\/colleen-mccullough-atsiminimai-be-nuobodybiu\/","og_site_name":"Skaitytaknyga","article_publisher":"https:\/\/www.facebook.com\/skaitytaknyga\/","article_modified_time":"2024-05-03T07:14:24+00:00","og_image":[{"width":268,"height":430,"url":"https:\/\/skaitytaknyga.lt\/wp-content\/uploads\/2024\/04\/1462878298_img0004.jpg","type":"image\/jpeg"}],"twitter_card":"summary_large_image","twitter_misc":{"Estimated reading time":"1 minute"},"schema":{"@context":"https:\/\/schema.org","@graph":[{"@type":"WebPage","@id":"https:\/\/skaitytaknyga.lt\/produktas\/colleen-mccullough-atsiminimai-be-nuobodybiu\/","url":"https:\/\/skaitytaknyga.lt\/produktas\/colleen-mccullough-atsiminimai-be-nuobodybiu\/","name":"Colleen McCullough \u201eAtsiminimai be nuobodybi\u0173\u201c - Skaitytaknyga","isPartOf":{"@id":"https:\/\/skaitytaknyga.lt\/#website"},"primaryImageOfPage":{"@id":"https:\/\/skaitytaknyga.lt\/produktas\/colleen-mccullough-atsiminimai-be-nuobodybiu\/#primaryimage"},"image":{"@id":"https:\/\/skaitytaknyga.lt\/produktas\/colleen-mccullough-atsiminimai-be-nuobodybiu\/#primaryimage"},"thumbnailUrl":"https:\/\/skaitytaknyga.lt\/wp-content\/uploads\/2024\/04\/1462878298_img0004.jpg","datePublished":"2024-04-17T13:07:43+00:00","dateModified":"2024-05-03T07:14:24+00:00","description":"Ra\u0161ytoja Colleen McCullough (Kolin Makalou, g. 1937 m. ) \u2013 viena \u017eymiausi\u0173 vis\u0173 laik\u0173 australi\u0173. U\u017e nuopelnus \u0161alies kult\u016brai jai suteiktas Australijos","breadcrumb":{"@id":"https:\/\/skaitytaknyga.lt\/produktas\/colleen-mccullough-atsiminimai-be-nuobodybiu\/#breadcrumb"},"inLanguage":"en-GB","potentialAction":[{"@type":"ReadAction","target":["https:\/\/skaitytaknyga.lt\/produktas\/colleen-mccullough-atsiminimai-be-nuobodybiu\/"]}]},{"@type":"ImageObject","inLanguage":"en-GB","@id":"https:\/\/skaitytaknyga.lt\/produktas\/colleen-mccullough-atsiminimai-be-nuobodybiu\/#primaryimage","url":"https:\/\/skaitytaknyga.lt\/wp-content\/uploads\/2024\/04\/1462878298_img0004.jpg","contentUrl":"https:\/\/skaitytaknyga.lt\/wp-content\/uploads\/2024\/04\/1462878298_img0004.jpg","width":268,"height":430,"caption":"1462878298 img0004"},{"@type":"BreadcrumbList","@id":"https:\/\/skaitytaknyga.lt\/produktas\/colleen-mccullough-atsiminimai-be-nuobodybiu\/#breadcrumb","itemListElement":[{"@type":"ListItem","position":1,"name":"Home","item":"https:\/\/skaitytaknyga.lt\/"},{"@type":"ListItem","position":2,"name":"Parduotuv\u0117","item":"https:\/\/skaitytaknyga.lt\/knygu-parduotuve\/"},{"@type":"ListItem","position":3,"name":"Colleen McCullough \u201eAtsiminimai be nuobodybi\u0173\u201c"}]},{"@type":"WebSite","@id":"https:\/\/skaitytaknyga.lt\/#website","url":"https:\/\/skaitytaknyga.lt\/","name":"skaitytaknyga.lt","description":"Skaitytaknyga.lt \u2013 tai ma\u017eas \u0161eimos verslas, kuris prasid\u0117jo nuo meil\u0117s knygoms ir siekio i\u0161gelb\u0117ti knygas nuo likimo prie konteinerio. Kas vienam nereikalingas daiktas \u2013 kitam lobis, o mes esame tarpininkai, kurie padeda abiems tapti laimingesniems ???? \u017dinome kaip nelengva i\u0161gyventi ma\u017eiems verslams, tad nuo \u0161iol, \u010dia rasite ir kit\u0173, ma\u017e\u0173 \u0161eim\u0173 versl\u0173, rank\u0173 darbo, dovan\u0173 sau ir artimiesiems.","publisher":{"@id":"https:\/\/skaitytaknyga.lt\/#organization"},"potentialAction":[{"@type":"SearchAction","target":{"@type":"EntryPoint","urlTemplate":"https:\/\/skaitytaknyga.lt\/?s={search_term_string}"},"query-input":{"@type":"PropertyValueSpecification","valueRequired":true,"valueName":"search_term_string"}}],"inLanguage":"en-GB"},{"@type":"Organization","@id":"https:\/\/skaitytaknyga.lt\/#organization","name":"skaitytaknyga.lt","url":"https:\/\/skaitytaknyga.lt\/","logo":{"@type":"ImageObject","inLanguage":"en-GB","@id":"https:\/\/skaitytaknyga.lt\/#\/schema\/logo\/image\/","url":"https:\/\/skaitytaknyga.lt\/wp-content\/uploads\/2024\/05\/cropped-cropped-cropped-02_00843_jt3bggkj1j3HLc7SyY6rEUpg.jpeg","contentUrl":"https:\/\/skaitytaknyga.lt\/wp-content\/uploads\/2024\/05\/cropped-cropped-cropped-02_00843_jt3bggkj1j3HLc7SyY6rEUpg.jpeg","width":1600,"height":1600,"caption":"skaitytaknyga.lt"},"image":{"@id":"https:\/\/skaitytaknyga.lt\/#\/schema\/logo\/image\/"},"sameAs":["https:\/\/www.facebook.com\/skaitytaknyga\/"]}]}},"_links":{"self":[{"href":"https:\/\/skaitytaknyga.lt\/en\/wp-json\/wp\/v2\/product\/2317","targetHints":{"allow":["GET"]}}],"collection":[{"href":"https:\/\/skaitytaknyga.lt\/en\/wp-json\/wp\/v2\/product"}],"about":[{"href":"https:\/\/skaitytaknyga.lt\/en\/wp-json\/wp\/v2\/types\/product"}],"replies":[{"embeddable":true,"href":"https:\/\/skaitytaknyga.lt\/en\/wp-json\/wp\/v2\/comments?post=2317"}],"wp:featuredmedia":[{"embeddable":true,"href":"https:\/\/skaitytaknyga.lt\/en\/wp-json\/wp\/v2\/media\/2366"}],"wp:attachment":[{"href":"https:\/\/skaitytaknyga.lt\/en\/wp-json\/wp\/v2\/media?parent=2317"}],"wp:term":[{"taxonomy":"product_brand","embeddable":true,"href":"https:\/\/skaitytaknyga.lt\/en\/wp-json\/wp\/v2\/product_brand?post=2317"},{"taxonomy":"product_cat","embeddable":true,"href":"https:\/\/skaitytaknyga.lt\/en\/wp-json\/wp\/v2\/product_cat?post=2317"},{"taxonomy":"product_tag","embeddable":true,"href":"https:\/\/skaitytaknyga.lt\/en\/wp-json\/wp\/v2\/product_tag?post=2317"}],"curies":[{"name":"wp","href":"https:\/\/api.w.org\/{rel}","templated":true}]}}