{"id":23158,"date":"2026-02-25T19:26:36","date_gmt":"2026-02-25T17:26:36","guid":{"rendered":"https:\/\/skaitytaknyga.lt\/?post_type=product&#038;p=23158"},"modified":"2026-03-02T09:31:11","modified_gmt":"2026-03-02T07:31:11","slug":"palikimas-2","status":"publish","type":"product","link":"https:\/\/skaitytaknyga.lt\/en\/produktas\/palikimas-2\/","title":{"rendered":"Palikimas"},"content":{"rendered":"<p>The New York Times bestseleri\u0173 autor\u0117s Noros Roberts nauja knyga \u2014 romanas apie moter\u012f, dukr\u0105, ambicijas ir romantik\u0105 bei traumuojan\u010di\u0105 praeit\u012f, kuri\u0105 vis primena \u0161iurp\u016bs eiliuoti grasinimai&#8230;<\/p>\n<p>Adriana Rico buvo septyneri\u0173, kai pirm\u0105 kart\u0105 susid\u016br\u0117 su t\u0117vu. T\u0105 dien\u0105 jis vos nenu\u017eud\u0117 jos. Sp\u0117jo sukliudyti mama. Po to \u012fvykio mergait\u0117 visai vasarai liko seneli\u0173 namuose Merilande, kur g\u0117r\u0117 limonad\u0105, \u017eaid\u0117 su \u0161unimis, susirado geriausi\u0105 draug\u0119&#8230; ir \u012fsi\u017ei\u016br\u0117jo jos vyresn\u012fj\u012f brol\u012f Reilan\u0105. Adrianos mama Lina tuo metu naudojosi \u017einiasklaidos d\u0117mesiu ir keliavo po JAV valstijas reklamuodama savo preki\u0173 \u017eenkl\u0105. Kokia prasm\u0117 laikytis \u012fsitv\u0117rus praeities?<\/p>\n<p>Po de\u0161imties met\u0173, \u017eengdama mamos p\u0117domis, Adriana pasiry\u017eo visk\u0105 kurti nuo nulio \u2014 \u012fsteig\u0117 savo jogos ir sporto vaizdajuos\u010di\u0173 versl\u0105. Juk yra tikra Rico, tokia pat ambicinga ir realisti\u0161kai m\u0105stanti kaip mama. Jos n\u0117ra artimos, bet ry\u0161ys glaudus&#8230; kol nesikerta keliai.<\/p>\n<p>Mama pataria nekreipti d\u0117mesio \u012f grasinimus, kurie augant populiarumui ima plaukti Adrianai, bet merginai tie \u0161iurp\u016bs posmai kelia nerim\u0105. Kiekvienais metais \u0160v. Valentino dien\u0105 ateina klaik\u016bs, pyk\u010dio persmelkti eil\u0117ra\u0161\u010diai, kei\u010diasi tik pa\u0161to \u017eenklai. Persekiotojas pasiekia mergin\u0105 ir Merilande, kur ji apsigyvena ir v\u0117l ima bendrauti su savo vaikyst\u0117s simpatija. Baisios \u017einut\u0117s policijai ir FTB agentams atrodo tik ka\u017ekieno kvaila manija, bet ne realus pavojus. Ta\u010diau prasideda \u017emog\u017eudyst\u0117s, ir lai\u0161k\u0173 pigiame balto popieriaus voke Adriana sulaukia vis da\u017eniau&#8230;<\/p>\n","protected":false},"excerpt":{"rendered":"<p>The New York Times bestseleri\u0173 autor\u0117s Noros Roberts nauja knyga \u2014 romanas apie moter\u012f, dukr\u0105, ambicijas ir romantik\u0105 bei traumuojan\u010di\u0105 praeit\u012f, kuri\u0105 vis primena \u0161iurp\u016bs eiliuoti grasinimai&#8230; Adriana Rico buvo septyneri\u0173, kai pirm\u0105 kart\u0105 susid\u016br\u0117 su t\u0117vu. T\u0105 dien\u0105 jis vos nenu\u017eud\u0117 jos. Sp\u0117jo sukliudyti mama. Po to \u012fvykio mergait\u0117 visai vasarai liko seneli\u0173 namuose Merilande, kur g\u0117r\u0117 limonad\u0105, \u017eaid\u0117 su \u0161unimis, susirado geriausi\u0105 draug\u0119&#8230; ir \u012fsi\u017ei\u016br\u0117jo jos vyresn\u012fj\u012f brol\u012f Reilan\u0105. Adrianos mama Lina tuo metu naudojosi \u017einiasklaidos d\u0117mesiu ir keliavo po JAV valstijas reklamuodama savo preki\u0173 \u017eenkl\u0105. Kokia prasm\u0117 laikytis \u012fsitv\u0117rus praeities? Po de\u0161imties met\u0173, \u017eengdama mamos p\u0117domis, Adriana pasiry\u017eo visk\u0105 kurti nuo nulio \u2014 \u012fsteig\u0117 savo jogos ir sporto vaizdajuos\u010di\u0173 versl\u0105. Juk yra tikra Rico, tokia pat ambicinga ir realisti\u0161kai m\u0105stanti kaip mama. Jos n\u0117ra artimos, bet ry\u0161ys glaudus&#8230; kol nesikerta keliai. Mama pataria nekreipti d\u0117mesio \u012f grasinimus, kurie augant populiarumui ima plaukti Adrianai, bet merginai tie \u0161iurp\u016bs posmai kelia nerim\u0105. Kiekvienais metais \u0160v. Valentino dien\u0105 ateina klaik\u016bs, pyk\u010dio persmelkti eil\u0117ra\u0161\u010diai, kei\u010diasi tik pa\u0161to \u017eenklai. Persekiotojas pasiekia mergin\u0105 ir Merilande, kur ji apsigyvena ir v\u0117l ima bendrauti su savo vaikyst\u0117s simpatija. Baisios \u017einut\u0117s policijai ir FTB agentams atrodo tik ka\u017ekieno kvaila manija, bet ne realus pavojus. Ta\u010diau prasideda \u017emog\u017eudyst\u0117s, ir lai\u0161k\u0173 pigiame balto popieriaus voke Adriana sulaukia vis da\u017eniau&#8230;<\/p>\n","protected":false},"featured_media":23211,"comment_status":"open","ping_status":"closed","template":"","meta":{"_acf_changed":false,"site-sidebar-layout":"default","site-content-layout":"","ast-site-content-layout":"default","site-content-style":"default","site-sidebar-style":"default","ast-global-header-display":"","ast-banner-title-visibility":"","ast-main-header-display":"","ast-hfb-above-header-display":"","ast-hfb-below-header-display":"","ast-hfb-mobile-header-display":"","site-post-title":"","ast-breadcrumbs-content":"","ast-featured-img":"","footer-sml-layout":"","ast-disable-related-posts":"","theme-transparent-header-meta":"","adv-header-id-meta":"","stick-header-meta":"","header-above-stick-meta":"","header-main-stick-meta":"","header-below-stick-meta":"","astra-migrate-meta-layouts":"default","ast-page-background-enabled":"default","ast-page-background-meta":{"desktop":{"background-color":"","background-image":"","background-repeat":"repeat","background-position":"center center","background-size":"auto","background-attachment":"scroll","background-type":"","background-media":"","overlay-type":"","overlay-color":"","overlay-opacity":"","overlay-gradient":""},"tablet":{"background-color":"","background-image":"","background-repeat":"repeat","background-position":"center center","background-size":"auto","background-attachment":"scroll","background-type":"","background-media":"","overlay-type":"","overlay-color":"","overlay-opacity":"","overlay-gradient":""},"mobile":{"background-color":"","background-image":"","background-repeat":"repeat","background-position":"center center","background-size":"auto","background-attachment":"scroll","background-type":"","background-media":"","overlay-type":"","overlay-color":"","overlay-opacity":"","overlay-gradient":""}},"ast-content-background-meta":{"desktop":{"background-color":"var(--ast-global-color-4)","background-image":"","background-repeat":"repeat","background-position":"center center","background-size":"auto","background-attachment":"scroll","background-type":"","background-media":"","overlay-type":"","overlay-color":"","overlay-opacity":"","overlay-gradient":""},"tablet":{"background-color":"var(--ast-global-color-4)","background-image":"","background-repeat":"repeat","background-position":"center center","background-size":"auto","background-attachment":"scroll","background-type":"","background-media":"","overlay-type":"","overlay-color":"","overlay-opacity":"","overlay-gradient":""},"mobile":{"background-color":"var(--ast-global-color-4)","background-image":"","background-repeat":"repeat","background-position":"center center","background-size":"auto","background-attachment":"scroll","background-type":"","background-media":"","overlay-type":"","overlay-color":"","overlay-opacity":"","overlay-gradient":""}}},"product_brand":[],"product_cat":[31],"product_tag":[3060],"class_list":{"0":"post-23158","1":"product","2":"type-product","3":"status-publish","4":"has-post-thumbnail","6":"product_cat-grozine-literatura","7":"product_tag-nora-roberts","8":"desktop-align-left","9":"tablet-align-left","10":"mobile-align-left","12":"first","13":"instock","14":"shipping-taxable","15":"purchasable","16":"product-type-simple"},"acf":[],"yoast_head":"<!-- This site is optimized with the Yoast SEO plugin v27.0 - https:\/\/yoast.com\/product\/yoast-seo-wordpress\/ -->\n<title>Palikimas<\/title>\n<meta name=\"description\" content=\"The New York Times bestseleri\u0173 autor\u0117s Noros Roberts nauja knyga \u2014 romanas apie moter\u012f, dukr\u0105, ambicijas ir romantik\u0105 bei traumuojan\u010di\u0105 praeit\u012f, kuri\u0105 vis\" \/>\n<meta name=\"robots\" content=\"index, follow, max-snippet:-1, max-image-preview:large, max-video-preview:-1\" \/>\n<link rel=\"canonical\" href=\"https:\/\/skaitytaknyga.lt\/en\/produktas\/palikimas-2\/\" \/>\n<meta property=\"og:locale\" content=\"en_GB\" \/>\n<meta property=\"og:locale:alternate\" content=\"lt_LT\" \/>\n<meta property=\"og:type\" content=\"article\" \/>\n<meta property=\"og:title\" content=\"Palikimas\" \/>\n<meta property=\"og:description\" content=\"The New York Times bestseleri\u0173 autor\u0117s Noros Roberts nauja knyga \u2014 romanas apie moter\u012f, dukr\u0105, ambicijas ir romantik\u0105 bei traumuojan\u010di\u0105 praeit\u012f, kuri\u0105 vis\" \/>\n<meta property=\"og:url\" content=\"https:\/\/skaitytaknyga.lt\/en\/produktas\/palikimas-2\/\" \/>\n<meta property=\"og:site_name\" content=\"Skaitytaknyga\" \/>\n<meta property=\"article:publisher\" content=\"https:\/\/www.facebook.com\/skaitytaknyga\/\" \/>\n<meta property=\"article:modified_time\" content=\"2026-03-02T07:31:11+00:00\" \/>\n<meta property=\"og:image\" content=\"https:\/\/skaitytaknyga.lt\/wp-content\/uploads\/2026\/02\/Palikimas-1.webp\" \/>\n\t<meta property=\"og:image:width\" content=\"300\" \/>\n\t<meta property=\"og:image:height\" content=\"453\" \/>\n\t<meta property=\"og:image:type\" content=\"image\/webp\" \/>\n<meta name=\"twitter:card\" content=\"summary_large_image\" \/>\n<meta name=\"twitter:label1\" content=\"Estimated reading time\" \/>\n\t<meta name=\"twitter:data1\" content=\"1 minute\" \/>\n<script type=\"application\/ld+json\" class=\"yoast-schema-graph\">{\"@context\":\"https:\/\/schema.org\",\"@graph\":[{\"@type\":\"WebPage\",\"@id\":\"https:\/\/skaitytaknyga.lt\/produktas\/palikimas-2\/\",\"url\":\"https:\/\/skaitytaknyga.lt\/produktas\/palikimas-2\/\",\"name\":\"Palikimas\",\"isPartOf\":{\"@id\":\"https:\/\/skaitytaknyga.lt\/#website\"},\"primaryImageOfPage\":{\"@id\":\"https:\/\/skaitytaknyga.lt\/produktas\/palikimas-2\/#primaryimage\"},\"image\":{\"@id\":\"https:\/\/skaitytaknyga.lt\/produktas\/palikimas-2\/#primaryimage\"},\"thumbnailUrl\":\"https:\/\/skaitytaknyga.lt\/wp-content\/uploads\/2026\/02\/Palikimas-1.webp\",\"datePublished\":\"2026-02-25T17:26:36+00:00\",\"dateModified\":\"2026-03-02T07:31:11+00:00\",\"description\":\"The New York Times bestseleri\u0173 autor\u0117s Noros Roberts nauja knyga \u2014 romanas apie moter\u012f, dukr\u0105, ambicijas ir romantik\u0105 bei traumuojan\u010di\u0105 praeit\u012f, kuri\u0105 vis\",\"breadcrumb\":{\"@id\":\"https:\/\/skaitytaknyga.lt\/produktas\/palikimas-2\/#breadcrumb\"},\"inLanguage\":\"en-GB\",\"potentialAction\":[{\"@type\":\"ReadAction\",\"target\":[\"https:\/\/skaitytaknyga.lt\/produktas\/palikimas-2\/\"]}]},{\"@type\":\"ImageObject\",\"inLanguage\":\"en-GB\",\"@id\":\"https:\/\/skaitytaknyga.lt\/produktas\/palikimas-2\/#primaryimage\",\"url\":\"https:\/\/skaitytaknyga.lt\/wp-content\/uploads\/2026\/02\/Palikimas-1.webp\",\"contentUrl\":\"https:\/\/skaitytaknyga.lt\/wp-content\/uploads\/2026\/02\/Palikimas-1.webp\",\"width\":300,\"height\":453},{\"@type\":\"BreadcrumbList\",\"@id\":\"https:\/\/skaitytaknyga.lt\/produktas\/palikimas-2\/#breadcrumb\",\"itemListElement\":[{\"@type\":\"ListItem\",\"position\":1,\"name\":\"Home\",\"item\":\"https:\/\/skaitytaknyga.lt\/\"},{\"@type\":\"ListItem\",\"position\":2,\"name\":\"Parduotuv\u0117\",\"item\":\"https:\/\/skaitytaknyga.lt\/knygu-parduotuve\/\"},{\"@type\":\"ListItem\",\"position\":3,\"name\":\"Palikimas\"}]},{\"@type\":\"WebSite\",\"@id\":\"https:\/\/skaitytaknyga.lt\/#website\",\"url\":\"https:\/\/skaitytaknyga.lt\/\",\"name\":\"skaitytaknyga.lt\",\"description\":\"Skaitytaknyga.lt \u2013 tai ma\u017eas \u0161eimos verslas, kuris prasid\u0117jo nuo meil\u0117s knygoms ir siekio i\u0161gelb\u0117ti knygas nuo likimo prie konteinerio. Kas vienam nereikalingas daiktas \u2013 kitam lobis, o mes esame tarpininkai, kurie padeda abiems tapti laimingesniems ???? \u017dinome kaip nelengva i\u0161gyventi ma\u017eiems verslams, tad nuo \u0161iol, \u010dia rasite ir kit\u0173, ma\u017e\u0173 \u0161eim\u0173 versl\u0173, rank\u0173 darbo, dovan\u0173 sau ir artimiesiems.\",\"publisher\":{\"@id\":\"https:\/\/skaitytaknyga.lt\/#organization\"},\"potentialAction\":[{\"@type\":\"SearchAction\",\"target\":{\"@type\":\"EntryPoint\",\"urlTemplate\":\"https:\/\/skaitytaknyga.lt\/?s={search_term_string}\"},\"query-input\":{\"@type\":\"PropertyValueSpecification\",\"valueRequired\":true,\"valueName\":\"search_term_string\"}}],\"inLanguage\":\"en-GB\"},{\"@type\":\"Organization\",\"@id\":\"https:\/\/skaitytaknyga.lt\/#organization\",\"name\":\"skaitytaknyga.lt\",\"url\":\"https:\/\/skaitytaknyga.lt\/\",\"logo\":{\"@type\":\"ImageObject\",\"inLanguage\":\"en-GB\",\"@id\":\"https:\/\/skaitytaknyga.lt\/#\/schema\/logo\/image\/\",\"url\":\"https:\/\/skaitytaknyga.lt\/wp-content\/uploads\/2024\/05\/cropped-cropped-cropped-02_00843_jt3bggkj1j3HLc7SyY6rEUpg.jpeg\",\"contentUrl\":\"https:\/\/skaitytaknyga.lt\/wp-content\/uploads\/2024\/05\/cropped-cropped-cropped-02_00843_jt3bggkj1j3HLc7SyY6rEUpg.jpeg\",\"width\":1600,\"height\":1600,\"caption\":\"skaitytaknyga.lt\"},\"image\":{\"@id\":\"https:\/\/skaitytaknyga.lt\/#\/schema\/logo\/image\/\"},\"sameAs\":[\"https:\/\/www.facebook.com\/skaitytaknyga\/\"]}]}<\/script>\n<!-- \/ Yoast SEO plugin. -->","yoast_head_json":{"title":"Palikimas","description":"The New York Times bestseleri\u0173 autor\u0117s Noros Roberts nauja knyga \u2014 romanas apie moter\u012f, dukr\u0105, ambicijas ir romantik\u0105 bei traumuojan\u010di\u0105 praeit\u012f, kuri\u0105 vis","robots":{"index":"index","follow":"follow","max-snippet":"max-snippet:-1","max-image-preview":"max-image-preview:large","max-video-preview":"max-video-preview:-1"},"canonical":"https:\/\/skaitytaknyga.lt\/en\/produktas\/palikimas-2\/","og_locale":"en_GB","og_type":"article","og_title":"[:lt]Palikimas[:] - Skaitytaknyga","og_description":"The New York Times bestseleri\u0173 autor\u0117s Noros Roberts nauja knyga \u2014 romanas apie moter\u012f, dukr\u0105, ambicijas ir romantik\u0105 bei traumuojan\u010di\u0105 praeit\u012f, kuri\u0105 vis","og_url":"https:\/\/skaitytaknyga.lt\/en\/produktas\/palikimas-2\/","og_site_name":"Skaitytaknyga","article_publisher":"https:\/\/www.facebook.com\/skaitytaknyga\/","article_modified_time":"2026-03-02T07:31:11+00:00","og_image":[{"width":300,"height":453,"url":"https:\/\/skaitytaknyga.lt\/wp-content\/uploads\/2026\/02\/Palikimas-1.webp","type":"image\/webp"}],"twitter_card":"summary_large_image","twitter_misc":{"Estimated reading time":"1 minute"},"schema":{"@context":"https:\/\/schema.org","@graph":[{"@type":"WebPage","@id":"https:\/\/skaitytaknyga.lt\/produktas\/palikimas-2\/","url":"https:\/\/skaitytaknyga.lt\/produktas\/palikimas-2\/","name":"Palikimas","isPartOf":{"@id":"https:\/\/skaitytaknyga.lt\/#website"},"primaryImageOfPage":{"@id":"https:\/\/skaitytaknyga.lt\/produktas\/palikimas-2\/#primaryimage"},"image":{"@id":"https:\/\/skaitytaknyga.lt\/produktas\/palikimas-2\/#primaryimage"},"thumbnailUrl":"https:\/\/skaitytaknyga.lt\/wp-content\/uploads\/2026\/02\/Palikimas-1.webp","datePublished":"2026-02-25T17:26:36+00:00","dateModified":"2026-03-02T07:31:11+00:00","description":"The New York Times bestseleri\u0173 autor\u0117s Noros Roberts nauja knyga \u2014 romanas apie moter\u012f, dukr\u0105, ambicijas ir romantik\u0105 bei traumuojan\u010di\u0105 praeit\u012f, kuri\u0105 vis","breadcrumb":{"@id":"https:\/\/skaitytaknyga.lt\/produktas\/palikimas-2\/#breadcrumb"},"inLanguage":"en-GB","potentialAction":[{"@type":"ReadAction","target":["https:\/\/skaitytaknyga.lt\/produktas\/palikimas-2\/"]}]},{"@type":"ImageObject","inLanguage":"en-GB","@id":"https:\/\/skaitytaknyga.lt\/produktas\/palikimas-2\/#primaryimage","url":"https:\/\/skaitytaknyga.lt\/wp-content\/uploads\/2026\/02\/Palikimas-1.webp","contentUrl":"https:\/\/skaitytaknyga.lt\/wp-content\/uploads\/2026\/02\/Palikimas-1.webp","width":300,"height":453},{"@type":"BreadcrumbList","@id":"https:\/\/skaitytaknyga.lt\/produktas\/palikimas-2\/#breadcrumb","itemListElement":[{"@type":"ListItem","position":1,"name":"Home","item":"https:\/\/skaitytaknyga.lt\/"},{"@type":"ListItem","position":2,"name":"Parduotuv\u0117","item":"https:\/\/skaitytaknyga.lt\/knygu-parduotuve\/"},{"@type":"ListItem","position":3,"name":"Palikimas"}]},{"@type":"WebSite","@id":"https:\/\/skaitytaknyga.lt\/#website","url":"https:\/\/skaitytaknyga.lt\/","name":"skaitytaknyga.lt","description":"Skaitytaknyga.lt \u2013 tai ma\u017eas \u0161eimos verslas, kuris prasid\u0117jo nuo meil\u0117s knygoms ir siekio i\u0161gelb\u0117ti knygas nuo likimo prie konteinerio. Kas vienam nereikalingas daiktas \u2013 kitam lobis, o mes esame tarpininkai, kurie padeda abiems tapti laimingesniems ???? \u017dinome kaip nelengva i\u0161gyventi ma\u017eiems verslams, tad nuo \u0161iol, \u010dia rasite ir kit\u0173, ma\u017e\u0173 \u0161eim\u0173 versl\u0173, rank\u0173 darbo, dovan\u0173 sau ir artimiesiems.","publisher":{"@id":"https:\/\/skaitytaknyga.lt\/#organization"},"potentialAction":[{"@type":"SearchAction","target":{"@type":"EntryPoint","urlTemplate":"https:\/\/skaitytaknyga.lt\/?s={search_term_string}"},"query-input":{"@type":"PropertyValueSpecification","valueRequired":true,"valueName":"search_term_string"}}],"inLanguage":"en-GB"},{"@type":"Organization","@id":"https:\/\/skaitytaknyga.lt\/#organization","name":"skaitytaknyga.lt","url":"https:\/\/skaitytaknyga.lt\/","logo":{"@type":"ImageObject","inLanguage":"en-GB","@id":"https:\/\/skaitytaknyga.lt\/#\/schema\/logo\/image\/","url":"https:\/\/skaitytaknyga.lt\/wp-content\/uploads\/2024\/05\/cropped-cropped-cropped-02_00843_jt3bggkj1j3HLc7SyY6rEUpg.jpeg","contentUrl":"https:\/\/skaitytaknyga.lt\/wp-content\/uploads\/2024\/05\/cropped-cropped-cropped-02_00843_jt3bggkj1j3HLc7SyY6rEUpg.jpeg","width":1600,"height":1600,"caption":"skaitytaknyga.lt"},"image":{"@id":"https:\/\/skaitytaknyga.lt\/#\/schema\/logo\/image\/"},"sameAs":["https:\/\/www.facebook.com\/skaitytaknyga\/"]}]}},"_links":{"self":[{"href":"https:\/\/skaitytaknyga.lt\/en\/wp-json\/wp\/v2\/product\/23158","targetHints":{"allow":["GET"]}}],"collection":[{"href":"https:\/\/skaitytaknyga.lt\/en\/wp-json\/wp\/v2\/product"}],"about":[{"href":"https:\/\/skaitytaknyga.lt\/en\/wp-json\/wp\/v2\/types\/product"}],"replies":[{"embeddable":true,"href":"https:\/\/skaitytaknyga.lt\/en\/wp-json\/wp\/v2\/comments?post=23158"}],"wp:featuredmedia":[{"embeddable":true,"href":"https:\/\/skaitytaknyga.lt\/en\/wp-json\/wp\/v2\/media\/23211"}],"wp:attachment":[{"href":"https:\/\/skaitytaknyga.lt\/en\/wp-json\/wp\/v2\/media?parent=23158"}],"wp:term":[{"taxonomy":"product_brand","embeddable":true,"href":"https:\/\/skaitytaknyga.lt\/en\/wp-json\/wp\/v2\/product_brand?post=23158"},{"taxonomy":"product_cat","embeddable":true,"href":"https:\/\/skaitytaknyga.lt\/en\/wp-json\/wp\/v2\/product_cat?post=23158"},{"taxonomy":"product_tag","embeddable":true,"href":"https:\/\/skaitytaknyga.lt\/en\/wp-json\/wp\/v2\/product_tag?post=23158"}],"curies":[{"name":"wp","href":"https:\/\/api.w.org\/{rel}","templated":true}]}}