{"id":23157,"date":"2026-02-25T19:26:36","date_gmt":"2026-02-25T17:26:36","guid":{"rendered":"https:\/\/skaitytaknyga.lt\/?post_type=product&#038;p=23157"},"modified":"2026-03-05T10:46:09","modified_gmt":"2026-03-05T08:46:09","slug":"sukcius-advokatas","status":"publish","type":"product","link":"https:\/\/skaitytaknyga.lt\/en\/produktas\/sukcius-advokatas\/","title":{"rendered":"Suk\u010dius advokatas"},"content":{"rendered":"<p>Sebastianas Radas n\u0117ra toks gatv\u0117s advokatas, kok\u012f este \u012fprat\u0119 matyti. Jo kontora \u2014 neper\u0161aunamas krovininis furgonas, pagamintas pagal u\u017esakym\u0105, su auk\u0161\u010diausios kokyb\u0117s belaid\u017eio ry\u0161io aparat\u016bra, baru, nedideliu \u0161aldytuvu, puikiais odiniais kr\u0117slais ir slaptu skyreliu ginklams. Radas neturi partneri\u0173 ar bendradarbi\u0173, o jo samdomas iki dant\u0173 ginkluotas vairuotojas yra ir asmens sargybinis, ir sekretorius, ir golfo kedis. Gyvena vienas, ma\u017eame, bet itin saugiame ir prabangiame bute, o svarbiausias jo baldas \u2014 senovinis pulo stalas. Jis geria nedidel\u0117mis partijomis pagamint\u0105 burbon\u0105 ir ne\u0161iojasi su savimi pistolet\u0105.<\/p>\n<p>Sebastianas gina \u017emones, prie kuri\u0173 kiti advokatai n\u0117 nesiartina: narkoman\u0105 vaikin\u0105, pasak gand\u0173, priklausant\u012f satanist\u0173 kultui, kuris kaltinamas dviej\u0173 ma\u017e\u0173 mergai\u010di\u0173 i\u0161\u017eaginimu ir nu\u017eudymu; \u017eiaur\u0173 nusikalstamo pasaulio baron\u0105, patekus\u012f \u012f mirtinink\u0173 flygel\u012f; nam\u0173 savinink\u0105, are\u0161tuot\u0105 u\u017e \u0161audym\u0105 \u012f Specialiosios paskirties b\u016brio pareig\u016bnus, per klaid\u0105 \u012fsiver\u017eusius \u012f jo namus. Kod\u0117l jis renkasi tokius klientus? Nes, Rado \u012fsitikinimu, kiekvienas turi teis\u0119 \u012f ne\u0161ali\u0161k\u0105 teism\u0105, net jeigu jam, Sebastianui, tenka apgaudin\u0117ti, kad gal\u0117t\u0173 tok\u012f teism\u0105 u\u017etikrinti. Jis neapken\u010dia neteisyb\u0117s, nem\u0117gsta draudimo kompanij\u0173, bank\u0173 ar stambi\u0173 korporacij\u0173; nepasitiki vis\u0173 lygmen\u0173 vald\u017eia ir juokiasi i\u0161 teisenos sistemos samprat\u0173 apie eti\u0161k\u0105 elges\u012f.<\/p>\n<p>Sebastianas Radas \u2014 iki \u0161iol vienas i\u0161 spalvingiausi\u0173, kelian\u010di\u0173 pasipiktinim\u0105 ir gyvai pavaizduot\u0173 Johno Grishamo persona\u017e\u0173. \u0160iurk\u0161tus, s\u0105mojingas romanas, \u201eSuk\u010dius advokatas&#8221; reprezentuoja teisinio trilerio meistr\u0105 i\u0161 geriausios pus\u0117s.<\/p>\n","protected":false},"excerpt":{"rendered":"<p>Sebastianas Radas n\u0117ra toks gatv\u0117s advokatas, kok\u012f este \u012fprat\u0119 matyti. Jo kontora \u2014 neper\u0161aunamas krovininis furgonas, pagamintas pagal u\u017esakym\u0105, su auk\u0161\u010diausios kokyb\u0117s belaid\u017eio ry\u0161io aparat\u016bra, baru, nedideliu \u0161aldytuvu, puikiais odiniais kr\u0117slais ir slaptu skyreliu ginklams. Radas neturi partneri\u0173 ar bendradarbi\u0173, o jo samdomas iki dant\u0173 ginkluotas vairuotojas yra ir asmens sargybinis, ir sekretorius, ir golfo kedis. Gyvena vienas, ma\u017eame, bet itin saugiame ir prabangiame bute, o svarbiausias jo baldas \u2014 senovinis pulo stalas. Jis geria nedidel\u0117mis partijomis pagamint\u0105 burbon\u0105 ir ne\u0161iojasi su savimi pistolet\u0105. Sebastianas gina \u017emones, prie kuri\u0173 kiti advokatai n\u0117 nesiartina: narkoman\u0105 vaikin\u0105, pasak gand\u0173, priklausant\u012f satanist\u0173 kultui, kuris kaltinamas dviej\u0173 ma\u017e\u0173 mergai\u010di\u0173 i\u0161\u017eaginimu ir nu\u017eudymu; \u017eiaur\u0173 nusikalstamo pasaulio baron\u0105, patekus\u012f \u012f mirtinink\u0173 flygel\u012f; nam\u0173 savinink\u0105, are\u0161tuot\u0105 u\u017e \u0161audym\u0105 \u012f Specialiosios paskirties b\u016brio pareig\u016bnus, per klaid\u0105 \u012fsiver\u017eusius \u012f jo namus. Kod\u0117l jis renkasi tokius klientus? Nes, Rado \u012fsitikinimu, kiekvienas turi teis\u0119 \u012f ne\u0161ali\u0161k\u0105 teism\u0105, net jeigu jam, Sebastianui, tenka apgaudin\u0117ti, kad gal\u0117t\u0173 tok\u012f teism\u0105 u\u017etikrinti. Jis neapken\u010dia neteisyb\u0117s, nem\u0117gsta draudimo kompanij\u0173, bank\u0173 ar stambi\u0173 korporacij\u0173; nepasitiki vis\u0173 lygmen\u0173 vald\u017eia ir juokiasi i\u0161 teisenos sistemos samprat\u0173 apie eti\u0161k\u0105 elges\u012f. Sebastianas Radas \u2014 iki \u0161iol vienas i\u0161 spalvingiausi\u0173, kelian\u010di\u0173 pasipiktinim\u0105 ir gyvai pavaizduot\u0173 Johno Grishamo persona\u017e\u0173. \u0160iurk\u0161tus, s\u0105mojingas romanas, \u201eSuk\u010dius advokatas&#8221; reprezentuoja teisinio trilerio meistr\u0105 i\u0161 geriausios pus\u0117s.<\/p>\n","protected":false},"featured_media":23204,"comment_status":"open","ping_status":"closed","template":"","meta":{"_acf_changed":false,"site-sidebar-layout":"default","site-content-layout":"","ast-site-content-layout":"default","site-content-style":"default","site-sidebar-style":"default","ast-global-header-display":"","ast-banner-title-visibility":"","ast-main-header-display":"","ast-hfb-above-header-display":"","ast-hfb-below-header-display":"","ast-hfb-mobile-header-display":"","site-post-title":"","ast-breadcrumbs-content":"","ast-featured-img":"","footer-sml-layout":"","ast-disable-related-posts":"","theme-transparent-header-meta":"","adv-header-id-meta":"","stick-header-meta":"","header-above-stick-meta":"","header-main-stick-meta":"","header-below-stick-meta":"","astra-migrate-meta-layouts":"default","ast-page-background-enabled":"default","ast-page-background-meta":{"desktop":{"background-color":"","background-image":"","background-repeat":"repeat","background-position":"center center","background-size":"auto","background-attachment":"scroll","background-type":"","background-media":"","overlay-type":"","overlay-color":"","overlay-opacity":"","overlay-gradient":""},"tablet":{"background-color":"","background-image":"","background-repeat":"repeat","background-position":"center center","background-size":"auto","background-attachment":"scroll","background-type":"","background-media":"","overlay-type":"","overlay-color":"","overlay-opacity":"","overlay-gradient":""},"mobile":{"background-color":"","background-image":"","background-repeat":"repeat","background-position":"center center","background-size":"auto","background-attachment":"scroll","background-type":"","background-media":"","overlay-type":"","overlay-color":"","overlay-opacity":"","overlay-gradient":""}},"ast-content-background-meta":{"desktop":{"background-color":"var(--ast-global-color-4)","background-image":"","background-repeat":"repeat","background-position":"center center","background-size":"auto","background-attachment":"scroll","background-type":"","background-media":"","overlay-type":"","overlay-color":"","overlay-opacity":"","overlay-gradient":""},"tablet":{"background-color":"var(--ast-global-color-4)","background-image":"","background-repeat":"repeat","background-position":"center center","background-size":"auto","background-attachment":"scroll","background-type":"","background-media":"","overlay-type":"","overlay-color":"","overlay-opacity":"","overlay-gradient":""},"mobile":{"background-color":"var(--ast-global-color-4)","background-image":"","background-repeat":"repeat","background-position":"center center","background-size":"auto","background-attachment":"scroll","background-type":"","background-media":"","overlay-type":"","overlay-color":"","overlay-opacity":"","overlay-gradient":""}}},"product_brand":[],"product_cat":[9581],"product_tag":[6623],"class_list":{"0":"post-23157","1":"product","2":"type-product","3":"status-publish","4":"has-post-thumbnail","6":"product_cat-kriminaliniai-romanai","7":"product_tag-john-grisham","8":"desktop-align-left","9":"tablet-align-left","10":"mobile-align-left","12":"first","13":"instock","14":"shipping-taxable","15":"purchasable","16":"product-type-simple"},"acf":[],"yoast_head":"<!-- This site is optimized with the Yoast SEO plugin v27.0 - https:\/\/yoast.com\/product\/yoast-seo-wordpress\/ -->\n<title>Suk\u010dius advokatas<\/title>\n<meta name=\"description\" content=\"Sebastianas Radas n\u0117ra toks gatv\u0117s advokatas, kok\u012f este \u012fprat\u0119 matyti. Jo kontora \u2014 neper\u0161aunamas krovininis furgonas, pagamintas pagal u\u017esakym\u0105, su\" \/>\n<meta name=\"robots\" content=\"index, follow, max-snippet:-1, max-image-preview:large, max-video-preview:-1\" \/>\n<link rel=\"canonical\" href=\"https:\/\/skaitytaknyga.lt\/en\/produktas\/sukcius-advokatas\/\" \/>\n<meta property=\"og:locale\" content=\"en_GB\" \/>\n<meta property=\"og:locale:alternate\" content=\"lt_LT\" \/>\n<meta property=\"og:type\" content=\"article\" \/>\n<meta property=\"og:title\" content=\"Suk\u010dius advokatas\" \/>\n<meta property=\"og:description\" content=\"Sebastianas Radas n\u0117ra toks gatv\u0117s advokatas, kok\u012f este \u012fprat\u0119 matyti. Jo kontora \u2014 neper\u0161aunamas krovininis furgonas, pagamintas pagal u\u017esakym\u0105, su\" \/>\n<meta property=\"og:url\" content=\"https:\/\/skaitytaknyga.lt\/en\/produktas\/sukcius-advokatas\/\" \/>\n<meta property=\"og:site_name\" content=\"Skaitytaknyga\" \/>\n<meta property=\"article:publisher\" content=\"https:\/\/www.facebook.com\/skaitytaknyga\/\" \/>\n<meta property=\"article:modified_time\" content=\"2026-03-05T08:46:09+00:00\" \/>\n<meta property=\"og:image\" content=\"https:\/\/skaitytaknyga.lt\/wp-content\/uploads\/2026\/02\/Sukcius-advokatas-1.webp\" \/>\n\t<meta property=\"og:image:width\" content=\"300\" \/>\n\t<meta property=\"og:image:height\" content=\"450\" \/>\n\t<meta property=\"og:image:type\" content=\"image\/webp\" \/>\n<meta name=\"twitter:card\" content=\"summary_large_image\" \/>\n<meta name=\"twitter:label1\" content=\"Estimated reading time\" \/>\n\t<meta name=\"twitter:data1\" content=\"1 minute\" \/>\n<script type=\"application\/ld+json\" class=\"yoast-schema-graph\">{\"@context\":\"https:\/\/schema.org\",\"@graph\":[{\"@type\":\"WebPage\",\"@id\":\"https:\/\/skaitytaknyga.lt\/produktas\/sukcius-advokatas\/\",\"url\":\"https:\/\/skaitytaknyga.lt\/produktas\/sukcius-advokatas\/\",\"name\":\"Suk\u010dius advokatas\",\"isPartOf\":{\"@id\":\"https:\/\/skaitytaknyga.lt\/#website\"},\"primaryImageOfPage\":{\"@id\":\"https:\/\/skaitytaknyga.lt\/produktas\/sukcius-advokatas\/#primaryimage\"},\"image\":{\"@id\":\"https:\/\/skaitytaknyga.lt\/produktas\/sukcius-advokatas\/#primaryimage\"},\"thumbnailUrl\":\"https:\/\/skaitytaknyga.lt\/wp-content\/uploads\/2026\/02\/Sukcius-advokatas-1.webp\",\"datePublished\":\"2026-02-25T17:26:36+00:00\",\"dateModified\":\"2026-03-05T08:46:09+00:00\",\"description\":\"Sebastianas Radas n\u0117ra toks gatv\u0117s advokatas, kok\u012f este \u012fprat\u0119 matyti. Jo kontora \u2014 neper\u0161aunamas krovininis furgonas, pagamintas pagal u\u017esakym\u0105, su\",\"breadcrumb\":{\"@id\":\"https:\/\/skaitytaknyga.lt\/produktas\/sukcius-advokatas\/#breadcrumb\"},\"inLanguage\":\"en-GB\",\"potentialAction\":[{\"@type\":\"ReadAction\",\"target\":[\"https:\/\/skaitytaknyga.lt\/produktas\/sukcius-advokatas\/\"]}]},{\"@type\":\"ImageObject\",\"inLanguage\":\"en-GB\",\"@id\":\"https:\/\/skaitytaknyga.lt\/produktas\/sukcius-advokatas\/#primaryimage\",\"url\":\"https:\/\/skaitytaknyga.lt\/wp-content\/uploads\/2026\/02\/Sukcius-advokatas-1.webp\",\"contentUrl\":\"https:\/\/skaitytaknyga.lt\/wp-content\/uploads\/2026\/02\/Sukcius-advokatas-1.webp\",\"width\":300,\"height\":450},{\"@type\":\"BreadcrumbList\",\"@id\":\"https:\/\/skaitytaknyga.lt\/produktas\/sukcius-advokatas\/#breadcrumb\",\"itemListElement\":[{\"@type\":\"ListItem\",\"position\":1,\"name\":\"Home\",\"item\":\"https:\/\/skaitytaknyga.lt\/\"},{\"@type\":\"ListItem\",\"position\":2,\"name\":\"Parduotuv\u0117\",\"item\":\"https:\/\/skaitytaknyga.lt\/knygu-parduotuve\/\"},{\"@type\":\"ListItem\",\"position\":3,\"name\":\"Suk\u010dius advokatas\"}]},{\"@type\":\"WebSite\",\"@id\":\"https:\/\/skaitytaknyga.lt\/#website\",\"url\":\"https:\/\/skaitytaknyga.lt\/\",\"name\":\"skaitytaknyga.lt\",\"description\":\"Skaitytaknyga.lt \u2013 tai ma\u017eas \u0161eimos verslas, kuris prasid\u0117jo nuo meil\u0117s knygoms ir siekio i\u0161gelb\u0117ti knygas nuo likimo prie konteinerio. Kas vienam nereikalingas daiktas \u2013 kitam lobis, o mes esame tarpininkai, kurie padeda abiems tapti laimingesniems ???? \u017dinome kaip nelengva i\u0161gyventi ma\u017eiems verslams, tad nuo \u0161iol, \u010dia rasite ir kit\u0173, ma\u017e\u0173 \u0161eim\u0173 versl\u0173, rank\u0173 darbo, dovan\u0173 sau ir artimiesiems.\",\"publisher\":{\"@id\":\"https:\/\/skaitytaknyga.lt\/#organization\"},\"potentialAction\":[{\"@type\":\"SearchAction\",\"target\":{\"@type\":\"EntryPoint\",\"urlTemplate\":\"https:\/\/skaitytaknyga.lt\/?s={search_term_string}\"},\"query-input\":{\"@type\":\"PropertyValueSpecification\",\"valueRequired\":true,\"valueName\":\"search_term_string\"}}],\"inLanguage\":\"en-GB\"},{\"@type\":\"Organization\",\"@id\":\"https:\/\/skaitytaknyga.lt\/#organization\",\"name\":\"skaitytaknyga.lt\",\"url\":\"https:\/\/skaitytaknyga.lt\/\",\"logo\":{\"@type\":\"ImageObject\",\"inLanguage\":\"en-GB\",\"@id\":\"https:\/\/skaitytaknyga.lt\/#\/schema\/logo\/image\/\",\"url\":\"https:\/\/skaitytaknyga.lt\/wp-content\/uploads\/2024\/05\/cropped-cropped-cropped-02_00843_jt3bggkj1j3HLc7SyY6rEUpg.jpeg\",\"contentUrl\":\"https:\/\/skaitytaknyga.lt\/wp-content\/uploads\/2024\/05\/cropped-cropped-cropped-02_00843_jt3bggkj1j3HLc7SyY6rEUpg.jpeg\",\"width\":1600,\"height\":1600,\"caption\":\"skaitytaknyga.lt\"},\"image\":{\"@id\":\"https:\/\/skaitytaknyga.lt\/#\/schema\/logo\/image\/\"},\"sameAs\":[\"https:\/\/www.facebook.com\/skaitytaknyga\/\"]}]}<\/script>\n<!-- \/ Yoast SEO plugin. -->","yoast_head_json":{"title":"Suk\u010dius advokatas","description":"Sebastianas Radas n\u0117ra toks gatv\u0117s advokatas, kok\u012f este \u012fprat\u0119 matyti. Jo kontora \u2014 neper\u0161aunamas krovininis furgonas, pagamintas pagal u\u017esakym\u0105, su","robots":{"index":"index","follow":"follow","max-snippet":"max-snippet:-1","max-image-preview":"max-image-preview:large","max-video-preview":"max-video-preview:-1"},"canonical":"https:\/\/skaitytaknyga.lt\/en\/produktas\/sukcius-advokatas\/","og_locale":"en_GB","og_type":"article","og_title":"[:lt]Suk\u010dius advokatas[:] - Skaitytaknyga","og_description":"Sebastianas Radas n\u0117ra toks gatv\u0117s advokatas, kok\u012f este \u012fprat\u0119 matyti. Jo kontora \u2014 neper\u0161aunamas krovininis furgonas, pagamintas pagal u\u017esakym\u0105, su","og_url":"https:\/\/skaitytaknyga.lt\/en\/produktas\/sukcius-advokatas\/","og_site_name":"Skaitytaknyga","article_publisher":"https:\/\/www.facebook.com\/skaitytaknyga\/","article_modified_time":"2026-03-05T08:46:09+00:00","og_image":[{"width":300,"height":450,"url":"https:\/\/skaitytaknyga.lt\/wp-content\/uploads\/2026\/02\/Sukcius-advokatas-1.webp","type":"image\/webp"}],"twitter_card":"summary_large_image","twitter_misc":{"Estimated reading time":"1 minute"},"schema":{"@context":"https:\/\/schema.org","@graph":[{"@type":"WebPage","@id":"https:\/\/skaitytaknyga.lt\/produktas\/sukcius-advokatas\/","url":"https:\/\/skaitytaknyga.lt\/produktas\/sukcius-advokatas\/","name":"Suk\u010dius advokatas","isPartOf":{"@id":"https:\/\/skaitytaknyga.lt\/#website"},"primaryImageOfPage":{"@id":"https:\/\/skaitytaknyga.lt\/produktas\/sukcius-advokatas\/#primaryimage"},"image":{"@id":"https:\/\/skaitytaknyga.lt\/produktas\/sukcius-advokatas\/#primaryimage"},"thumbnailUrl":"https:\/\/skaitytaknyga.lt\/wp-content\/uploads\/2026\/02\/Sukcius-advokatas-1.webp","datePublished":"2026-02-25T17:26:36+00:00","dateModified":"2026-03-05T08:46:09+00:00","description":"Sebastianas Radas n\u0117ra toks gatv\u0117s advokatas, kok\u012f este \u012fprat\u0119 matyti. Jo kontora \u2014 neper\u0161aunamas krovininis furgonas, pagamintas pagal u\u017esakym\u0105, su","breadcrumb":{"@id":"https:\/\/skaitytaknyga.lt\/produktas\/sukcius-advokatas\/#breadcrumb"},"inLanguage":"en-GB","potentialAction":[{"@type":"ReadAction","target":["https:\/\/skaitytaknyga.lt\/produktas\/sukcius-advokatas\/"]}]},{"@type":"ImageObject","inLanguage":"en-GB","@id":"https:\/\/skaitytaknyga.lt\/produktas\/sukcius-advokatas\/#primaryimage","url":"https:\/\/skaitytaknyga.lt\/wp-content\/uploads\/2026\/02\/Sukcius-advokatas-1.webp","contentUrl":"https:\/\/skaitytaknyga.lt\/wp-content\/uploads\/2026\/02\/Sukcius-advokatas-1.webp","width":300,"height":450},{"@type":"BreadcrumbList","@id":"https:\/\/skaitytaknyga.lt\/produktas\/sukcius-advokatas\/#breadcrumb","itemListElement":[{"@type":"ListItem","position":1,"name":"Home","item":"https:\/\/skaitytaknyga.lt\/"},{"@type":"ListItem","position":2,"name":"Parduotuv\u0117","item":"https:\/\/skaitytaknyga.lt\/knygu-parduotuve\/"},{"@type":"ListItem","position":3,"name":"Suk\u010dius advokatas"}]},{"@type":"WebSite","@id":"https:\/\/skaitytaknyga.lt\/#website","url":"https:\/\/skaitytaknyga.lt\/","name":"skaitytaknyga.lt","description":"Skaitytaknyga.lt \u2013 tai ma\u017eas \u0161eimos verslas, kuris prasid\u0117jo nuo meil\u0117s knygoms ir siekio i\u0161gelb\u0117ti knygas nuo likimo prie konteinerio. Kas vienam nereikalingas daiktas \u2013 kitam lobis, o mes esame tarpininkai, kurie padeda abiems tapti laimingesniems ???? \u017dinome kaip nelengva i\u0161gyventi ma\u017eiems verslams, tad nuo \u0161iol, \u010dia rasite ir kit\u0173, ma\u017e\u0173 \u0161eim\u0173 versl\u0173, rank\u0173 darbo, dovan\u0173 sau ir artimiesiems.","publisher":{"@id":"https:\/\/skaitytaknyga.lt\/#organization"},"potentialAction":[{"@type":"SearchAction","target":{"@type":"EntryPoint","urlTemplate":"https:\/\/skaitytaknyga.lt\/?s={search_term_string}"},"query-input":{"@type":"PropertyValueSpecification","valueRequired":true,"valueName":"search_term_string"}}],"inLanguage":"en-GB"},{"@type":"Organization","@id":"https:\/\/skaitytaknyga.lt\/#organization","name":"skaitytaknyga.lt","url":"https:\/\/skaitytaknyga.lt\/","logo":{"@type":"ImageObject","inLanguage":"en-GB","@id":"https:\/\/skaitytaknyga.lt\/#\/schema\/logo\/image\/","url":"https:\/\/skaitytaknyga.lt\/wp-content\/uploads\/2024\/05\/cropped-cropped-cropped-02_00843_jt3bggkj1j3HLc7SyY6rEUpg.jpeg","contentUrl":"https:\/\/skaitytaknyga.lt\/wp-content\/uploads\/2024\/05\/cropped-cropped-cropped-02_00843_jt3bggkj1j3HLc7SyY6rEUpg.jpeg","width":1600,"height":1600,"caption":"skaitytaknyga.lt"},"image":{"@id":"https:\/\/skaitytaknyga.lt\/#\/schema\/logo\/image\/"},"sameAs":["https:\/\/www.facebook.com\/skaitytaknyga\/"]}]}},"_links":{"self":[{"href":"https:\/\/skaitytaknyga.lt\/en\/wp-json\/wp\/v2\/product\/23157","targetHints":{"allow":["GET"]}}],"collection":[{"href":"https:\/\/skaitytaknyga.lt\/en\/wp-json\/wp\/v2\/product"}],"about":[{"href":"https:\/\/skaitytaknyga.lt\/en\/wp-json\/wp\/v2\/types\/product"}],"replies":[{"embeddable":true,"href":"https:\/\/skaitytaknyga.lt\/en\/wp-json\/wp\/v2\/comments?post=23157"}],"wp:featuredmedia":[{"embeddable":true,"href":"https:\/\/skaitytaknyga.lt\/en\/wp-json\/wp\/v2\/media\/23204"}],"wp:attachment":[{"href":"https:\/\/skaitytaknyga.lt\/en\/wp-json\/wp\/v2\/media?parent=23157"}],"wp:term":[{"taxonomy":"product_brand","embeddable":true,"href":"https:\/\/skaitytaknyga.lt\/en\/wp-json\/wp\/v2\/product_brand?post=23157"},{"taxonomy":"product_cat","embeddable":true,"href":"https:\/\/skaitytaknyga.lt\/en\/wp-json\/wp\/v2\/product_cat?post=23157"},{"taxonomy":"product_tag","embeddable":true,"href":"https:\/\/skaitytaknyga.lt\/en\/wp-json\/wp\/v2\/product_tag?post=23157"}],"curies":[{"name":"wp","href":"https:\/\/api.w.org\/{rel}","templated":true}]}}