{"id":23156,"date":"2026-02-25T19:26:36","date_gmt":"2026-02-25T17:26:36","guid":{"rendered":"https:\/\/skaitytaknyga.lt\/?post_type=product&#038;p=23156"},"modified":"2026-03-05T11:59:15","modified_gmt":"2026-03-05T09:59:15","slug":"prieik-arciau-pagelte-lapai","status":"publish","type":"product","link":"https:\/\/skaitytaknyga.lt\/en\/produktas\/prieik-arciau-pagelte-lapai\/","title":{"rendered":"Prieik ar\u010diau (pagelt\u0119 lapai)"},"content":{"rendered":"<p>Jie netrukus ateis. Kaip ateina kiekvien\u0105 vakar\u0105.<\/p>\n<p>L\u0117tai ant \u017eem\u0117s krintant snaig\u0117ms jauna moteris \u012fkvepia paskutin\u012f kart\u0105 gyvenime.<\/p>\n<p>U\u017e penkiolikos myli\u0173 kitos dvi moterys s\u0117di menkai ap\u0161viestoje virtuv\u0117je. Jos tyli, nes nebeturi k\u0105 pasakyti.<\/p>\n<p>Dar viena moteris s\u0117da \u012f l\u0117ktuv\u0105, kad pab\u0117gt\u0173 nuo jos gyvenim\u0105 bandan\u010dio u\u017egrobti vyro. Anks\u010diau ar v\u0117liau jai vis tiek teks sugr\u012f\u017eti.<\/p>\n<p>\u0160ios nepa\u017e\u012fstamosios turi kai k\u0105 bendro. Kart\u0105 jos pasirinko netinkamai, tod\u0117l daugiau galimybi\u0173 nebeturi. Greitai jos nebebus nepa\u017e\u012fstamosios, jos bus \u0161eima.<\/p>\n<p>Vyriausiasis detektyvas inspektorius Tomas Daglasas sutrinka, kai \u0161alt\u0105 \u017eiemos dien\u0105 yra i\u0161kvie\u010diamas \u012f nuo\u0161ali\u0105 viet\u0105, kur rasta neai\u0161kiomis aplinkyb\u0117mis mirusi moteris. Kas ji? I\u0161 kur? Kaip \u010dia pateko? Kiek dar moter\u0173 taip mirs?<\/p>\n<p>Kas jas kontroliuoja ir kaip tai sustabdyti?<\/p>\n","protected":false},"excerpt":{"rendered":"<p>Jie netrukus ateis. Kaip ateina kiekvien\u0105 vakar\u0105. L\u0117tai ant \u017eem\u0117s krintant snaig\u0117ms jauna moteris \u012fkvepia paskutin\u012f kart\u0105 gyvenime. U\u017e penkiolikos myli\u0173 kitos dvi moterys s\u0117di menkai ap\u0161viestoje virtuv\u0117je. Jos tyli, nes nebeturi k\u0105 pasakyti. Dar viena moteris s\u0117da \u012f l\u0117ktuv\u0105, kad pab\u0117gt\u0173 nuo jos gyvenim\u0105 bandan\u010dio u\u017egrobti vyro. Anks\u010diau ar v\u0117liau jai vis tiek teks sugr\u012f\u017eti. \u0160ios nepa\u017e\u012fstamosios turi kai k\u0105 bendro. Kart\u0105 jos pasirinko netinkamai, tod\u0117l daugiau galimybi\u0173 nebeturi. Greitai jos nebebus nepa\u017e\u012fstamosios, jos bus \u0161eima. Vyriausiasis detektyvas inspektorius Tomas Daglasas sutrinka, kai \u0161alt\u0105 \u017eiemos dien\u0105 yra i\u0161kvie\u010diamas \u012f nuo\u0161ali\u0105 viet\u0105, kur rasta neai\u0161kiomis aplinkyb\u0117mis mirusi moteris. Kas ji? I\u0161 kur? Kaip \u010dia pateko? Kiek dar moter\u0173 taip mirs? Kas jas kontroliuoja ir kaip tai sustabdyti?<\/p>\n","protected":false},"featured_media":23203,"comment_status":"open","ping_status":"closed","template":"","meta":{"_acf_changed":false,"site-sidebar-layout":"default","site-content-layout":"","ast-site-content-layout":"default","site-content-style":"default","site-sidebar-style":"default","ast-global-header-display":"","ast-banner-title-visibility":"","ast-main-header-display":"","ast-hfb-above-header-display":"","ast-hfb-below-header-display":"","ast-hfb-mobile-header-display":"","site-post-title":"","ast-breadcrumbs-content":"","ast-featured-img":"","footer-sml-layout":"","ast-disable-related-posts":"","theme-transparent-header-meta":"","adv-header-id-meta":"","stick-header-meta":"","header-above-stick-meta":"","header-main-stick-meta":"","header-below-stick-meta":"","astra-migrate-meta-layouts":"default","ast-page-background-enabled":"default","ast-page-background-meta":{"desktop":{"background-color":"","background-image":"","background-repeat":"repeat","background-position":"center center","background-size":"auto","background-attachment":"scroll","background-type":"","background-media":"","overlay-type":"","overlay-color":"","overlay-opacity":"","overlay-gradient":""},"tablet":{"background-color":"","background-image":"","background-repeat":"repeat","background-position":"center center","background-size":"auto","background-attachment":"scroll","background-type":"","background-media":"","overlay-type":"","overlay-color":"","overlay-opacity":"","overlay-gradient":""},"mobile":{"background-color":"","background-image":"","background-repeat":"repeat","background-position":"center center","background-size":"auto","background-attachment":"scroll","background-type":"","background-media":"","overlay-type":"","overlay-color":"","overlay-opacity":"","overlay-gradient":""}},"ast-content-background-meta":{"desktop":{"background-color":"var(--ast-global-color-4)","background-image":"","background-repeat":"repeat","background-position":"center center","background-size":"auto","background-attachment":"scroll","background-type":"","background-media":"","overlay-type":"","overlay-color":"","overlay-opacity":"","overlay-gradient":""},"tablet":{"background-color":"var(--ast-global-color-4)","background-image":"","background-repeat":"repeat","background-position":"center center","background-size":"auto","background-attachment":"scroll","background-type":"","background-media":"","overlay-type":"","overlay-color":"","overlay-opacity":"","overlay-gradient":""},"mobile":{"background-color":"var(--ast-global-color-4)","background-image":"","background-repeat":"repeat","background-position":"center center","background-size":"auto","background-attachment":"scroll","background-type":"","background-media":"","overlay-type":"","overlay-color":"","overlay-opacity":"","overlay-gradient":""}}},"product_brand":[],"product_cat":[9581],"product_tag":[9527],"class_list":{"0":"post-23156","1":"product","2":"type-product","3":"status-publish","4":"has-post-thumbnail","6":"product_cat-kriminaliniai-romanai","7":"product_tag-rachel-abbott","8":"desktop-align-left","9":"tablet-align-left","10":"mobile-align-left","12":"first","13":"instock","14":"shipping-taxable","15":"purchasable","16":"product-type-simple"},"acf":[],"yoast_head":"<!-- This site is optimized with the Yoast SEO plugin v27.0 - https:\/\/yoast.com\/product\/yoast-seo-wordpress\/ -->\n<title>Prieik ar\u010diau (pagelt\u0119 lapai)<\/title>\n<meta name=\"description\" content=\"Jie netrukus ateis. Kaip ateina kiekvien\u0105 vakar\u0105. L\u0117tai ant \u017eem\u0117s krintant snaig\u0117ms jauna moteris \u012fkvepia paskutin\u012f kart\u0105 gyvenime. U\u017e penkiolikos myli\u0173\" \/>\n<meta name=\"robots\" content=\"index, follow, max-snippet:-1, max-image-preview:large, max-video-preview:-1\" \/>\n<link rel=\"canonical\" href=\"https:\/\/skaitytaknyga.lt\/en\/produktas\/prieik-arciau-pagelte-lapai\/\" \/>\n<meta property=\"og:locale\" content=\"en_GB\" \/>\n<meta property=\"og:locale:alternate\" content=\"lt_LT\" \/>\n<meta property=\"og:type\" content=\"article\" \/>\n<meta property=\"og:title\" content=\"Prieik ar\u010diau (pagelt\u0119 lapai)\" \/>\n<meta property=\"og:description\" content=\"Jie netrukus ateis. Kaip ateina kiekvien\u0105 vakar\u0105. L\u0117tai ant \u017eem\u0117s krintant snaig\u0117ms jauna moteris \u012fkvepia paskutin\u012f kart\u0105 gyvenime. U\u017e penkiolikos myli\u0173\" \/>\n<meta property=\"og:url\" content=\"https:\/\/skaitytaknyga.lt\/en\/produktas\/prieik-arciau-pagelte-lapai\/\" \/>\n<meta property=\"og:site_name\" content=\"Skaitytaknyga\" \/>\n<meta property=\"article:publisher\" content=\"https:\/\/www.facebook.com\/skaitytaknyga\/\" \/>\n<meta property=\"article:modified_time\" content=\"2026-03-05T09:59:15+00:00\" \/>\n<meta property=\"og:image\" content=\"https:\/\/skaitytaknyga.lt\/wp-content\/uploads\/2026\/02\/Prieik-arciau-1.webp\" \/>\n\t<meta property=\"og:image:width\" content=\"300\" \/>\n\t<meta property=\"og:image:height\" content=\"453\" \/>\n\t<meta property=\"og:image:type\" content=\"image\/webp\" \/>\n<meta name=\"twitter:card\" content=\"summary_large_image\" \/>\n<meta name=\"twitter:label1\" content=\"Estimated reading time\" \/>\n\t<meta name=\"twitter:data1\" content=\"1 minute\" \/>\n<script type=\"application\/ld+json\" class=\"yoast-schema-graph\">{\"@context\":\"https:\/\/schema.org\",\"@graph\":[{\"@type\":\"WebPage\",\"@id\":\"https:\/\/skaitytaknyga.lt\/produktas\/prieik-arciau-pagelte-lapai\/\",\"url\":\"https:\/\/skaitytaknyga.lt\/produktas\/prieik-arciau-pagelte-lapai\/\",\"name\":\"Prieik ar\u010diau (pagelt\u0119 lapai)\",\"isPartOf\":{\"@id\":\"https:\/\/skaitytaknyga.lt\/#website\"},\"primaryImageOfPage\":{\"@id\":\"https:\/\/skaitytaknyga.lt\/produktas\/prieik-arciau-pagelte-lapai\/#primaryimage\"},\"image\":{\"@id\":\"https:\/\/skaitytaknyga.lt\/produktas\/prieik-arciau-pagelte-lapai\/#primaryimage\"},\"thumbnailUrl\":\"https:\/\/skaitytaknyga.lt\/wp-content\/uploads\/2026\/02\/Prieik-arciau-1.webp\",\"datePublished\":\"2026-02-25T17:26:36+00:00\",\"dateModified\":\"2026-03-05T09:59:15+00:00\",\"description\":\"Jie netrukus ateis. Kaip ateina kiekvien\u0105 vakar\u0105. L\u0117tai ant \u017eem\u0117s krintant snaig\u0117ms jauna moteris \u012fkvepia paskutin\u012f kart\u0105 gyvenime. U\u017e penkiolikos myli\u0173\",\"breadcrumb\":{\"@id\":\"https:\/\/skaitytaknyga.lt\/produktas\/prieik-arciau-pagelte-lapai\/#breadcrumb\"},\"inLanguage\":\"en-GB\",\"potentialAction\":[{\"@type\":\"ReadAction\",\"target\":[\"https:\/\/skaitytaknyga.lt\/produktas\/prieik-arciau-pagelte-lapai\/\"]}]},{\"@type\":\"ImageObject\",\"inLanguage\":\"en-GB\",\"@id\":\"https:\/\/skaitytaknyga.lt\/produktas\/prieik-arciau-pagelte-lapai\/#primaryimage\",\"url\":\"https:\/\/skaitytaknyga.lt\/wp-content\/uploads\/2026\/02\/Prieik-arciau-1.webp\",\"contentUrl\":\"https:\/\/skaitytaknyga.lt\/wp-content\/uploads\/2026\/02\/Prieik-arciau-1.webp\",\"width\":300,\"height\":453,\"caption\":\"Prieik ar\u010diau\"},{\"@type\":\"BreadcrumbList\",\"@id\":\"https:\/\/skaitytaknyga.lt\/produktas\/prieik-arciau-pagelte-lapai\/#breadcrumb\",\"itemListElement\":[{\"@type\":\"ListItem\",\"position\":1,\"name\":\"Home\",\"item\":\"https:\/\/skaitytaknyga.lt\/\"},{\"@type\":\"ListItem\",\"position\":2,\"name\":\"Parduotuv\u0117\",\"item\":\"https:\/\/skaitytaknyga.lt\/knygu-parduotuve\/\"},{\"@type\":\"ListItem\",\"position\":3,\"name\":\"Prieik ar\u010diau (pagelt\u0119 lapai)\"}]},{\"@type\":\"WebSite\",\"@id\":\"https:\/\/skaitytaknyga.lt\/#website\",\"url\":\"https:\/\/skaitytaknyga.lt\/\",\"name\":\"skaitytaknyga.lt\",\"description\":\"Skaitytaknyga.lt \u2013 tai ma\u017eas \u0161eimos verslas, kuris prasid\u0117jo nuo meil\u0117s knygoms ir siekio i\u0161gelb\u0117ti knygas nuo likimo prie konteinerio. Kas vienam nereikalingas daiktas \u2013 kitam lobis, o mes esame tarpininkai, kurie padeda abiems tapti laimingesniems ???? \u017dinome kaip nelengva i\u0161gyventi ma\u017eiems verslams, tad nuo \u0161iol, \u010dia rasite ir kit\u0173, ma\u017e\u0173 \u0161eim\u0173 versl\u0173, rank\u0173 darbo, dovan\u0173 sau ir artimiesiems.\",\"publisher\":{\"@id\":\"https:\/\/skaitytaknyga.lt\/#organization\"},\"potentialAction\":[{\"@type\":\"SearchAction\",\"target\":{\"@type\":\"EntryPoint\",\"urlTemplate\":\"https:\/\/skaitytaknyga.lt\/?s={search_term_string}\"},\"query-input\":{\"@type\":\"PropertyValueSpecification\",\"valueRequired\":true,\"valueName\":\"search_term_string\"}}],\"inLanguage\":\"en-GB\"},{\"@type\":\"Organization\",\"@id\":\"https:\/\/skaitytaknyga.lt\/#organization\",\"name\":\"skaitytaknyga.lt\",\"url\":\"https:\/\/skaitytaknyga.lt\/\",\"logo\":{\"@type\":\"ImageObject\",\"inLanguage\":\"en-GB\",\"@id\":\"https:\/\/skaitytaknyga.lt\/#\/schema\/logo\/image\/\",\"url\":\"https:\/\/skaitytaknyga.lt\/wp-content\/uploads\/2024\/05\/cropped-cropped-cropped-02_00843_jt3bggkj1j3HLc7SyY6rEUpg.jpeg\",\"contentUrl\":\"https:\/\/skaitytaknyga.lt\/wp-content\/uploads\/2024\/05\/cropped-cropped-cropped-02_00843_jt3bggkj1j3HLc7SyY6rEUpg.jpeg\",\"width\":1600,\"height\":1600,\"caption\":\"skaitytaknyga.lt\"},\"image\":{\"@id\":\"https:\/\/skaitytaknyga.lt\/#\/schema\/logo\/image\/\"},\"sameAs\":[\"https:\/\/www.facebook.com\/skaitytaknyga\/\"]}]}<\/script>\n<!-- \/ Yoast SEO plugin. -->","yoast_head_json":{"title":"Prieik ar\u010diau (pagelt\u0119 lapai)","description":"Jie netrukus ateis. Kaip ateina kiekvien\u0105 vakar\u0105. L\u0117tai ant \u017eem\u0117s krintant snaig\u0117ms jauna moteris \u012fkvepia paskutin\u012f kart\u0105 gyvenime. U\u017e penkiolikos myli\u0173","robots":{"index":"index","follow":"follow","max-snippet":"max-snippet:-1","max-image-preview":"max-image-preview:large","max-video-preview":"max-video-preview:-1"},"canonical":"https:\/\/skaitytaknyga.lt\/en\/produktas\/prieik-arciau-pagelte-lapai\/","og_locale":"en_GB","og_type":"article","og_title":"[:lt]Prieik ar\u010diau (pagelt\u0119 lapai)[:] - Skaitytaknyga","og_description":"Jie netrukus ateis. Kaip ateina kiekvien\u0105 vakar\u0105. L\u0117tai ant \u017eem\u0117s krintant snaig\u0117ms jauna moteris \u012fkvepia paskutin\u012f kart\u0105 gyvenime. U\u017e penkiolikos myli\u0173","og_url":"https:\/\/skaitytaknyga.lt\/en\/produktas\/prieik-arciau-pagelte-lapai\/","og_site_name":"Skaitytaknyga","article_publisher":"https:\/\/www.facebook.com\/skaitytaknyga\/","article_modified_time":"2026-03-05T09:59:15+00:00","og_image":[{"width":300,"height":453,"url":"https:\/\/skaitytaknyga.lt\/wp-content\/uploads\/2026\/02\/Prieik-arciau-1.webp","type":"image\/webp"}],"twitter_card":"summary_large_image","twitter_misc":{"Estimated reading time":"1 minute"},"schema":{"@context":"https:\/\/schema.org","@graph":[{"@type":"WebPage","@id":"https:\/\/skaitytaknyga.lt\/produktas\/prieik-arciau-pagelte-lapai\/","url":"https:\/\/skaitytaknyga.lt\/produktas\/prieik-arciau-pagelte-lapai\/","name":"Prieik ar\u010diau (pagelt\u0119 lapai)","isPartOf":{"@id":"https:\/\/skaitytaknyga.lt\/#website"},"primaryImageOfPage":{"@id":"https:\/\/skaitytaknyga.lt\/produktas\/prieik-arciau-pagelte-lapai\/#primaryimage"},"image":{"@id":"https:\/\/skaitytaknyga.lt\/produktas\/prieik-arciau-pagelte-lapai\/#primaryimage"},"thumbnailUrl":"https:\/\/skaitytaknyga.lt\/wp-content\/uploads\/2026\/02\/Prieik-arciau-1.webp","datePublished":"2026-02-25T17:26:36+00:00","dateModified":"2026-03-05T09:59:15+00:00","description":"Jie netrukus ateis. Kaip ateina kiekvien\u0105 vakar\u0105. L\u0117tai ant \u017eem\u0117s krintant snaig\u0117ms jauna moteris \u012fkvepia paskutin\u012f kart\u0105 gyvenime. U\u017e penkiolikos myli\u0173","breadcrumb":{"@id":"https:\/\/skaitytaknyga.lt\/produktas\/prieik-arciau-pagelte-lapai\/#breadcrumb"},"inLanguage":"en-GB","potentialAction":[{"@type":"ReadAction","target":["https:\/\/skaitytaknyga.lt\/produktas\/prieik-arciau-pagelte-lapai\/"]}]},{"@type":"ImageObject","inLanguage":"en-GB","@id":"https:\/\/skaitytaknyga.lt\/produktas\/prieik-arciau-pagelte-lapai\/#primaryimage","url":"https:\/\/skaitytaknyga.lt\/wp-content\/uploads\/2026\/02\/Prieik-arciau-1.webp","contentUrl":"https:\/\/skaitytaknyga.lt\/wp-content\/uploads\/2026\/02\/Prieik-arciau-1.webp","width":300,"height":453,"caption":"Prieik ar\u010diau"},{"@type":"BreadcrumbList","@id":"https:\/\/skaitytaknyga.lt\/produktas\/prieik-arciau-pagelte-lapai\/#breadcrumb","itemListElement":[{"@type":"ListItem","position":1,"name":"Home","item":"https:\/\/skaitytaknyga.lt\/"},{"@type":"ListItem","position":2,"name":"Parduotuv\u0117","item":"https:\/\/skaitytaknyga.lt\/knygu-parduotuve\/"},{"@type":"ListItem","position":3,"name":"Prieik ar\u010diau (pagelt\u0119 lapai)"}]},{"@type":"WebSite","@id":"https:\/\/skaitytaknyga.lt\/#website","url":"https:\/\/skaitytaknyga.lt\/","name":"skaitytaknyga.lt","description":"Skaitytaknyga.lt \u2013 tai ma\u017eas \u0161eimos verslas, kuris prasid\u0117jo nuo meil\u0117s knygoms ir siekio i\u0161gelb\u0117ti knygas nuo likimo prie konteinerio. Kas vienam nereikalingas daiktas \u2013 kitam lobis, o mes esame tarpininkai, kurie padeda abiems tapti laimingesniems ???? \u017dinome kaip nelengva i\u0161gyventi ma\u017eiems verslams, tad nuo \u0161iol, \u010dia rasite ir kit\u0173, ma\u017e\u0173 \u0161eim\u0173 versl\u0173, rank\u0173 darbo, dovan\u0173 sau ir artimiesiems.","publisher":{"@id":"https:\/\/skaitytaknyga.lt\/#organization"},"potentialAction":[{"@type":"SearchAction","target":{"@type":"EntryPoint","urlTemplate":"https:\/\/skaitytaknyga.lt\/?s={search_term_string}"},"query-input":{"@type":"PropertyValueSpecification","valueRequired":true,"valueName":"search_term_string"}}],"inLanguage":"en-GB"},{"@type":"Organization","@id":"https:\/\/skaitytaknyga.lt\/#organization","name":"skaitytaknyga.lt","url":"https:\/\/skaitytaknyga.lt\/","logo":{"@type":"ImageObject","inLanguage":"en-GB","@id":"https:\/\/skaitytaknyga.lt\/#\/schema\/logo\/image\/","url":"https:\/\/skaitytaknyga.lt\/wp-content\/uploads\/2024\/05\/cropped-cropped-cropped-02_00843_jt3bggkj1j3HLc7SyY6rEUpg.jpeg","contentUrl":"https:\/\/skaitytaknyga.lt\/wp-content\/uploads\/2024\/05\/cropped-cropped-cropped-02_00843_jt3bggkj1j3HLc7SyY6rEUpg.jpeg","width":1600,"height":1600,"caption":"skaitytaknyga.lt"},"image":{"@id":"https:\/\/skaitytaknyga.lt\/#\/schema\/logo\/image\/"},"sameAs":["https:\/\/www.facebook.com\/skaitytaknyga\/"]}]}},"_links":{"self":[{"href":"https:\/\/skaitytaknyga.lt\/en\/wp-json\/wp\/v2\/product\/23156","targetHints":{"allow":["GET"]}}],"collection":[{"href":"https:\/\/skaitytaknyga.lt\/en\/wp-json\/wp\/v2\/product"}],"about":[{"href":"https:\/\/skaitytaknyga.lt\/en\/wp-json\/wp\/v2\/types\/product"}],"replies":[{"embeddable":true,"href":"https:\/\/skaitytaknyga.lt\/en\/wp-json\/wp\/v2\/comments?post=23156"}],"wp:featuredmedia":[{"embeddable":true,"href":"https:\/\/skaitytaknyga.lt\/en\/wp-json\/wp\/v2\/media\/23203"}],"wp:attachment":[{"href":"https:\/\/skaitytaknyga.lt\/en\/wp-json\/wp\/v2\/media?parent=23156"}],"wp:term":[{"taxonomy":"product_brand","embeddable":true,"href":"https:\/\/skaitytaknyga.lt\/en\/wp-json\/wp\/v2\/product_brand?post=23156"},{"taxonomy":"product_cat","embeddable":true,"href":"https:\/\/skaitytaknyga.lt\/en\/wp-json\/wp\/v2\/product_cat?post=23156"},{"taxonomy":"product_tag","embeddable":true,"href":"https:\/\/skaitytaknyga.lt\/en\/wp-json\/wp\/v2\/product_tag?post=23156"}],"curies":[{"name":"wp","href":"https:\/\/api.w.org\/{rel}","templated":true}]}}