{"id":23147,"date":"2026-02-25T19:01:34","date_gmt":"2026-02-25T17:01:34","guid":{"rendered":"https:\/\/skaitytaknyga.lt\/?post_type=product&#038;p=23147"},"modified":"2026-03-05T11:30:03","modified_gmt":"2026-03-05T09:30:03","slug":"nekaltas-melas","status":"publish","type":"product","link":"https:\/\/skaitytaknyga.lt\/en\/produktas\/nekaltas-melas\/","title":{"rendered":"Nekaltas melas"},"content":{"rendered":"<p>New York Times bestseleri\u0173 autor\u0117 Nora Roberts supina skandal\u0105, \u012f\u017eymybi\u0173 paslaptis ir \u017emog\u017eudyst\u0119 \u012f jaudinant\u012f roman\u0105 apie Holivud\u0105 su jo labai nuod\u0117mingais, ta\u010diau labai \u012ftikinamais veik\u0117jais. Tai istorija apie legendin\u0119 aktor\u0119, kuri \u017eino per daug, ir jos pasirinkt\u0105 moter\u012f, kuriai lemta visa tai atskleisti&#8230;<\/p>\n<p>Eva Benedikt \u2014 tikr\u0173 tikriausia kino deiv\u0117, kimaus balso sekso simbolis, tur\u0117jusi keturis vyrus ir vis\u0105 b\u016br\u012f spalving\u0173 meilu\u017ei\u0173. Dabar ji pasiry\u017eusi i\u0161leisti atvirus memuarus, kurie i\u0161kart tampa tikru galvos skausmu Holivudo turtingiesiems ir galingiesiems. Ta\u010diau Eva turi sav\u0173 prie\u017eas\u010di\u0173.<\/p>\n<p>D\u017eiulija Samers n\u0117 nesapnavo, jog Eva Benedikt, Holivudo legenda, pasirinks j\u0105 savo biografe. Ir nors tai rei\u0161kia, jog ji ir jos de\u0161imtmetis s\u016bnus tur\u0117s i\u0161keisti savo ram\u0173 gyvenim\u0105 Konektikute \u012f ry\u0161kias Beverli Hilso rampos \u0161viesas, galimyb\u0117 pernelyg viliojanti, kad atsisakyt\u0173. Ta\u010diau D\u017eiulija ne\u012fsivaizdavo, kokias tamsias paslaptis slepia Eva ir kaip toli gali eiti tie, kurie nori j\u0105 sustabdyti&#8230;<\/p>\n<p>Tarp kit\u0173 gra\u017ei\u0173 \u017emoni\u0173 Evos aplinkoje sukiojasi jos mylimas pos\u016bnis, detektyv\u0173 ra\u0161ytojas Polas Vintropas, \u2014 vaikas, kurio ji niekada negal\u0117jo tur\u0117ti. Vyras kunkuliuoja ry\u017etu atkalb\u0117ti Ev\u0105 nuo minties apie memuarus ir kartu bando pa\u017eaboti netik\u0117tai u\u017egimus\u012f geism\u0105 D\u017eiulijai. Matydama, ko griebiasi Evos prie\u0161ai, D\u017eiulija su\u017eino dar vien\u0105 tamsi\u0105 garsios aktor\u0117s paslapt\u012f. B\u016btent ji lemtingai pakeis jaunos moters gyvenim\u0105.<\/p>\n<p>Skandalai, \u012f\u017eymybi\u0173 paslaptys, purvini \u017eaidimai ir net \u017emog\u017eudyst\u0117s \u2014 visa tai slepiasi po \u017eai\u017earuojan\u010dia Holivudo u\u017edanga. Ar pasaulis pasireng\u0119s apie tai i\u0161girsti? Ar jam bus leista apie tai su\u017einoti?<\/p>\n<p>N. Roberts puikiai supina pikanti\u0161kus kino \u017evaig\u017ed\u0117s pasakojimus ir besivystan\u010di\u0105 meil\u0117s istorij\u0105.<\/p>\n","protected":false},"excerpt":{"rendered":"<p>New York Times bestseleri\u0173 autor\u0117 Nora Roberts supina skandal\u0105, \u012f\u017eymybi\u0173 paslaptis ir \u017emog\u017eudyst\u0119 \u012f jaudinant\u012f roman\u0105 apie Holivud\u0105 su jo labai nuod\u0117mingais, ta\u010diau labai \u012ftikinamais veik\u0117jais. Tai istorija apie legendin\u0119 aktor\u0119, kuri \u017eino per daug, ir jos pasirinkt\u0105 moter\u012f, kuriai lemta visa tai atskleisti&#8230; Eva Benedikt \u2014 tikr\u0173 tikriausia kino deiv\u0117, kimaus balso sekso simbolis, tur\u0117jusi keturis vyrus ir vis\u0105 b\u016br\u012f spalving\u0173 meilu\u017ei\u0173. Dabar ji pasiry\u017eusi i\u0161leisti atvirus memuarus, kurie i\u0161kart tampa tikru galvos skausmu Holivudo turtingiesiems ir galingiesiems. Ta\u010diau Eva turi sav\u0173 prie\u017eas\u010di\u0173. D\u017eiulija Samers n\u0117 nesapnavo, jog Eva Benedikt, Holivudo legenda, pasirinks j\u0105 savo biografe. Ir nors tai rei\u0161kia, jog ji ir jos de\u0161imtmetis s\u016bnus tur\u0117s i\u0161keisti savo ram\u0173 gyvenim\u0105 Konektikute \u012f ry\u0161kias Beverli Hilso rampos \u0161viesas, galimyb\u0117 pernelyg viliojanti, kad atsisakyt\u0173. Ta\u010diau D\u017eiulija ne\u012fsivaizdavo, kokias tamsias paslaptis slepia Eva ir kaip toli gali eiti tie, kurie nori j\u0105 sustabdyti&#8230; Tarp kit\u0173 gra\u017ei\u0173 \u017emoni\u0173 Evos aplinkoje sukiojasi jos mylimas pos\u016bnis, detektyv\u0173 ra\u0161ytojas Polas Vintropas, \u2014 vaikas, kurio ji niekada negal\u0117jo tur\u0117ti. Vyras kunkuliuoja ry\u017etu atkalb\u0117ti Ev\u0105 nuo minties apie memuarus ir kartu bando pa\u017eaboti netik\u0117tai u\u017egimus\u012f geism\u0105 D\u017eiulijai. Matydama, ko griebiasi Evos prie\u0161ai, D\u017eiulija su\u017eino dar vien\u0105 tamsi\u0105 garsios aktor\u0117s paslapt\u012f. B\u016btent ji lemtingai pakeis jaunos moters gyvenim\u0105. Skandalai, \u012f\u017eymybi\u0173 paslaptys, purvini \u017eaidimai ir net \u017emog\u017eudyst\u0117s \u2014 visa tai slepiasi po \u017eai\u017earuojan\u010dia Holivudo u\u017edanga. Ar pasaulis pasireng\u0119s apie tai i\u0161girsti? Ar jam bus leista apie tai su\u017einoti? N. Roberts puikiai supina pikanti\u0161kus kino \u017evaig\u017ed\u0117s pasakojimus ir besivystan\u010di\u0105 meil\u0117s istorij\u0105.<\/p>\n","protected":false},"featured_media":23152,"comment_status":"open","ping_status":"closed","template":"","meta":{"_acf_changed":false,"site-sidebar-layout":"default","site-content-layout":"","ast-site-content-layout":"default","site-content-style":"default","site-sidebar-style":"default","ast-global-header-display":"","ast-banner-title-visibility":"","ast-main-header-display":"","ast-hfb-above-header-display":"","ast-hfb-below-header-display":"","ast-hfb-mobile-header-display":"","site-post-title":"","ast-breadcrumbs-content":"","ast-featured-img":"","footer-sml-layout":"","ast-disable-related-posts":"","theme-transparent-header-meta":"","adv-header-id-meta":"","stick-header-meta":"","header-above-stick-meta":"","header-main-stick-meta":"","header-below-stick-meta":"","astra-migrate-meta-layouts":"default","ast-page-background-enabled":"default","ast-page-background-meta":{"desktop":{"background-color":"","background-image":"","background-repeat":"repeat","background-position":"center center","background-size":"auto","background-attachment":"scroll","background-type":"","background-media":"","overlay-type":"","overlay-color":"","overlay-opacity":"","overlay-gradient":""},"tablet":{"background-color":"","background-image":"","background-repeat":"repeat","background-position":"center center","background-size":"auto","background-attachment":"scroll","background-type":"","background-media":"","overlay-type":"","overlay-color":"","overlay-opacity":"","overlay-gradient":""},"mobile":{"background-color":"","background-image":"","background-repeat":"repeat","background-position":"center center","background-size":"auto","background-attachment":"scroll","background-type":"","background-media":"","overlay-type":"","overlay-color":"","overlay-opacity":"","overlay-gradient":""}},"ast-content-background-meta":{"desktop":{"background-color":"var(--ast-global-color-4)","background-image":"","background-repeat":"repeat","background-position":"center center","background-size":"auto","background-attachment":"scroll","background-type":"","background-media":"","overlay-type":"","overlay-color":"","overlay-opacity":"","overlay-gradient":""},"tablet":{"background-color":"var(--ast-global-color-4)","background-image":"","background-repeat":"repeat","background-position":"center center","background-size":"auto","background-attachment":"scroll","background-type":"","background-media":"","overlay-type":"","overlay-color":"","overlay-opacity":"","overlay-gradient":""},"mobile":{"background-color":"var(--ast-global-color-4)","background-image":"","background-repeat":"repeat","background-position":"center center","background-size":"auto","background-attachment":"scroll","background-type":"","background-media":"","overlay-type":"","overlay-color":"","overlay-opacity":"","overlay-gradient":""}}},"product_brand":[],"product_cat":[15],"product_tag":[3060],"class_list":{"0":"post-23147","1":"product","2":"type-product","3":"status-publish","4":"has-post-thumbnail","6":"product_cat-uncategorized","7":"product_tag-nora-roberts","8":"desktop-align-left","9":"tablet-align-left","10":"mobile-align-left","12":"first","13":"instock","14":"shipping-taxable","15":"purchasable","16":"product-type-simple"},"acf":[],"yoast_head":"<!-- This site is optimized with the Yoast SEO plugin v27.0 - https:\/\/yoast.com\/product\/yoast-seo-wordpress\/ -->\n<title>Nekaltas melas<\/title>\n<meta name=\"description\" content=\"New York Times bestseleri\u0173 autor\u0117 Nora Roberts supina skandal\u0105, \u012f\u017eymybi\u0173 paslaptis ir \u017emog\u017eudyst\u0119 \u012f jaudinant\u012f roman\u0105 apie Holivud\u0105 su jo labai\" \/>\n<meta name=\"robots\" content=\"index, follow, max-snippet:-1, max-image-preview:large, max-video-preview:-1\" \/>\n<link rel=\"canonical\" href=\"https:\/\/skaitytaknyga.lt\/en\/produktas\/nekaltas-melas\/\" \/>\n<meta property=\"og:locale\" content=\"en_GB\" \/>\n<meta property=\"og:locale:alternate\" content=\"lt_LT\" \/>\n<meta property=\"og:type\" content=\"article\" \/>\n<meta property=\"og:title\" content=\"Nekaltas melas\" \/>\n<meta property=\"og:description\" content=\"New York Times bestseleri\u0173 autor\u0117 Nora Roberts supina skandal\u0105, \u012f\u017eymybi\u0173 paslaptis ir \u017emog\u017eudyst\u0119 \u012f jaudinant\u012f roman\u0105 apie Holivud\u0105 su jo labai\" \/>\n<meta property=\"og:url\" content=\"https:\/\/skaitytaknyga.lt\/en\/produktas\/nekaltas-melas\/\" \/>\n<meta property=\"og:site_name\" content=\"Skaitytaknyga\" \/>\n<meta property=\"article:publisher\" content=\"https:\/\/www.facebook.com\/skaitytaknyga\/\" \/>\n<meta property=\"article:modified_time\" content=\"2026-03-05T09:30:03+00:00\" \/>\n<meta property=\"og:image\" content=\"https:\/\/skaitytaknyga.lt\/wp-content\/uploads\/2026\/02\/Nekaltas-melas-1.webp\" \/>\n\t<meta property=\"og:image:width\" content=\"300\" \/>\n\t<meta property=\"og:image:height\" content=\"456\" \/>\n\t<meta property=\"og:image:type\" content=\"image\/webp\" \/>\n<meta name=\"twitter:card\" content=\"summary_large_image\" \/>\n<meta name=\"twitter:label1\" content=\"Estimated reading time\" \/>\n\t<meta name=\"twitter:data1\" content=\"1 minute\" \/>\n<script type=\"application\/ld+json\" class=\"yoast-schema-graph\">{\"@context\":\"https:\/\/schema.org\",\"@graph\":[{\"@type\":\"WebPage\",\"@id\":\"https:\/\/skaitytaknyga.lt\/produktas\/nekaltas-melas\/\",\"url\":\"https:\/\/skaitytaknyga.lt\/produktas\/nekaltas-melas\/\",\"name\":\"Nekaltas melas\",\"isPartOf\":{\"@id\":\"https:\/\/skaitytaknyga.lt\/#website\"},\"primaryImageOfPage\":{\"@id\":\"https:\/\/skaitytaknyga.lt\/produktas\/nekaltas-melas\/#primaryimage\"},\"image\":{\"@id\":\"https:\/\/skaitytaknyga.lt\/produktas\/nekaltas-melas\/#primaryimage\"},\"thumbnailUrl\":\"https:\/\/skaitytaknyga.lt\/wp-content\/uploads\/2026\/02\/Nekaltas-melas-1.webp\",\"datePublished\":\"2026-02-25T17:01:34+00:00\",\"dateModified\":\"2026-03-05T09:30:03+00:00\",\"description\":\"New York Times bestseleri\u0173 autor\u0117 Nora Roberts supina skandal\u0105, \u012f\u017eymybi\u0173 paslaptis ir \u017emog\u017eudyst\u0119 \u012f jaudinant\u012f roman\u0105 apie Holivud\u0105 su jo labai\",\"breadcrumb\":{\"@id\":\"https:\/\/skaitytaknyga.lt\/produktas\/nekaltas-melas\/#breadcrumb\"},\"inLanguage\":\"en-GB\",\"potentialAction\":[{\"@type\":\"ReadAction\",\"target\":[\"https:\/\/skaitytaknyga.lt\/produktas\/nekaltas-melas\/\"]}]},{\"@type\":\"ImageObject\",\"inLanguage\":\"en-GB\",\"@id\":\"https:\/\/skaitytaknyga.lt\/produktas\/nekaltas-melas\/#primaryimage\",\"url\":\"https:\/\/skaitytaknyga.lt\/wp-content\/uploads\/2026\/02\/Nekaltas-melas-1.webp\",\"contentUrl\":\"https:\/\/skaitytaknyga.lt\/wp-content\/uploads\/2026\/02\/Nekaltas-melas-1.webp\",\"width\":300,\"height\":456},{\"@type\":\"BreadcrumbList\",\"@id\":\"https:\/\/skaitytaknyga.lt\/produktas\/nekaltas-melas\/#breadcrumb\",\"itemListElement\":[{\"@type\":\"ListItem\",\"position\":1,\"name\":\"Home\",\"item\":\"https:\/\/skaitytaknyga.lt\/\"},{\"@type\":\"ListItem\",\"position\":2,\"name\":\"Parduotuv\u0117\",\"item\":\"https:\/\/skaitytaknyga.lt\/knygu-parduotuve\/\"},{\"@type\":\"ListItem\",\"position\":3,\"name\":\"Nekaltas melas\"}]},{\"@type\":\"WebSite\",\"@id\":\"https:\/\/skaitytaknyga.lt\/#website\",\"url\":\"https:\/\/skaitytaknyga.lt\/\",\"name\":\"skaitytaknyga.lt\",\"description\":\"Skaitytaknyga.lt \u2013 tai ma\u017eas \u0161eimos verslas, kuris prasid\u0117jo nuo meil\u0117s knygoms ir siekio i\u0161gelb\u0117ti knygas nuo likimo prie konteinerio. Kas vienam nereikalingas daiktas \u2013 kitam lobis, o mes esame tarpininkai, kurie padeda abiems tapti laimingesniems ???? \u017dinome kaip nelengva i\u0161gyventi ma\u017eiems verslams, tad nuo \u0161iol, \u010dia rasite ir kit\u0173, ma\u017e\u0173 \u0161eim\u0173 versl\u0173, rank\u0173 darbo, dovan\u0173 sau ir artimiesiems.\",\"publisher\":{\"@id\":\"https:\/\/skaitytaknyga.lt\/#organization\"},\"potentialAction\":[{\"@type\":\"SearchAction\",\"target\":{\"@type\":\"EntryPoint\",\"urlTemplate\":\"https:\/\/skaitytaknyga.lt\/?s={search_term_string}\"},\"query-input\":{\"@type\":\"PropertyValueSpecification\",\"valueRequired\":true,\"valueName\":\"search_term_string\"}}],\"inLanguage\":\"en-GB\"},{\"@type\":\"Organization\",\"@id\":\"https:\/\/skaitytaknyga.lt\/#organization\",\"name\":\"skaitytaknyga.lt\",\"url\":\"https:\/\/skaitytaknyga.lt\/\",\"logo\":{\"@type\":\"ImageObject\",\"inLanguage\":\"en-GB\",\"@id\":\"https:\/\/skaitytaknyga.lt\/#\/schema\/logo\/image\/\",\"url\":\"https:\/\/skaitytaknyga.lt\/wp-content\/uploads\/2024\/05\/cropped-cropped-cropped-02_00843_jt3bggkj1j3HLc7SyY6rEUpg.jpeg\",\"contentUrl\":\"https:\/\/skaitytaknyga.lt\/wp-content\/uploads\/2024\/05\/cropped-cropped-cropped-02_00843_jt3bggkj1j3HLc7SyY6rEUpg.jpeg\",\"width\":1600,\"height\":1600,\"caption\":\"skaitytaknyga.lt\"},\"image\":{\"@id\":\"https:\/\/skaitytaknyga.lt\/#\/schema\/logo\/image\/\"},\"sameAs\":[\"https:\/\/www.facebook.com\/skaitytaknyga\/\"]}]}<\/script>\n<!-- \/ Yoast SEO plugin. -->","yoast_head_json":{"title":"Nekaltas melas","description":"New York Times bestseleri\u0173 autor\u0117 Nora Roberts supina skandal\u0105, \u012f\u017eymybi\u0173 paslaptis ir \u017emog\u017eudyst\u0119 \u012f jaudinant\u012f roman\u0105 apie Holivud\u0105 su jo labai","robots":{"index":"index","follow":"follow","max-snippet":"max-snippet:-1","max-image-preview":"max-image-preview:large","max-video-preview":"max-video-preview:-1"},"canonical":"https:\/\/skaitytaknyga.lt\/en\/produktas\/nekaltas-melas\/","og_locale":"en_GB","og_type":"article","og_title":"[:lt]Nekaltas melas[:] - Skaitytaknyga","og_description":"New York Times bestseleri\u0173 autor\u0117 Nora Roberts supina skandal\u0105, \u012f\u017eymybi\u0173 paslaptis ir \u017emog\u017eudyst\u0119 \u012f jaudinant\u012f roman\u0105 apie Holivud\u0105 su jo labai","og_url":"https:\/\/skaitytaknyga.lt\/en\/produktas\/nekaltas-melas\/","og_site_name":"Skaitytaknyga","article_publisher":"https:\/\/www.facebook.com\/skaitytaknyga\/","article_modified_time":"2026-03-05T09:30:03+00:00","og_image":[{"width":300,"height":456,"url":"https:\/\/skaitytaknyga.lt\/wp-content\/uploads\/2026\/02\/Nekaltas-melas-1.webp","type":"image\/webp"}],"twitter_card":"summary_large_image","twitter_misc":{"Estimated reading time":"1 minute"},"schema":{"@context":"https:\/\/schema.org","@graph":[{"@type":"WebPage","@id":"https:\/\/skaitytaknyga.lt\/produktas\/nekaltas-melas\/","url":"https:\/\/skaitytaknyga.lt\/produktas\/nekaltas-melas\/","name":"Nekaltas melas","isPartOf":{"@id":"https:\/\/skaitytaknyga.lt\/#website"},"primaryImageOfPage":{"@id":"https:\/\/skaitytaknyga.lt\/produktas\/nekaltas-melas\/#primaryimage"},"image":{"@id":"https:\/\/skaitytaknyga.lt\/produktas\/nekaltas-melas\/#primaryimage"},"thumbnailUrl":"https:\/\/skaitytaknyga.lt\/wp-content\/uploads\/2026\/02\/Nekaltas-melas-1.webp","datePublished":"2026-02-25T17:01:34+00:00","dateModified":"2026-03-05T09:30:03+00:00","description":"New York Times bestseleri\u0173 autor\u0117 Nora Roberts supina skandal\u0105, \u012f\u017eymybi\u0173 paslaptis ir \u017emog\u017eudyst\u0119 \u012f jaudinant\u012f roman\u0105 apie Holivud\u0105 su jo labai","breadcrumb":{"@id":"https:\/\/skaitytaknyga.lt\/produktas\/nekaltas-melas\/#breadcrumb"},"inLanguage":"en-GB","potentialAction":[{"@type":"ReadAction","target":["https:\/\/skaitytaknyga.lt\/produktas\/nekaltas-melas\/"]}]},{"@type":"ImageObject","inLanguage":"en-GB","@id":"https:\/\/skaitytaknyga.lt\/produktas\/nekaltas-melas\/#primaryimage","url":"https:\/\/skaitytaknyga.lt\/wp-content\/uploads\/2026\/02\/Nekaltas-melas-1.webp","contentUrl":"https:\/\/skaitytaknyga.lt\/wp-content\/uploads\/2026\/02\/Nekaltas-melas-1.webp","width":300,"height":456},{"@type":"BreadcrumbList","@id":"https:\/\/skaitytaknyga.lt\/produktas\/nekaltas-melas\/#breadcrumb","itemListElement":[{"@type":"ListItem","position":1,"name":"Home","item":"https:\/\/skaitytaknyga.lt\/"},{"@type":"ListItem","position":2,"name":"Parduotuv\u0117","item":"https:\/\/skaitytaknyga.lt\/knygu-parduotuve\/"},{"@type":"ListItem","position":3,"name":"Nekaltas melas"}]},{"@type":"WebSite","@id":"https:\/\/skaitytaknyga.lt\/#website","url":"https:\/\/skaitytaknyga.lt\/","name":"skaitytaknyga.lt","description":"Skaitytaknyga.lt \u2013 tai ma\u017eas \u0161eimos verslas, kuris prasid\u0117jo nuo meil\u0117s knygoms ir siekio i\u0161gelb\u0117ti knygas nuo likimo prie konteinerio. Kas vienam nereikalingas daiktas \u2013 kitam lobis, o mes esame tarpininkai, kurie padeda abiems tapti laimingesniems ???? \u017dinome kaip nelengva i\u0161gyventi ma\u017eiems verslams, tad nuo \u0161iol, \u010dia rasite ir kit\u0173, ma\u017e\u0173 \u0161eim\u0173 versl\u0173, rank\u0173 darbo, dovan\u0173 sau ir artimiesiems.","publisher":{"@id":"https:\/\/skaitytaknyga.lt\/#organization"},"potentialAction":[{"@type":"SearchAction","target":{"@type":"EntryPoint","urlTemplate":"https:\/\/skaitytaknyga.lt\/?s={search_term_string}"},"query-input":{"@type":"PropertyValueSpecification","valueRequired":true,"valueName":"search_term_string"}}],"inLanguage":"en-GB"},{"@type":"Organization","@id":"https:\/\/skaitytaknyga.lt\/#organization","name":"skaitytaknyga.lt","url":"https:\/\/skaitytaknyga.lt\/","logo":{"@type":"ImageObject","inLanguage":"en-GB","@id":"https:\/\/skaitytaknyga.lt\/#\/schema\/logo\/image\/","url":"https:\/\/skaitytaknyga.lt\/wp-content\/uploads\/2024\/05\/cropped-cropped-cropped-02_00843_jt3bggkj1j3HLc7SyY6rEUpg.jpeg","contentUrl":"https:\/\/skaitytaknyga.lt\/wp-content\/uploads\/2024\/05\/cropped-cropped-cropped-02_00843_jt3bggkj1j3HLc7SyY6rEUpg.jpeg","width":1600,"height":1600,"caption":"skaitytaknyga.lt"},"image":{"@id":"https:\/\/skaitytaknyga.lt\/#\/schema\/logo\/image\/"},"sameAs":["https:\/\/www.facebook.com\/skaitytaknyga\/"]}]}},"_links":{"self":[{"href":"https:\/\/skaitytaknyga.lt\/en\/wp-json\/wp\/v2\/product\/23147","targetHints":{"allow":["GET"]}}],"collection":[{"href":"https:\/\/skaitytaknyga.lt\/en\/wp-json\/wp\/v2\/product"}],"about":[{"href":"https:\/\/skaitytaknyga.lt\/en\/wp-json\/wp\/v2\/types\/product"}],"replies":[{"embeddable":true,"href":"https:\/\/skaitytaknyga.lt\/en\/wp-json\/wp\/v2\/comments?post=23147"}],"wp:featuredmedia":[{"embeddable":true,"href":"https:\/\/skaitytaknyga.lt\/en\/wp-json\/wp\/v2\/media\/23152"}],"wp:attachment":[{"href":"https:\/\/skaitytaknyga.lt\/en\/wp-json\/wp\/v2\/media?parent=23147"}],"wp:term":[{"taxonomy":"product_brand","embeddable":true,"href":"https:\/\/skaitytaknyga.lt\/en\/wp-json\/wp\/v2\/product_brand?post=23147"},{"taxonomy":"product_cat","embeddable":true,"href":"https:\/\/skaitytaknyga.lt\/en\/wp-json\/wp\/v2\/product_cat?post=23147"},{"taxonomy":"product_tag","embeddable":true,"href":"https:\/\/skaitytaknyga.lt\/en\/wp-json\/wp\/v2\/product_tag?post=23147"}],"curies":[{"name":"wp","href":"https:\/\/api.w.org\/{rel}","templated":true}]}}