{"id":23146,"date":"2026-02-25T19:01:34","date_gmt":"2026-02-25T17:01:34","guid":{"rendered":"https:\/\/skaitytaknyga.lt\/?post_type=product&#038;p=23146"},"modified":"2026-03-05T13:06:34","modified_gmt":"2026-03-05T11:06:34","slug":"mergina-ruke","status":"publish","type":"product","link":"https:\/\/skaitytaknyga.lt\/en\/produktas\/mergina-ruke\/","title":{"rendered":"Mergina r\u016bke"},"content":{"rendered":"<p>Teisingumas nekelia reiting\u0173. Teisingumas niekam ne\u012fdomus. \u017dmon\u0117s trok\u0161ta siaub\u016bno&#8230; Ir a\u0161 jiems duosiu tai, ko jie trok\u0161ta.<\/p>\n<p>Nakt\u012f, kai viskas am\u017eiams pasikeit\u0117, ledas ir r\u016bkas deng\u0117 Ave\u0161\u0105, giliame Alpi\u0173 sl\u0117nio \u0161e\u0161\u0117lyje gl\u016bdint\u012f miestel\u012f. Gali b\u016bti, kad d\u0117l prast\u0173 oro s\u0105lyg\u0173 specialiojo agento Fogelio automobilis \u012fva\u017eiavo \u012f griov\u012f. O galb\u016bt prie\u017eastis visai kita?<\/p>\n<p>Vyras nenukent\u0117jo, bet patyr\u0117 \u0161ok\u0105: jis nepamena, nei kaip, nei kod\u0117l ten atsid\u016br\u0117. Ai\u0161ku tik viena \u2013 \u0161iandien specialusis agentas jau tur\u0117t\u0173 b\u016bti toli nuo Ave\u0161o.<br \/>\nPra\u0117jo du m\u0117nesiai, kai Ana Lu dingo r\u016bke. Du m\u0117nesiai nuo tada, kai Fogelis \u0117m\u0117si tirti byl\u0105, kuri i\u0161 pab\u0117gimo virto pagrobimo tyrimu, o v\u0117liau \u2013 did\u017eiuliu \u017einiasklaidos a\u017eiota\u017eu.<br \/>\nToks Fogelio metodas: jo nedomina DNR, jis nei\u0161mano, kaip panaudoti kriminalini\u0173 tyrim\u0173 komandos radinius, ta\u010diau sugeba manipuliuoti \u017einiasklaida, pritraukti kamer\u0173 d\u0117mes\u012f, u\u017ekariauti viet\u0105 pirmuosiuose puslapiuose, gauti l\u0117\u0161\u0173 tyrimui pasitelkdamas \u017ei\u016brovus prie televizori\u0173 ekran\u0173. Paskelbti auk\u0105 \u0161vent\u0105ja ir paskui susekt\u0105 siaub\u016bn\u0105 \u012fki\u0161ti \u012f kal\u0117jim\u0105.<br \/>\nPra\u0117jus dviem m\u0117nesiams specialusis agentas Fogelis tur\u0117t\u0173 b\u016bti toli. Kod\u0117l tuomet jis vis dar \u010dia? Kod\u0117l \u012fvyko nelaimingas atsitikimas? Ir, svarbiausia, jeigu jis nenukent\u0117jo, kieno tas kraujas ant jo drabu\u017ei\u0173?<\/p>\n<p>Donato Carrisi (g. 1973) studijavo teis\u0117s mokslus, specializavosi kriminologijos ir etologijos srityse, nuo 1999 m. dirba scenaristu, taip pat yra a\u0161tuoni\u0173 roman\u0173 autorius. \u201eMergina r\u016bke&#8221; laikomas pa\u010diu paslaptingiausiu, genialiausiu ir labiausiai sukre\u010dian\u010diu trileriu. 2018 m. pagal \u0161i\u0105 knyg\u0105 pastatytas filmas tuo pa\u010diu pavadinimu, kur\u012f kuriant D. Carrisi debiutavo kaip re\u017eisierius.<\/p>\n","protected":false},"excerpt":{"rendered":"<p>Teisingumas nekelia reiting\u0173. Teisingumas niekam ne\u012fdomus. \u017dmon\u0117s trok\u0161ta siaub\u016bno&#8230; Ir a\u0161 jiems duosiu tai, ko jie trok\u0161ta. Nakt\u012f, kai viskas am\u017eiams pasikeit\u0117, ledas ir r\u016bkas deng\u0117 Ave\u0161\u0105, giliame Alpi\u0173 sl\u0117nio \u0161e\u0161\u0117lyje gl\u016bdint\u012f miestel\u012f. Gali b\u016bti, kad d\u0117l prast\u0173 oro s\u0105lyg\u0173 specialiojo agento Fogelio automobilis \u012fva\u017eiavo \u012f griov\u012f. O galb\u016bt prie\u017eastis visai kita? Vyras nenukent\u0117jo, bet patyr\u0117 \u0161ok\u0105: jis nepamena, nei kaip, nei kod\u0117l ten atsid\u016br\u0117. Ai\u0161ku tik viena \u2013 \u0161iandien specialusis agentas jau tur\u0117t\u0173 b\u016bti toli nuo Ave\u0161o. Pra\u0117jo du m\u0117nesiai, kai Ana Lu dingo r\u016bke. Du m\u0117nesiai nuo tada, kai Fogelis \u0117m\u0117si tirti byl\u0105, kuri i\u0161 pab\u0117gimo virto pagrobimo tyrimu, o v\u0117liau \u2013 did\u017eiuliu \u017einiasklaidos a\u017eiota\u017eu. Toks Fogelio metodas: jo nedomina DNR, jis nei\u0161mano, kaip panaudoti kriminalini\u0173 tyrim\u0173 komandos radinius, ta\u010diau sugeba manipuliuoti \u017einiasklaida, pritraukti kamer\u0173 d\u0117mes\u012f, u\u017ekariauti viet\u0105 pirmuosiuose puslapiuose, gauti l\u0117\u0161\u0173 tyrimui pasitelkdamas \u017ei\u016brovus prie televizori\u0173 ekran\u0173. Paskelbti auk\u0105 \u0161vent\u0105ja ir paskui susekt\u0105 siaub\u016bn\u0105 \u012fki\u0161ti \u012f kal\u0117jim\u0105. Pra\u0117jus dviem m\u0117nesiams specialusis agentas Fogelis tur\u0117t\u0173 b\u016bti toli. Kod\u0117l tuomet jis vis dar \u010dia? Kod\u0117l \u012fvyko nelaimingas atsitikimas? Ir, svarbiausia, jeigu jis nenukent\u0117jo, kieno tas kraujas ant jo drabu\u017ei\u0173? Donato Carrisi (g. 1973) studijavo teis\u0117s mokslus, specializavosi kriminologijos ir etologijos srityse, nuo 1999 m. dirba scenaristu, taip pat yra a\u0161tuoni\u0173 roman\u0173 autorius. \u201eMergina r\u016bke&#8221; laikomas pa\u010diu paslaptingiausiu, genialiausiu ir labiausiai sukre\u010dian\u010diu trileriu. 2018 m. pagal \u0161i\u0105 knyg\u0105 pastatytas filmas tuo pa\u010diu pavadinimu, kur\u012f kuriant D. Carrisi debiutavo kaip re\u017eisierius.<\/p>\n","protected":false},"featured_media":23151,"comment_status":"open","ping_status":"closed","template":"","meta":{"_acf_changed":false,"site-sidebar-layout":"default","site-content-layout":"","ast-site-content-layout":"default","site-content-style":"default","site-sidebar-style":"default","ast-global-header-display":"","ast-banner-title-visibility":"","ast-main-header-display":"","ast-hfb-above-header-display":"","ast-hfb-below-header-display":"","ast-hfb-mobile-header-display":"","site-post-title":"","ast-breadcrumbs-content":"","ast-featured-img":"","footer-sml-layout":"","ast-disable-related-posts":"","theme-transparent-header-meta":"","adv-header-id-meta":"","stick-header-meta":"","header-above-stick-meta":"","header-main-stick-meta":"","header-below-stick-meta":"","astra-migrate-meta-layouts":"default","ast-page-background-enabled":"default","ast-page-background-meta":{"desktop":{"background-color":"","background-image":"","background-repeat":"repeat","background-position":"center center","background-size":"auto","background-attachment":"scroll","background-type":"","background-media":"","overlay-type":"","overlay-color":"","overlay-opacity":"","overlay-gradient":""},"tablet":{"background-color":"","background-image":"","background-repeat":"repeat","background-position":"center center","background-size":"auto","background-attachment":"scroll","background-type":"","background-media":"","overlay-type":"","overlay-color":"","overlay-opacity":"","overlay-gradient":""},"mobile":{"background-color":"","background-image":"","background-repeat":"repeat","background-position":"center center","background-size":"auto","background-attachment":"scroll","background-type":"","background-media":"","overlay-type":"","overlay-color":"","overlay-opacity":"","overlay-gradient":""}},"ast-content-background-meta":{"desktop":{"background-color":"var(--ast-global-color-4)","background-image":"","background-repeat":"repeat","background-position":"center center","background-size":"auto","background-attachment":"scroll","background-type":"","background-media":"","overlay-type":"","overlay-color":"","overlay-opacity":"","overlay-gradient":""},"tablet":{"background-color":"var(--ast-global-color-4)","background-image":"","background-repeat":"repeat","background-position":"center center","background-size":"auto","background-attachment":"scroll","background-type":"","background-media":"","overlay-type":"","overlay-color":"","overlay-opacity":"","overlay-gradient":""},"mobile":{"background-color":"var(--ast-global-color-4)","background-image":"","background-repeat":"repeat","background-position":"center center","background-size":"auto","background-attachment":"scroll","background-type":"","background-media":"","overlay-type":"","overlay-color":"","overlay-opacity":"","overlay-gradient":""}}},"product_brand":[],"product_cat":[9580],"product_tag":[9521],"class_list":{"0":"post-23146","1":"product","2":"type-product","3":"status-publish","4":"has-post-thumbnail","6":"product_cat-psichologiniai-detektyvai","7":"product_tag-donato-carrisi","8":"desktop-align-left","9":"tablet-align-left","10":"mobile-align-left","12":"first","13":"instock","14":"shipping-taxable","15":"purchasable","16":"product-type-simple"},"acf":[],"yoast_head":"<!-- This site is optimized with the Yoast SEO plugin v27.0 - https:\/\/yoast.com\/product\/yoast-seo-wordpress\/ -->\n<title>Mergina r\u016bke<\/title>\n<meta name=\"description\" content=\"Teisingumas nekelia reiting\u0173. Teisingumas niekam ne\u012fdomus. \u017dmon\u0117s trok\u0161ta siaub\u016bno... Ir a\u0161 jiems duosiu tai, ko jie trok\u0161ta. Nakt\u012f, kai viskas am\u017eiams\" \/>\n<meta name=\"robots\" content=\"index, follow, max-snippet:-1, max-image-preview:large, max-video-preview:-1\" \/>\n<link rel=\"canonical\" href=\"https:\/\/skaitytaknyga.lt\/en\/produktas\/mergina-ruke\/\" \/>\n<meta property=\"og:locale\" content=\"en_GB\" \/>\n<meta property=\"og:locale:alternate\" content=\"lt_LT\" \/>\n<meta property=\"og:type\" content=\"article\" \/>\n<meta property=\"og:title\" content=\"Mergina r\u016bke\" \/>\n<meta property=\"og:description\" content=\"Teisingumas nekelia reiting\u0173. Teisingumas niekam ne\u012fdomus. \u017dmon\u0117s trok\u0161ta siaub\u016bno... Ir a\u0161 jiems duosiu tai, ko jie trok\u0161ta. Nakt\u012f, kai viskas am\u017eiams\" \/>\n<meta property=\"og:url\" content=\"https:\/\/skaitytaknyga.lt\/en\/produktas\/mergina-ruke\/\" \/>\n<meta property=\"og:site_name\" content=\"Skaitytaknyga\" \/>\n<meta property=\"article:publisher\" content=\"https:\/\/www.facebook.com\/skaitytaknyga\/\" \/>\n<meta property=\"article:modified_time\" content=\"2026-03-05T11:06:34+00:00\" \/>\n<meta property=\"og:image\" content=\"https:\/\/skaitytaknyga.lt\/wp-content\/uploads\/2026\/02\/Mergina-ruke-1.webp\" \/>\n\t<meta property=\"og:image:width\" content=\"300\" \/>\n\t<meta property=\"og:image:height\" content=\"450\" \/>\n\t<meta property=\"og:image:type\" content=\"image\/webp\" \/>\n<meta name=\"twitter:card\" content=\"summary_large_image\" \/>\n<meta name=\"twitter:label1\" content=\"Estimated reading time\" \/>\n\t<meta name=\"twitter:data1\" content=\"1 minute\" \/>\n<script type=\"application\/ld+json\" class=\"yoast-schema-graph\">{\"@context\":\"https:\/\/schema.org\",\"@graph\":[{\"@type\":\"WebPage\",\"@id\":\"https:\/\/skaitytaknyga.lt\/produktas\/mergina-ruke\/\",\"url\":\"https:\/\/skaitytaknyga.lt\/produktas\/mergina-ruke\/\",\"name\":\"Mergina r\u016bke\",\"isPartOf\":{\"@id\":\"https:\/\/skaitytaknyga.lt\/#website\"},\"primaryImageOfPage\":{\"@id\":\"https:\/\/skaitytaknyga.lt\/produktas\/mergina-ruke\/#primaryimage\"},\"image\":{\"@id\":\"https:\/\/skaitytaknyga.lt\/produktas\/mergina-ruke\/#primaryimage\"},\"thumbnailUrl\":\"https:\/\/skaitytaknyga.lt\/wp-content\/uploads\/2026\/02\/Mergina-ruke-1.webp\",\"datePublished\":\"2026-02-25T17:01:34+00:00\",\"dateModified\":\"2026-03-05T11:06:34+00:00\",\"description\":\"Teisingumas nekelia reiting\u0173. Teisingumas niekam ne\u012fdomus. \u017dmon\u0117s trok\u0161ta siaub\u016bno... Ir a\u0161 jiems duosiu tai, ko jie trok\u0161ta. Nakt\u012f, kai viskas am\u017eiams\",\"breadcrumb\":{\"@id\":\"https:\/\/skaitytaknyga.lt\/produktas\/mergina-ruke\/#breadcrumb\"},\"inLanguage\":\"en-GB\",\"potentialAction\":[{\"@type\":\"ReadAction\",\"target\":[\"https:\/\/skaitytaknyga.lt\/produktas\/mergina-ruke\/\"]}]},{\"@type\":\"ImageObject\",\"inLanguage\":\"en-GB\",\"@id\":\"https:\/\/skaitytaknyga.lt\/produktas\/mergina-ruke\/#primaryimage\",\"url\":\"https:\/\/skaitytaknyga.lt\/wp-content\/uploads\/2026\/02\/Mergina-ruke-1.webp\",\"contentUrl\":\"https:\/\/skaitytaknyga.lt\/wp-content\/uploads\/2026\/02\/Mergina-ruke-1.webp\",\"width\":300,\"height\":450},{\"@type\":\"BreadcrumbList\",\"@id\":\"https:\/\/skaitytaknyga.lt\/produktas\/mergina-ruke\/#breadcrumb\",\"itemListElement\":[{\"@type\":\"ListItem\",\"position\":1,\"name\":\"Home\",\"item\":\"https:\/\/skaitytaknyga.lt\/\"},{\"@type\":\"ListItem\",\"position\":2,\"name\":\"Parduotuv\u0117\",\"item\":\"https:\/\/skaitytaknyga.lt\/knygu-parduotuve\/\"},{\"@type\":\"ListItem\",\"position\":3,\"name\":\"Mergina r\u016bke\"}]},{\"@type\":\"WebSite\",\"@id\":\"https:\/\/skaitytaknyga.lt\/#website\",\"url\":\"https:\/\/skaitytaknyga.lt\/\",\"name\":\"skaitytaknyga.lt\",\"description\":\"Skaitytaknyga.lt \u2013 tai ma\u017eas \u0161eimos verslas, kuris prasid\u0117jo nuo meil\u0117s knygoms ir siekio i\u0161gelb\u0117ti knygas nuo likimo prie konteinerio. Kas vienam nereikalingas daiktas \u2013 kitam lobis, o mes esame tarpininkai, kurie padeda abiems tapti laimingesniems ???? \u017dinome kaip nelengva i\u0161gyventi ma\u017eiems verslams, tad nuo \u0161iol, \u010dia rasite ir kit\u0173, ma\u017e\u0173 \u0161eim\u0173 versl\u0173, rank\u0173 darbo, dovan\u0173 sau ir artimiesiems.\",\"publisher\":{\"@id\":\"https:\/\/skaitytaknyga.lt\/#organization\"},\"potentialAction\":[{\"@type\":\"SearchAction\",\"target\":{\"@type\":\"EntryPoint\",\"urlTemplate\":\"https:\/\/skaitytaknyga.lt\/?s={search_term_string}\"},\"query-input\":{\"@type\":\"PropertyValueSpecification\",\"valueRequired\":true,\"valueName\":\"search_term_string\"}}],\"inLanguage\":\"en-GB\"},{\"@type\":\"Organization\",\"@id\":\"https:\/\/skaitytaknyga.lt\/#organization\",\"name\":\"skaitytaknyga.lt\",\"url\":\"https:\/\/skaitytaknyga.lt\/\",\"logo\":{\"@type\":\"ImageObject\",\"inLanguage\":\"en-GB\",\"@id\":\"https:\/\/skaitytaknyga.lt\/#\/schema\/logo\/image\/\",\"url\":\"https:\/\/skaitytaknyga.lt\/wp-content\/uploads\/2024\/05\/cropped-cropped-cropped-02_00843_jt3bggkj1j3HLc7SyY6rEUpg.jpeg\",\"contentUrl\":\"https:\/\/skaitytaknyga.lt\/wp-content\/uploads\/2024\/05\/cropped-cropped-cropped-02_00843_jt3bggkj1j3HLc7SyY6rEUpg.jpeg\",\"width\":1600,\"height\":1600,\"caption\":\"skaitytaknyga.lt\"},\"image\":{\"@id\":\"https:\/\/skaitytaknyga.lt\/#\/schema\/logo\/image\/\"},\"sameAs\":[\"https:\/\/www.facebook.com\/skaitytaknyga\/\"]}]}<\/script>\n<!-- \/ Yoast SEO plugin. -->","yoast_head_json":{"title":"Mergina r\u016bke","description":"Teisingumas nekelia reiting\u0173. Teisingumas niekam ne\u012fdomus. \u017dmon\u0117s trok\u0161ta siaub\u016bno... Ir a\u0161 jiems duosiu tai, ko jie trok\u0161ta. Nakt\u012f, kai viskas am\u017eiams","robots":{"index":"index","follow":"follow","max-snippet":"max-snippet:-1","max-image-preview":"max-image-preview:large","max-video-preview":"max-video-preview:-1"},"canonical":"https:\/\/skaitytaknyga.lt\/en\/produktas\/mergina-ruke\/","og_locale":"en_GB","og_type":"article","og_title":"[:lt]Mergina r\u016bke[:] - Skaitytaknyga","og_description":"Teisingumas nekelia reiting\u0173. Teisingumas niekam ne\u012fdomus. \u017dmon\u0117s trok\u0161ta siaub\u016bno... Ir a\u0161 jiems duosiu tai, ko jie trok\u0161ta. Nakt\u012f, kai viskas am\u017eiams","og_url":"https:\/\/skaitytaknyga.lt\/en\/produktas\/mergina-ruke\/","og_site_name":"Skaitytaknyga","article_publisher":"https:\/\/www.facebook.com\/skaitytaknyga\/","article_modified_time":"2026-03-05T11:06:34+00:00","og_image":[{"width":300,"height":450,"url":"https:\/\/skaitytaknyga.lt\/wp-content\/uploads\/2026\/02\/Mergina-ruke-1.webp","type":"image\/webp"}],"twitter_card":"summary_large_image","twitter_misc":{"Estimated reading time":"1 minute"},"schema":{"@context":"https:\/\/schema.org","@graph":[{"@type":"WebPage","@id":"https:\/\/skaitytaknyga.lt\/produktas\/mergina-ruke\/","url":"https:\/\/skaitytaknyga.lt\/produktas\/mergina-ruke\/","name":"Mergina r\u016bke","isPartOf":{"@id":"https:\/\/skaitytaknyga.lt\/#website"},"primaryImageOfPage":{"@id":"https:\/\/skaitytaknyga.lt\/produktas\/mergina-ruke\/#primaryimage"},"image":{"@id":"https:\/\/skaitytaknyga.lt\/produktas\/mergina-ruke\/#primaryimage"},"thumbnailUrl":"https:\/\/skaitytaknyga.lt\/wp-content\/uploads\/2026\/02\/Mergina-ruke-1.webp","datePublished":"2026-02-25T17:01:34+00:00","dateModified":"2026-03-05T11:06:34+00:00","description":"Teisingumas nekelia reiting\u0173. Teisingumas niekam ne\u012fdomus. \u017dmon\u0117s trok\u0161ta siaub\u016bno... Ir a\u0161 jiems duosiu tai, ko jie trok\u0161ta. Nakt\u012f, kai viskas am\u017eiams","breadcrumb":{"@id":"https:\/\/skaitytaknyga.lt\/produktas\/mergina-ruke\/#breadcrumb"},"inLanguage":"en-GB","potentialAction":[{"@type":"ReadAction","target":["https:\/\/skaitytaknyga.lt\/produktas\/mergina-ruke\/"]}]},{"@type":"ImageObject","inLanguage":"en-GB","@id":"https:\/\/skaitytaknyga.lt\/produktas\/mergina-ruke\/#primaryimage","url":"https:\/\/skaitytaknyga.lt\/wp-content\/uploads\/2026\/02\/Mergina-ruke-1.webp","contentUrl":"https:\/\/skaitytaknyga.lt\/wp-content\/uploads\/2026\/02\/Mergina-ruke-1.webp","width":300,"height":450},{"@type":"BreadcrumbList","@id":"https:\/\/skaitytaknyga.lt\/produktas\/mergina-ruke\/#breadcrumb","itemListElement":[{"@type":"ListItem","position":1,"name":"Home","item":"https:\/\/skaitytaknyga.lt\/"},{"@type":"ListItem","position":2,"name":"Parduotuv\u0117","item":"https:\/\/skaitytaknyga.lt\/knygu-parduotuve\/"},{"@type":"ListItem","position":3,"name":"Mergina r\u016bke"}]},{"@type":"WebSite","@id":"https:\/\/skaitytaknyga.lt\/#website","url":"https:\/\/skaitytaknyga.lt\/","name":"skaitytaknyga.lt","description":"Skaitytaknyga.lt \u2013 tai ma\u017eas \u0161eimos verslas, kuris prasid\u0117jo nuo meil\u0117s knygoms ir siekio i\u0161gelb\u0117ti knygas nuo likimo prie konteinerio. Kas vienam nereikalingas daiktas \u2013 kitam lobis, o mes esame tarpininkai, kurie padeda abiems tapti laimingesniems ???? \u017dinome kaip nelengva i\u0161gyventi ma\u017eiems verslams, tad nuo \u0161iol, \u010dia rasite ir kit\u0173, ma\u017e\u0173 \u0161eim\u0173 versl\u0173, rank\u0173 darbo, dovan\u0173 sau ir artimiesiems.","publisher":{"@id":"https:\/\/skaitytaknyga.lt\/#organization"},"potentialAction":[{"@type":"SearchAction","target":{"@type":"EntryPoint","urlTemplate":"https:\/\/skaitytaknyga.lt\/?s={search_term_string}"},"query-input":{"@type":"PropertyValueSpecification","valueRequired":true,"valueName":"search_term_string"}}],"inLanguage":"en-GB"},{"@type":"Organization","@id":"https:\/\/skaitytaknyga.lt\/#organization","name":"skaitytaknyga.lt","url":"https:\/\/skaitytaknyga.lt\/","logo":{"@type":"ImageObject","inLanguage":"en-GB","@id":"https:\/\/skaitytaknyga.lt\/#\/schema\/logo\/image\/","url":"https:\/\/skaitytaknyga.lt\/wp-content\/uploads\/2024\/05\/cropped-cropped-cropped-02_00843_jt3bggkj1j3HLc7SyY6rEUpg.jpeg","contentUrl":"https:\/\/skaitytaknyga.lt\/wp-content\/uploads\/2024\/05\/cropped-cropped-cropped-02_00843_jt3bggkj1j3HLc7SyY6rEUpg.jpeg","width":1600,"height":1600,"caption":"skaitytaknyga.lt"},"image":{"@id":"https:\/\/skaitytaknyga.lt\/#\/schema\/logo\/image\/"},"sameAs":["https:\/\/www.facebook.com\/skaitytaknyga\/"]}]}},"_links":{"self":[{"href":"https:\/\/skaitytaknyga.lt\/en\/wp-json\/wp\/v2\/product\/23146","targetHints":{"allow":["GET"]}}],"collection":[{"href":"https:\/\/skaitytaknyga.lt\/en\/wp-json\/wp\/v2\/product"}],"about":[{"href":"https:\/\/skaitytaknyga.lt\/en\/wp-json\/wp\/v2\/types\/product"}],"replies":[{"embeddable":true,"href":"https:\/\/skaitytaknyga.lt\/en\/wp-json\/wp\/v2\/comments?post=23146"}],"wp:featuredmedia":[{"embeddable":true,"href":"https:\/\/skaitytaknyga.lt\/en\/wp-json\/wp\/v2\/media\/23151"}],"wp:attachment":[{"href":"https:\/\/skaitytaknyga.lt\/en\/wp-json\/wp\/v2\/media?parent=23146"}],"wp:term":[{"taxonomy":"product_brand","embeddable":true,"href":"https:\/\/skaitytaknyga.lt\/en\/wp-json\/wp\/v2\/product_brand?post=23146"},{"taxonomy":"product_cat","embeddable":true,"href":"https:\/\/skaitytaknyga.lt\/en\/wp-json\/wp\/v2\/product_cat?post=23146"},{"taxonomy":"product_tag","embeddable":true,"href":"https:\/\/skaitytaknyga.lt\/en\/wp-json\/wp\/v2\/product_tag?post=23146"}],"curies":[{"name":"wp","href":"https:\/\/api.w.org\/{rel}","templated":true}]}}