{"id":23145,"date":"2026-02-25T19:01:34","date_gmt":"2026-02-25T17:01:34","guid":{"rendered":"https:\/\/skaitytaknyga.lt\/?post_type=product&#038;p=23145"},"modified":"2026-03-05T12:51:23","modified_gmt":"2026-03-05T10:51:23","slug":"pasienio-zemes-inspektoriaus-rajeno-detektyvas","status":"publish","type":"product","link":"https:\/\/skaitytaknyga.lt\/en\/produktas\/pasienio-zemes-inspektoriaus-rajeno-detektyvas\/","title":{"rendered":"Pasienio \u017eem\u0117s. Inspektoriaus Rajeno detektyvas"},"content":{"rendered":"<p>Suk\u016br\u0119 \u017emog\u0173 dievai suk\u016br\u0117 ginkl\u0105&#8230;<\/p>\n<p>Susitvark\u0119s su korumpuotais pareig\u016bnais Nortumbrijos kriminalini\u0173 tyrim\u0173 skyriuje, detektyvas vyresnysis inspektorius Rajenas tik\u0117josi ramios vasaros. Ta\u010diau kai atokiame kariuomen\u0117s poligone Nortumberlando nacionaliniame parke nu\u0161aunama jauna moteris, tirti nusikaltimo i\u0161kvie\u010diamas Rajenas.<\/p>\n<p>Tuo pat metu smurtiniai nusikaltimai vykdomi ir didel\u0117s istorin\u0117s svarbos objektuose \u0161alies \u0161iaur\u0117s rytuose. Nusikalt\u0117lis palieka ant pavir\u0161i\u0173 u\u017epurk\u0161t\u0105 simbol\u012f. Nukent\u0117jusi\u0173j\u0173 skai\u010dius vis did\u0117ja, tad Rajenui ir jo komandai b\u016btina i\u0161narplioti u\u017e simbolio slypin\u010di\u0105 paslapt\u012f. Kol dar nev\u0117lu&#8230;<\/p>\n<p>\u0160iame \u012ftempto siu\u017eeto detektyviniame romane, kurio veiksmas vyksta nuostabaus gro\u017eio Nortumbrijos gamtoje, \u017emog\u017eudyst\u0117s ir paslaptys pagardinamos romantika ir geru humoro jausmu.<\/p>\n<p>\u201eL. J. Ross patenka \u012f talentingiausi\u0173 trileri\u0173 autori\u0173 b\u016br\u012f.\u201c \u2013 The Times<\/p>\n<p>\u201eLiterat\u016bros fenomenas.\u201c \u2013 Evening Chronicle<\/p>\n","protected":false},"excerpt":{"rendered":"<p>Suk\u016br\u0119 \u017emog\u0173 dievai suk\u016br\u0117 ginkl\u0105&#8230; Susitvark\u0119s su korumpuotais pareig\u016bnais Nortumbrijos kriminalini\u0173 tyrim\u0173 skyriuje, detektyvas vyresnysis inspektorius Rajenas tik\u0117josi ramios vasaros. Ta\u010diau kai atokiame kariuomen\u0117s poligone Nortumberlando nacionaliniame parke nu\u0161aunama jauna moteris, tirti nusikaltimo i\u0161kvie\u010diamas Rajenas. Tuo pat metu smurtiniai nusikaltimai vykdomi ir didel\u0117s istorin\u0117s svarbos objektuose \u0161alies \u0161iaur\u0117s rytuose. Nusikalt\u0117lis palieka ant pavir\u0161i\u0173 u\u017epurk\u0161t\u0105 simbol\u012f. Nukent\u0117jusi\u0173j\u0173 skai\u010dius vis did\u0117ja, tad Rajenui ir jo komandai b\u016btina i\u0161narplioti u\u017e simbolio slypin\u010di\u0105 paslapt\u012f. Kol dar nev\u0117lu&#8230; \u0160iame \u012ftempto siu\u017eeto detektyviniame romane, kurio veiksmas vyksta nuostabaus gro\u017eio Nortumbrijos gamtoje, \u017emog\u017eudyst\u0117s ir paslaptys pagardinamos romantika ir geru humoro jausmu. \u201eL. J. Ross patenka \u012f talentingiausi\u0173 trileri\u0173 autori\u0173 b\u016br\u012f.\u201c \u2013 The Times \u201eLiterat\u016bros fenomenas.\u201c \u2013 Evening Chronicle<\/p>\n","protected":false},"featured_media":23150,"comment_status":"open","ping_status":"closed","template":"","meta":{"_acf_changed":false,"site-sidebar-layout":"default","site-content-layout":"","ast-site-content-layout":"default","site-content-style":"default","site-sidebar-style":"default","ast-global-header-display":"","ast-banner-title-visibility":"","ast-main-header-display":"","ast-hfb-above-header-display":"","ast-hfb-below-header-display":"","ast-hfb-mobile-header-display":"","site-post-title":"","ast-breadcrumbs-content":"","ast-featured-img":"","footer-sml-layout":"","ast-disable-related-posts":"","theme-transparent-header-meta":"","adv-header-id-meta":"","stick-header-meta":"","header-above-stick-meta":"","header-main-stick-meta":"","header-below-stick-meta":"","astra-migrate-meta-layouts":"default","ast-page-background-enabled":"default","ast-page-background-meta":{"desktop":{"background-color":"","background-image":"","background-repeat":"repeat","background-position":"center center","background-size":"auto","background-attachment":"scroll","background-type":"","background-media":"","overlay-type":"","overlay-color":"","overlay-opacity":"","overlay-gradient":""},"tablet":{"background-color":"","background-image":"","background-repeat":"repeat","background-position":"center center","background-size":"auto","background-attachment":"scroll","background-type":"","background-media":"","overlay-type":"","overlay-color":"","overlay-opacity":"","overlay-gradient":""},"mobile":{"background-color":"","background-image":"","background-repeat":"repeat","background-position":"center center","background-size":"auto","background-attachment":"scroll","background-type":"","background-media":"","overlay-type":"","overlay-color":"","overlay-opacity":"","overlay-gradient":""}},"ast-content-background-meta":{"desktop":{"background-color":"var(--ast-global-color-4)","background-image":"","background-repeat":"repeat","background-position":"center center","background-size":"auto","background-attachment":"scroll","background-type":"","background-media":"","overlay-type":"","overlay-color":"","overlay-opacity":"","overlay-gradient":""},"tablet":{"background-color":"var(--ast-global-color-4)","background-image":"","background-repeat":"repeat","background-position":"center center","background-size":"auto","background-attachment":"scroll","background-type":"","background-media":"","overlay-type":"","overlay-color":"","overlay-opacity":"","overlay-gradient":""},"mobile":{"background-color":"var(--ast-global-color-4)","background-image":"","background-repeat":"repeat","background-position":"center center","background-size":"auto","background-attachment":"scroll","background-type":"","background-media":"","overlay-type":"","overlay-color":"","overlay-opacity":"","overlay-gradient":""}}},"product_brand":[],"product_cat":[9581],"product_tag":[6566],"class_list":{"0":"post-23145","1":"product","2":"type-product","3":"status-publish","4":"has-post-thumbnail","6":"product_cat-kriminaliniai-romanai","7":"product_tag-l-j-ross","8":"desktop-align-left","9":"tablet-align-left","10":"mobile-align-left","12":"first","13":"instock","14":"shipping-taxable","15":"purchasable","16":"product-type-simple"},"acf":[],"yoast_head":"<!-- This site is optimized with the Yoast SEO plugin v27.0 - https:\/\/yoast.com\/product\/yoast-seo-wordpress\/ -->\n<title>Pasienio \u017eem\u0117s. Inspektoriaus Rajeno detektyvas<\/title>\n<meta name=\"description\" content=\"Suk\u016br\u0119 \u017emog\u0173 dievai suk\u016br\u0117 ginkl\u0105... Susitvark\u0119s su korumpuotais pareig\u016bnais Nortumbrijos kriminalini\u0173 tyrim\u0173 skyriuje, detektyvas vyresnysis inspektorius\" \/>\n<meta name=\"robots\" content=\"index, follow, max-snippet:-1, max-image-preview:large, max-video-preview:-1\" \/>\n<link rel=\"canonical\" href=\"https:\/\/skaitytaknyga.lt\/en\/produktas\/pasienio-zemes-inspektoriaus-rajeno-detektyvas\/\" \/>\n<meta property=\"og:locale\" content=\"en_GB\" \/>\n<meta property=\"og:locale:alternate\" content=\"lt_LT\" \/>\n<meta property=\"og:type\" content=\"article\" \/>\n<meta property=\"og:title\" content=\"Pasienio \u017eem\u0117s. Inspektoriaus Rajeno detektyvas\" \/>\n<meta property=\"og:description\" content=\"Suk\u016br\u0119 \u017emog\u0173 dievai suk\u016br\u0117 ginkl\u0105... Susitvark\u0119s su korumpuotais pareig\u016bnais Nortumbrijos kriminalini\u0173 tyrim\u0173 skyriuje, detektyvas vyresnysis inspektorius\" \/>\n<meta property=\"og:url\" content=\"https:\/\/skaitytaknyga.lt\/en\/produktas\/pasienio-zemes-inspektoriaus-rajeno-detektyvas\/\" \/>\n<meta property=\"og:site_name\" content=\"Skaitytaknyga\" \/>\n<meta property=\"article:publisher\" content=\"https:\/\/www.facebook.com\/skaitytaknyga\/\" \/>\n<meta property=\"article:modified_time\" content=\"2026-03-05T10:51:23+00:00\" \/>\n<meta property=\"og:image\" content=\"https:\/\/skaitytaknyga.lt\/wp-content\/uploads\/2026\/02\/Pasienio-zemes.-Inspektoriaus-Rajeno-detektyvas.webp\" \/>\n\t<meta property=\"og:image:width\" content=\"528\" \/>\n\t<meta property=\"og:image:height\" content=\"801\" \/>\n\t<meta property=\"og:image:type\" content=\"image\/webp\" \/>\n<meta name=\"twitter:card\" content=\"summary_large_image\" \/>\n<meta name=\"twitter:label1\" content=\"Estimated reading time\" \/>\n\t<meta name=\"twitter:data1\" content=\"1 minute\" \/>\n<script type=\"application\/ld+json\" class=\"yoast-schema-graph\">{\"@context\":\"https:\/\/schema.org\",\"@graph\":[{\"@type\":\"WebPage\",\"@id\":\"https:\/\/skaitytaknyga.lt\/produktas\/pasienio-zemes-inspektoriaus-rajeno-detektyvas\/\",\"url\":\"https:\/\/skaitytaknyga.lt\/produktas\/pasienio-zemes-inspektoriaus-rajeno-detektyvas\/\",\"name\":\"Pasienio \u017eem\u0117s. Inspektoriaus Rajeno detektyvas\",\"isPartOf\":{\"@id\":\"https:\/\/skaitytaknyga.lt\/#website\"},\"primaryImageOfPage\":{\"@id\":\"https:\/\/skaitytaknyga.lt\/produktas\/pasienio-zemes-inspektoriaus-rajeno-detektyvas\/#primaryimage\"},\"image\":{\"@id\":\"https:\/\/skaitytaknyga.lt\/produktas\/pasienio-zemes-inspektoriaus-rajeno-detektyvas\/#primaryimage\"},\"thumbnailUrl\":\"https:\/\/skaitytaknyga.lt\/wp-content\/uploads\/2026\/02\/Pasienio-zemes.-Inspektoriaus-Rajeno-detektyvas.webp\",\"datePublished\":\"2026-02-25T17:01:34+00:00\",\"dateModified\":\"2026-03-05T10:51:23+00:00\",\"description\":\"Suk\u016br\u0119 \u017emog\u0173 dievai suk\u016br\u0117 ginkl\u0105... Susitvark\u0119s su korumpuotais pareig\u016bnais Nortumbrijos kriminalini\u0173 tyrim\u0173 skyriuje, detektyvas vyresnysis inspektorius\",\"breadcrumb\":{\"@id\":\"https:\/\/skaitytaknyga.lt\/produktas\/pasienio-zemes-inspektoriaus-rajeno-detektyvas\/#breadcrumb\"},\"inLanguage\":\"en-GB\",\"potentialAction\":[{\"@type\":\"ReadAction\",\"target\":[\"https:\/\/skaitytaknyga.lt\/produktas\/pasienio-zemes-inspektoriaus-rajeno-detektyvas\/\"]}]},{\"@type\":\"ImageObject\",\"inLanguage\":\"en-GB\",\"@id\":\"https:\/\/skaitytaknyga.lt\/produktas\/pasienio-zemes-inspektoriaus-rajeno-detektyvas\/#primaryimage\",\"url\":\"https:\/\/skaitytaknyga.lt\/wp-content\/uploads\/2026\/02\/Pasienio-zemes.-Inspektoriaus-Rajeno-detektyvas.webp\",\"contentUrl\":\"https:\/\/skaitytaknyga.lt\/wp-content\/uploads\/2026\/02\/Pasienio-zemes.-Inspektoriaus-Rajeno-detektyvas.webp\",\"width\":528,\"height\":801,\"caption\":\"Pasienio \u017eem\u0117s. Inspektoriaus Rajeno detektyvas\"},{\"@type\":\"BreadcrumbList\",\"@id\":\"https:\/\/skaitytaknyga.lt\/produktas\/pasienio-zemes-inspektoriaus-rajeno-detektyvas\/#breadcrumb\",\"itemListElement\":[{\"@type\":\"ListItem\",\"position\":1,\"name\":\"Home\",\"item\":\"https:\/\/skaitytaknyga.lt\/\"},{\"@type\":\"ListItem\",\"position\":2,\"name\":\"Parduotuv\u0117\",\"item\":\"https:\/\/skaitytaknyga.lt\/knygu-parduotuve\/\"},{\"@type\":\"ListItem\",\"position\":3,\"name\":\"Pasienio \u017eem\u0117s. Inspektoriaus Rajeno detektyvas\"}]},{\"@type\":\"WebSite\",\"@id\":\"https:\/\/skaitytaknyga.lt\/#website\",\"url\":\"https:\/\/skaitytaknyga.lt\/\",\"name\":\"skaitytaknyga.lt\",\"description\":\"Skaitytaknyga.lt \u2013 tai ma\u017eas \u0161eimos verslas, kuris prasid\u0117jo nuo meil\u0117s knygoms ir siekio i\u0161gelb\u0117ti knygas nuo likimo prie konteinerio. Kas vienam nereikalingas daiktas \u2013 kitam lobis, o mes esame tarpininkai, kurie padeda abiems tapti laimingesniems ???? \u017dinome kaip nelengva i\u0161gyventi ma\u017eiems verslams, tad nuo \u0161iol, \u010dia rasite ir kit\u0173, ma\u017e\u0173 \u0161eim\u0173 versl\u0173, rank\u0173 darbo, dovan\u0173 sau ir artimiesiems.\",\"publisher\":{\"@id\":\"https:\/\/skaitytaknyga.lt\/#organization\"},\"potentialAction\":[{\"@type\":\"SearchAction\",\"target\":{\"@type\":\"EntryPoint\",\"urlTemplate\":\"https:\/\/skaitytaknyga.lt\/?s={search_term_string}\"},\"query-input\":{\"@type\":\"PropertyValueSpecification\",\"valueRequired\":true,\"valueName\":\"search_term_string\"}}],\"inLanguage\":\"en-GB\"},{\"@type\":\"Organization\",\"@id\":\"https:\/\/skaitytaknyga.lt\/#organization\",\"name\":\"skaitytaknyga.lt\",\"url\":\"https:\/\/skaitytaknyga.lt\/\",\"logo\":{\"@type\":\"ImageObject\",\"inLanguage\":\"en-GB\",\"@id\":\"https:\/\/skaitytaknyga.lt\/#\/schema\/logo\/image\/\",\"url\":\"https:\/\/skaitytaknyga.lt\/wp-content\/uploads\/2024\/05\/cropped-cropped-cropped-02_00843_jt3bggkj1j3HLc7SyY6rEUpg.jpeg\",\"contentUrl\":\"https:\/\/skaitytaknyga.lt\/wp-content\/uploads\/2024\/05\/cropped-cropped-cropped-02_00843_jt3bggkj1j3HLc7SyY6rEUpg.jpeg\",\"width\":1600,\"height\":1600,\"caption\":\"skaitytaknyga.lt\"},\"image\":{\"@id\":\"https:\/\/skaitytaknyga.lt\/#\/schema\/logo\/image\/\"},\"sameAs\":[\"https:\/\/www.facebook.com\/skaitytaknyga\/\"]}]}<\/script>\n<!-- \/ Yoast SEO plugin. -->","yoast_head_json":{"title":"Pasienio \u017eem\u0117s. Inspektoriaus Rajeno detektyvas","description":"Suk\u016br\u0119 \u017emog\u0173 dievai suk\u016br\u0117 ginkl\u0105... Susitvark\u0119s su korumpuotais pareig\u016bnais Nortumbrijos kriminalini\u0173 tyrim\u0173 skyriuje, detektyvas vyresnysis inspektorius","robots":{"index":"index","follow":"follow","max-snippet":"max-snippet:-1","max-image-preview":"max-image-preview:large","max-video-preview":"max-video-preview:-1"},"canonical":"https:\/\/skaitytaknyga.lt\/en\/produktas\/pasienio-zemes-inspektoriaus-rajeno-detektyvas\/","og_locale":"en_GB","og_type":"article","og_title":"[:lt]Pasienio \u017eem\u0117s. Inspektoriaus Rajeno detektyvas[:] - Skaitytaknyga","og_description":"Suk\u016br\u0119 \u017emog\u0173 dievai suk\u016br\u0117 ginkl\u0105... Susitvark\u0119s su korumpuotais pareig\u016bnais Nortumbrijos kriminalini\u0173 tyrim\u0173 skyriuje, detektyvas vyresnysis inspektorius","og_url":"https:\/\/skaitytaknyga.lt\/en\/produktas\/pasienio-zemes-inspektoriaus-rajeno-detektyvas\/","og_site_name":"Skaitytaknyga","article_publisher":"https:\/\/www.facebook.com\/skaitytaknyga\/","article_modified_time":"2026-03-05T10:51:23+00:00","og_image":[{"width":528,"height":801,"url":"https:\/\/skaitytaknyga.lt\/wp-content\/uploads\/2026\/02\/Pasienio-zemes.-Inspektoriaus-Rajeno-detektyvas.webp","type":"image\/webp"}],"twitter_card":"summary_large_image","twitter_misc":{"Estimated reading time":"1 minute"},"schema":{"@context":"https:\/\/schema.org","@graph":[{"@type":"WebPage","@id":"https:\/\/skaitytaknyga.lt\/produktas\/pasienio-zemes-inspektoriaus-rajeno-detektyvas\/","url":"https:\/\/skaitytaknyga.lt\/produktas\/pasienio-zemes-inspektoriaus-rajeno-detektyvas\/","name":"Pasienio \u017eem\u0117s. Inspektoriaus Rajeno detektyvas","isPartOf":{"@id":"https:\/\/skaitytaknyga.lt\/#website"},"primaryImageOfPage":{"@id":"https:\/\/skaitytaknyga.lt\/produktas\/pasienio-zemes-inspektoriaus-rajeno-detektyvas\/#primaryimage"},"image":{"@id":"https:\/\/skaitytaknyga.lt\/produktas\/pasienio-zemes-inspektoriaus-rajeno-detektyvas\/#primaryimage"},"thumbnailUrl":"https:\/\/skaitytaknyga.lt\/wp-content\/uploads\/2026\/02\/Pasienio-zemes.-Inspektoriaus-Rajeno-detektyvas.webp","datePublished":"2026-02-25T17:01:34+00:00","dateModified":"2026-03-05T10:51:23+00:00","description":"Suk\u016br\u0119 \u017emog\u0173 dievai suk\u016br\u0117 ginkl\u0105... Susitvark\u0119s su korumpuotais pareig\u016bnais Nortumbrijos kriminalini\u0173 tyrim\u0173 skyriuje, detektyvas vyresnysis inspektorius","breadcrumb":{"@id":"https:\/\/skaitytaknyga.lt\/produktas\/pasienio-zemes-inspektoriaus-rajeno-detektyvas\/#breadcrumb"},"inLanguage":"en-GB","potentialAction":[{"@type":"ReadAction","target":["https:\/\/skaitytaknyga.lt\/produktas\/pasienio-zemes-inspektoriaus-rajeno-detektyvas\/"]}]},{"@type":"ImageObject","inLanguage":"en-GB","@id":"https:\/\/skaitytaknyga.lt\/produktas\/pasienio-zemes-inspektoriaus-rajeno-detektyvas\/#primaryimage","url":"https:\/\/skaitytaknyga.lt\/wp-content\/uploads\/2026\/02\/Pasienio-zemes.-Inspektoriaus-Rajeno-detektyvas.webp","contentUrl":"https:\/\/skaitytaknyga.lt\/wp-content\/uploads\/2026\/02\/Pasienio-zemes.-Inspektoriaus-Rajeno-detektyvas.webp","width":528,"height":801,"caption":"Pasienio \u017eem\u0117s. Inspektoriaus Rajeno detektyvas"},{"@type":"BreadcrumbList","@id":"https:\/\/skaitytaknyga.lt\/produktas\/pasienio-zemes-inspektoriaus-rajeno-detektyvas\/#breadcrumb","itemListElement":[{"@type":"ListItem","position":1,"name":"Home","item":"https:\/\/skaitytaknyga.lt\/"},{"@type":"ListItem","position":2,"name":"Parduotuv\u0117","item":"https:\/\/skaitytaknyga.lt\/knygu-parduotuve\/"},{"@type":"ListItem","position":3,"name":"Pasienio \u017eem\u0117s. Inspektoriaus Rajeno detektyvas"}]},{"@type":"WebSite","@id":"https:\/\/skaitytaknyga.lt\/#website","url":"https:\/\/skaitytaknyga.lt\/","name":"skaitytaknyga.lt","description":"Skaitytaknyga.lt \u2013 tai ma\u017eas \u0161eimos verslas, kuris prasid\u0117jo nuo meil\u0117s knygoms ir siekio i\u0161gelb\u0117ti knygas nuo likimo prie konteinerio. Kas vienam nereikalingas daiktas \u2013 kitam lobis, o mes esame tarpininkai, kurie padeda abiems tapti laimingesniems ???? \u017dinome kaip nelengva i\u0161gyventi ma\u017eiems verslams, tad nuo \u0161iol, \u010dia rasite ir kit\u0173, ma\u017e\u0173 \u0161eim\u0173 versl\u0173, rank\u0173 darbo, dovan\u0173 sau ir artimiesiems.","publisher":{"@id":"https:\/\/skaitytaknyga.lt\/#organization"},"potentialAction":[{"@type":"SearchAction","target":{"@type":"EntryPoint","urlTemplate":"https:\/\/skaitytaknyga.lt\/?s={search_term_string}"},"query-input":{"@type":"PropertyValueSpecification","valueRequired":true,"valueName":"search_term_string"}}],"inLanguage":"en-GB"},{"@type":"Organization","@id":"https:\/\/skaitytaknyga.lt\/#organization","name":"skaitytaknyga.lt","url":"https:\/\/skaitytaknyga.lt\/","logo":{"@type":"ImageObject","inLanguage":"en-GB","@id":"https:\/\/skaitytaknyga.lt\/#\/schema\/logo\/image\/","url":"https:\/\/skaitytaknyga.lt\/wp-content\/uploads\/2024\/05\/cropped-cropped-cropped-02_00843_jt3bggkj1j3HLc7SyY6rEUpg.jpeg","contentUrl":"https:\/\/skaitytaknyga.lt\/wp-content\/uploads\/2024\/05\/cropped-cropped-cropped-02_00843_jt3bggkj1j3HLc7SyY6rEUpg.jpeg","width":1600,"height":1600,"caption":"skaitytaknyga.lt"},"image":{"@id":"https:\/\/skaitytaknyga.lt\/#\/schema\/logo\/image\/"},"sameAs":["https:\/\/www.facebook.com\/skaitytaknyga\/"]}]}},"_links":{"self":[{"href":"https:\/\/skaitytaknyga.lt\/en\/wp-json\/wp\/v2\/product\/23145","targetHints":{"allow":["GET"]}}],"collection":[{"href":"https:\/\/skaitytaknyga.lt\/en\/wp-json\/wp\/v2\/product"}],"about":[{"href":"https:\/\/skaitytaknyga.lt\/en\/wp-json\/wp\/v2\/types\/product"}],"replies":[{"embeddable":true,"href":"https:\/\/skaitytaknyga.lt\/en\/wp-json\/wp\/v2\/comments?post=23145"}],"wp:featuredmedia":[{"embeddable":true,"href":"https:\/\/skaitytaknyga.lt\/en\/wp-json\/wp\/v2\/media\/23150"}],"wp:attachment":[{"href":"https:\/\/skaitytaknyga.lt\/en\/wp-json\/wp\/v2\/media?parent=23145"}],"wp:term":[{"taxonomy":"product_brand","embeddable":true,"href":"https:\/\/skaitytaknyga.lt\/en\/wp-json\/wp\/v2\/product_brand?post=23145"},{"taxonomy":"product_cat","embeddable":true,"href":"https:\/\/skaitytaknyga.lt\/en\/wp-json\/wp\/v2\/product_cat?post=23145"},{"taxonomy":"product_tag","embeddable":true,"href":"https:\/\/skaitytaknyga.lt\/en\/wp-json\/wp\/v2\/product_tag?post=23145"}],"curies":[{"name":"wp","href":"https:\/\/api.w.org\/{rel}","templated":true}]}}