{"id":2314,"date":"2024-04-17T13:07:43","date_gmt":"2024-04-17T13:07:43","guid":{"rendered":"https:\/\/skaitytaknyga.lt\/?post_type=product&#038;p=2314"},"modified":"2025-05-19T14:53:45","modified_gmt":"2025-05-19T11:53:45","slug":"a-miunte-prisiminimai-ir-mastymai","status":"publish","type":"product","link":"https:\/\/skaitytaknyga.lt\/en\/produktas\/a-miunte-prisiminimai-ir-mastymai\/","title":{"rendered":"Prisiminimai ir m\u0105stymai"},"content":{"rendered":"<p>\u201eKnygos apie San Mikel\u0119\u201c skaitytojas \u010dia v\u0117l sutiks daug sen\u0173 savo pa\u017e\u012fstam\u0173 tais pa\u010diais sudriskusiais drabu\u017eiais, mat jie geresni\u0173 neturi. Mano bi\u010diulis Arkand\u017eelas Fuskas, Monparnaso kvartalo gatvi\u0173 \u0161lav\u0117jas, Salvator\u0117s \u0161eima i\u0161 Ruselio aklagatvio, donas Gaetanas, senasis rylininkas su savo dreban\u010dia nuo \u0161al\u010dio be\u017ed\u017eion\u0117le, ponas Alfredas su savo paskutin\u0117s penki\u0173 veiksm\u0173 tragedijos rankra\u0161\u010diu po pa\u017eastimi, \u2013 jie visi \u010dia yra.<\/p>\n<p>Taip pat sesuo Filomena, \u0161velnusis angelas sargas i\u0161 Pary\u017eiaus ligonin\u0117s, gyvena ir mir\u0161ta \u0161iuose puslapiuose. Tie patys seni apiply\u0161\u0119 kunigai ir vienuoliai vis tebene\u0161ioja po Neapolio varginguosius kvartalus kiekvienas savo garbinam\u0105 Madon\u0105 ir \u0161ventuosius glob\u0117jus, kurie tarp sav\u0119s nesutinka.<\/p>\n<p>Ta pati spinduliuojanti saul\u0117 \u017e\u0117ri Neapolio \u012flankoje, i\u0161 kurios tviskan\u010di\u0173 vanden\u0173 kyla tos pa\u010dios u\u017eburtos salos, ir tie patys mieli j\u0173 gyventojai maloniai sutinka skaitytoj\u0105&#8230;\u201c<\/p>\n","protected":false},"excerpt":{"rendered":"<p>\u201eKnygos apie San Mikel\u0119\u201c skaitytojas \u010dia v\u0117l sutiks daug sen\u0173 savo pa\u017e\u012fstam\u0173 tais pa\u010diais sudriskusiais drabu\u017eiais, mat jie geresni\u0173 neturi. Mano bi\u010diulis Arkand\u017eelas Fuskas, Monparnaso kvartalo gatvi\u0173 \u0161lav\u0117jas, Salvator\u0117s \u0161eima i\u0161 Ruselio aklagatvio, donas Gaetanas, senasis rylininkas su savo dreban\u010dia nuo \u0161al\u010dio be\u017ed\u017eion\u0117le, ponas Alfredas su savo paskutin\u0117s penki\u0173 veiksm\u0173 tragedijos rankra\u0161\u010diu po pa\u017eastimi, \u2013 jie visi \u010dia yra. Taip pat sesuo Filomena, \u0161velnusis angelas sargas i\u0161 Pary\u017eiaus ligonin\u0117s, gyvena ir mir\u0161ta \u0161iuose puslapiuose. Tie patys seni apiply\u0161\u0119 kunigai ir vienuoliai vis tebene\u0161ioja po Neapolio varginguosius kvartalus kiekvienas savo garbinam\u0105 Madon\u0105 ir \u0161ventuosius glob\u0117jus, kurie tarp sav\u0119s nesutinka. Ta pati spinduliuojanti saul\u0117 \u017e\u0117ri Neapolio \u012flankoje, i\u0161 kurios tviskan\u010di\u0173 vanden\u0173 kyla tos pa\u010dios u\u017eburtos salos, ir tie patys mieli j\u0173 gyventojai maloniai sutinka skaitytoj\u0105&#8230;\u201c<\/p>\n","protected":false},"featured_media":2363,"comment_status":"closed","ping_status":"closed","template":"","meta":{"_acf_changed":false,"site-sidebar-layout":"default","site-content-layout":"","ast-site-content-layout":"default","site-content-style":"default","site-sidebar-style":"default","ast-global-header-display":"","ast-banner-title-visibility":"","ast-main-header-display":"","ast-hfb-above-header-display":"","ast-hfb-below-header-display":"","ast-hfb-mobile-header-display":"","site-post-title":"","ast-breadcrumbs-content":"","ast-featured-img":"","footer-sml-layout":"","ast-disable-related-posts":"","theme-transparent-header-meta":"","adv-header-id-meta":"","stick-header-meta":"","header-above-stick-meta":"","header-main-stick-meta":"","header-below-stick-meta":"","astra-migrate-meta-layouts":"default","ast-page-background-enabled":"default","ast-page-background-meta":{"desktop":{"background-color":"","background-image":"","background-repeat":"repeat","background-position":"center center","background-size":"auto","background-attachment":"scroll","background-type":"","background-media":"","overlay-type":"","overlay-color":"","overlay-opacity":"","overlay-gradient":""},"tablet":{"background-color":"","background-image":"","background-repeat":"repeat","background-position":"center center","background-size":"auto","background-attachment":"scroll","background-type":"","background-media":"","overlay-type":"","overlay-color":"","overlay-opacity":"","overlay-gradient":""},"mobile":{"background-color":"","background-image":"","background-repeat":"repeat","background-position":"center center","background-size":"auto","background-attachment":"scroll","background-type":"","background-media":"","overlay-type":"","overlay-color":"","overlay-opacity":"","overlay-gradient":""}},"ast-content-background-meta":{"desktop":{"background-color":"var(--ast-global-color-4)","background-image":"","background-repeat":"repeat","background-position":"center center","background-size":"auto","background-attachment":"scroll","background-type":"","background-media":"","overlay-type":"","overlay-color":"","overlay-opacity":"","overlay-gradient":""},"tablet":{"background-color":"var(--ast-global-color-4)","background-image":"","background-repeat":"repeat","background-position":"center center","background-size":"auto","background-attachment":"scroll","background-type":"","background-media":"","overlay-type":"","overlay-color":"","overlay-opacity":"","overlay-gradient":""},"mobile":{"background-color":"var(--ast-global-color-4)","background-image":"","background-repeat":"repeat","background-position":"center center","background-size":"auto","background-attachment":"scroll","background-type":"","background-media":"","overlay-type":"","overlay-color":"","overlay-opacity":"","overlay-gradient":""}}},"product_brand":[],"product_cat":[31],"product_tag":[4079,1627,2824,4080,2439,4081],"class_list":{"0":"post-2314","1":"product","2":"type-product","3":"status-publish","4":"has-post-thumbnail","6":"product_cat-grozine-literatura","7":"product_tag-a-miunte","8":"product_tag-gyvenimo-prasme","9":"product_tag-humanizmas","10":"product_tag-neapolis","11":"product_tag-prisiminimai","12":"product_tag-san-mikele","13":"desktop-align-left","14":"tablet-align-left","15":"mobile-align-left","17":"first","18":"outofstock","19":"shipping-taxable","20":"purchasable","21":"product-type-simple"},"acf":[],"yoast_head":"<!-- This site is optimized with the Yoast SEO plugin v27.0 - https:\/\/yoast.com\/product\/yoast-seo-wordpress\/ -->\n<title>Prisiminimai ir m\u0105stymai<\/title>\n<meta name=\"description\" content=\"\u201eKnygos apie San Mikel\u0119\u201c skaitytojas \u010dia v\u0117l sutiks daug sen\u0173 savo pa\u017e\u012fstam\u0173 tais pa\u010diais sudriskusiais drabu\u017eiais, mat jie geresni\u0173 neturi. Mano bi\u010diulis\" \/>\n<meta name=\"robots\" content=\"index, follow, max-snippet:-1, max-image-preview:large, max-video-preview:-1\" \/>\n<link rel=\"canonical\" href=\"https:\/\/skaitytaknyga.lt\/en\/produktas\/a-miunte-prisiminimai-ir-mastymai\/\" \/>\n<meta property=\"og:locale\" content=\"en_GB\" \/>\n<meta property=\"og:locale:alternate\" content=\"lt_LT\" \/>\n<meta property=\"og:type\" content=\"article\" \/>\n<meta property=\"og:title\" content=\"Prisiminimai ir m\u0105stymai\" \/>\n<meta property=\"og:description\" content=\"\u201eKnygos apie San Mikel\u0119\u201c skaitytojas \u010dia v\u0117l sutiks daug sen\u0173 savo pa\u017e\u012fstam\u0173 tais pa\u010diais sudriskusiais drabu\u017eiais, mat jie geresni\u0173 neturi. Mano bi\u010diulis\" \/>\n<meta property=\"og:url\" content=\"https:\/\/skaitytaknyga.lt\/en\/produktas\/a-miunte-prisiminimai-ir-mastymai\/\" \/>\n<meta property=\"og:site_name\" content=\"Skaitytaknyga\" \/>\n<meta property=\"article:publisher\" content=\"https:\/\/www.facebook.com\/skaitytaknyga\/\" \/>\n<meta property=\"article:modified_time\" content=\"2025-05-19T11:53:45+00:00\" \/>\n<meta property=\"og:image\" content=\"https:\/\/skaitytaknyga.lt\/wp-content\/uploads\/2024\/04\/20200819_170214_edited-scaled-1.jpg\" \/>\n\t<meta property=\"og:image:width\" content=\"1541\" \/>\n\t<meta property=\"og:image:height\" content=\"2560\" \/>\n\t<meta property=\"og:image:type\" content=\"image\/jpeg\" \/>\n<meta name=\"twitter:card\" content=\"summary_large_image\" \/>\n<meta name=\"twitter:label1\" content=\"Estimated reading time\" \/>\n\t<meta name=\"twitter:data1\" content=\"1 minute\" \/>\n<script type=\"application\/ld+json\" class=\"yoast-schema-graph\">{\"@context\":\"https:\/\/schema.org\",\"@graph\":[{\"@type\":\"WebPage\",\"@id\":\"https:\/\/skaitytaknyga.lt\/produktas\/a-miunte-prisiminimai-ir-mastymai\/\",\"url\":\"https:\/\/skaitytaknyga.lt\/produktas\/a-miunte-prisiminimai-ir-mastymai\/\",\"name\":\"Prisiminimai ir m\u0105stymai\",\"isPartOf\":{\"@id\":\"https:\/\/skaitytaknyga.lt\/#website\"},\"primaryImageOfPage\":{\"@id\":\"https:\/\/skaitytaknyga.lt\/produktas\/a-miunte-prisiminimai-ir-mastymai\/#primaryimage\"},\"image\":{\"@id\":\"https:\/\/skaitytaknyga.lt\/produktas\/a-miunte-prisiminimai-ir-mastymai\/#primaryimage\"},\"thumbnailUrl\":\"https:\/\/skaitytaknyga.lt\/wp-content\/uploads\/2024\/04\/20200819_170214_edited-scaled-1.jpg\",\"datePublished\":\"2024-04-17T13:07:43+00:00\",\"dateModified\":\"2025-05-19T11:53:45+00:00\",\"description\":\"\u201eKnygos apie San Mikel\u0119\u201c skaitytojas \u010dia v\u0117l sutiks daug sen\u0173 savo pa\u017e\u012fstam\u0173 tais pa\u010diais sudriskusiais drabu\u017eiais, mat jie geresni\u0173 neturi. Mano bi\u010diulis\",\"breadcrumb\":{\"@id\":\"https:\/\/skaitytaknyga.lt\/produktas\/a-miunte-prisiminimai-ir-mastymai\/#breadcrumb\"},\"inLanguage\":\"en-GB\",\"potentialAction\":[{\"@type\":\"ReadAction\",\"target\":[\"https:\/\/skaitytaknyga.lt\/produktas\/a-miunte-prisiminimai-ir-mastymai\/\"]}]},{\"@type\":\"ImageObject\",\"inLanguage\":\"en-GB\",\"@id\":\"https:\/\/skaitytaknyga.lt\/produktas\/a-miunte-prisiminimai-ir-mastymai\/#primaryimage\",\"url\":\"https:\/\/skaitytaknyga.lt\/wp-content\/uploads\/2024\/04\/20200819_170214_edited-scaled-1.jpg\",\"contentUrl\":\"https:\/\/skaitytaknyga.lt\/wp-content\/uploads\/2024\/04\/20200819_170214_edited-scaled-1.jpg\",\"width\":1541,\"height\":2560,\"caption\":\"20200819 170214 edited scaled 1\"},{\"@type\":\"BreadcrumbList\",\"@id\":\"https:\/\/skaitytaknyga.lt\/produktas\/a-miunte-prisiminimai-ir-mastymai\/#breadcrumb\",\"itemListElement\":[{\"@type\":\"ListItem\",\"position\":1,\"name\":\"Home\",\"item\":\"https:\/\/skaitytaknyga.lt\/\"},{\"@type\":\"ListItem\",\"position\":2,\"name\":\"Parduotuv\u0117\",\"item\":\"https:\/\/skaitytaknyga.lt\/knygu-parduotuve\/\"},{\"@type\":\"ListItem\",\"position\":3,\"name\":\"Prisiminimai ir m\u0105stymai\"}]},{\"@type\":\"WebSite\",\"@id\":\"https:\/\/skaitytaknyga.lt\/#website\",\"url\":\"https:\/\/skaitytaknyga.lt\/\",\"name\":\"skaitytaknyga.lt\",\"description\":\"Skaitytaknyga.lt \u2013 tai ma\u017eas \u0161eimos verslas, kuris prasid\u0117jo nuo meil\u0117s knygoms ir siekio i\u0161gelb\u0117ti knygas nuo likimo prie konteinerio. Kas vienam nereikalingas daiktas \u2013 kitam lobis, o mes esame tarpininkai, kurie padeda abiems tapti laimingesniems ???? \u017dinome kaip nelengva i\u0161gyventi ma\u017eiems verslams, tad nuo \u0161iol, \u010dia rasite ir kit\u0173, ma\u017e\u0173 \u0161eim\u0173 versl\u0173, rank\u0173 darbo, dovan\u0173 sau ir artimiesiems.\",\"publisher\":{\"@id\":\"https:\/\/skaitytaknyga.lt\/#organization\"},\"potentialAction\":[{\"@type\":\"SearchAction\",\"target\":{\"@type\":\"EntryPoint\",\"urlTemplate\":\"https:\/\/skaitytaknyga.lt\/?s={search_term_string}\"},\"query-input\":{\"@type\":\"PropertyValueSpecification\",\"valueRequired\":true,\"valueName\":\"search_term_string\"}}],\"inLanguage\":\"en-GB\"},{\"@type\":\"Organization\",\"@id\":\"https:\/\/skaitytaknyga.lt\/#organization\",\"name\":\"skaitytaknyga.lt\",\"url\":\"https:\/\/skaitytaknyga.lt\/\",\"logo\":{\"@type\":\"ImageObject\",\"inLanguage\":\"en-GB\",\"@id\":\"https:\/\/skaitytaknyga.lt\/#\/schema\/logo\/image\/\",\"url\":\"https:\/\/skaitytaknyga.lt\/wp-content\/uploads\/2024\/05\/cropped-cropped-cropped-02_00843_jt3bggkj1j3HLc7SyY6rEUpg.jpeg\",\"contentUrl\":\"https:\/\/skaitytaknyga.lt\/wp-content\/uploads\/2024\/05\/cropped-cropped-cropped-02_00843_jt3bggkj1j3HLc7SyY6rEUpg.jpeg\",\"width\":1600,\"height\":1600,\"caption\":\"skaitytaknyga.lt\"},\"image\":{\"@id\":\"https:\/\/skaitytaknyga.lt\/#\/schema\/logo\/image\/\"},\"sameAs\":[\"https:\/\/www.facebook.com\/skaitytaknyga\/\"]}]}<\/script>\n<!-- \/ Yoast SEO plugin. -->","yoast_head_json":{"title":"Prisiminimai ir m\u0105stymai","description":"\u201eKnygos apie San Mikel\u0119\u201c skaitytojas \u010dia v\u0117l sutiks daug sen\u0173 savo pa\u017e\u012fstam\u0173 tais pa\u010diais sudriskusiais drabu\u017eiais, mat jie geresni\u0173 neturi. Mano bi\u010diulis","robots":{"index":"index","follow":"follow","max-snippet":"max-snippet:-1","max-image-preview":"max-image-preview:large","max-video-preview":"max-video-preview:-1"},"canonical":"https:\/\/skaitytaknyga.lt\/en\/produktas\/a-miunte-prisiminimai-ir-mastymai\/","og_locale":"en_GB","og_type":"article","og_title":"[:lt]Prisiminimai ir m\u0105stymai[:] - Skaitytaknyga","og_description":"\u201eKnygos apie San Mikel\u0119\u201c skaitytojas \u010dia v\u0117l sutiks daug sen\u0173 savo pa\u017e\u012fstam\u0173 tais pa\u010diais sudriskusiais drabu\u017eiais, mat jie geresni\u0173 neturi. Mano bi\u010diulis","og_url":"https:\/\/skaitytaknyga.lt\/en\/produktas\/a-miunte-prisiminimai-ir-mastymai\/","og_site_name":"Skaitytaknyga","article_publisher":"https:\/\/www.facebook.com\/skaitytaknyga\/","article_modified_time":"2025-05-19T11:53:45+00:00","og_image":[{"width":1541,"height":2560,"url":"https:\/\/skaitytaknyga.lt\/wp-content\/uploads\/2024\/04\/20200819_170214_edited-scaled-1.jpg","type":"image\/jpeg"}],"twitter_card":"summary_large_image","twitter_misc":{"Estimated reading time":"1 minute"},"schema":{"@context":"https:\/\/schema.org","@graph":[{"@type":"WebPage","@id":"https:\/\/skaitytaknyga.lt\/produktas\/a-miunte-prisiminimai-ir-mastymai\/","url":"https:\/\/skaitytaknyga.lt\/produktas\/a-miunte-prisiminimai-ir-mastymai\/","name":"Prisiminimai ir m\u0105stymai","isPartOf":{"@id":"https:\/\/skaitytaknyga.lt\/#website"},"primaryImageOfPage":{"@id":"https:\/\/skaitytaknyga.lt\/produktas\/a-miunte-prisiminimai-ir-mastymai\/#primaryimage"},"image":{"@id":"https:\/\/skaitytaknyga.lt\/produktas\/a-miunte-prisiminimai-ir-mastymai\/#primaryimage"},"thumbnailUrl":"https:\/\/skaitytaknyga.lt\/wp-content\/uploads\/2024\/04\/20200819_170214_edited-scaled-1.jpg","datePublished":"2024-04-17T13:07:43+00:00","dateModified":"2025-05-19T11:53:45+00:00","description":"\u201eKnygos apie San Mikel\u0119\u201c skaitytojas \u010dia v\u0117l sutiks daug sen\u0173 savo pa\u017e\u012fstam\u0173 tais pa\u010diais sudriskusiais drabu\u017eiais, mat jie geresni\u0173 neturi. Mano bi\u010diulis","breadcrumb":{"@id":"https:\/\/skaitytaknyga.lt\/produktas\/a-miunte-prisiminimai-ir-mastymai\/#breadcrumb"},"inLanguage":"en-GB","potentialAction":[{"@type":"ReadAction","target":["https:\/\/skaitytaknyga.lt\/produktas\/a-miunte-prisiminimai-ir-mastymai\/"]}]},{"@type":"ImageObject","inLanguage":"en-GB","@id":"https:\/\/skaitytaknyga.lt\/produktas\/a-miunte-prisiminimai-ir-mastymai\/#primaryimage","url":"https:\/\/skaitytaknyga.lt\/wp-content\/uploads\/2024\/04\/20200819_170214_edited-scaled-1.jpg","contentUrl":"https:\/\/skaitytaknyga.lt\/wp-content\/uploads\/2024\/04\/20200819_170214_edited-scaled-1.jpg","width":1541,"height":2560,"caption":"20200819 170214 edited scaled 1"},{"@type":"BreadcrumbList","@id":"https:\/\/skaitytaknyga.lt\/produktas\/a-miunte-prisiminimai-ir-mastymai\/#breadcrumb","itemListElement":[{"@type":"ListItem","position":1,"name":"Home","item":"https:\/\/skaitytaknyga.lt\/"},{"@type":"ListItem","position":2,"name":"Parduotuv\u0117","item":"https:\/\/skaitytaknyga.lt\/knygu-parduotuve\/"},{"@type":"ListItem","position":3,"name":"Prisiminimai ir m\u0105stymai"}]},{"@type":"WebSite","@id":"https:\/\/skaitytaknyga.lt\/#website","url":"https:\/\/skaitytaknyga.lt\/","name":"skaitytaknyga.lt","description":"Skaitytaknyga.lt \u2013 tai ma\u017eas \u0161eimos verslas, kuris prasid\u0117jo nuo meil\u0117s knygoms ir siekio i\u0161gelb\u0117ti knygas nuo likimo prie konteinerio. Kas vienam nereikalingas daiktas \u2013 kitam lobis, o mes esame tarpininkai, kurie padeda abiems tapti laimingesniems ???? \u017dinome kaip nelengva i\u0161gyventi ma\u017eiems verslams, tad nuo \u0161iol, \u010dia rasite ir kit\u0173, ma\u017e\u0173 \u0161eim\u0173 versl\u0173, rank\u0173 darbo, dovan\u0173 sau ir artimiesiems.","publisher":{"@id":"https:\/\/skaitytaknyga.lt\/#organization"},"potentialAction":[{"@type":"SearchAction","target":{"@type":"EntryPoint","urlTemplate":"https:\/\/skaitytaknyga.lt\/?s={search_term_string}"},"query-input":{"@type":"PropertyValueSpecification","valueRequired":true,"valueName":"search_term_string"}}],"inLanguage":"en-GB"},{"@type":"Organization","@id":"https:\/\/skaitytaknyga.lt\/#organization","name":"skaitytaknyga.lt","url":"https:\/\/skaitytaknyga.lt\/","logo":{"@type":"ImageObject","inLanguage":"en-GB","@id":"https:\/\/skaitytaknyga.lt\/#\/schema\/logo\/image\/","url":"https:\/\/skaitytaknyga.lt\/wp-content\/uploads\/2024\/05\/cropped-cropped-cropped-02_00843_jt3bggkj1j3HLc7SyY6rEUpg.jpeg","contentUrl":"https:\/\/skaitytaknyga.lt\/wp-content\/uploads\/2024\/05\/cropped-cropped-cropped-02_00843_jt3bggkj1j3HLc7SyY6rEUpg.jpeg","width":1600,"height":1600,"caption":"skaitytaknyga.lt"},"image":{"@id":"https:\/\/skaitytaknyga.lt\/#\/schema\/logo\/image\/"},"sameAs":["https:\/\/www.facebook.com\/skaitytaknyga\/"]}]}},"_links":{"self":[{"href":"https:\/\/skaitytaknyga.lt\/en\/wp-json\/wp\/v2\/product\/2314","targetHints":{"allow":["GET"]}}],"collection":[{"href":"https:\/\/skaitytaknyga.lt\/en\/wp-json\/wp\/v2\/product"}],"about":[{"href":"https:\/\/skaitytaknyga.lt\/en\/wp-json\/wp\/v2\/types\/product"}],"replies":[{"embeddable":true,"href":"https:\/\/skaitytaknyga.lt\/en\/wp-json\/wp\/v2\/comments?post=2314"}],"wp:featuredmedia":[{"embeddable":true,"href":"https:\/\/skaitytaknyga.lt\/en\/wp-json\/wp\/v2\/media\/2363"}],"wp:attachment":[{"href":"https:\/\/skaitytaknyga.lt\/en\/wp-json\/wp\/v2\/media?parent=2314"}],"wp:term":[{"taxonomy":"product_brand","embeddable":true,"href":"https:\/\/skaitytaknyga.lt\/en\/wp-json\/wp\/v2\/product_brand?post=2314"},{"taxonomy":"product_cat","embeddable":true,"href":"https:\/\/skaitytaknyga.lt\/en\/wp-json\/wp\/v2\/product_cat?post=2314"},{"taxonomy":"product_tag","embeddable":true,"href":"https:\/\/skaitytaknyga.lt\/en\/wp-json\/wp\/v2\/product_tag?post=2314"}],"curies":[{"name":"wp","href":"https:\/\/api.w.org\/{rel}","templated":true}]}}