{"id":23132,"date":"2026-02-23T12:14:15","date_gmt":"2026-02-23T10:14:15","guid":{"rendered":"https:\/\/skaitytaknyga.lt\/?post_type=product&#038;p=23132"},"modified":"2026-03-05T10:59:40","modified_gmt":"2026-03-05T08:59:40","slug":"dar-pasimatysim","status":"publish","type":"product","link":"https:\/\/skaitytaknyga.lt\/en\/produktas\/dar-pasimatysim\/","title":{"rendered":"Dar pasimatysim"},"content":{"rendered":"<p>Detektyvinis trileris \u201eDar pasimatysim&#8221; \u2013 \u012ftraukianti istorija, permainingas ir daugialypis siu\u017eetas, kibus klastos ir i\u0161davys\u010di\u0173 tinklas, kuriame net ir artimiausi \u017emon\u0117s n\u0117ra tokie, kokie dedasi.<\/p>\n<p>\u201eMegan pa\u017ei\u016br\u0117jo slaugytojai per pet\u012f ir \u012fsistebeilijo \u012f nematan\u010dias m\u0117lynas negyvos jaunos moters akis. \u017dvelgdama \u012f tas akis, pla\u010di\u0105 kakt\u0105, lenktus antakius, auk\u0161tus skruostikaulius, tiesi\u0105 nos\u012f ir putlias l\u016bpas ji aiktel\u0117jo.<\/p>\n<p>Atrod\u0117, tartum \u017ei\u016br\u0117t\u0173 \u012f veidrod\u012f. Ji \u017evelg\u0117 \u012f savo pa\u010dios veid\u0105.&#8221;<\/p>\n<p>Televizijos \u017eini\u0173 reporter\u0117 Megan Kolins eilin\u0119 darbo dien\u0105 leid\u017eia Niujorko ligonin\u0117je, drauge su b\u016briu \u017eurnalist\u0173 laukdama naujien\u0173 apie Centriniame parke u\u017epulto ir apipl\u0117\u0161to JAV senatoriaus sveikatos b\u016bkl\u0119. Tuo pat metu \u012f ligonin\u0119 atve\u017eama ir ne\u017einomo u\u017epuoliko mirtinai subadyta jauna moteris. Nusprendusi pasidom\u0117ti \u0161ia istorija Megan i\u0161vysta, kad nu\u017eudytoji yra kaip du vandens la\u0161ai pana\u0161i \u012f j\u0105.<\/p>\n<p>Vos prie\u0161 devynis m\u0117nesius Megan siaubingoje automobili\u0173 avarijoje neteko mylimo t\u0117\u010dio, tad jos dvyne galin\u010dios b\u016bti moters \u017e\u016btis sukelia papildom\u0173 klausim\u0173. Juo labiau kad nelaim\u0117s tyr\u0117jai iki \u0161iol taip ir nerado nuo Niujorko tilto \u012f up\u0119 su automobiliu nugarm\u0117jusio t\u0117\u010dio k\u016bno, o draudimo agent\u016bros atstovai nedviprasmi\u0161kai u\u017esimena, kad jis papras\u010diausiai suvaidino savo mirt\u012f.<\/p>\n","protected":false},"excerpt":{"rendered":"<p>Detektyvinis trileris \u201eDar pasimatysim&#8221; \u2013 \u012ftraukianti istorija, permainingas ir daugialypis siu\u017eetas, kibus klastos ir i\u0161davys\u010di\u0173 tinklas, kuriame net ir artimiausi \u017emon\u0117s n\u0117ra tokie, kokie dedasi. \u201eMegan pa\u017ei\u016br\u0117jo slaugytojai per pet\u012f ir \u012fsistebeilijo \u012f nematan\u010dias m\u0117lynas negyvos jaunos moters akis. \u017dvelgdama \u012f tas akis, pla\u010di\u0105 kakt\u0105, lenktus antakius, auk\u0161tus skruostikaulius, tiesi\u0105 nos\u012f ir putlias l\u016bpas ji aiktel\u0117jo. Atrod\u0117, tartum \u017ei\u016br\u0117t\u0173 \u012f veidrod\u012f. Ji \u017evelg\u0117 \u012f savo pa\u010dios veid\u0105.&#8221; Televizijos \u017eini\u0173 reporter\u0117 Megan Kolins eilin\u0119 darbo dien\u0105 leid\u017eia Niujorko ligonin\u0117je, drauge su b\u016briu \u017eurnalist\u0173 laukdama naujien\u0173 apie Centriniame parke u\u017epulto ir apipl\u0117\u0161to JAV senatoriaus sveikatos b\u016bkl\u0119. Tuo pat metu \u012f ligonin\u0119 atve\u017eama ir ne\u017einomo u\u017epuoliko mirtinai subadyta jauna moteris. Nusprendusi pasidom\u0117ti \u0161ia istorija Megan i\u0161vysta, kad nu\u017eudytoji yra kaip du vandens la\u0161ai pana\u0161i \u012f j\u0105. Vos prie\u0161 devynis m\u0117nesius Megan siaubingoje automobili\u0173 avarijoje neteko mylimo t\u0117\u010dio, tad jos dvyne galin\u010dios b\u016bti moters \u017e\u016btis sukelia papildom\u0173 klausim\u0173. Juo labiau kad nelaim\u0117s tyr\u0117jai iki \u0161iol taip ir nerado nuo Niujorko tilto \u012f up\u0119 su automobiliu nugarm\u0117jusio t\u0117\u010dio k\u016bno, o draudimo agent\u016bros atstovai nedviprasmi\u0161kai u\u017esimena, kad jis papras\u010diausiai suvaidino savo mirt\u012f.<\/p>\n","protected":false},"featured_media":23137,"comment_status":"open","ping_status":"closed","template":"","meta":{"_acf_changed":false,"site-sidebar-layout":"default","site-content-layout":"","ast-site-content-layout":"default","site-content-style":"default","site-sidebar-style":"default","ast-global-header-display":"","ast-banner-title-visibility":"","ast-main-header-display":"","ast-hfb-above-header-display":"","ast-hfb-below-header-display":"","ast-hfb-mobile-header-display":"","site-post-title":"","ast-breadcrumbs-content":"","ast-featured-img":"","footer-sml-layout":"","ast-disable-related-posts":"","theme-transparent-header-meta":"","adv-header-id-meta":"","stick-header-meta":"","header-above-stick-meta":"","header-main-stick-meta":"","header-below-stick-meta":"","astra-migrate-meta-layouts":"default","ast-page-background-enabled":"default","ast-page-background-meta":{"desktop":{"background-color":"","background-image":"","background-repeat":"repeat","background-position":"center center","background-size":"auto","background-attachment":"scroll","background-type":"","background-media":"","overlay-type":"","overlay-color":"","overlay-opacity":"","overlay-gradient":""},"tablet":{"background-color":"","background-image":"","background-repeat":"repeat","background-position":"center center","background-size":"auto","background-attachment":"scroll","background-type":"","background-media":"","overlay-type":"","overlay-color":"","overlay-opacity":"","overlay-gradient":""},"mobile":{"background-color":"","background-image":"","background-repeat":"repeat","background-position":"center center","background-size":"auto","background-attachment":"scroll","background-type":"","background-media":"","overlay-type":"","overlay-color":"","overlay-opacity":"","overlay-gradient":""}},"ast-content-background-meta":{"desktop":{"background-color":"var(--ast-global-color-4)","background-image":"","background-repeat":"repeat","background-position":"center center","background-size":"auto","background-attachment":"scroll","background-type":"","background-media":"","overlay-type":"","overlay-color":"","overlay-opacity":"","overlay-gradient":""},"tablet":{"background-color":"var(--ast-global-color-4)","background-image":"","background-repeat":"repeat","background-position":"center center","background-size":"auto","background-attachment":"scroll","background-type":"","background-media":"","overlay-type":"","overlay-color":"","overlay-opacity":"","overlay-gradient":""},"mobile":{"background-color":"var(--ast-global-color-4)","background-image":"","background-repeat":"repeat","background-position":"center center","background-size":"auto","background-attachment":"scroll","background-type":"","background-media":"","overlay-type":"","overlay-color":"","overlay-opacity":"","overlay-gradient":""}}},"product_brand":[],"product_cat":[9581],"product_tag":[],"class_list":{"0":"post-23132","1":"product","2":"type-product","3":"status-publish","4":"has-post-thumbnail","6":"product_cat-kriminaliniai-romanai","7":"desktop-align-left","8":"tablet-align-left","9":"mobile-align-left","11":"first","12":"instock","13":"shipping-taxable","14":"purchasable","15":"product-type-simple"},"acf":[],"yoast_head":"<!-- This site is optimized with the Yoast SEO plugin v27.0 - https:\/\/yoast.com\/product\/yoast-seo-wordpress\/ -->\n<title>Dar pasimatysim<\/title>\n<meta name=\"description\" content=\"Detektyvinis trileris \u201eDar pasimatysim&quot; \u2013 \u012ftraukianti istorija, permainingas ir daugialypis siu\u017eetas, kibus klastos ir i\u0161davys\u010di\u0173 tinklas, kuriame net ir\" \/>\n<meta name=\"robots\" content=\"index, follow, max-snippet:-1, max-image-preview:large, max-video-preview:-1\" \/>\n<link rel=\"canonical\" href=\"https:\/\/skaitytaknyga.lt\/en\/produktas\/dar-pasimatysim\/\" \/>\n<meta property=\"og:locale\" content=\"en_GB\" \/>\n<meta property=\"og:locale:alternate\" content=\"lt_LT\" \/>\n<meta property=\"og:type\" content=\"article\" \/>\n<meta property=\"og:title\" content=\"Dar pasimatysim\" \/>\n<meta property=\"og:description\" content=\"Detektyvinis trileris \u201eDar pasimatysim&quot; \u2013 \u012ftraukianti istorija, permainingas ir daugialypis siu\u017eetas, kibus klastos ir i\u0161davys\u010di\u0173 tinklas, kuriame net ir\" \/>\n<meta property=\"og:url\" content=\"https:\/\/skaitytaknyga.lt\/en\/produktas\/dar-pasimatysim\/\" \/>\n<meta property=\"og:site_name\" content=\"Skaitytaknyga\" \/>\n<meta property=\"article:publisher\" content=\"https:\/\/www.facebook.com\/skaitytaknyga\/\" \/>\n<meta property=\"article:modified_time\" content=\"2026-03-05T08:59:40+00:00\" \/>\n<meta property=\"og:image\" content=\"https:\/\/skaitytaknyga.lt\/wp-content\/uploads\/2026\/02\/Dar-pasimatysim-1.webp\" \/>\n\t<meta property=\"og:image:width\" content=\"300\" \/>\n\t<meta property=\"og:image:height\" content=\"492\" \/>\n\t<meta property=\"og:image:type\" content=\"image\/webp\" \/>\n<meta name=\"twitter:card\" content=\"summary_large_image\" \/>\n<meta name=\"twitter:label1\" content=\"Estimated reading time\" \/>\n\t<meta name=\"twitter:data1\" content=\"1 minute\" \/>\n<script type=\"application\/ld+json\" class=\"yoast-schema-graph\">{\"@context\":\"https:\/\/schema.org\",\"@graph\":[{\"@type\":\"WebPage\",\"@id\":\"https:\/\/skaitytaknyga.lt\/produktas\/dar-pasimatysim\/\",\"url\":\"https:\/\/skaitytaknyga.lt\/produktas\/dar-pasimatysim\/\",\"name\":\"Dar pasimatysim\",\"isPartOf\":{\"@id\":\"https:\/\/skaitytaknyga.lt\/#website\"},\"primaryImageOfPage\":{\"@id\":\"https:\/\/skaitytaknyga.lt\/produktas\/dar-pasimatysim\/#primaryimage\"},\"image\":{\"@id\":\"https:\/\/skaitytaknyga.lt\/produktas\/dar-pasimatysim\/#primaryimage\"},\"thumbnailUrl\":\"https:\/\/skaitytaknyga.lt\/wp-content\/uploads\/2026\/02\/Dar-pasimatysim-1.webp\",\"datePublished\":\"2026-02-23T10:14:15+00:00\",\"dateModified\":\"2026-03-05T08:59:40+00:00\",\"description\":\"Detektyvinis trileris \u201eDar pasimatysim\\\" \u2013 \u012ftraukianti istorija, permainingas ir daugialypis siu\u017eetas, kibus klastos ir i\u0161davys\u010di\u0173 tinklas, kuriame net ir\",\"breadcrumb\":{\"@id\":\"https:\/\/skaitytaknyga.lt\/produktas\/dar-pasimatysim\/#breadcrumb\"},\"inLanguage\":\"en-GB\",\"potentialAction\":[{\"@type\":\"ReadAction\",\"target\":[\"https:\/\/skaitytaknyga.lt\/produktas\/dar-pasimatysim\/\"]}]},{\"@type\":\"ImageObject\",\"inLanguage\":\"en-GB\",\"@id\":\"https:\/\/skaitytaknyga.lt\/produktas\/dar-pasimatysim\/#primaryimage\",\"url\":\"https:\/\/skaitytaknyga.lt\/wp-content\/uploads\/2026\/02\/Dar-pasimatysim-1.webp\",\"contentUrl\":\"https:\/\/skaitytaknyga.lt\/wp-content\/uploads\/2026\/02\/Dar-pasimatysim-1.webp\",\"width\":300,\"height\":492,\"caption\":\"Dar pasimatysim\"},{\"@type\":\"BreadcrumbList\",\"@id\":\"https:\/\/skaitytaknyga.lt\/produktas\/dar-pasimatysim\/#breadcrumb\",\"itemListElement\":[{\"@type\":\"ListItem\",\"position\":1,\"name\":\"Home\",\"item\":\"https:\/\/skaitytaknyga.lt\/\"},{\"@type\":\"ListItem\",\"position\":2,\"name\":\"Parduotuv\u0117\",\"item\":\"https:\/\/skaitytaknyga.lt\/knygu-parduotuve\/\"},{\"@type\":\"ListItem\",\"position\":3,\"name\":\"Dar pasimatysim\"}]},{\"@type\":\"WebSite\",\"@id\":\"https:\/\/skaitytaknyga.lt\/#website\",\"url\":\"https:\/\/skaitytaknyga.lt\/\",\"name\":\"skaitytaknyga.lt\",\"description\":\"Skaitytaknyga.lt \u2013 tai ma\u017eas \u0161eimos verslas, kuris prasid\u0117jo nuo meil\u0117s knygoms ir siekio i\u0161gelb\u0117ti knygas nuo likimo prie konteinerio. Kas vienam nereikalingas daiktas \u2013 kitam lobis, o mes esame tarpininkai, kurie padeda abiems tapti laimingesniems ???? \u017dinome kaip nelengva i\u0161gyventi ma\u017eiems verslams, tad nuo \u0161iol, \u010dia rasite ir kit\u0173, ma\u017e\u0173 \u0161eim\u0173 versl\u0173, rank\u0173 darbo, dovan\u0173 sau ir artimiesiems.\",\"publisher\":{\"@id\":\"https:\/\/skaitytaknyga.lt\/#organization\"},\"potentialAction\":[{\"@type\":\"SearchAction\",\"target\":{\"@type\":\"EntryPoint\",\"urlTemplate\":\"https:\/\/skaitytaknyga.lt\/?s={search_term_string}\"},\"query-input\":{\"@type\":\"PropertyValueSpecification\",\"valueRequired\":true,\"valueName\":\"search_term_string\"}}],\"inLanguage\":\"en-GB\"},{\"@type\":\"Organization\",\"@id\":\"https:\/\/skaitytaknyga.lt\/#organization\",\"name\":\"skaitytaknyga.lt\",\"url\":\"https:\/\/skaitytaknyga.lt\/\",\"logo\":{\"@type\":\"ImageObject\",\"inLanguage\":\"en-GB\",\"@id\":\"https:\/\/skaitytaknyga.lt\/#\/schema\/logo\/image\/\",\"url\":\"https:\/\/skaitytaknyga.lt\/wp-content\/uploads\/2024\/05\/cropped-cropped-cropped-02_00843_jt3bggkj1j3HLc7SyY6rEUpg.jpeg\",\"contentUrl\":\"https:\/\/skaitytaknyga.lt\/wp-content\/uploads\/2024\/05\/cropped-cropped-cropped-02_00843_jt3bggkj1j3HLc7SyY6rEUpg.jpeg\",\"width\":1600,\"height\":1600,\"caption\":\"skaitytaknyga.lt\"},\"image\":{\"@id\":\"https:\/\/skaitytaknyga.lt\/#\/schema\/logo\/image\/\"},\"sameAs\":[\"https:\/\/www.facebook.com\/skaitytaknyga\/\"]}]}<\/script>\n<!-- \/ Yoast SEO plugin. -->","yoast_head_json":{"title":"Dar pasimatysim","description":"Detektyvinis trileris \u201eDar pasimatysim\" \u2013 \u012ftraukianti istorija, permainingas ir daugialypis siu\u017eetas, kibus klastos ir i\u0161davys\u010di\u0173 tinklas, kuriame net ir","robots":{"index":"index","follow":"follow","max-snippet":"max-snippet:-1","max-image-preview":"max-image-preview:large","max-video-preview":"max-video-preview:-1"},"canonical":"https:\/\/skaitytaknyga.lt\/en\/produktas\/dar-pasimatysim\/","og_locale":"en_GB","og_type":"article","og_title":"[:lt]Dar pasimatysim[:] - Skaitytaknyga","og_description":"Detektyvinis trileris \u201eDar pasimatysim\" \u2013 \u012ftraukianti istorija, permainingas ir daugialypis siu\u017eetas, kibus klastos ir i\u0161davys\u010di\u0173 tinklas, kuriame net ir","og_url":"https:\/\/skaitytaknyga.lt\/en\/produktas\/dar-pasimatysim\/","og_site_name":"Skaitytaknyga","article_publisher":"https:\/\/www.facebook.com\/skaitytaknyga\/","article_modified_time":"2026-03-05T08:59:40+00:00","og_image":[{"width":300,"height":492,"url":"https:\/\/skaitytaknyga.lt\/wp-content\/uploads\/2026\/02\/Dar-pasimatysim-1.webp","type":"image\/webp"}],"twitter_card":"summary_large_image","twitter_misc":{"Estimated reading time":"1 minute"},"schema":{"@context":"https:\/\/schema.org","@graph":[{"@type":"WebPage","@id":"https:\/\/skaitytaknyga.lt\/produktas\/dar-pasimatysim\/","url":"https:\/\/skaitytaknyga.lt\/produktas\/dar-pasimatysim\/","name":"Dar pasimatysim","isPartOf":{"@id":"https:\/\/skaitytaknyga.lt\/#website"},"primaryImageOfPage":{"@id":"https:\/\/skaitytaknyga.lt\/produktas\/dar-pasimatysim\/#primaryimage"},"image":{"@id":"https:\/\/skaitytaknyga.lt\/produktas\/dar-pasimatysim\/#primaryimage"},"thumbnailUrl":"https:\/\/skaitytaknyga.lt\/wp-content\/uploads\/2026\/02\/Dar-pasimatysim-1.webp","datePublished":"2026-02-23T10:14:15+00:00","dateModified":"2026-03-05T08:59:40+00:00","description":"Detektyvinis trileris \u201eDar pasimatysim\" \u2013 \u012ftraukianti istorija, permainingas ir daugialypis siu\u017eetas, kibus klastos ir i\u0161davys\u010di\u0173 tinklas, kuriame net ir","breadcrumb":{"@id":"https:\/\/skaitytaknyga.lt\/produktas\/dar-pasimatysim\/#breadcrumb"},"inLanguage":"en-GB","potentialAction":[{"@type":"ReadAction","target":["https:\/\/skaitytaknyga.lt\/produktas\/dar-pasimatysim\/"]}]},{"@type":"ImageObject","inLanguage":"en-GB","@id":"https:\/\/skaitytaknyga.lt\/produktas\/dar-pasimatysim\/#primaryimage","url":"https:\/\/skaitytaknyga.lt\/wp-content\/uploads\/2026\/02\/Dar-pasimatysim-1.webp","contentUrl":"https:\/\/skaitytaknyga.lt\/wp-content\/uploads\/2026\/02\/Dar-pasimatysim-1.webp","width":300,"height":492,"caption":"Dar pasimatysim"},{"@type":"BreadcrumbList","@id":"https:\/\/skaitytaknyga.lt\/produktas\/dar-pasimatysim\/#breadcrumb","itemListElement":[{"@type":"ListItem","position":1,"name":"Home","item":"https:\/\/skaitytaknyga.lt\/"},{"@type":"ListItem","position":2,"name":"Parduotuv\u0117","item":"https:\/\/skaitytaknyga.lt\/knygu-parduotuve\/"},{"@type":"ListItem","position":3,"name":"Dar pasimatysim"}]},{"@type":"WebSite","@id":"https:\/\/skaitytaknyga.lt\/#website","url":"https:\/\/skaitytaknyga.lt\/","name":"skaitytaknyga.lt","description":"Skaitytaknyga.lt \u2013 tai ma\u017eas \u0161eimos verslas, kuris prasid\u0117jo nuo meil\u0117s knygoms ir siekio i\u0161gelb\u0117ti knygas nuo likimo prie konteinerio. Kas vienam nereikalingas daiktas \u2013 kitam lobis, o mes esame tarpininkai, kurie padeda abiems tapti laimingesniems ???? \u017dinome kaip nelengva i\u0161gyventi ma\u017eiems verslams, tad nuo \u0161iol, \u010dia rasite ir kit\u0173, ma\u017e\u0173 \u0161eim\u0173 versl\u0173, rank\u0173 darbo, dovan\u0173 sau ir artimiesiems.","publisher":{"@id":"https:\/\/skaitytaknyga.lt\/#organization"},"potentialAction":[{"@type":"SearchAction","target":{"@type":"EntryPoint","urlTemplate":"https:\/\/skaitytaknyga.lt\/?s={search_term_string}"},"query-input":{"@type":"PropertyValueSpecification","valueRequired":true,"valueName":"search_term_string"}}],"inLanguage":"en-GB"},{"@type":"Organization","@id":"https:\/\/skaitytaknyga.lt\/#organization","name":"skaitytaknyga.lt","url":"https:\/\/skaitytaknyga.lt\/","logo":{"@type":"ImageObject","inLanguage":"en-GB","@id":"https:\/\/skaitytaknyga.lt\/#\/schema\/logo\/image\/","url":"https:\/\/skaitytaknyga.lt\/wp-content\/uploads\/2024\/05\/cropped-cropped-cropped-02_00843_jt3bggkj1j3HLc7SyY6rEUpg.jpeg","contentUrl":"https:\/\/skaitytaknyga.lt\/wp-content\/uploads\/2024\/05\/cropped-cropped-cropped-02_00843_jt3bggkj1j3HLc7SyY6rEUpg.jpeg","width":1600,"height":1600,"caption":"skaitytaknyga.lt"},"image":{"@id":"https:\/\/skaitytaknyga.lt\/#\/schema\/logo\/image\/"},"sameAs":["https:\/\/www.facebook.com\/skaitytaknyga\/"]}]}},"_links":{"self":[{"href":"https:\/\/skaitytaknyga.lt\/en\/wp-json\/wp\/v2\/product\/23132","targetHints":{"allow":["GET"]}}],"collection":[{"href":"https:\/\/skaitytaknyga.lt\/en\/wp-json\/wp\/v2\/product"}],"about":[{"href":"https:\/\/skaitytaknyga.lt\/en\/wp-json\/wp\/v2\/types\/product"}],"replies":[{"embeddable":true,"href":"https:\/\/skaitytaknyga.lt\/en\/wp-json\/wp\/v2\/comments?post=23132"}],"wp:featuredmedia":[{"embeddable":true,"href":"https:\/\/skaitytaknyga.lt\/en\/wp-json\/wp\/v2\/media\/23137"}],"wp:attachment":[{"href":"https:\/\/skaitytaknyga.lt\/en\/wp-json\/wp\/v2\/media?parent=23132"}],"wp:term":[{"taxonomy":"product_brand","embeddable":true,"href":"https:\/\/skaitytaknyga.lt\/en\/wp-json\/wp\/v2\/product_brand?post=23132"},{"taxonomy":"product_cat","embeddable":true,"href":"https:\/\/skaitytaknyga.lt\/en\/wp-json\/wp\/v2\/product_cat?post=23132"},{"taxonomy":"product_tag","embeddable":true,"href":"https:\/\/skaitytaknyga.lt\/en\/wp-json\/wp\/v2\/product_tag?post=23132"}],"curies":[{"name":"wp","href":"https:\/\/api.w.org\/{rel}","templated":true}]}}