{"id":23131,"date":"2026-02-23T12:14:15","date_gmt":"2026-02-23T10:14:15","guid":{"rendered":"https:\/\/skaitytaknyga.lt\/?post_type=product&#038;p=23131"},"modified":"2026-03-05T12:57:52","modified_gmt":"2026-03-05T10:57:52","slug":"vienui-viena","status":"publish","type":"product","link":"https:\/\/skaitytaknyga.lt\/en\/produktas\/vienui-viena\/","title":{"rendered":"Vienui viena"},"content":{"rendered":"<p>\u201eKai keleiviai \u0117m\u0117 skirstytis link\u0117dami vienas kitam geros kelion\u0117s, jie ne\u017einojo, kad ma\u017eiausiai vienas j\u0173 Sautamptono gyvas nepasieks.&#8221;<\/p>\n<p>\u012e pirm\u0105j\u0105 kelion\u0119 aplink pasaul\u012f i\u0161plauk\u0119s kruizinis laineris \u201eKaralien\u0117 \u0160arlot\u0117&#8221; tur\u0117jo priblok\u0161ti keleivius auk\u0161\u010diausio lygio prabanga. Ry\u0161kiausia pirmosios kelion\u0117s \u017evaig\u017ede tapo ledi Emil\u0117 Heivud. Turtinga 86-eri\u0173 moteris vie\u0161ai pa\u017ead\u0117jo \u012f kelion\u0119 pasiimti ne\u012fkainojam\u0105 smaragd\u0173 v\u0117rin\u012f, pasak legendos, kitados priklausius\u012f pa\u010diai Egipto karalienei Kleopatrai. Ledi Em nesl\u0117p\u0117, kad po kelion\u0117s \u0161\u012f unikal\u0173 v\u0117rin\u012f ketina perduoti Smitsono institutui, ta\u010diau \u0161i \u017einia su\u017eav\u0117jo ne visus. Kelion\u0117s i\u0161vakar\u0117se \u017einiasklaida prane\u0161\u0117, kad \u012f Kleopatros v\u0117rin\u012f nusitaik\u0117 akipl\u0117\u0161i\u0161komis vagyst\u0117mis i\u0161gars\u0117j\u0119s ir Interpolo ie\u0161komiausiu nusikalt\u0117liu paskelbtas T\u016bkstantveidis \u017dmogus.<\/p>\n<p>Laivo savininkas Gregoris Morisonas tik\u0117josi, kad kelion\u0117 bus tobula, o turtuoli\u0173 grietin\u0117lei priklausantys sve\u010diai patirs aib\u0119 nepakartojam\u0173 \u012fsp\u016bd\u017ei\u0173. Ta\u010diau tre\u010di\u0105 kelion\u0117s dien\u0105 ledi Em buvo aptikta negyva savo kajut\u0117je, o jos v\u0117rinys pradingo. Kuris keleivis yra tikrasis \u017eudikas? Kieno rankose atsid\u016br\u0117 v\u0117rinys? Kas taps kita nusikalt\u0117lio auka?<\/p>\n","protected":false},"excerpt":{"rendered":"<p>\u201eKai keleiviai \u0117m\u0117 skirstytis link\u0117dami vienas kitam geros kelion\u0117s, jie ne\u017einojo, kad ma\u017eiausiai vienas j\u0173 Sautamptono gyvas nepasieks.&#8221; \u012e pirm\u0105j\u0105 kelion\u0119 aplink pasaul\u012f i\u0161plauk\u0119s kruizinis laineris \u201eKaralien\u0117 \u0160arlot\u0117&#8221; tur\u0117jo priblok\u0161ti keleivius auk\u0161\u010diausio lygio prabanga. Ry\u0161kiausia pirmosios kelion\u0117s \u017evaig\u017ede tapo ledi Emil\u0117 Heivud. Turtinga 86-eri\u0173 moteris vie\u0161ai pa\u017ead\u0117jo \u012f kelion\u0119 pasiimti ne\u012fkainojam\u0105 smaragd\u0173 v\u0117rin\u012f, pasak legendos, kitados priklausius\u012f pa\u010diai Egipto karalienei Kleopatrai. Ledi Em nesl\u0117p\u0117, kad po kelion\u0117s \u0161\u012f unikal\u0173 v\u0117rin\u012f ketina perduoti Smitsono institutui, ta\u010diau \u0161i \u017einia su\u017eav\u0117jo ne visus. Kelion\u0117s i\u0161vakar\u0117se \u017einiasklaida prane\u0161\u0117, kad \u012f Kleopatros v\u0117rin\u012f nusitaik\u0117 akipl\u0117\u0161i\u0161komis vagyst\u0117mis i\u0161gars\u0117j\u0119s ir Interpolo ie\u0161komiausiu nusikalt\u0117liu paskelbtas T\u016bkstantveidis \u017dmogus. Laivo savininkas Gregoris Morisonas tik\u0117josi, kad kelion\u0117 bus tobula, o turtuoli\u0173 grietin\u0117lei priklausantys sve\u010diai patirs aib\u0119 nepakartojam\u0173 \u012fsp\u016bd\u017ei\u0173. Ta\u010diau tre\u010di\u0105 kelion\u0117s dien\u0105 ledi Em buvo aptikta negyva savo kajut\u0117je, o jos v\u0117rinys pradingo. Kuris keleivis yra tikrasis \u017eudikas? Kieno rankose atsid\u016br\u0117 v\u0117rinys? Kas taps kita nusikalt\u0117lio auka?<\/p>\n","protected":false},"featured_media":23136,"comment_status":"open","ping_status":"closed","template":"","meta":{"_acf_changed":false,"site-sidebar-layout":"default","site-content-layout":"","ast-site-content-layout":"default","site-content-style":"default","site-sidebar-style":"default","ast-global-header-display":"","ast-banner-title-visibility":"","ast-main-header-display":"","ast-hfb-above-header-display":"","ast-hfb-below-header-display":"","ast-hfb-mobile-header-display":"","site-post-title":"","ast-breadcrumbs-content":"","ast-featured-img":"","footer-sml-layout":"","ast-disable-related-posts":"","theme-transparent-header-meta":"","adv-header-id-meta":"","stick-header-meta":"","header-above-stick-meta":"","header-main-stick-meta":"","header-below-stick-meta":"","astra-migrate-meta-layouts":"default","ast-page-background-enabled":"default","ast-page-background-meta":{"desktop":{"background-color":"","background-image":"","background-repeat":"repeat","background-position":"center center","background-size":"auto","background-attachment":"scroll","background-type":"","background-media":"","overlay-type":"","overlay-color":"","overlay-opacity":"","overlay-gradient":""},"tablet":{"background-color":"","background-image":"","background-repeat":"repeat","background-position":"center center","background-size":"auto","background-attachment":"scroll","background-type":"","background-media":"","overlay-type":"","overlay-color":"","overlay-opacity":"","overlay-gradient":""},"mobile":{"background-color":"","background-image":"","background-repeat":"repeat","background-position":"center center","background-size":"auto","background-attachment":"scroll","background-type":"","background-media":"","overlay-type":"","overlay-color":"","overlay-opacity":"","overlay-gradient":""}},"ast-content-background-meta":{"desktop":{"background-color":"var(--ast-global-color-4)","background-image":"","background-repeat":"repeat","background-position":"center center","background-size":"auto","background-attachment":"scroll","background-type":"","background-media":"","overlay-type":"","overlay-color":"","overlay-opacity":"","overlay-gradient":""},"tablet":{"background-color":"var(--ast-global-color-4)","background-image":"","background-repeat":"repeat","background-position":"center center","background-size":"auto","background-attachment":"scroll","background-type":"","background-media":"","overlay-type":"","overlay-color":"","overlay-opacity":"","overlay-gradient":""},"mobile":{"background-color":"var(--ast-global-color-4)","background-image":"","background-repeat":"repeat","background-position":"center center","background-size":"auto","background-attachment":"scroll","background-type":"","background-media":"","overlay-type":"","overlay-color":"","overlay-opacity":"","overlay-gradient":""}}},"product_brand":[],"product_cat":[9581],"product_tag":[],"class_list":{"0":"post-23131","1":"product","2":"type-product","3":"status-publish","4":"has-post-thumbnail","6":"product_cat-kriminaliniai-romanai","7":"desktop-align-left","8":"tablet-align-left","9":"mobile-align-left","11":"first","12":"instock","13":"shipping-taxable","14":"purchasable","15":"product-type-simple"},"acf":[],"yoast_head":"<!-- This site is optimized with the Yoast SEO plugin v27.0 - https:\/\/yoast.com\/product\/yoast-seo-wordpress\/ -->\n<title>Vienui viena<\/title>\n<meta name=\"description\" content=\"\u201eKai keleiviai \u0117m\u0117 skirstytis link\u0117dami vienas kitam geros kelion\u0117s, jie ne\u017einojo, kad ma\u017eiausiai vienas j\u0173 Sautamptono gyvas nepasieks.&quot; \u012e pirm\u0105j\u0105\" \/>\n<meta name=\"robots\" content=\"index, follow, max-snippet:-1, max-image-preview:large, max-video-preview:-1\" \/>\n<link rel=\"canonical\" href=\"https:\/\/skaitytaknyga.lt\/en\/produktas\/vienui-viena\/\" \/>\n<meta property=\"og:locale\" content=\"en_GB\" \/>\n<meta property=\"og:locale:alternate\" content=\"lt_LT\" \/>\n<meta property=\"og:type\" content=\"article\" \/>\n<meta property=\"og:title\" content=\"Vienui viena\" \/>\n<meta property=\"og:description\" content=\"\u201eKai keleiviai \u0117m\u0117 skirstytis link\u0117dami vienas kitam geros kelion\u0117s, jie ne\u017einojo, kad ma\u017eiausiai vienas j\u0173 Sautamptono gyvas nepasieks.&quot; \u012e pirm\u0105j\u0105\" \/>\n<meta property=\"og:url\" content=\"https:\/\/skaitytaknyga.lt\/en\/produktas\/vienui-viena\/\" \/>\n<meta property=\"og:site_name\" content=\"Skaitytaknyga\" \/>\n<meta property=\"article:publisher\" content=\"https:\/\/www.facebook.com\/skaitytaknyga\/\" \/>\n<meta property=\"article:modified_time\" content=\"2026-03-05T10:57:52+00:00\" \/>\n<meta property=\"og:image\" content=\"https:\/\/skaitytaknyga.lt\/wp-content\/uploads\/2026\/02\/Vienui-viena-1.webp\" \/>\n\t<meta property=\"og:image:width\" content=\"300\" \/>\n\t<meta property=\"og:image:height\" content=\"492\" \/>\n\t<meta property=\"og:image:type\" content=\"image\/webp\" \/>\n<meta name=\"twitter:card\" content=\"summary_large_image\" \/>\n<meta name=\"twitter:label1\" content=\"Estimated reading time\" \/>\n\t<meta name=\"twitter:data1\" content=\"1 minute\" \/>\n<script type=\"application\/ld+json\" class=\"yoast-schema-graph\">{\"@context\":\"https:\/\/schema.org\",\"@graph\":[{\"@type\":\"WebPage\",\"@id\":\"https:\/\/skaitytaknyga.lt\/produktas\/vienui-viena\/\",\"url\":\"https:\/\/skaitytaknyga.lt\/produktas\/vienui-viena\/\",\"name\":\"Vienui viena\",\"isPartOf\":{\"@id\":\"https:\/\/skaitytaknyga.lt\/#website\"},\"primaryImageOfPage\":{\"@id\":\"https:\/\/skaitytaknyga.lt\/produktas\/vienui-viena\/#primaryimage\"},\"image\":{\"@id\":\"https:\/\/skaitytaknyga.lt\/produktas\/vienui-viena\/#primaryimage\"},\"thumbnailUrl\":\"https:\/\/skaitytaknyga.lt\/wp-content\/uploads\/2026\/02\/Vienui-viena-1.webp\",\"datePublished\":\"2026-02-23T10:14:15+00:00\",\"dateModified\":\"2026-03-05T10:57:52+00:00\",\"description\":\"\u201eKai keleiviai \u0117m\u0117 skirstytis link\u0117dami vienas kitam geros kelion\u0117s, jie ne\u017einojo, kad ma\u017eiausiai vienas j\u0173 Sautamptono gyvas nepasieks.\\\" \u012e pirm\u0105j\u0105\",\"breadcrumb\":{\"@id\":\"https:\/\/skaitytaknyga.lt\/produktas\/vienui-viena\/#breadcrumb\"},\"inLanguage\":\"en-GB\",\"potentialAction\":[{\"@type\":\"ReadAction\",\"target\":[\"https:\/\/skaitytaknyga.lt\/produktas\/vienui-viena\/\"]}]},{\"@type\":\"ImageObject\",\"inLanguage\":\"en-GB\",\"@id\":\"https:\/\/skaitytaknyga.lt\/produktas\/vienui-viena\/#primaryimage\",\"url\":\"https:\/\/skaitytaknyga.lt\/wp-content\/uploads\/2026\/02\/Vienui-viena-1.webp\",\"contentUrl\":\"https:\/\/skaitytaknyga.lt\/wp-content\/uploads\/2026\/02\/Vienui-viena-1.webp\",\"width\":300,\"height\":492},{\"@type\":\"BreadcrumbList\",\"@id\":\"https:\/\/skaitytaknyga.lt\/produktas\/vienui-viena\/#breadcrumb\",\"itemListElement\":[{\"@type\":\"ListItem\",\"position\":1,\"name\":\"Home\",\"item\":\"https:\/\/skaitytaknyga.lt\/\"},{\"@type\":\"ListItem\",\"position\":2,\"name\":\"Parduotuv\u0117\",\"item\":\"https:\/\/skaitytaknyga.lt\/knygu-parduotuve\/\"},{\"@type\":\"ListItem\",\"position\":3,\"name\":\"Vienui viena\"}]},{\"@type\":\"WebSite\",\"@id\":\"https:\/\/skaitytaknyga.lt\/#website\",\"url\":\"https:\/\/skaitytaknyga.lt\/\",\"name\":\"skaitytaknyga.lt\",\"description\":\"Skaitytaknyga.lt \u2013 tai ma\u017eas \u0161eimos verslas, kuris prasid\u0117jo nuo meil\u0117s knygoms ir siekio i\u0161gelb\u0117ti knygas nuo likimo prie konteinerio. Kas vienam nereikalingas daiktas \u2013 kitam lobis, o mes esame tarpininkai, kurie padeda abiems tapti laimingesniems ???? \u017dinome kaip nelengva i\u0161gyventi ma\u017eiems verslams, tad nuo \u0161iol, \u010dia rasite ir kit\u0173, ma\u017e\u0173 \u0161eim\u0173 versl\u0173, rank\u0173 darbo, dovan\u0173 sau ir artimiesiems.\",\"publisher\":{\"@id\":\"https:\/\/skaitytaknyga.lt\/#organization\"},\"potentialAction\":[{\"@type\":\"SearchAction\",\"target\":{\"@type\":\"EntryPoint\",\"urlTemplate\":\"https:\/\/skaitytaknyga.lt\/?s={search_term_string}\"},\"query-input\":{\"@type\":\"PropertyValueSpecification\",\"valueRequired\":true,\"valueName\":\"search_term_string\"}}],\"inLanguage\":\"en-GB\"},{\"@type\":\"Organization\",\"@id\":\"https:\/\/skaitytaknyga.lt\/#organization\",\"name\":\"skaitytaknyga.lt\",\"url\":\"https:\/\/skaitytaknyga.lt\/\",\"logo\":{\"@type\":\"ImageObject\",\"inLanguage\":\"en-GB\",\"@id\":\"https:\/\/skaitytaknyga.lt\/#\/schema\/logo\/image\/\",\"url\":\"https:\/\/skaitytaknyga.lt\/wp-content\/uploads\/2024\/05\/cropped-cropped-cropped-02_00843_jt3bggkj1j3HLc7SyY6rEUpg.jpeg\",\"contentUrl\":\"https:\/\/skaitytaknyga.lt\/wp-content\/uploads\/2024\/05\/cropped-cropped-cropped-02_00843_jt3bggkj1j3HLc7SyY6rEUpg.jpeg\",\"width\":1600,\"height\":1600,\"caption\":\"skaitytaknyga.lt\"},\"image\":{\"@id\":\"https:\/\/skaitytaknyga.lt\/#\/schema\/logo\/image\/\"},\"sameAs\":[\"https:\/\/www.facebook.com\/skaitytaknyga\/\"]}]}<\/script>\n<!-- \/ Yoast SEO plugin. -->","yoast_head_json":{"title":"Vienui viena","description":"\u201eKai keleiviai \u0117m\u0117 skirstytis link\u0117dami vienas kitam geros kelion\u0117s, jie ne\u017einojo, kad ma\u017eiausiai vienas j\u0173 Sautamptono gyvas nepasieks.\" \u012e pirm\u0105j\u0105","robots":{"index":"index","follow":"follow","max-snippet":"max-snippet:-1","max-image-preview":"max-image-preview:large","max-video-preview":"max-video-preview:-1"},"canonical":"https:\/\/skaitytaknyga.lt\/en\/produktas\/vienui-viena\/","og_locale":"en_GB","og_type":"article","og_title":"[:lt]Vienui viena[:] - Skaitytaknyga","og_description":"\u201eKai keleiviai \u0117m\u0117 skirstytis link\u0117dami vienas kitam geros kelion\u0117s, jie ne\u017einojo, kad ma\u017eiausiai vienas j\u0173 Sautamptono gyvas nepasieks.\" \u012e pirm\u0105j\u0105","og_url":"https:\/\/skaitytaknyga.lt\/en\/produktas\/vienui-viena\/","og_site_name":"Skaitytaknyga","article_publisher":"https:\/\/www.facebook.com\/skaitytaknyga\/","article_modified_time":"2026-03-05T10:57:52+00:00","og_image":[{"width":300,"height":492,"url":"https:\/\/skaitytaknyga.lt\/wp-content\/uploads\/2026\/02\/Vienui-viena-1.webp","type":"image\/webp"}],"twitter_card":"summary_large_image","twitter_misc":{"Estimated reading time":"1 minute"},"schema":{"@context":"https:\/\/schema.org","@graph":[{"@type":"WebPage","@id":"https:\/\/skaitytaknyga.lt\/produktas\/vienui-viena\/","url":"https:\/\/skaitytaknyga.lt\/produktas\/vienui-viena\/","name":"Vienui viena","isPartOf":{"@id":"https:\/\/skaitytaknyga.lt\/#website"},"primaryImageOfPage":{"@id":"https:\/\/skaitytaknyga.lt\/produktas\/vienui-viena\/#primaryimage"},"image":{"@id":"https:\/\/skaitytaknyga.lt\/produktas\/vienui-viena\/#primaryimage"},"thumbnailUrl":"https:\/\/skaitytaknyga.lt\/wp-content\/uploads\/2026\/02\/Vienui-viena-1.webp","datePublished":"2026-02-23T10:14:15+00:00","dateModified":"2026-03-05T10:57:52+00:00","description":"\u201eKai keleiviai \u0117m\u0117 skirstytis link\u0117dami vienas kitam geros kelion\u0117s, jie ne\u017einojo, kad ma\u017eiausiai vienas j\u0173 Sautamptono gyvas nepasieks.\" \u012e pirm\u0105j\u0105","breadcrumb":{"@id":"https:\/\/skaitytaknyga.lt\/produktas\/vienui-viena\/#breadcrumb"},"inLanguage":"en-GB","potentialAction":[{"@type":"ReadAction","target":["https:\/\/skaitytaknyga.lt\/produktas\/vienui-viena\/"]}]},{"@type":"ImageObject","inLanguage":"en-GB","@id":"https:\/\/skaitytaknyga.lt\/produktas\/vienui-viena\/#primaryimage","url":"https:\/\/skaitytaknyga.lt\/wp-content\/uploads\/2026\/02\/Vienui-viena-1.webp","contentUrl":"https:\/\/skaitytaknyga.lt\/wp-content\/uploads\/2026\/02\/Vienui-viena-1.webp","width":300,"height":492},{"@type":"BreadcrumbList","@id":"https:\/\/skaitytaknyga.lt\/produktas\/vienui-viena\/#breadcrumb","itemListElement":[{"@type":"ListItem","position":1,"name":"Home","item":"https:\/\/skaitytaknyga.lt\/"},{"@type":"ListItem","position":2,"name":"Parduotuv\u0117","item":"https:\/\/skaitytaknyga.lt\/knygu-parduotuve\/"},{"@type":"ListItem","position":3,"name":"Vienui viena"}]},{"@type":"WebSite","@id":"https:\/\/skaitytaknyga.lt\/#website","url":"https:\/\/skaitytaknyga.lt\/","name":"skaitytaknyga.lt","description":"Skaitytaknyga.lt \u2013 tai ma\u017eas \u0161eimos verslas, kuris prasid\u0117jo nuo meil\u0117s knygoms ir siekio i\u0161gelb\u0117ti knygas nuo likimo prie konteinerio. Kas vienam nereikalingas daiktas \u2013 kitam lobis, o mes esame tarpininkai, kurie padeda abiems tapti laimingesniems ???? \u017dinome kaip nelengva i\u0161gyventi ma\u017eiems verslams, tad nuo \u0161iol, \u010dia rasite ir kit\u0173, ma\u017e\u0173 \u0161eim\u0173 versl\u0173, rank\u0173 darbo, dovan\u0173 sau ir artimiesiems.","publisher":{"@id":"https:\/\/skaitytaknyga.lt\/#organization"},"potentialAction":[{"@type":"SearchAction","target":{"@type":"EntryPoint","urlTemplate":"https:\/\/skaitytaknyga.lt\/?s={search_term_string}"},"query-input":{"@type":"PropertyValueSpecification","valueRequired":true,"valueName":"search_term_string"}}],"inLanguage":"en-GB"},{"@type":"Organization","@id":"https:\/\/skaitytaknyga.lt\/#organization","name":"skaitytaknyga.lt","url":"https:\/\/skaitytaknyga.lt\/","logo":{"@type":"ImageObject","inLanguage":"en-GB","@id":"https:\/\/skaitytaknyga.lt\/#\/schema\/logo\/image\/","url":"https:\/\/skaitytaknyga.lt\/wp-content\/uploads\/2024\/05\/cropped-cropped-cropped-02_00843_jt3bggkj1j3HLc7SyY6rEUpg.jpeg","contentUrl":"https:\/\/skaitytaknyga.lt\/wp-content\/uploads\/2024\/05\/cropped-cropped-cropped-02_00843_jt3bggkj1j3HLc7SyY6rEUpg.jpeg","width":1600,"height":1600,"caption":"skaitytaknyga.lt"},"image":{"@id":"https:\/\/skaitytaknyga.lt\/#\/schema\/logo\/image\/"},"sameAs":["https:\/\/www.facebook.com\/skaitytaknyga\/"]}]}},"_links":{"self":[{"href":"https:\/\/skaitytaknyga.lt\/en\/wp-json\/wp\/v2\/product\/23131","targetHints":{"allow":["GET"]}}],"collection":[{"href":"https:\/\/skaitytaknyga.lt\/en\/wp-json\/wp\/v2\/product"}],"about":[{"href":"https:\/\/skaitytaknyga.lt\/en\/wp-json\/wp\/v2\/types\/product"}],"replies":[{"embeddable":true,"href":"https:\/\/skaitytaknyga.lt\/en\/wp-json\/wp\/v2\/comments?post=23131"}],"wp:featuredmedia":[{"embeddable":true,"href":"https:\/\/skaitytaknyga.lt\/en\/wp-json\/wp\/v2\/media\/23136"}],"wp:attachment":[{"href":"https:\/\/skaitytaknyga.lt\/en\/wp-json\/wp\/v2\/media?parent=23131"}],"wp:term":[{"taxonomy":"product_brand","embeddable":true,"href":"https:\/\/skaitytaknyga.lt\/en\/wp-json\/wp\/v2\/product_brand?post=23131"},{"taxonomy":"product_cat","embeddable":true,"href":"https:\/\/skaitytaknyga.lt\/en\/wp-json\/wp\/v2\/product_cat?post=23131"},{"taxonomy":"product_tag","embeddable":true,"href":"https:\/\/skaitytaknyga.lt\/en\/wp-json\/wp\/v2\/product_tag?post=23131"}],"curies":[{"name":"wp","href":"https:\/\/api.w.org\/{rel}","templated":true}]}}