{"id":23130,"date":"2026-02-23T12:14:15","date_gmt":"2026-02-23T10:14:15","guid":{"rendered":"https:\/\/skaitytaknyga.lt\/?post_type=product&#038;p=23130"},"modified":"2026-03-05T11:59:15","modified_gmt":"2026-03-05T09:59:15","slug":"kol-mirtis-mus-isskirs","status":"publish","type":"product","link":"https:\/\/skaitytaknyga.lt\/en\/produktas\/kol-mirtis-mus-isskirs\/","title":{"rendered":"Kol mirtis mus i\u0161skirs"},"content":{"rendered":"<p>Laidoje \u201e\u012etariamieji&#8221; nebedirba jos ved\u0117jas, advokatas Aleksas Baklis, su kuriuo Laur\u0105 Moran siejo romanti\u0161kas ry\u0161ys. Nors j\u0105 supa mylinti \u0161eima \u2013 s\u016bnus ir t\u0117vas, i\u0161\u0117j\u0119s \u012f atsarg\u0105 pirmasis Niujorko policijos departamento komisaro pavaduotojas, ji jau\u010diasi vieni\u0161a. Laura negali pak\u0119sti naujo laidos ved\u0117jo Rajano Nikolso, nes jis atrodo netinkamas laidai.<\/p>\n<p>Vien\u0105 dien\u0105 Rajanas pasi\u016blo Laurai tirti nauj\u0105 byl\u0105. Prie\u0161 trejus metus sniege rasta nu\u017eudyta turtinga nekilnojamojo turto magnato na\u0161l\u0117 Vird\u017einija Veikling, viena dosniausi\u0173 Metropoliteno meno muziejaus r\u0117m\u0117j\u0173. Ji nukrito nuo muziejaus stogo vykstant garsiausiam labdaros renginiui \u2013 Metropoliteno muziejaus pokyliui. Pagrindiniu \u012ftariamuoju tapo Vird\u017einijos mylimasis ir asmeninis treneris Aivenas Gr\u0117jus, gerokai jaunesnis u\u017e j\u0105. Ir tas \u012ftarim\u0173 \u0161e\u0161\u0117lis j\u012f lydi iki \u0161iol. Aivenas vadovauja madingam sporto klubui, kur\u012f jam pad\u0117jo \u012fkurti Vird\u017einija, prad\u017eiai davusi nema\u017e\u0105 pinig\u0173 sum\u0105.<br \/>\nNetrukus Laurai ir jos pad\u0117j\u0117jams pradeda ai\u0161k\u0117ti, kad \u012ftariam\u0173j\u0173 gali b\u016bti ne vienas ir kad \u012f \u017emog\u017eudyst\u0119 galb\u016bt \u012fsiv\u0117l\u0119 artimiausi jai \u017emon\u0117s, tur\u0117j\u0119 tam sav\u0173 prie\u017eas\u010di\u0173&#8230;<\/p>\n<p>Detektyv\u0173 karaliene tituluojama Mary Higgins Clark ir bestseleri\u0173 autor\u0117 Alafair Burke pristato nauj\u0105 \u012ftempto siu\u017eeto knyg\u0173 ciklo apie televizijos \u0161ou \u201e\u012etariamieji&#8221; dal\u012f.<\/p>\n","protected":false},"excerpt":{"rendered":"<p>Laidoje \u201e\u012etariamieji&#8221; nebedirba jos ved\u0117jas, advokatas Aleksas Baklis, su kuriuo Laur\u0105 Moran siejo romanti\u0161kas ry\u0161ys. Nors j\u0105 supa mylinti \u0161eima \u2013 s\u016bnus ir t\u0117vas, i\u0161\u0117j\u0119s \u012f atsarg\u0105 pirmasis Niujorko policijos departamento komisaro pavaduotojas, ji jau\u010diasi vieni\u0161a. Laura negali pak\u0119sti naujo laidos ved\u0117jo Rajano Nikolso, nes jis atrodo netinkamas laidai. Vien\u0105 dien\u0105 Rajanas pasi\u016blo Laurai tirti nauj\u0105 byl\u0105. Prie\u0161 trejus metus sniege rasta nu\u017eudyta turtinga nekilnojamojo turto magnato na\u0161l\u0117 Vird\u017einija Veikling, viena dosniausi\u0173 Metropoliteno meno muziejaus r\u0117m\u0117j\u0173. Ji nukrito nuo muziejaus stogo vykstant garsiausiam labdaros renginiui \u2013 Metropoliteno muziejaus pokyliui. Pagrindiniu \u012ftariamuoju tapo Vird\u017einijos mylimasis ir asmeninis treneris Aivenas Gr\u0117jus, gerokai jaunesnis u\u017e j\u0105. Ir tas \u012ftarim\u0173 \u0161e\u0161\u0117lis j\u012f lydi iki \u0161iol. Aivenas vadovauja madingam sporto klubui, kur\u012f jam pad\u0117jo \u012fkurti Vird\u017einija, prad\u017eiai davusi nema\u017e\u0105 pinig\u0173 sum\u0105. Netrukus Laurai ir jos pad\u0117j\u0117jams pradeda ai\u0161k\u0117ti, kad \u012ftariam\u0173j\u0173 gali b\u016bti ne vienas ir kad \u012f \u017emog\u017eudyst\u0119 galb\u016bt \u012fsiv\u0117l\u0119 artimiausi jai \u017emon\u0117s, tur\u0117j\u0119 tam sav\u0173 prie\u017eas\u010di\u0173&#8230; Detektyv\u0173 karaliene tituluojama Mary Higgins Clark ir bestseleri\u0173 autor\u0117 Alafair Burke pristato nauj\u0105 \u012ftempto siu\u017eeto knyg\u0173 ciklo apie televizijos \u0161ou \u201e\u012etariamieji&#8221; dal\u012f.<\/p>\n","protected":false},"featured_media":23135,"comment_status":"open","ping_status":"closed","template":"","meta":{"_acf_changed":false,"site-sidebar-layout":"default","site-content-layout":"","ast-site-content-layout":"default","site-content-style":"default","site-sidebar-style":"default","ast-global-header-display":"","ast-banner-title-visibility":"","ast-main-header-display":"","ast-hfb-above-header-display":"","ast-hfb-below-header-display":"","ast-hfb-mobile-header-display":"","site-post-title":"","ast-breadcrumbs-content":"","ast-featured-img":"","footer-sml-layout":"","ast-disable-related-posts":"","theme-transparent-header-meta":"","adv-header-id-meta":"","stick-header-meta":"","header-above-stick-meta":"","header-main-stick-meta":"","header-below-stick-meta":"","astra-migrate-meta-layouts":"default","ast-page-background-enabled":"default","ast-page-background-meta":{"desktop":{"background-color":"","background-image":"","background-repeat":"repeat","background-position":"center center","background-size":"auto","background-attachment":"scroll","background-type":"","background-media":"","overlay-type":"","overlay-color":"","overlay-opacity":"","overlay-gradient":""},"tablet":{"background-color":"","background-image":"","background-repeat":"repeat","background-position":"center center","background-size":"auto","background-attachment":"scroll","background-type":"","background-media":"","overlay-type":"","overlay-color":"","overlay-opacity":"","overlay-gradient":""},"mobile":{"background-color":"","background-image":"","background-repeat":"repeat","background-position":"center center","background-size":"auto","background-attachment":"scroll","background-type":"","background-media":"","overlay-type":"","overlay-color":"","overlay-opacity":"","overlay-gradient":""}},"ast-content-background-meta":{"desktop":{"background-color":"var(--ast-global-color-4)","background-image":"","background-repeat":"repeat","background-position":"center center","background-size":"auto","background-attachment":"scroll","background-type":"","background-media":"","overlay-type":"","overlay-color":"","overlay-opacity":"","overlay-gradient":""},"tablet":{"background-color":"var(--ast-global-color-4)","background-image":"","background-repeat":"repeat","background-position":"center center","background-size":"auto","background-attachment":"scroll","background-type":"","background-media":"","overlay-type":"","overlay-color":"","overlay-opacity":"","overlay-gradient":""},"mobile":{"background-color":"var(--ast-global-color-4)","background-image":"","background-repeat":"repeat","background-position":"center center","background-size":"auto","background-attachment":"scroll","background-type":"","background-media":"","overlay-type":"","overlay-color":"","overlay-opacity":"","overlay-gradient":""}}},"product_brand":[],"product_cat":[9581],"product_tag":[6427,2943],"class_list":{"0":"post-23130","1":"product","2":"type-product","3":"status-publish","4":"has-post-thumbnail","6":"product_cat-kriminaliniai-romanai","7":"product_tag-alafair-burke","8":"product_tag-mary-higgins-clark","9":"desktop-align-left","10":"tablet-align-left","11":"mobile-align-left","13":"first","14":"instock","15":"shipping-taxable","16":"purchasable","17":"product-type-simple"},"acf":[],"yoast_head":"<!-- This site is optimized with the Yoast SEO plugin v27.0 - https:\/\/yoast.com\/product\/yoast-seo-wordpress\/ -->\n<title>Kol mirtis mus i\u0161skirs<\/title>\n<meta name=\"description\" content=\"Laidoje \u201e\u012etariamieji&quot; nebedirba jos ved\u0117jas, advokatas Aleksas Baklis, su kuriuo Laur\u0105 Moran siejo romanti\u0161kas ry\u0161ys. Nors j\u0105 supa mylinti \u0161eima \u2013 s\u016bnus\" \/>\n<meta name=\"robots\" content=\"index, follow, max-snippet:-1, max-image-preview:large, max-video-preview:-1\" \/>\n<link rel=\"canonical\" href=\"https:\/\/skaitytaknyga.lt\/en\/produktas\/kol-mirtis-mus-isskirs\/\" \/>\n<meta property=\"og:locale\" content=\"en_GB\" \/>\n<meta property=\"og:locale:alternate\" content=\"lt_LT\" \/>\n<meta property=\"og:type\" content=\"article\" \/>\n<meta property=\"og:title\" content=\"Kol mirtis mus i\u0161skirs\" \/>\n<meta property=\"og:description\" content=\"Laidoje \u201e\u012etariamieji&quot; nebedirba jos ved\u0117jas, advokatas Aleksas Baklis, su kuriuo Laur\u0105 Moran siejo romanti\u0161kas ry\u0161ys. Nors j\u0105 supa mylinti \u0161eima \u2013 s\u016bnus\" \/>\n<meta property=\"og:url\" content=\"https:\/\/skaitytaknyga.lt\/en\/produktas\/kol-mirtis-mus-isskirs\/\" \/>\n<meta property=\"og:site_name\" content=\"Skaitytaknyga\" \/>\n<meta property=\"article:publisher\" content=\"https:\/\/www.facebook.com\/skaitytaknyga\/\" \/>\n<meta property=\"article:modified_time\" content=\"2026-03-05T09:59:15+00:00\" \/>\n<meta property=\"og:image\" content=\"https:\/\/skaitytaknyga.lt\/wp-content\/uploads\/2026\/02\/Kol-mirtis-mus-isskirs-1.webp\" \/>\n\t<meta property=\"og:image:width\" content=\"300\" \/>\n\t<meta property=\"og:image:height\" content=\"492\" \/>\n\t<meta property=\"og:image:type\" content=\"image\/webp\" \/>\n<meta name=\"twitter:card\" content=\"summary_large_image\" \/>\n<meta name=\"twitter:label1\" content=\"Estimated reading time\" \/>\n\t<meta name=\"twitter:data1\" content=\"1 minute\" \/>\n<script type=\"application\/ld+json\" class=\"yoast-schema-graph\">{\"@context\":\"https:\/\/schema.org\",\"@graph\":[{\"@type\":\"WebPage\",\"@id\":\"https:\/\/skaitytaknyga.lt\/produktas\/kol-mirtis-mus-isskirs\/\",\"url\":\"https:\/\/skaitytaknyga.lt\/produktas\/kol-mirtis-mus-isskirs\/\",\"name\":\"Kol mirtis mus i\u0161skirs\",\"isPartOf\":{\"@id\":\"https:\/\/skaitytaknyga.lt\/#website\"},\"primaryImageOfPage\":{\"@id\":\"https:\/\/skaitytaknyga.lt\/produktas\/kol-mirtis-mus-isskirs\/#primaryimage\"},\"image\":{\"@id\":\"https:\/\/skaitytaknyga.lt\/produktas\/kol-mirtis-mus-isskirs\/#primaryimage\"},\"thumbnailUrl\":\"https:\/\/skaitytaknyga.lt\/wp-content\/uploads\/2026\/02\/Kol-mirtis-mus-isskirs-1.webp\",\"datePublished\":\"2026-02-23T10:14:15+00:00\",\"dateModified\":\"2026-03-05T09:59:15+00:00\",\"description\":\"Laidoje \u201e\u012etariamieji\\\" nebedirba jos ved\u0117jas, advokatas Aleksas Baklis, su kuriuo Laur\u0105 Moran siejo romanti\u0161kas ry\u0161ys. Nors j\u0105 supa mylinti \u0161eima \u2013 s\u016bnus\",\"breadcrumb\":{\"@id\":\"https:\/\/skaitytaknyga.lt\/produktas\/kol-mirtis-mus-isskirs\/#breadcrumb\"},\"inLanguage\":\"en-GB\",\"potentialAction\":[{\"@type\":\"ReadAction\",\"target\":[\"https:\/\/skaitytaknyga.lt\/produktas\/kol-mirtis-mus-isskirs\/\"]}]},{\"@type\":\"ImageObject\",\"inLanguage\":\"en-GB\",\"@id\":\"https:\/\/skaitytaknyga.lt\/produktas\/kol-mirtis-mus-isskirs\/#primaryimage\",\"url\":\"https:\/\/skaitytaknyga.lt\/wp-content\/uploads\/2026\/02\/Kol-mirtis-mus-isskirs-1.webp\",\"contentUrl\":\"https:\/\/skaitytaknyga.lt\/wp-content\/uploads\/2026\/02\/Kol-mirtis-mus-isskirs-1.webp\",\"width\":300,\"height\":492,\"caption\":\"Kol mirtis mus i\u0161skirs\"},{\"@type\":\"BreadcrumbList\",\"@id\":\"https:\/\/skaitytaknyga.lt\/produktas\/kol-mirtis-mus-isskirs\/#breadcrumb\",\"itemListElement\":[{\"@type\":\"ListItem\",\"position\":1,\"name\":\"Home\",\"item\":\"https:\/\/skaitytaknyga.lt\/\"},{\"@type\":\"ListItem\",\"position\":2,\"name\":\"Parduotuv\u0117\",\"item\":\"https:\/\/skaitytaknyga.lt\/knygu-parduotuve\/\"},{\"@type\":\"ListItem\",\"position\":3,\"name\":\"Kol mirtis mus i\u0161skirs\"}]},{\"@type\":\"WebSite\",\"@id\":\"https:\/\/skaitytaknyga.lt\/#website\",\"url\":\"https:\/\/skaitytaknyga.lt\/\",\"name\":\"skaitytaknyga.lt\",\"description\":\"Skaitytaknyga.lt \u2013 tai ma\u017eas \u0161eimos verslas, kuris prasid\u0117jo nuo meil\u0117s knygoms ir siekio i\u0161gelb\u0117ti knygas nuo likimo prie konteinerio. Kas vienam nereikalingas daiktas \u2013 kitam lobis, o mes esame tarpininkai, kurie padeda abiems tapti laimingesniems ???? \u017dinome kaip nelengva i\u0161gyventi ma\u017eiems verslams, tad nuo \u0161iol, \u010dia rasite ir kit\u0173, ma\u017e\u0173 \u0161eim\u0173 versl\u0173, rank\u0173 darbo, dovan\u0173 sau ir artimiesiems.\",\"publisher\":{\"@id\":\"https:\/\/skaitytaknyga.lt\/#organization\"},\"potentialAction\":[{\"@type\":\"SearchAction\",\"target\":{\"@type\":\"EntryPoint\",\"urlTemplate\":\"https:\/\/skaitytaknyga.lt\/?s={search_term_string}\"},\"query-input\":{\"@type\":\"PropertyValueSpecification\",\"valueRequired\":true,\"valueName\":\"search_term_string\"}}],\"inLanguage\":\"en-GB\"},{\"@type\":\"Organization\",\"@id\":\"https:\/\/skaitytaknyga.lt\/#organization\",\"name\":\"skaitytaknyga.lt\",\"url\":\"https:\/\/skaitytaknyga.lt\/\",\"logo\":{\"@type\":\"ImageObject\",\"inLanguage\":\"en-GB\",\"@id\":\"https:\/\/skaitytaknyga.lt\/#\/schema\/logo\/image\/\",\"url\":\"https:\/\/skaitytaknyga.lt\/wp-content\/uploads\/2024\/05\/cropped-cropped-cropped-02_00843_jt3bggkj1j3HLc7SyY6rEUpg.jpeg\",\"contentUrl\":\"https:\/\/skaitytaknyga.lt\/wp-content\/uploads\/2024\/05\/cropped-cropped-cropped-02_00843_jt3bggkj1j3HLc7SyY6rEUpg.jpeg\",\"width\":1600,\"height\":1600,\"caption\":\"skaitytaknyga.lt\"},\"image\":{\"@id\":\"https:\/\/skaitytaknyga.lt\/#\/schema\/logo\/image\/\"},\"sameAs\":[\"https:\/\/www.facebook.com\/skaitytaknyga\/\"]}]}<\/script>\n<!-- \/ Yoast SEO plugin. -->","yoast_head_json":{"title":"Kol mirtis mus i\u0161skirs","description":"Laidoje \u201e\u012etariamieji\" nebedirba jos ved\u0117jas, advokatas Aleksas Baklis, su kuriuo Laur\u0105 Moran siejo romanti\u0161kas ry\u0161ys. Nors j\u0105 supa mylinti \u0161eima \u2013 s\u016bnus","robots":{"index":"index","follow":"follow","max-snippet":"max-snippet:-1","max-image-preview":"max-image-preview:large","max-video-preview":"max-video-preview:-1"},"canonical":"https:\/\/skaitytaknyga.lt\/en\/produktas\/kol-mirtis-mus-isskirs\/","og_locale":"en_GB","og_type":"article","og_title":"[:lt]Kol mirtis mus i\u0161skirs[:] - Skaitytaknyga","og_description":"Laidoje \u201e\u012etariamieji\" nebedirba jos ved\u0117jas, advokatas Aleksas Baklis, su kuriuo Laur\u0105 Moran siejo romanti\u0161kas ry\u0161ys. Nors j\u0105 supa mylinti \u0161eima \u2013 s\u016bnus","og_url":"https:\/\/skaitytaknyga.lt\/en\/produktas\/kol-mirtis-mus-isskirs\/","og_site_name":"Skaitytaknyga","article_publisher":"https:\/\/www.facebook.com\/skaitytaknyga\/","article_modified_time":"2026-03-05T09:59:15+00:00","og_image":[{"width":300,"height":492,"url":"https:\/\/skaitytaknyga.lt\/wp-content\/uploads\/2026\/02\/Kol-mirtis-mus-isskirs-1.webp","type":"image\/webp"}],"twitter_card":"summary_large_image","twitter_misc":{"Estimated reading time":"1 minute"},"schema":{"@context":"https:\/\/schema.org","@graph":[{"@type":"WebPage","@id":"https:\/\/skaitytaknyga.lt\/produktas\/kol-mirtis-mus-isskirs\/","url":"https:\/\/skaitytaknyga.lt\/produktas\/kol-mirtis-mus-isskirs\/","name":"Kol mirtis mus i\u0161skirs","isPartOf":{"@id":"https:\/\/skaitytaknyga.lt\/#website"},"primaryImageOfPage":{"@id":"https:\/\/skaitytaknyga.lt\/produktas\/kol-mirtis-mus-isskirs\/#primaryimage"},"image":{"@id":"https:\/\/skaitytaknyga.lt\/produktas\/kol-mirtis-mus-isskirs\/#primaryimage"},"thumbnailUrl":"https:\/\/skaitytaknyga.lt\/wp-content\/uploads\/2026\/02\/Kol-mirtis-mus-isskirs-1.webp","datePublished":"2026-02-23T10:14:15+00:00","dateModified":"2026-03-05T09:59:15+00:00","description":"Laidoje \u201e\u012etariamieji\" nebedirba jos ved\u0117jas, advokatas Aleksas Baklis, su kuriuo Laur\u0105 Moran siejo romanti\u0161kas ry\u0161ys. Nors j\u0105 supa mylinti \u0161eima \u2013 s\u016bnus","breadcrumb":{"@id":"https:\/\/skaitytaknyga.lt\/produktas\/kol-mirtis-mus-isskirs\/#breadcrumb"},"inLanguage":"en-GB","potentialAction":[{"@type":"ReadAction","target":["https:\/\/skaitytaknyga.lt\/produktas\/kol-mirtis-mus-isskirs\/"]}]},{"@type":"ImageObject","inLanguage":"en-GB","@id":"https:\/\/skaitytaknyga.lt\/produktas\/kol-mirtis-mus-isskirs\/#primaryimage","url":"https:\/\/skaitytaknyga.lt\/wp-content\/uploads\/2026\/02\/Kol-mirtis-mus-isskirs-1.webp","contentUrl":"https:\/\/skaitytaknyga.lt\/wp-content\/uploads\/2026\/02\/Kol-mirtis-mus-isskirs-1.webp","width":300,"height":492,"caption":"Kol mirtis mus i\u0161skirs"},{"@type":"BreadcrumbList","@id":"https:\/\/skaitytaknyga.lt\/produktas\/kol-mirtis-mus-isskirs\/#breadcrumb","itemListElement":[{"@type":"ListItem","position":1,"name":"Home","item":"https:\/\/skaitytaknyga.lt\/"},{"@type":"ListItem","position":2,"name":"Parduotuv\u0117","item":"https:\/\/skaitytaknyga.lt\/knygu-parduotuve\/"},{"@type":"ListItem","position":3,"name":"Kol mirtis mus i\u0161skirs"}]},{"@type":"WebSite","@id":"https:\/\/skaitytaknyga.lt\/#website","url":"https:\/\/skaitytaknyga.lt\/","name":"skaitytaknyga.lt","description":"Skaitytaknyga.lt \u2013 tai ma\u017eas \u0161eimos verslas, kuris prasid\u0117jo nuo meil\u0117s knygoms ir siekio i\u0161gelb\u0117ti knygas nuo likimo prie konteinerio. Kas vienam nereikalingas daiktas \u2013 kitam lobis, o mes esame tarpininkai, kurie padeda abiems tapti laimingesniems ???? \u017dinome kaip nelengva i\u0161gyventi ma\u017eiems verslams, tad nuo \u0161iol, \u010dia rasite ir kit\u0173, ma\u017e\u0173 \u0161eim\u0173 versl\u0173, rank\u0173 darbo, dovan\u0173 sau ir artimiesiems.","publisher":{"@id":"https:\/\/skaitytaknyga.lt\/#organization"},"potentialAction":[{"@type":"SearchAction","target":{"@type":"EntryPoint","urlTemplate":"https:\/\/skaitytaknyga.lt\/?s={search_term_string}"},"query-input":{"@type":"PropertyValueSpecification","valueRequired":true,"valueName":"search_term_string"}}],"inLanguage":"en-GB"},{"@type":"Organization","@id":"https:\/\/skaitytaknyga.lt\/#organization","name":"skaitytaknyga.lt","url":"https:\/\/skaitytaknyga.lt\/","logo":{"@type":"ImageObject","inLanguage":"en-GB","@id":"https:\/\/skaitytaknyga.lt\/#\/schema\/logo\/image\/","url":"https:\/\/skaitytaknyga.lt\/wp-content\/uploads\/2024\/05\/cropped-cropped-cropped-02_00843_jt3bggkj1j3HLc7SyY6rEUpg.jpeg","contentUrl":"https:\/\/skaitytaknyga.lt\/wp-content\/uploads\/2024\/05\/cropped-cropped-cropped-02_00843_jt3bggkj1j3HLc7SyY6rEUpg.jpeg","width":1600,"height":1600,"caption":"skaitytaknyga.lt"},"image":{"@id":"https:\/\/skaitytaknyga.lt\/#\/schema\/logo\/image\/"},"sameAs":["https:\/\/www.facebook.com\/skaitytaknyga\/"]}]}},"_links":{"self":[{"href":"https:\/\/skaitytaknyga.lt\/en\/wp-json\/wp\/v2\/product\/23130","targetHints":{"allow":["GET"]}}],"collection":[{"href":"https:\/\/skaitytaknyga.lt\/en\/wp-json\/wp\/v2\/product"}],"about":[{"href":"https:\/\/skaitytaknyga.lt\/en\/wp-json\/wp\/v2\/types\/product"}],"replies":[{"embeddable":true,"href":"https:\/\/skaitytaknyga.lt\/en\/wp-json\/wp\/v2\/comments?post=23130"}],"wp:featuredmedia":[{"embeddable":true,"href":"https:\/\/skaitytaknyga.lt\/en\/wp-json\/wp\/v2\/media\/23135"}],"wp:attachment":[{"href":"https:\/\/skaitytaknyga.lt\/en\/wp-json\/wp\/v2\/media?parent=23130"}],"wp:term":[{"taxonomy":"product_brand","embeddable":true,"href":"https:\/\/skaitytaknyga.lt\/en\/wp-json\/wp\/v2\/product_brand?post=23130"},{"taxonomy":"product_cat","embeddable":true,"href":"https:\/\/skaitytaknyga.lt\/en\/wp-json\/wp\/v2\/product_cat?post=23130"},{"taxonomy":"product_tag","embeddable":true,"href":"https:\/\/skaitytaknyga.lt\/en\/wp-json\/wp\/v2\/product_tag?post=23130"}],"curies":[{"name":"wp","href":"https:\/\/api.w.org\/{rel}","templated":true}]}}