{"id":23129,"date":"2026-02-23T12:14:15","date_gmt":"2026-02-23T10:14:15","guid":{"rendered":"https:\/\/skaitytaknyga.lt\/?post_type=product&#038;p=23129"},"modified":"2026-03-05T11:59:15","modified_gmt":"2026-03-05T09:59:15","slug":"niekada-nebusiu-tavo","status":"publish","type":"product","link":"https:\/\/skaitytaknyga.lt\/en\/produktas\/niekada-nebusiu-tavo\/","title":{"rendered":"Niekada neb\u016bsiu tavo"},"content":{"rendered":"<p>Mary Higgins Clark (Mer\u0117 Higins Klark, 1927\u20132020)<\/p>\n<p>JAV ra\u0161ytoja, mil\u017eini\u0161ko populiarumo sulaukusi\u0173 detektyv\u0173 autor\u0117. Skaitytoj\u0173 ir kritik\u0173 visame pasaulyje vertinami jos romanai nuolat patenka \u012f skaitomiausi\u0173 knyg\u0173 s\u0105ra\u0161us. Vien JAV \u0161ios autor\u0117s knyg\u0173 parduota daugiau kaip 80 milijon\u0173 egzempliori\u0173. Detektyv\u0173 karaliene vadinama Mary Higgins Clark buvo daugelio presti\u017eini\u0173 premij\u0173 laureat\u0117, jos vardu pavadintas vienas svarbiausi\u0173 apdovanojim\u0173 geriausiems \u0161io \u017eanro autoriams.<\/p>\n<p>Alafair Burke (Alafer Berk, g. 1969) yra populiari\u0173 detektyv\u0173 ir kriminalini\u0173 trileri\u0173 autor\u0117. Ra\u0161ytojos knygose da\u017enai galima aptikti reali\u0173 byl\u0173 p\u0117dsak\u0173 i\u0161 ankstesn\u0117s jos darbo patirties, be to, ji vis dar d\u0117sto kriminalin\u0119 teis\u0119.<\/p>\n<p>Televizijos \u0161ou \u201e\u012etariamieji\u201c prodiuser\u0117 Laura Moran susi\u017ead\u0117jo su buvusiu savo laidos ved\u0117ju Aleksu Bakliu. Jie d\u017eiaugsmingai planuoja vestuves, \u0161ven\u010dia Alekso paskyrim\u0105 \u012f federalinius teis\u0117jus ir ie\u0161ko naujajam j\u0173dviej\u0173 gyvenimui tinkamo b\u016bsto Niujorke.<br \/>\nTa\u010diau vien\u0105 dien\u0105 pas Laur\u0105 apsilanko Robertas ir Sintija Belai, daktaro Martino Belo t\u0117vai. \u017davus, gabus, pla\u010diai pagars\u0117j\u0119s gydytojas prie\u0161 penkerius metus buvo nu\u0161autas \u012fva\u017eoje prie savo prabangaus namo Grinvid\u017e Vilid\u017ee. Belai \u012fsitikin\u0119, kad s\u016bn\u0173 nu\u017eud\u0117 j\u0173 niekam tikusi marti Kendra. Siekdami vie\u0161ai \u012frodyti, kad Kendra kalta d\u0117l j\u0173 s\u016bnaus mirties, ir trok\u0161dami gauti an\u016bk\u0173 glob\u0105, jie primygtinai pra\u0161o Lauros ,,\u012etariam\u0173j\u0173\u201c laidoje i\u0161narplioti \u0161i\u0105 byl\u0105.<br \/>\nPo Martino mirties i\u0161tisus penkerius metus Kendra gyveno lydima \u012ftarim\u0173, \u017einiasklaidos vadinama pakrikusio proto \u0161vaist\u016bne ir piktnaud\u017eiautoja svaigalais. Dabar ji dirba, r\u016bpinasi vaikais ir yra visai nepana\u0161i \u012f prie\u0161 tai buvusi\u0105 moter\u012f. Lauros laida gal\u0117t\u0173 b\u016bti puiki proga save i\u0161teisinti, ta\u010diau Kendra grie\u017etai atsisako dalyvauti tyrime ir tai tik dar labiau sustiprina \u012ftarimus.<br \/>\nLaurai \u0117mus gilintis \u012f byl\u0105 paai\u0161k\u0117ja, kad Martinas anaiptol nebuvo pavyzdingas \u0161eimos vyras ir r\u016bpestingas t\u0117vas, prie\u0161ingai \u2013 jo gyvenime netr\u016bko nei melo, nei g\u0117ding\u0173 paslap\u010di\u0173.<\/p>\n<p>Detektyv\u0173 karaliene tituluojama Mary Higgins Clark ir bestseleri\u0173 autor\u0117 Alafair Burke pristato nauj\u0105 knyg\u0173 ciklo apie televizijos \u0161ou \u201e\u012etariamieji\u201c dal\u012f.<\/p>\n","protected":false},"excerpt":{"rendered":"<p>Mary Higgins Clark (Mer\u0117 Higins Klark, 1927\u20132020) JAV ra\u0161ytoja, mil\u017eini\u0161ko populiarumo sulaukusi\u0173 detektyv\u0173 autor\u0117. Skaitytoj\u0173 ir kritik\u0173 visame pasaulyje vertinami jos romanai nuolat patenka \u012f skaitomiausi\u0173 knyg\u0173 s\u0105ra\u0161us. Vien JAV \u0161ios autor\u0117s knyg\u0173 parduota daugiau kaip 80 milijon\u0173 egzempliori\u0173. Detektyv\u0173 karaliene vadinama Mary Higgins Clark buvo daugelio presti\u017eini\u0173 premij\u0173 laureat\u0117, jos vardu pavadintas vienas svarbiausi\u0173 apdovanojim\u0173 geriausiems \u0161io \u017eanro autoriams. Alafair Burke (Alafer Berk, g. 1969) yra populiari\u0173 detektyv\u0173 ir kriminalini\u0173 trileri\u0173 autor\u0117. Ra\u0161ytojos knygose da\u017enai galima aptikti reali\u0173 byl\u0173 p\u0117dsak\u0173 i\u0161 ankstesn\u0117s jos darbo patirties, be to, ji vis dar d\u0117sto kriminalin\u0119 teis\u0119. Televizijos \u0161ou \u201e\u012etariamieji\u201c prodiuser\u0117 Laura Moran susi\u017ead\u0117jo su buvusiu savo laidos ved\u0117ju Aleksu Bakliu. Jie d\u017eiaugsmingai planuoja vestuves, \u0161ven\u010dia Alekso paskyrim\u0105 \u012f federalinius teis\u0117jus ir ie\u0161ko naujajam j\u0173dviej\u0173 gyvenimui tinkamo b\u016bsto Niujorke. Ta\u010diau vien\u0105 dien\u0105 pas Laur\u0105 apsilanko Robertas ir Sintija Belai, daktaro Martino Belo t\u0117vai. \u017davus, gabus, pla\u010diai pagars\u0117j\u0119s gydytojas prie\u0161 penkerius metus buvo nu\u0161autas \u012fva\u017eoje prie savo prabangaus namo Grinvid\u017e Vilid\u017ee. Belai \u012fsitikin\u0119, kad s\u016bn\u0173 nu\u017eud\u0117 j\u0173 niekam tikusi marti Kendra. Siekdami vie\u0161ai \u012frodyti, kad Kendra kalta d\u0117l j\u0173 s\u016bnaus mirties, ir trok\u0161dami gauti an\u016bk\u0173 glob\u0105, jie primygtinai pra\u0161o Lauros ,,\u012etariam\u0173j\u0173\u201c laidoje i\u0161narplioti \u0161i\u0105 byl\u0105. Po Martino mirties i\u0161tisus penkerius metus Kendra gyveno lydima \u012ftarim\u0173, \u017einiasklaidos vadinama pakrikusio proto \u0161vaist\u016bne ir piktnaud\u017eiautoja svaigalais. Dabar ji dirba, r\u016bpinasi vaikais ir yra visai nepana\u0161i \u012f prie\u0161 tai buvusi\u0105 moter\u012f. Lauros laida gal\u0117t\u0173 b\u016bti puiki proga save i\u0161teisinti, ta\u010diau Kendra grie\u017etai atsisako dalyvauti tyrime ir tai tik dar labiau sustiprina \u012ftarimus. Laurai \u0117mus gilintis \u012f byl\u0105 paai\u0161k\u0117ja, kad Martinas anaiptol nebuvo pavyzdingas \u0161eimos vyras ir r\u016bpestingas t\u0117vas, prie\u0161ingai \u2013 jo gyvenime netr\u016bko nei melo, nei g\u0117ding\u0173 paslap\u010di\u0173. Detektyv\u0173 karaliene tituluojama Mary Higgins Clark ir bestseleri\u0173 autor\u0117 Alafair Burke pristato nauj\u0105 knyg\u0173 ciklo apie televizijos \u0161ou \u201e\u012etariamieji\u201c dal\u012f.<\/p>\n","protected":false},"featured_media":23134,"comment_status":"open","ping_status":"closed","template":"","meta":{"_acf_changed":false,"site-sidebar-layout":"default","site-content-layout":"","ast-site-content-layout":"default","site-content-style":"default","site-sidebar-style":"default","ast-global-header-display":"","ast-banner-title-visibility":"","ast-main-header-display":"","ast-hfb-above-header-display":"","ast-hfb-below-header-display":"","ast-hfb-mobile-header-display":"","site-post-title":"","ast-breadcrumbs-content":"","ast-featured-img":"","footer-sml-layout":"","ast-disable-related-posts":"","theme-transparent-header-meta":"","adv-header-id-meta":"","stick-header-meta":"","header-above-stick-meta":"","header-main-stick-meta":"","header-below-stick-meta":"","astra-migrate-meta-layouts":"default","ast-page-background-enabled":"default","ast-page-background-meta":{"desktop":{"background-color":"","background-image":"","background-repeat":"repeat","background-position":"center center","background-size":"auto","background-attachment":"scroll","background-type":"","background-media":"","overlay-type":"","overlay-color":"","overlay-opacity":"","overlay-gradient":""},"tablet":{"background-color":"","background-image":"","background-repeat":"repeat","background-position":"center center","background-size":"auto","background-attachment":"scroll","background-type":"","background-media":"","overlay-type":"","overlay-color":"","overlay-opacity":"","overlay-gradient":""},"mobile":{"background-color":"","background-image":"","background-repeat":"repeat","background-position":"center center","background-size":"auto","background-attachment":"scroll","background-type":"","background-media":"","overlay-type":"","overlay-color":"","overlay-opacity":"","overlay-gradient":""}},"ast-content-background-meta":{"desktop":{"background-color":"var(--ast-global-color-4)","background-image":"","background-repeat":"repeat","background-position":"center center","background-size":"auto","background-attachment":"scroll","background-type":"","background-media":"","overlay-type":"","overlay-color":"","overlay-opacity":"","overlay-gradient":""},"tablet":{"background-color":"var(--ast-global-color-4)","background-image":"","background-repeat":"repeat","background-position":"center center","background-size":"auto","background-attachment":"scroll","background-type":"","background-media":"","overlay-type":"","overlay-color":"","overlay-opacity":"","overlay-gradient":""},"mobile":{"background-color":"var(--ast-global-color-4)","background-image":"","background-repeat":"repeat","background-position":"center center","background-size":"auto","background-attachment":"scroll","background-type":"","background-media":"","overlay-type":"","overlay-color":"","overlay-opacity":"","overlay-gradient":""}}},"product_brand":[],"product_cat":[9581],"product_tag":[6427,2943],"class_list":{"0":"post-23129","1":"product","2":"type-product","3":"status-publish","4":"has-post-thumbnail","6":"product_cat-kriminaliniai-romanai","7":"product_tag-alafair-burke","8":"product_tag-mary-higgins-clark","9":"desktop-align-left","10":"tablet-align-left","11":"mobile-align-left","13":"first","14":"instock","15":"shipping-taxable","16":"purchasable","17":"product-type-simple"},"acf":[],"yoast_head":"<!-- This site is optimized with the Yoast SEO plugin v27.0 - https:\/\/yoast.com\/product\/yoast-seo-wordpress\/ -->\n<title>Niekada neb\u016bsiu tavo<\/title>\n<meta name=\"description\" content=\"Mary Higgins Clark (Mer\u0117 Higins Klark, 1927\u20132020) JAV ra\u0161ytoja, mil\u017eini\u0161ko populiarumo sulaukusi\u0173 detektyv\u0173 autor\u0117. Skaitytoj\u0173 ir kritik\u0173 visame pasaulyje\" \/>\n<meta name=\"robots\" content=\"index, follow, max-snippet:-1, max-image-preview:large, max-video-preview:-1\" \/>\n<link rel=\"canonical\" href=\"https:\/\/skaitytaknyga.lt\/en\/produktas\/niekada-nebusiu-tavo\/\" \/>\n<meta property=\"og:locale\" content=\"en_GB\" \/>\n<meta property=\"og:locale:alternate\" content=\"lt_LT\" \/>\n<meta property=\"og:type\" content=\"article\" \/>\n<meta property=\"og:title\" content=\"Niekada neb\u016bsiu tavo\" \/>\n<meta property=\"og:description\" content=\"Mary Higgins Clark (Mer\u0117 Higins Klark, 1927\u20132020) JAV ra\u0161ytoja, mil\u017eini\u0161ko populiarumo sulaukusi\u0173 detektyv\u0173 autor\u0117. Skaitytoj\u0173 ir kritik\u0173 visame pasaulyje\" \/>\n<meta property=\"og:url\" content=\"https:\/\/skaitytaknyga.lt\/en\/produktas\/niekada-nebusiu-tavo\/\" \/>\n<meta property=\"og:site_name\" content=\"Skaitytaknyga\" \/>\n<meta property=\"article:publisher\" content=\"https:\/\/www.facebook.com\/skaitytaknyga\/\" \/>\n<meta property=\"article:modified_time\" content=\"2026-03-05T09:59:15+00:00\" \/>\n<meta property=\"og:image\" content=\"https:\/\/skaitytaknyga.lt\/wp-content\/uploads\/2026\/02\/Niekada-nebusiu-tavo-1.webp\" \/>\n\t<meta property=\"og:image:width\" content=\"300\" \/>\n\t<meta property=\"og:image:height\" content=\"492\" \/>\n\t<meta property=\"og:image:type\" content=\"image\/webp\" \/>\n<meta name=\"twitter:card\" content=\"summary_large_image\" \/>\n<meta name=\"twitter:label1\" content=\"Estimated reading time\" \/>\n\t<meta name=\"twitter:data1\" content=\"2 minutes\" \/>\n<script type=\"application\/ld+json\" class=\"yoast-schema-graph\">{\"@context\":\"https:\/\/schema.org\",\"@graph\":[{\"@type\":\"WebPage\",\"@id\":\"https:\/\/skaitytaknyga.lt\/produktas\/niekada-nebusiu-tavo\/\",\"url\":\"https:\/\/skaitytaknyga.lt\/produktas\/niekada-nebusiu-tavo\/\",\"name\":\"Niekada neb\u016bsiu tavo\",\"isPartOf\":{\"@id\":\"https:\/\/skaitytaknyga.lt\/#website\"},\"primaryImageOfPage\":{\"@id\":\"https:\/\/skaitytaknyga.lt\/produktas\/niekada-nebusiu-tavo\/#primaryimage\"},\"image\":{\"@id\":\"https:\/\/skaitytaknyga.lt\/produktas\/niekada-nebusiu-tavo\/#primaryimage\"},\"thumbnailUrl\":\"https:\/\/skaitytaknyga.lt\/wp-content\/uploads\/2026\/02\/Niekada-nebusiu-tavo-1.webp\",\"datePublished\":\"2026-02-23T10:14:15+00:00\",\"dateModified\":\"2026-03-05T09:59:15+00:00\",\"description\":\"Mary Higgins Clark (Mer\u0117 Higins Klark, 1927\u20132020) JAV ra\u0161ytoja, mil\u017eini\u0161ko populiarumo sulaukusi\u0173 detektyv\u0173 autor\u0117. Skaitytoj\u0173 ir kritik\u0173 visame pasaulyje\",\"breadcrumb\":{\"@id\":\"https:\/\/skaitytaknyga.lt\/produktas\/niekada-nebusiu-tavo\/#breadcrumb\"},\"inLanguage\":\"en-GB\",\"potentialAction\":[{\"@type\":\"ReadAction\",\"target\":[\"https:\/\/skaitytaknyga.lt\/produktas\/niekada-nebusiu-tavo\/\"]}]},{\"@type\":\"ImageObject\",\"inLanguage\":\"en-GB\",\"@id\":\"https:\/\/skaitytaknyga.lt\/produktas\/niekada-nebusiu-tavo\/#primaryimage\",\"url\":\"https:\/\/skaitytaknyga.lt\/wp-content\/uploads\/2026\/02\/Niekada-nebusiu-tavo-1.webp\",\"contentUrl\":\"https:\/\/skaitytaknyga.lt\/wp-content\/uploads\/2026\/02\/Niekada-nebusiu-tavo-1.webp\",\"width\":300,\"height\":492,\"caption\":\"Niekada neb\u016bsiu tavo\"},{\"@type\":\"BreadcrumbList\",\"@id\":\"https:\/\/skaitytaknyga.lt\/produktas\/niekada-nebusiu-tavo\/#breadcrumb\",\"itemListElement\":[{\"@type\":\"ListItem\",\"position\":1,\"name\":\"Home\",\"item\":\"https:\/\/skaitytaknyga.lt\/\"},{\"@type\":\"ListItem\",\"position\":2,\"name\":\"Parduotuv\u0117\",\"item\":\"https:\/\/skaitytaknyga.lt\/knygu-parduotuve\/\"},{\"@type\":\"ListItem\",\"position\":3,\"name\":\"Niekada neb\u016bsiu tavo\"}]},{\"@type\":\"WebSite\",\"@id\":\"https:\/\/skaitytaknyga.lt\/#website\",\"url\":\"https:\/\/skaitytaknyga.lt\/\",\"name\":\"skaitytaknyga.lt\",\"description\":\"Skaitytaknyga.lt \u2013 tai ma\u017eas \u0161eimos verslas, kuris prasid\u0117jo nuo meil\u0117s knygoms ir siekio i\u0161gelb\u0117ti knygas nuo likimo prie konteinerio. Kas vienam nereikalingas daiktas \u2013 kitam lobis, o mes esame tarpininkai, kurie padeda abiems tapti laimingesniems ???? \u017dinome kaip nelengva i\u0161gyventi ma\u017eiems verslams, tad nuo \u0161iol, \u010dia rasite ir kit\u0173, ma\u017e\u0173 \u0161eim\u0173 versl\u0173, rank\u0173 darbo, dovan\u0173 sau ir artimiesiems.\",\"publisher\":{\"@id\":\"https:\/\/skaitytaknyga.lt\/#organization\"},\"potentialAction\":[{\"@type\":\"SearchAction\",\"target\":{\"@type\":\"EntryPoint\",\"urlTemplate\":\"https:\/\/skaitytaknyga.lt\/?s={search_term_string}\"},\"query-input\":{\"@type\":\"PropertyValueSpecification\",\"valueRequired\":true,\"valueName\":\"search_term_string\"}}],\"inLanguage\":\"en-GB\"},{\"@type\":\"Organization\",\"@id\":\"https:\/\/skaitytaknyga.lt\/#organization\",\"name\":\"skaitytaknyga.lt\",\"url\":\"https:\/\/skaitytaknyga.lt\/\",\"logo\":{\"@type\":\"ImageObject\",\"inLanguage\":\"en-GB\",\"@id\":\"https:\/\/skaitytaknyga.lt\/#\/schema\/logo\/image\/\",\"url\":\"https:\/\/skaitytaknyga.lt\/wp-content\/uploads\/2024\/05\/cropped-cropped-cropped-02_00843_jt3bggkj1j3HLc7SyY6rEUpg.jpeg\",\"contentUrl\":\"https:\/\/skaitytaknyga.lt\/wp-content\/uploads\/2024\/05\/cropped-cropped-cropped-02_00843_jt3bggkj1j3HLc7SyY6rEUpg.jpeg\",\"width\":1600,\"height\":1600,\"caption\":\"skaitytaknyga.lt\"},\"image\":{\"@id\":\"https:\/\/skaitytaknyga.lt\/#\/schema\/logo\/image\/\"},\"sameAs\":[\"https:\/\/www.facebook.com\/skaitytaknyga\/\"]}]}<\/script>\n<!-- \/ Yoast SEO plugin. -->","yoast_head_json":{"title":"Niekada neb\u016bsiu tavo","description":"Mary Higgins Clark (Mer\u0117 Higins Klark, 1927\u20132020) JAV ra\u0161ytoja, mil\u017eini\u0161ko populiarumo sulaukusi\u0173 detektyv\u0173 autor\u0117. Skaitytoj\u0173 ir kritik\u0173 visame pasaulyje","robots":{"index":"index","follow":"follow","max-snippet":"max-snippet:-1","max-image-preview":"max-image-preview:large","max-video-preview":"max-video-preview:-1"},"canonical":"https:\/\/skaitytaknyga.lt\/en\/produktas\/niekada-nebusiu-tavo\/","og_locale":"en_GB","og_type":"article","og_title":"[:lt]Niekada neb\u016bsiu tavo[:] - Skaitytaknyga","og_description":"Mary Higgins Clark (Mer\u0117 Higins Klark, 1927\u20132020) JAV ra\u0161ytoja, mil\u017eini\u0161ko populiarumo sulaukusi\u0173 detektyv\u0173 autor\u0117. Skaitytoj\u0173 ir kritik\u0173 visame pasaulyje","og_url":"https:\/\/skaitytaknyga.lt\/en\/produktas\/niekada-nebusiu-tavo\/","og_site_name":"Skaitytaknyga","article_publisher":"https:\/\/www.facebook.com\/skaitytaknyga\/","article_modified_time":"2026-03-05T09:59:15+00:00","og_image":[{"width":300,"height":492,"url":"https:\/\/skaitytaknyga.lt\/wp-content\/uploads\/2026\/02\/Niekada-nebusiu-tavo-1.webp","type":"image\/webp"}],"twitter_card":"summary_large_image","twitter_misc":{"Estimated reading time":"2 minutes"},"schema":{"@context":"https:\/\/schema.org","@graph":[{"@type":"WebPage","@id":"https:\/\/skaitytaknyga.lt\/produktas\/niekada-nebusiu-tavo\/","url":"https:\/\/skaitytaknyga.lt\/produktas\/niekada-nebusiu-tavo\/","name":"Niekada neb\u016bsiu tavo","isPartOf":{"@id":"https:\/\/skaitytaknyga.lt\/#website"},"primaryImageOfPage":{"@id":"https:\/\/skaitytaknyga.lt\/produktas\/niekada-nebusiu-tavo\/#primaryimage"},"image":{"@id":"https:\/\/skaitytaknyga.lt\/produktas\/niekada-nebusiu-tavo\/#primaryimage"},"thumbnailUrl":"https:\/\/skaitytaknyga.lt\/wp-content\/uploads\/2026\/02\/Niekada-nebusiu-tavo-1.webp","datePublished":"2026-02-23T10:14:15+00:00","dateModified":"2026-03-05T09:59:15+00:00","description":"Mary Higgins Clark (Mer\u0117 Higins Klark, 1927\u20132020) JAV ra\u0161ytoja, mil\u017eini\u0161ko populiarumo sulaukusi\u0173 detektyv\u0173 autor\u0117. Skaitytoj\u0173 ir kritik\u0173 visame pasaulyje","breadcrumb":{"@id":"https:\/\/skaitytaknyga.lt\/produktas\/niekada-nebusiu-tavo\/#breadcrumb"},"inLanguage":"en-GB","potentialAction":[{"@type":"ReadAction","target":["https:\/\/skaitytaknyga.lt\/produktas\/niekada-nebusiu-tavo\/"]}]},{"@type":"ImageObject","inLanguage":"en-GB","@id":"https:\/\/skaitytaknyga.lt\/produktas\/niekada-nebusiu-tavo\/#primaryimage","url":"https:\/\/skaitytaknyga.lt\/wp-content\/uploads\/2026\/02\/Niekada-nebusiu-tavo-1.webp","contentUrl":"https:\/\/skaitytaknyga.lt\/wp-content\/uploads\/2026\/02\/Niekada-nebusiu-tavo-1.webp","width":300,"height":492,"caption":"Niekada neb\u016bsiu tavo"},{"@type":"BreadcrumbList","@id":"https:\/\/skaitytaknyga.lt\/produktas\/niekada-nebusiu-tavo\/#breadcrumb","itemListElement":[{"@type":"ListItem","position":1,"name":"Home","item":"https:\/\/skaitytaknyga.lt\/"},{"@type":"ListItem","position":2,"name":"Parduotuv\u0117","item":"https:\/\/skaitytaknyga.lt\/knygu-parduotuve\/"},{"@type":"ListItem","position":3,"name":"Niekada neb\u016bsiu tavo"}]},{"@type":"WebSite","@id":"https:\/\/skaitytaknyga.lt\/#website","url":"https:\/\/skaitytaknyga.lt\/","name":"skaitytaknyga.lt","description":"Skaitytaknyga.lt \u2013 tai ma\u017eas \u0161eimos verslas, kuris prasid\u0117jo nuo meil\u0117s knygoms ir siekio i\u0161gelb\u0117ti knygas nuo likimo prie konteinerio. Kas vienam nereikalingas daiktas \u2013 kitam lobis, o mes esame tarpininkai, kurie padeda abiems tapti laimingesniems ???? \u017dinome kaip nelengva i\u0161gyventi ma\u017eiems verslams, tad nuo \u0161iol, \u010dia rasite ir kit\u0173, ma\u017e\u0173 \u0161eim\u0173 versl\u0173, rank\u0173 darbo, dovan\u0173 sau ir artimiesiems.","publisher":{"@id":"https:\/\/skaitytaknyga.lt\/#organization"},"potentialAction":[{"@type":"SearchAction","target":{"@type":"EntryPoint","urlTemplate":"https:\/\/skaitytaknyga.lt\/?s={search_term_string}"},"query-input":{"@type":"PropertyValueSpecification","valueRequired":true,"valueName":"search_term_string"}}],"inLanguage":"en-GB"},{"@type":"Organization","@id":"https:\/\/skaitytaknyga.lt\/#organization","name":"skaitytaknyga.lt","url":"https:\/\/skaitytaknyga.lt\/","logo":{"@type":"ImageObject","inLanguage":"en-GB","@id":"https:\/\/skaitytaknyga.lt\/#\/schema\/logo\/image\/","url":"https:\/\/skaitytaknyga.lt\/wp-content\/uploads\/2024\/05\/cropped-cropped-cropped-02_00843_jt3bggkj1j3HLc7SyY6rEUpg.jpeg","contentUrl":"https:\/\/skaitytaknyga.lt\/wp-content\/uploads\/2024\/05\/cropped-cropped-cropped-02_00843_jt3bggkj1j3HLc7SyY6rEUpg.jpeg","width":1600,"height":1600,"caption":"skaitytaknyga.lt"},"image":{"@id":"https:\/\/skaitytaknyga.lt\/#\/schema\/logo\/image\/"},"sameAs":["https:\/\/www.facebook.com\/skaitytaknyga\/"]}]}},"_links":{"self":[{"href":"https:\/\/skaitytaknyga.lt\/en\/wp-json\/wp\/v2\/product\/23129","targetHints":{"allow":["GET"]}}],"collection":[{"href":"https:\/\/skaitytaknyga.lt\/en\/wp-json\/wp\/v2\/product"}],"about":[{"href":"https:\/\/skaitytaknyga.lt\/en\/wp-json\/wp\/v2\/types\/product"}],"replies":[{"embeddable":true,"href":"https:\/\/skaitytaknyga.lt\/en\/wp-json\/wp\/v2\/comments?post=23129"}],"wp:featuredmedia":[{"embeddable":true,"href":"https:\/\/skaitytaknyga.lt\/en\/wp-json\/wp\/v2\/media\/23134"}],"wp:attachment":[{"href":"https:\/\/skaitytaknyga.lt\/en\/wp-json\/wp\/v2\/media?parent=23129"}],"wp:term":[{"taxonomy":"product_brand","embeddable":true,"href":"https:\/\/skaitytaknyga.lt\/en\/wp-json\/wp\/v2\/product_brand?post=23129"},{"taxonomy":"product_cat","embeddable":true,"href":"https:\/\/skaitytaknyga.lt\/en\/wp-json\/wp\/v2\/product_cat?post=23129"},{"taxonomy":"product_tag","embeddable":true,"href":"https:\/\/skaitytaknyga.lt\/en\/wp-json\/wp\/v2\/product_tag?post=23129"}],"curies":[{"name":"wp","href":"https:\/\/api.w.org\/{rel}","templated":true}]}}