{"id":23128,"date":"2026-02-23T12:14:15","date_gmt":"2026-02-23T10:14:15","guid":{"rendered":"https:\/\/skaitytaknyga.lt\/?post_type=product&#038;p=23128"},"modified":"2026-03-05T11:59:15","modified_gmt":"2026-03-05T09:59:15","slug":"neisleisk-is-akiu","status":"publish","type":"product","link":"https:\/\/skaitytaknyga.lt\/en\/produktas\/neisleisk-is-akiu\/","title":{"rendered":"Nei\u0161leisk i\u0161 aki\u0173"},"content":{"rendered":"<p>Jauna, gra\u017ei ir talentinga \u017eurnalist\u0117 Patricija Traimor atvyko i\u0161 Bostono \u012f Va\u0161ington\u0105 ketindama kurti laid\u0173 cikl\u0105 apie i\u0161skirtines ir politikoje daug pasiekusias moteris. Pirmosios laidos heroj\u0117 senator\u0117 Abigail\u0117 D\u017eenings siekia tapti Jungtini\u0173 Amerikos Valstij\u0173 viceprezidente. Savo asmenin\u012f gyvenim\u0105 nuo pa\u0161alini\u0173 aki\u0173 kruop\u0161\u010diai sauganti senator\u0117 netryk\u0161ta noru dalyvauti laidos filmavimuose, bet jos patar\u0117jai \u012fsitikin\u0119, kad tai puiki proga padidinti populiarum\u0105 ir sutvirtinti pozicijas kovoje d\u0117l atsakingo posto.<br \/>\nTa\u010diau ka\u017ekas labai nenori, kad b\u016bt\u0173 kuriama laida apie senator\u0119. Gilindamasi \u012f politik\u0117s biografij\u0105 Patricija suvokia, kad senator\u0117s gyvenimo kelyje netr\u016bko m\u012fsling\u0173 mir\u010di\u0173 ir nelaiming\u0173 atsitikim\u0173, galin\u010di\u0173 pakenkti jos reputacijai ir karjerai. Senator\u0117s \u0161e\u0161\u0117lis \u0161m\u0117\u017euoja ir pa\u010dios \u017eurnalist\u0117s vaikyst\u0119 pa\u017eenklinusioje kruvinoje \u0161eimos dramoje. M\u0117gindama i\u0161siai\u0161kinti ties\u0105 Patricija atkakliai t\u0119sia tyrim\u0105 net ne\u012ftardama, kad jai \u012f nugar\u0105 alsuoja negailestingas \u017eudikas.<\/p>\n<p>Mary Higgins Clark (Mer\u0117 Higins Klark, g. 1927 m.)<br \/>\nJAV ra\u0161ytoja, mil\u017eini\u0161ko populiarumo sulaukusi\u0173 detektyv\u0173 autor\u0117. Jos romanai, vertinami skaitytoj\u0173 ir kritik\u0173 visame pasaulyje, nuolat patenka \u012f skaitomiausi\u0173 knyg\u0173 s\u0105ra\u0161us. Vien JAV \u0161ios autor\u0117s knyg\u0173 parduota daugiau kaip 80 milijon\u0173 egzempliori\u0173. Detektyv\u0173 karaliene vadinama Mary Higgins Clark yra daugelio presti\u017eini\u0173 premij\u0173 laureat\u0117, JAV detektyv\u0173 ra\u0161ytoj\u0173 asociacijos prezident\u0117, jos vardu pavadintas vienas svarbiausi\u0173 apdovanojim\u0173 geriausiems \u0161io \u017eanro autoriams.<\/p>\n","protected":false},"excerpt":{"rendered":"<p>Jauna, gra\u017ei ir talentinga \u017eurnalist\u0117 Patricija Traimor atvyko i\u0161 Bostono \u012f Va\u0161ington\u0105 ketindama kurti laid\u0173 cikl\u0105 apie i\u0161skirtines ir politikoje daug pasiekusias moteris. Pirmosios laidos heroj\u0117 senator\u0117 Abigail\u0117 D\u017eenings siekia tapti Jungtini\u0173 Amerikos Valstij\u0173 viceprezidente. Savo asmenin\u012f gyvenim\u0105 nuo pa\u0161alini\u0173 aki\u0173 kruop\u0161\u010diai sauganti senator\u0117 netryk\u0161ta noru dalyvauti laidos filmavimuose, bet jos patar\u0117jai \u012fsitikin\u0119, kad tai puiki proga padidinti populiarum\u0105 ir sutvirtinti pozicijas kovoje d\u0117l atsakingo posto. Ta\u010diau ka\u017ekas labai nenori, kad b\u016bt\u0173 kuriama laida apie senator\u0119. Gilindamasi \u012f politik\u0117s biografij\u0105 Patricija suvokia, kad senator\u0117s gyvenimo kelyje netr\u016bko m\u012fsling\u0173 mir\u010di\u0173 ir nelaiming\u0173 atsitikim\u0173, galin\u010di\u0173 pakenkti jos reputacijai ir karjerai. Senator\u0117s \u0161e\u0161\u0117lis \u0161m\u0117\u017euoja ir pa\u010dios \u017eurnalist\u0117s vaikyst\u0119 pa\u017eenklinusioje kruvinoje \u0161eimos dramoje. M\u0117gindama i\u0161siai\u0161kinti ties\u0105 Patricija atkakliai t\u0119sia tyrim\u0105 net ne\u012ftardama, kad jai \u012f nugar\u0105 alsuoja negailestingas \u017eudikas. Mary Higgins Clark (Mer\u0117 Higins Klark, g. 1927 m.) JAV ra\u0161ytoja, mil\u017eini\u0161ko populiarumo sulaukusi\u0173 detektyv\u0173 autor\u0117. Jos romanai, vertinami skaitytoj\u0173 ir kritik\u0173 visame pasaulyje, nuolat patenka \u012f skaitomiausi\u0173 knyg\u0173 s\u0105ra\u0161us. Vien JAV \u0161ios autor\u0117s knyg\u0173 parduota daugiau kaip 80 milijon\u0173 egzempliori\u0173. Detektyv\u0173 karaliene vadinama Mary Higgins Clark yra daugelio presti\u017eini\u0173 premij\u0173 laureat\u0117, JAV detektyv\u0173 ra\u0161ytoj\u0173 asociacijos prezident\u0117, jos vardu pavadintas vienas svarbiausi\u0173 apdovanojim\u0173 geriausiems \u0161io \u017eanro autoriams.<\/p>\n","protected":false},"featured_media":23133,"comment_status":"open","ping_status":"closed","template":"","meta":{"_acf_changed":false,"site-sidebar-layout":"default","site-content-layout":"","ast-site-content-layout":"default","site-content-style":"default","site-sidebar-style":"default","ast-global-header-display":"","ast-banner-title-visibility":"","ast-main-header-display":"","ast-hfb-above-header-display":"","ast-hfb-below-header-display":"","ast-hfb-mobile-header-display":"","site-post-title":"","ast-breadcrumbs-content":"","ast-featured-img":"","footer-sml-layout":"","ast-disable-related-posts":"","theme-transparent-header-meta":"","adv-header-id-meta":"","stick-header-meta":"","header-above-stick-meta":"","header-main-stick-meta":"","header-below-stick-meta":"","astra-migrate-meta-layouts":"default","ast-page-background-enabled":"default","ast-page-background-meta":{"desktop":{"background-color":"","background-image":"","background-repeat":"repeat","background-position":"center center","background-size":"auto","background-attachment":"scroll","background-type":"","background-media":"","overlay-type":"","overlay-color":"","overlay-opacity":"","overlay-gradient":""},"tablet":{"background-color":"","background-image":"","background-repeat":"repeat","background-position":"center center","background-size":"auto","background-attachment":"scroll","background-type":"","background-media":"","overlay-type":"","overlay-color":"","overlay-opacity":"","overlay-gradient":""},"mobile":{"background-color":"","background-image":"","background-repeat":"repeat","background-position":"center center","background-size":"auto","background-attachment":"scroll","background-type":"","background-media":"","overlay-type":"","overlay-color":"","overlay-opacity":"","overlay-gradient":""}},"ast-content-background-meta":{"desktop":{"background-color":"var(--ast-global-color-4)","background-image":"","background-repeat":"repeat","background-position":"center center","background-size":"auto","background-attachment":"scroll","background-type":"","background-media":"","overlay-type":"","overlay-color":"","overlay-opacity":"","overlay-gradient":""},"tablet":{"background-color":"var(--ast-global-color-4)","background-image":"","background-repeat":"repeat","background-position":"center center","background-size":"auto","background-attachment":"scroll","background-type":"","background-media":"","overlay-type":"","overlay-color":"","overlay-opacity":"","overlay-gradient":""},"mobile":{"background-color":"var(--ast-global-color-4)","background-image":"","background-repeat":"repeat","background-position":"center center","background-size":"auto","background-attachment":"scroll","background-type":"","background-media":"","overlay-type":"","overlay-color":"","overlay-opacity":"","overlay-gradient":""}}},"product_brand":[],"product_cat":[9581],"product_tag":[2943],"class_list":{"0":"post-23128","1":"product","2":"type-product","3":"status-publish","4":"has-post-thumbnail","6":"product_cat-kriminaliniai-romanai","7":"product_tag-mary-higgins-clark","8":"desktop-align-left","9":"tablet-align-left","10":"mobile-align-left","12":"first","13":"instock","14":"shipping-taxable","15":"purchasable","16":"product-type-simple"},"acf":[],"yoast_head":"<!-- This site is optimized with the Yoast SEO plugin v27.4 - https:\/\/yoast.com\/product\/yoast-seo-wordpress\/ -->\n<title>Nei\u0161leisk i\u0161 aki\u0173<\/title>\n<meta name=\"description\" content=\"Jauna, gra\u017ei ir talentinga \u017eurnalist\u0117 Patricija Traimor atvyko i\u0161 Bostono \u012f Va\u0161ington\u0105 ketindama kurti laid\u0173 cikl\u0105 apie i\u0161skirtines ir politikoje daug\" \/>\n<meta name=\"robots\" content=\"index, follow, max-snippet:-1, max-image-preview:large, max-video-preview:-1\" \/>\n<link rel=\"canonical\" href=\"https:\/\/skaitytaknyga.lt\/en\/produktas\/neisleisk-is-akiu\/\" \/>\n<meta property=\"og:locale\" content=\"en_GB\" \/>\n<meta property=\"og:locale:alternate\" content=\"lt_LT\" \/>\n<meta property=\"og:type\" content=\"article\" \/>\n<meta property=\"og:title\" content=\"Nei\u0161leisk i\u0161 aki\u0173\" \/>\n<meta property=\"og:description\" content=\"Jauna, gra\u017ei ir talentinga \u017eurnalist\u0117 Patricija Traimor atvyko i\u0161 Bostono \u012f Va\u0161ington\u0105 ketindama kurti laid\u0173 cikl\u0105 apie i\u0161skirtines ir politikoje daug\" \/>\n<meta property=\"og:url\" content=\"https:\/\/skaitytaknyga.lt\/en\/produktas\/neisleisk-is-akiu\/\" \/>\n<meta property=\"og:site_name\" content=\"Skaitytaknyga\" \/>\n<meta property=\"article:publisher\" content=\"https:\/\/www.facebook.com\/skaitytaknyga\/\" \/>\n<meta property=\"article:modified_time\" content=\"2026-03-05T09:59:15+00:00\" \/>\n<meta property=\"og:image\" content=\"https:\/\/skaitytaknyga.lt\/wp-content\/uploads\/2026\/02\/Neisleisk-is-akiu-1.webp\" \/>\n\t<meta property=\"og:image:width\" content=\"300\" \/>\n\t<meta property=\"og:image:height\" content=\"492\" \/>\n\t<meta property=\"og:image:type\" content=\"image\/webp\" \/>\n<meta name=\"twitter:card\" content=\"summary_large_image\" \/>\n<meta name=\"twitter:label1\" content=\"Estimated reading time\" \/>\n\t<meta name=\"twitter:data1\" content=\"1 minute\" \/>\n<script type=\"application\/ld+json\" class=\"yoast-schema-graph\">{\"@context\":\"https:\\\/\\\/schema.org\",\"@graph\":[{\"@type\":\"WebPage\",\"@id\":\"https:\\\/\\\/skaitytaknyga.lt\\\/produktas\\\/neisleisk-is-akiu\\\/\",\"url\":\"https:\\\/\\\/skaitytaknyga.lt\\\/produktas\\\/neisleisk-is-akiu\\\/\",\"name\":\"Nei\u0161leisk i\u0161 aki\u0173\",\"isPartOf\":{\"@id\":\"https:\\\/\\\/skaitytaknyga.lt\\\/#website\"},\"primaryImageOfPage\":{\"@id\":\"https:\\\/\\\/skaitytaknyga.lt\\\/produktas\\\/neisleisk-is-akiu\\\/#primaryimage\"},\"image\":{\"@id\":\"https:\\\/\\\/skaitytaknyga.lt\\\/produktas\\\/neisleisk-is-akiu\\\/#primaryimage\"},\"thumbnailUrl\":\"https:\\\/\\\/skaitytaknyga.lt\\\/wp-content\\\/uploads\\\/2026\\\/02\\\/Neisleisk-is-akiu-1.webp\",\"datePublished\":\"2026-02-23T10:14:15+00:00\",\"dateModified\":\"2026-03-05T09:59:15+00:00\",\"description\":\"Jauna, gra\u017ei ir talentinga \u017eurnalist\u0117 Patricija Traimor atvyko i\u0161 Bostono \u012f Va\u0161ington\u0105 ketindama kurti laid\u0173 cikl\u0105 apie i\u0161skirtines ir politikoje daug\",\"breadcrumb\":{\"@id\":\"https:\\\/\\\/skaitytaknyga.lt\\\/produktas\\\/neisleisk-is-akiu\\\/#breadcrumb\"},\"inLanguage\":\"en-GB\",\"potentialAction\":[{\"@type\":\"ReadAction\",\"target\":[\"https:\\\/\\\/skaitytaknyga.lt\\\/produktas\\\/neisleisk-is-akiu\\\/\"]}]},{\"@type\":\"ImageObject\",\"inLanguage\":\"en-GB\",\"@id\":\"https:\\\/\\\/skaitytaknyga.lt\\\/produktas\\\/neisleisk-is-akiu\\\/#primaryimage\",\"url\":\"https:\\\/\\\/skaitytaknyga.lt\\\/wp-content\\\/uploads\\\/2026\\\/02\\\/Neisleisk-is-akiu-1.webp\",\"contentUrl\":\"https:\\\/\\\/skaitytaknyga.lt\\\/wp-content\\\/uploads\\\/2026\\\/02\\\/Neisleisk-is-akiu-1.webp\",\"width\":300,\"height\":492,\"caption\":\"Nei\u0161leisk i\u0161 aki\u0173\"},{\"@type\":\"BreadcrumbList\",\"@id\":\"https:\\\/\\\/skaitytaknyga.lt\\\/produktas\\\/neisleisk-is-akiu\\\/#breadcrumb\",\"itemListElement\":[{\"@type\":\"ListItem\",\"position\":1,\"name\":\"Home\",\"item\":\"https:\\\/\\\/skaitytaknyga.lt\\\/\"},{\"@type\":\"ListItem\",\"position\":2,\"name\":\"Parduotuv\u0117\",\"item\":\"https:\\\/\\\/skaitytaknyga.lt\\\/knygu-parduotuve\\\/\"},{\"@type\":\"ListItem\",\"position\":3,\"name\":\"Nei\u0161leisk i\u0161 aki\u0173\"}]},{\"@type\":\"WebSite\",\"@id\":\"https:\\\/\\\/skaitytaknyga.lt\\\/#website\",\"url\":\"https:\\\/\\\/skaitytaknyga.lt\\\/\",\"name\":\"skaitytaknyga.lt\",\"description\":\"Skaitytaknyga.lt \u2013 tai ma\u017eas \u0161eimos verslas, kuris prasid\u0117jo nuo meil\u0117s knygoms ir siekio i\u0161gelb\u0117ti knygas nuo likimo prie konteinerio. Kas vienam nereikalingas daiktas \u2013 kitam lobis, o mes esame tarpininkai, kurie padeda abiems tapti laimingesniems ???? \u017dinome kaip nelengva i\u0161gyventi ma\u017eiems verslams, tad nuo \u0161iol, \u010dia rasite ir kit\u0173, ma\u017e\u0173 \u0161eim\u0173 versl\u0173, rank\u0173 darbo, dovan\u0173 sau ir artimiesiems.\",\"publisher\":{\"@id\":\"https:\\\/\\\/skaitytaknyga.lt\\\/#organization\"},\"potentialAction\":[{\"@type\":\"SearchAction\",\"target\":{\"@type\":\"EntryPoint\",\"urlTemplate\":\"https:\\\/\\\/skaitytaknyga.lt\\\/?s={search_term_string}\"},\"query-input\":{\"@type\":\"PropertyValueSpecification\",\"valueRequired\":true,\"valueName\":\"search_term_string\"}}],\"inLanguage\":\"en-GB\"},{\"@type\":\"Organization\",\"@id\":\"https:\\\/\\\/skaitytaknyga.lt\\\/#organization\",\"name\":\"skaitytaknyga.lt\",\"url\":\"https:\\\/\\\/skaitytaknyga.lt\\\/\",\"logo\":{\"@type\":\"ImageObject\",\"inLanguage\":\"en-GB\",\"@id\":\"https:\\\/\\\/skaitytaknyga.lt\\\/#\\\/schema\\\/logo\\\/image\\\/\",\"url\":\"https:\\\/\\\/skaitytaknyga.lt\\\/wp-content\\\/uploads\\\/2024\\\/05\\\/cropped-cropped-cropped-02_00843_jt3bggkj1j3HLc7SyY6rEUpg.jpeg\",\"contentUrl\":\"https:\\\/\\\/skaitytaknyga.lt\\\/wp-content\\\/uploads\\\/2024\\\/05\\\/cropped-cropped-cropped-02_00843_jt3bggkj1j3HLc7SyY6rEUpg.jpeg\",\"width\":1600,\"height\":1600,\"caption\":\"skaitytaknyga.lt\"},\"image\":{\"@id\":\"https:\\\/\\\/skaitytaknyga.lt\\\/#\\\/schema\\\/logo\\\/image\\\/\"},\"sameAs\":[\"https:\\\/\\\/www.facebook.com\\\/skaitytaknyga\\\/\"]}]}<\/script>\n<!-- \/ Yoast SEO plugin. -->","yoast_head_json":{"title":"Nei\u0161leisk i\u0161 aki\u0173","description":"Jauna, gra\u017ei ir talentinga \u017eurnalist\u0117 Patricija Traimor atvyko i\u0161 Bostono \u012f Va\u0161ington\u0105 ketindama kurti laid\u0173 cikl\u0105 apie i\u0161skirtines ir politikoje daug","robots":{"index":"index","follow":"follow","max-snippet":"max-snippet:-1","max-image-preview":"max-image-preview:large","max-video-preview":"max-video-preview:-1"},"canonical":"https:\/\/skaitytaknyga.lt\/en\/produktas\/neisleisk-is-akiu\/","og_locale":"en_GB","og_type":"article","og_title":"[:lt]Nei\u0161leisk i\u0161 aki\u0173[:] - Skaitytaknyga","og_description":"Jauna, gra\u017ei ir talentinga \u017eurnalist\u0117 Patricija Traimor atvyko i\u0161 Bostono \u012f Va\u0161ington\u0105 ketindama kurti laid\u0173 cikl\u0105 apie i\u0161skirtines ir politikoje daug","og_url":"https:\/\/skaitytaknyga.lt\/en\/produktas\/neisleisk-is-akiu\/","og_site_name":"Skaitytaknyga","article_publisher":"https:\/\/www.facebook.com\/skaitytaknyga\/","article_modified_time":"2026-03-05T09:59:15+00:00","og_image":[{"width":300,"height":492,"url":"https:\/\/skaitytaknyga.lt\/wp-content\/uploads\/2026\/02\/Neisleisk-is-akiu-1.webp","type":"image\/webp"}],"twitter_card":"summary_large_image","twitter_misc":{"Estimated reading time":"1 minute"},"schema":{"@context":"https:\/\/schema.org","@graph":[{"@type":"WebPage","@id":"https:\/\/skaitytaknyga.lt\/produktas\/neisleisk-is-akiu\/","url":"https:\/\/skaitytaknyga.lt\/produktas\/neisleisk-is-akiu\/","name":"Nei\u0161leisk i\u0161 aki\u0173","isPartOf":{"@id":"https:\/\/skaitytaknyga.lt\/#website"},"primaryImageOfPage":{"@id":"https:\/\/skaitytaknyga.lt\/produktas\/neisleisk-is-akiu\/#primaryimage"},"image":{"@id":"https:\/\/skaitytaknyga.lt\/produktas\/neisleisk-is-akiu\/#primaryimage"},"thumbnailUrl":"https:\/\/skaitytaknyga.lt\/wp-content\/uploads\/2026\/02\/Neisleisk-is-akiu-1.webp","datePublished":"2026-02-23T10:14:15+00:00","dateModified":"2026-03-05T09:59:15+00:00","description":"Jauna, gra\u017ei ir talentinga \u017eurnalist\u0117 Patricija Traimor atvyko i\u0161 Bostono \u012f Va\u0161ington\u0105 ketindama kurti laid\u0173 cikl\u0105 apie i\u0161skirtines ir politikoje daug","breadcrumb":{"@id":"https:\/\/skaitytaknyga.lt\/produktas\/neisleisk-is-akiu\/#breadcrumb"},"inLanguage":"en-GB","potentialAction":[{"@type":"ReadAction","target":["https:\/\/skaitytaknyga.lt\/produktas\/neisleisk-is-akiu\/"]}]},{"@type":"ImageObject","inLanguage":"en-GB","@id":"https:\/\/skaitytaknyga.lt\/produktas\/neisleisk-is-akiu\/#primaryimage","url":"https:\/\/skaitytaknyga.lt\/wp-content\/uploads\/2026\/02\/Neisleisk-is-akiu-1.webp","contentUrl":"https:\/\/skaitytaknyga.lt\/wp-content\/uploads\/2026\/02\/Neisleisk-is-akiu-1.webp","width":300,"height":492,"caption":"Nei\u0161leisk i\u0161 aki\u0173"},{"@type":"BreadcrumbList","@id":"https:\/\/skaitytaknyga.lt\/produktas\/neisleisk-is-akiu\/#breadcrumb","itemListElement":[{"@type":"ListItem","position":1,"name":"Home","item":"https:\/\/skaitytaknyga.lt\/"},{"@type":"ListItem","position":2,"name":"Parduotuv\u0117","item":"https:\/\/skaitytaknyga.lt\/knygu-parduotuve\/"},{"@type":"ListItem","position":3,"name":"Nei\u0161leisk i\u0161 aki\u0173"}]},{"@type":"WebSite","@id":"https:\/\/skaitytaknyga.lt\/#website","url":"https:\/\/skaitytaknyga.lt\/","name":"skaitytaknyga.lt","description":"Skaitytaknyga.lt \u2013 tai ma\u017eas \u0161eimos verslas, kuris prasid\u0117jo nuo meil\u0117s knygoms ir siekio i\u0161gelb\u0117ti knygas nuo likimo prie konteinerio. Kas vienam nereikalingas daiktas \u2013 kitam lobis, o mes esame tarpininkai, kurie padeda abiems tapti laimingesniems ???? \u017dinome kaip nelengva i\u0161gyventi ma\u017eiems verslams, tad nuo \u0161iol, \u010dia rasite ir kit\u0173, ma\u017e\u0173 \u0161eim\u0173 versl\u0173, rank\u0173 darbo, dovan\u0173 sau ir artimiesiems.","publisher":{"@id":"https:\/\/skaitytaknyga.lt\/#organization"},"potentialAction":[{"@type":"SearchAction","target":{"@type":"EntryPoint","urlTemplate":"https:\/\/skaitytaknyga.lt\/?s={search_term_string}"},"query-input":{"@type":"PropertyValueSpecification","valueRequired":true,"valueName":"search_term_string"}}],"inLanguage":"en-GB"},{"@type":"Organization","@id":"https:\/\/skaitytaknyga.lt\/#organization","name":"skaitytaknyga.lt","url":"https:\/\/skaitytaknyga.lt\/","logo":{"@type":"ImageObject","inLanguage":"en-GB","@id":"https:\/\/skaitytaknyga.lt\/#\/schema\/logo\/image\/","url":"https:\/\/skaitytaknyga.lt\/wp-content\/uploads\/2024\/05\/cropped-cropped-cropped-02_00843_jt3bggkj1j3HLc7SyY6rEUpg.jpeg","contentUrl":"https:\/\/skaitytaknyga.lt\/wp-content\/uploads\/2024\/05\/cropped-cropped-cropped-02_00843_jt3bggkj1j3HLc7SyY6rEUpg.jpeg","width":1600,"height":1600,"caption":"skaitytaknyga.lt"},"image":{"@id":"https:\/\/skaitytaknyga.lt\/#\/schema\/logo\/image\/"},"sameAs":["https:\/\/www.facebook.com\/skaitytaknyga\/"]}]}},"_links":{"self":[{"href":"https:\/\/skaitytaknyga.lt\/en\/wp-json\/wp\/v2\/product\/23128","targetHints":{"allow":["GET"]}}],"collection":[{"href":"https:\/\/skaitytaknyga.lt\/en\/wp-json\/wp\/v2\/product"}],"about":[{"href":"https:\/\/skaitytaknyga.lt\/en\/wp-json\/wp\/v2\/types\/product"}],"replies":[{"embeddable":true,"href":"https:\/\/skaitytaknyga.lt\/en\/wp-json\/wp\/v2\/comments?post=23128"}],"wp:featuredmedia":[{"embeddable":true,"href":"https:\/\/skaitytaknyga.lt\/en\/wp-json\/wp\/v2\/media\/23133"}],"wp:attachment":[{"href":"https:\/\/skaitytaknyga.lt\/en\/wp-json\/wp\/v2\/media?parent=23128"}],"wp:term":[{"taxonomy":"product_brand","embeddable":true,"href":"https:\/\/skaitytaknyga.lt\/en\/wp-json\/wp\/v2\/product_brand?post=23128"},{"taxonomy":"product_cat","embeddable":true,"href":"https:\/\/skaitytaknyga.lt\/en\/wp-json\/wp\/v2\/product_cat?post=23128"},{"taxonomy":"product_tag","embeddable":true,"href":"https:\/\/skaitytaknyga.lt\/en\/wp-json\/wp\/v2\/product_tag?post=23128"}],"curies":[{"name":"wp","href":"https:\/\/api.w.org\/{rel}","templated":true}]}}