{"id":23103,"date":"2026-02-20T11:27:45","date_gmt":"2026-02-20T09:27:45","guid":{"rendered":"https:\/\/skaitytaknyga.lt\/?post_type=product&#038;p=23103"},"modified":"2026-03-05T11:59:15","modified_gmt":"2026-03-05T09:59:15","slug":"stebiu-tave","status":"publish","type":"product","link":"https:\/\/skaitytaknyga.lt\/en\/produktas\/stebiu-tave\/","title":{"rendered":"Stebiu tave"},"content":{"rendered":"<p>Kai a\u0161tuoniolikmet\u0117 Ker\u0117 sureng\u0117 savo namuose vakar\u0117l\u012f mokyklos draugams, niekas ne\u012ftar\u0117, kad gali nutikti kas nors baisaus. Ta\u010diau kit\u0105 dien\u0105 sugr\u012f\u017e\u0119 t\u0117vai aptinka dukr\u0105 paskendusi\u0105 baseine. Sukr\u0117sti nelaim\u0117s jie neranda sau vietos. Nepal\u016b\u017eti jiems padeda tragedijos dien\u0105 i\u0161 Londono gr\u012f\u017eusi vyresnioji dukra Alina.<\/p>\n<p>Netrukus paai\u0161k\u0117ja \u2013 Ker\u0117 buvo nu\u017eudyta. Tyrimo imasi detektyvas Maikas Vilsonas. Pirmiausia \u012ftarimas krenta ant Ker\u0117s vaikino Alano. Sve\u010diai mat\u0117, kaip juodu susikivir\u010dijo ir \u012fpyk\u0119s Alanas paliko vakar\u0117l\u012f. Ta\u010diau Maikas negali apklausti vis\u0173 liudinink\u0173, nes dalis jaunuoli\u0173 yra nepilname\u010diai. Jam pasisi\u016blo pad\u0117ti Alina, neseniai \u012fsidarbinusi profesinio orientavimo konsultante mokykloje. Ji sutinka pasikalb\u0117ti su jaunuoliais ir subtiliai paklausti, k\u0105 jie mat\u0117 t\u0105 vakar\u0105. Ta\u010diau mergina net ne\u012ftaria, kad jos pa\u010dios gyvybei kyla pavojus.<\/p>\n","protected":false},"excerpt":{"rendered":"<p>Kai a\u0161tuoniolikmet\u0117 Ker\u0117 sureng\u0117 savo namuose vakar\u0117l\u012f mokyklos draugams, niekas ne\u012ftar\u0117, kad gali nutikti kas nors baisaus. Ta\u010diau kit\u0105 dien\u0105 sugr\u012f\u017e\u0119 t\u0117vai aptinka dukr\u0105 paskendusi\u0105 baseine. Sukr\u0117sti nelaim\u0117s jie neranda sau vietos. Nepal\u016b\u017eti jiems padeda tragedijos dien\u0105 i\u0161 Londono gr\u012f\u017eusi vyresnioji dukra Alina. Netrukus paai\u0161k\u0117ja \u2013 Ker\u0117 buvo nu\u017eudyta. Tyrimo imasi detektyvas Maikas Vilsonas. Pirmiausia \u012ftarimas krenta ant Ker\u0117s vaikino Alano. Sve\u010diai mat\u0117, kaip juodu susikivir\u010dijo ir \u012fpyk\u0119s Alanas paliko vakar\u0117l\u012f. Ta\u010diau Maikas negali apklausti vis\u0173 liudinink\u0173, nes dalis jaunuoli\u0173 yra nepilname\u010diai. Jam pasisi\u016blo pad\u0117ti Alina, neseniai \u012fsidarbinusi profesinio orientavimo konsultante mokykloje. Ji sutinka pasikalb\u0117ti su jaunuoliais ir subtiliai paklausti, k\u0105 jie mat\u0117 t\u0105 vakar\u0105. Ta\u010diau mergina net ne\u012ftaria, kad jos pa\u010dios gyvybei kyla pavojus.<\/p>\n","protected":false},"featured_media":23118,"comment_status":"open","ping_status":"closed","template":"","meta":{"_acf_changed":false,"site-sidebar-layout":"default","site-content-layout":"","ast-site-content-layout":"default","site-content-style":"default","site-sidebar-style":"default","ast-global-header-display":"","ast-banner-title-visibility":"","ast-main-header-display":"","ast-hfb-above-header-display":"","ast-hfb-below-header-display":"","ast-hfb-mobile-header-display":"","site-post-title":"","ast-breadcrumbs-content":"","ast-featured-img":"","footer-sml-layout":"","ast-disable-related-posts":"","theme-transparent-header-meta":"","adv-header-id-meta":"","stick-header-meta":"","header-above-stick-meta":"","header-main-stick-meta":"","header-below-stick-meta":"","astra-migrate-meta-layouts":"default","ast-page-background-enabled":"default","ast-page-background-meta":{"desktop":{"background-color":"","background-image":"","background-repeat":"repeat","background-position":"center center","background-size":"auto","background-attachment":"scroll","background-type":"","background-media":"","overlay-type":"","overlay-color":"","overlay-opacity":"","overlay-gradient":""},"tablet":{"background-color":"","background-image":"","background-repeat":"repeat","background-position":"center center","background-size":"auto","background-attachment":"scroll","background-type":"","background-media":"","overlay-type":"","overlay-color":"","overlay-opacity":"","overlay-gradient":""},"mobile":{"background-color":"","background-image":"","background-repeat":"repeat","background-position":"center center","background-size":"auto","background-attachment":"scroll","background-type":"","background-media":"","overlay-type":"","overlay-color":"","overlay-opacity":"","overlay-gradient":""}},"ast-content-background-meta":{"desktop":{"background-color":"var(--ast-global-color-4)","background-image":"","background-repeat":"repeat","background-position":"center center","background-size":"auto","background-attachment":"scroll","background-type":"","background-media":"","overlay-type":"","overlay-color":"","overlay-opacity":"","overlay-gradient":""},"tablet":{"background-color":"var(--ast-global-color-4)","background-image":"","background-repeat":"repeat","background-position":"center center","background-size":"auto","background-attachment":"scroll","background-type":"","background-media":"","overlay-type":"","overlay-color":"","overlay-opacity":"","overlay-gradient":""},"mobile":{"background-color":"var(--ast-global-color-4)","background-image":"","background-repeat":"repeat","background-position":"center center","background-size":"auto","background-attachment":"scroll","background-type":"","background-media":"","overlay-type":"","overlay-color":"","overlay-opacity":"","overlay-gradient":""}}},"product_brand":[],"product_cat":[9581],"product_tag":[2943],"class_list":{"0":"post-23103","1":"product","2":"type-product","3":"status-publish","4":"has-post-thumbnail","6":"product_cat-kriminaliniai-romanai","7":"product_tag-mary-higgins-clark","8":"desktop-align-left","9":"tablet-align-left","10":"mobile-align-left","12":"first","13":"instock","14":"shipping-taxable","15":"purchasable","16":"product-type-simple"},"acf":[],"yoast_head":"<!-- This site is optimized with the Yoast SEO plugin v27.0 - https:\/\/yoast.com\/product\/yoast-seo-wordpress\/ -->\n<title>Stebiu tave<\/title>\n<meta name=\"description\" content=\"Kai a\u0161tuoniolikmet\u0117 Ker\u0117 sureng\u0117 savo namuose vakar\u0117l\u012f mokyklos draugams, niekas ne\u012ftar\u0117, kad gali nutikti kas nors baisaus. Ta\u010diau kit\u0105 dien\u0105 sugr\u012f\u017e\u0119\" \/>\n<meta name=\"robots\" content=\"index, follow, max-snippet:-1, max-image-preview:large, max-video-preview:-1\" \/>\n<link rel=\"canonical\" href=\"https:\/\/skaitytaknyga.lt\/en\/produktas\/stebiu-tave\/\" \/>\n<meta property=\"og:locale\" content=\"en_GB\" \/>\n<meta property=\"og:locale:alternate\" content=\"lt_LT\" \/>\n<meta property=\"og:type\" content=\"article\" \/>\n<meta property=\"og:title\" content=\"Stebiu tave\" \/>\n<meta property=\"og:description\" content=\"Kai a\u0161tuoniolikmet\u0117 Ker\u0117 sureng\u0117 savo namuose vakar\u0117l\u012f mokyklos draugams, niekas ne\u012ftar\u0117, kad gali nutikti kas nors baisaus. Ta\u010diau kit\u0105 dien\u0105 sugr\u012f\u017e\u0119\" \/>\n<meta property=\"og:url\" content=\"https:\/\/skaitytaknyga.lt\/en\/produktas\/stebiu-tave\/\" \/>\n<meta property=\"og:site_name\" content=\"Skaitytaknyga\" \/>\n<meta property=\"article:publisher\" content=\"https:\/\/www.facebook.com\/skaitytaknyga\/\" \/>\n<meta property=\"article:modified_time\" content=\"2026-03-05T09:59:15+00:00\" \/>\n<meta property=\"og:image\" content=\"https:\/\/skaitytaknyga.lt\/wp-content\/uploads\/2026\/02\/Stebiu-tave-1.webp\" \/>\n\t<meta property=\"og:image:width\" content=\"300\" \/>\n\t<meta property=\"og:image:height\" content=\"492\" \/>\n\t<meta property=\"og:image:type\" content=\"image\/webp\" \/>\n<meta name=\"twitter:card\" content=\"summary_large_image\" \/>\n<meta name=\"twitter:label1\" content=\"Estimated reading time\" \/>\n\t<meta name=\"twitter:data1\" content=\"1 minute\" \/>\n<script type=\"application\/ld+json\" class=\"yoast-schema-graph\">{\"@context\":\"https:\/\/schema.org\",\"@graph\":[{\"@type\":\"WebPage\",\"@id\":\"https:\/\/skaitytaknyga.lt\/produktas\/stebiu-tave\/\",\"url\":\"https:\/\/skaitytaknyga.lt\/produktas\/stebiu-tave\/\",\"name\":\"Stebiu tave\",\"isPartOf\":{\"@id\":\"https:\/\/skaitytaknyga.lt\/#website\"},\"primaryImageOfPage\":{\"@id\":\"https:\/\/skaitytaknyga.lt\/produktas\/stebiu-tave\/#primaryimage\"},\"image\":{\"@id\":\"https:\/\/skaitytaknyga.lt\/produktas\/stebiu-tave\/#primaryimage\"},\"thumbnailUrl\":\"https:\/\/skaitytaknyga.lt\/wp-content\/uploads\/2026\/02\/Stebiu-tave-1.webp\",\"datePublished\":\"2026-02-20T09:27:45+00:00\",\"dateModified\":\"2026-03-05T09:59:15+00:00\",\"description\":\"Kai a\u0161tuoniolikmet\u0117 Ker\u0117 sureng\u0117 savo namuose vakar\u0117l\u012f mokyklos draugams, niekas ne\u012ftar\u0117, kad gali nutikti kas nors baisaus. Ta\u010diau kit\u0105 dien\u0105 sugr\u012f\u017e\u0119\",\"breadcrumb\":{\"@id\":\"https:\/\/skaitytaknyga.lt\/produktas\/stebiu-tave\/#breadcrumb\"},\"inLanguage\":\"en-GB\",\"potentialAction\":[{\"@type\":\"ReadAction\",\"target\":[\"https:\/\/skaitytaknyga.lt\/produktas\/stebiu-tave\/\"]}]},{\"@type\":\"ImageObject\",\"inLanguage\":\"en-GB\",\"@id\":\"https:\/\/skaitytaknyga.lt\/produktas\/stebiu-tave\/#primaryimage\",\"url\":\"https:\/\/skaitytaknyga.lt\/wp-content\/uploads\/2026\/02\/Stebiu-tave-1.webp\",\"contentUrl\":\"https:\/\/skaitytaknyga.lt\/wp-content\/uploads\/2026\/02\/Stebiu-tave-1.webp\",\"width\":300,\"height\":492,\"caption\":\"Stebiu tave\"},{\"@type\":\"BreadcrumbList\",\"@id\":\"https:\/\/skaitytaknyga.lt\/produktas\/stebiu-tave\/#breadcrumb\",\"itemListElement\":[{\"@type\":\"ListItem\",\"position\":1,\"name\":\"Home\",\"item\":\"https:\/\/skaitytaknyga.lt\/\"},{\"@type\":\"ListItem\",\"position\":2,\"name\":\"Parduotuv\u0117\",\"item\":\"https:\/\/skaitytaknyga.lt\/knygu-parduotuve\/\"},{\"@type\":\"ListItem\",\"position\":3,\"name\":\"Stebiu tave\"}]},{\"@type\":\"WebSite\",\"@id\":\"https:\/\/skaitytaknyga.lt\/#website\",\"url\":\"https:\/\/skaitytaknyga.lt\/\",\"name\":\"skaitytaknyga.lt\",\"description\":\"Skaitytaknyga.lt \u2013 tai ma\u017eas \u0161eimos verslas, kuris prasid\u0117jo nuo meil\u0117s knygoms ir siekio i\u0161gelb\u0117ti knygas nuo likimo prie konteinerio. Kas vienam nereikalingas daiktas \u2013 kitam lobis, o mes esame tarpininkai, kurie padeda abiems tapti laimingesniems ???? \u017dinome kaip nelengva i\u0161gyventi ma\u017eiems verslams, tad nuo \u0161iol, \u010dia rasite ir kit\u0173, ma\u017e\u0173 \u0161eim\u0173 versl\u0173, rank\u0173 darbo, dovan\u0173 sau ir artimiesiems.\",\"publisher\":{\"@id\":\"https:\/\/skaitytaknyga.lt\/#organization\"},\"potentialAction\":[{\"@type\":\"SearchAction\",\"target\":{\"@type\":\"EntryPoint\",\"urlTemplate\":\"https:\/\/skaitytaknyga.lt\/?s={search_term_string}\"},\"query-input\":{\"@type\":\"PropertyValueSpecification\",\"valueRequired\":true,\"valueName\":\"search_term_string\"}}],\"inLanguage\":\"en-GB\"},{\"@type\":\"Organization\",\"@id\":\"https:\/\/skaitytaknyga.lt\/#organization\",\"name\":\"skaitytaknyga.lt\",\"url\":\"https:\/\/skaitytaknyga.lt\/\",\"logo\":{\"@type\":\"ImageObject\",\"inLanguage\":\"en-GB\",\"@id\":\"https:\/\/skaitytaknyga.lt\/#\/schema\/logo\/image\/\",\"url\":\"https:\/\/skaitytaknyga.lt\/wp-content\/uploads\/2024\/05\/cropped-cropped-cropped-02_00843_jt3bggkj1j3HLc7SyY6rEUpg.jpeg\",\"contentUrl\":\"https:\/\/skaitytaknyga.lt\/wp-content\/uploads\/2024\/05\/cropped-cropped-cropped-02_00843_jt3bggkj1j3HLc7SyY6rEUpg.jpeg\",\"width\":1600,\"height\":1600,\"caption\":\"skaitytaknyga.lt\"},\"image\":{\"@id\":\"https:\/\/skaitytaknyga.lt\/#\/schema\/logo\/image\/\"},\"sameAs\":[\"https:\/\/www.facebook.com\/skaitytaknyga\/\"]}]}<\/script>\n<!-- \/ Yoast SEO plugin. -->","yoast_head_json":{"title":"Stebiu tave","description":"Kai a\u0161tuoniolikmet\u0117 Ker\u0117 sureng\u0117 savo namuose vakar\u0117l\u012f mokyklos draugams, niekas ne\u012ftar\u0117, kad gali nutikti kas nors baisaus. Ta\u010diau kit\u0105 dien\u0105 sugr\u012f\u017e\u0119","robots":{"index":"index","follow":"follow","max-snippet":"max-snippet:-1","max-image-preview":"max-image-preview:large","max-video-preview":"max-video-preview:-1"},"canonical":"https:\/\/skaitytaknyga.lt\/en\/produktas\/stebiu-tave\/","og_locale":"en_GB","og_type":"article","og_title":"[:lt]Stebiu tave[:] - Skaitytaknyga","og_description":"Kai a\u0161tuoniolikmet\u0117 Ker\u0117 sureng\u0117 savo namuose vakar\u0117l\u012f mokyklos draugams, niekas ne\u012ftar\u0117, kad gali nutikti kas nors baisaus. Ta\u010diau kit\u0105 dien\u0105 sugr\u012f\u017e\u0119","og_url":"https:\/\/skaitytaknyga.lt\/en\/produktas\/stebiu-tave\/","og_site_name":"Skaitytaknyga","article_publisher":"https:\/\/www.facebook.com\/skaitytaknyga\/","article_modified_time":"2026-03-05T09:59:15+00:00","og_image":[{"width":300,"height":492,"url":"https:\/\/skaitytaknyga.lt\/wp-content\/uploads\/2026\/02\/Stebiu-tave-1.webp","type":"image\/webp"}],"twitter_card":"summary_large_image","twitter_misc":{"Estimated reading time":"1 minute"},"schema":{"@context":"https:\/\/schema.org","@graph":[{"@type":"WebPage","@id":"https:\/\/skaitytaknyga.lt\/produktas\/stebiu-tave\/","url":"https:\/\/skaitytaknyga.lt\/produktas\/stebiu-tave\/","name":"Stebiu tave","isPartOf":{"@id":"https:\/\/skaitytaknyga.lt\/#website"},"primaryImageOfPage":{"@id":"https:\/\/skaitytaknyga.lt\/produktas\/stebiu-tave\/#primaryimage"},"image":{"@id":"https:\/\/skaitytaknyga.lt\/produktas\/stebiu-tave\/#primaryimage"},"thumbnailUrl":"https:\/\/skaitytaknyga.lt\/wp-content\/uploads\/2026\/02\/Stebiu-tave-1.webp","datePublished":"2026-02-20T09:27:45+00:00","dateModified":"2026-03-05T09:59:15+00:00","description":"Kai a\u0161tuoniolikmet\u0117 Ker\u0117 sureng\u0117 savo namuose vakar\u0117l\u012f mokyklos draugams, niekas ne\u012ftar\u0117, kad gali nutikti kas nors baisaus. Ta\u010diau kit\u0105 dien\u0105 sugr\u012f\u017e\u0119","breadcrumb":{"@id":"https:\/\/skaitytaknyga.lt\/produktas\/stebiu-tave\/#breadcrumb"},"inLanguage":"en-GB","potentialAction":[{"@type":"ReadAction","target":["https:\/\/skaitytaknyga.lt\/produktas\/stebiu-tave\/"]}]},{"@type":"ImageObject","inLanguage":"en-GB","@id":"https:\/\/skaitytaknyga.lt\/produktas\/stebiu-tave\/#primaryimage","url":"https:\/\/skaitytaknyga.lt\/wp-content\/uploads\/2026\/02\/Stebiu-tave-1.webp","contentUrl":"https:\/\/skaitytaknyga.lt\/wp-content\/uploads\/2026\/02\/Stebiu-tave-1.webp","width":300,"height":492,"caption":"Stebiu tave"},{"@type":"BreadcrumbList","@id":"https:\/\/skaitytaknyga.lt\/produktas\/stebiu-tave\/#breadcrumb","itemListElement":[{"@type":"ListItem","position":1,"name":"Home","item":"https:\/\/skaitytaknyga.lt\/"},{"@type":"ListItem","position":2,"name":"Parduotuv\u0117","item":"https:\/\/skaitytaknyga.lt\/knygu-parduotuve\/"},{"@type":"ListItem","position":3,"name":"Stebiu tave"}]},{"@type":"WebSite","@id":"https:\/\/skaitytaknyga.lt\/#website","url":"https:\/\/skaitytaknyga.lt\/","name":"skaitytaknyga.lt","description":"Skaitytaknyga.lt \u2013 tai ma\u017eas \u0161eimos verslas, kuris prasid\u0117jo nuo meil\u0117s knygoms ir siekio i\u0161gelb\u0117ti knygas nuo likimo prie konteinerio. Kas vienam nereikalingas daiktas \u2013 kitam lobis, o mes esame tarpininkai, kurie padeda abiems tapti laimingesniems ???? \u017dinome kaip nelengva i\u0161gyventi ma\u017eiems verslams, tad nuo \u0161iol, \u010dia rasite ir kit\u0173, ma\u017e\u0173 \u0161eim\u0173 versl\u0173, rank\u0173 darbo, dovan\u0173 sau ir artimiesiems.","publisher":{"@id":"https:\/\/skaitytaknyga.lt\/#organization"},"potentialAction":[{"@type":"SearchAction","target":{"@type":"EntryPoint","urlTemplate":"https:\/\/skaitytaknyga.lt\/?s={search_term_string}"},"query-input":{"@type":"PropertyValueSpecification","valueRequired":true,"valueName":"search_term_string"}}],"inLanguage":"en-GB"},{"@type":"Organization","@id":"https:\/\/skaitytaknyga.lt\/#organization","name":"skaitytaknyga.lt","url":"https:\/\/skaitytaknyga.lt\/","logo":{"@type":"ImageObject","inLanguage":"en-GB","@id":"https:\/\/skaitytaknyga.lt\/#\/schema\/logo\/image\/","url":"https:\/\/skaitytaknyga.lt\/wp-content\/uploads\/2024\/05\/cropped-cropped-cropped-02_00843_jt3bggkj1j3HLc7SyY6rEUpg.jpeg","contentUrl":"https:\/\/skaitytaknyga.lt\/wp-content\/uploads\/2024\/05\/cropped-cropped-cropped-02_00843_jt3bggkj1j3HLc7SyY6rEUpg.jpeg","width":1600,"height":1600,"caption":"skaitytaknyga.lt"},"image":{"@id":"https:\/\/skaitytaknyga.lt\/#\/schema\/logo\/image\/"},"sameAs":["https:\/\/www.facebook.com\/skaitytaknyga\/"]}]}},"_links":{"self":[{"href":"https:\/\/skaitytaknyga.lt\/en\/wp-json\/wp\/v2\/product\/23103","targetHints":{"allow":["GET"]}}],"collection":[{"href":"https:\/\/skaitytaknyga.lt\/en\/wp-json\/wp\/v2\/product"}],"about":[{"href":"https:\/\/skaitytaknyga.lt\/en\/wp-json\/wp\/v2\/types\/product"}],"replies":[{"embeddable":true,"href":"https:\/\/skaitytaknyga.lt\/en\/wp-json\/wp\/v2\/comments?post=23103"}],"wp:featuredmedia":[{"embeddable":true,"href":"https:\/\/skaitytaknyga.lt\/en\/wp-json\/wp\/v2\/media\/23118"}],"wp:attachment":[{"href":"https:\/\/skaitytaknyga.lt\/en\/wp-json\/wp\/v2\/media?parent=23103"}],"wp:term":[{"taxonomy":"product_brand","embeddable":true,"href":"https:\/\/skaitytaknyga.lt\/en\/wp-json\/wp\/v2\/product_brand?post=23103"},{"taxonomy":"product_cat","embeddable":true,"href":"https:\/\/skaitytaknyga.lt\/en\/wp-json\/wp\/v2\/product_cat?post=23103"},{"taxonomy":"product_tag","embeddable":true,"href":"https:\/\/skaitytaknyga.lt\/en\/wp-json\/wp\/v2\/product_tag?post=23103"}],"curies":[{"name":"wp","href":"https:\/\/api.w.org\/{rel}","templated":true}]}}