{"id":23102,"date":"2026-02-20T11:27:45","date_gmt":"2026-02-20T09:27:45","guid":{"rendered":"https:\/\/skaitytaknyga.lt\/?post_type=product&#038;p=23102"},"modified":"2026-02-27T09:48:51","modified_gmt":"2026-02-27T07:48:51","slug":"inirsis-romoje","status":"publish","type":"product","link":"https:\/\/skaitytaknyga.lt\/en\/produktas\/inirsis-romoje\/","title":{"rendered":"\u012enir\u0161is Romoje"},"content":{"rendered":"<p>Alvinai Naitli pavyko pasiglem\u017eti gra\u017eios ir i\u0161lepintos sesers Bet\u0117s gyvenim\u0105, bet Alv\u0117 veikiai supranta, kad u\u017e pavogt\u0105 dvyn\u0117s tapatyb\u0119 mok\u0117s didel\u0119 kain\u0105. Ypa\u010d po to, kai Sicilijoje randamas negyvos Bet\u0117s k\u016bnas. Ta\u010diau policija \u2013 toli gra\u017eu ne vienintelis dalykas, d\u0117l kurio Alvei reikia nerimauti. Praleidusi nakt\u012f Londono vie\u0161butyje \u201eRitz&#8221; su gra\u017euoliu meilu\u017eiu, ryte supranta, kad Nino paspruko su j\u0173dviej\u0173 pavogtu lambord\u017einiu ir dviem milijonais eur\u0173.<\/p>\n<p>Bet Alv\u0117 niekada nesisteng\u0117 b\u0117gti nuo i\u0161\u0161\u016bki\u0173. Ji atvira \u0161irdimi priima savo tamsi\u0105j\u0105 pus\u0119 ir, \u012fsitraukdama \u012f mirtin\u0105 kat\u0117s ir pel\u0117s \u017eaidim\u0105, ima persekioti i\u0161davik\u0105 per vis\u0105 Europ\u0105, kol galiausiai atsiduria prabanga tviskan\u010dioj Romoj. N\u0117 pragare nerastum tiek \u012fnir\u0161io, kiek jo turi atstumta moteris, \u2013 tik ar Alv\u0117 sp\u0117s \u012fvykdyti savo ker\u0161to plan\u0105, iki j\u0105 pavys pa\u010dios padaryti nusikaltimai?<\/p>\n","protected":false},"excerpt":{"rendered":"<p>Alvinai Naitli pavyko pasiglem\u017eti gra\u017eios ir i\u0161lepintos sesers Bet\u0117s gyvenim\u0105, bet Alv\u0117 veikiai supranta, kad u\u017e pavogt\u0105 dvyn\u0117s tapatyb\u0119 mok\u0117s didel\u0119 kain\u0105. Ypa\u010d po to, kai Sicilijoje randamas negyvos Bet\u0117s k\u016bnas. Ta\u010diau policija \u2013 toli gra\u017eu ne vienintelis dalykas, d\u0117l kurio Alvei reikia nerimauti. Praleidusi nakt\u012f Londono vie\u0161butyje \u201eRitz&#8221; su gra\u017euoliu meilu\u017eiu, ryte supranta, kad Nino paspruko su j\u0173dviej\u0173 pavogtu lambord\u017einiu ir dviem milijonais eur\u0173. Bet Alv\u0117 niekada nesisteng\u0117 b\u0117gti nuo i\u0161\u0161\u016bki\u0173. Ji atvira \u0161irdimi priima savo tamsi\u0105j\u0105 pus\u0119 ir, \u012fsitraukdama \u012f mirtin\u0105 kat\u0117s ir pel\u0117s \u017eaidim\u0105, ima persekioti i\u0161davik\u0105 per vis\u0105 Europ\u0105, kol galiausiai atsiduria prabanga tviskan\u010dioj Romoj. N\u0117 pragare nerastum tiek \u012fnir\u0161io, kiek jo turi atstumta moteris, \u2013 tik ar Alv\u0117 sp\u0117s \u012fvykdyti savo ker\u0161to plan\u0105, iki j\u0105 pavys pa\u010dios padaryti nusikaltimai?<\/p>\n","protected":false},"featured_media":23117,"comment_status":"open","ping_status":"closed","template":"","meta":{"_acf_changed":false,"site-sidebar-layout":"default","site-content-layout":"","ast-site-content-layout":"default","site-content-style":"default","site-sidebar-style":"default","ast-global-header-display":"","ast-banner-title-visibility":"","ast-main-header-display":"","ast-hfb-above-header-display":"","ast-hfb-below-header-display":"","ast-hfb-mobile-header-display":"","site-post-title":"","ast-breadcrumbs-content":"","ast-featured-img":"","footer-sml-layout":"","ast-disable-related-posts":"","theme-transparent-header-meta":"","adv-header-id-meta":"","stick-header-meta":"","header-above-stick-meta":"","header-main-stick-meta":"","header-below-stick-meta":"","astra-migrate-meta-layouts":"default","ast-page-background-enabled":"default","ast-page-background-meta":{"desktop":{"background-color":"","background-image":"","background-repeat":"repeat","background-position":"center center","background-size":"auto","background-attachment":"scroll","background-type":"","background-media":"","overlay-type":"","overlay-color":"","overlay-opacity":"","overlay-gradient":""},"tablet":{"background-color":"","background-image":"","background-repeat":"repeat","background-position":"center center","background-size":"auto","background-attachment":"scroll","background-type":"","background-media":"","overlay-type":"","overlay-color":"","overlay-opacity":"","overlay-gradient":""},"mobile":{"background-color":"","background-image":"","background-repeat":"repeat","background-position":"center center","background-size":"auto","background-attachment":"scroll","background-type":"","background-media":"","overlay-type":"","overlay-color":"","overlay-opacity":"","overlay-gradient":""}},"ast-content-background-meta":{"desktop":{"background-color":"var(--ast-global-color-4)","background-image":"","background-repeat":"repeat","background-position":"center center","background-size":"auto","background-attachment":"scroll","background-type":"","background-media":"","overlay-type":"","overlay-color":"","overlay-opacity":"","overlay-gradient":""},"tablet":{"background-color":"var(--ast-global-color-4)","background-image":"","background-repeat":"repeat","background-position":"center center","background-size":"auto","background-attachment":"scroll","background-type":"","background-media":"","overlay-type":"","overlay-color":"","overlay-opacity":"","overlay-gradient":""},"mobile":{"background-color":"var(--ast-global-color-4)","background-image":"","background-repeat":"repeat","background-position":"center center","background-size":"auto","background-attachment":"scroll","background-type":"","background-media":"","overlay-type":"","overlay-color":"","overlay-opacity":"","overlay-gradient":""}}},"product_brand":[],"product_cat":[31],"product_tag":[4956],"class_list":{"0":"post-23102","1":"product","2":"type-product","3":"status-publish","4":"has-post-thumbnail","6":"product_cat-grozine-literatura","7":"product_tag-chloe-esposito","8":"desktop-align-left","9":"tablet-align-left","10":"mobile-align-left","12":"first","13":"instock","14":"shipping-taxable","15":"purchasable","16":"product-type-simple"},"acf":[],"yoast_head":"<!-- This site is optimized with the Yoast SEO plugin v27.0 - https:\/\/yoast.com\/product\/yoast-seo-wordpress\/ -->\n<title>\u012enir\u0161is Romoje<\/title>\n<meta name=\"description\" content=\"Alvinai Naitli pavyko pasiglem\u017eti gra\u017eios ir i\u0161lepintos sesers Bet\u0117s gyvenim\u0105, bet Alv\u0117 veikiai supranta, kad u\u017e pavogt\u0105 dvyn\u0117s tapatyb\u0119 mok\u0117s didel\u0119\" \/>\n<meta name=\"robots\" content=\"index, follow, max-snippet:-1, max-image-preview:large, max-video-preview:-1\" \/>\n<link rel=\"canonical\" href=\"https:\/\/skaitytaknyga.lt\/en\/produktas\/inirsis-romoje\/\" \/>\n<meta property=\"og:locale\" content=\"en_GB\" \/>\n<meta property=\"og:locale:alternate\" content=\"lt_LT\" \/>\n<meta property=\"og:type\" content=\"article\" \/>\n<meta property=\"og:title\" content=\"\u012enir\u0161is Romoje\" \/>\n<meta property=\"og:description\" content=\"Alvinai Naitli pavyko pasiglem\u017eti gra\u017eios ir i\u0161lepintos sesers Bet\u0117s gyvenim\u0105, bet Alv\u0117 veikiai supranta, kad u\u017e pavogt\u0105 dvyn\u0117s tapatyb\u0119 mok\u0117s didel\u0119\" \/>\n<meta property=\"og:url\" content=\"https:\/\/skaitytaknyga.lt\/en\/produktas\/inirsis-romoje\/\" \/>\n<meta property=\"og:site_name\" content=\"Skaitytaknyga\" \/>\n<meta property=\"article:publisher\" content=\"https:\/\/www.facebook.com\/skaitytaknyga\/\" \/>\n<meta property=\"article:modified_time\" content=\"2026-02-27T07:48:51+00:00\" \/>\n<meta property=\"og:image\" content=\"https:\/\/skaitytaknyga.lt\/wp-content\/uploads\/2026\/02\/Inirsis-Romoje.webp\" \/>\n\t<meta property=\"og:image:width\" content=\"300\" \/>\n\t<meta property=\"og:image:height\" content=\"435\" \/>\n\t<meta property=\"og:image:type\" content=\"image\/webp\" \/>\n<meta name=\"twitter:card\" content=\"summary_large_image\" \/>\n<meta name=\"twitter:label1\" content=\"Estimated reading time\" \/>\n\t<meta name=\"twitter:data1\" content=\"1 minute\" \/>\n<script type=\"application\/ld+json\" class=\"yoast-schema-graph\">{\"@context\":\"https:\/\/schema.org\",\"@graph\":[{\"@type\":\"WebPage\",\"@id\":\"https:\/\/skaitytaknyga.lt\/produktas\/inirsis-romoje\/\",\"url\":\"https:\/\/skaitytaknyga.lt\/produktas\/inirsis-romoje\/\",\"name\":\"\u012enir\u0161is Romoje\",\"isPartOf\":{\"@id\":\"https:\/\/skaitytaknyga.lt\/#website\"},\"primaryImageOfPage\":{\"@id\":\"https:\/\/skaitytaknyga.lt\/produktas\/inirsis-romoje\/#primaryimage\"},\"image\":{\"@id\":\"https:\/\/skaitytaknyga.lt\/produktas\/inirsis-romoje\/#primaryimage\"},\"thumbnailUrl\":\"https:\/\/skaitytaknyga.lt\/wp-content\/uploads\/2026\/02\/Inirsis-Romoje.webp\",\"datePublished\":\"2026-02-20T09:27:45+00:00\",\"dateModified\":\"2026-02-27T07:48:51+00:00\",\"description\":\"Alvinai Naitli pavyko pasiglem\u017eti gra\u017eios ir i\u0161lepintos sesers Bet\u0117s gyvenim\u0105, bet Alv\u0117 veikiai supranta, kad u\u017e pavogt\u0105 dvyn\u0117s tapatyb\u0119 mok\u0117s didel\u0119\",\"breadcrumb\":{\"@id\":\"https:\/\/skaitytaknyga.lt\/produktas\/inirsis-romoje\/#breadcrumb\"},\"inLanguage\":\"en-GB\",\"potentialAction\":[{\"@type\":\"ReadAction\",\"target\":[\"https:\/\/skaitytaknyga.lt\/produktas\/inirsis-romoje\/\"]}]},{\"@type\":\"ImageObject\",\"inLanguage\":\"en-GB\",\"@id\":\"https:\/\/skaitytaknyga.lt\/produktas\/inirsis-romoje\/#primaryimage\",\"url\":\"https:\/\/skaitytaknyga.lt\/wp-content\/uploads\/2026\/02\/Inirsis-Romoje.webp\",\"contentUrl\":\"https:\/\/skaitytaknyga.lt\/wp-content\/uploads\/2026\/02\/Inirsis-Romoje.webp\",\"width\":300,\"height\":435},{\"@type\":\"BreadcrumbList\",\"@id\":\"https:\/\/skaitytaknyga.lt\/produktas\/inirsis-romoje\/#breadcrumb\",\"itemListElement\":[{\"@type\":\"ListItem\",\"position\":1,\"name\":\"Home\",\"item\":\"https:\/\/skaitytaknyga.lt\/\"},{\"@type\":\"ListItem\",\"position\":2,\"name\":\"Parduotuv\u0117\",\"item\":\"https:\/\/skaitytaknyga.lt\/knygu-parduotuve\/\"},{\"@type\":\"ListItem\",\"position\":3,\"name\":\"\u012enir\u0161is Romoje\"}]},{\"@type\":\"WebSite\",\"@id\":\"https:\/\/skaitytaknyga.lt\/#website\",\"url\":\"https:\/\/skaitytaknyga.lt\/\",\"name\":\"skaitytaknyga.lt\",\"description\":\"Skaitytaknyga.lt \u2013 tai ma\u017eas \u0161eimos verslas, kuris prasid\u0117jo nuo meil\u0117s knygoms ir siekio i\u0161gelb\u0117ti knygas nuo likimo prie konteinerio. Kas vienam nereikalingas daiktas \u2013 kitam lobis, o mes esame tarpininkai, kurie padeda abiems tapti laimingesniems ???? \u017dinome kaip nelengva i\u0161gyventi ma\u017eiems verslams, tad nuo \u0161iol, \u010dia rasite ir kit\u0173, ma\u017e\u0173 \u0161eim\u0173 versl\u0173, rank\u0173 darbo, dovan\u0173 sau ir artimiesiems.\",\"publisher\":{\"@id\":\"https:\/\/skaitytaknyga.lt\/#organization\"},\"potentialAction\":[{\"@type\":\"SearchAction\",\"target\":{\"@type\":\"EntryPoint\",\"urlTemplate\":\"https:\/\/skaitytaknyga.lt\/?s={search_term_string}\"},\"query-input\":{\"@type\":\"PropertyValueSpecification\",\"valueRequired\":true,\"valueName\":\"search_term_string\"}}],\"inLanguage\":\"en-GB\"},{\"@type\":\"Organization\",\"@id\":\"https:\/\/skaitytaknyga.lt\/#organization\",\"name\":\"skaitytaknyga.lt\",\"url\":\"https:\/\/skaitytaknyga.lt\/\",\"logo\":{\"@type\":\"ImageObject\",\"inLanguage\":\"en-GB\",\"@id\":\"https:\/\/skaitytaknyga.lt\/#\/schema\/logo\/image\/\",\"url\":\"https:\/\/skaitytaknyga.lt\/wp-content\/uploads\/2024\/05\/cropped-cropped-cropped-02_00843_jt3bggkj1j3HLc7SyY6rEUpg.jpeg\",\"contentUrl\":\"https:\/\/skaitytaknyga.lt\/wp-content\/uploads\/2024\/05\/cropped-cropped-cropped-02_00843_jt3bggkj1j3HLc7SyY6rEUpg.jpeg\",\"width\":1600,\"height\":1600,\"caption\":\"skaitytaknyga.lt\"},\"image\":{\"@id\":\"https:\/\/skaitytaknyga.lt\/#\/schema\/logo\/image\/\"},\"sameAs\":[\"https:\/\/www.facebook.com\/skaitytaknyga\/\"]}]}<\/script>\n<!-- \/ Yoast SEO plugin. -->","yoast_head_json":{"title":"\u012enir\u0161is Romoje","description":"Alvinai Naitli pavyko pasiglem\u017eti gra\u017eios ir i\u0161lepintos sesers Bet\u0117s gyvenim\u0105, bet Alv\u0117 veikiai supranta, kad u\u017e pavogt\u0105 dvyn\u0117s tapatyb\u0119 mok\u0117s didel\u0119","robots":{"index":"index","follow":"follow","max-snippet":"max-snippet:-1","max-image-preview":"max-image-preview:large","max-video-preview":"max-video-preview:-1"},"canonical":"https:\/\/skaitytaknyga.lt\/en\/produktas\/inirsis-romoje\/","og_locale":"en_GB","og_type":"article","og_title":"[:lt]\u012enir\u0161is Romoje[:] - Skaitytaknyga","og_description":"Alvinai Naitli pavyko pasiglem\u017eti gra\u017eios ir i\u0161lepintos sesers Bet\u0117s gyvenim\u0105, bet Alv\u0117 veikiai supranta, kad u\u017e pavogt\u0105 dvyn\u0117s tapatyb\u0119 mok\u0117s didel\u0119","og_url":"https:\/\/skaitytaknyga.lt\/en\/produktas\/inirsis-romoje\/","og_site_name":"Skaitytaknyga","article_publisher":"https:\/\/www.facebook.com\/skaitytaknyga\/","article_modified_time":"2026-02-27T07:48:51+00:00","og_image":[{"width":300,"height":435,"url":"https:\/\/skaitytaknyga.lt\/wp-content\/uploads\/2026\/02\/Inirsis-Romoje.webp","type":"image\/webp"}],"twitter_card":"summary_large_image","twitter_misc":{"Estimated reading time":"1 minute"},"schema":{"@context":"https:\/\/schema.org","@graph":[{"@type":"WebPage","@id":"https:\/\/skaitytaknyga.lt\/produktas\/inirsis-romoje\/","url":"https:\/\/skaitytaknyga.lt\/produktas\/inirsis-romoje\/","name":"\u012enir\u0161is Romoje","isPartOf":{"@id":"https:\/\/skaitytaknyga.lt\/#website"},"primaryImageOfPage":{"@id":"https:\/\/skaitytaknyga.lt\/produktas\/inirsis-romoje\/#primaryimage"},"image":{"@id":"https:\/\/skaitytaknyga.lt\/produktas\/inirsis-romoje\/#primaryimage"},"thumbnailUrl":"https:\/\/skaitytaknyga.lt\/wp-content\/uploads\/2026\/02\/Inirsis-Romoje.webp","datePublished":"2026-02-20T09:27:45+00:00","dateModified":"2026-02-27T07:48:51+00:00","description":"Alvinai Naitli pavyko pasiglem\u017eti gra\u017eios ir i\u0161lepintos sesers Bet\u0117s gyvenim\u0105, bet Alv\u0117 veikiai supranta, kad u\u017e pavogt\u0105 dvyn\u0117s tapatyb\u0119 mok\u0117s didel\u0119","breadcrumb":{"@id":"https:\/\/skaitytaknyga.lt\/produktas\/inirsis-romoje\/#breadcrumb"},"inLanguage":"en-GB","potentialAction":[{"@type":"ReadAction","target":["https:\/\/skaitytaknyga.lt\/produktas\/inirsis-romoje\/"]}]},{"@type":"ImageObject","inLanguage":"en-GB","@id":"https:\/\/skaitytaknyga.lt\/produktas\/inirsis-romoje\/#primaryimage","url":"https:\/\/skaitytaknyga.lt\/wp-content\/uploads\/2026\/02\/Inirsis-Romoje.webp","contentUrl":"https:\/\/skaitytaknyga.lt\/wp-content\/uploads\/2026\/02\/Inirsis-Romoje.webp","width":300,"height":435},{"@type":"BreadcrumbList","@id":"https:\/\/skaitytaknyga.lt\/produktas\/inirsis-romoje\/#breadcrumb","itemListElement":[{"@type":"ListItem","position":1,"name":"Home","item":"https:\/\/skaitytaknyga.lt\/"},{"@type":"ListItem","position":2,"name":"Parduotuv\u0117","item":"https:\/\/skaitytaknyga.lt\/knygu-parduotuve\/"},{"@type":"ListItem","position":3,"name":"\u012enir\u0161is Romoje"}]},{"@type":"WebSite","@id":"https:\/\/skaitytaknyga.lt\/#website","url":"https:\/\/skaitytaknyga.lt\/","name":"skaitytaknyga.lt","description":"Skaitytaknyga.lt \u2013 tai ma\u017eas \u0161eimos verslas, kuris prasid\u0117jo nuo meil\u0117s knygoms ir siekio i\u0161gelb\u0117ti knygas nuo likimo prie konteinerio. Kas vienam nereikalingas daiktas \u2013 kitam lobis, o mes esame tarpininkai, kurie padeda abiems tapti laimingesniems ???? \u017dinome kaip nelengva i\u0161gyventi ma\u017eiems verslams, tad nuo \u0161iol, \u010dia rasite ir kit\u0173, ma\u017e\u0173 \u0161eim\u0173 versl\u0173, rank\u0173 darbo, dovan\u0173 sau ir artimiesiems.","publisher":{"@id":"https:\/\/skaitytaknyga.lt\/#organization"},"potentialAction":[{"@type":"SearchAction","target":{"@type":"EntryPoint","urlTemplate":"https:\/\/skaitytaknyga.lt\/?s={search_term_string}"},"query-input":{"@type":"PropertyValueSpecification","valueRequired":true,"valueName":"search_term_string"}}],"inLanguage":"en-GB"},{"@type":"Organization","@id":"https:\/\/skaitytaknyga.lt\/#organization","name":"skaitytaknyga.lt","url":"https:\/\/skaitytaknyga.lt\/","logo":{"@type":"ImageObject","inLanguage":"en-GB","@id":"https:\/\/skaitytaknyga.lt\/#\/schema\/logo\/image\/","url":"https:\/\/skaitytaknyga.lt\/wp-content\/uploads\/2024\/05\/cropped-cropped-cropped-02_00843_jt3bggkj1j3HLc7SyY6rEUpg.jpeg","contentUrl":"https:\/\/skaitytaknyga.lt\/wp-content\/uploads\/2024\/05\/cropped-cropped-cropped-02_00843_jt3bggkj1j3HLc7SyY6rEUpg.jpeg","width":1600,"height":1600,"caption":"skaitytaknyga.lt"},"image":{"@id":"https:\/\/skaitytaknyga.lt\/#\/schema\/logo\/image\/"},"sameAs":["https:\/\/www.facebook.com\/skaitytaknyga\/"]}]}},"_links":{"self":[{"href":"https:\/\/skaitytaknyga.lt\/en\/wp-json\/wp\/v2\/product\/23102","targetHints":{"allow":["GET"]}}],"collection":[{"href":"https:\/\/skaitytaknyga.lt\/en\/wp-json\/wp\/v2\/product"}],"about":[{"href":"https:\/\/skaitytaknyga.lt\/en\/wp-json\/wp\/v2\/types\/product"}],"replies":[{"embeddable":true,"href":"https:\/\/skaitytaknyga.lt\/en\/wp-json\/wp\/v2\/comments?post=23102"}],"wp:featuredmedia":[{"embeddable":true,"href":"https:\/\/skaitytaknyga.lt\/en\/wp-json\/wp\/v2\/media\/23117"}],"wp:attachment":[{"href":"https:\/\/skaitytaknyga.lt\/en\/wp-json\/wp\/v2\/media?parent=23102"}],"wp:term":[{"taxonomy":"product_brand","embeddable":true,"href":"https:\/\/skaitytaknyga.lt\/en\/wp-json\/wp\/v2\/product_brand?post=23102"},{"taxonomy":"product_cat","embeddable":true,"href":"https:\/\/skaitytaknyga.lt\/en\/wp-json\/wp\/v2\/product_cat?post=23102"},{"taxonomy":"product_tag","embeddable":true,"href":"https:\/\/skaitytaknyga.lt\/en\/wp-json\/wp\/v2\/product_tag?post=23102"}],"curies":[{"name":"wp","href":"https:\/\/api.w.org\/{rel}","templated":true}]}}