{"id":23101,"date":"2026-02-20T11:27:44","date_gmt":"2026-02-20T09:27:44","guid":{"rendered":"https:\/\/skaitytaknyga.lt\/?post_type=product&#038;p=23101"},"modified":"2026-03-05T12:53:40","modified_gmt":"2026-03-05T10:53:40","slug":"dingusi","status":"publish","type":"product","link":"https:\/\/skaitytaknyga.lt\/en\/produktas\/dingusi\/","title":{"rendered":"Dingusi"},"content":{"rendered":"<p>Ar tikrai pa\u017e\u012fsti \u017emog\u0173, su kuriuo gyveni?<\/p>\n<p>Vadinti roman\u0105 \u201eDingusi\u201c psichologiniu trileriu b\u016bt\u0173 per menka. Gillian Flynn a\u0161triu lyg skustuvas \u017eod\u017eiu su nepaprasta psichologine \u012f\u017evalga kuria skubr\u0173, velni\u0161kai tams\u0173 i\u0161moningo siu\u017eeto triler\u012f, gluminant\u012f sulig kiekvienu veiksmo pos\u016bkiu. Tai u\u017eburiantis \u0161edevras apie tragi\u0161kai nenusisekusi\u0105 santuok\u0105, slap\u010diausias ir tamsiausias \u017emogaus sielos kerteles. \u017daibi\u0161kai i\u0161populiar\u0117j\u0119s romanas tapo pasauliniu bestseleriu. Knyga buvo nominuota ne vienam prizui ir apdovanojimui ir daug j\u0173 peln\u0117. \u201eDingusi\u201c pripa\u017einta geriausia 2012 met\u0173 knyga.<\/p>\n<p>\u0160iltas vasaros rytas \u0161iaur\u0117s Mis\u016bryje. Penktosios Niko ir Eim\u0117s vestuvi\u0173 metin\u0117s. Pakuojamos dovanos, laukia romanti\u0161ka \u0161vent\u0117, bet netik\u0117tai i\u0161 nam\u0173 dingsta Niko \u017emona. Vyras atrodo veikiau sutrik\u0119s nei prisl\u0117gtas netekties, nors ir \u017eino, kad yra pagrindinis \u012ftariamasis, o i\u0161 Eim\u0117s dienora\u0161\u010dio paai\u0161k\u0117ja, kad \u0161i lyder\u0117 perfekcionist\u0117 gal\u0117t\u0173 i\u0161vesti i\u0161 pusiausvyros bet k\u0105. Did\u0117jant policijos ir \u017einiasklaidos spaudimui Nikas keistai i\u0161sisukin\u0117ja, kol akivaizd\u017eiai \u012ft\u016b\u017eta \u2013 net dvyn\u0117 jo sesuo akimirk\u0105 suabejoja brolio nekaltumu.<\/p>\n<p>Stipr\u0117jant \u012ftampai ir nerimui atsiskleid\u017eia tikrieji sutuoktini\u0173 jausmai. Ima ver\u017etis nusivylimas ir kart\u0117lis, sl\u0117p\u0117j\u0119 u\u017e laimingos santuokos fasado.<\/p>\n<p>Slopinama neapykanta, nepaai\u0161kinami poelgiai ir pyktis galiausiai virsta vien ne\u012fveikiama kalte, kai norisi dingti pa\u010diam arba pradanginti kit\u0105.<\/p>\n<p>Ar santuoka gali nu\u017eudyti?<\/p>\n","protected":false},"excerpt":{"rendered":"<p>Ar tikrai pa\u017e\u012fsti \u017emog\u0173, su kuriuo gyveni? Vadinti roman\u0105 \u201eDingusi\u201c psichologiniu trileriu b\u016bt\u0173 per menka. Gillian Flynn a\u0161triu lyg skustuvas \u017eod\u017eiu su nepaprasta psichologine \u012f\u017evalga kuria skubr\u0173, velni\u0161kai tams\u0173 i\u0161moningo siu\u017eeto triler\u012f, gluminant\u012f sulig kiekvienu veiksmo pos\u016bkiu. Tai u\u017eburiantis \u0161edevras apie tragi\u0161kai nenusisekusi\u0105 santuok\u0105, slap\u010diausias ir tamsiausias \u017emogaus sielos kerteles. \u017daibi\u0161kai i\u0161populiar\u0117j\u0119s romanas tapo pasauliniu bestseleriu. Knyga buvo nominuota ne vienam prizui ir apdovanojimui ir daug j\u0173 peln\u0117. \u201eDingusi\u201c pripa\u017einta geriausia 2012 met\u0173 knyga. \u0160iltas vasaros rytas \u0161iaur\u0117s Mis\u016bryje. Penktosios Niko ir Eim\u0117s vestuvi\u0173 metin\u0117s. Pakuojamos dovanos, laukia romanti\u0161ka \u0161vent\u0117, bet netik\u0117tai i\u0161 nam\u0173 dingsta Niko \u017emona. Vyras atrodo veikiau sutrik\u0119s nei prisl\u0117gtas netekties, nors ir \u017eino, kad yra pagrindinis \u012ftariamasis, o i\u0161 Eim\u0117s dienora\u0161\u010dio paai\u0161k\u0117ja, kad \u0161i lyder\u0117 perfekcionist\u0117 gal\u0117t\u0173 i\u0161vesti i\u0161 pusiausvyros bet k\u0105. Did\u0117jant policijos ir \u017einiasklaidos spaudimui Nikas keistai i\u0161sisukin\u0117ja, kol akivaizd\u017eiai \u012ft\u016b\u017eta \u2013 net dvyn\u0117 jo sesuo akimirk\u0105 suabejoja brolio nekaltumu. Stipr\u0117jant \u012ftampai ir nerimui atsiskleid\u017eia tikrieji sutuoktini\u0173 jausmai. Ima ver\u017etis nusivylimas ir kart\u0117lis, sl\u0117p\u0117j\u0119 u\u017e laimingos santuokos fasado. Slopinama neapykanta, nepaai\u0161kinami poelgiai ir pyktis galiausiai virsta vien ne\u012fveikiama kalte, kai norisi dingti pa\u010diam arba pradanginti kit\u0105. Ar santuoka gali nu\u017eudyti?<\/p>\n","protected":false},"featured_media":23116,"comment_status":"open","ping_status":"closed","template":"","meta":{"_acf_changed":false,"site-sidebar-layout":"default","site-content-layout":"","ast-site-content-layout":"default","site-content-style":"default","site-sidebar-style":"default","ast-global-header-display":"","ast-banner-title-visibility":"","ast-main-header-display":"","ast-hfb-above-header-display":"","ast-hfb-below-header-display":"","ast-hfb-mobile-header-display":"","site-post-title":"","ast-breadcrumbs-content":"","ast-featured-img":"","footer-sml-layout":"","ast-disable-related-posts":"","theme-transparent-header-meta":"","adv-header-id-meta":"","stick-header-meta":"","header-above-stick-meta":"","header-main-stick-meta":"","header-below-stick-meta":"","astra-migrate-meta-layouts":"default","ast-page-background-enabled":"default","ast-page-background-meta":{"desktop":{"background-color":"","background-image":"","background-repeat":"repeat","background-position":"center center","background-size":"auto","background-attachment":"scroll","background-type":"","background-media":"","overlay-type":"","overlay-color":"","overlay-opacity":"","overlay-gradient":""},"tablet":{"background-color":"","background-image":"","background-repeat":"repeat","background-position":"center center","background-size":"auto","background-attachment":"scroll","background-type":"","background-media":"","overlay-type":"","overlay-color":"","overlay-opacity":"","overlay-gradient":""},"mobile":{"background-color":"","background-image":"","background-repeat":"repeat","background-position":"center center","background-size":"auto","background-attachment":"scroll","background-type":"","background-media":"","overlay-type":"","overlay-color":"","overlay-opacity":"","overlay-gradient":""}},"ast-content-background-meta":{"desktop":{"background-color":"var(--ast-global-color-4)","background-image":"","background-repeat":"repeat","background-position":"center center","background-size":"auto","background-attachment":"scroll","background-type":"","background-media":"","overlay-type":"","overlay-color":"","overlay-opacity":"","overlay-gradient":""},"tablet":{"background-color":"var(--ast-global-color-4)","background-image":"","background-repeat":"repeat","background-position":"center center","background-size":"auto","background-attachment":"scroll","background-type":"","background-media":"","overlay-type":"","overlay-color":"","overlay-opacity":"","overlay-gradient":""},"mobile":{"background-color":"var(--ast-global-color-4)","background-image":"","background-repeat":"repeat","background-position":"center center","background-size":"auto","background-attachment":"scroll","background-type":"","background-media":"","overlay-type":"","overlay-color":"","overlay-opacity":"","overlay-gradient":""}}},"product_brand":[],"product_cat":[9580],"product_tag":[9504],"class_list":{"0":"post-23101","1":"product","2":"type-product","3":"status-publish","4":"has-post-thumbnail","6":"product_cat-psichologiniai-detektyvai","7":"product_tag-gillian-flynn","8":"desktop-align-left","9":"tablet-align-left","10":"mobile-align-left","12":"first","13":"instock","14":"shipping-taxable","15":"purchasable","16":"product-type-simple"},"acf":[],"yoast_head":"<!-- This site is optimized with the Yoast SEO plugin v27.0 - https:\/\/yoast.com\/product\/yoast-seo-wordpress\/ -->\n<title>Dingusi<\/title>\n<meta name=\"description\" content=\"Ar tikrai pa\u017e\u012fsti \u017emog\u0173, su kuriuo gyveni? Vadinti roman\u0105 \u201eDingusi\u201c psichologiniu trileriu b\u016bt\u0173 per menka. Gillian Flynn a\u0161triu lyg skustuvas \u017eod\u017eiu su\" \/>\n<meta name=\"robots\" content=\"index, follow, max-snippet:-1, max-image-preview:large, max-video-preview:-1\" \/>\n<link rel=\"canonical\" href=\"https:\/\/skaitytaknyga.lt\/en\/produktas\/dingusi\/\" \/>\n<meta property=\"og:locale\" content=\"en_GB\" \/>\n<meta property=\"og:locale:alternate\" content=\"lt_LT\" \/>\n<meta property=\"og:type\" content=\"article\" \/>\n<meta property=\"og:title\" content=\"Dingusi\" \/>\n<meta property=\"og:description\" content=\"Ar tikrai pa\u017e\u012fsti \u017emog\u0173, su kuriuo gyveni? Vadinti roman\u0105 \u201eDingusi\u201c psichologiniu trileriu b\u016bt\u0173 per menka. Gillian Flynn a\u0161triu lyg skustuvas \u017eod\u017eiu su\" \/>\n<meta property=\"og:url\" content=\"https:\/\/skaitytaknyga.lt\/en\/produktas\/dingusi\/\" \/>\n<meta property=\"og:site_name\" content=\"Skaitytaknyga\" \/>\n<meta property=\"article:publisher\" content=\"https:\/\/www.facebook.com\/skaitytaknyga\/\" \/>\n<meta property=\"article:modified_time\" content=\"2026-03-05T10:53:40+00:00\" \/>\n<meta property=\"og:image\" content=\"https:\/\/skaitytaknyga.lt\/wp-content\/uploads\/2026\/02\/Dingusi.webp\" \/>\n\t<meta property=\"og:image:width\" content=\"275\" \/>\n\t<meta property=\"og:image:height\" content=\"450\" \/>\n\t<meta property=\"og:image:type\" content=\"image\/webp\" \/>\n<meta name=\"twitter:card\" content=\"summary_large_image\" \/>\n<meta name=\"twitter:label1\" content=\"Estimated reading time\" \/>\n\t<meta name=\"twitter:data1\" content=\"1 minute\" \/>\n<script type=\"application\/ld+json\" class=\"yoast-schema-graph\">{\"@context\":\"https:\/\/schema.org\",\"@graph\":[{\"@type\":\"WebPage\",\"@id\":\"https:\/\/skaitytaknyga.lt\/produktas\/dingusi\/\",\"url\":\"https:\/\/skaitytaknyga.lt\/produktas\/dingusi\/\",\"name\":\"Dingusi\",\"isPartOf\":{\"@id\":\"https:\/\/skaitytaknyga.lt\/#website\"},\"primaryImageOfPage\":{\"@id\":\"https:\/\/skaitytaknyga.lt\/produktas\/dingusi\/#primaryimage\"},\"image\":{\"@id\":\"https:\/\/skaitytaknyga.lt\/produktas\/dingusi\/#primaryimage\"},\"thumbnailUrl\":\"https:\/\/skaitytaknyga.lt\/wp-content\/uploads\/2026\/02\/Dingusi.webp\",\"datePublished\":\"2026-02-20T09:27:44+00:00\",\"dateModified\":\"2026-03-05T10:53:40+00:00\",\"description\":\"Ar tikrai pa\u017e\u012fsti \u017emog\u0173, su kuriuo gyveni? Vadinti roman\u0105 \u201eDingusi\u201c psichologiniu trileriu b\u016bt\u0173 per menka. Gillian Flynn a\u0161triu lyg skustuvas \u017eod\u017eiu su\",\"breadcrumb\":{\"@id\":\"https:\/\/skaitytaknyga.lt\/produktas\/dingusi\/#breadcrumb\"},\"inLanguage\":\"en-GB\",\"potentialAction\":[{\"@type\":\"ReadAction\",\"target\":[\"https:\/\/skaitytaknyga.lt\/produktas\/dingusi\/\"]}]},{\"@type\":\"ImageObject\",\"inLanguage\":\"en-GB\",\"@id\":\"https:\/\/skaitytaknyga.lt\/produktas\/dingusi\/#primaryimage\",\"url\":\"https:\/\/skaitytaknyga.lt\/wp-content\/uploads\/2026\/02\/Dingusi.webp\",\"contentUrl\":\"https:\/\/skaitytaknyga.lt\/wp-content\/uploads\/2026\/02\/Dingusi.webp\",\"width\":275,\"height\":450},{\"@type\":\"BreadcrumbList\",\"@id\":\"https:\/\/skaitytaknyga.lt\/produktas\/dingusi\/#breadcrumb\",\"itemListElement\":[{\"@type\":\"ListItem\",\"position\":1,\"name\":\"Home\",\"item\":\"https:\/\/skaitytaknyga.lt\/\"},{\"@type\":\"ListItem\",\"position\":2,\"name\":\"Parduotuv\u0117\",\"item\":\"https:\/\/skaitytaknyga.lt\/knygu-parduotuve\/\"},{\"@type\":\"ListItem\",\"position\":3,\"name\":\"Dingusi\"}]},{\"@type\":\"WebSite\",\"@id\":\"https:\/\/skaitytaknyga.lt\/#website\",\"url\":\"https:\/\/skaitytaknyga.lt\/\",\"name\":\"skaitytaknyga.lt\",\"description\":\"Skaitytaknyga.lt \u2013 tai ma\u017eas \u0161eimos verslas, kuris prasid\u0117jo nuo meil\u0117s knygoms ir siekio i\u0161gelb\u0117ti knygas nuo likimo prie konteinerio. Kas vienam nereikalingas daiktas \u2013 kitam lobis, o mes esame tarpininkai, kurie padeda abiems tapti laimingesniems ???? \u017dinome kaip nelengva i\u0161gyventi ma\u017eiems verslams, tad nuo \u0161iol, \u010dia rasite ir kit\u0173, ma\u017e\u0173 \u0161eim\u0173 versl\u0173, rank\u0173 darbo, dovan\u0173 sau ir artimiesiems.\",\"publisher\":{\"@id\":\"https:\/\/skaitytaknyga.lt\/#organization\"},\"potentialAction\":[{\"@type\":\"SearchAction\",\"target\":{\"@type\":\"EntryPoint\",\"urlTemplate\":\"https:\/\/skaitytaknyga.lt\/?s={search_term_string}\"},\"query-input\":{\"@type\":\"PropertyValueSpecification\",\"valueRequired\":true,\"valueName\":\"search_term_string\"}}],\"inLanguage\":\"en-GB\"},{\"@type\":\"Organization\",\"@id\":\"https:\/\/skaitytaknyga.lt\/#organization\",\"name\":\"skaitytaknyga.lt\",\"url\":\"https:\/\/skaitytaknyga.lt\/\",\"logo\":{\"@type\":\"ImageObject\",\"inLanguage\":\"en-GB\",\"@id\":\"https:\/\/skaitytaknyga.lt\/#\/schema\/logo\/image\/\",\"url\":\"https:\/\/skaitytaknyga.lt\/wp-content\/uploads\/2024\/05\/cropped-cropped-cropped-02_00843_jt3bggkj1j3HLc7SyY6rEUpg.jpeg\",\"contentUrl\":\"https:\/\/skaitytaknyga.lt\/wp-content\/uploads\/2024\/05\/cropped-cropped-cropped-02_00843_jt3bggkj1j3HLc7SyY6rEUpg.jpeg\",\"width\":1600,\"height\":1600,\"caption\":\"skaitytaknyga.lt\"},\"image\":{\"@id\":\"https:\/\/skaitytaknyga.lt\/#\/schema\/logo\/image\/\"},\"sameAs\":[\"https:\/\/www.facebook.com\/skaitytaknyga\/\"]}]}<\/script>\n<!-- \/ Yoast SEO plugin. -->","yoast_head_json":{"title":"Dingusi","description":"Ar tikrai pa\u017e\u012fsti \u017emog\u0173, su kuriuo gyveni? Vadinti roman\u0105 \u201eDingusi\u201c psichologiniu trileriu b\u016bt\u0173 per menka. Gillian Flynn a\u0161triu lyg skustuvas \u017eod\u017eiu su","robots":{"index":"index","follow":"follow","max-snippet":"max-snippet:-1","max-image-preview":"max-image-preview:large","max-video-preview":"max-video-preview:-1"},"canonical":"https:\/\/skaitytaknyga.lt\/en\/produktas\/dingusi\/","og_locale":"en_GB","og_type":"article","og_title":"[:lt]Dingusi[:] - Skaitytaknyga","og_description":"Ar tikrai pa\u017e\u012fsti \u017emog\u0173, su kuriuo gyveni? Vadinti roman\u0105 \u201eDingusi\u201c psichologiniu trileriu b\u016bt\u0173 per menka. Gillian Flynn a\u0161triu lyg skustuvas \u017eod\u017eiu su","og_url":"https:\/\/skaitytaknyga.lt\/en\/produktas\/dingusi\/","og_site_name":"Skaitytaknyga","article_publisher":"https:\/\/www.facebook.com\/skaitytaknyga\/","article_modified_time":"2026-03-05T10:53:40+00:00","og_image":[{"width":275,"height":450,"url":"https:\/\/skaitytaknyga.lt\/wp-content\/uploads\/2026\/02\/Dingusi.webp","type":"image\/webp"}],"twitter_card":"summary_large_image","twitter_misc":{"Estimated reading time":"1 minute"},"schema":{"@context":"https:\/\/schema.org","@graph":[{"@type":"WebPage","@id":"https:\/\/skaitytaknyga.lt\/produktas\/dingusi\/","url":"https:\/\/skaitytaknyga.lt\/produktas\/dingusi\/","name":"Dingusi","isPartOf":{"@id":"https:\/\/skaitytaknyga.lt\/#website"},"primaryImageOfPage":{"@id":"https:\/\/skaitytaknyga.lt\/produktas\/dingusi\/#primaryimage"},"image":{"@id":"https:\/\/skaitytaknyga.lt\/produktas\/dingusi\/#primaryimage"},"thumbnailUrl":"https:\/\/skaitytaknyga.lt\/wp-content\/uploads\/2026\/02\/Dingusi.webp","datePublished":"2026-02-20T09:27:44+00:00","dateModified":"2026-03-05T10:53:40+00:00","description":"Ar tikrai pa\u017e\u012fsti \u017emog\u0173, su kuriuo gyveni? Vadinti roman\u0105 \u201eDingusi\u201c psichologiniu trileriu b\u016bt\u0173 per menka. Gillian Flynn a\u0161triu lyg skustuvas \u017eod\u017eiu su","breadcrumb":{"@id":"https:\/\/skaitytaknyga.lt\/produktas\/dingusi\/#breadcrumb"},"inLanguage":"en-GB","potentialAction":[{"@type":"ReadAction","target":["https:\/\/skaitytaknyga.lt\/produktas\/dingusi\/"]}]},{"@type":"ImageObject","inLanguage":"en-GB","@id":"https:\/\/skaitytaknyga.lt\/produktas\/dingusi\/#primaryimage","url":"https:\/\/skaitytaknyga.lt\/wp-content\/uploads\/2026\/02\/Dingusi.webp","contentUrl":"https:\/\/skaitytaknyga.lt\/wp-content\/uploads\/2026\/02\/Dingusi.webp","width":275,"height":450},{"@type":"BreadcrumbList","@id":"https:\/\/skaitytaknyga.lt\/produktas\/dingusi\/#breadcrumb","itemListElement":[{"@type":"ListItem","position":1,"name":"Home","item":"https:\/\/skaitytaknyga.lt\/"},{"@type":"ListItem","position":2,"name":"Parduotuv\u0117","item":"https:\/\/skaitytaknyga.lt\/knygu-parduotuve\/"},{"@type":"ListItem","position":3,"name":"Dingusi"}]},{"@type":"WebSite","@id":"https:\/\/skaitytaknyga.lt\/#website","url":"https:\/\/skaitytaknyga.lt\/","name":"skaitytaknyga.lt","description":"Skaitytaknyga.lt \u2013 tai ma\u017eas \u0161eimos verslas, kuris prasid\u0117jo nuo meil\u0117s knygoms ir siekio i\u0161gelb\u0117ti knygas nuo likimo prie konteinerio. Kas vienam nereikalingas daiktas \u2013 kitam lobis, o mes esame tarpininkai, kurie padeda abiems tapti laimingesniems ???? \u017dinome kaip nelengva i\u0161gyventi ma\u017eiems verslams, tad nuo \u0161iol, \u010dia rasite ir kit\u0173, ma\u017e\u0173 \u0161eim\u0173 versl\u0173, rank\u0173 darbo, dovan\u0173 sau ir artimiesiems.","publisher":{"@id":"https:\/\/skaitytaknyga.lt\/#organization"},"potentialAction":[{"@type":"SearchAction","target":{"@type":"EntryPoint","urlTemplate":"https:\/\/skaitytaknyga.lt\/?s={search_term_string}"},"query-input":{"@type":"PropertyValueSpecification","valueRequired":true,"valueName":"search_term_string"}}],"inLanguage":"en-GB"},{"@type":"Organization","@id":"https:\/\/skaitytaknyga.lt\/#organization","name":"skaitytaknyga.lt","url":"https:\/\/skaitytaknyga.lt\/","logo":{"@type":"ImageObject","inLanguage":"en-GB","@id":"https:\/\/skaitytaknyga.lt\/#\/schema\/logo\/image\/","url":"https:\/\/skaitytaknyga.lt\/wp-content\/uploads\/2024\/05\/cropped-cropped-cropped-02_00843_jt3bggkj1j3HLc7SyY6rEUpg.jpeg","contentUrl":"https:\/\/skaitytaknyga.lt\/wp-content\/uploads\/2024\/05\/cropped-cropped-cropped-02_00843_jt3bggkj1j3HLc7SyY6rEUpg.jpeg","width":1600,"height":1600,"caption":"skaitytaknyga.lt"},"image":{"@id":"https:\/\/skaitytaknyga.lt\/#\/schema\/logo\/image\/"},"sameAs":["https:\/\/www.facebook.com\/skaitytaknyga\/"]}]}},"_links":{"self":[{"href":"https:\/\/skaitytaknyga.lt\/en\/wp-json\/wp\/v2\/product\/23101","targetHints":{"allow":["GET"]}}],"collection":[{"href":"https:\/\/skaitytaknyga.lt\/en\/wp-json\/wp\/v2\/product"}],"about":[{"href":"https:\/\/skaitytaknyga.lt\/en\/wp-json\/wp\/v2\/types\/product"}],"replies":[{"embeddable":true,"href":"https:\/\/skaitytaknyga.lt\/en\/wp-json\/wp\/v2\/comments?post=23101"}],"wp:featuredmedia":[{"embeddable":true,"href":"https:\/\/skaitytaknyga.lt\/en\/wp-json\/wp\/v2\/media\/23116"}],"wp:attachment":[{"href":"https:\/\/skaitytaknyga.lt\/en\/wp-json\/wp\/v2\/media?parent=23101"}],"wp:term":[{"taxonomy":"product_brand","embeddable":true,"href":"https:\/\/skaitytaknyga.lt\/en\/wp-json\/wp\/v2\/product_brand?post=23101"},{"taxonomy":"product_cat","embeddable":true,"href":"https:\/\/skaitytaknyga.lt\/en\/wp-json\/wp\/v2\/product_cat?post=23101"},{"taxonomy":"product_tag","embeddable":true,"href":"https:\/\/skaitytaknyga.lt\/en\/wp-json\/wp\/v2\/product_tag?post=23101"}],"curies":[{"name":"wp","href":"https:\/\/api.w.org\/{rel}","templated":true}]}}