{"id":23100,"date":"2026-02-20T11:27:43","date_gmt":"2026-02-20T09:27:43","guid":{"rendered":"https:\/\/skaitytaknyga.lt\/?post_type=product&#038;p=23100"},"modified":"2026-03-05T12:53:51","modified_gmt":"2026-03-05T10:53:51","slug":"zinau-kas-tu-esi","status":"publish","type":"product","link":"https:\/\/skaitytaknyga.lt\/en\/produktas\/zinau-kas-tu-esi\/","title":{"rendered":"\u017dinau, kas tu esi"},"content":{"rendered":"<p>Knyga lietuvi\u0161kai i\u0161leista tuo pat metu, kaip ir originalas!<\/p>\n<p>Nauja THE NEW YORK TIMES bestselerio \u201eKartais a\u0161 meluoju&#8221; autor\u0117s knyga<\/p>\n<p>&#8212;<br \/>\nSusipa\u017einkite \u2013 Eim\u0117 Sinkler, aktor\u0117. Visiems atrodo, kad j\u0105 pa\u017e\u012fsta, tik niekas neprisimena i\u0161 kur.<br \/>\nI\u0161skyrus vien\u0105 \u017emog\u0173.<br \/>\nJis pa\u017e\u012fsta Eim\u0119 labai gerai.<br \/>\nJis \u017eino, kas ji yra i\u0161 tikr\u0173j\u0173 ir k\u0105 padar\u0117 kadaise.<\/p>\n<p>Eim\u0117 gr\u012f\u017eta namo ir supranta, kad jos vyras dingo. Jeigu b\u016bt\u0173 ding\u0119s d\u0117l jos kalt\u0117s, juk prisimint\u0173? Bet Eim\u0117 neprisimena. Kriminalistai mano, kad ji ka\u017ek\u0105 slepia, ir yra teis\u016bs. Eim\u0117 tikrai turi tamsi\u0173 paslap\u010di\u0173. Ir atrodo, kad ka\u017ekas jas \u017eino. Ka\u017ekas i\u0161 jos praeities&#8230;<br \/>\nAr pavyks Eimei i\u0161saugoti sveik\u0105 prot\u0105, aktor\u0117s karjer\u0105 ir tapatyb\u0119, kuri\u0105 taip sunkiai susik\u016br\u0117?<\/p>\n<p>I\u0161radingai supintas psichologinis trileris, kuriame u\u017e kiekvienos atskleistos paslapties slepiasi kita.<\/p>\n","protected":false},"excerpt":{"rendered":"<p>Knyga lietuvi\u0161kai i\u0161leista tuo pat metu, kaip ir originalas! Nauja THE NEW YORK TIMES bestselerio \u201eKartais a\u0161 meluoju&#8221; autor\u0117s knyga &#8212; Susipa\u017einkite \u2013 Eim\u0117 Sinkler, aktor\u0117. Visiems atrodo, kad j\u0105 pa\u017e\u012fsta, tik niekas neprisimena i\u0161 kur. I\u0161skyrus vien\u0105 \u017emog\u0173. Jis pa\u017e\u012fsta Eim\u0119 labai gerai. Jis \u017eino, kas ji yra i\u0161 tikr\u0173j\u0173 ir k\u0105 padar\u0117 kadaise. Eim\u0117 gr\u012f\u017eta namo ir supranta, kad jos vyras dingo. Jeigu b\u016bt\u0173 ding\u0119s d\u0117l jos kalt\u0117s, juk prisimint\u0173? Bet Eim\u0117 neprisimena. Kriminalistai mano, kad ji ka\u017ek\u0105 slepia, ir yra teis\u016bs. Eim\u0117 tikrai turi tamsi\u0173 paslap\u010di\u0173. Ir atrodo, kad ka\u017ekas jas \u017eino. Ka\u017ekas i\u0161 jos praeities&#8230; Ar pavyks Eimei i\u0161saugoti sveik\u0105 prot\u0105, aktor\u0117s karjer\u0105 ir tapatyb\u0119, kuri\u0105 taip sunkiai susik\u016br\u0117? I\u0161radingai supintas psichologinis trileris, kuriame u\u017e kiekvienos atskleistos paslapties slepiasi kita.<\/p>\n","protected":false},"featured_media":23115,"comment_status":"open","ping_status":"closed","template":"","meta":{"_acf_changed":false,"site-sidebar-layout":"default","site-content-layout":"","ast-site-content-layout":"default","site-content-style":"default","site-sidebar-style":"default","ast-global-header-display":"","ast-banner-title-visibility":"","ast-main-header-display":"","ast-hfb-above-header-display":"","ast-hfb-below-header-display":"","ast-hfb-mobile-header-display":"","site-post-title":"","ast-breadcrumbs-content":"","ast-featured-img":"","footer-sml-layout":"","ast-disable-related-posts":"","theme-transparent-header-meta":"","adv-header-id-meta":"","stick-header-meta":"","header-above-stick-meta":"","header-main-stick-meta":"","header-below-stick-meta":"","astra-migrate-meta-layouts":"default","ast-page-background-enabled":"default","ast-page-background-meta":{"desktop":{"background-color":"","background-image":"","background-repeat":"repeat","background-position":"center center","background-size":"auto","background-attachment":"scroll","background-type":"","background-media":"","overlay-type":"","overlay-color":"","overlay-opacity":"","overlay-gradient":""},"tablet":{"background-color":"","background-image":"","background-repeat":"repeat","background-position":"center center","background-size":"auto","background-attachment":"scroll","background-type":"","background-media":"","overlay-type":"","overlay-color":"","overlay-opacity":"","overlay-gradient":""},"mobile":{"background-color":"","background-image":"","background-repeat":"repeat","background-position":"center center","background-size":"auto","background-attachment":"scroll","background-type":"","background-media":"","overlay-type":"","overlay-color":"","overlay-opacity":"","overlay-gradient":""}},"ast-content-background-meta":{"desktop":{"background-color":"var(--ast-global-color-4)","background-image":"","background-repeat":"repeat","background-position":"center center","background-size":"auto","background-attachment":"scroll","background-type":"","background-media":"","overlay-type":"","overlay-color":"","overlay-opacity":"","overlay-gradient":""},"tablet":{"background-color":"var(--ast-global-color-4)","background-image":"","background-repeat":"repeat","background-position":"center center","background-size":"auto","background-attachment":"scroll","background-type":"","background-media":"","overlay-type":"","overlay-color":"","overlay-opacity":"","overlay-gradient":""},"mobile":{"background-color":"var(--ast-global-color-4)","background-image":"","background-repeat":"repeat","background-position":"center center","background-size":"auto","background-attachment":"scroll","background-type":"","background-media":"","overlay-type":"","overlay-color":"","overlay-opacity":"","overlay-gradient":""}}},"product_brand":[],"product_cat":[9580],"product_tag":[9502],"class_list":{"0":"post-23100","1":"product","2":"type-product","3":"status-publish","4":"has-post-thumbnail","6":"product_cat-psichologiniai-detektyvai","7":"product_tag-alice-feeney","8":"desktop-align-left","9":"tablet-align-left","10":"mobile-align-left","12":"first","13":"instock","14":"shipping-taxable","15":"purchasable","16":"product-type-simple"},"acf":[],"yoast_head":"<!-- This site is optimized with the Yoast SEO plugin v27.0 - https:\/\/yoast.com\/product\/yoast-seo-wordpress\/ -->\n<title>\u017dinau, kas tu esi<\/title>\n<meta name=\"description\" content=\"Knyga lietuvi\u0161kai i\u0161leista tuo pat metu, kaip ir originalas! Nauja THE NEW YORK TIMES bestselerio \u201eKartais a\u0161 meluoju&quot; autor\u0117s knyga --- Susipa\u017einkite \u2013\" \/>\n<meta name=\"robots\" content=\"index, follow, max-snippet:-1, max-image-preview:large, max-video-preview:-1\" \/>\n<link rel=\"canonical\" href=\"https:\/\/skaitytaknyga.lt\/en\/produktas\/zinau-kas-tu-esi\/\" \/>\n<meta property=\"og:locale\" content=\"en_GB\" \/>\n<meta property=\"og:locale:alternate\" content=\"lt_LT\" \/>\n<meta property=\"og:type\" content=\"article\" \/>\n<meta property=\"og:title\" content=\"\u017dinau, kas tu esi\" \/>\n<meta property=\"og:description\" content=\"Knyga lietuvi\u0161kai i\u0161leista tuo pat metu, kaip ir originalas! Nauja THE NEW YORK TIMES bestselerio \u201eKartais a\u0161 meluoju&quot; autor\u0117s knyga --- Susipa\u017einkite \u2013\" \/>\n<meta property=\"og:url\" content=\"https:\/\/skaitytaknyga.lt\/en\/produktas\/zinau-kas-tu-esi\/\" \/>\n<meta property=\"og:site_name\" content=\"Skaitytaknyga\" \/>\n<meta property=\"article:publisher\" content=\"https:\/\/www.facebook.com\/skaitytaknyga\/\" \/>\n<meta property=\"article:modified_time\" content=\"2026-03-05T10:53:51+00:00\" \/>\n<meta property=\"og:image\" content=\"https:\/\/skaitytaknyga.lt\/wp-content\/uploads\/2026\/02\/Zinau-kas-tu-esi-1.webp\" \/>\n\t<meta property=\"og:image:width\" content=\"300\" \/>\n\t<meta property=\"og:image:height\" content=\"447\" \/>\n\t<meta property=\"og:image:type\" content=\"image\/webp\" \/>\n<meta name=\"twitter:card\" content=\"summary_large_image\" \/>\n<meta name=\"twitter:label1\" content=\"Estimated reading time\" \/>\n\t<meta name=\"twitter:data1\" content=\"1 minute\" \/>\n<script type=\"application\/ld+json\" class=\"yoast-schema-graph\">{\"@context\":\"https:\/\/schema.org\",\"@graph\":[{\"@type\":\"WebPage\",\"@id\":\"https:\/\/skaitytaknyga.lt\/produktas\/zinau-kas-tu-esi\/\",\"url\":\"https:\/\/skaitytaknyga.lt\/produktas\/zinau-kas-tu-esi\/\",\"name\":\"\u017dinau, kas tu esi\",\"isPartOf\":{\"@id\":\"https:\/\/skaitytaknyga.lt\/#website\"},\"primaryImageOfPage\":{\"@id\":\"https:\/\/skaitytaknyga.lt\/produktas\/zinau-kas-tu-esi\/#primaryimage\"},\"image\":{\"@id\":\"https:\/\/skaitytaknyga.lt\/produktas\/zinau-kas-tu-esi\/#primaryimage\"},\"thumbnailUrl\":\"https:\/\/skaitytaknyga.lt\/wp-content\/uploads\/2026\/02\/Zinau-kas-tu-esi-1.webp\",\"datePublished\":\"2026-02-20T09:27:43+00:00\",\"dateModified\":\"2026-03-05T10:53:51+00:00\",\"description\":\"Knyga lietuvi\u0161kai i\u0161leista tuo pat metu, kaip ir originalas! Nauja THE NEW YORK TIMES bestselerio \u201eKartais a\u0161 meluoju\\\" autor\u0117s knyga --- Susipa\u017einkite \u2013\",\"breadcrumb\":{\"@id\":\"https:\/\/skaitytaknyga.lt\/produktas\/zinau-kas-tu-esi\/#breadcrumb\"},\"inLanguage\":\"en-GB\",\"potentialAction\":[{\"@type\":\"ReadAction\",\"target\":[\"https:\/\/skaitytaknyga.lt\/produktas\/zinau-kas-tu-esi\/\"]}]},{\"@type\":\"ImageObject\",\"inLanguage\":\"en-GB\",\"@id\":\"https:\/\/skaitytaknyga.lt\/produktas\/zinau-kas-tu-esi\/#primaryimage\",\"url\":\"https:\/\/skaitytaknyga.lt\/wp-content\/uploads\/2026\/02\/Zinau-kas-tu-esi-1.webp\",\"contentUrl\":\"https:\/\/skaitytaknyga.lt\/wp-content\/uploads\/2026\/02\/Zinau-kas-tu-esi-1.webp\",\"width\":300,\"height\":447,\"caption\":\"\u017dinau, kas tu esi\"},{\"@type\":\"BreadcrumbList\",\"@id\":\"https:\/\/skaitytaknyga.lt\/produktas\/zinau-kas-tu-esi\/#breadcrumb\",\"itemListElement\":[{\"@type\":\"ListItem\",\"position\":1,\"name\":\"Home\",\"item\":\"https:\/\/skaitytaknyga.lt\/\"},{\"@type\":\"ListItem\",\"position\":2,\"name\":\"Parduotuv\u0117\",\"item\":\"https:\/\/skaitytaknyga.lt\/knygu-parduotuve\/\"},{\"@type\":\"ListItem\",\"position\":3,\"name\":\"\u017dinau, kas tu esi\"}]},{\"@type\":\"WebSite\",\"@id\":\"https:\/\/skaitytaknyga.lt\/#website\",\"url\":\"https:\/\/skaitytaknyga.lt\/\",\"name\":\"skaitytaknyga.lt\",\"description\":\"Skaitytaknyga.lt \u2013 tai ma\u017eas \u0161eimos verslas, kuris prasid\u0117jo nuo meil\u0117s knygoms ir siekio i\u0161gelb\u0117ti knygas nuo likimo prie konteinerio. Kas vienam nereikalingas daiktas \u2013 kitam lobis, o mes esame tarpininkai, kurie padeda abiems tapti laimingesniems ???? \u017dinome kaip nelengva i\u0161gyventi ma\u017eiems verslams, tad nuo \u0161iol, \u010dia rasite ir kit\u0173, ma\u017e\u0173 \u0161eim\u0173 versl\u0173, rank\u0173 darbo, dovan\u0173 sau ir artimiesiems.\",\"publisher\":{\"@id\":\"https:\/\/skaitytaknyga.lt\/#organization\"},\"potentialAction\":[{\"@type\":\"SearchAction\",\"target\":{\"@type\":\"EntryPoint\",\"urlTemplate\":\"https:\/\/skaitytaknyga.lt\/?s={search_term_string}\"},\"query-input\":{\"@type\":\"PropertyValueSpecification\",\"valueRequired\":true,\"valueName\":\"search_term_string\"}}],\"inLanguage\":\"en-GB\"},{\"@type\":\"Organization\",\"@id\":\"https:\/\/skaitytaknyga.lt\/#organization\",\"name\":\"skaitytaknyga.lt\",\"url\":\"https:\/\/skaitytaknyga.lt\/\",\"logo\":{\"@type\":\"ImageObject\",\"inLanguage\":\"en-GB\",\"@id\":\"https:\/\/skaitytaknyga.lt\/#\/schema\/logo\/image\/\",\"url\":\"https:\/\/skaitytaknyga.lt\/wp-content\/uploads\/2024\/05\/cropped-cropped-cropped-02_00843_jt3bggkj1j3HLc7SyY6rEUpg.jpeg\",\"contentUrl\":\"https:\/\/skaitytaknyga.lt\/wp-content\/uploads\/2024\/05\/cropped-cropped-cropped-02_00843_jt3bggkj1j3HLc7SyY6rEUpg.jpeg\",\"width\":1600,\"height\":1600,\"caption\":\"skaitytaknyga.lt\"},\"image\":{\"@id\":\"https:\/\/skaitytaknyga.lt\/#\/schema\/logo\/image\/\"},\"sameAs\":[\"https:\/\/www.facebook.com\/skaitytaknyga\/\"]}]}<\/script>\n<!-- \/ Yoast SEO plugin. -->","yoast_head_json":{"title":"\u017dinau, kas tu esi","description":"Knyga lietuvi\u0161kai i\u0161leista tuo pat metu, kaip ir originalas! Nauja THE NEW YORK TIMES bestselerio \u201eKartais a\u0161 meluoju\" autor\u0117s knyga --- Susipa\u017einkite \u2013","robots":{"index":"index","follow":"follow","max-snippet":"max-snippet:-1","max-image-preview":"max-image-preview:large","max-video-preview":"max-video-preview:-1"},"canonical":"https:\/\/skaitytaknyga.lt\/en\/produktas\/zinau-kas-tu-esi\/","og_locale":"en_GB","og_type":"article","og_title":"[:lt]\u017dinau, kas tu esi[:] - Skaitytaknyga","og_description":"Knyga lietuvi\u0161kai i\u0161leista tuo pat metu, kaip ir originalas! Nauja THE NEW YORK TIMES bestselerio \u201eKartais a\u0161 meluoju\" autor\u0117s knyga --- Susipa\u017einkite \u2013","og_url":"https:\/\/skaitytaknyga.lt\/en\/produktas\/zinau-kas-tu-esi\/","og_site_name":"Skaitytaknyga","article_publisher":"https:\/\/www.facebook.com\/skaitytaknyga\/","article_modified_time":"2026-03-05T10:53:51+00:00","og_image":[{"width":300,"height":447,"url":"https:\/\/skaitytaknyga.lt\/wp-content\/uploads\/2026\/02\/Zinau-kas-tu-esi-1.webp","type":"image\/webp"}],"twitter_card":"summary_large_image","twitter_misc":{"Estimated reading time":"1 minute"},"schema":{"@context":"https:\/\/schema.org","@graph":[{"@type":"WebPage","@id":"https:\/\/skaitytaknyga.lt\/produktas\/zinau-kas-tu-esi\/","url":"https:\/\/skaitytaknyga.lt\/produktas\/zinau-kas-tu-esi\/","name":"\u017dinau, kas tu esi","isPartOf":{"@id":"https:\/\/skaitytaknyga.lt\/#website"},"primaryImageOfPage":{"@id":"https:\/\/skaitytaknyga.lt\/produktas\/zinau-kas-tu-esi\/#primaryimage"},"image":{"@id":"https:\/\/skaitytaknyga.lt\/produktas\/zinau-kas-tu-esi\/#primaryimage"},"thumbnailUrl":"https:\/\/skaitytaknyga.lt\/wp-content\/uploads\/2026\/02\/Zinau-kas-tu-esi-1.webp","datePublished":"2026-02-20T09:27:43+00:00","dateModified":"2026-03-05T10:53:51+00:00","description":"Knyga lietuvi\u0161kai i\u0161leista tuo pat metu, kaip ir originalas! Nauja THE NEW YORK TIMES bestselerio \u201eKartais a\u0161 meluoju\" autor\u0117s knyga --- Susipa\u017einkite \u2013","breadcrumb":{"@id":"https:\/\/skaitytaknyga.lt\/produktas\/zinau-kas-tu-esi\/#breadcrumb"},"inLanguage":"en-GB","potentialAction":[{"@type":"ReadAction","target":["https:\/\/skaitytaknyga.lt\/produktas\/zinau-kas-tu-esi\/"]}]},{"@type":"ImageObject","inLanguage":"en-GB","@id":"https:\/\/skaitytaknyga.lt\/produktas\/zinau-kas-tu-esi\/#primaryimage","url":"https:\/\/skaitytaknyga.lt\/wp-content\/uploads\/2026\/02\/Zinau-kas-tu-esi-1.webp","contentUrl":"https:\/\/skaitytaknyga.lt\/wp-content\/uploads\/2026\/02\/Zinau-kas-tu-esi-1.webp","width":300,"height":447,"caption":"\u017dinau, kas tu esi"},{"@type":"BreadcrumbList","@id":"https:\/\/skaitytaknyga.lt\/produktas\/zinau-kas-tu-esi\/#breadcrumb","itemListElement":[{"@type":"ListItem","position":1,"name":"Home","item":"https:\/\/skaitytaknyga.lt\/"},{"@type":"ListItem","position":2,"name":"Parduotuv\u0117","item":"https:\/\/skaitytaknyga.lt\/knygu-parduotuve\/"},{"@type":"ListItem","position":3,"name":"\u017dinau, kas tu esi"}]},{"@type":"WebSite","@id":"https:\/\/skaitytaknyga.lt\/#website","url":"https:\/\/skaitytaknyga.lt\/","name":"skaitytaknyga.lt","description":"Skaitytaknyga.lt \u2013 tai ma\u017eas \u0161eimos verslas, kuris prasid\u0117jo nuo meil\u0117s knygoms ir siekio i\u0161gelb\u0117ti knygas nuo likimo prie konteinerio. Kas vienam nereikalingas daiktas \u2013 kitam lobis, o mes esame tarpininkai, kurie padeda abiems tapti laimingesniems ???? \u017dinome kaip nelengva i\u0161gyventi ma\u017eiems verslams, tad nuo \u0161iol, \u010dia rasite ir kit\u0173, ma\u017e\u0173 \u0161eim\u0173 versl\u0173, rank\u0173 darbo, dovan\u0173 sau ir artimiesiems.","publisher":{"@id":"https:\/\/skaitytaknyga.lt\/#organization"},"potentialAction":[{"@type":"SearchAction","target":{"@type":"EntryPoint","urlTemplate":"https:\/\/skaitytaknyga.lt\/?s={search_term_string}"},"query-input":{"@type":"PropertyValueSpecification","valueRequired":true,"valueName":"search_term_string"}}],"inLanguage":"en-GB"},{"@type":"Organization","@id":"https:\/\/skaitytaknyga.lt\/#organization","name":"skaitytaknyga.lt","url":"https:\/\/skaitytaknyga.lt\/","logo":{"@type":"ImageObject","inLanguage":"en-GB","@id":"https:\/\/skaitytaknyga.lt\/#\/schema\/logo\/image\/","url":"https:\/\/skaitytaknyga.lt\/wp-content\/uploads\/2024\/05\/cropped-cropped-cropped-02_00843_jt3bggkj1j3HLc7SyY6rEUpg.jpeg","contentUrl":"https:\/\/skaitytaknyga.lt\/wp-content\/uploads\/2024\/05\/cropped-cropped-cropped-02_00843_jt3bggkj1j3HLc7SyY6rEUpg.jpeg","width":1600,"height":1600,"caption":"skaitytaknyga.lt"},"image":{"@id":"https:\/\/skaitytaknyga.lt\/#\/schema\/logo\/image\/"},"sameAs":["https:\/\/www.facebook.com\/skaitytaknyga\/"]}]}},"_links":{"self":[{"href":"https:\/\/skaitytaknyga.lt\/en\/wp-json\/wp\/v2\/product\/23100","targetHints":{"allow":["GET"]}}],"collection":[{"href":"https:\/\/skaitytaknyga.lt\/en\/wp-json\/wp\/v2\/product"}],"about":[{"href":"https:\/\/skaitytaknyga.lt\/en\/wp-json\/wp\/v2\/types\/product"}],"replies":[{"embeddable":true,"href":"https:\/\/skaitytaknyga.lt\/en\/wp-json\/wp\/v2\/comments?post=23100"}],"wp:featuredmedia":[{"embeddable":true,"href":"https:\/\/skaitytaknyga.lt\/en\/wp-json\/wp\/v2\/media\/23115"}],"wp:attachment":[{"href":"https:\/\/skaitytaknyga.lt\/en\/wp-json\/wp\/v2\/media?parent=23100"}],"wp:term":[{"taxonomy":"product_brand","embeddable":true,"href":"https:\/\/skaitytaknyga.lt\/en\/wp-json\/wp\/v2\/product_brand?post=23100"},{"taxonomy":"product_cat","embeddable":true,"href":"https:\/\/skaitytaknyga.lt\/en\/wp-json\/wp\/v2\/product_cat?post=23100"},{"taxonomy":"product_tag","embeddable":true,"href":"https:\/\/skaitytaknyga.lt\/en\/wp-json\/wp\/v2\/product_tag?post=23100"}],"curies":[{"name":"wp","href":"https:\/\/api.w.org\/{rel}","templated":true}]}}